{"id":807,"date":"2024-10-24T13:21:47","date_gmt":"2024-10-24T13:21:47","guid":{"rendered":"https:\/\/alfakherwelt.de\/?post_type=product&#038;p=807"},"modified":"2025-03-18T08:51:33","modified_gmt":"2025-03-18T08:51:33","slug":"ai-fakher-crown-bar-15000-pufuri-tigara-electronica-de-unica-folosinta-gheata","status":"publish","type":"product","link":"https:\/\/alfakherwelt.de\/ro\/produs\/ai-fakher-crown-bar-15000-pufuri-tigara-electronica-de-unica-folosinta-gheata\/","title":{"rendered":"AI Fakher Crown Bar 15000 de trageri \u021bigar\u0103 electronic\u0103 de unic\u0103 folosin\u021b\u0103 - Berry Ice"},"content":{"rendered":"<h3><img loading=\"lazy\" decoding=\"async\" class=\"alignnone size-full wp-image-809\" src=\"https:\/\/alfakherwelt.de\/wp-content\/uploads\/2024\/10\/2AI-Fakher-Crown-Bar-15000.webp\" alt=\"AI Fakher Crown Bar 15000 de trageri \u021aigaret\u0103 electronic\u0103 de unic\u0103 folosin\u021b\u0103 - Berry Ice\" width=\"1920\" height=\"1080\" title=\"\" srcset=\"https:\/\/alfakherwelt.de\/wp-content\/uploads\/2024\/10\/2AI-Fakher-Crown-Bar-15000.webp 1920w, https:\/\/alfakherwelt.de\/wp-content\/uploads\/2024\/10\/2AI-Fakher-Crown-Bar-15000-300x169.webp 300w, https:\/\/alfakherwelt.de\/wp-content\/uploads\/2024\/10\/2AI-Fakher-Crown-Bar-15000-1024x576.webp 1024w, https:\/\/alfakherwelt.de\/wp-content\/uploads\/2024\/10\/2AI-Fakher-Crown-Bar-15000-768x432.webp 768w, https:\/\/alfakherwelt.de\/wp-content\/uploads\/2024\/10\/2AI-Fakher-Crown-Bar-15000-1536x864.webp 1536w, https:\/\/alfakherwelt.de\/wp-content\/uploads\/2024\/10\/2AI-Fakher-Crown-Bar-15000-600x338.webp 600w\" sizes=\"auto, (max-width: 1920px) 100vw, 1920px\" \/><\/h3>\n<h3><a href=\"https:\/\/alfakherwelt.de\/ro\/categorie-de-produse\/ai-fakher-crown-bar-15000\/\">Al Fakher Crown Bar 15000 PRO<\/a>: The ultimate disposable e-cigarette for Germany<\/h3>\n<p>Die <strong>Al Fakher Crown Bar 15000 PRO<\/strong> este cea mai recent\u0103 inova\u021bie \u00een lumea <strong>E-Zigarete de unic\u0103 folosin\u021b\u0103<\/strong>Cu 15.000 de trageri impresionante, un display LED avansat \u0219i o <strong>Baterie re\u00eenc\u0103rcabil\u0103 de 600mAh cu USB-C<\/strong>, ofer\u0103 solu\u021bia perfect\u0103 pentru iubitorii de vape din Germania. Aceast\u0103 \u021bigar\u0103 electronic\u0103 combin\u0103 designul modern, tehnologia \u0219i m\u0103rcile cunoscute <strong>Al Fakher Aromen<\/strong> \u00centr-un dispozitiv compact. Fie pentru \u00eencep\u0103torii, fie pentru vaperii experimenta\u021bi - acest dispozitiv ofer\u0103 o experien\u021b\u0103 unic\u0103.<\/p>\n<hr \/>\n<h3>Descrierea produsului<\/h3>\n<p>Die <a href=\"https:\/\/alfakherwelt.de\/ro\/categorie-de-produse\/ai-fakher-crown-bar-15000\/\"><strong>Al Fakher Crown Bar 15000 PRO<\/strong><\/a> este una dintre cele mai puternice <strong>E-Zigarete de unic\u0103 folosin\u021b\u0103<\/strong> pe pia\u021b\u0103. Echipat cu o umplere impresionant\u0103 de 22ml de e-lichid de \u00eenalt\u0103 calitate \u0219i o baterie de 600mAh <strong>Baterie re\u00eenc\u0103rcabil\u0103 USB-C<\/strong>permi\u021b\u00e2nd acestui dispozitiv p\u00e2n\u0103 la <strong>15.000 trenuri<\/strong>Datorit\u0103 afi\u0219ajului LED \u00eencorporat, utilizatorii au \u00eentotdeauna o imagine de ansamblu asupra acestuia <strong>E-Liquid-Stand<\/strong> \u0219i pe <strong>Starea bateriei<\/strong>Designul elegant \u0219i ergonomic cu sigla \u00eencorporat\u0103 face ca acest dispozitiv s\u0103 fie cu adev\u0103rat remarcabil.<\/p>\n<p>Aceasta <strong>E-Zigarette de unic\u0103 folosin\u021b\u0103<\/strong> este deosebit de potrivit pentru cei care acord\u0103 valoare <strong>mare formare de nori<\/strong>, utilizare \u00eendelungat\u0103 \u0219i o manipulare u\u0219oar\u0103. Un alt avantaj este cel mare <strong>Varian\u021b\u0103 de arome<\/strong>care Al Fakher din tradi\u021biile sale <strong>Aromuri de tutun pentru narghilea<\/strong> a preluat-o \u0219i acum o adapteaz\u0103 perfect la <strong>Vaping<\/strong> abstabilit.<\/p>\n<hr \/>\n<h3>Detalii tehnice \u0219i caracteristici speciale<\/h3>\n<ul>\n<li><strong>Num\u0103r de puf\u0103turi<\/strong>: Peste 15.000 de trenuri<\/li>\n<li><strong>Con\u021binut<\/strong>: 22ml E-Liquid<\/li>\n<li><strong>Con\u021binut de nicotin\u0103<\/strong>: 5% (50mg)<\/li>\n<li><strong>Capacitatea bateriei<\/strong>Baterie re\u00eenc\u0103rcabil\u0103 de 600mAh cu USB-C<\/li>\n<li><strong>Timp de \u00eenc\u0103rcare<\/strong>: Conector USB-C pentru \u00eenc\u0103rcare rapid\u0103 (cablul nu este inclus)<\/li>\n<li><strong>Afi\u0219aj LED<\/strong>: Afi\u0219area nivelului de e-lichid \u0219i a statutului bateriei<\/li>\n<li><strong>Design<\/strong>: Ergonomic cu logo \u00eencorporat<\/li>\n<li><strong>Compatibilitate<\/strong>Perfect pentru deplas\u0103ri \u0219i utilizare zilnic\u0103<\/li>\n<li><strong>particularitate<\/strong>Durabilitate datorit\u0103 num\u0103rului mare de c\u0103l\u0103torii<\/li>\n<\/ul>\n<p>Aceste detalii fac <strong>Crown Bar 15000 PRO<\/strong> alegerea optim\u0103 pentru to\u021bi cei care au nevoie de un produs de \u00eencredere \u0219i puternic <strong>Dispozitiv de vaporizare<\/strong> caut\u0103<\/p>\n<hr \/>\n<h3>Diversitatea gusturilor - Mai mult dec\u00e2t o pl\u0103cere<\/h3>\n<p>Al Fakher este cunoscut pentru savoarea sa distinctiv\u0103 <strong>Aromele<\/strong>care au o lung\u0103 tradi\u021bie \u00een domeniul shisha. Aceast\u0103 expertiz\u0103 a fost acum extins\u0103 \u0219i \u00een lumea <strong>Vape-uri de unic\u0103 folosin\u021b\u0103<\/strong> pentru a deveni unul dintre cele mai bune <strong>Experien\u021b\u0103 cu aburi<\/strong> a garanta. The <strong>Crown Bar 15000 PRO<\/strong> Ofer\u0103 o gam\u0103 larg\u0103 de arome delicioase, toate atent dezvoltate pentru a oferi o arom\u0103 autentic\u0103 \u0219i intens\u0103. O arom\u0103 deosebit de popular\u0103 este <strong>Berry Ice<\/strong>.<\/p>\n<h4><strong>Berry Ice<\/strong>Fruchtiger Genuss mit einem eiskalten Kick \n\nbecomes \n\n: Gustare fructat\u0103 cu o lovitur\u0103 rece ca ghea\u021ba<\/h4>\n<p>Das <strong>Berry Ice<\/strong> Mirosul <strong>Al Fakher Crown Bar 15000 PRO<\/strong> combin\u0103 gustul intens al fructelor de p\u0103dure dulci cu o r\u0103coare r\u0103coritoare. Deja de la prima inhalare se dezvolt\u0103 \u00een plenitudine <strong>Gust de maz\u0103re<\/strong>care aminte\u0219te de fructe mature \u0219i suculente. Este un amestec armonios de diferite soiuri de fructe de p\u0103dure, care se remarc\u0103 prin dulcea\u021ba lor, dar ofer\u0103 \u00een acela\u0219i timp o aciditate natural\u0103 care asigur\u0103 varietate.<\/p>\n<p>Componenta fructat\u0103 este realizat\u0103 printr-o \n(subtil\u0103) <strong>Not\u0103 de zece<\/strong> completeaz\u0103, oferind fiec\u0103rui tren o prospe\u021bime pl\u0103cut\u0103. Acest efect de r\u0103cire face ca <strong>Berry Ice Aroma<\/strong> O alegere perfect\u0103 pentru zilele calde de var\u0103 sau pentru momentele \u00een care ai nevoie de un impuls fresh \u0219i revigorant. Aromele r\u0103m\u00e2n constante pe toat\u0103 durata celor 15.000 de pufuri \u0219i nu \u00ee\u0219i pierd intensitatea nici dup\u0103 o perioad\u0103 lung\u0103 de utilizare.<\/p>\n<p>Fiecare arom\u0103 a <strong>Crown Bar 15000 PRO<\/strong> a fost conceput pentru a fi potrivit at\u00e2t pentru \u00eencep\u0103torii c\u00e2t \u0219i pentru vapoarele experimentate. Aromele sunt pline, intense \u0219i ofer\u0103 o experien\u021b\u0103 complet satisf\u0103c\u0103toare.<\/p>\n<hr \/>\n<h3>De ce <a href=\"https:\/\/alfakherwelt.de\/ro\/categorie-de-produse\/ai-fakher-crown-bar-15000\/\">Al Fakher Crown Bar 15000 PRO<\/a> cea mai bun\u0103 alegere este<\/h3>\n<ol>\n<li><strong>Durabilitate<\/strong>: Cu <strong>15.000 de trenuri<\/strong> Acest dispozitiv dureaz\u0103 semnificativ mai mult dec\u00e2t multe altele <strong>E-Zigarete de unic\u0103 folosin\u021b\u0103<\/strong> pe pia\u021b\u0103.<\/li>\n<li><strong>Varian\u021b\u0103 de arome<\/strong>: Gama de arome, cum ar fi <strong>Berry Ice<\/strong>ofer\u0103 experien\u021ba potrivit\u0103 pentru fiecare gust.<\/li>\n<li><strong>Confort<\/strong>Datorit\u0103 <strong>baterie re\u00eenc\u0103rcabil\u0103<\/strong> \u0219i manipularea u\u0219oar\u0103 este <strong>Crown Bar 15000 PRO<\/strong> Ideal pentru deplas\u0103ri.<\/li>\n<li><strong>Design inovativ<\/strong>: Designul ergonomic \u0219i <strong>Afi\u0219aj LED<\/strong> Ofer\u0103 nu numai confort, ci \u0219i un aspect modern \u0219i elegant.<\/li>\n<li><strong>Fiabilitate<\/strong>Al Fakher a reprezentat timp de decenii calitatea \u0219i gustul - o marc\u0103 \u00een care po\u021bi avea \u00eencredere.<\/li>\n<li><strong>Cump\u0103rare u\u0219oar\u0103<\/strong>Vizita\u021bi site-ul nostru web <a href=\"https:\/\/alfakherwelt.de\/ro\/\" target=\"_new\" rel=\"noopener\"><strong>alfakherwelt.de<\/strong><\/a> \u0219i descoperi\u021bi selec\u021bia noastr\u0103 larg\u0103 de <strong>E-Zigarete de unic\u0103 folosin\u021b\u0103<\/strong>.<\/li>\n<\/ol>\n<hr \/>\n<h3>Al Fakher Crown Bar 15000 PRO \u2013 Ridic\u0103 experien\u021ba ta de vaping la urm\u0103torul nivel<\/h3>\n<p>Cu ajutorul <strong>Al Fakher Crown Bar 15000 PRO<\/strong> Ave\u021bi solu\u021bia perfect\u0103 pentru\u60a8\u7684 <strong>Vape nevoi<\/strong> g\u0103sit. Indiferent dac\u0103 sunte\u021bi \u00een c\u0103utarea unui dispozitiv care s\u0103 dureze mult timp sau unul care s\u0103 ofere performan\u021be intensive, <strong>Aromele<\/strong>care transform\u0103 fiecare c\u0103l\u0103torie \u00eentr-o experien\u021b\u0103 - acest produs ofer\u0103 totul ceea ce iubitorii de vape \u00ee\u0219i doresc.<\/p>\n<p>Nu rata\u021bi ocazia de a viziona acest <strong>produs de \u00eenalt\u0103 calitate<\/strong> zu testen. Besuchen Sie uns auf -&gt; pentru a testa. Ne vizita\u021bi pe <a href=\"https:\/\/alfakherwelt.de\/ro\/\" target=\"_new\" rel=\"noopener\"><strong>alfakherwelt.de<\/strong><\/a> \u0219i experimenta\u021bi lumea vapingului \u00eentr-o nou\u0103 dimensiune. Cu ajutorul <strong>Al Fakher Crown Bar 15000 PRO<\/strong> V\u0103 garant\u0103m c\u0103 ve\u0163i fi mul\u0163umi\u0163i!<\/p>","protected":false},"excerpt":{"rendered":"<p>Die <strong>Al Fakher Crown Bar 15000 PRO<\/strong> este o \u021bigar\u0103 electronic\u0103 de unic\u0103 folosin\u021b\u0103, re\u00eenc\u0103rcabil\u0103, cu o capacitate de 15.000 de pufuri, un rezervor de e-lichid de 22 ml, un afi\u0219aj LED avansat pentru a ar\u0103ta nivelul de e-lichid \u0219i bateria, precum \u0219i arome intense \u0219i r\u0103coritoare, cum ar fi <strong>Berry Ice<\/strong>disponibil pe <strong>alfakherwelt.de<\/strong>.<\/p>","protected":false},"featured_media":808,"comment_status":"open","ping_status":"closed","template":"","meta":[],"product_brand":[],"product_cat":[25],"product_tag":[],"class_list":{"0":"post-807","1":"product","2":"type-product","3":"status-publish","4":"has-post-thumbnail","6":"product_cat-ai-fakher-crown-bar-15000","8":"first","9":"outofstock","10":"sale","11":"shipping-taxable","12":"purchasable","13":"product-type-simple"},"jetpack_sharing_enabled":true,"_links":{"self":[{"href":"https:\/\/alfakherwelt.de\/ro\/wp-json\/wp\/v2\/product\/807","targetHints":{"allow":["GET"]}}],"collection":[{"href":"https:\/\/alfakherwelt.de\/ro\/wp-json\/wp\/v2\/product"}],"about":[{"href":"https:\/\/alfakherwelt.de\/ro\/wp-json\/wp\/v2\/types\/product"}],"replies":[{"embeddable":true,"href":"https:\/\/alfakherwelt.de\/ro\/wp-json\/wp\/v2\/comments?post=807"}],"wp:featuredmedia":[{"embeddable":true,"href":"https:\/\/alfakherwelt.de\/ro\/wp-json\/wp\/v2\/media\/808"}],"wp:attachment":[{"href":"https:\/\/alfakherwelt.de\/ro\/wp-json\/wp\/v2\/media?parent=807"}],"wp:term":[{"taxonomy":"product_brand","embeddable":true,"href":"https:\/\/alfakherwelt.de\/ro\/wp-json\/wp\/v2\/product_brand?post=807"},{"taxonomy":"product_cat","embeddable":true,"href":"https:\/\/alfakherwelt.de\/ro\/wp-json\/wp\/v2\/product_cat?post=807"},{"taxonomy":"product_tag","embeddable":true,"href":"https:\/\/alfakherwelt.de\/ro\/wp-json\/wp\/v2\/product_tag?post=807"}],"curies":[{"name":"wp","href":"https:\/\/api.w.org\/{rel}","templated":true}]}}