{"id":495,"date":"2024-09-20T09:27:02","date_gmt":"2024-09-20T09:27:02","guid":{"rendered":"https:\/\/alfakherwelt.de\/?post_type=product&#038;p=495"},"modified":"2026-03-12T17:35:53","modified_gmt":"2026-03-12T17:35:53","slug":"al-fakher-crown-bar-8000-pufuri-tigara-electronica-de-unica-folosinta-blitz-alb","status":"publish","type":"product","link":"https:\/\/alfakherwelt.de\/ro\/produs\/al-fakher-crown-bar-8000-pufuri-tigara-electronica-de-unica-folosinta-blitz-alb\/","title":{"rendered":"AL Fakher Crown Bar 8000 de trageri \u021bigaret\u0103 electronic\u0103 de unic\u0103 folosin\u021b\u0103 \u2013 White Flash"},"content":{"rendered":"<div style=\"width: 362px;\" class=\"wp-video\"><video class=\"wp-video-shortcode\" id=\"video-495-1\" width=\"362\" height=\"640\" preload=\"metadata\" controls=\"controls\"><source type=\"video\/mp4\" src=\"https:\/\/alfakherwelt.de\/wp-content\/uploads\/2024\/09\/AL-Fakher-Vape-Blueberry-Gum.mp4?_=1\" \/><a href=\"https:\/\/alfakherwelt.de\/wp-content\/uploads\/2024\/09\/AL-Fakher-Vape-Blueberry-Gum.mp4\">https:\/\/alfakherwelt.de\/wp-content\/uploads\/2024\/09\/AL-Fakher-Vape-Blueberry-Gum.mp4<\/a><\/video><\/div>\n<h2><a href=\"https:\/\/alfakherwelt.de\/ro\/\">AL Fakher<\/a> Crown Bar Disposable 8000 de trageri \u2013 \u021bigaret\u0103 electronic\u0103 de unic\u0103 folosin\u021b\u0103 de clas\u0103 extra<\/h2>\n<h3>Descrierea produsului:<\/h3>\n<p>Der <a href=\"https:\/\/alfakherwelt.de\/ro\/categorie-de-produse\/al-fakher-crown-bar-8000\/\"><strong>AL Fakher Crown Bar 8000 Z\u00fcge \n\nse traduce \u00een \n\nAL Fakher Crown Bar 8000 de trageri<\/strong><\/a> este ultimul e-\u021bigaret de unic\u0103 folosin\u021b\u0103, care combin\u0103 designul, gustul \u0219i func\u021bionalitatea la cel mai \u00eenalt nivel. Cu un num\u0103r impresionant de <strong>8000 de trenuri<\/strong> ofer\u0103 o experien\u021b\u0103 de lung\u0103 durat\u0103 pentru oricine caut\u0103 o experien\u021b\u0103 de vaporizare simpl\u0103, dar luxoas\u0103. Se remarc\u0103 prin designul s\u0103u elegant \u0219i ergonomic \u0219i o schem\u0103 de culori vii, care este at\u00e2t estetic\u0103, c\u00e2t \u0219i practic\u0103. Cu un <strong>Baterie re\u00eenc\u0103rcabil\u0103 de 600mAh<\/strong> \u0219i unul <strong>Conector de tip C<\/strong> Acest dispozitiv este preg\u0103tit pentru func\u021bionare continu\u0103 \u0219i este perfect potrivit pentru utilizare \u00een deplas\u0103ri.<\/p>\n<p>Die <strong>18ml de lichid electronic preumplut<\/strong> cu un con\u021binut de nicotin\u0103 de <strong>5% Nikotinsalz<\/strong> asigur\u0103 o dezvoltare intens\u0103 a vaporilor \u0219i satisface dorin\u021ba de nicotin\u0103 la fiecare inhalare. Datorit\u0103 <strong>sistem activat prin tragere<\/strong> Nu este necesar\u0103 o manipulare complicat\u0103 - pur \u0219i simplu trage\u021bi \u0219i bucura\u021bi-v\u0103. Odat\u0103 ce lichidul electronic este epuizat, o lumin\u0103 semnaleaz\u0103 sf\u00e2r\u0219itul duratei de utilizare.<\/p>\n<h3>Func\u021bii:<\/h3>\n<ul>\n<li><strong>De durat\u0103:<\/strong> P\u00e2n\u0103 la <strong>8000 trenuri<\/strong> cu o \u00eenc\u0103rc\u0103tur\u0103 pentru o experien\u021b\u0103 de vaporizare \u00eendelungat\u0103.<\/li>\n<li><strong>Volum mare de lichid:<\/strong> <strong>18ml<\/strong> lichide electronice preumplute cu <strong>5% Nikotinsalz<\/strong> (50mg) pentru o experien\u021b\u0103 intens\u0103.<\/li>\n<li><strong>Baterie re\u00eenc\u0103rcabil\u0103<\/strong> integrat <strong>600mAh baterie<\/strong> cu <strong>Tip C priz\u0103 de \u00eenc\u0103rcare<\/strong>.<\/li>\n<li><strong>Activarea trenului:<\/strong> Nu sunt necesare butoane - pur \u0219i simplu trage\u021bi pentru a vapora.<\/li>\n<li><strong>Design ergonomic<\/strong> Sub\u021bire, u\u0219or \u0219i compact, ideal pentru deplas\u0103ri.<\/li>\n<li><strong>Materiale de \u00eenalt\u0103 calitate:<\/strong> Construc\u021bie robust\u0103 pentru o experien\u021b\u0103 de vaporizare durabil\u0103 \u0219i sigur\u0103.<\/li>\n<li><strong>O varietate de arome divers\u0103:<\/strong> Descoperi\u021bi o gam\u0103 larg\u0103 de arome care satisfac toate gusturile.<\/li>\n<\/ul>\n<h3>Descriere detaliat\u0103 a gustului - White Flash<\/h3>\n<p>Gustul \"<strong>White Flash<\/strong>ofer\u0103 o combina\u021bie de neegalat de note proaspete, fructate \u0219i r\u0103coritoare. Deja la prima inhalare, palatul este \u00eenconjurat de o dulcea\u021b\u0103 suav\u0103, care aminte\u0219te de fructe exotice suculente. Aceast\u0103 explozie de arom\u0103 vibrant\u0103 combin\u0103 un echilibru subtil de citrice \u0219i fructe de p\u0103dure dulci, care se completeaz\u0103 perfect prin r\u0103corirea lor revigorant\u0103.<\/p>\n<p>La prima vedere domin\u0103 gustul intens de <strong>L\u0103m\u00e2ie<\/strong> \u0219i <strong>L\u0103m\u00e2ie verde<\/strong>care ofer\u0103 imediat o senza\u021bie r\u0103coritoare. Aceste arome citrice confer\u0103 fiec\u0103rei puf\u0103turi o prospe\u021bime \u00eenvior\u0103toare, care face vaporul s\u0103 par\u0103 incomparabil de u\u0219or \u0219i de r\u0103coros. Dar experien\u021ba nu se \u00eencheie aici - \u00een fundal se dezvolt\u0103 treptat o arom\u0103 discret\u0103 <strong>dulcea\u021b\u0103 de fructe de p\u0103dure<\/strong>care creeaz\u0103 un echilibru armonios \u0219i adaug\u0103 profunzime suplimentar\u0103 gustului. Mai ales notele de <strong>Zmeur\u0103<\/strong> \u0219i <strong>Mure<\/strong> L\u0103s\u0103 caracterul fructuos s\u0103 ias\u0103 \u00een eviden\u021b\u0103 \u0219i ofer\u0103 o experien\u021b\u0103 rotund\u0103 \u0219i plin\u0103 de savoare.<\/p>\n<p>Dup\u0103 c\u00e2teva traguri, intr\u0103 \u00een joc urm\u0103toarea dimensiune a gustului: una <strong>r\u0103coare subtil\u0103<\/strong>care aminte\u0219te de o u\u0219oar\u0103 adiere de mentol\u0103, f\u0103r\u0103 \u00eens\u0103 a suprascrie miezul fructat al aromei. Aceast\u0103 r\u0103coare face ca experien\u021ba de vaporizare s\u0103 r\u0103m\u00e2n\u0103 proasp\u0103t\u0103 \u0219i revigorant\u0103 chiar \u0219i dup\u0103 mai multe trageri. Gustul \u201eWhite Flash\u201d este ideal pentru to\u021bi cei care caut\u0103 o experien\u021b\u0103 de vaporizare vibrant\u0103, fructat\u0103 \u0219i \u00een acela\u0219i timp r\u0103coritoare.<\/p>\n<p>Cu fiecare tragere suplimentar\u0103, aromele se dezvolt\u0103 \u00een continuare \u0219i ofer\u0103 o schimbare continu\u0103, pl\u0103cut\u0103 a profilului de gust. Acest lucru face vaparea cu ajutorul <strong>AL Fakher Crown Bar 8000 Z\u00fcge \n\nse traduce \u00een \n\nAL Fakher Crown Bar 8000 de trageri<\/strong> Pentru o experien\u021b\u0103 incitant\u0103 \u0219i variat\u0103. Fie pentru utilizare zilnic\u0103, fie ca punct culminant \u00eentre timp - \"White Flash\" este un gust care nu se plictise\u0219te niciodat\u0103 \u0219i surprinde mereu.<\/p>\n<h3>De ce ar trebui s\u0103-l <a href=\"https:\/\/alfakherwelt.de\/ro\/categorie-de-produse\/al-fakher-crown-bar-8000\/\">AL Fakher Crown Bar 8000 Z\u00fcge \n\nse traduce \u00een \n\nAL Fakher Crown Bar 8000 de trageri<\/a> ar trebui s\u0103 cumpere:<\/h3>\n<ol>\n<li><strong>Comoditate maxim\u0103:<\/strong> Designul de unic\u0103 folosin\u021b\u0103 permite o experien\u021b\u0103 de vaporizare f\u0103r\u0103 stres, f\u0103r\u0103 realimentare sau set\u0103ri complicate.<\/li>\n<li><strong>Durabilitate<\/strong> Cu p\u00e2n\u0103 la <strong>8000 de trenuri<\/strong> Acest dispozitiv ofer\u0103 unul dintre cele mai lungi timpi de utilizare de pe pia\u021b\u0103.<\/li>\n<li><strong>Gust extraordinar:<\/strong> Datorit\u0103 lichidului de nicotin\u0103-sare de \u00eenalt\u0103 calitate \u0219i a multitudinii de arome, ob\u021bine\u021bi o experien\u021b\u0103 de vaporizare de neegalat.<\/li>\n<li><strong>Manipulare practic\u0103:<\/strong> Sistemul activat prin tragere face operarea foarte u\u0219oar\u0103 - nu este nevoie s\u0103 ap\u0103sa\u021bi niciun buton.<\/li>\n<li><strong>Design ergonomic<\/strong> U\u0219or \u0219i compact, perfect pentru deplas\u0103ri sau pentru o sear\u0103 relaxant\u0103 acas\u0103.<\/li>\n<li><strong>Sigur \u0219i de \u00eencredere:<\/strong> Construc\u021bia robust\u0103 \u0219i materialele de \u00eenalt\u0103 calitate garanteaz\u0103 o durat\u0103 de via\u021b\u0103 lung\u0103 \u0219i o performan\u021b\u0103 fiabil\u0103.<\/li>\n<\/ol>\n<h3>Detalii tehnice:<\/h3>\n<ul>\n<li><strong>Nikotingehalt: \n Cont\u021binut de nicotin\u0103:<\/strong> 5% Nikotinsalz (50mg)<\/li>\n<li><strong>Capacitatea bateriei:<\/strong> Baterie re\u00eenc\u0103rcabil\u0103 de 600mAh<\/li>\n<li><strong>Num\u0103rul de trenuri:<\/strong> P\u00e2n\u0103 la 8000 de trenuri<\/li>\n<li><strong>Volumul fluidului:<\/strong> 18ml de lichid electronic preumplut<\/li>\n<li><strong>Anschluss<\/strong> Tip C priz\u0103 de \u00eenc\u0103rcare<\/li>\n<li><strong>Activare:<\/strong> Sistem activat prin tragere<\/li>\n<li><strong>DTL-Vaping<\/strong> Ideal pentru inhalare direct\u0103 \u00een pl\u0103m\u00e2ni<\/li>\n<\/ul>\n<p>&nbsp;<\/p>\n<h2><strong><img loading=\"lazy\" decoding=\"async\" class=\"alignnone wp-image-269 size-full\" src=\"https:\/\/alfakherwelt.de\/wp-content\/uploads\/2024\/09\/Lush_Ice_8000.webp\" alt=\"AL Fakher Crown Bar 8000 de trageri \u021bigar\u0103 electronic\u0103 de unic\u0103 folosin\u021b\u0103 White Flash\" width=\"990\" height=\"990\" title=\"\" srcset=\"https:\/\/alfakherwelt.de\/wp-content\/uploads\/2024\/09\/Lush_Ice_8000.webp 990w, https:\/\/alfakherwelt.de\/wp-content\/uploads\/2024\/09\/Lush_Ice_8000-300x300.webp 300w, https:\/\/alfakherwelt.de\/wp-content\/uploads\/2024\/09\/Lush_Ice_8000-150x150.webp 150w, https:\/\/alfakherwelt.de\/wp-content\/uploads\/2024\/09\/Lush_Ice_8000-768x768.webp 768w, https:\/\/alfakherwelt.de\/wp-content\/uploads\/2024\/09\/Lush_Ice_8000-600x600.webp 600w, https:\/\/alfakherwelt.de\/wp-content\/uploads\/2024\/09\/Lush_Ice_8000-100x100.webp 100w\" sizes=\"auto, (max-width: 990px) 100vw, 990px\" \/><\/strong><\/h2>\n<h3>Cump\u0103ra\u021bi simplu \u0219i comod \u021big\u0103ri electronice de unic\u0103 folosin\u021b\u0103 pe <a href=\"https:\/\/alfakherwelt.de\/ro\/\">alfakherwelt.de<\/a><\/h3>\n<p>Noi la <a href=\"https:\/\/alfakherwelt.de\/ro\/\"><strong>alfakherwelt.de<\/strong><\/a> sunt m\u00e2ndri s\u0103 fie cea mai mare platform\u0103 online pentru \u021big\u0103ri electronice de unic\u0103 folosin\u021b\u0103 <strong>Deutschland<\/strong> s\u0103 fie. Vasta noastr\u0103 gam\u0103 de produse v\u0103 ofer\u0103 cele mai bune produse pe care le ofer\u0103 pia\u021ba, inclusiv popularele <strong>AL Fakher Crown Bar 8000 Z\u00fcge \n\nse traduce \u00een \n\nAL Fakher Crown Bar 8000 de trageri<\/strong>Datorit\u0103 site-ului nostru web u\u0219or de utilizat, pute\u021bi comanda cu u\u0219urin\u021b\u0103 \u0219i comod produsul dvs. de vape preferat de acas\u0103. Convinge\u021bi-v\u0103 singur de livrarea rapid\u0103, serviciul clien\u021bi excelent \u0219i cele mai bune vape-uri de unic\u0103 folosin\u021b\u0103 de pe pia\u021b\u0103.<\/p>\n<h3>Concluzie<\/h3>\n<p>Der <strong>AL Fakher Crown Bar 8000 Z\u00fcge \n\nse traduce \u00een \n\nAL Fakher Crown Bar 8000 de trageri<\/strong> Nu este doar un vape de unic\u0103 folosin\u021b\u0103 de \u00eenalt\u0103 calitate, ci \u0219i o experien\u021b\u0103 pentru toate sim\u021burile. Cu bateria sa de lung\u0103 durat\u0103, varietatea de arome \u0219i manipularea u\u0219oar\u0103, acest vape este alegerea perfect\u0103 pentru oricine caut\u0103 o experien\u021b\u0103 de vaporizare f\u0103r\u0103 efort, dar de prim\u0103 clas\u0103. Vizita\u021bi <a href=\"https:\/\/alfakherwelt.de\/ro\/\"><strong>alfakherwelt.de<\/strong>,<\/a> pentru a descoperi acest produs \u0219i multe altele extraordinare!<\/p>","protected":false},"excerpt":{"rendered":"<div class=\"flex-shrink-0 flex flex-col relative items-end\">\n<div class=\"pt-0\">\n<div class=\"gizmo-shadow-stroke flex h-8 w-8 items-center justify-center overflow-hidden rounded-full\">\n<div class=\"h-full w-full\">AL Fakher Crown Bar 8000 Puffs Vape este un dispozitiv elegant, portabil \u0219i puternic de unic\u0103 folosin\u021b\u0103, care vine cu o capacitate impresionant\u0103 de 8000 de pufuri \u0219i arome intense White Flash, oferind o experien\u021b\u0103 de vaporizare de neegalat, perfect adaptat\u0103 nevoilor iubitorilor de vape din Germania.<\/div>\n<\/div>\n<\/div>\n<\/div>","protected":false},"featured_media":497,"comment_status":"open","ping_status":"closed","template":"","meta":[],"product_brand":[],"product_cat":[15],"product_tag":[],"class_list":{"0":"post-495","1":"product","2":"type-product","3":"status-publish","4":"has-post-thumbnail","6":"product_cat-al-fakher-crown-bar-8000","8":"first","9":"outofstock","10":"sale","11":"shipping-taxable","12":"purchasable","13":"product-type-simple"},"jetpack_sharing_enabled":true,"_links":{"self":[{"href":"https:\/\/alfakherwelt.de\/ro\/wp-json\/wp\/v2\/product\/495","targetHints":{"allow":["GET"]}}],"collection":[{"href":"https:\/\/alfakherwelt.de\/ro\/wp-json\/wp\/v2\/product"}],"about":[{"href":"https:\/\/alfakherwelt.de\/ro\/wp-json\/wp\/v2\/types\/product"}],"replies":[{"embeddable":true,"href":"https:\/\/alfakherwelt.de\/ro\/wp-json\/wp\/v2\/comments?post=495"}],"wp:featuredmedia":[{"embeddable":true,"href":"https:\/\/alfakherwelt.de\/ro\/wp-json\/wp\/v2\/media\/497"}],"wp:attachment":[{"href":"https:\/\/alfakherwelt.de\/ro\/wp-json\/wp\/v2\/media?parent=495"}],"wp:term":[{"taxonomy":"product_brand","embeddable":true,"href":"https:\/\/alfakherwelt.de\/ro\/wp-json\/wp\/v2\/product_brand?post=495"},{"taxonomy":"product_cat","embeddable":true,"href":"https:\/\/alfakherwelt.de\/ro\/wp-json\/wp\/v2\/product_cat?post=495"},{"taxonomy":"product_tag","embeddable":true,"href":"https:\/\/alfakherwelt.de\/ro\/wp-json\/wp\/v2\/product_tag?post=495"}],"curies":[{"name":"wp","href":"https:\/\/api.w.org\/{rel}","templated":true}]}}