{"id":483,"date":"2024-09-18T02:17:50","date_gmt":"2024-09-18T02:17:50","guid":{"rendered":"https:\/\/alfakherwelt.de\/?post_type=product&#038;p=483"},"modified":"2025-10-13T06:03:46","modified_gmt":"2025-10-13T06:03:46","slug":"ai-fakher-crown-bar-12000-pufuri-tigara-electronica-de-unica-folosinta-mango-ananas","status":"publish","type":"product","link":"https:\/\/alfakherwelt.de\/ro\/produs\/ai-fakher-crown-bar-12000-pufuri-tigara-electronica-de-unica-folosinta-mango-ananas\/","title":{"rendered":"AI Fakher Crown Bar 12000 de trageri Hookah Sound  E-\u021bigaret\u0103 de unic\u0103 folosin\u021b\u0103 \u2013 Mango Ananas"},"content":{"rendered":"<h2><strong><a href=\"https:\/\/alfakherwelt.de\/ro\/\"><img loading=\"lazy\" decoding=\"async\" class=\"alignnone wp-image-456 size-full\" src=\"https:\/\/alfakherwelt.de\/wp-content\/uploads\/2024\/09\/AI-Fakher-Crown-Bar-12000.webp\" alt=\"AI Fakher Crown Bar 12000 de trageri \u021aigaret\u0103 electronic\u0103 de unic\u0103 folosin\u021b\u0103 - Mango Ananas\" width=\"1080\" height=\"1080\" title=\"\" srcset=\"https:\/\/alfakherwelt.de\/wp-content\/uploads\/2024\/09\/AI-Fakher-Crown-Bar-12000.webp 1080w, https:\/\/alfakherwelt.de\/wp-content\/uploads\/2024\/09\/AI-Fakher-Crown-Bar-12000-300x300.webp 300w, https:\/\/alfakherwelt.de\/wp-content\/uploads\/2024\/09\/AI-Fakher-Crown-Bar-12000-1024x1024.webp 1024w, https:\/\/alfakherwelt.de\/wp-content\/uploads\/2024\/09\/AI-Fakher-Crown-Bar-12000-150x150.webp 150w, https:\/\/alfakherwelt.de\/wp-content\/uploads\/2024\/09\/AI-Fakher-Crown-Bar-12000-768x768.webp 768w, https:\/\/alfakherwelt.de\/wp-content\/uploads\/2024\/09\/AI-Fakher-Crown-Bar-12000-600x600.webp 600w, https:\/\/alfakherwelt.de\/wp-content\/uploads\/2024\/09\/AI-Fakher-Crown-Bar-12000-100x100.webp 100w\" sizes=\"auto, (max-width: 1080px) 100vw, 1080px\" \/><\/a><\/strong><\/h2>\n<h1><a href=\"https:\/\/alfakherwelt.de\/ro\/\">Al Fakher<\/a> Crown Bar 12000 PRO \u2013 Companionul dvs. perfect pentru vaping<\/h1>\n<h2>Introducere \u00een <a href=\"https:\/\/alfakherwelt.de\/ro\/categorie-de-produse\/ai-fakher-crown-bar-12000\/\">Al Fakher Crown Bar 12000<\/a> Pod de vape de unic\u0103 folosin\u021b\u0103<\/h2>\n<p>Al Fakher Crown Bar 12000 Einweg Vape Pod combin\u0103 tehnologia de ultim\u0103 or\u0103 cu experien\u021ba tradi\u021bional\u0103 a unei pipe de ap\u0103. Acest dispozitiv inovator ofer\u0103 o capacitate de tragere excep\u021bional\u0103 de p\u00e2n\u0103 la 12.000 de trageri, ceea ce \u00eel face unul dintre cele mai durabile vape-uri de unic\u0103 folosin\u021b\u0103 de pe pia\u021b\u0103. Indiferent dac\u0103 sunte\u021bi un vaporizator experimentat sau abia \u00eencepe\u021bi, Crown Bar 12000 este alegerea ideal\u0103 pentru o experien\u021b\u0103 de vaporizare de neegalat. Cu o baterie puternic\u0103, acest pod asigur\u0103 trageri constant pl\u0103cute de la prima p\u00e2n\u0103 la ultima inhalare.<\/p>\n<h2>Produktmerkmale des <a href=\"https:\/\/alfakherwelt.de\/ro\/categorie-de-produse\/ai-fakher-crown-bar-12000\/\">Al Fakher Crown Bar 12000<\/a><\/h2>\n<ul>\n<li><strong>Capacitate impresionant\u0103 de puf<\/strong>: P\u00e2n\u0103 la 12.000 de puffs pe dispozitiv ofer\u0103 o durat\u0103 de via\u021b\u0103 excep\u021bional\u0103, care dep\u0103\u0219e\u0219te cu mult consumul zilnic mediu al unui vaporizator.<\/li>\n<li><strong>Tehnologia de \u00eenf\u0103\u0219urare cu plas\u0103<\/strong>Echipat cu o bobin\u0103 mesh de 0,6 ohmi, acest vape asigur\u0103 nori densi \u0219i un gust intens, care face vaporizarea o pl\u0103cere.<\/li>\n<li><strong>Afi\u0219aj digital<\/strong>: Afi\u0219ajul digital \u00eencorporat arat\u0103 starea bateriei \u0219i nivelul uleiului, astfel \u00eenc\u00e2t sunte\u021bi \u00eentotdeauna informat despre starea dispozitivului dvs.<\/li>\n<li><strong>Design elegant \u0219i u\u0219or<\/strong>: Al Fakher Crown Barul impresioneaz\u0103 nu numai prin func\u021bionalitate, ci \u0219i prin designul s\u0103u elegant. Forma ergonomic\u0103 a gurii asigur\u0103 o prindere confortabil\u0103 \u0219i o experien\u021b\u0103 de vaporizare pl\u0103cut\u0103.<\/li>\n<li><strong>Unde sonore integrate pentru ap\u0103 \u0219i tutun de narghilea<\/strong>Aceast\u0103 func\u021bie creeaz\u0103 o atmosfer\u0103 care aminte\u0219te de o \u0219edin\u021b\u0103 real\u0103 de fumat \u0219i cre\u0219te pl\u0103cerea general\u0103 de a vapora.<\/li>\n<li><strong>\u00cenc\u0103rcare rapid\u0103 prin Type-C<\/strong>: Cu conexiunea de tip C, \u00eenc\u0103rcarea dispozitivului devine o joac\u0103 de copil. \u00centotdeauna gata de utilizare, mai ales pentru vapori care sunt mult \u00een deplasare.<\/li>\n<li><strong>Direct-to-Lung (DTL) vaporizare<\/strong>: DTL vaping ensures that you can enjoy the full flavor of the e-liquid used.<\/li>\n<\/ul>\n<h2>Detalii tehnice<\/h2>\n<ul>\n<li><strong>Trenuri<\/strong>: p\u00e2n\u0103 la 12.000<\/li>\n<li><strong>Con\u021binut de nicotin\u0103<\/strong>: 0,5 % (5 mg)<\/li>\n<li><strong>Bobin\u0103<\/strong>: Bobin\u0103 cu ochiuri<\/li>\n<li><strong>\u00cenc\u0103rcare<\/strong>: USB-Anschluss Typ C \n\nbecomes \n\n: Conector USB Tip C<\/li>\n<li><strong>Tip de dispozitiv<\/strong>Vaporizator reutilizabil de unic\u0103 folosin\u021b\u0103<\/li>\n<li><strong>Ecran digital<\/strong>: Da<\/li>\n<li><strong>F\u0103r\u0103 \u00eentre\u021binere<\/strong>: Da<\/li>\n<li><strong>Design<\/strong>: U\u0219or \u0219i compact<\/li>\n<\/ul>\n<h2>Profil de arom\u0103: Mango-Ananas<\/h2>\n<p>Al Fakher Crown Bar 12000 ofer\u0103 o arom\u0103 distinctiv\u0103 care \u00eenc\u00e2nt\u0103 sim\u021burile: Mango-Ananas. Gustul de mango copt \u0219i suculent este completat de dulcea\u021ba r\u0103coritoare a ananasului, duc\u00e2nd la o experien\u021b\u0103 tropical\u0103 care te transport\u0103 \u00een locuri \u00eensorite.<\/p>\n<h3>Un profil de arom\u0103 vibrant<\/h3>\n<p>Aromele de mango \u0219i ananas se armonizeaz\u0103 perfect \u00eentre ele. La \u00eenceput, experimenta\u021bi gustul intens, dulce al mango-ului, care v\u0103 \u00eenv\u0103luie papilele gustative cu o prospe\u021bime care v\u0103 aminte\u0219te de o zi de var\u0103 fierbinte. Mango-ul este moale, suculent \u0219i ofer\u0103 o anumit\u0103 dulcea\u021b\u0103 natural\u0103 care v\u0103 face s\u0103 sim\u021bi\u021bi c\u0103 mu\u0219ca\u021bi \u00eentr-o felie de mango proasp\u0103t cules.<\/p>\n<p>Odat\u0103 ce mango atinge punctul culminant, ananasul trece \u00een prim-plan. Gustul s\u0103u tart \u0219i r\u0103coritor adaug\u0103 o not\u0103 revitalizant\u0103 \u00eentregului. Aceast\u0103 combina\u021bie creeaz\u0103 un profil de arom\u0103 care nu numai c\u0103 este dulce, ci \u0219i pl\u0103cut de acidulat, asigur\u00e2nd o experien\u021b\u0103 gustativ\u0103 bogat\u0103. Interac\u021biunea celor dou\u0103 fructe asigur\u0103 o experien\u021b\u0103 complex\u0103, \u00een care aromele se completeaz\u0103 perfect.<\/p>\n<h3>Un gust care r\u0103m\u00e2ne<\/h3>\n<p>Cu fiecare inhalare, jocul de arome se desf\u0103\u0219oar\u0103 pe limba dvs., \u00een timp ce aburul bl\u00e2nd v\u0103 \u00eenconjoar\u0103. Bog\u0103\u021bia \u0219i intensitatea acestei arome fac vaporizarea o pl\u0103cere care nu este doar temporar\u0103, ci creeaz\u0103 o experien\u021b\u0103 pe care dori\u021bi s\u0103 o tr\u0103i\u021bi din nou \u0219i din nou. Indiferent dac\u0103 c\u0103uta\u021bi o pauz\u0103 relaxant\u0103 sau dori\u021bi pur \u0219i simplu s\u0103 l\u0103sa\u021bi \u00een urm\u0103 via\u021ba de zi cu zi, Mango-Ananas este alegerea perfect\u0103.<\/p>\n<h2>De ce <a href=\"https:\/\/alfakherwelt.de\/ro\/categorie-de-produse\/ai-fakher-crown-bar-12000\/\">Al Fakher Crown Bar 12000<\/a> alege\u021bi?<\/h2>\n<p>Al Fakher Crown Bar 12000 este mai mult dec\u00e2t o vape de unic\u0103 folosin\u021b\u0103; este o experien\u021b\u0103. Cu capacitatea sa impresionant\u0103 de tragere, tehnologia avansat\u0103 \u0219i gustul de neegalat de mango-ananas, aceast\u0103 vape stabile\u0219te noi standarde \u00een lumea vap\u0103rii.<\/p>\n<p>Dac\u0103 sunte\u021bi \u00een c\u0103utarea unei \u021big\u0103ri electronice de unic\u0103 folosin\u021b\u0103 \u00een Germania, care ofer\u0103 calitate \u0219i gust \u00eentr-un singur produs, sunte\u021bi aici exact la locul potrivit. Vizita\u021bi site-ul nostru web <a href=\"https:\/\/alfakherwelt.de\/ro\/\" target=\"_new\" rel=\"noopener\">alfakherwelt.de<\/a> \u0219i descoper\u0103 diversitatea produselor noastre. L\u0103sa\u021bi-v\u0103 inspirat de lumea vape-urilor de unic\u0103 folosin\u021b\u0103 \u0219i experimenta\u021bi diferen\u021ba \u00een persoan\u0103. Cump\u0103ra\u021bi acum \u0219i bucura\u021bi-v\u0103 de cele mai bune experien\u021be de vaping pe care vi le pute\u021bi dori!<\/p>","protected":false},"excerpt":{"rendered":"<div class=\"flex-shrink-0 flex flex-col relative items-end\">\n<div class=\"pt-0\">\n<div class=\"gizmo-shadow-stroke flex h-8 w-8 items-center justify-center overflow-hidden rounded-full\">\n<div class=\"h-full w-full\">Al Fakher Crown Bar 12000 este un pod de vape de \u00eenalt\u0103 calitate, de unic\u0103 folosin\u021b\u0103, cu o capacitate impresionant\u0103 de p\u00e2n\u0103 la 12.000 de pufuri \u0219i un gust intens de mango-ananas, care combin\u0103 tehnologia modern\u0103 cu experien\u021ba clasic\u0103 de vaporizare.<\/div>\n<\/div>\n<\/div>\n<\/div>","protected":false},"featured_media":486,"comment_status":"open","ping_status":"closed","template":"","meta":[],"product_brand":[],"product_cat":[21],"product_tag":[],"class_list":{"0":"post-483","1":"product","2":"type-product","3":"status-publish","4":"has-post-thumbnail","6":"product_cat-ai-fakher-crown-bar-12000","8":"first","9":"outofstock","10":"sale","11":"shipping-taxable","12":"purchasable","13":"product-type-simple"},"jetpack_sharing_enabled":true,"_links":{"self":[{"href":"https:\/\/alfakherwelt.de\/ro\/wp-json\/wp\/v2\/product\/483","targetHints":{"allow":["GET"]}}],"collection":[{"href":"https:\/\/alfakherwelt.de\/ro\/wp-json\/wp\/v2\/product"}],"about":[{"href":"https:\/\/alfakherwelt.de\/ro\/wp-json\/wp\/v2\/types\/product"}],"replies":[{"embeddable":true,"href":"https:\/\/alfakherwelt.de\/ro\/wp-json\/wp\/v2\/comments?post=483"}],"wp:featuredmedia":[{"embeddable":true,"href":"https:\/\/alfakherwelt.de\/ro\/wp-json\/wp\/v2\/media\/486"}],"wp:attachment":[{"href":"https:\/\/alfakherwelt.de\/ro\/wp-json\/wp\/v2\/media?parent=483"}],"wp:term":[{"taxonomy":"product_brand","embeddable":true,"href":"https:\/\/alfakherwelt.de\/ro\/wp-json\/wp\/v2\/product_brand?post=483"},{"taxonomy":"product_cat","embeddable":true,"href":"https:\/\/alfakherwelt.de\/ro\/wp-json\/wp\/v2\/product_cat?post=483"},{"taxonomy":"product_tag","embeddable":true,"href":"https:\/\/alfakherwelt.de\/ro\/wp-json\/wp\/v2\/product_tag?post=483"}],"curies":[{"name":"wp","href":"https:\/\/api.w.org\/{rel}","templated":true}]}}