{"id":482,"date":"2024-09-18T02:17:47","date_gmt":"2024-09-18T02:17:47","guid":{"rendered":"https:\/\/alfakherwelt.de\/?post_type=product&#038;p=482"},"modified":"2024-12-27T06:16:25","modified_gmt":"2024-12-27T06:16:25","slug":"ai-fakher-crown-bar-12000-pufuri-tigara-electronica-de-unica-folosinta-gheata-de-mango","status":"publish","type":"product","link":"https:\/\/alfakherwelt.de\/ro\/produs\/ai-fakher-crown-bar-12000-pufuri-tigara-electronica-de-unica-folosinta-gheata-de-mango\/","title":{"rendered":"AI Fakher Crown Bar 12000 de trageri Hookah Sound  E-\u021bigar\u0103 de unic\u0103 folosin\u021b\u0103 \u2013 Mango Ice"},"content":{"rendered":"<div>\n<h2><a href=\"https:\/\/alfakherwelt.de\/ro\/\">Al Fakher<\/a> Crown Bar 12000 PRO Vape de unic\u0103 folosin\u021b\u0103: Alegerea Perfect\u0103 pentru Entuzia\u0219tii de Vaping<\/h2>\n<p>Dac\u0103 sunte\u021bi \u00een c\u0103utarea unui vape de unic\u0103 folosin\u021b\u0103 puternic \u0219i durabil, care combin\u0103 at\u00e2t stilul, c\u00e2t \u0219i func\u021bionalitatea, este <strong>Al Fakher Crown Bar 12000 PRO<\/strong> Alegerea corect\u0103. Cu 12.000 de pufuri impresionante, o baterie re\u00eenc\u0103rcabil\u0103 \u0219i cea mai recent\u0103 tehnologie de bobin\u0103 Mesh, acest dispozitiv ofer\u0103 o experien\u021b\u0103 de vaporizare premium care dep\u0103\u0219e\u0219te obi\u0219nuitul.<\/p>\n<h3>Descrierea produsului<\/h3>\n<p>Der <strong>Al Fakher Crown Bar 12000 PRO<\/strong> Este mai mult dec\u00e2t un vaporizator obi\u0219nuit de unic\u0103 folosin\u021b\u0103. El combin\u0103 designul modern, tehnologia avansat\u0103 \u0219i func\u021bionarea u\u0219or de utilizat pentru a oferi fiec\u0103rui vaporizator o experien\u021b\u0103 de vaporizare de neuitat. Vaporizatorul este sub\u021bire, u\u0219or \u0219i ofer\u0103 o senza\u021bie pl\u0103cut\u0103 \u00een m\u00e2n\u0103 datorit\u0103 formei sale ergonomice. Fiecare trac\u021biune asigur\u0103 arome uniforme \u0219i intense, ceea ce \u00eel face alegerea ideal\u0103 pentru to\u021bi cei care doresc s\u0103 ob\u021bin\u0103 maximum din sesiunea lor de vaporizare.<\/p>\n<p>inovativul <strong>Sistem cu bobine de ochiuri<\/strong> cu 0,6 Ohm asigur\u0103 nori de vapori densi \u0219i aromatici \u0219i o produc\u021bie lin\u0103 de vapori. Datorit\u0103 <strong>Tehnologia DTL (Direct-to-Lung) pentru vaporizare<\/strong> Utilizatorii experimenteaz\u0103 un gust mai intens, care ridic\u0103 vapingul la un nou nivel. Indiferent dac\u0103 sunte\u021bi un vaporizator regulat sau unul ocazional, acest pod de unic\u0103 folosin\u021b\u0103 este conceput pentru durabilitate \u0219i un gust de neegalat.<\/p>\n<h3>Hauptmerkmale des <a href=\"https:\/\/alfakherwelt.de\/ro\/categorie-de-produse\/ai-fakher-crown-bar-12000\/\">Al Fakher Crown Bar 12000 PRO<\/a><\/h3>\n<ul>\n<li><strong>P\u00e2n\u0103 la 12.000 de trenuri pe dispozitiv<\/strong>Der Al Fakher Crown Bar bietet eine der h\u00f6chsten Zugkapazit\u00e4ten auf dem Markt und garantiert damit langanhaltendes Vaping ohne h\u00e4ufiges Nachkaufen.<\/li>\n<li><strong>Bobin\u0103 Mesh (0,6 Ohm)<\/strong>: Bobina avansat\u0103 cu plas\u0103 asigur\u0103 nori de vapori intensi, densi \u0219i o experien\u021b\u0103 de gust de neuitat.<\/li>\n<li><strong>Baterie re\u00eenc\u0103rcabil\u0103<\/strong>Conectorul de \u00eenc\u0103rcare USB-C permite \u00eenc\u0103rcarea rapid\u0103, astfel \u00eenc\u00e2t dispozitivul este \u00eentotdeauna gata de utilizare.<\/li>\n<li><strong>Afi\u0219aj digital<\/strong>: Keep track of battery status and e-liquid level with a clear, easy-to-read display.<\/li>\n<li><strong>Design elegant \u0219i u\u0219or<\/strong>Cu aspectul s\u0103u modern \u0219i elegant, Al Fakher Crown Bar nu este doar func\u021bional, ci \u0219i stilos.<\/li>\n<li><strong>Hookah-Sound-Waves<\/strong>: Undele sonore integrate ale hookah-ului \u00eembun\u0103t\u0103\u021besc senza\u021bia unei experien\u021be autentice de shisha.<\/li>\n<\/ul>\n<h3>De ce ar trebui s\u0103-l <a href=\"https:\/\/alfakherwelt.de\/ro\/categorie-de-produse\/ai-fakher-crown-bar-12000\/\">Al Fakher Crown Bar 12000 PRO<\/a> ar trebui s\u0103 cumpere<\/h3>\n<p>Al Fakher Crown Bar 12000 PRO a fost dezvoltat pentru vapori care caut\u0103 cele mai bune caracteristici \u00een materie de durabilitate, arom\u0103 \u0219i u\u0219urin\u021b\u0103 \u00een utilizare. Cu 12.000 de pufuri, acest dispozitiv ofer\u0103 una dintre cele mai mari capacit\u0103\u021bi de pe pia\u021b\u0103 \u0219i este ideal pentru fanii vape-ului care caut\u0103 un vape de lung\u0103 durat\u0103 \u0219i f\u0103r\u0103 probleme. Datorit\u0103 bateriei re\u00eenc\u0103rcabile \u0219i sistemului rapid de \u00eenc\u0103rcare USB-C, pute\u021bi fi sigur c\u0103 dispozitivul dvs. este \u00eentotdeauna gata de utilizare atunci c\u00e2nd ave\u021bi nevoie de el.<\/p>\n<p>Acest produs ofer\u0103 nu numai performan\u021be excelente, ci \u0219i o experien\u021b\u0103 unic\u0103 similar\u0103 cu shisha, care este \u00eembun\u0103t\u0103\u021bit\u0103 de undele sonore Hookah. Pentru vaperii care iubesc experien\u021ba shisha, Al Fakher Crown Bar 12000 PRO este alegerea perfect\u0103.<\/p>\n<h3>Specifica\u021bii tehnice<\/h3>\n<ul>\n<li><strong>Trenuri<\/strong>: P\u00e2n\u0103 la 12.000 de trenuri<\/li>\n<li><strong>Con\u021binut de nicotin\u0103<\/strong>: 0,5% (5 mg)<\/li>\n<li><strong>Bobin\u0103<\/strong>: 0,6 Ohm Mesh-Spule \n\nbecomes \n\n: 0,6 Ohm Mesh coil \n\n Romanian translation \n\n: 0,6 Ohm bobin\u0103 Mesh<\/li>\n<li><strong>\u00cenc\u0103rcare<\/strong>: USB-Anschluss Typ C \n\nbecomes \n\n: Conector USB Tip C<\/li>\n<li><strong>Re\u00eenc\u0103rcabil<\/strong>: Da<\/li>\n<li><strong>Ecran digital<\/strong>: Da<\/li>\n<li><strong>F\u0103r\u0103 \u00eentre\u021binere<\/strong>: Da<\/li>\n<li><strong>Design<\/strong>: U\u0219or \u0219i compact<\/li>\n<\/ul>\n<h3>Descriere detaliat\u0103 a gustului<\/h3>\n<p>Un caracteristic\u0103 unic\u0103 a <a href=\"https:\/\/alfakherwelt.de\/ro\/categorie-de-produse\/ai-fakher-crown-bar-12000\/\"><strong>Al Fakher Crown Bar 12000 PRO<\/strong><\/a> sunt aromele sale excep\u021bionale. De remarcat \u00een special este gustul popular <strong>Mango Ice<\/strong>Gustul de Mango Ice este perfect echilibrat pentru a oferi at\u00e2t dulcea\u021b\u0103 fructat\u0103, c\u00e2t \u0219i o prospe\u021bime r\u0103coritoare, care face fiecare puf s\u0103 fie o pl\u0103cere.<\/p>\n<p><strong>Mango Ice<\/strong> Prinde gustul mango-urilor coapte \u0219i suculente \u0219i \u00eel completeaz\u0103 cu o not\u0103 de mentol rece \u0219i r\u0103coritoare. Gustul de mango fructat este intens, f\u0103r\u0103 a fi cople\u0219itor, iar nota de r\u0103ceal\u0103 asigur\u0103 o prospe\u021bime pl\u0103cut\u0103 care \u00eenvior\u0103\u0219te palatul. Fiecare puf ofer\u0103 un amestec armonios de dulcea\u021b\u0103 tropical\u0103 \u0219i prospe\u021bime rece, care face experien\u021ba de vaping incredibil de r\u0103coritoare.<\/p>\n<p>Acest gust este ideal pentru utilizarea zilnic\u0103, deoarece este potrivit at\u00e2t pentru vapori experimenta\u021bi, c\u00e2t \u0219i pentru \u00eencep\u0103tori. \u00cen special \u00een zilele calde, Mango Ice ofer\u0103 o r\u0103coare binevenit\u0103, care este at\u00e2t de fructuoas\u0103, c\u00e2t \u0219i de r\u0103coritoare, \u0219i ridic\u0103 experien\u021ba de vaporizare la un nou nivel.<\/p>\n<p>&nbsp;<\/p>\n<p>&nbsp;<\/p>\n<\/div>\n<h2><strong><img loading=\"lazy\" decoding=\"async\" class=\"alignnone wp-image-453 size-full\" src=\"https:\/\/alfakherwelt.de\/wp-content\/uploads\/2024\/09\/AI-Fakher-Crown-Bar-12000\uff081\uff09.webp\" alt=\"AI Fakher Crown Bar 12000 de trageri \u021bigar\u0103 electronic\u0103 de unic\u0103 folosin\u021b\u0103 - Mango Ice\" width=\"600\" height=\"600\" title=\"\" srcset=\"https:\/\/alfakherwelt.de\/wp-content\/uploads\/2024\/09\/AI-Fakher-Crown-Bar-12000\uff081\uff09.webp 600w, https:\/\/alfakherwelt.de\/wp-content\/uploads\/2024\/09\/AI-Fakher-Crown-Bar-12000\uff081\uff09-300x300.webp 300w, https:\/\/alfakherwelt.de\/wp-content\/uploads\/2024\/09\/AI-Fakher-Crown-Bar-12000\uff081\uff09-150x150.webp 150w, https:\/\/alfakherwelt.de\/wp-content\/uploads\/2024\/09\/AI-Fakher-Crown-Bar-12000\uff081\uff09-100x100.webp 100w\" sizes=\"auto, (max-width: 600px) 100vw, 600px\" \/><\/strong><\/h2>\n<h3>Concluzie<\/h3>\n<p>Der <strong>Al Fakher Crown Bar 12000 PRO<\/strong> este ultimul vape de unic\u0103 folosin\u021b\u0103 pentru fanii vape-ului care caut\u0103 o experien\u021b\u0103 de vaporizare de lung\u0103 durat\u0103 \u0219i cu un gust intens. Cu cele 12.000 de trageri, bateria re\u00eenc\u0103rcabil\u0103 \u0219i tehnologia avansat\u0103 a bobinei cu plas\u0103, acest dispozitiv ofer\u0103 tot ce \u0219i-ar dori cineva de la un vape de unic\u0103 folosin\u021b\u0103 premium. Comanda\u021bi Al Fakher Crown Bar 12000 PRO ast\u0103zi pe <a href=\"https:\/\/alfakherwelt.de\/ro\/\"><strong>alfakherwelt.de<\/strong><\/a>, cea mai mare platform\u0103 online din Germania pentru \u021big\u0103ri electronice de unic\u0103 folosin\u021b\u0103, \u0219i experimenta\u021bi vaporizarea la cel mai \u00eenalt nivel.<\/p>","protected":false},"excerpt":{"rendered":"<div class=\"flex-shrink-0 flex flex-col relative items-end\">\n<div class=\"pt-0\">\n<div class=\"gizmo-shadow-stroke flex h-8 w-8 items-center justify-center overflow-hidden rounded-full\">\n<div class=\"h-full w-full\">Al Fakher Crown Bar 12000 PRO este un vape de unic\u0103 folosin\u021b\u0103, re\u00eenc\u0103rcabil, cu p\u00e2n\u0103 la 12.000 de pufuri, tehnologie avansat\u0103 cu bobin\u0103 mesh, afi\u0219aj digital \u0219i o varietate de arome intense, care ofer\u0103 o experien\u021b\u0103 de vaping excep\u021bional\u0103 \u0219i de lung\u0103 durat\u0103.<\/div>\n<\/div>\n<\/div>\n<\/div>","protected":false},"featured_media":485,"comment_status":"open","ping_status":"closed","template":"","meta":[],"product_brand":[],"product_cat":[21],"product_tag":[],"class_list":{"0":"post-482","1":"product","2":"type-product","3":"status-publish","4":"has-post-thumbnail","6":"product_cat-ai-fakher-crown-bar-12000","8":"first","9":"outofstock","10":"sale","11":"shipping-taxable","12":"purchasable","13":"product-type-simple"},"jetpack_sharing_enabled":true,"_links":{"self":[{"href":"https:\/\/alfakherwelt.de\/ro\/wp-json\/wp\/v2\/product\/482","targetHints":{"allow":["GET"]}}],"collection":[{"href":"https:\/\/alfakherwelt.de\/ro\/wp-json\/wp\/v2\/product"}],"about":[{"href":"https:\/\/alfakherwelt.de\/ro\/wp-json\/wp\/v2\/types\/product"}],"replies":[{"embeddable":true,"href":"https:\/\/alfakherwelt.de\/ro\/wp-json\/wp\/v2\/comments?post=482"}],"wp:featuredmedia":[{"embeddable":true,"href":"https:\/\/alfakherwelt.de\/ro\/wp-json\/wp\/v2\/media\/485"}],"wp:attachment":[{"href":"https:\/\/alfakherwelt.de\/ro\/wp-json\/wp\/v2\/media?parent=482"}],"wp:term":[{"taxonomy":"product_brand","embeddable":true,"href":"https:\/\/alfakherwelt.de\/ro\/wp-json\/wp\/v2\/product_brand?post=482"},{"taxonomy":"product_cat","embeddable":true,"href":"https:\/\/alfakherwelt.de\/ro\/wp-json\/wp\/v2\/product_cat?post=482"},{"taxonomy":"product_tag","embeddable":true,"href":"https:\/\/alfakherwelt.de\/ro\/wp-json\/wp\/v2\/product_tag?post=482"}],"curies":[{"name":"wp","href":"https:\/\/api.w.org\/{rel}","templated":true}]}}