{"id":481,"date":"2024-09-18T02:17:45","date_gmt":"2024-09-18T02:17:45","guid":{"rendered":"https:\/\/alfakherwelt.de\/?post_type=product&#038;p=481"},"modified":"2026-03-06T07:09:23","modified_gmt":"2026-03-06T07:09:23","slug":"ai-fakher-crown-bar-12000-pufuri-tigara-electronica-de-unica-folosinta-dragoste-magica","status":"publish","type":"product","link":"https:\/\/alfakherwelt.de\/ro\/produs\/ai-fakher-crown-bar-12000-pufuri-tigara-electronica-de-unica-folosinta-dragoste-magica\/","title":{"rendered":"AI Fakher Crown Bar 12000 de trageri Hookah Sound  E-\u021bigar\u0103 de unic\u0103 folosin\u021b\u0103 \u2013 Magic Love"},"content":{"rendered":"<h2><strong><img loading=\"lazy\" decoding=\"async\" class=\"alignnone wp-image-450 size-full\" src=\"https:\/\/alfakherwelt.de\/wp-content\/uploads\/2024\/09\/AI-Fakher-Crown-Bar-12000\uff082\uff09.webp\" alt=\"AI Fakher Crown Bar 12000 de trageri \u021bigar\u0103 electronic\u0103 de unic\u0103 folosin\u021b\u0103 - Magic Love\" width=\"1837\" height=\"2522\" title=\"\" srcset=\"https:\/\/alfakherwelt.de\/wp-content\/uploads\/2024\/09\/AI-Fakher-Crown-Bar-12000\uff082\uff09.webp 1837w, https:\/\/alfakherwelt.de\/wp-content\/uploads\/2024\/09\/AI-Fakher-Crown-Bar-12000\uff082\uff09-219x300.webp 219w, https:\/\/alfakherwelt.de\/wp-content\/uploads\/2024\/09\/AI-Fakher-Crown-Bar-12000\uff082\uff09-746x1024.webp 746w, https:\/\/alfakherwelt.de\/wp-content\/uploads\/2024\/09\/AI-Fakher-Crown-Bar-12000\uff082\uff09-768x1054.webp 768w, https:\/\/alfakherwelt.de\/wp-content\/uploads\/2024\/09\/AI-Fakher-Crown-Bar-12000\uff082\uff09-1119x1536.webp 1119w, https:\/\/alfakherwelt.de\/wp-content\/uploads\/2024\/09\/AI-Fakher-Crown-Bar-12000\uff082\uff09-1492x2048.webp 1492w, https:\/\/alfakherwelt.de\/wp-content\/uploads\/2024\/09\/AI-Fakher-Crown-Bar-12000\uff082\uff09-600x824.webp 600w\" sizes=\"auto, (max-width: 1837px) 100vw, 1837px\" \/><\/strong><\/h2>\n<h2><a href=\"https:\/\/alfakherwelt.de\/ro\/\">Al Fakher<\/a> Crown Bar 12000 PRO \u2013 Vaporizator de unic\u0103 folosin\u021b\u0103 cu nicotin\u0103 | Favoritul \u00een Germania<\/h2>\n<p><strong>Descoper\u0103 Al Fakher Crown Bar 12000 PRO<\/strong> - alegerea suprem\u0103 pentru vapori care caut\u0103 o experien\u021b\u0103 u\u0219oar\u0103 \u0219i puternic\u0103. Acest dispozitiv avansat de vape de unic\u0103 folosin\u021b\u0103 ofer\u0103 nu numai un design excep\u021bional, ci combin\u0103 tehnologiile lumii e-\u021big\u0103rilor cu senza\u021bia familiar\u0103 a unei pipe de ap\u0103.<\/p>\n<h3>Descrierea produsului:<\/h3>\n<p>Der <strong><a href=\"https:\/\/alfakherwelt.de\/ro\/categorie-de-produse\/ai-fakher-crown-bar-12000\/\">Al Fakher Crown Bar 12000 PRO<\/a> Vaporizator de unic\u0103 folosin\u021b\u0103<\/strong> este un produs inovativ care \u00ee\u021bi ofer\u0103 p\u00e2n\u0103 la 12.000 de pufuri - ideal pentru o experien\u021b\u0103 \u00eendelungat\u0103 f\u0103r\u0103 compromisuri. Cu o <strong>0,6-Ohm-Mesh-Spule \n\nbecame \n\n bobin\u0103 Mesh de 0,6 ohmi<\/strong> ofer\u0103 nori de abur intensi \u0219i densi, precum \u0219i o experien\u021b\u0103 de vaporizare aromat\u0103 bogat\u0103, care v\u0103 va \u00eenc\u00e2nta sim\u021burile.<\/p>\n<p>Un alt punct culminant este cel \u00eencorporat <strong>ecran digital<\/strong>, care afi\u0219eaz\u0103 indicatorul de acumulator \u0219i nivelul de ulei. Astfel, vei avea \u00eentotdeauna o imagine de ansamblu \u0219i vei putea asigura c\u0103 dispozitivul t\u0103u este \u00eentotdeauna gata de utilizare. Cu ajutorul <strong>Func\u021bie de \u00eenc\u0103rcare rapid\u0103 Type-C<\/strong> Vaporul t\u0103u este re\u00eenc\u0103rcat complet \u00een cel mai scurt timp, ceea ce este extrem de practic atunci c\u00e2nd e\u0219ti \u00een deplasare.<\/p>\n<p><strong>Unde sonore integrate pentru ap\u0103 \u0219i tutun de narghilea<\/strong> simuleaz\u0103 experien\u021ba sonor\u0103 familiar\u0103 a fumatului de shisha, ceea ce face pl\u0103cerea \u0219i mai autentic\u0103. Designul elegant \u0219i suplu face ca <strong>Al Fakher Crown Bar 12000 PRO<\/strong> adev\u0103rat punct de atrac\u021bie - ideal pentru vapoare stilate care nu numai c\u0103 apreciaz\u0103 performan\u021ba, ci \u0219i estetica.<\/p>\n<h3>Propriet\u0103\u021bi speciale:<\/h3>\n<ul>\n<li><strong>12.000 de trageri pe dispozitiv<\/strong> - Una dintre cele mai durabile vape-uri de unic\u0103 folosin\u021b\u0103 de pe pia\u021b\u0103<\/li>\n<li><strong>Bobin\u0103 cu ochiuri<\/strong> (0,6 Ohm) pentru arom\u0103 intens\u0103 \u0219i nori de vapori densi<\/li>\n<li><strong>Re\u00eenc\u0103rcabil<\/strong> prin \u00eenc\u0103rcare rapid\u0103 USB Type-C<\/li>\n<li><strong>Ecran digital<\/strong> pentru controlul nivelului bateriei \u0219i uleiului<\/li>\n<li><strong>Design u\u0219or \u0219i elegant<\/strong> - se potrive\u0219te perfect \u00een orice buzunar<\/li>\n<li><strong>Undele sonore ale pipei de ap\u0103<\/strong> pentru o experien\u021b\u0103 autentic\u0103 de shisha<\/li>\n<li><strong>Vaping direct \u00een pl\u0103m\u00e2ni (DTL)<\/strong> pentru un gust mai puternic<\/li>\n<\/ul>\n<h3>De ce tu <a href=\"https:\/\/alfakherwelt.de\/ro\/categorie-de-produse\/ai-fakher-crown-bar-12000\/\">Al Fakher Crown Bar 12000 PRO<\/a> ar trebui s\u0103 cumperi:<\/h3>\n<p>Die <strong>Al Fakher Crown Bar 12000 PRO<\/strong> Este alegerea perfect\u0103 pentru to\u021bi cei care apreciaz\u0103 confortul unui vape de unic\u0103 folosin\u021b\u0103 \u0219i, \u00een acela\u0219i timp, nu vor s\u0103 renun\u021be la o experien\u021b\u0103 intens\u0103 \u0219i autentic\u0103. Cu un num\u0103r mare de pufuri \u0219i tehnologie re\u00eenc\u0103rcabil\u0103, aceasta asigur\u0103 c\u0103 vei avea parte de o experien\u021b\u0103 \u00eendelungat\u0103 \u0219i pl\u0103cut\u0103 cu vape-ul t\u0103u. Designul s\u0103u ergonomic o face nu numai un \u00eenso\u021bitor practic, ci \u0219i un adev\u0103rat punct de atrac\u021bie.<\/p>\n<hr \/>\n<h2>O c\u0103l\u0103torie prin aromele <a href=\"https:\/\/alfakherwelt.de\/ro\/categorie-de-produse\/ai-fakher-crown-bar-12000\/\">Al Fakher Crown Bar 12000 PRO<\/a><\/h2>\n<p><strong>Magic Love<\/strong>, steaua printre arome, aduce un amestec fascinant care te va vr\u0103ji. Dar ce se afl\u0103 exact \u00een spatele acestuia \u0219i cum de experimenteaz\u0103 papilele tale gustative aceste nuan\u021be \u00eentr-un mod at\u00e2t de intens? Hai s\u0103 p\u0103trundem \u00een lumea aromelor:<\/p>\n<h3>Magic Love \u2013 Fuziunea seduc\u0103toare<\/h3>\n<p>Aceast\u0103 arom\u0103 este o combina\u021bie magistral\u0103 de note dulci \u0219i fructate care explodeaz\u0103 imediat pe limb\u0103. Prima \u021b\u00e2\u0219nitur\u0103 de <strong>Magic Love<\/strong> aduce\u021bi o salat\u0103 de fructe suculent\u0103 cu o not\u0103 de fructe tropicale \u0219i fructe de p\u0103dure care se armonizeaz\u0103 perfect \u00eentre ele. Amestecul echilibrat din <strong>c\u0103p\u0219uni dulci, ananas suculent<\/strong> \u0219i o not\u0103 u\u0219oar\u0103 de <strong>Exotik<\/strong> Acest lucru face ca aceast\u0103 arom\u0103 s\u0103 fie unic\u0103.  Este ca \u0219i cum ai mu\u0219ca  \u00eentr-un parfait de fructe proasp\u0103t amestecate \u00eentr-o zi de var\u0103 fierbinte - r\u0103coritor \u0219i incredibil de satisf\u0103c\u0103tor.<\/p>\n<p>urmeaz\u0103 o subtil\u0103 dulcea\u021b\u0103, care este accentuat\u0103 de <strong>moale, cremoas\u0103<\/strong> Accentele sunt rotunjite. Acest lucru confer\u0103 compozi\u021biei de arom\u0103 profunzime \u0219i asigur\u0103 o experien\u021b\u0103 lung\u0103 \u0219i intens\u0103, care se r\u0103sp\u00e2nde\u0219te u\u0219or \u00een gur\u0103. Aceast\u0103 <strong>dulce \u0219i fructuos<\/strong> Armonia \u00ee\u021bi duce sim\u021burile gustative \u00eentr-o c\u0103l\u0103torie pe care nu o vei uita prea cur\u00e2nd.<\/p>\n<p>Die <strong>Echilibru de arome<\/strong> Este perfect armonizat - nicio not\u0103 nu supar\u0103 pe cealalt\u0103, astfel \u00eenc\u00e2t s\u0103 po\u021bi aprecia pe deplin fiecare detaliu. Acest mix armonios face <strong>Magic Love<\/strong> unei dintre aromele cele mai populare pentru to\u021bi cei care iubesc at\u00e2t prospe\u021bimea, c\u00e2t \u0219i dulcea\u021ba.<\/p>\n<hr \/>\n<h3>Detalii tehnice:<\/h3>\n<ul>\n<li><strong>Nikotingehalt: \n Cont\u021binut de nicotin\u0103:<\/strong> 0,5 % (5 mg)<\/li>\n<li><strong>Bobin\u0103:<\/strong> 0,6 Ohm Mesh-Spule f\u00fcr dichte Dampfwolken \nse traduce in \n0.6 Ohm mesh coil pentru nori de abur den\u0219i<\/li>\n<li><strong>\u00cenc\u0103rcare:<\/strong> Conector USB Type-C<\/li>\n<li><strong>Trenuri:<\/strong> P\u00e2n\u0103 la 12.000 pe dispozitiv<\/li>\n<li><strong>Ecran:<\/strong> Ecran digital pentru controlul nivelului bateriei \u0219i uleiului<\/li>\n<li><strong>Design<\/strong> Dispozitiv reutilizabil de unic\u0103 folosin\u021b\u0103 cu design u\u0219or \u0219i elegant<\/li>\n<\/ul>\n<hr \/>\n<h2>Dein Einweg Vape von Al Fakher auf \n De vape de unic\u0103 folosin\u021b\u0103 de la Al Fakher <a href=\"https:\/\/alfakherwelt.de\/ro\/\"><strong>alfakherwelt.de<\/strong><\/a> Cump\u0103r\u0103!<\/h2>\n<p>Dac\u0103 e\u0219ti \u00een c\u0103utarea unui <strong>Vape de unic\u0103 folosin\u021b\u0103 \u00een Germania<\/strong> e\u0219ti convins nu numai \u00een ceea ce prive\u0219te designul, ci \u0219i performan\u021ba, atunci e\u0219ti pe punctul de a lua decizia corect\u0103, fiind vorba despre <strong>Al Fakher Crown Bar 12000 PRO<\/strong> alegerea ideal\u0103. Pe <strong>alfakherwelt.de<\/strong>, cea mai mare platform\u0103 online pentru vape-uri de unic\u0103 folosin\u021b\u0103 din Germania, g\u0103se\u0219ti acest produs de top.<\/p>\n<p>Indiferent dac\u0103 e\u015fti \u00eencep\u0103tor sau un vaper experimentat, cele <strong>Al Fakher Crown Bar 12000 PRO<\/strong> Ofer\u0103 echilibrul perfect \u00eentre inova\u021bie, gust \u0219i confort. Prive\u0219te azi \u0219i experimenteaz\u0103 cea mai bun\u0103 experien\u021b\u0103 de vaping disponibil\u0103 \u00een prezent.<\/p>\n<hr \/>\n<h3>Concluzie:<\/h3>\n<p>Der <strong><a href=\"https:\/\/alfakherwelt.de\/ro\/categorie-de-produse\/ai-fakher-crown-bar-12000\/\">Al Fakher Crown Bar 12000 PRO<\/a> Vaporizator de unic\u0103 folosin\u021b\u0103<\/strong> este o clas\u0103 aparte. Cu p\u00e2n\u0103 la 12.000 de trageri, o baterie re\u00eenc\u0103rcabil\u0103 \u0219i un design elegant, acest dispozitiv \u00eendepline\u0219te toate dorin\u021bele pe care le-ar putea avea vaperii. Combina\u021bia dintre tehnologii moderne \u0219i experien\u021ba tradi\u021bional\u0103 a shisha face ca acest produs s\u0103 fie un must-have pentru vaperii din Germania.<\/p>\n<p>Mai ales \n( or  \u00een special ) <strong>Magic Love arom\u0103<\/strong> te va transporta \u00eentr-o lume plin\u0103 de arome dulci \u0219i exotice care te vor entuziasma. Comand\u0103 acum pe <a href=\"https:\/\/alfakherwelt.de\/ro\/\"><strong>alfakherwelt.de<\/strong><\/a> \u0219i intr\u0103 \u00eentr-o lume nou\u0103 a vapingului.<\/p>","protected":false},"excerpt":{"rendered":"<div class=\"flex-shrink-0 flex flex-col relative items-end\">\n<div class=\"pt-0\">\n<div class=\"gizmo-shadow-stroke flex h-8 w-8 items-center justify-center overflow-hidden rounded-full\">\n<div class=\"h-full w-full\">Al Fakher Crown Bar 12000 PRO \u021bigara electronic\u0103 de unic\u0103 folosin\u021b\u0103 integreaz\u0103 tehnologie avansat\u0103 cu un design elegant \u0219i ofer\u0103 p\u00e2n\u0103 la 12.000 de pufuri, un gust intens datorit\u0103 bobinei Mesh de 0,6 Ohm, o baterie re\u00eenc\u0103rcabil\u0103, precum \u0219i un ecran digital, pentru a experimenta vaporizarea la cel mai \u00eenalt nivel.<\/div>\n<\/div>\n<\/div>\n<\/div>","protected":false},"featured_media":484,"comment_status":"open","ping_status":"closed","template":"","meta":[],"product_brand":[],"product_cat":[21],"product_tag":[],"class_list":{"0":"post-481","1":"product","2":"type-product","3":"status-publish","4":"has-post-thumbnail","6":"product_cat-ai-fakher-crown-bar-12000","8":"first","9":"outofstock","10":"sale","11":"shipping-taxable","12":"purchasable","13":"product-type-simple"},"jetpack_sharing_enabled":true,"_links":{"self":[{"href":"https:\/\/alfakherwelt.de\/ro\/wp-json\/wp\/v2\/product\/481","targetHints":{"allow":["GET"]}}],"collection":[{"href":"https:\/\/alfakherwelt.de\/ro\/wp-json\/wp\/v2\/product"}],"about":[{"href":"https:\/\/alfakherwelt.de\/ro\/wp-json\/wp\/v2\/types\/product"}],"replies":[{"embeddable":true,"href":"https:\/\/alfakherwelt.de\/ro\/wp-json\/wp\/v2\/comments?post=481"}],"wp:featuredmedia":[{"embeddable":true,"href":"https:\/\/alfakherwelt.de\/ro\/wp-json\/wp\/v2\/media\/484"}],"wp:attachment":[{"href":"https:\/\/alfakherwelt.de\/ro\/wp-json\/wp\/v2\/media?parent=481"}],"wp:term":[{"taxonomy":"product_brand","embeddable":true,"href":"https:\/\/alfakherwelt.de\/ro\/wp-json\/wp\/v2\/product_brand?post=481"},{"taxonomy":"product_cat","embeddable":true,"href":"https:\/\/alfakherwelt.de\/ro\/wp-json\/wp\/v2\/product_cat?post=481"},{"taxonomy":"product_tag","embeddable":true,"href":"https:\/\/alfakherwelt.de\/ro\/wp-json\/wp\/v2\/product_tag?post=481"}],"curies":[{"name":"wp","href":"https:\/\/api.w.org\/{rel}","templated":true}]}}