{"id":477,"date":"2024-09-18T01:55:58","date_gmt":"2024-09-18T01:55:58","guid":{"rendered":"https:\/\/alfakherwelt.de\/?post_type=product&#038;p=477"},"modified":"2025-11-20T01:14:21","modified_gmt":"2025-11-20T01:14:21","slug":"ai-fakher-crown-bar-12000-pufuri-tigara-electronica-de-unica-folosinta-gheata-luxurianta","status":"publish","type":"product","link":"https:\/\/alfakherwelt.de\/ro\/produs\/ai-fakher-crown-bar-12000-pufuri-tigara-electronica-de-unica-folosinta-gheata-luxurianta\/","title":{"rendered":"AI Fakher Crown Bar 12000 de trageri Hookah Sound  E-\u021bigar\u0103 de unic\u0103 folosin\u021b\u0103 \u2013 Lush Ice"},"content":{"rendered":"<h2><strong><img loading=\"lazy\" decoding=\"async\" class=\"alignnone wp-image-450 size-full\" src=\"https:\/\/alfakherwelt.de\/wp-content\/uploads\/2024\/09\/AI-Fakher-Crown-Bar-12000\uff082\uff09.webp\" alt=\"AI Fakher Crown Bar 12000 de trageri \u021aigaret\u0103 electronic\u0103 de unic\u0103 folosin\u021b\u0103 - Lush Ice\" width=\"1837\" height=\"2522\" title=\"\" srcset=\"https:\/\/alfakherwelt.de\/wp-content\/uploads\/2024\/09\/AI-Fakher-Crown-Bar-12000\uff082\uff09.webp 1837w, https:\/\/alfakherwelt.de\/wp-content\/uploads\/2024\/09\/AI-Fakher-Crown-Bar-12000\uff082\uff09-219x300.webp 219w, https:\/\/alfakherwelt.de\/wp-content\/uploads\/2024\/09\/AI-Fakher-Crown-Bar-12000\uff082\uff09-746x1024.webp 746w, https:\/\/alfakherwelt.de\/wp-content\/uploads\/2024\/09\/AI-Fakher-Crown-Bar-12000\uff082\uff09-768x1054.webp 768w, https:\/\/alfakherwelt.de\/wp-content\/uploads\/2024\/09\/AI-Fakher-Crown-Bar-12000\uff082\uff09-1119x1536.webp 1119w, https:\/\/alfakherwelt.de\/wp-content\/uploads\/2024\/09\/AI-Fakher-Crown-Bar-12000\uff082\uff09-1492x2048.webp 1492w, https:\/\/alfakherwelt.de\/wp-content\/uploads\/2024\/09\/AI-Fakher-Crown-Bar-12000\uff082\uff09-600x824.webp 600w\" sizes=\"auto, (max-width: 1837px) 100vw, 1837px\" \/><\/strong><\/h2>\n<h2><a href=\"https:\/\/alfakherwelt.de\/ro\/\">AI Fakher<\/a> Crown Bar 12000 PRO <a href=\"https:\/\/alfakherwelt.de\/ro\/\">E-Zigarette de unic\u0103 folosin\u021b\u0103<\/a> - Experien\u021ba suprem\u0103 de vaporizare \u00een Germania<\/h2>\n<h3>Descrierea produsului<\/h3>\n<p>Der <strong>AI Fakher Crown Bar 12000 PRO Einweg-Vape Pod -&gt; AI Fakher Crown Bar 12000 PRO Disposable Vape Pod<\/strong> combin\u0103 tehnologia modern\u0103 de vaporizare cu o not\u0103 de farmecul \u021big\u0103rii cu ap\u0103. Aceast\u0103 \u021bigar\u0103 electronic\u0103 de unic\u0103 folosin\u021b\u0103 remarcabil\u0103 ofer\u0103 p\u00e2n\u0103 la <strong>12.000 trenuri<\/strong>, ceea ce o face una dintre cele mai durabile dispozitive de vaporizare de pe pia\u021b\u0103. Bateria re\u00eenc\u0103rcabil\u0103 garanteaz\u0103 o experien\u021b\u0103 de tragere constant pl\u0103cut\u0103, de la prima p\u00e2n\u0103 la ultima tragere. \u00cen plus, dispozitivul dispune de o tehnologie avansat\u0103 <strong>0,6 Ohm re\u021bea de bobine<\/strong>care asigur\u0103 arome intense \u0219i dense \u0219i astfel ridic\u0103 experien\u021ba de vaping la urm\u0103torul nivel.<\/p>\n<p>Baronul coroanei AI Fakher este ideal pentru to\u021bi cei care caut\u0103 un dispozitiv de vapare simplu, dar puternic, care combin\u0103 at\u00e2t gustul, c\u00e2t \u0219i u\u0219urin\u021ba \u00een utilizare. Indiferent dac\u0103 sunte\u021bi un vapator experimentat sau un \u00eencep\u0103tor, acest vape-pod va satisface nevoile dvs.<\/p>\n<h3>Caracteristici cheie von <a href=\"https:\/\/alfakherwelt.de\/ro\/categorie-de-produse\/ai-fakher-crown-bar-12000\/\">AI Fakher Crown Bar 12000 PRO<\/a><\/h3>\n<ul>\n<li><strong>12.000 trenuri pe dispozitiv:<\/strong> Cu o capacitate de tren de p\u00e2n\u0103 la 12.000 de puffs, aceasta este una dintre cele mai durabile \u021big\u0103ri electronice de unic\u0103 folosin\u021b\u0103 de pe pia\u021b\u0103. Ideal pentru \u0219edin\u021be lungi de vaporizare f\u0103r\u0103 re\u00eenc\u0103rc\u0103ri frecvente sau \u00eenlocuiri.<\/li>\n<li><strong>Tehnologia de \u00eenf\u0103\u0219urare a ochiurilor:<\/strong> Datorit\u0103 bobinei avansate de 0,6 ohmi mesh, acest dispozitiv produce nori densi \u0219i aromatici, \u00eembun\u0103t\u0103\u021bind astfel considerabil experien\u021ba de gust.<\/li>\n<li><strong>Design u\u0219or \u0219i elegant:<\/strong> Designul elegant al dispozitivului asigur\u0103 o prindere confortabil\u0103 \u0219i un aspect stilos. Un adev\u0103rat punct de atrac\u021bie atunci c\u00e2nd e\u0219ti \u00een deplasare.<\/li>\n<li><strong>Unde sonore integrate pentru ap\u0103 \u0219i tutun:<\/strong> Pentru to\u021bi cei care simt c\u0103 le lipse\u0219te senza\u021bia unei pipe tradi\u021bionale de ap\u0103, dispozitivul ofer\u0103 o tehnologie de sunet care face experien\u021ba de vaporizare \u0219i mai autentic\u0103.<\/li>\n<li><strong>Sistem de \u00eenc\u0103rcare rapid\u0103 de tip C:<\/strong> Cu conexiunea de tip C, \u00eenc\u0103rcarea este rapid\u0103 \u0219i eficient\u0103 - perfect\u0103 pentru cei care sunt adesea \u00een deplasare \u0219i doresc ca dispozitivul lor s\u0103 fie \u00eentotdeauna gata de utilizare.<\/li>\n<li><strong>Direct Pull Lung (DTL)<\/strong> AI Fakher Crown Bar 12000 PRO permite o inhalare direct\u0103 \u00een pl\u0103m\u00e2ni pentru o experien\u021b\u0103 de gust mai intens\u0103 \u0219i un efect mai puternic al lichidului de vape.<\/li>\n<\/ul>\n<h3>Arome - Gust intens mai fiecare puf<\/h3>\n<p>Varia\u021biile de arom\u0103 ale AI Fakher Crown Bar 12000 PRO sunt diverse \u0219i excep\u021bionale. De la dulce p\u00e2n\u0103 la fructat, fiecare variant\u0103 de arom\u0103 ofer\u0103 o experien\u021b\u0103 de gust unic\u0103. Iat\u0103 c\u00e2teva descrieri detaliate ale aromelor disponibile:<\/p>\n<h4>Lush Ice<\/h4>\n<p>Das <strong>Lush Ice<\/strong>-Aroma ofer\u0103 combina\u021bia perfect\u0103 de pepene verde suculent \u0219i o not\u0103 r\u0103coritoare de mentol. Gustul dulce al pepenelui verde este perfect echilibrat de mentolul r\u0103coritor, cre\u00e2nd o experien\u021b\u0103 de vaporizare de neuitat. Fiecare puf se simte ca \u0219i cum ai bea un smoothie de pepene verde proasp\u0103t \u0219i r\u0103coritor, ideal pentru zilele calde de var\u0103 sau atunci c\u00e2nd dore\u0219ti pur \u0219i simplu s\u0103 te r\u0103core\u0219ti.<\/p>\n<p>&nbsp;<\/p>\n<h3>De ce ar trebui s\u0103 cump\u0103ra\u021bi de la alfakherwelt.de<\/h3>\n<ul>\n<li><strong>Cel mai mare magazin online de \u021big\u0103ri electronice de unic\u0103 folosin\u021b\u0103 din Germania:<\/strong> Pe <a href=\"https:\/\/alfakherwelt.de\/ro\/\"><strong>alfakherwelt.de<\/strong><\/a> G\u0103si\u021bi cea mai mare selec\u021bie de vape-uri de unic\u0103 folosin\u021b\u0103 de \u00eenalt\u0103 calitate, inclusiv AI Fakher Crown Bar 12000 PRO.<\/li>\n<li><strong>Livrare rapid\u0103:<\/strong> Ne asigur\u0103m c\u0103 comanda dvs. este livrat\u0103 rapid \u0219i \u00een siguran\u021b\u0103 la domiciliul dvs.<\/li>\n<li><strong>Satisfac\u021bia clien\u021bilor:<\/strong> Serviciul nostru clien\u021bi este \u00eentotdeauna aici pentru dvs. \u0219i se asigur\u0103 c\u0103 experien\u021ba dvs. de cump\u0103rare la noi este c\u00e2t mai pl\u0103cut\u0103 posibil.<\/li>\n<li><strong>V\u00e2nzare exclusiv\u0103:<\/strong> Doar la noi primi\u021bi produsele originale AI Fakher, nici o imita\u021bie sau alternative inferioare.<\/li>\n<\/ul>\n<h3>Detalii tehnice ale AI Fakher Crown Bar 12000 PRO<\/h3>\n<ul>\n<li><strong>Trenuri:<\/strong> P\u00e2n\u0103 la 12.000<\/li>\n<li><strong>Nikotin\u0103:<\/strong> 5 mg (0,5%)<\/li>\n<li><strong>Bobin\u0103:<\/strong> 0,6 Ohm re\u021bea de bobine<\/li>\n<li><strong>\u00cenc\u0103rcare:<\/strong> Conector USB-C<\/li>\n<li><strong>Re\u00eenc\u0103rcabil:<\/strong> Da<\/li>\n<li><strong>Ecran digital:<\/strong> Arat\u0103 starea acumulatorului \u0219i nivelul lichidului<\/li>\n<li><strong>F\u0103r\u0103 \u00eentre\u021binere:<\/strong> Nu este necesar\u0103 re\u00eenc\u0103rcarea sau cur\u0103\u021barea<\/li>\n<li><strong>Greutate:<\/strong> U\u0219or \u0219i compact<\/li>\n<\/ul>\n<h3>Concluzie \u2013 Perfec\u021biune pentru fiecare vaporizator<\/h3>\n<p>Der <strong>AI Fakher Crown Bar 12000 PRO<\/strong> nu este doar o \u021bigar\u0103 electronic\u0103 de unic\u0103 folosin\u021b\u0103, ci un \u00eenso\u021bitor real pentru o experien\u021b\u0103 intensiv\u0103 \u0219i de lung\u0103 durat\u0103 de vaporizare. Datorit\u0103 <strong>12.000 trenuri<\/strong>Cu designul s\u0103u elegant \u0219i tehnologia avansat\u0103, acest dispozitiv ofer\u0103 totul ceea ce un vaporizator modern \u0219i-ar dori. Descoperi\u021bi aromele versatile \u0219i experimenta\u021bi combina\u021bia perfect\u0103 de gust \u0219i confort.<\/p>\n<p>Vizitati-ne pe <a href=\"https:\/\/alfakherwelt.de\/ro\/\"><strong>alfakherwelt.de<\/strong><\/a>, cea mai mare platform\u0103 pentru \u021big\u0103ri electronice de unic\u0103 folosin\u021b\u0103 din Germania, \u0219i ob\u021bine\u021bi-le pe cele <strong>AI Fakher Crown Bar 12000 PRO<\/strong> Ast\u0103zi!<\/p>","protected":false},"excerpt":{"rendered":"<div class=\"flex-shrink-0 flex flex-col relative items-end\">\n<div class=\"pt-0\">\n<div class=\"gizmo-shadow-stroke flex h-8 w-8 items-center justify-center overflow-hidden rounded-full\">\n<div class=\"h-full w-full\">Der <strong>AI Fakher Crown Bar 12000 PRO Einweg-Vape Pod -&gt; AI Fakher Crown Bar 12000 PRO Disposable Vape Pod<\/strong> Ofer\u0103 p\u00e2n\u0103 la 12.000 de pufuri, tehnologie avansat\u0103 de bobin\u0103 mesh, design elegant, o conexiune de \u00eenc\u0103rcare rapid\u0103 de tip C \u0219i o varietate de arome intense care garanteaz\u0103 o experien\u021b\u0103 de vaping de lung\u0103 durat\u0103 \u0219i de neegalat.<\/div>\n<\/div>\n<\/div>\n<\/div>","protected":false},"featured_media":480,"comment_status":"open","ping_status":"closed","template":"","meta":[],"product_brand":[],"product_cat":[21],"product_tag":[],"class_list":{"0":"post-477","1":"product","2":"type-product","3":"status-publish","4":"has-post-thumbnail","6":"product_cat-ai-fakher-crown-bar-12000","8":"first","9":"outofstock","10":"sale","11":"shipping-taxable","12":"purchasable","13":"product-type-simple"},"jetpack_sharing_enabled":true,"_links":{"self":[{"href":"https:\/\/alfakherwelt.de\/ro\/wp-json\/wp\/v2\/product\/477","targetHints":{"allow":["GET"]}}],"collection":[{"href":"https:\/\/alfakherwelt.de\/ro\/wp-json\/wp\/v2\/product"}],"about":[{"href":"https:\/\/alfakherwelt.de\/ro\/wp-json\/wp\/v2\/types\/product"}],"replies":[{"embeddable":true,"href":"https:\/\/alfakherwelt.de\/ro\/wp-json\/wp\/v2\/comments?post=477"}],"wp:featuredmedia":[{"embeddable":true,"href":"https:\/\/alfakherwelt.de\/ro\/wp-json\/wp\/v2\/media\/480"}],"wp:attachment":[{"href":"https:\/\/alfakherwelt.de\/ro\/wp-json\/wp\/v2\/media?parent=477"}],"wp:term":[{"taxonomy":"product_brand","embeddable":true,"href":"https:\/\/alfakherwelt.de\/ro\/wp-json\/wp\/v2\/product_brand?post=477"},{"taxonomy":"product_cat","embeddable":true,"href":"https:\/\/alfakherwelt.de\/ro\/wp-json\/wp\/v2\/product_cat?post=477"},{"taxonomy":"product_tag","embeddable":true,"href":"https:\/\/alfakherwelt.de\/ro\/wp-json\/wp\/v2\/product_tag?post=477"}],"curies":[{"name":"wp","href":"https:\/\/api.w.org\/{rel}","templated":true}]}}