{"id":475,"date":"2024-09-18T01:55:50","date_gmt":"2024-09-18T01:55:50","guid":{"rendered":"https:\/\/alfakherwelt.de\/?post_type=product&#038;p=475"},"modified":"2026-04-03T01:20:27","modified_gmt":"2026-04-03T01:20:27","slug":"ai-fakher-crown-bar-12000-pufuri-tigara-electronica-de-unica-folosinta-lamaie-menta","status":"publish","type":"product","link":"https:\/\/alfakherwelt.de\/ro\/produs\/ai-fakher-crown-bar-12000-pufuri-tigara-electronica-de-unica-folosinta-lamaie-menta\/","title":{"rendered":"AI Fakher Crown Bar 12000 de trageri Hookah Sound  E-\u021bigar\u0103 de unic\u0103 folosin\u021b\u0103 \u2013 L\u0103m\u00e2ie Ment\u0103"},"content":{"rendered":"<h2><strong><a href=\"https:\/\/alfakherwelt.de\/ro\/\"><img loading=\"lazy\" decoding=\"async\" class=\"alignnone wp-image-456 size-full\" src=\"https:\/\/alfakherwelt.de\/wp-content\/uploads\/2024\/09\/AI-Fakher-Crown-Bar-12000.webp\" alt=\"AI Fakher Crown Bar 12000 de trageri \u021bigar\u0103 electronic\u0103 de unic\u0103 folosin\u021b\u0103 - L\u0103m\u00e2ie Ment\u0103\" width=\"1080\" height=\"1080\" title=\"\" srcset=\"https:\/\/alfakherwelt.de\/wp-content\/uploads\/2024\/09\/AI-Fakher-Crown-Bar-12000.webp 1080w, https:\/\/alfakherwelt.de\/wp-content\/uploads\/2024\/09\/AI-Fakher-Crown-Bar-12000-300x300.webp 300w, https:\/\/alfakherwelt.de\/wp-content\/uploads\/2024\/09\/AI-Fakher-Crown-Bar-12000-1024x1024.webp 1024w, https:\/\/alfakherwelt.de\/wp-content\/uploads\/2024\/09\/AI-Fakher-Crown-Bar-12000-150x150.webp 150w, https:\/\/alfakherwelt.de\/wp-content\/uploads\/2024\/09\/AI-Fakher-Crown-Bar-12000-768x768.webp 768w, https:\/\/alfakherwelt.de\/wp-content\/uploads\/2024\/09\/AI-Fakher-Crown-Bar-12000-600x600.webp 600w, https:\/\/alfakherwelt.de\/wp-content\/uploads\/2024\/09\/AI-Fakher-Crown-Bar-12000-100x100.webp 100w\" sizes=\"auto, (max-width: 1080px) 100vw, 1080px\" \/><\/a><\/strong><strong><a href=\"https:\/\/alfakherwelt.de\/ro\/\">Al Fakher<\/a> Crown Bar 12000 PRO \u2013 Viitorul <a href=\"https:\/\/alfakherwelt.de\/ro\/\">E-Zigarete de unic\u0103 folosin\u021b\u0103<\/a><\/strong><\/h2>\n<h2><\/h2>\n<h3><strong>Descrierea produsului<\/strong><\/h3>\n<p>Der <a href=\"https:\/\/alfakherwelt.de\/ro\/categorie-de-produse\/ai-fakher-crown-bar-12000\/\"><strong>Al Fakher Crown Bar 12000 PRO<\/strong><\/a> ridic\u0103 vape-ul la un nivel complet nou. Acest dispozitiv de unic\u0103 folosin\u021b\u0103 de prim\u0103 clas\u0103 combin\u0103 tehnologia de ultim\u0103 or\u0103 cu experien\u021ba distinctiv\u0103 a unei pipe de ap\u0103. Cu o capacitate impresionant\u0103 de <strong>12.000 de trenuri<\/strong> Per dispozitiv, acest Vape este un adev\u0103rat lider pe pia\u021b\u0103. Indiferent dac\u0103 sunte\u021bi un vaporizator obi\u0219nuit sau cineva care caut\u0103 un vape durabil \u0219i de \u00eencredere, Crown Bar 12000 PRO nu v\u0103 va dezam\u0103gi.<\/p>\n<p>Datorit\u0103 inovatoarelor <strong>0,6 Ohm Mesh-Coil-Technologie<\/strong> experimenta\u021bi nori de abur intensi, aroma\u021bi \u0219i densi, care fac fiecare puf s\u0103 fie o pl\u0103cere. \u00cen plus, dispozitivul este echipat cu un <strong>afi\u0219aj digital<\/strong> dotat cu un afi\u0219aj care arat\u0103 at\u00e2t durata de via\u021b\u0103 a bateriei, c\u00e2t \u0219i nivelul lichidului, astfel \u00eenc\u00e2t s\u0103 ave\u021bi \u00eentotdeauna o imagine de ansamblu. <strong>design u\u0219or \u0219i suplu<\/strong> Ofer\u0103 nu numai un design atractiv, ci \u0219i o manipulare confortabil\u0103, perfect\u0103 pentru deplas\u0103ri.<\/p>\n<p>Cu ajutorul <strong>Conector de \u00eenc\u0103rcare rapid\u0103 de tip C<\/strong> pute\u021bi asigura c\u0103 vape-ul dvs. este \u00eentotdeauna gata de utilizare. The <strong>Stil de vapare direct \u00een pl\u0103m\u00e2ni (DTL)<\/strong> ofer\u0103 o experien\u021b\u0103 de gust intens\u0103 care satisface chiar \u0219i cei mai preten\u021bio\u0219i vapori.<\/p>\n<hr \/>\n<h3><strong>Caracteristici speciale<\/strong><\/h3>\n<ul>\n<li><strong>12.000 trenuri pe dispozitiv<\/strong>: Unul dintre dispozitivele de unic\u0103 folosin\u021b\u0103 cu cea mai lung\u0103 durat\u0103 de via\u021b\u0103 de pe pia\u021b\u0103, care ofer\u0103 mult mai multe pufuri dec\u00e2t majoritatea vape-urilor conven\u021bionale.<\/li>\n<li><strong>Baterie re\u00eenc\u0103rcabil\u0103<\/strong>Posibilitatea de a \u00eenc\u0103rca rapid dispozitivul prin USB-Type-C asigur\u0103 o durat\u0103 de via\u021b\u0103 prelungit\u0103.<\/li>\n<li><strong>0,6 Ohm Mesh-Coil-Technologie<\/strong>: Garantate nori de abur densi, aromatici \u0219i o experien\u021b\u0103 de vaporizare de neegalat.<\/li>\n<li><strong>Afi\u0219aj digital<\/strong>: V\u0103 permite s\u0103 verifica\u021bi oric\u00e2nd nivelul bateriei \u0219i nivelul de umplere.<\/li>\n<li><strong>Design u\u0219or \u0219i suplu<\/strong>Elegant \u0219i u\u0219or de utilizat, perfect pentru via\u021ba de zi cu zi \u0219i pentru deplas\u0103ri.<\/li>\n<li><strong>Hookah Sound Waves \n\n(translating not required)<\/strong>Un sistem integrat care imit\u0103 experien\u021ba de a fuma narghilea, cre\u00e2nd astfel o atmosfer\u0103 unic\u0103.<\/li>\n<li><strong>DTL-Vaping<\/strong>: Asigur\u0103 o experien\u021b\u0103 de gust mai intens\u0103 \u0219i o dezvoltare mai puternic\u0103 a aromelor.<\/li>\n<\/ul>\n<hr \/>\n<h3><strong>Flavors \u2013 O experien\u021b\u0103 gustativ\u0103 de excep\u021bie<\/strong><\/h3>\n<p>Der <a href=\"https:\/\/alfakherwelt.de\/ro\/categorie-de-produse\/ai-fakher-crown-bar-12000\/\"><strong>Al Fakher Crown Bar 12000 PRO<\/strong><\/a> ofer\u0103 o gam\u0103 larg\u0103 de arome intense, care v\u0103 vor stimula sim\u021burile \u0219i vor face fiecare \u021bigar\u0103 un moment special. Gustul <strong>L\u0103m\u00e2ie Ment\u0103<\/strong> este cu adev\u0103rat un punct culminant. Gustul r\u0103coritor de l\u0103m\u00e2ie combinat cu prospe\u021bimea r\u0103coritoare a mentei creeaz\u0103 o arom\u0103 perfect echilibrat\u0103, care este at\u00e2t dulce, c\u00e2t \u0219i \u00eenvior\u0103toare. Fiecare \u021bigar\u0103 v\u0103 aduce mai aproape de var\u0103, cu o not\u0103 de r\u0103coare care v\u0103 \u00eenc\u00e2nt\u0103 papilele gustative.<\/p>\n<p>Die <strong>L\u0103m\u00e2ie<\/strong> asigur\u0103 un gust r\u0103coritor, u\u0219or dulce, care ac\u021bioneaz\u0103 fresh \u0219i revigorant, \u00een timp ce <strong>Ment\u0103<\/strong> care asigur\u0103 o r\u0103coare subtil\u0103, complet\u00e2nd gustul. Acest arom\u0103 este perfect pentru to\u021bi cei care apreciaz\u0103 at\u00e2t prospe\u021bimea, c\u00e2t \u0219i o dulcea\u021b\u0103 discret\u0103.<\/p>\n<p>&nbsp;<\/p>\n<hr \/>\n<h2><strong><a href=\"https:\/\/alfakherwelt.de\/ro\/categorie-de-produse\/ai-fakher-crown-bar-12000\/\">Al Fakher Crown Bar 12000 PRO<\/a> Viitorul \u021big\u0103rilor electronice de unic\u0103 folosin\u021b\u0103<\/strong><\/h2>\n<h3><strong>Descrierea produsului<\/strong><\/h3>\n<p>Der <strong>Al Fakher Crown Bar 12000 PRO<\/strong> ridic\u0103 vape-ul la un nivel complet nou. Acest dispozitiv de unic\u0103 folosin\u021b\u0103 de prim\u0103 clas\u0103 combin\u0103 tehnologia de ultim\u0103 or\u0103 cu experien\u021ba distinctiv\u0103 a unei pipe de ap\u0103. Cu o capacitate impresionant\u0103 de <strong>12.000 de trenuri<\/strong> Per dispozitiv, acest Vape este un adev\u0103rat lider pe pia\u021b\u0103. Indiferent dac\u0103 sunte\u021bi un vaporizator obi\u0219nuit sau cineva care caut\u0103 un vape durabil \u0219i de \u00eencredere, Crown Bar 12000 PRO nu v\u0103 va dezam\u0103gi.<\/p>\n<p>Datorit\u0103 inovatoarelor <strong>0,6 Ohm Mesh-Coil-Technologie<\/strong> experimenta\u021bi nori de abur intensi, aroma\u021bi \u0219i densi, care fac fiecare puf s\u0103 fie o pl\u0103cere. \u00cen plus, dispozitivul este echipat cu un <strong>afi\u0219aj digital<\/strong> dotat cu un afi\u0219aj care arat\u0103 at\u00e2t durata de via\u021b\u0103 a bateriei, c\u00e2t \u0219i nivelul lichidului, astfel \u00eenc\u00e2t s\u0103 ave\u021bi \u00eentotdeauna o imagine de ansamblu. <strong>design u\u0219or \u0219i suplu<\/strong> Ofer\u0103 nu numai un design atractiv, ci \u0219i o manipulare confortabil\u0103, perfect\u0103 pentru deplas\u0103ri.<\/p>\n<p>Cu ajutorul <strong>Conector de \u00eenc\u0103rcare rapid\u0103 de tip C<\/strong> pute\u021bi asigura c\u0103 vape-ul dvs. este \u00eentotdeauna gata de utilizare. The <strong>Stil de vapare direct \u00een pl\u0103m\u00e2ni (DTL)<\/strong> ofer\u0103 o experien\u021b\u0103 de gust intens\u0103 care satisface chiar \u0219i cei mai preten\u021bio\u0219i vapori.<\/p>\n<hr \/>\n<h3><strong>Caracteristici speciale<\/strong><\/h3>\n<ul>\n<li><strong>12.000 trenuri pe dispozitiv<\/strong>: Unul dintre dispozitivele de unic\u0103 folosin\u021b\u0103 cu cea mai lung\u0103 durat\u0103 de via\u021b\u0103 de pe pia\u021b\u0103, care ofer\u0103 mult mai multe pufuri dec\u00e2t majoritatea vape-urilor conven\u021bionale.<\/li>\n<li><strong>Baterie re\u00eenc\u0103rcabil\u0103<\/strong>Posibilitatea de a \u00eenc\u0103rca rapid dispozitivul prin USB-Type-C asigur\u0103 o durat\u0103 de via\u021b\u0103 prelungit\u0103.<\/li>\n<li><strong>0,6 Ohm Mesh-Coil-Technologie<\/strong>: Garantate nori de abur densi, aromatici \u0219i o experien\u021b\u0103 de vaporizare de neegalat.<\/li>\n<li><strong>Afi\u0219aj digital<\/strong>: V\u0103 permite s\u0103 verifica\u021bi oric\u00e2nd nivelul bateriei \u0219i nivelul de umplere.<\/li>\n<li><strong>Design u\u0219or \u0219i suplu<\/strong>Elegant \u0219i u\u0219or de utilizat, perfect pentru via\u021ba de zi cu zi \u0219i pentru deplas\u0103ri.<\/li>\n<li><strong>Hookah Sound Waves \n\n(translating not required)<\/strong>Un sistem integrat care imit\u0103 experien\u021ba de a fuma narghilea, cre\u00e2nd astfel o atmosfer\u0103 unic\u0103.<\/li>\n<li><strong>DTL-Vaping<\/strong>: Asigur\u0103 o experien\u021b\u0103 de gust mai intens\u0103 \u0219i o dezvoltare mai puternic\u0103 a aromelor.<\/li>\n<\/ul>\n<hr \/>\n<h3><strong>Flavors \u2013 O experien\u021b\u0103 gustativ\u0103 de excep\u021bie<\/strong><\/h3>\n<p>Der <strong>Al Fakher Crown Bar 12000 PRO<\/strong> ofer\u0103 o gam\u0103 larg\u0103 de arome intense, care v\u0103 vor stimula sim\u021burile \u0219i vor face fiecare \u021bigar\u0103 un moment special. Gustul <strong>L\u0103m\u00e2ie Ment\u0103<\/strong> este cu adev\u0103rat un punct culminant. Gustul r\u0103coritor de l\u0103m\u00e2ie combinat cu prospe\u021bimea r\u0103coritoare a mentei creeaz\u0103 o arom\u0103 perfect echilibrat\u0103, care este at\u00e2t dulce, c\u00e2t \u0219i \u00eenvior\u0103toare. Fiecare \u021bigar\u0103 v\u0103 aduce mai aproape de var\u0103, cu o not\u0103 de r\u0103coare care v\u0103 \u00eenc\u00e2nt\u0103 papilele gustative.<\/p>\n<p>Die <strong>L\u0103m\u00e2ie<\/strong> asigur\u0103 un gust r\u0103coritor, u\u0219or dulce, care ac\u021bioneaz\u0103 fresh \u0219i revigorant, \u00een timp ce <strong>Ment\u0103<\/strong> care asigur\u0103 o r\u0103coare subtil\u0103, complet\u00e2nd gustul. Acest arom\u0103 este perfect pentru to\u021bi cei care apreciaz\u0103 at\u00e2t prospe\u021bimea, c\u00e2t \u0219i o dulcea\u021b\u0103 discret\u0103.<\/p>\n<p>Alte combina\u021bii de arome variaz\u0103 de la note fructate la cele r\u0103coritoare de mentol \u0219i garanteaz\u0103 pentru fiecare vaporizator aroma potrivit\u0103. Indiferent dac\u0103 prefera\u021bi note citrice sau c\u0103uta\u021bi o combina\u021bie de dulce \u0219i acru, Al Fakher Crown Bar 12000 PRO nu dezam\u0103ge\u0219te.<\/p>\n<hr \/>\n<h3><strong>De ce ar trebui s\u0103-l <a href=\"https:\/\/alfakherwelt.de\/ro\/categorie-de-produse\/ai-fakher-crown-bar-12000\/\">Al Fakher Crown Bar 12000 PRO<\/a> ar trebui s\u0103 cumpere<\/strong><\/h3>\n<p>Der <strong>Al Fakher Crown Bar 12000 PRO<\/strong> este alegerea ideal\u0103 pentru vapori care caut\u0103 un dispozitiv de unic\u0103 folosin\u021b\u0103 durabil, elegant \u0219i puternic. Iat\u0103 motivele pentru care acest vape este produsul perfect pentru tine:<\/p>\n<ul>\n<li><strong>De durat\u0103 lung\u0103<\/strong>: Cu p\u00e2n\u0103 la 12.000 de trageri, acest dispozitiv dep\u0103\u0219e\u0219te multe alte dispozitive de unic\u0103 folosin\u021b\u0103 \u00een ceea ce prive\u0219te durata de via\u021b\u0103.<\/li>\n<li><strong>U\u0219or de utilizat<\/strong>: F\u0103r\u0103 alimentare complicat\u0103 sau cur\u0103\u021bare - Crown Bar 12000 PRO nu necesit\u0103 \u00eentre\u021binere \u0219i este gata de utilizare imediat.<\/li>\n<li><strong>intensiv ca gust<\/strong>Datorit\u0103 tehnologiei Mesh-Coil, v\u0103 bucura\u021bi de nori de vapori densi \u0219i aromatici la fiecare tragere.<\/li>\n<li><strong>Design elegant<\/strong>Designul sub\u021bire \u0219i modern se potrive\u0219te \u00een orice buzunar \u0219i este ideal pentru deplas\u0103ri.<\/li>\n<li><strong>Fiabilitate<\/strong>Cu un afi\u0219aj integrat \u0219i o conexiune de \u00eenc\u0103rcare de tip C, sunte\u021bi \u00eentotdeauna bine informat \u0219i dispozitivul este \u00eentotdeauna gata de utilizare rapid\u0103.<\/li>\n<\/ul>\n<hr \/>\n<h3><strong>Cump\u0103r\u0103 acum pe <a href=\"https:\/\/alfakherwelt.de\/ro\/\">Alfakherwelt.de<\/a><\/strong><\/h3>\n<p>Comanda\u021bi-v\u0103 <strong>Al Fakher Crown Bar 12000 PRO<\/strong> acum la <strong>Alfakherwelt.de<\/strong>, principala platform\u0103 online pentru \u021big\u0103ri electronice de unic\u0103 folosin\u021b\u0103 din Germania. Oferim o selec\u021bie larg\u0103 de vape-uri de \u00eenalt\u0103 calitate cu nicotin\u0103 \u0219i garant\u0103m o experien\u021b\u0103 excep\u021bional\u0103 de vaporizare. Profita\u021bi de ocazie \u0219i experimenta\u021bi cea mai bun\u0103 calitate pe care o are pia\u021ba de oferit.<\/p>\n<hr \/>\n<h3><strong>Detalii tehnice dintr-o privire<\/strong><\/h3>\n<ul>\n<li><strong>Trenuri<\/strong>: P\u00e2n\u0103 la 12.000<\/li>\n<li><strong>Nikotin\u0103<\/strong>: 0,5% (5mg)<\/li>\n<li><strong>Bobin\u0103<\/strong>: Bobin\u0103 cu ochiuri<\/li>\n<li><strong>\u00cenc\u0103rcare<\/strong>: USB-Anschluss Typ C \n\nbecomes \n\n: Conector USB Tip C<\/li>\n<li><strong>Re\u00eenc\u0103rcabil<\/strong>: Da<\/li>\n<li><strong>Afi\u0219aj<\/strong>: Digital<\/li>\n<li><strong>Design<\/strong>U\u0219or, f\u0103r\u0103 \u00eentre\u021binere<\/li>\n<\/ul>\n<p>&nbsp;<\/p>","protected":false},"excerpt":{"rendered":"<div class=\"flex-shrink-0 flex flex-col relative items-end\">\n<div class=\"pt-0\">\n<div class=\"gizmo-shadow-stroke flex h-8 w-8 items-center justify-center overflow-hidden rounded-full\">\n<div class=\"h-full w-full\">Al Fakher Crown Bar 12000 PRO este un vape de unic\u0103 folosin\u021b\u0103, re\u00eenc\u0103rcabil, cu 12.000 de pufuri, care ofer\u0103 arome intense datorit\u0103 tehnologiei sale cu bobin\u0103 de plas\u0103, are un design elegant \u0219i este echipat cu un afi\u0219aj digital \u0219i o conexiune de \u00eenc\u0103rcare de tip C, pentru a asigura o experien\u021b\u0103 de vaporizare premium \u0219i confortabil\u0103.<\/div>\n<\/div>\n<\/div>\n<\/div>","protected":false},"featured_media":478,"comment_status":"open","ping_status":"closed","template":"","meta":[],"product_brand":[],"product_cat":[21],"product_tag":[],"class_list":{"0":"post-475","1":"product","2":"type-product","3":"status-publish","4":"has-post-thumbnail","6":"product_cat-ai-fakher-crown-bar-12000","8":"first","9":"instock","10":"sale","11":"shipping-taxable","12":"purchasable","13":"product-type-simple"},"jetpack_sharing_enabled":true,"_links":{"self":[{"href":"https:\/\/alfakherwelt.de\/ro\/wp-json\/wp\/v2\/product\/475","targetHints":{"allow":["GET"]}}],"collection":[{"href":"https:\/\/alfakherwelt.de\/ro\/wp-json\/wp\/v2\/product"}],"about":[{"href":"https:\/\/alfakherwelt.de\/ro\/wp-json\/wp\/v2\/types\/product"}],"replies":[{"embeddable":true,"href":"https:\/\/alfakherwelt.de\/ro\/wp-json\/wp\/v2\/comments?post=475"}],"wp:featuredmedia":[{"embeddable":true,"href":"https:\/\/alfakherwelt.de\/ro\/wp-json\/wp\/v2\/media\/478"}],"wp:attachment":[{"href":"https:\/\/alfakherwelt.de\/ro\/wp-json\/wp\/v2\/media?parent=475"}],"wp:term":[{"taxonomy":"product_brand","embeddable":true,"href":"https:\/\/alfakherwelt.de\/ro\/wp-json\/wp\/v2\/product_brand?post=475"},{"taxonomy":"product_cat","embeddable":true,"href":"https:\/\/alfakherwelt.de\/ro\/wp-json\/wp\/v2\/product_cat?post=475"},{"taxonomy":"product_tag","embeddable":true,"href":"https:\/\/alfakherwelt.de\/ro\/wp-json\/wp\/v2\/product_tag?post=475"}],"curies":[{"name":"wp","href":"https:\/\/api.w.org\/{rel}","templated":true}]}}