{"id":471,"date":"2024-09-18T01:26:28","date_gmt":"2024-09-18T01:26:28","guid":{"rendered":"https:\/\/alfakherwelt.de\/?post_type=product&#038;p=471"},"modified":"2025-04-25T01:18:59","modified_gmt":"2025-04-25T01:18:59","slug":"ai-fakher-crown-bar-12000-pufuri-tigara-electronica-de-unica-folosinta-lamaie-lamaie","status":"publish","type":"product","link":"https:\/\/alfakherwelt.de\/ro\/produs\/ai-fakher-crown-bar-12000-pufuri-tigara-electronica-de-unica-folosinta-lamaie-lamaie\/","title":{"rendered":"AI Fakher Crown Bar 12000 de trageri Hookah Sound  E-\u021bigaret\u0103 de unic\u0103 folosin\u021b\u0103 \u2013 L\u0103m\u00e2ie Lime"},"content":{"rendered":"<div>\n<h2><a href=\"https:\/\/alfakherwelt.de\/ro\/\">Al Fakher<\/a> Crown Bar 12000 PRO <a href=\"https:\/\/alfakherwelt.de\/ro\/\">E-Zigarette de unic\u0103 folosin\u021b\u0103<\/a> cu 12.000 de trenuri<\/h2>\n<p>Experimenta\u021bi o nou\u0103 er\u0103 a vaporiz\u0103rii cu <strong>Al Fakher Crown Bar 12000 PRO<\/strong> E-Zigaret\u0103 de unic\u0103 folosin\u021b\u0103. Acest dispozitiv inovator de vape combin\u0103 designul modern, tehnologia de v\u00e2rf \u0219i arome de neegalat pentru a oferi o experien\u021b\u0103 de vaporizare f\u0103r\u0103 egal. Cu o capacitate impresionant\u0103 de p\u00e2n\u0103 la 12.000 de pufuri, acest vaporizator de unic\u0103 folosin\u021b\u0103, care poate fi re\u00eenc\u0103rcat, este ideal pentru sesiuni lungi de vaporizare \u0219i ofer\u0103 \u00een mod constant arome intense.<\/p>\n<h3>Descrierea produsului<\/h3>\n<p>Die <strong>Al Fakher Crown Bar 12000 PRO<\/strong> Combin\u0103 tehnologie puternic\u0103 cu design stilizat pentru a v\u0103 oferi ce e mai bun din ambele lumi: o manevrare u\u0219oar\u0103 \u0219i o performan\u021b\u0103 remarcabil\u0103. Datorit\u0103 bobinei inovatoare de re\u021bea (0,6 Ohm), experimenta\u021bi nori de vapori intensi \u0219i densi care fac fiecare tragere o pl\u0103cere. Bateria integrat\u0103 asigur\u0103 o performan\u021b\u0103 constant\u0103 p\u00e2n\u0103 la ultima tragere \u0219i poate fi \u00eenc\u0103rcat\u0103 rapid prin conexiunea USB de tip C.<\/p>\n<p>\u00cen plus, acest model impresioneaz\u0103 prin construc\u021bia sa durabil\u0103, care garanteaz\u0103 o experien\u021b\u0103 de \u00eenalt\u0103 calitate \u0219i practic\u0103, f\u0103r\u0103 a face compromisuri \u00een ceea ce prive\u0219te gustul \u0219i confortul. Cu un ecran digital clar, ve\u021bi avea \u00eentotdeauna o imagine de ansamblu asupra nivelului bateriei \u0219i a cantit\u0103\u021bii de lichid r\u0103mas. <strong>Al Fakher Crown Bar 12000 PRO<\/strong> captur\u0103 esen\u021ba experien\u021bei de fumat a shisha-ului - senza\u021bii autentice de fum \u00eentr-o form\u0103 compact\u0103.<\/p>\n<h3>Hauptmerkmale der <a href=\"https:\/\/alfakherwelt.de\/ro\/categorie-de-produse\/ai-fakher-crown-bar-12000\/\">Al Fakher Crown Bar 12000 PRO<\/a><\/h3>\n<ul>\n<li><strong>12.000 trenuri pe dispozitiv:<\/strong> Acest vape de unic\u0103 folosin\u021b\u0103 ofer\u0103 o capacitate de tragere excep\u021bional de mare, ideal\u0103 pentru utilizare de lung\u0103 durat\u0103 f\u0103r\u0103 \u00eenlocuire frecvent\u0103.<\/li>\n<li><strong>Bobin\u0103 de re\u021bea (0,6 Ohm):<\/strong> Asigur\u0103 nori de abur volumino\u0219i \u0219i un gust intens.<\/li>\n<li><strong>Re\u00eenc\u0103rcabil prin USB Tip-C:<\/strong> \u00cenc\u0103rcare rapid\u0103 \u0219i u\u0219oar\u0103, ideal\u0103 pentru deplas\u0103ri.<\/li>\n<li><strong>Ecran digital:<\/strong> Afi\u0219area nivelului bateriei \u0219i a nivelului de lichid pentru control maxim.<\/li>\n<li><strong>Design u\u0219or \u0219i elegant:<\/strong> Sub\u021bire \u0219i u\u0219or de manevrat, se afl\u0103 confortabil \u00een m\u00e2n\u0103.<\/li>\n<li><strong>DTL (Direct to Lung) Vaping: \nVaping direct \u00een pl\u0103m\u00e2ni:<\/strong> Gust puternic \u0219i inhalare direct\u0103 \u00een pl\u0103m\u00e2ni pentru o experien\u021b\u0103 intensiv\u0103 de vaporizare.<\/li>\n<li><strong>O senza\u021bie de fum similar\u0103 cu cea de la shisha:<\/strong> \u00cembog\u0103\u021bit cu efecte sonore autentice de narghilea.<\/li>\n<\/ul>\n<h3>Detalii tehnice<\/h3>\n<ul>\n<li><strong>Num\u0103r maxim de trenuri:<\/strong> 12.000<\/li>\n<li><strong>Nikotingehalt: \n Cont\u021binut de nicotin\u0103:<\/strong> 5 mg (0,5 %)<\/li>\n<li><strong>Tehnologia de filare:<\/strong> Re\u021bea bobin\u0103 (0,6 Ohm)<\/li>\n<li><strong>\u00cenc\u0103rcare:<\/strong> USB Tip-C<\/li>\n<li><strong>Afi\u0219aj digital:<\/strong> Da<\/li>\n<li><strong>F\u0103r\u0103 \u00eentre\u021binere:<\/strong> Nu re\u00eenc\u0103rca\u021bi lichid, nu \u00eenlocui\u021bi componente.<\/li>\n<li><strong>Greutate:<\/strong> U\u0219or \u0219i compact pentru transport u\u0219or.<\/li>\n<\/ul>\n<h3>Diversitate de arome - Intensiv\u0103 \u0219i Proasp\u0103t\u0103<\/h3>\n<p>Unul dintre cele mai remarcabile caracteristici ale <a href=\"https:\/\/alfakherwelt.de\/ro\/categorie-de-produse\/ai-fakher-crown-bar-12000\/\"><strong>Al Fakher Crown Bar 12000 PRO<\/strong><\/a> este gama larg\u0103 de arome intense. De la arome fructate la gusturi r\u0103coritoare, fiecare arom\u0103 ofer\u0103 o experien\u021b\u0103 de necomparat.<\/p>\n<h4><strong>L\u0103m\u00e2ie Lime<\/strong> Gustul verii<\/h4>\n<p>Pune\u021bi-v\u0103 \u00een posesia proasp\u0103tului \u0219i revigorantului parfum de <strong>L\u0103m\u00e2ie Lime<\/strong>Acest gust combin\u0103 notele citrice ale unei l\u0103m\u00e2i coapte la soare cu lovitura dulce-acri\u0219oar\u0103 a limei. Prospe\u021bimea acidulat\u0103 se dezvolt\u0103 uniform la fiecare tragere \u0219i las\u0103 o senza\u021bie de r\u0103coare \u00een gur\u0103. Perfect pentru var\u0103, aceast\u0103 arom\u0103 aduce un gust clar, crocant \u0219i \u00een acela\u0219i timp reconfortant, care \u00eenvior\u0103 sim\u021burile. <strong>L\u0103m\u00e2ie Lime<\/strong> Gustul se potrive\u0219te ideal pentru to\u021bi cei care prefer\u0103 o op\u021biune de vapoare u\u0219oar\u0103 \u0219i r\u0103coritoare.<\/p>\n<p>Subtilele nuan\u021be ale citricelor sunt intensificate prin tehnologia de bobin\u0103 de re\u021bea \u0219i creeaz\u0103 o experien\u021b\u0103 de gust exploziv\u0103 care dureaz\u0103 mult timp. Combina\u021bia de gust dulce \u0219i acru face ca fiecare tragere s\u0103 fie o experien\u021b\u0103 de neuitat. Aceast\u0103 arom\u0103 este perfect\u0103 pentru utilizarea zilnic\u0103 \u0219i aduce o prospe\u021bime de var\u0103 f\u0103r\u0103 griji direct la tine.<\/p>\n<h4><strong>Alte arome<\/strong><\/h4>\n<p>Al\u0103turi <strong>L\u0103m\u00e2ie Lime<\/strong> Ofer\u0103 Al Fakher Crown Bar 12000 PRO \u0219i alte arome incitante, care ofer\u0103 ceva pentru fiecare gust:<\/p>\n<ul>\n<li><strong>Pepene verde:<\/strong> Un gust dulce \u0219i suculent, care imit\u0103 senza\u021bia unei pepeni proaspete vara.<\/li>\n<li><strong>Mango Ice:<\/strong> Mango tropical\u0103 cu un finis \u00eenghe\u021bat care asigur\u0103 o prospe\u021bime suplimentar\u0103.<\/li>\n<li><strong>Traube Minze: \nM\u0103nunchi de ment\u0103:<\/strong> O amestecare r\u0103coritoare de struguri dulci \u0219i ment\u0103 r\u0103coare - perfect pentru fanii gusturilor revigorante.<\/li>\n<\/ul>\n<h3>De ce ar trebui s\u0103 le <a href=\"https:\/\/alfakherwelt.de\/ro\/categorie-de-produse\/ai-fakher-crown-bar-12000\/\">Al Fakher Crown Bar 12000 PRO<\/a> ar trebui s\u0103 cumpere<\/h3>\n<p>Dac\u0103 sunte\u021bi \u00een c\u0103utarea unei <strong>\u021bigar\u0103 electronic\u0103 de unic\u0103 folosin\u021b\u0103 de \u00eenalt\u0103 calitate<\/strong> sunt, care nu numai c\u0103 sunt durabile, ci \u0219i intense ca gust, atunci este <strong>Al Fakher Crown Bar 12000 PRO<\/strong> Alegerea perfect\u0103. Acest dispozitiv ofer\u0103 nu numai o capacitate impresionant\u0103 de 12.000 de pufuri, ci asigur\u0103 \u0219i o calitate constant\u0103 ridicat\u0103 la fiecare puf\u0103tur\u0103. Datorit\u0103 designului re\u00eenc\u0103rcabil, pute\u021bi fi sigur c\u0103 dispozitivul dvs. de vape este \u00eentotdeauna gata, indiferent de locul \u00een care v\u0103 afla\u021bi.<\/p>\n<p>Pe l\u00e2ng\u0103 aceasta, face ca <strong>Al Fakher Crown Bar 12000 PRO<\/strong> Cur\u0103\u021barea \u0219i \u00eentre\u021binerea sunt inutile, deoarece a fost conceput ca un dispozitiv de unic\u0103 folosin\u021b\u0103. Nu trebuie s\u0103 v\u0103 face\u021bi griji cu privire la manipularea complicat\u0103 sau la piesele de schimb - pur \u0219i simplu \u00eenc\u0103rca\u021bi, vapora\u021bi \u0219i bucura\u021bi-v\u0103. Varietatea de arome garanteaz\u0103 c\u0103 fiecare vaporizator \u00ee\u0219i g\u0103se\u0219te satisfac\u021bia, iar tehnologia inovatoare asigur\u0103 o experien\u021b\u0103 de vaporizare \u0219i mai intens\u0103.<\/p>\n<p>&nbsp;<\/p>\n<\/div>\n<h2><strong><img loading=\"lazy\" decoding=\"async\" class=\"alignnone wp-image-453 size-full\" src=\"https:\/\/alfakherwelt.de\/wp-content\/uploads\/2024\/09\/AI-Fakher-Crown-Bar-12000\uff081\uff09.webp\" alt=\"AI Fakher Crown Bar 12000 de trageri \u021aigaret\u0103 electronic\u0103 de unic\u0103 folosin\u021b\u0103 - L\u0103m\u00e2ie Lime\" width=\"600\" height=\"600\" title=\"\" srcset=\"https:\/\/alfakherwelt.de\/wp-content\/uploads\/2024\/09\/AI-Fakher-Crown-Bar-12000\uff081\uff09.webp 600w, https:\/\/alfakherwelt.de\/wp-content\/uploads\/2024\/09\/AI-Fakher-Crown-Bar-12000\uff081\uff09-300x300.webp 300w, https:\/\/alfakherwelt.de\/wp-content\/uploads\/2024\/09\/AI-Fakher-Crown-Bar-12000\uff081\uff09-150x150.webp 150w, https:\/\/alfakherwelt.de\/wp-content\/uploads\/2024\/09\/AI-Fakher-Crown-Bar-12000\uff081\uff09-100x100.webp 100w\" sizes=\"auto, (max-width: 600px) 100vw, 600px\" \/><\/strong><\/h2>\n<h3>Cump\u0103ra\u021bi acum Al Fakher Crown Bar 12000 PRO <a href=\"https:\/\/alfakherwelt.de\/ro\/\"><strong>alfakherwelt.de<\/strong><\/a><\/h3>\n<p>Suntem m\u00e2ndri s\u0103 v\u0103 oferim cea mai mare selec\u021bie de <strong>E-Zigarete de unic\u0103 folosin\u021b\u0103 \u00een Germania<\/strong> v\u0103 oferim. Magazinul nostru online v\u0103 ofer\u0103 posibilitatea de a v\u0103 procura foarte comod urm\u0103toarele produse: <strong>Al Fakher Crown Bar 12000 PRO<\/strong> pentru a cump\u0103ra \u0219i a v\u0103 convinge de calitatea excep\u021bional\u0103. Vizita\u021bi <a href=\"https:\/\/alfakherwelt.de\/ro\/\"><strong>alfakherwelt.de<\/strong><\/a> \u0219i descoperi\u021bi selec\u021bia noastr\u0103 larg\u0103 de <strong>Vape-uri de unic\u0103 folosin\u021b\u0103<\/strong> cu \u0219i f\u0103r\u0103 nicotin\u0103. Indiferent dac\u0103 sunte\u021bi un vaporizator experimentat sau abia \u00eencepe\u021bi - avem dispozitivul potrivit pentru dvs.<\/p>\n<p>Nu ezita\u021bi - comanda\u021bi ast\u0103zi \u0219i experimenta\u021bi vaporizarea revolu\u021bionar\u0103 cu <strong>Al Fakher Crown Bar 12000 PRO<\/strong>!<\/p>","protected":false},"excerpt":{"rendered":"<div class=\"flex-shrink-0 flex flex-col relative items-end\">\n<div class=\"pt-0\">\n<div class=\"gizmo-shadow-stroke flex h-8 w-8 items-center justify-center overflow-hidden rounded-full\">\n<div class=\"h-full w-full\">Der <strong>Al Fakher Crown Bar 12000 PRO<\/strong> este un vape de unic\u0103 folosin\u021b\u0103, re\u00eenc\u0103rcabil, cu 12.000 de trageri, bobin\u0103 mesh de ultim\u0103 genera\u021bie, afi\u0219aj digital, \u00eenc\u0103rcare rapid\u0103 prin USB-C \u0219i arome intense de L\u0103m\u00e2ie Lime, care se afl\u0103 la <strong>Alfakherwelt.de<\/strong>este disponibil \u00een magazinul online principal din Germania pentru vape.<\/div>\n<\/div>\n<\/div>\n<\/div>","protected":false},"featured_media":474,"comment_status":"open","ping_status":"closed","template":"","meta":[],"product_brand":[],"product_cat":[21],"product_tag":[],"class_list":{"0":"post-471","1":"product","2":"type-product","3":"status-publish","4":"has-post-thumbnail","6":"product_cat-ai-fakher-crown-bar-12000","8":"first","9":"outofstock","10":"sale","11":"shipping-taxable","12":"purchasable","13":"product-type-simple"},"jetpack_sharing_enabled":true,"_links":{"self":[{"href":"https:\/\/alfakherwelt.de\/ro\/wp-json\/wp\/v2\/product\/471","targetHints":{"allow":["GET"]}}],"collection":[{"href":"https:\/\/alfakherwelt.de\/ro\/wp-json\/wp\/v2\/product"}],"about":[{"href":"https:\/\/alfakherwelt.de\/ro\/wp-json\/wp\/v2\/types\/product"}],"replies":[{"embeddable":true,"href":"https:\/\/alfakherwelt.de\/ro\/wp-json\/wp\/v2\/comments?post=471"}],"wp:featuredmedia":[{"embeddable":true,"href":"https:\/\/alfakherwelt.de\/ro\/wp-json\/wp\/v2\/media\/474"}],"wp:attachment":[{"href":"https:\/\/alfakherwelt.de\/ro\/wp-json\/wp\/v2\/media?parent=471"}],"wp:term":[{"taxonomy":"product_brand","embeddable":true,"href":"https:\/\/alfakherwelt.de\/ro\/wp-json\/wp\/v2\/product_brand?post=471"},{"taxonomy":"product_cat","embeddable":true,"href":"https:\/\/alfakherwelt.de\/ro\/wp-json\/wp\/v2\/product_cat?post=471"},{"taxonomy":"product_tag","embeddable":true,"href":"https:\/\/alfakherwelt.de\/ro\/wp-json\/wp\/v2\/product_tag?post=471"}],"curies":[{"name":"wp","href":"https:\/\/api.w.org\/{rel}","templated":true}]}}