{"id":470,"date":"2024-09-18T01:25:01","date_gmt":"2024-09-18T01:25:01","guid":{"rendered":"https:\/\/alfakherwelt.de\/?post_type=product&#038;p=470"},"modified":"2024-12-27T06:17:43","modified_gmt":"2024-12-27T06:17:43","slug":"ai-fakher-crown-bar-12000-pufuri-tigara-electronica-de-unica-folosinta-hubba","status":"publish","type":"product","link":"https:\/\/alfakherwelt.de\/ro\/produs\/ai-fakher-crown-bar-12000-pufuri-tigara-electronica-de-unica-folosinta-hubba\/","title":{"rendered":"AI Fakher Crown Bar 12000 de trageri Hookah Sound  E-\u021bigar\u0103 de unic\u0103 folosin\u021b\u0103 \u2013 Hubba"},"content":{"rendered":"<h2><strong><img loading=\"lazy\" decoding=\"async\" class=\"alignnone wp-image-450 size-full\" src=\"https:\/\/alfakherwelt.de\/wp-content\/uploads\/2024\/09\/AI-Fakher-Crown-Bar-12000\uff082\uff09.webp\" alt=\"AI Fakher Crown Bar 12000 de trageri \u021bigar\u0103 electronic\u0103 de unic\u0103 folosin\u021b\u0103 - Hubba\" width=\"1837\" height=\"2522\" title=\"\" srcset=\"https:\/\/alfakherwelt.de\/wp-content\/uploads\/2024\/09\/AI-Fakher-Crown-Bar-12000\uff082\uff09.webp 1837w, https:\/\/alfakherwelt.de\/wp-content\/uploads\/2024\/09\/AI-Fakher-Crown-Bar-12000\uff082\uff09-219x300.webp 219w, https:\/\/alfakherwelt.de\/wp-content\/uploads\/2024\/09\/AI-Fakher-Crown-Bar-12000\uff082\uff09-746x1024.webp 746w, https:\/\/alfakherwelt.de\/wp-content\/uploads\/2024\/09\/AI-Fakher-Crown-Bar-12000\uff082\uff09-768x1054.webp 768w, https:\/\/alfakherwelt.de\/wp-content\/uploads\/2024\/09\/AI-Fakher-Crown-Bar-12000\uff082\uff09-1119x1536.webp 1119w, https:\/\/alfakherwelt.de\/wp-content\/uploads\/2024\/09\/AI-Fakher-Crown-Bar-12000\uff082\uff09-1492x2048.webp 1492w, https:\/\/alfakherwelt.de\/wp-content\/uploads\/2024\/09\/AI-Fakher-Crown-Bar-12000\uff082\uff09-600x824.webp 600w\" sizes=\"auto, (max-width: 1837px) 100vw, 1837px\" \/><\/strong><\/h2>\n<h2><\/h2>\n<h2><a href=\"https:\/\/alfakherwelt.de\/ro\/\">Al Fakher<\/a> Crown Bar 12000 PRO <a href=\"https:\/\/alfakherwelt.de\/ro\/\">E-Zigarette de unic\u0103 folosin\u021b\u0103<\/a> Pentru experien\u021be exquisite de vaporizare<\/h2>\n<p>Der <a href=\"https:\/\/alfakherwelt.de\/ro\/categorie-de-produse\/ai-fakher-crown-bar-12000\/\"><strong>Al Fakher Crown Bar 12000 PRO<\/strong><\/a> Pods de vape de unic\u0103 folosin\u021b\u0103 reprezint\u0103 cea mai recent\u0103 inova\u021bie pe pia\u021ba vape, aduc\u00e2nd tehnologie de ultim\u0103 or\u0103 pentru o experien\u021b\u0103 de vaporizare de neegalat direct \u00een m\u00e2inile dvs. Cu un num\u0103r impresionant de p\u00e2n\u0103 la 12.000 de pufuri \u0219i un design distinctiv, acest dispozitiv ofer\u0103 o combina\u021bie excep\u021bional\u0103 de pl\u0103cere stilat\u0103 \u0219i durabilitate \u00eendelungat\u0103. Perfect pentru to\u021bi cei care caut\u0103 o \u021bigar\u0103 electronic\u0103 de unic\u0103 folosin\u021b\u0103, puternic\u0103 \u0219i f\u0103r\u0103 complica\u021bii. Descoperi\u021bi poten\u021bialul complet al acestei \u021big\u0103ri electronice de unic\u0103 folosin\u021b\u0103 \u0219i l\u0103sa\u021bi-v\u0103 convin\u0219i de aromele intense \u0219i tehnologia de lung\u0103 durat\u0103.<\/p>\n<h3>Descrierea produsului<\/h3>\n<p>Al Fakher Crown Bar 12000 PRO a fost dezvoltat pentru a oferi un echilibru perfect \u00eentre u\u0219urin\u021ba \u00een utilizare \u0219i performan\u021b\u0103 excep\u021bional\u0103. <strong>Vaporizator de unic\u0103 folosin\u021b\u0103 re\u00eenc\u0103rcabil<\/strong> permite, datorit\u0103 unei baterii puternice \u0219i a unei bobine mesh de 0,6 ohmi, o dezvoltare intens\u0103 a gustului \u0219i nori de vapori densi. Fiecare tragere este caracterizat\u0103 prin <strong>design sub\u021bire, u\u0219or<\/strong> \u0219i construc\u021bia confortabil\u0103 a piesei bucale pentru o experien\u021b\u0103 lin\u0103.<\/p>\n<p>Der <strong>ecran digital<\/strong> arat\u0103 at\u00e2t starea bateriei, c\u00e2t \u0219i cantitatea r\u0103mas\u0103 de lichid electronic, astfel \u00eenc\u00e2t s\u0103 ave\u021bi \u00eentotdeauna o imagine de ansamblu. Pentru un plus de elegan\u021b\u0103, Crown Bar ofer\u0103 o <strong>und\u0103 sonor\u0103 asem\u0103n\u0103toare cu narghilea<\/strong>care imit\u0103 senza\u021bia unei sesiuni reale de hookah.<\/p>\n<h3>Propriet\u0103\u021bi speciale<\/h3>\n<ul>\n<li><strong>12.000 trenuri pe dispozitiv<\/strong>: Bucura\u021bi-v\u0103 de un num\u0103r extrem de mare de trageri - perfect pentru c\u0103l\u0103torii lungi sau sesiuni intense de vaporizare.<\/li>\n<li><strong>Tehnologie Mesh bobin\u0103 (0,6 Ohm)<\/strong>: Experimenta\u021bi nori de aburi densi \u0219i aromatici care \u00eei vor r\u0103sf\u0103\u021ba papilele gustative.<\/li>\n<li><strong>Re\u00eenc\u0103rcabil cu conexiune de tip C<\/strong>Sistemul de \u00eenc\u0103rcare rapid\u0103 asigur\u0103 c\u0103 dispozitivul dvs. este \u00eentotdeauna gata de utilizare.<\/li>\n<li><strong>Afi\u0219aj digital<\/strong>: Monitoriza\u021bi nivelul bateriei \u0219i cantitatea de lichid.<\/li>\n<li><strong>Design u\u0219or \u0219i stilat<\/strong>: Slab, portabil \u0219i elegant - ideal pentru deplas\u0103ri.<\/li>\n<li><strong>Unde sonore integrate pentru ap\u0103 \u0219i tutun de narghilea<\/strong>Pentru o experien\u021b\u0103 autentic\u0103 Nargile.<\/li>\n<li><strong>Vaping direct \u00een pl\u0103m\u00e2ni (DTL)<\/strong>: Optimizat pentru o dezvoltare puternic\u0103, intens\u0103 a gustului \u0219i pentru o cantitate mare de abur.<\/li>\n<\/ul>\n<h3>Specifica\u021bii tehnice<\/h3>\n<ul>\n<li>Z\u00fcge: Bis zu 12.000<\/li>\n<li>Nikotin: 0,5 % (5 mg)\n\n becomes \n\nNikotin: 0,5 mg (5 mg) \n\n No, just \n\nNikotin: 0,5 % (5 mg) \nis actually \nNikotin: 0,5% (5 mg) \n\nbecomes \n\nNikotin: 0,5% (5 mg)<\/li>\n<li>Spule: Mesh-Spule (0,6 Ohm) \nbecame \n Coil: Mesh coil (0.6 Ohm) \nin Romanian is \nSpule: Mesh-Spule (0,6 Ohm)<\/li>\n<li>Ladeanschluss: USB Tip-C<\/li>\n<li>Re\u00eenc\u0103rcabil: Da<\/li>\n<li>Display: Ecran digital<\/li>\n<li>Design: U\u0219or, ergonomic \u0219i portabil<\/li>\n<li>F\u0103r\u0103 \u00eentre\u021binere: Nu necesit\u0103 reaprovizionare sau \u00eenlocuire bobin\u0103<\/li>\n<\/ul>\n<h3>Flavors - O lume plin\u0103 de diversitate de gusturi<\/h3>\n<p>Cu ajutorul <a href=\"https:\/\/alfakherwelt.de\/ro\/categorie-de-produse\/ai-fakher-crown-bar-12000\/\"><strong>Al Fakher Crown Bar 12000 PRO<\/strong><\/a> v\u0103 a\u0219teapt\u0103 o adev\u0103rat\u0103 explozie de gust. Fiecare sortiment a fost creat cu grij\u0103 pentru a r\u0103sf\u0103\u021ba gustul cu arome intense \u0219i complexe.<\/p>\n<h4><strong>Hubba Bubba<\/strong><\/h4>\n<p>O pl\u0103cere nostalgic\u0103, care aminte\u0219te de guma de mestecat dulce din copil\u0103rie. Gustul Hubba Bubba combin\u0103 fructele suculente \u0219i notele dulci de vat\u0103 de zah\u0103r pentru o experien\u021b\u0103 de gustare de neuitat. La fiecare tragere, se dezvolt\u0103 o senza\u021bie u\u0219oar\u0103 \u0219i u\u0219or \u00een\u021bep\u0103toare \u00een gur\u0103, care st\u00e2rne\u0219te dorin\u021ba de a continua. Aceast\u0103 varietate este ideal\u0103 pentru vapori care prefer\u0103 o not\u0103 dulce \u0219i juc\u0103u\u0219\u0103, f\u0103r\u0103 s\u0103 fie prea agresiv\u0103.<\/p>\n<p>&nbsp;<\/p>\n<h3>De ce ar trebui s\u0103-l <a href=\"https:\/\/alfakherwelt.de\/ro\/categorie-de-produse\/ai-fakher-crown-bar-12000\/\">Al Fakher Crown Bar 12000 PRO<\/a> ar trebui s\u0103 cumpere<\/h3>\n<ol>\n<li><strong>Durat\u0103 lung\u0103 de valabilitate<\/strong>: Cu 12.000 de pufuri, acest dispozitiv dureaz\u0103 semnificativ mai mult dec\u00e2t majoritatea altor vape-uri de unic\u0103 folosin\u021b\u0103 de pe pia\u021b\u0103.<\/li>\n<li><strong>Tehnologie inovativ\u0103<\/strong>: Bobina Mesh \u0219i ecranul digital asigur\u0103 o experien\u021b\u0103 de vaporizare prietenoas\u0103 \u0219i avansat\u0103 din punct de vedere tehnologic.<\/li>\n<li><strong>O experien\u021b\u0103 de gust pur\u0103<\/strong>:  Gam\u0103 larg\u0103 de arome ofer\u0103 ceva pentru fiecare vaporizator, fie c\u0103 este dulce, fructat sau r\u0103coritor.<\/li>\n<li><strong>Re\u00eenc\u0103rcabil \u0219i f\u0103r\u0103 \u00eentre\u021binere<\/strong>Datorit\u0103 conectorului de \u00eenc\u0103rcare de tip C, dispozitivul dvs. este \u00eenc\u0103rcat \u00een cel mai scurt timp posibil \u0219i gata de utilizare - f\u0103r\u0103 \u00eentre\u021binere complicat\u0103.<\/li>\n<li><strong>Design stilizat<\/strong>Designul suplu, u\u0219or \u0219i ergonomic face ca acest dispozitiv s\u0103 fie \u00eenso\u021bitorul ideal pentru deplas\u0103ri.<\/li>\n<li><strong>Autentic\u0103 senza\u021bie de hookah<\/strong>: Unda sonor\u0103 integrat\u0103 aduce senza\u021bia unei pipe de ap\u0103 direct \u00een m\u00e2na ta.<\/li>\n<\/ol>\n<h3>Concluzie<\/h3>\n<p>Der <a href=\"https:\/\/alfakherwelt.de\/ro\/categorie-de-produse\/ai-fakher-crown-bar-12000\/\"><strong>Al Fakher Crown Bar 12000 PRO<\/strong><\/a> este vape-ul ideal de unic\u0103 folosin\u021b\u0103 pentru to\u021bi cei care caut\u0103 un dispozitiv durabil, puternic \u0219i cu arom\u0103 intens\u0103. Cu capacitatea sa mare de tragere, tehnologia avansat\u0103 \u0219i aromele intense, acest vape ofer\u0103 o experien\u021b\u0103 de vaporizare de neuitat. Dac\u0103 sunte\u021bi \u00een c\u0103utarea unui vape de \u00eenalt\u0103 calitate, de \u00eencredere, care s\u0103 v\u0103 \u00eenso\u021beasc\u0103 \u00eentreaga zi, atunci Al Fakher Crown Bar 12000 PRO este alegerea perfect\u0103.<\/p>\n<p>Vizita\u021bi <a href=\"https:\/\/alfakherwelt.de\/ro\/\"><strong>alfakherwelt.de<\/strong><\/a>, pentru a cump\u0103ra dispozitivul dvs. \u0219i a p\u0103trunde \u00een lumea vaporiz\u0103rii definitive.<\/p>","protected":false},"excerpt":{"rendered":"<div class=\"flex-shrink-0 flex flex-col relative items-end\">\n<div class=\"pt-0\">\n<div class=\"gizmo-shadow-stroke flex h-8 w-8 items-center justify-center overflow-hidden rounded-full\">\n<div class=\"h-full w-full\">Der <strong>Al Fakher Crown Bar 12000 PRO<\/strong> Este un vape reutilizabil de unic\u0103 folosin\u021b\u0103 cu 12.000 de trageri, tehnologie inovatoare cu bobin\u0103 mesh, design stilat \u0219i arome intense, care ofer\u0103 o experien\u021b\u0103 de vaporizare de neegalat.<\/div>\n<\/div>\n<\/div>\n<\/div>","protected":false},"featured_media":469,"comment_status":"open","ping_status":"closed","template":"","meta":[],"product_brand":[],"product_cat":[21],"product_tag":[],"class_list":{"0":"post-470","1":"product","2":"type-product","3":"status-publish","4":"has-post-thumbnail","6":"product_cat-ai-fakher-crown-bar-12000","8":"first","9":"outofstock","10":"sale","11":"shipping-taxable","12":"purchasable","13":"product-type-simple"},"jetpack_sharing_enabled":true,"_links":{"self":[{"href":"https:\/\/alfakherwelt.de\/ro\/wp-json\/wp\/v2\/product\/470","targetHints":{"allow":["GET"]}}],"collection":[{"href":"https:\/\/alfakherwelt.de\/ro\/wp-json\/wp\/v2\/product"}],"about":[{"href":"https:\/\/alfakherwelt.de\/ro\/wp-json\/wp\/v2\/types\/product"}],"replies":[{"embeddable":true,"href":"https:\/\/alfakherwelt.de\/ro\/wp-json\/wp\/v2\/comments?post=470"}],"wp:featuredmedia":[{"embeddable":true,"href":"https:\/\/alfakherwelt.de\/ro\/wp-json\/wp\/v2\/media\/469"}],"wp:attachment":[{"href":"https:\/\/alfakherwelt.de\/ro\/wp-json\/wp\/v2\/media?parent=470"}],"wp:term":[{"taxonomy":"product_brand","embeddable":true,"href":"https:\/\/alfakherwelt.de\/ro\/wp-json\/wp\/v2\/product_brand?post=470"},{"taxonomy":"product_cat","embeddable":true,"href":"https:\/\/alfakherwelt.de\/ro\/wp-json\/wp\/v2\/product_cat?post=470"},{"taxonomy":"product_tag","embeddable":true,"href":"https:\/\/alfakherwelt.de\/ro\/wp-json\/wp\/v2\/product_tag?post=470"}],"curies":[{"name":"wp","href":"https:\/\/api.w.org\/{rel}","templated":true}]}}