{"id":460,"date":"2024-09-13T08:08:25","date_gmt":"2024-09-13T08:08:25","guid":{"rendered":"https:\/\/alfakherwelt.de\/?post_type=product&#038;p=460"},"modified":"2026-03-06T07:09:34","modified_gmt":"2026-03-06T07:09:34","slug":"ai-fakher-crown-bar-12000-pufuri-tigara-electronica-de-unica-folosinta-menta-de-struguri","status":"publish","type":"product","link":"https:\/\/alfakherwelt.de\/ro\/produs\/ai-fakher-crown-bar-12000-pufuri-tigara-electronica-de-unica-folosinta-menta-de-struguri\/","title":{"rendered":"AI Fakher Crown Bar 12000 de trageri Hookah Sound  E-\u021bigaret\u0103 de unic\u0103 folosin\u021b\u0103 \u2013 Grape Mint"},"content":{"rendered":"<h2><strong><a href=\"https:\/\/alfakherwelt.de\/ro\/\"><img loading=\"lazy\" decoding=\"async\" class=\"alignnone wp-image-456 size-full\" src=\"https:\/\/alfakherwelt.de\/wp-content\/uploads\/2024\/09\/AI-Fakher-Crown-Bar-12000.webp\" alt=\"AI Fakher Crown Bar 12000 de trageri \u021bigar\u0103 electronic\u0103 de unic\u0103 folosin\u021b\u0103 - Ment\u0103 de struguri\" width=\"1080\" height=\"1080\" title=\"\" srcset=\"https:\/\/alfakherwelt.de\/wp-content\/uploads\/2024\/09\/AI-Fakher-Crown-Bar-12000.webp 1080w, https:\/\/alfakherwelt.de\/wp-content\/uploads\/2024\/09\/AI-Fakher-Crown-Bar-12000-300x300.webp 300w, https:\/\/alfakherwelt.de\/wp-content\/uploads\/2024\/09\/AI-Fakher-Crown-Bar-12000-1024x1024.webp 1024w, https:\/\/alfakherwelt.de\/wp-content\/uploads\/2024\/09\/AI-Fakher-Crown-Bar-12000-150x150.webp 150w, https:\/\/alfakherwelt.de\/wp-content\/uploads\/2024\/09\/AI-Fakher-Crown-Bar-12000-768x768.webp 768w, https:\/\/alfakherwelt.de\/wp-content\/uploads\/2024\/09\/AI-Fakher-Crown-Bar-12000-600x600.webp 600w, https:\/\/alfakherwelt.de\/wp-content\/uploads\/2024\/09\/AI-Fakher-Crown-Bar-12000-100x100.webp 100w\" sizes=\"auto, (max-width: 1080px) 100vw, 1080px\" \/><\/a><\/strong><\/h2>\n<h2><a href=\"https:\/\/alfakherwelt.de\/ro\/\">Al Fakher<\/a> Crown Bar 12000 PRO: Vapa de unic\u0103 folosin\u021b\u0103 suprem\u0103 pentru Germania<\/h2>\n<p><strong>Introducere<\/strong> Al Fakher Crown Bar 12000 PRO este alegerea ideal\u0103 pentru vapori care caut\u0103 un vape de unic\u0103 folosin\u021b\u0103 de \u00eenalt\u0103 tehnologie, puternic \u0219i totu\u0219i u\u0219or de utilizat. Cu capacitatea sa impresionant\u0103 \u0219i tehnologia avansat\u0103, acest dispozitiv este o piatr\u0103 de hotar \u00een lumea vape-urilor de unic\u0103 folosin\u021b\u0103. La <em>alfakherwelt.de<\/em>Cea mai mare platform\u0103 online din Germania pentru <a href=\"https:\/\/alfakherwelt.de\/ro\/\">E-Zigarete de unic\u0103 folosin\u021b\u0103<\/a>, pute\u021bi descoperi acest produs inovator \u0219i \u00eel pute\u021bi cump\u0103ra direct. Intra\u021bi \u00een lumea vaporiz\u0103rii de neegalat \u0219i experimenta\u021bi combina\u021bia unic\u0103 de putere \u0219i confort pe care Crown Bar 12000 PRO o ofer\u0103.<\/p>\n<hr \/>\n<h2>Descrierea produsului<\/h2>\n<p>Al Fakher Crown Bar 12000 PRO combin\u0103 tehnologia de ultim\u0103 or\u0103 cu o experien\u021b\u0103 tradi\u021bional\u0103 de shisha, care face fiecare puf s\u0103 fie o pl\u0103cere. Cu o capacitate de p\u00e2n\u0103 la <strong>12.000 de trenuri<\/strong> Fiecare dispozitiv, acest vape de unic\u0103 folosin\u021b\u0103 este unul dintre cele mai durabile de pe pia\u021b\u0103. Acest lucru \u00eenseamn\u0103 c\u0103 nu trebuie s\u0103 v\u0103 face\u021bi griji c\u0103 vi se termin\u0103 bateria \u00een mijlocul zilei - acest vape v\u0103 \u00eenso\u021be\u0219te \u00een mod fiabil \u0219i pe termen lung \u00een via\u021ba de zi cu zi.<\/p>\n<p>Designul s\u0103u u\u0219or \u0219i elegant v\u0103 permite s\u0103 lua\u021bi dispozitivul oriunde, f\u0103r\u0103 s\u0103 devin\u0103 incomod sau greu. Zona ergonomic\u0103 a gurii asigur\u0103 o prindere confortabil\u0103 \u0219i trageri pl\u0103cute de la prima p\u00e2n\u0103 la ultima suflare. <strong>Acumulator re\u00eenc\u0103rcabil<\/strong> v\u0103 permite s\u0103 p\u0103stra\u021bi dispozitivul \u00eentotdeauna gata de utilizare, indiferent de locul \u00een care v\u0103 afla\u021bi.<\/p>\n<hr \/>\n<h2>Hauptmerkmale des <a href=\"https:\/\/alfakherwelt.de\/ro\/categorie-de-produse\/ai-fakher-crown-bar-12000\/\">Al Fakher Crown Bar 12000 PRO<\/a><\/h2>\n<ul>\n<li><strong>12.000 trenuri pe dispozitiv<\/strong>: Una dintre cele mai mari capacit\u0103\u021bi de puf pe pia\u021b\u0103, ideal\u0103 pentru utiliz\u0103ri prelungite \u0219i intensive.<\/li>\n<li><strong>Tehnologie cu bobin\u0103 de plas\u0103<\/strong>: Bobinele cu ochiuri de 0,6 ohmi asigur\u0103 nori densi \u0219i bogati \u0219i un arom\u0103 intens\u0103 care va entuziasma orice iubitor de gust.<\/li>\n<li><strong>Design u\u0219or \u0219i stilat<\/strong>Datorit\u0103 aspectului s\u0103u elegant, Crown Bar se potrive\u0219te \u00een orice buzunar \u0219i adaug\u0103 o not\u0103 estetic\u0103 experien\u021bei dvs. de vaporizare.<\/li>\n<li><strong>Unde sonore integrate pentru shisha<\/strong>: Aceast\u0103 func\u021bie \u00eembun\u0103t\u0103\u021be\u0219te senza\u021bia unei tradi\u021bionale pipe de ap\u0103 \u0219i aduce o senza\u021bie familiar\u0103 de fum direct \u00een m\u00e2na dvs.<\/li>\n<li><strong>Sistem de \u00eenc\u0103rcare rapid\u0103 USB de tip C<\/strong>\u00cenc\u0103rcarea rapid\u0103 \u0219i fiabil\u0103 asigur\u0103 c\u0103 dispozitivul dvs. este \u00eentotdeauna gata de utilizare.<\/li>\n<li><strong>Afi\u0219aj digital<\/strong>Crown Bar 12000 PRO are un afi\u0219aj digital care arat\u0103 nivelul bateriei \u0219i nivelul lichidului, astfel \u00eenc\u00e2t sunte\u021bi \u00eentotdeauna perfect informat.<\/li>\n<li><strong>Direct-to-Lung (DTL)-Experien\u021b\u0103<\/strong>Pentru tragerea puternic\u0103 \u0219i plin\u0103 de arom\u0103, care scoate \u00een eviden\u021b\u0103 perfect gustul E-Liquidului.<\/li>\n<\/ul>\n<hr \/>\n<h2>De ce ar trebui s\u0103-l <a href=\"https:\/\/alfakherwelt.de\/ro\/categorie-de-produse\/ai-fakher-crown-bar-12000\/\">Al Fakher Crown Bar 12000 PRO<\/a> Cump\u0103ra?<\/h2>\n<p>Al Fakher Crown Bar 12000 PRO nu este doar un vape de unic\u0103 folosin\u021b\u0103, ci este o <strong>Investi\u021bie \u00eentr-o experien\u021b\u0103 de aburi de prim\u0103 clas\u0103<\/strong>Capacitatea sa remarcabil\u0103 de puf de 12.000 de trageri dep\u0103\u0219e\u0219te cu mult vapele tradi\u021bionale \u0219i v\u0103 garanteaz\u0103 o utilizare de lung\u0103 durat\u0103 f\u0103r\u0103 compromisuri. Dispozitivul este u\u0219or de utilizat, nu necesit\u0103 \u00eentre\u021binere \u0219i este perfect pentru to\u021bi cei care doresc s\u0103 ob\u021bin\u0103 maximum din experien\u021ba lor de vaporizare.<\/p>\n<p>\u00cen plus, bobinele mesh fac vaporizarea o experien\u021b\u0103 intens\u0103 de arom\u0103. Bateria puternic\u0103 asigur\u0103 c\u0103 pute\u021bi utiliza dispozitivul f\u0103r\u0103 probleme pe parcursul zilei. Combinat cu op\u021biunea DTL \u0219i posibilitatea de a re\u00eenc\u0103rca rapid Crown Bar prin USB-Tip-C, acest vape asigur\u0103 c\u0103 niciodat\u0103 nu ve\u021bi r\u0103m\u00e2ne f\u0103r\u0103 abur.<\/p>\n<p>La <em>alfakherwelt.de<\/em> V\u0103 oferim produse exclusive, cum ar fi Crown Bar 12000 PRO, pe care nu le g\u0103si\u021bi pe alte platforme. Cump\u0103ra\u021bi direct de la cel mai mare furnizor din Germania pentru \u021big\u0103ri electronice de unic\u0103 folosin\u021b\u0103!<\/p>\n<hr \/>\n<h2>Descriere detaliat\u0103 a gustului: Grape Mint<\/h2>\n<h3><strong>Un \u00eenceput dulce \u0219i fructat cu ment\u0103 r\u0103coritoare<\/strong><\/h3>\n<p>Der <strong>Ment\u0103 de struguri<\/strong>Gustul Al Fakher Crown Bar 12000 PRO este o adev\u0103rat\u0103 s\u0103rb\u0103toare pentru sim\u021buri. Imagineaz\u0103-\u021bi c\u0103 mu\u0219ti \u00eentr-un strugure suculent \u0219i copt, al c\u0103rui zah\u0103r natural elibereaz\u0103 un impuls imediat de dulcea\u021b\u0103. Aceast\u0103 prospe\u021bime \u00eens\u0103 nu r\u0103m\u00e2ne singur\u0103. La scurt timp, se adaug\u0103 o adiere de ment\u0103 r\u0103coritoare \u0219i rece, care adaug\u0103 profunzime \u0219i complexitate gustului.<\/p>\n<h3><strong>Strat cu strat o experien\u021b\u0103<\/strong><\/h3>\n<p>Ce face Grape Mint at\u00e2t de special este modul \u00een care aromele se construiesc armonios unele pe altele. Prima inhalare aduce \u00een prim plan dulcea\u021ba deplin\u0103 a strugurelui, \u00een timp ce menta \u00ee\u0219i face sim\u021bit\u0103 prezen\u021ba r\u0103coritoare \u00een fundal. La a doua inhalare, cele dou\u0103 arome se amestec\u0103 perfect - strugurul r\u0103m\u00e2ne prezent, dar este subliniat de menta fresh, care asigur\u0103 o senza\u021bie pl\u0103cut\u0103 \u00een gur\u0103.<\/p>\n<h3><strong>Echilibru perfect \u00eentre dulcea\u021b\u0103 \u0219i prospe\u021bime<\/strong><\/h3>\n<p>Echilibrul Grape Mint este impresionant. Dulcea\u021ba strugurilor este completat\u0103 de menta, astfel \u00eenc\u00e2t niciuna dintre cele dou\u0103 note nu este cov\u00e2r\u0219itoare. Mai degrab\u0103 rezult\u0103 un amestec echilibrat, ideal at\u00e2t pentru iubitorii de gusturi dulci, c\u00e2t \u0219i pentru cei care prefer\u0103 gustul r\u0103coritor. Aroma este persistent\u0103 \u0219i intens\u0103, iar fiecare inhalare dezv\u0103luie noi nuan\u021be.<\/p>\n<h3><strong>Un arom\u0103 pentru fiecare ocazie<\/strong><\/h3>\n<p>Indiferent dac\u0103 savura\u021bi aceast\u0103 arom\u0103 \u00eentr-o sesiune relaxant\u0103 acas\u0103 sau \u00een deplasare, Grape Mint se potrive\u0219te oric\u0103rei ocazii. Este suficient de u\u0219or pentru utilizarea zilnic\u0103, dar \u0219i suficient de complex pentru a fi savurat \u00een momente speciale. La fiecare inhalare, descoperi\u021bi noi fa\u021bete ale acestui delicios profil de arom\u0103.<\/p>\n<hr \/>\n<h2>Concluzie: Experien\u021b\u0103 perfect\u0103 de vape de unic\u0103 folosin\u021b\u0103 cu <a href=\"https:\/\/alfakherwelt.de\/ro\/categorie-de-produse\/ai-fakher-crown-bar-12000\/\">Al Fakher Crown Bar 12000 PRO<\/a><\/h2>\n<p>Al Fakher Crown Bar 12000 PRO ofer\u0103 utilizatorilor urm\u0103toarele caracteristici <strong>experien\u021b\u0103 suprem\u0103 cu aburi<\/strong> Cu o capacitate de puf incomparabil\u0103, un design prietenos cu utilizatorul \u0219i arome excep\u021bionale precum Grape Mint. Datorit\u0103 tehnologiei de ultim\u0103 or\u0103 \u0219i prelucr\u0103rii excelente, acest dispozitiv este un must-have pentru to\u021bi cei care apreciaz\u0103 calitatea \u0219i pl\u0103cerea.<\/p>\n<p>Vizita\u021bi <a href=\"https:\/\/alfakherwelt.de\/ro\/\"><em>alfakherwelt.de<\/em><\/a> \u0219i descoperi\u021bi ast\u0103zi gama larg\u0103 de vape-uri de unic\u0103 folosin\u021b\u0103 de \u00eenalt\u0103 calitate. Ca <strong>cel mai mare furnizor din Germania<\/strong> V\u0103 oferim cele mai bune lucruri pe care le are pia\u021ba - confortabile \u0219i livrate direct la u\u0219a dumneavoastr\u0103.<\/p>","protected":false},"excerpt":{"rendered":"<div class=\"flex-shrink-0 flex flex-col relative items-end\">\n<div class=\"pt-0\">\n<div class=\"gizmo-shadow-stroke flex h-8 w-8 items-center justify-center overflow-hidden rounded-full\">\n<div class=\"h-full w-full\">Al Fakher Crown Bar 12000 PRO este un vape reutilizabil de unic\u0103 folosin\u021b\u0103 puternic, cu p\u00e2n\u0103 la 12.000 de pufuri, tehnologie avansat\u0103 Mesh-Coil, afi\u0219aj digital, sistem rapid de \u00eenc\u0103rcare USB-C \u0219i un gust intens de Grape Mint, care combin\u0103 perfect struguri dulci \u0219i ment\u0103 r\u0103coritoare - disponibil pe alfakherwelt.de, cel mai mare furnizor din Germania pentru \u021big\u0103ri electronice de unic\u0103 folosin\u021b\u0103.<\/div>\n<\/div>\n<\/div>\n<\/div>","protected":false},"featured_media":467,"comment_status":"open","ping_status":"closed","template":"","meta":[],"product_brand":[],"product_cat":[21],"product_tag":[],"class_list":{"0":"post-460","1":"product","2":"type-product","3":"status-publish","4":"has-post-thumbnail","6":"product_cat-ai-fakher-crown-bar-12000","8":"first","9":"outofstock","10":"sale","11":"shipping-taxable","12":"purchasable","13":"product-type-simple"},"jetpack_sharing_enabled":true,"_links":{"self":[{"href":"https:\/\/alfakherwelt.de\/ro\/wp-json\/wp\/v2\/product\/460","targetHints":{"allow":["GET"]}}],"collection":[{"href":"https:\/\/alfakherwelt.de\/ro\/wp-json\/wp\/v2\/product"}],"about":[{"href":"https:\/\/alfakherwelt.de\/ro\/wp-json\/wp\/v2\/types\/product"}],"replies":[{"embeddable":true,"href":"https:\/\/alfakherwelt.de\/ro\/wp-json\/wp\/v2\/comments?post=460"}],"wp:featuredmedia":[{"embeddable":true,"href":"https:\/\/alfakherwelt.de\/ro\/wp-json\/wp\/v2\/media\/467"}],"wp:attachment":[{"href":"https:\/\/alfakherwelt.de\/ro\/wp-json\/wp\/v2\/media?parent=460"}],"wp:term":[{"taxonomy":"product_brand","embeddable":true,"href":"https:\/\/alfakherwelt.de\/ro\/wp-json\/wp\/v2\/product_brand?post=460"},{"taxonomy":"product_cat","embeddable":true,"href":"https:\/\/alfakherwelt.de\/ro\/wp-json\/wp\/v2\/product_cat?post=460"},{"taxonomy":"product_tag","embeddable":true,"href":"https:\/\/alfakherwelt.de\/ro\/wp-json\/wp\/v2\/product_tag?post=460"}],"curies":[{"name":"wp","href":"https:\/\/api.w.org\/{rel}","templated":true}]}}