{"id":446,"date":"2024-09-12T01:53:30","date_gmt":"2024-09-12T01:53:30","guid":{"rendered":"https:\/\/alfakherwelt.de\/?post_type=product&#038;p=446"},"modified":"2025-05-12T06:58:11","modified_gmt":"2025-05-12T06:58:11","slug":"al-fakher-crown-bar-big-cloud-8000-per-puf-tigara-electronica-de-unica-folosinta-doua-mere","status":"publish","type":"product","link":"https:\/\/alfakherwelt.de\/ro\/produs\/al-fakher-crown-bar-big-cloud-8000-per-puf-tigara-electronica-de-unica-folosinta-doua-mere\/","title":{"rendered":"Al Fakher Crown Bar 8000 de trageri Pro Dual Mode \u021bigar\u0103 electronic\u0103 de unic\u0103 folosin\u021b\u0103 \u2013 Two Apple"},"content":{"rendered":"<p><img loading=\"lazy\" decoding=\"async\" class=\"alignnone wp-image-407 size-full\" src=\"https:\/\/alfakherwelt.de\/wp-content\/uploads\/2024\/09\/Big-Cloud-8000-PRO1.webp\" alt=\"Al Fakher Crown Bar Big Cloud 8000 PRO puffs \u021bigar\u0103 electronic\u0103 de unic\u0103 folosin\u021b\u0103 - Two Apple\" width=\"2000\" height=\"2000\" title=\"\" srcset=\"https:\/\/alfakherwelt.de\/wp-content\/uploads\/2024\/09\/Big-Cloud-8000-PRO1.webp 2000w, https:\/\/alfakherwelt.de\/wp-content\/uploads\/2024\/09\/Big-Cloud-8000-PRO1-300x300.webp 300w, https:\/\/alfakherwelt.de\/wp-content\/uploads\/2024\/09\/Big-Cloud-8000-PRO1-1024x1024.webp 1024w, https:\/\/alfakherwelt.de\/wp-content\/uploads\/2024\/09\/Big-Cloud-8000-PRO1-150x150.webp 150w, https:\/\/alfakherwelt.de\/wp-content\/uploads\/2024\/09\/Big-Cloud-8000-PRO1-768x768.webp 768w, https:\/\/alfakherwelt.de\/wp-content\/uploads\/2024\/09\/Big-Cloud-8000-PRO1-1536x1536.webp 1536w, https:\/\/alfakherwelt.de\/wp-content\/uploads\/2024\/09\/Big-Cloud-8000-PRO1-600x600.webp 600w, https:\/\/alfakherwelt.de\/wp-content\/uploads\/2024\/09\/Big-Cloud-8000-PRO1-100x100.webp 100w\" sizes=\"auto, (max-width: 2000px) 100vw, 2000px\" \/><\/p>\n<h2><a href=\"https:\/\/alfakherwelt.de\/ro\/\">Al Fakher<\/a> Crown Bar Big Cloud 8000 PRO: Experien\u021ba Ta Perfect\u0103 de Vaping \u00een Germania<\/h2>\n<p>Experimenteaz\u0103 vaporizarea suprem\u0103 cu ajutorul <strong>Al Fakher Crown Bar Big Cloud 8000 PRO<\/strong> - alegerea ideal\u0103 pentru vapori din Germania care caut\u0103 un dispozitiv puternic, durabil \u0219i u\u0219or de utilizat. Indiferent dac\u0103 e\u0219ti \u00eencep\u0103tor sau vapori experimentat, acest vape de unic\u0103 folosin\u021b\u0103 ofer\u0103 o experien\u021b\u0103 excep\u021bional\u0103 \u0219i asigur\u0103 nori mari \u0219i aroma\u021bi la fiecare tragere. La noi pe <strong>alfakherwelt.de<\/strong>, cea mai mare platform\u0103 online din Germania pentru \u021big\u0103ri electronice de unic\u0103 folosin\u021b\u0103, g\u0103se\u0219ti modelul perfect pentru tine.<\/p>\n<h3>Ce face ca <a href=\"https:\/\/alfakherwelt.de\/ro\/categorie-de-produse\/al-fakher-crown-bar-big-cloud-8000-pro\/\">Al Fakher Crown Bar Big Cloud 8000 PRO<\/a> unic<\/h3>\n<p>Der <strong>Al Fakher 8000 PRO Kit de unic\u0103 folosin\u021b\u0103 \u00een modul dual<\/strong> combin\u0103 confortul \u0219i performan\u021ba \u00eentr-un dispozitiv compact. Este un vaporizator de ultim\u0103 genera\u021bie care se adapteaz\u0103 la toate preferin\u021bele de vapare. Cu ajutorul s\u0103u <strong>Func\u021bionalitate dual-mod<\/strong> Po\u021bi comuta foarte u\u0219or \u00eentre stilurile populare \u201egur\u0103 la pl\u0103m\u00e2n\u201d (MTL) \u0219i \u201edirect la pl\u0103m\u00e2n\u201d (DTL).<\/p>\n<p>Dispozitivul este deja preumplut cu <strong>18 ml de lichid de e-\u021bigar\u0103 cu sare de nicotin\u0103<\/strong> \u0219i ofer\u0103 <strong>5 mg sare de nicotin\u0103<\/strong> Pro Puff. Der <strong>Baterie puternic\u0103 de 850 mAh<\/strong> asigura-te c\u0103 p\u00e2n\u0103 la <strong>8000 trenuri<\/strong> te po\u021bi bucura, ceea ce \u00eel face unul dintre dispozitivele de unic\u0103 folosin\u021b\u0103 cele mai durabile de pe pia\u021b\u0103.<\/p>\n<h4>Date tehnice importante:<\/h4>\n<ul>\n<li><strong>P\u00e2n\u0103 la 8000 de trenuri<\/strong> pro aparat<\/li>\n<li><strong>5 mg sare de nicotin\u0103<\/strong> pentru o tragere lin\u0103 \u0219i satisf\u0103c\u0103toare<\/li>\n<li><strong>18 ml capacitate de e-lichid<\/strong><\/li>\n<li><strong>Baterie re\u00eenc\u0103rcabil\u0103 de 850 mAh<\/strong> cu conexiune USB-C<\/li>\n<li><strong>Func\u021bionalitate dual-mod<\/strong>: MTL &amp; DTL<\/li>\n<li><strong>Tragerea asem\u0103n\u0103toare shisha-ului<\/strong> pentru o experien\u021b\u0103 autentic\u0103 a gustului<\/li>\n<li><strong>Afi\u0219aj LED<\/strong> pentru starea bateriei \u0219i nivelul de lichid electronic<\/li>\n<\/ul>\n<h3>Arome unice pentru fiecare nevoie<\/h3>\n<p>nucleul experien\u021bei de vaporizare sunt <strong>arome unice<\/strong>care Al Fakher Crown Bar Big Cloud 8000 PRO ofer\u0103. Acest e-\u021bigaret\u0103 de unic\u0103 folosin\u021b\u0103 este cunoscut pentru aromele sale intense, asem\u0103n\u0103toare shisha, care v\u0103 vor \u00eenc\u00e2nta papilele gustative.<\/p>\n<h4>Two Apple<\/h4>\n<p>Der <strong>Doi mere<\/strong>Gustul Al Fakher Crown Bar 8000 PRO este un adev\u0103rat clasic, care te transport\u0103 \u00een lumea vape-ului shisha. Aceast\u0103 arom\u0103 combin\u0103 <strong>m\u0103r ro\u0219u suculent<\/strong> cu o urm\u0103 de <strong>mere verzi<\/strong>ceea ce rezult\u0103 \u00eentr-o experien\u021b\u0103 de gust dulce-acri\u0219or perfect echilibrat\u0103.  Deja prima inhalare dezvolt\u0103 gustul pur \u0219i fructat, care te aminte\u0219te de seri confortabile cu o shisha tradi\u021bional\u0103.<\/p>\n<p>complexitatea gustului st\u0103 \u00een <strong>echilibru armonic<\/strong> a aromelor, care elibereaz\u0103 at\u00e2t note u\u0219oare, c\u00e2t \u0219i mai profunde la fiecare tragere. Este deosebit de important s\u0103 subliniem c\u0103 gustul <strong>r\u0103stoac\u0103 pe limb\u0103 mult timp<\/strong>f\u0103r\u0103 a p\u0103rea artificial sau excesiv de dulce. Aceast\u0103 arom\u0103 este perfect potrivit\u0103 pentru cei care caut\u0103 o experien\u021b\u0103 de vaporizare autentic\u0103, dar \u00een acela\u0219i timp rafinat\u0103.<\/p>\n<h4>De ce ar trebui s\u0103 cumperi Al Fakher Crown Bar 8000 PRO?<\/h4>\n<ol>\n<li><strong>Durabilitate<\/strong>: Cu o capacitate de p\u00e2n\u0103 la 8000 de trenuri, nu trebuie s\u0103 v\u0103 face\u021bi griji c\u0103 cump\u0103ra\u021bi \u00een mod constant noi dispozitive.<\/li>\n<li><strong>Operare u\u0219oar\u0103<\/strong>: F\u0103r\u0103 re\u00eenc\u0103rc\u0103ri enervante - pur \u0219i simplu bucura\u021bi-v\u0103 \u0219i re\u00eenc\u0103rca\u021bi atunci c\u00e2nd este nevoie.<\/li>\n<li><strong>Op\u021biuni flexibile de vaporizare<\/strong>Datorit\u0103 func\u021biei Dual-Mode, po\u021bi comuta \u00eentre MTL \u0219i DTL \u00een func\u021bie de starea ta de spirit.<\/li>\n<li><strong>Baterie puternic\u0103<\/strong>: Bateria integrat\u0103 de 850 mAh asigur\u0103 c\u0103 experien\u021ba dvs. de vaping nu este niciodat\u0103 \u00eentrerupt\u0103.<\/li>\n<li><strong>Autentic\u0103 senza\u021bie de shisha<\/strong>Crown Bar 8000 PRO aduce senza\u021bia distinctiv\u0103 a unei shisha autentice \u00een m\u00e2na ta.<\/li>\n<\/ol>\n<h3>Mare selec\u021bie la Al Fakher Welt<\/h3>\n<p>Pe <strong>alfakherwelt.de<\/strong> oferim nu numai \n( Nu e suficient, mai e nevoie de text ) <a href=\"https:\/\/alfakherwelt.de\/ro\/categorie-de-produse\/al-fakher-crown-bar-big-cloud-8000-pro\/\"><strong>Al Fakher Crown Bar Big Cloud 8000 PRO<\/strong><\/a>, ci \u0219i o varietate de alte arome \u0219i vape-uri de unic\u0103 folosin\u021b\u0103 pentru fiecare gust. Cu al nostru <strong>Livrare rapid\u0103<\/strong> \u0219i cu o gam\u0103 larg\u0103 de produse, suntem cea mai mare platform\u0103 din Germania pentru a v\u0103 oferi cele mai bune produse de vaporizare.<\/p>\n<p><strong>Cump\u0103ra vape<\/strong> Nu a fost niciodat\u0103 mai u\u0219or - r\u0103sfoie\u0219te selec\u021bia noastr\u0103 \u0219i descoper\u0103 avantajele \u021big\u0103rilor electronice de unic\u0103 folosin\u021b\u0103, cum ar fi Al Fakher Crown Bar 8000 PRO, care sunt concepute pentru performan\u021b\u0103, confort \u0219i arome excep\u021bionale.<\/p>\n<h3>Arome \u00een detaliu: Mai mult dec\u00e2t doar gust - O experien\u021b\u0103!<\/h3>\n<p>Gustele Al Fakher Crown Bar 8000 PRO dep\u0103\u0219esc simplul gust - ele ofer\u0103 o experien\u021b\u0103 pe care nu ar trebui s\u0103 o ratezi. Mai ales c\u0103 <strong>Doi mere<\/strong>Gustul a fost conceput cu grij\u0103 pentru a-\u021bi oferi cele mai bune momente de shisha direct \u00een m\u00e2n\u0103. Cu fiecare tragere, vei fi transportat \u00een vremea \u00een care ai savurat pentru prima dat\u0103 gustul dulce, dar subtil al m\u0103rului \u00eentr-o shisha.<\/p>\n<h4>Intenzitate \u0219i echilibru<\/h4>\n<p>Die <strong>intensiv\u0103 dulce<\/strong> ro\u0219ilor mere este perfect prin intermediul <strong>aciditate proasp\u0103t\u0103<\/strong> echilibru de mere verzi, duc\u00e2nd la o experien\u021b\u0103 de gust care te entuziasmeaz\u0103 de la \u00eenceput. Sim\u021bi cum aburul r\u0103m\u00e2ne u\u0219or \u00een gura ta \u0219i te \u00eenconjoar\u0103 cu o <strong>profunzime gustativ\u0103<\/strong> surprinz\u0103tor, care persist\u0103 mult timp. Aceste arome nu se plictisesc niciodat\u0103 \u0219i ofer\u0103 mereu noi nuan\u021be de descoperit.<\/p>\n<h4>Experien\u021b\u0103 de gust de lung\u0103 durat\u0103<\/h4>\n<p>Un alt avantaj major al Al Fakher Crown Bar 8000 PRO este acela c\u0103 <strong>Durabilitate<\/strong> gustului. Spre deosebire de mul\u021bi al\u021bi vape-uri de unic\u0103 folosin\u021b\u0103, la care gustul scade dup\u0103 c\u00e2teva pufuri, r\u0103m\u00e2ne <strong>Doi mere<\/strong>P\u00e2n\u0103 la ultima suflare, savoarea este p\u0103strat\u0103. Acest lucru este deosebit de important pentru vaperii care nu numai c\u0103 depind de nicotin\u0103, ci \u0219i de o arom\u0103 intens\u0103 \u0219i de lung\u0103 durat\u0103.<\/p>\n<h4>Experien\u021b\u0103 autentic\u0103 de shisha<\/h4>\n<p>Cu puternica lui asem\u0103nare cu o shisha tradi\u021bional\u0103 este <strong>Doi mere<\/strong>Gustul Al Fakher Crown Bar 8000 PRO este alegerea perfect\u0103 pentru to\u021bi cei care vor s\u0103 simt\u0103 \u0219i s\u0103 savureze o shisha f\u0103r\u0103 s\u0103 fie nevoie s\u0103 transporte o ap\u0103 de narghilea mare \u0219i incomod\u0103. <strong>mare emisiune de nori<\/strong> Acest vape contribuie \u0219i mai mult la experien\u021ba autentic\u0103 de shisha.<\/p>\n<h3>Concluzie: Vapa ta perfect\u0103 pentru orice ocazie<\/h3>\n<p>Der <strong>Al Fakher Crown Bar Big Cloud 8000 PRO<\/strong> este mai mult dec\u00e2t o vape de unic\u0103 folosin\u021b\u0103 - este \u00eenso\u021bitorul t\u0103u de \u00eencredere pentru o experien\u021b\u0103 de vaporizare de prim\u0103 clas\u0103. Datorit\u0103 tehnologiei inovatoare cu dou\u0103 moduri \u0219i gustului autentic ca <strong>Doi mere<\/strong> Ofer\u0103 o combina\u021bie de neegalat \u00eentre performan\u021b\u0103 \u0219i pl\u0103cere.<\/p>\n<p>Cump\u0103r\u0103 acum al t\u0103u <strong>Al Fakher Crown Bar Big Cloud 8000 PRO<\/strong> pe <a href=\"https:\/\/alfakherwelt.de\/ro\/\"><strong>alfakherwelt.de<\/strong><\/a> \u0219i experimenteaz\u0103 amestecul perfect de confort, gust \u0219i experien\u021b\u0103 Shisha!<\/p>","protected":false},"excerpt":{"rendered":"<div class=\"D5aOJc vJwDU\">\n<p>Al Fakher Crown Bar Big Cloud 8000 PRO este o \u021bigar\u0103 electronic\u0103 de unic\u0103 folosin\u021b\u0103, re\u00eenc\u0103rcabil\u0103, cu p\u00e2n\u0103 la 8000 de pufuri, care ofer\u0103 o func\u021bie Dual-Mode (MTL\/DTL), 18 ml de lichid electronic cu sare de nicotin\u0103 \u0219i o gam\u0103 larg\u0103 de arome, asigur\u00e2nd o experien\u021b\u0103 de vaporizare de lung\u0103 durat\u0103.<\/p>\n<div class=\"D5aOJc vJwDU\"><\/div>\n<div class=\"hlJJmd\">\n<div class=\"D5aOJc Hapztf\"><\/div>\n<div class=\"Bmcqed\" dir=\"ltr\">\n<div data-id=\"kvLWu\"><\/div>\n<\/div>\n<\/div>\n<\/div>\n<div class=\"hlJJmd\">\n<div class=\"Bmcqed\" dir=\"ltr\">\n<div data-id=\"kvLWu\">\n<div class=\"hlJJmd\">\n<div class=\"Bmcqed\" dir=\"ltr\">\n<div data-id=\"kvLWu\"><\/div>\n<\/div>\n<\/div>\n<\/div>\n<\/div>\n<\/div>","protected":false},"featured_media":447,"comment_status":"open","ping_status":"closed","template":"","meta":[],"product_brand":[],"product_cat":[22],"product_tag":[],"class_list":{"0":"post-446","1":"product","2":"type-product","3":"status-publish","4":"has-post-thumbnail","6":"product_cat-al-fakher-crown-bar-big-cloud-8000-pro","8":"first","9":"outofstock","10":"sale","11":"shipping-taxable","12":"purchasable","13":"product-type-simple"},"jetpack_sharing_enabled":true,"_links":{"self":[{"href":"https:\/\/alfakherwelt.de\/ro\/wp-json\/wp\/v2\/product\/446","targetHints":{"allow":["GET"]}}],"collection":[{"href":"https:\/\/alfakherwelt.de\/ro\/wp-json\/wp\/v2\/product"}],"about":[{"href":"https:\/\/alfakherwelt.de\/ro\/wp-json\/wp\/v2\/types\/product"}],"replies":[{"embeddable":true,"href":"https:\/\/alfakherwelt.de\/ro\/wp-json\/wp\/v2\/comments?post=446"}],"wp:featuredmedia":[{"embeddable":true,"href":"https:\/\/alfakherwelt.de\/ro\/wp-json\/wp\/v2\/media\/447"}],"wp:attachment":[{"href":"https:\/\/alfakherwelt.de\/ro\/wp-json\/wp\/v2\/media?parent=446"}],"wp:term":[{"taxonomy":"product_brand","embeddable":true,"href":"https:\/\/alfakherwelt.de\/ro\/wp-json\/wp\/v2\/product_brand?post=446"},{"taxonomy":"product_cat","embeddable":true,"href":"https:\/\/alfakherwelt.de\/ro\/wp-json\/wp\/v2\/product_cat?post=446"},{"taxonomy":"product_tag","embeddable":true,"href":"https:\/\/alfakherwelt.de\/ro\/wp-json\/wp\/v2\/product_tag?post=446"}],"curies":[{"name":"wp","href":"https:\/\/api.w.org\/{rel}","templated":true}]}}