{"id":439,"date":"2024-09-11T07:49:45","date_gmt":"2024-09-11T07:49:45","guid":{"rendered":"https:\/\/alfakherwelt.de\/?post_type=product&#038;p=439"},"modified":"2024-11-23T13:23:38","modified_gmt":"2024-11-23T13:23:38","slug":"al-fakher-crown-bar-big-cloud-8000-per-puf-tigara-electronica-de-unica-folosinta-mango-ananas","status":"publish","type":"product","link":"https:\/\/alfakherwelt.de\/ro\/produs\/al-fakher-crown-bar-big-cloud-8000-per-puf-tigara-electronica-de-unica-folosinta-mango-ananas\/","title":{"rendered":"Al Fakher Crown Bar 8000 de trageri Pro Dual Mode \u021bigar\u0103 electronic\u0103 de unic\u0103 folosin\u021b\u0103 \u2013 Mango Ananas"},"content":{"rendered":"<p><img loading=\"lazy\" decoding=\"async\" class=\"alignnone wp-image-407 size-full\" src=\"https:\/\/alfakherwelt.de\/wp-content\/uploads\/2024\/09\/Big-Cloud-8000-PRO1.webp\" alt=\"Al Fakher Crown Bar Big Cloud 8000 PRO puffs \u021bigar\u0103 electronic\u0103 de unic\u0103 folosin\u021b\u0103 - Mango Ananas\" width=\"2000\" height=\"2000\" title=\"\" srcset=\"https:\/\/alfakherwelt.de\/wp-content\/uploads\/2024\/09\/Big-Cloud-8000-PRO1.webp 2000w, https:\/\/alfakherwelt.de\/wp-content\/uploads\/2024\/09\/Big-Cloud-8000-PRO1-300x300.webp 300w, https:\/\/alfakherwelt.de\/wp-content\/uploads\/2024\/09\/Big-Cloud-8000-PRO1-1024x1024.webp 1024w, https:\/\/alfakherwelt.de\/wp-content\/uploads\/2024\/09\/Big-Cloud-8000-PRO1-150x150.webp 150w, https:\/\/alfakherwelt.de\/wp-content\/uploads\/2024\/09\/Big-Cloud-8000-PRO1-768x768.webp 768w, https:\/\/alfakherwelt.de\/wp-content\/uploads\/2024\/09\/Big-Cloud-8000-PRO1-1536x1536.webp 1536w, https:\/\/alfakherwelt.de\/wp-content\/uploads\/2024\/09\/Big-Cloud-8000-PRO1-600x600.webp 600w, https:\/\/alfakherwelt.de\/wp-content\/uploads\/2024\/09\/Big-Cloud-8000-PRO1-100x100.webp 100w\" sizes=\"auto, (max-width: 2000px) 100vw, 2000px\" \/><\/p>\n<h2><strong><a href=\"https:\/\/alfakherwelt.de\/ro\/\">Al Fakher<\/a> Crown Bar Big Cloud 8000 PRO \u2013 E-\u021bigar\u0103 de unic\u0103 folosin\u021b\u0103 pentru experien\u021be de vaporizare de neuitat<\/strong><\/h2>\n<p>Descoperi\u021bi lumea <a href=\"https:\/\/alfakherwelt.de\/ro\/categorie-de-produse\/al-fakher-crown-bar-big-cloud-8000-pro\/\"><strong>Al Fakher Crown Bar Big Cloud 8000 PRO<\/strong><\/a>, o \u021bigar\u0103 electronic\u0103 de unic\u0103 folosin\u021b\u0103 de ultim\u0103 genera\u021bie, care ofer\u0103 o experien\u021b\u0103 de vaporizare de prim\u0103 clas\u0103. Indiferent dac\u0103 sunte\u021bi \u00eencep\u0103tor sau vaporizator experimentat, acest dispozitiv este perfect pentru to\u021bi cei care caut\u0103 un vape versatil \u0219i puternic. Fabricat de <strong>Al Fakher<\/strong>, unul dintre numele de top \u00een lumea Shisha, acest vape combin\u0103 un gust excep\u021bional, o manipulare practic\u0103 \u0219i o performan\u021b\u0103 puternic\u0103.<\/p>\n<p>cu o capacitate de <strong>8000 de trenuri<\/strong> \u0219i o baterie re\u00eenc\u0103rcabil\u0103 de 850 mAh cu <strong>Tip C priz\u0103 de \u00eenc\u0103rcare<\/strong>acest vape asigur\u0103 experien\u021be de vaporizare prelungite f\u0103r\u0103 \u00eentreruperi. Lichidul electronic de nicotin\u0103 s\u0103rat\u0103 preumplut de 18 ml con\u021bine <strong>5 mg nicotin\u0103<\/strong> \u0219i ofer\u0103 la fiecare tragere o senza\u021bie lin\u0103 \u0219i puternic\u0103. Ideal pentru to\u021bi cei care caut\u0103 o experien\u021b\u0103 autentic\u0103 de shisha \u00eentr-o form\u0103 compact\u0103.<\/p>\n<hr \/>\n<h3><strong>Tehnice Highlights ale <a href=\"https:\/\/alfakherwelt.de\/ro\/categorie-de-produse\/al-fakher-crown-bar-big-cloud-8000-pro\/\">Al Fakher Crown Bar Big Cloud 8000 PRO<\/a><\/strong><\/h3>\n<ul>\n<li><strong>P\u00e2n\u0103 la 8000 de trenuri<\/strong> - De lung\u0103 durat\u0103 \u0219i ideal pentru \u0219edin\u021be lungi de aburi.<\/li>\n<li><strong>Func\u021bionalitate dual-mod<\/strong> \u2013 Comutare u\u0219oar\u0103 \u00eentre \u201egur\u0103 la pl\u0103m\u00e2n\u201d (MTL) \u0219i \u201edirect la pl\u0103m\u00e2n\u201d (DTL) pentru o experien\u021b\u0103 de vaporizare personalizat\u0103.<\/li>\n<li><strong>Baterie re\u00eenc\u0103rcabil\u0103 de 850 mAh<\/strong> \u2013 Cu o conexiune de \u00eenc\u0103rcare de tip C pentru \u00eenc\u0103rcare rapid\u0103 \u0219i convenabil\u0103.<\/li>\n<li><strong>18 ml de lichid de e-\u021bigar\u0103 cu sare de nicotin\u0103<\/strong> \u2013 Prefillate \u0219i gata de utilizare, con\u021bine 5 mg nicotin\u0103 pentru o senza\u021bie perfect\u0103.<\/li>\n<li><strong>Indicator LED<\/strong> \u2013 Afi\u0219eaz\u0103 starea bateriei \u0219i nivelul de lichid electronic, astfel \u00eenc\u00e2t s\u0103 ave\u021bi \u00eentotdeauna o imagine de ansamblu.<\/li>\n<li><strong>Mari, nori aromatici<\/strong> - Dezvoltat pentru un gust intens \u0219i nori mari de abur, ideal pentru fanii stilului DTL.<\/li>\n<\/ul>\n<hr \/>\n<h2><strong>De ce <a href=\"https:\/\/alfakherwelt.de\/ro\/categorie-de-produse\/al-fakher-crown-bar-big-cloud-8000-pro\/\">Al Fakher Crown Bar Big Cloud 8000 PRO<\/a>?<\/strong><\/h2>\n<p>Acest dispozitiv de unic\u0103 folosin\u021b\u0103 ofer\u0103 nu numai performan\u021be remarcabile, ci \u0219i o utilizare maxim\u0103 de confort. Datorit\u0103 func\u021biei Dual-Mode, pute\u021bi comuta cu u\u0219urin\u021b\u0103 \u00eentre diferite stiluri de vaporizare, \u00een func\u021bie de modul \u00een care dori\u021bi s\u0103 v\u0103 personaliza\u021bi experien\u021ba. Experien\u021ba similar\u0103 cu shisha \u00eel face o alegere perfect\u0103 pentru cei care iubesc nori mari \u0219i intensi de vapori.<\/p>\n<p>Cu ajutorul <strong>durat\u0103 lung\u0103 de via\u021b\u0103 a bateriei<\/strong> \u0219i pe <strong>18 ml de lichid de vape cu sare de nicotin\u0103 preumplut<\/strong> Nu trebuie s\u0103 v\u0103 face\u021bi griji cu privire la \u00eenc\u0103rcare sau realimentare. Manevrarea u\u0219oar\u0103 \u0219i designul ergonomic fac ca acest dispozitiv s\u0103 fie o alegere ideal\u0103 pentru deplas\u0103ri sau pentru utilizarea zilnic\u0103.<\/p>\n<hr \/>\n<h2><strong>Gusturile atr\u0103g\u0103toare<\/strong><\/h2>\n<p>Die <strong>Al Fakher Crown Bar Big Cloud 8000 PRO<\/strong> exist\u0103 \u00een diferite arome aromatice. Una dintre cele mai populare este <strong>Mango Ananas<\/strong>Combina\u021bie. S\u0103 arunc\u0103m o privire mai atent\u0103 asupra aromelor:<\/p>\n<h3><strong>Mango Ananas: O pl\u0103cere exotic\u0103<\/strong><\/h3>\n<p>Imagineaz\u0103-\u021bi gustul dulce, suculent al unei mango coapte - un gust de fruct care \u00ee\u021bi \u00eenvele\u0219te papilele gustative la fiecare \u00eenghi\u021bitur\u0103. La acesta se adaug\u0103 lovitura tropical\u0103, r\u0103coritoare a ananasului proasp\u0103t, care cu aciditatea sa natural\u0103 echilibreaz\u0103 perfect dulcea\u021ba mango-ului. Aceast\u0103 combina\u021bie de gusturi te transport\u0103 imediat \u00een \u021binuturi tropicale, unde fiecare \u00eenghi\u021bitur\u0103 are gustul unei \u00eenghi\u021bituri dintr-un cocktail exotic.<\/p>\n<p>Gustul este at\u00e2t intens, c\u00e2t \u0219i r\u0103coritor, ceea ce face aceast\u0103 varietate un favorit absolut pentru cei care caut\u0103 ceva fructat \u0219i de neuitat. Cu fiecare nori, aroma se desf\u0103\u0219oar\u0103 \u0219i mai intens, duc\u00e2nd la o experien\u021b\u0103 de vaporizare incredibil de satisf\u0103c\u0103toare. Dac\u0103 sunte\u021bi \u00een c\u0103utarea unui <strong>o experien\u021b\u0103 r\u0103coritoare \u0219i fructat\u0103<\/strong> Atunci, combina\u021bia de mango \u0219i ananas este exact ceea ce trebuie pentru tine!<\/p>\n<hr \/>\n<h2><strong>Experien\u021b\u0103 unic\u0103 de aburi cu stil<\/strong><\/h2>\n<p>Cu ajutorul <strong>Al Fakher Crown Bar Big Cloud 8000 PRO<\/strong> Primi\u021bi nu numai un dispozitiv de vaporizare de \u00eenalt\u0103 calitate, ci \u0219i un <strong>accesoriu stilat<\/strong>care subliniaz\u0103 personalitatea dvs. Designul elegant \u0219i materialele de \u00eenalt\u0103 calitate fac din acest dispozitiv un adev\u0103rat punct de atrac\u021bie. Indiferent dac\u0103 sunte\u021bi \u00een deplasare sau \u00eentr-un cadru social, Al Fakher Crown Bar face \u00eentotdeauna o impresie bun\u0103.<\/p>\n<hr \/>\n<h2><strong>Comanda\u021bi acum pe <a href=\"https:\/\/alfakherwelt.de\/ro\/\">alfakherwelt.de<\/a>!<\/strong><\/h2>\n<p>Asigura\u021bi-v\u0103 pe dumneavoastr\u0103 <strong>Al Fakher Crown Bar Big Cloud 8000 PRO<\/strong> \u0219i bucura\u021bi-v\u0103 de experien\u021ba suprem\u0103 de vaporizare! Noi, la <a href=\"https:\/\/alfakherwelt.de\/ro\/\"><strong>alfakherwelt.de<\/strong><\/a> Sunt m\u00e2ndri s\u0103 v\u0103 ofere cele mai bune \u021big\u0103ri electronice de unic\u0103 folosin\u021b\u0103 <strong>Deutschland<\/strong> Oferim o varietate de produse. Cu o mul\u021bime de arome \u0219i dispozitive de top, suntem primul dvs. punct de contact pentru vape-uri cu \u0219i f\u0103r\u0103 nicotin\u0103. Cump\u0103ra\u021bi acum de la noi \u0219i experimenta\u021bi calitate \u0219i servicii de neegalat!<\/p>","protected":false},"excerpt":{"rendered":"<div class=\"D5aOJc vJwDU\">\n<p>Der <strong>Al Fakher Crown Bar Big Cloud 8000 PRO<\/strong> este o \u021bigar\u0103 electronic\u0103 de unic\u0103 folosin\u021b\u0103 versatil\u0103 cu func\u021bie de mod dual, 8000 de trageri, 18 ml de lichid electronic \u0219i arome intense Lush Ice, care ofer\u0103 o experien\u021b\u0103 de vaporizare de lung\u0103 durat\u0103 \u0219i confortabil\u0103 \u00een Germania.<\/p>\n<div class=\"D5aOJc vJwDU\"><\/div>\n<div class=\"hlJJmd\">\n<div class=\"D5aOJc Hapztf\"><\/div>\n<div class=\"Bmcqed\" dir=\"ltr\">\n<div data-id=\"kvLWu\"><\/div>\n<\/div>\n<\/div>\n<\/div>\n<div class=\"hlJJmd\">\n<div class=\"Bmcqed\" dir=\"ltr\">\n<div data-id=\"kvLWu\">\n<div class=\"hlJJmd\">\n<div class=\"Bmcqed\" dir=\"ltr\">\n<div data-id=\"kvLWu\"><\/div>\n<\/div>\n<\/div>\n<\/div>\n<\/div>\n<\/div>","protected":false},"featured_media":441,"comment_status":"open","ping_status":"closed","template":"","meta":[],"product_brand":[],"product_cat":[22],"product_tag":[],"class_list":{"0":"post-439","1":"product","2":"type-product","3":"status-publish","4":"has-post-thumbnail","6":"product_cat-al-fakher-crown-bar-big-cloud-8000-pro","8":"first","9":"outofstock","10":"sale","11":"shipping-taxable","12":"purchasable","13":"product-type-simple"},"jetpack_sharing_enabled":true,"_links":{"self":[{"href":"https:\/\/alfakherwelt.de\/ro\/wp-json\/wp\/v2\/product\/439","targetHints":{"allow":["GET"]}}],"collection":[{"href":"https:\/\/alfakherwelt.de\/ro\/wp-json\/wp\/v2\/product"}],"about":[{"href":"https:\/\/alfakherwelt.de\/ro\/wp-json\/wp\/v2\/types\/product"}],"replies":[{"embeddable":true,"href":"https:\/\/alfakherwelt.de\/ro\/wp-json\/wp\/v2\/comments?post=439"}],"wp:featuredmedia":[{"embeddable":true,"href":"https:\/\/alfakherwelt.de\/ro\/wp-json\/wp\/v2\/media\/441"}],"wp:attachment":[{"href":"https:\/\/alfakherwelt.de\/ro\/wp-json\/wp\/v2\/media?parent=439"}],"wp:term":[{"taxonomy":"product_brand","embeddable":true,"href":"https:\/\/alfakherwelt.de\/ro\/wp-json\/wp\/v2\/product_brand?post=439"},{"taxonomy":"product_cat","embeddable":true,"href":"https:\/\/alfakherwelt.de\/ro\/wp-json\/wp\/v2\/product_cat?post=439"},{"taxonomy":"product_tag","embeddable":true,"href":"https:\/\/alfakherwelt.de\/ro\/wp-json\/wp\/v2\/product_tag?post=439"}],"curies":[{"name":"wp","href":"https:\/\/api.w.org\/{rel}","templated":true}]}}