{"id":434,"date":"2024-09-11T07:34:58","date_gmt":"2024-09-11T07:34:58","guid":{"rendered":"https:\/\/alfakherwelt.de\/?post_type=product&#038;p=434"},"modified":"2024-11-23T13:23:37","modified_gmt":"2024-11-23T13:23:37","slug":"al-fakher-crown-bar-big-cloud-8000-per-puf-tigara-electronica-de-unica-folosinta-gheata-luxurianta","status":"publish","type":"product","link":"https:\/\/alfakherwelt.de\/ro\/produs\/al-fakher-crown-bar-big-cloud-8000-per-puf-tigara-electronica-de-unica-folosinta-gheata-luxurianta\/","title":{"rendered":"Al Fakher Crown Bar 8000 de trageri Pro Dual Mode \u021bigar\u0103 electronic\u0103 de unic\u0103 folosin\u021b\u0103 \u2013 Lush Ice"},"content":{"rendered":"<p><img loading=\"lazy\" decoding=\"async\" class=\"alignnone wp-image-407 size-full\" src=\"https:\/\/alfakherwelt.de\/wp-content\/uploads\/2024\/09\/Big-Cloud-8000-PRO1.webp\" alt=\"Al Fakher Crown Bar Big Cloud 8000 PRO puffs \u021bigar\u0103 electronic\u0103 de unic\u0103 folosin\u021b\u0103 - Lush Ice\" width=\"2000\" height=\"2000\" title=\"\" srcset=\"https:\/\/alfakherwelt.de\/wp-content\/uploads\/2024\/09\/Big-Cloud-8000-PRO1.webp 2000w, https:\/\/alfakherwelt.de\/wp-content\/uploads\/2024\/09\/Big-Cloud-8000-PRO1-300x300.webp 300w, https:\/\/alfakherwelt.de\/wp-content\/uploads\/2024\/09\/Big-Cloud-8000-PRO1-1024x1024.webp 1024w, https:\/\/alfakherwelt.de\/wp-content\/uploads\/2024\/09\/Big-Cloud-8000-PRO1-150x150.webp 150w, https:\/\/alfakherwelt.de\/wp-content\/uploads\/2024\/09\/Big-Cloud-8000-PRO1-768x768.webp 768w, https:\/\/alfakherwelt.de\/wp-content\/uploads\/2024\/09\/Big-Cloud-8000-PRO1-1536x1536.webp 1536w, https:\/\/alfakherwelt.de\/wp-content\/uploads\/2024\/09\/Big-Cloud-8000-PRO1-600x600.webp 600w, https:\/\/alfakherwelt.de\/wp-content\/uploads\/2024\/09\/Big-Cloud-8000-PRO1-100x100.webp 100w\" sizes=\"auto, (max-width: 2000px) 100vw, 2000px\" \/><\/p>\n<h2><a href=\"https:\/\/alfakherwelt.de\/ro\/\">Al Fakher<\/a> Crown Bar Big Cloud 8000 PRO \u2013 E-\u021bigar\u0103 de unic\u0103 folosin\u021b\u0103 pentru o experien\u021b\u0103 de vapoare de necomparat \u00een Germania<\/h2>\n<p>Die <a href=\"https:\/\/alfakherwelt.de\/ro\/categorie-de-produse\/al-fakher-crown-bar-big-cloud-8000-pro\/\"><strong>Al Fakher Crown Bar Big Cloud 8000 PRO<\/strong><\/a> Tigara electronic\u0103 de unic\u0103 folosin\u021b\u0103 este experien\u021ba perfect\u0103 de vaporizare pentru cunosc\u0103tori care caut\u0103 cea mai \u00eenalt\u0103 calitate \u0219i comoditate. Ca platform\u0103 lider pentru vape de unic\u0103 folosin\u021b\u0103 \u00een Germania, alfakherwelt.de ofer\u0103 acest produs inovator pentru fum\u0103torii care apreciaz\u0103 gustul excep\u021bional \u0219i performan\u021ba. Fie c\u0103 e\u0219ti \u00eencep\u0103tor sau fum\u0103tor experimentat, acest vape este \u00eenso\u021bitorul ideal pentru a experimenta oric\u00e2nd \u0219i oriunde nori mari \u0219i gust intens.<\/p>\n<h3>Design de \u00eenalt\u0103 calitate \u0219i u\u0219urin\u021b\u0103 \u00een utilizare<\/h3>\n<p>Das <a href=\"https:\/\/alfakherwelt.de\/ro\/categorie-de-produse\/al-fakher-crown-bar-big-cloud-8000-pro\/\"><strong>Al Fakher Crown Bar Big Cloud 8000 PRO<\/strong><\/a> Kit a fost dezvoltat pentru a combina at\u00e2t stilul, c\u00e2t \u0219i func\u021bionalitatea. Cu un design elegant \u0219i ergonomic, se potrive\u0219te perfect \u00een m\u00e2n\u0103 \u0219i ofer\u0103 \u00een acela\u0219i timp o utilizare intuitiv\u0103. Pur \u0219i simplu despacheta\u021bi, inhala\u021bi \u0219i bucura\u021bi-v\u0103 - f\u0103r\u0103 s\u0103 fie nevoie de reumplere sau \u00eenc\u0103rcare suplimentar\u0103. Datorit\u0103 bateriei de lung\u0103 durat\u0103 de 800 mAh \u0219i a 18 ml de e-lichid preumplut, pute\u021bi ajunge p\u00e2n\u0103 la <strong>8000 trenuri<\/strong> bucura\u021bi-v\u0103 \u00eenainte ca dispozitivul s\u0103 fie \u00eenlocuit. <strong>Acumulator re\u00eenc\u0103rcabil<\/strong> Prin portul Type-C se asigur\u0103 suplimentar c\u0103 sesiunea dvs. de aburi nu se \u00eencheie niciodat\u0103 brusc.<\/p>\n<h3>Func\u021bie dual-mode - Experien\u021b\u0103 individual\u0103 de vaporizare<\/h3>\n<p>Un punct de atrac\u021bie deosebit\u0103 al <strong>Al Fakher 8000 PRO<\/strong> este <strong>Func\u021bionalitate dual-mod<\/strong>care v\u0103 permite s\u0103 alege\u021bi \u00eentre dou\u0103 stiluri de vaporizare. Dori\u021bi s\u0103 prefera\u021bi modul \u201egur\u0103 \u00een pl\u0103m\u00e2n\u201d (MTL) pentru o aspirare lin\u0103 sau mai degrab\u0103 modul \u201edirect \u00een pl\u0103m\u00e2n\u201d (DTL) pentru nori mari? Decide\u021bi! Aceast\u0103 versatilitate ofer\u0103 fiec\u0103rui vaporizator experien\u021ba perfect\u0103, individualizat\u0103 \u00een func\u021bie de propriile preferin\u021be.<\/p>\n<h3>Tehnice Caracteristici ale <a href=\"https:\/\/alfakherwelt.de\/ro\/categorie-de-produse\/al-fakher-crown-bar-big-cloud-8000-pro\/\">Al Fakher Crown Bar Big Cloud 8000 PRO<\/a><\/h3>\n<ul>\n<li><strong>P\u00e2n\u0103 la 8000 de trenuri<\/strong>: Lung\u0103 perioad\u0103 de savurare a aburului f\u0103r\u0103 schimb\u0103ri constante.<\/li>\n<li><strong>Func\u021bionalitate dual-mod<\/strong>: Alege\u021bi \u00eentre MTL sau DTL pentru personalizarea maxim\u0103.<\/li>\n<li><strong>18 ml E-Liquid<\/strong>: Bogat preumplut pentru sesiuni intense de vaporizare.<\/li>\n<li><strong>5 % Nikotinsalz \n\nbecomes \n\n5 % Nikotinsalz<\/strong>Pentru o lovitur\u0103 intens\u0103 de nicotin\u0103 \u0219i o tragere lin\u0103.<\/li>\n<li><strong>800 mAh baterie<\/strong>Re\u00eenc\u0103rcabil \u0219i durabil, ideal pentru utilizare \u00een deplasare.<\/li>\n<li><strong>Afi\u0219aj de informa\u021bii cu LED-uri<\/strong>: Prezentare practic\u0103 a nivelului de \u00eenc\u0103rcare \u0219i a nivelului de lichid.<\/li>\n<\/ul>\n<h3>Gusturile: Gust de necomparat, care entuziasmeaz\u0103<\/h3>\n<p>Das <strong>Al Fakher Crown Bar Big Cloud 8000 PRO<\/strong> Oferta kitului de unic\u0103 folosin\u021b\u0103 include o varietate de arome, special create pentru gusturile exigente. O arom\u0103 deosebit de popular\u0103 este <strong>Lush Ice<\/strong> - un amestec r\u0103coritor de arom\u0103 de pepene verde suculent cu o not\u0103 de prospe\u021bime r\u0103coritoare.<\/p>\n<p><strong>Lush Ice<\/strong> V\u0103 captiveaz\u0103 sim\u021burile cu echilibrul perfect ajustat \u00eentre dulcea\u021ba fructat\u0103 \u0219i r\u0103coarea revigorant\u0103. La fiecare inhalare, sim\u021bi\u021bi pepenele verde suculent pe limba dumneavoastr\u0103, \u00eenso\u021bit de o not\u0103 subtil\u0103 de ment\u0103, care las\u0103 un efect pl\u0103cut de r\u0103cire pe palatul dumneavoastr\u0103. Acest gust este ideal pentru vape-urile care doresc s\u0103 se bucure de un vape revigorant \u0219i \u00een acela\u0219i timp lini\u0219titor. Perfect pentru zilele calde de var\u0103 sau atunci c\u00e2nd pur \u0219i simplu dori\u021bi o pauz\u0103 fructat\u0103 \u0219i proasp\u0103t\u0103.<\/p>\n<p>Amestecul de pepene verde dulce \u0219i ment\u0103 r\u0103coritoare asigur\u0103 c\u0103 <strong>Lush Ice<\/strong> num\u0103r\u0103 printre preferatele absolute ale iubitorilor de fructe. Fiecare \u00eenghi\u021bitur\u0103 aduce o briz\u0103 r\u0103coritoare care atinge u\u0219or cerul gurii \u0219i las\u0103 o experien\u021b\u0103 de gust de durat\u0103.<\/p>\n<p>Fiecare dintre aceste arome este impregnat\u0103 cu 5 % sare de nicotin\u0103, ceea ce nu numai c\u0103 ofer\u0103 o lovitur\u0103 intens\u0103 de nicotin\u0103, ci \u0219i pentru trageri deosebit de moi \u0219i fine, f\u0103r\u0103 iritare a g\u00e2tului.<\/p>\n<h3>De ce ar trebui s\u0103-l <a href=\"https:\/\/alfakherwelt.de\/ro\/categorie-de-produse\/al-fakher-crown-bar-big-cloud-8000-pro\/\">Al Fakher Crown Bar Big Cloud 8000 PRO<\/a> Cump\u0103ra?<\/h3>\n<ol>\n<li><strong>Comod \u0219i u\u0219or<\/strong>: Nici \u00eenc\u0103rcare, nici reumplere - doar despacheta\u021bi \u0219i \u00eencepe\u021bi s\u0103 vapezi.<\/li>\n<li><strong>Pl\u0103cere prelungit\u0103 de aburi<\/strong>: Cu p\u00e2n\u0103 la 8000 de pufuri, aceast\u0103 vape este considerat\u0103 unul dintre cele mai durabile dispozitive de unic\u0103 folosin\u021b\u0103 de pe pia\u021b\u0103.<\/li>\n<li><strong>Arome de \u00eenalt\u0103 calitate<\/strong>: Bucura\u021bi-v\u0103 de arome autentice \u0219i intense la fiecare inhalare.<\/li>\n<li><strong>Versatilitate<\/strong>: Datorit\u0103 func\u021biei Dual Mode, pute\u021bi personaliza stilul de abur \u00een func\u021bie de preferin\u021bele dvs.<\/li>\n<li><strong>Design ergonomic<\/strong>Se potrive\u0219te confortabil \u00een m\u00e2n\u0103 \u0219i se utilizeaz\u0103 f\u0103r\u0103 efort.<\/li>\n<\/ol>\n<h3>Cump\u0103ra\u021bi Al Fakher Crown Bar Big Cloud 8000 PRO la <a href=\"https:\/\/alfakherwelt.de\/ro\/\">alfakherwelt.de<\/a><\/h3>\n<p>Ca principal furnizor de <strong>E-Zigarete de unic\u0103 folosin\u021b\u0103 \u00een Germania<\/strong> Alfakherwelt.de ofer\u0103 o gam\u0103 larg\u0103 de produse de vaporizare de \u00eenalt\u0103 calitate pe care le pute\u021bi comanda comod online. <strong>Al Fakher Crown Bar Big Cloud 8000 PRO<\/strong> Este produsul ideal pentru to\u021bi cei care caut\u0103 o experien\u021b\u0103 de vaporizare simpl\u0103, de lung\u0103 durat\u0103 \u0219i cu un gust intens.<\/p>\n<p>Comanda\u021bi \u00eenc\u0103 ast\u0103zi al dvs. <strong>Al Fakher Crown Bar Big Cloud 8000 PRO<\/strong> \u0219i experimenta\u021bi combina\u021bia dintre tehnologie inovatoare \u0219i gust de neegalat - exclusiv pe <a href=\"https:\/\/alfakherwelt.de\/ro\/\"><strong>alfakherwelt.de<\/strong><\/a>!<\/p>","protected":false},"excerpt":{"rendered":"<div class=\"D5aOJc vJwDU\">\n<p>Der <strong>Al Fakher Crown Bar Big Cloud 8000 PRO<\/strong> este o \u021bigar\u0103 electronic\u0103 de unic\u0103 folosin\u021b\u0103 versatil\u0103 cu func\u021bie de mod dual, 8000 de trageri, 18 ml de lichid electronic \u0219i arome intense Lush Ice, care ofer\u0103 o experien\u021b\u0103 de vaporizare de lung\u0103 durat\u0103 \u0219i confortabil\u0103 \u00een Germania.<\/p>\n<div class=\"D5aOJc vJwDU\"><\/div>\n<div class=\"hlJJmd\">\n<div class=\"D5aOJc Hapztf\"><\/div>\n<div class=\"Bmcqed\" dir=\"ltr\">\n<div data-id=\"kvLWu\"><\/div>\n<\/div>\n<\/div>\n<\/div>\n<div class=\"hlJJmd\">\n<div class=\"Bmcqed\" dir=\"ltr\">\n<div data-id=\"kvLWu\">\n<div class=\"hlJJmd\">\n<div class=\"Bmcqed\" dir=\"ltr\">\n<div data-id=\"kvLWu\"><\/div>\n<\/div>\n<\/div>\n<\/div>\n<\/div>\n<\/div>","protected":false},"featured_media":436,"comment_status":"open","ping_status":"closed","template":"","meta":[],"product_brand":[],"product_cat":[22],"product_tag":[],"class_list":{"0":"post-434","1":"product","2":"type-product","3":"status-publish","4":"has-post-thumbnail","6":"product_cat-al-fakher-crown-bar-big-cloud-8000-pro","8":"first","9":"outofstock","10":"sale","11":"shipping-taxable","12":"purchasable","13":"product-type-simple"},"jetpack_sharing_enabled":true,"_links":{"self":[{"href":"https:\/\/alfakherwelt.de\/ro\/wp-json\/wp\/v2\/product\/434","targetHints":{"allow":["GET"]}}],"collection":[{"href":"https:\/\/alfakherwelt.de\/ro\/wp-json\/wp\/v2\/product"}],"about":[{"href":"https:\/\/alfakherwelt.de\/ro\/wp-json\/wp\/v2\/types\/product"}],"replies":[{"embeddable":true,"href":"https:\/\/alfakherwelt.de\/ro\/wp-json\/wp\/v2\/comments?post=434"}],"wp:featuredmedia":[{"embeddable":true,"href":"https:\/\/alfakherwelt.de\/ro\/wp-json\/wp\/v2\/media\/436"}],"wp:attachment":[{"href":"https:\/\/alfakherwelt.de\/ro\/wp-json\/wp\/v2\/media?parent=434"}],"wp:term":[{"taxonomy":"product_brand","embeddable":true,"href":"https:\/\/alfakherwelt.de\/ro\/wp-json\/wp\/v2\/product_brand?post=434"},{"taxonomy":"product_cat","embeddable":true,"href":"https:\/\/alfakherwelt.de\/ro\/wp-json\/wp\/v2\/product_cat?post=434"},{"taxonomy":"product_tag","embeddable":true,"href":"https:\/\/alfakherwelt.de\/ro\/wp-json\/wp\/v2\/product_tag?post=434"}],"curies":[{"name":"wp","href":"https:\/\/api.w.org\/{rel}","templated":true}]}}