{"id":380,"date":"2024-09-06T11:06:51","date_gmt":"2024-09-06T11:06:51","guid":{"rendered":"https:\/\/alfakherwelt.de\/?post_type=product&#038;p=380"},"modified":"2025-09-06T00:33:42","modified_gmt":"2025-09-06T00:33:42","slug":"al-fakher-crown-bar-la-8000-pufuri-de-tigara-electronica-de-unica-folosinta-punch-cu-capsuni","status":"publish","type":"product","link":"https:\/\/alfakherwelt.de\/ro\/produs\/al-fakher-crown-bar-la-8000-pufuri-de-tigara-electronica-de-unica-folosinta-punch-cu-capsuni\/","title":{"rendered":"AL Fakher Crown Bar Pro 8000 de trageri \u021bigaret\u0103 electronic\u0103 de unic\u0103 folosin\u021b\u0103 \u2013 Strawberry Punch"},"content":{"rendered":"<div style=\"width: 360px;\" class=\"wp-video\"><video class=\"wp-video-shortcode\" id=\"video-380-1\" width=\"360\" height=\"640\" preload=\"metadata\" controls=\"controls\"><source type=\"video\/mp4\" src=\"https:\/\/alfakherwelt.de\/wp-content\/uploads\/2024\/09\/Al-Fakher-Crown-Bar-Big-Cloud-8000-PRO1.mp4?_=1\" \/><a href=\"https:\/\/alfakherwelt.de\/wp-content\/uploads\/2024\/09\/Al-Fakher-Crown-Bar-Big-Cloud-8000-PRO1.mp4\">https:\/\/alfakherwelt.de\/wp-content\/uploads\/2024\/09\/Al-Fakher-Crown-Bar-Big-Cloud-8000-PRO1.mp4<\/a><\/video><\/div>\n<h2><\/h2>\n<h2><a href=\"https:\/\/alfakherwelt.de\/ro\/\">AL Fakher<\/a> Crown Bar Pro 8000 de trageri Vape de unic\u0103 folosin\u021b\u0103 \u2013 Bucuria suprem\u0103 de a vaporiza<\/h2>\n<p>Die <a href=\"https:\/\/alfakherwelt.de\/ro\/categorie-de-produse\/al-fakher-crown-numerar-la-8000\/\"><strong>AL Fakher Crown Bar Pro 8000 de trag\u0103ri<\/strong><\/a> Nu este doar un vape de unic\u0103 folosin\u021b\u0103 oarecare, ci o oper\u0103 tehnologic\u0103 de art\u0103 care v\u0103 ofer\u0103 o experien\u021b\u0103 de vaporizare intens\u0103 \u0219i de lung\u0103 durat\u0103. Cu o tehnologie avansat\u0103 <strong>Bobin\u0103 cu ochiuri<\/strong> Echipat astfel, acest vape garanteaz\u0103 o arom\u0103 de neegalat \u0219i o produc\u021bie de vapori bogat\u0103. Perfect pentru to\u021bi cei care caut\u0103 o experien\u021b\u0103 de vaping simpl\u0103 \u0219i \u00een acela\u0219i timp satisf\u0103c\u0103toare, Crown Bar Pro ofer\u0103 p\u00e2n\u0103 la <strong>8000 trenuri<\/strong> \u0219i ofer\u0103 pl\u0103cere pur\u0103 p\u00e2n\u0103 la ultima suflare. Ideal\u0103 pentru utilizare zilnic\u0103 \u0219i pentru deplas\u0103ri - aceast\u0103 \u021bigar\u0103 electronic\u0103 de unic\u0103 folosin\u021b\u0103 ofer\u0103 confort \u0219i calitate f\u0103r\u0103 precedent \u00eentr-un design compact \u0219i elegant.<\/p>\n<h3>Specifica\u021bii tehnice<\/h3>\n<ul>\n<li><strong>M\u0103rimea<\/strong>: 19 x 109 mm<\/li>\n<li><strong>Priza de \u00eenc\u0103rcare<\/strong>: Tip C<\/li>\n<li><strong>Capacitate<\/strong>: 18 ml lichid electronic<\/li>\n<li><strong>Tensiune de ie\u0219ire<\/strong>: 3,7 V<\/li>\n<li><strong>Rezisten\u021ba bobinei<\/strong>: 1,2 Ohm<\/li>\n<li><strong>Capacitatea bateriei<\/strong>: 600 mAh<\/li>\n<li><strong>Con\u021binut de nicotin\u0103<\/strong>: 5 mg\/0,5 ml<\/li>\n<li><strong>Domeniul de temperatur\u0103<\/strong>: -10 \u00b0C p\u00e2n\u0103 la +40 \u00b0C<\/li>\n<li><strong>Trenuri<\/strong>: P\u00e2n\u0103 la 8000 de trenuri<\/li>\n<\/ul>\n<h3><img loading=\"lazy\" decoding=\"async\" class=\"alignnone wp-image-392 size-full\" src=\"https:\/\/alfakherwelt.de\/wp-content\/uploads\/2024\/09\/al-fakher-crown-bar-8000-pro.webp\" alt=\"AL Fakher Crown Bar Pro 8000 de trageri \u021bigaret\u0103 electronic\u0103 de unic\u0103 folosin\u021b\u0103 - Strawberry Punch\" width=\"1000\" height=\"1000\" title=\"\" srcset=\"https:\/\/alfakherwelt.de\/wp-content\/uploads\/2024\/09\/al-fakher-crown-bar-8000-pro.webp 1000w, https:\/\/alfakherwelt.de\/wp-content\/uploads\/2024\/09\/al-fakher-crown-bar-8000-pro-300x300.webp 300w, https:\/\/alfakherwelt.de\/wp-content\/uploads\/2024\/09\/al-fakher-crown-bar-8000-pro-150x150.webp 150w, https:\/\/alfakherwelt.de\/wp-content\/uploads\/2024\/09\/al-fakher-crown-bar-8000-pro-768x768.webp 768w, https:\/\/alfakherwelt.de\/wp-content\/uploads\/2024\/09\/al-fakher-crown-bar-8000-pro-600x600.webp 600w, https:\/\/alfakherwelt.de\/wp-content\/uploads\/2024\/09\/al-fakher-crown-bar-8000-pro-100x100.webp 100w\" sizes=\"auto, (max-width: 1000px) 100vw, 1000px\" \/>Descrierea produsului<\/h3>\n<p>Die <strong>AL Fakher Crown Bar Pro<\/strong> ridic\u0103 vapingul de unic\u0103 folosin\u021b\u0103 la urm\u0103torul nivel. Cu designul s\u0103u minimalist \u0219i totu\u0219i modern, nu este doar un adev\u0103rat punct de atrac\u021bie, ci \u0219i func\u021bional la cel mai \u00eenalt nivel. Datorit\u0103 tehnologiei avansate, <strong>Bobin\u0103 cu ochiuri<\/strong> Primi\u021bi la fiecare tragere un gust pur \u0219i intens, posibil datorit\u0103 \u00eenc\u0103lzirii uniforme a lichidului. \u00cen plus, bateria robust\u0103 de 600 mAh asigur\u0103 o durat\u0103 de via\u021b\u0103 lung\u0103, astfel \u00eenc\u00e2t pute\u021bi bucura de zi f\u0103r\u0103 pauze frecvente de \u00eenc\u0103rcare.<\/p>\n<p><strong>E-\u021bigaret\u0103 de unic\u0103 folosin\u021b\u0103<\/strong> \u00eenseamn\u0103 aici: nicio reumplere, nicio stresare - pur \u0219i simplu bucura\u021bi-v\u0103 p\u00e2n\u0103 se termin\u0103 8000 de trageri. Un alt punct \u00een plus este faptul c\u0103 <strong>Priza de \u00eenc\u0103rcare rapid\u0103 USB de tip C<\/strong>care v\u0103 permite o \u00eenc\u0103rcare rapid\u0103 \u0219i u\u0219oar\u0103, astfel \u00eenc\u00e2t s\u0103 nu fie nevoie s\u0103 a\u0219tepta\u021bi mult timp pentru urm\u0103torul moment de vape.<\/p>\n<h3>Caracteristici importante dintr-o privire<\/h3>\n<ol>\n<li><strong>Bobin\u0103 cu plas\u0103 avansat\u0103<\/strong> - Pentru un gust intens \u0219i abur dens.<\/li>\n<li><strong>P\u00e2n\u0103 la 8000 de trenuri<\/strong> - Lung\u0103 durat\u0103 de savurare a aburului, ideal pentru utilizatorii frecven\u021bi.<\/li>\n<li><strong>Capacitate generoas\u0103 de 18 ml de lichid electronic<\/strong> \u2013 Vaporiza mai mult timp f\u0103r\u0103 s\u0103 re\u00eencarci.<\/li>\n<li><strong>Tip C \u00cenc\u0103rcare rapid\u0103<\/strong> Rapid \u0219i u\u0219or de reactivat.<\/li>\n<li><strong>Nikotin\u0103 5 mg\/0,5 ml<\/strong> \u2013 Echilibru perfect \u00eentre pl\u0103cere \u0219i asimilarea nicotinei.<\/li>\n<li><strong>Design compact<\/strong> - U\u0219or de transportat, perfect pentru deplas\u0103ri.<\/li>\n<li><strong>Operare u\u0219oar\u0103<\/strong> - F\u0103r\u0103 realimentare sau set\u0103ri complicate, gata de utilizare imediat.<\/li>\n<\/ol>\n<h3>Experien\u021b\u0103 gustativ\u0103<\/h3>\n<h4><strong>Strawberry Punch \u2013 Perfec\u021biune fructat\u0103<\/strong><\/h4>\n<p>Die <strong>Strawberry Punch<\/strong> Gustul te duce \u00eentr-o c\u0103l\u0103torie prin c\u00e2mpuri \u00eensorite de c\u0103p\u0219uni. Fiecare vapoare aduce gustul autentic al c\u0103p\u0219unilor proaspete \u0219i coapte direct pe limba ta, completat de o not\u0103 de dulcea\u021b\u0103 care completeaz\u0103 perfect gustul. Aceast\u0103 arom\u0103 nu ofer\u0103 doar un parfum pur de fructe, ci combin\u0103 acest lucru cu o prospe\u021bime subtil\u0103 care va entuziasma fiecare iubitor de vape.<\/p>\n<p>Dulcea\u021ba natural\u0103 a c\u0103p\u0219unilor este accentuat\u0103 de textura fin\u0103 a aburului, ceea ce face experien\u021ba gustativ\u0103 \u0219i mai intens\u0103. Indiferent dac\u0103 este vara sau iarna, <strong>Strawberry Punch<\/strong> Este alegerea ideal\u0103 pentru to\u021bi cei care iubesc vape-urile fructate cu o por\u021bie suplimentar\u0103 de arom\u0103. Nuan\u021bele fine fac fiecare puf s\u0103 fie o pl\u0103cere r\u0103coritoare care v\u0103 pune un z\u00e2mbet pe fa\u021b\u0103 \u0219i v\u0103 face s\u0103 dori\u021bi mai mult.<\/p>\n<h3>De ce ar trebui s\u0103 le <a href=\"https:\/\/alfakherwelt.de\/ro\/categorie-de-produse\/al-fakher-crown-numerar-la-8000\/\"><strong>AL Fakher Crown Bar Pro 8000 de trag\u0103ri<\/strong><\/a> ar trebui s\u0103 cumpere<\/h3>\n<p>Die <strong>AL Fakher Crown Bar Pro 8000 de trag\u0103ri<\/strong> este alegerea perfect\u0103 pentru entuzia\u0219tii de vaping care apreciaz\u0103 o experien\u021b\u0103 de gust intens\u0103 \u0219i un confort maxim. Iat\u0103 c\u00e2teva motive pentru care ar trebui s\u0103 alege\u021bi acest dispozitiv:<\/p>\n<ul>\n<li><strong>Gust f\u0103r\u0103 precedent<\/strong>Datorit\u0103 bobinei inovatoare Mesh, experimenta\u021bi un gust pur \u0219i nealterat la fiecare tragere.<\/li>\n<li><strong>Pleacere de durat\u0103<\/strong>: Cu p\u00e2n\u0103 la 8000 de trageri, v\u0103 pute\u021bi bucura de o experien\u021b\u0103 de vaping de lung\u0103 durat\u0103, f\u0103r\u0103 s\u0103 fie nevoie s\u0103 re\u00eenc\u0103rca\u021bi dispozitivul \u00een mod constant.<\/li>\n<li><strong>Cel mai mare confort<\/strong>: Manevrare u\u0219oar\u0103, f\u0103r\u0103 reumplere \u0219i posibilitatea de a \u00eenc\u0103rca rapid prin USB-C fac ca <strong>AL Fakher Crown Bar Pro<\/strong> Pentru vape-ul ideal de unic\u0103 folosin\u021b\u0103 pentru utilizare zilnic\u0103.<\/li>\n<li><strong>Design compact<\/strong>: Sub\u021bire, elegant \u0219i u\u0219or - perfect pentru deplas\u0103ri.<\/li>\n<li><strong>O mare varietate de arome<\/strong>Pe l\u00e2ng\u0103 <strong>Strawberry Punch<\/strong> v\u0103 stau la dispozi\u021bie \u0219i alte arome delicioase care v\u0103 vor \u00eembog\u0103\u021bi experien\u021ba de vaping.<\/li>\n<\/ul>\n<h3>Cump\u0103r\u0103 acum pe <a href=\"https:\/\/alfakherwelt.de\/ro\/\">alfakherwelt.de<\/a><\/h3>\n<p>Dac\u0103 sunte\u021bi \u00een c\u0103utarea unei calit\u0103\u021bi superioare <strong>E-\u021bigaret\u0103 de unic\u0103 folosin\u021b\u0103<\/strong> cu nicotin\u0103 care sunt disponibile \u00een Germania, atunci este \n Not translated as \"die\" seems to be article part of next sentence or similar, providing full translation: \nc\u0103ut\u0103m cu nicotin\u0103 care sunt disponibile \u00een Germania, atunci este <strong>AL Fakher Crown Bar Pro 8000 de trag\u0103ri<\/strong> Alegerea corect\u0103. Descoperi\u021bi ast\u0103zi sortimentul nostru vast de <strong>Vapes<\/strong> \u0219i bucura\u021bi-v\u0103 de cel mai bun gust \u0219i cel mai mare confort pe care \u00eel poate oferi un vape de unic\u0103 folosin\u021b\u0103.<\/p>\n<p>Vizitati-ne pe <a href=\"https:\/\/alfakherwelt.de\/ro\/\" target=\"_new\" rel=\"noopener\">alfakherwelt.de<\/a> \u0219i experimenta\u021bi vapingul la un nivel nou.<\/p>\n<h3>Concluzie<\/h3>\n<p>Die <strong>AL Fakher Crown Bar Pro 8000 de trag\u0103ri<\/strong> este mai mult dec\u00e2t o vape de unic\u0103 folosin\u021b\u0103 - este o experien\u021b\u0103. Cu bateria sa puternic\u0103, p\u00e2n\u0103 la 8000 de pufuri \u0219i aromele intense, cum ar fi <strong>Strawberry Punch<\/strong>este alegerea ideal\u0103 pentru to\u021bi cei care vor s\u0103 se bucure de vaping \u00een voie. Un must-have pentru fiecare iubitor de vape din Germania.<\/p>","protected":false},"excerpt":{"rendered":"<p>**AL Fakher Crown Bar Pro 8000 Z\u00fcge** este o \u021bigar\u0103 electronic\u0103 de unic\u0103 folosin\u021b\u0103 de \u00eenalt\u0103 calitate, cu bobin\u0103 Mesh avansat\u0103, capacitate de 18 ml de lichid electronic, 8000 de trageri \u0219i arome intense, cum ar fi Strawberry Punch, care ofer\u0103 o experien\u021b\u0103 de vaporizare prelungit\u0103 \u0219i intens\u0103 \u00een materie de gust \u0219i este ideal\u0103 pentru entuzia\u0219tii de vaporizare din Germania.<\/p>","protected":false},"featured_media":381,"comment_status":"open","ping_status":"closed","template":"","meta":[],"product_brand":[],"product_cat":[20],"product_tag":[],"class_list":{"0":"post-380","1":"product","2":"type-product","3":"status-publish","4":"has-post-thumbnail","6":"product_cat-al-fakher-crown-bar-pro-8000","8":"first","9":"outofstock","10":"sale","11":"shipping-taxable","12":"purchasable","13":"product-type-simple"},"jetpack_sharing_enabled":true,"_links":{"self":[{"href":"https:\/\/alfakherwelt.de\/ro\/wp-json\/wp\/v2\/product\/380","targetHints":{"allow":["GET"]}}],"collection":[{"href":"https:\/\/alfakherwelt.de\/ro\/wp-json\/wp\/v2\/product"}],"about":[{"href":"https:\/\/alfakherwelt.de\/ro\/wp-json\/wp\/v2\/types\/product"}],"replies":[{"embeddable":true,"href":"https:\/\/alfakherwelt.de\/ro\/wp-json\/wp\/v2\/comments?post=380"}],"wp:featuredmedia":[{"embeddable":true,"href":"https:\/\/alfakherwelt.de\/ro\/wp-json\/wp\/v2\/media\/381"}],"wp:attachment":[{"href":"https:\/\/alfakherwelt.de\/ro\/wp-json\/wp\/v2\/media?parent=380"}],"wp:term":[{"taxonomy":"product_brand","embeddable":true,"href":"https:\/\/alfakherwelt.de\/ro\/wp-json\/wp\/v2\/product_brand?post=380"},{"taxonomy":"product_cat","embeddable":true,"href":"https:\/\/alfakherwelt.de\/ro\/wp-json\/wp\/v2\/product_cat?post=380"},{"taxonomy":"product_tag","embeddable":true,"href":"https:\/\/alfakherwelt.de\/ro\/wp-json\/wp\/v2\/product_tag?post=380"}],"curies":[{"name":"wp","href":"https:\/\/api.w.org\/{rel}","templated":true}]}}