{"id":376,"date":"2024-09-06T03:06:34","date_gmt":"2024-09-06T03:06:34","guid":{"rendered":"https:\/\/alfakherwelt.de\/?post_type=product&#038;p=376"},"modified":"2025-09-06T00:33:49","modified_gmt":"2025-09-06T00:33:49","slug":"al-fakher-crown-bar-la-8000-pufuri-de-tigara-electronica-de-unica-folosinta-cu-gheata-de-piersici","status":"publish","type":"product","link":"https:\/\/alfakherwelt.de\/ro\/produs\/al-fakher-crown-bar-la-8000-pufuri-de-tigara-electronica-de-unica-folosinta-cu-gheata-de-piersici\/","title":{"rendered":"AL Fakher Crown Bar Pro 8000 de trageri \u021bigaret\u0103 electronic\u0103 de unic\u0103 folosin\u021b\u0103 - Pi\u0219cot de ghea\u021b\u0103"},"content":{"rendered":"<div style=\"width: 1020px;\" class=\"wp-video\"><video class=\"wp-video-shortcode\" id=\"video-376-1\" width=\"1020\" height=\"574\" preload=\"metadata\" controls=\"controls\"><source type=\"video\/mp4\" src=\"https:\/\/alfakherwelt.de\/wp-content\/uploads\/2024\/09\/Al-Fakher-Crown-Bar-Big-Cloud-8000-PRO2\uff0c\u53bb\u4eba\u50cf.mp4?_=1\" \/><a href=\"https:\/\/alfakherwelt.de\/wp-content\/uploads\/2024\/09\/Al-Fakher-Crown-Bar-Big-Cloud-8000-PRO2,elimin\u0103-chip.mp4\">https:\/\/alfakherwelt.de\/wp-content\/uploads\/2024\/09\/Al-Fakher-Crown-Bar-Big-Cloud-8000-PRO2,elimin\u0103-chip.mp4<\/a><\/video><\/div>\n<h2><a href=\"https:\/\/alfakherwelt.de\/ro\/\">AL Fakher<\/a> Crown Bar Pro 8000 de trageri \u2013 <a href=\"https:\/\/alfakherwelt.de\/ro\/\">E-\u021bigaret\u0103 de unic\u0103 folosin\u021b\u0103<\/a> pentru o experien\u021b\u0103 de vaporizare suprem\u0103<\/h2>\n<p>Der <strong>AL Fakher Crown Bar Pro 8000 Puffs vape de unic\u0103 folosin\u021b\u0103<\/strong> Nu este doar o alt\u0103 \u021bigar\u0103 electronic\u0103 - este un dispozitiv revolu\u021bionar care v\u0103 ofer\u0103 o performan\u021b\u0103 impresionant\u0103 de vaporizare, arome autentice \u0219i o experien\u021b\u0103 de vaporizare f\u0103r\u0103 efort. Acest vape de unic\u0103 folosin\u021b\u0103, cu tehnologie de ultim\u0103 genera\u021bie \u0219i construc\u021bie sofisticat\u0103, asigur\u0103 o experien\u021b\u0103 excep\u021bional\u0103 de vaporizare din toate punctele de vedere.<\/p>\n<h3>Descrierea detaliat\u0103 a produsului<\/h3>\n<p>Der <strong><a href=\"https:\/\/alfakherwelt.de\/ro\/\">AL Fakher<\/a> Crown Bar Pro 8000 Puffs Vaporizator de unic\u0103 folosin\u021b\u0103<\/strong> combin\u0103 o capacitate mare, o performan\u021b\u0103 de lung\u0103 durat\u0103 \u0219i excelente profiluri de arom\u0103, pentru a r\u0103spunde cerin\u021belor dvs. ca entuziast al vaporiz\u0103rii. Acest dispozitiv compact, dar puternic, este echipat cu un <strong>18 ml rezervor de lichid electronic<\/strong> dotat cu p\u00e2n\u0103 la <strong>8000 trenuri<\/strong> permi\u021b\u00e2ndu-v\u0103 - suficient pentru a v\u0103 \u00eenso\u021bi prin multe zile de vaporizare intensiv\u0103. Datorit\u0103 lui, <strong>5 mg nicotin\u0103 (0,5%)<\/strong> ofer\u0103 o experien\u021b\u0103 satisf\u0103c\u0103toare de inhalare direct\u0103 \u00een pl\u0103m\u00e2ni, perfect\u0103 pentru vapori care doresc s\u0103 se bucure de \u00eentreaga arom\u0103 \u0219i efect al nicotinei.<\/p>\n<p>Die <strong>Bobin\u0103 cu ochiuri<\/strong> asigur\u0103 o evaporare uniform\u0103 \u0219i intensific\u0103 aromele, \u00een timp ce <strong>func\u021bie rapid\u0103 de \u00eenc\u0103rcare USB-C<\/strong> optimizat pentru via\u021ba de zi cu zi modern\u0103. \u00cen foarte scurt timp, AL Fakher Crown Bar Pro este din nou gata de utilizare \u0219i ofer\u0103 o performan\u021b\u0103 impresionant\u0103 f\u0103r\u0103 compromisuri. Dimensiunea compact\u0103 de <strong>19 x 109 mm<\/strong> \u00eel face, de asemenea, ideal pentru deplas\u0103ri.<\/p>\n<p>Dispozitivul de vape de unic\u0103 folosin\u021b\u0103 nu este potrivit doar pentru \u00eencep\u0103tori, ci \u0219i pentru vapori experimenta\u021bi care apreciaz\u0103 calitatea excelent\u0103 \u0219i durabilitatea. <strong>Rezisten\u021b\u0103 la temperatur\u0103 de -10 \u00b0C p\u00e2n\u0103 la +40 \u00b0C<\/strong> v\u0103 garanteaz\u0103 c\u0103 pute\u021bi utiliza dispozitivul \u00een aproape toate condi\u021biile.<\/p>\n<h3>Date tehnice:<\/h3>\n<ul>\n<li><strong>M\u0103rimea<\/strong>: 19 x 109 mm<\/li>\n<li><strong>Priza de \u00eenc\u0103rcare<\/strong>: Tip C (\u00eenc\u0103rcare rapid\u0103)<\/li>\n<li><strong>Capacitate<\/strong>: 18 ml lichid electronic<\/li>\n<li><strong>Tensiune de ie\u0219ire<\/strong>: 3,7 V<\/li>\n<li><strong>Rezisten\u021ba bobinei<\/strong>: 1,2 Ohm<\/li>\n<li><strong>Capacitatea bateriei<\/strong>: 600 mAh<\/li>\n<li><strong>Nikotin\u0103<\/strong>: 5 mg \/ 0,5 %<\/li>\n<li><strong>Trenuri<\/strong>: P\u00e2n\u0103 la 8000 de trenuri<\/li>\n<li><strong>Domeniul de temperatur\u0103<\/strong>: -10 \u00b0C p\u00e2n\u0103 la +40 \u00b0C<\/li>\n<\/ul>\n<h3>Caracteristici ale <a href=\"https:\/\/alfakherwelt.de\/ro\/categorie-de-produse\/al-fakher-crown-numerar-la-8000\/\">AL Fakher Crown Bar Pro 8000 de trag\u0103ri<\/a> Vaporizator de unic\u0103 folosin\u021b\u0103<\/h3>\n<ul>\n<li><strong>Volum mare de lichid<\/strong>: Cu 18 ml de lichid electronic, acest vape de unic\u0103 folosin\u021b\u0103 ofer\u0103 o durat\u0103 de via\u021b\u0103 excep\u021bional de lung\u0103.<\/li>\n<li><strong>P\u00e2n\u0103 la 8000 de trenuri<\/strong>: Conceput pentru trac\u021biuni maxime f\u0103r\u0103 compromisuri la performan\u021b\u0103.<\/li>\n<li><strong>\u00cenc\u0103rcare rapid\u0103 prin Tip C<\/strong>: \u00cenc\u0103rcare practic\u0103 \u0219i rapid\u0103 pentru vaporizatorul modern.<\/li>\n<li><strong>Bobin\u0103 Mesh intensiv\u0103<\/strong>Pentru o evaporare uniform\u0103 \u0219i aromat\u0103.<\/li>\n<li><strong>5 mg nicotin\u0103<\/strong>: Perfect pentru cei care vor s\u0103 se bucure de o cantitate satisf\u0103c\u0103toare de nicotin\u0103.<\/li>\n<li><strong>Rezistent la temperatur\u0103<\/strong>: Func\u021bioneaz\u0103 fiabil \u00een condi\u021bii meteorologice extreme.<\/li>\n<li><strong>Design practic<\/strong>U\u0219or de purtat \u0219i utilizat - ideal pentru deplas\u0103ri.<\/li>\n<\/ul>\n<h3><img loading=\"lazy\" decoding=\"async\" class=\"alignnone wp-image-392 size-full\" src=\"https:\/\/alfakherwelt.de\/wp-content\/uploads\/2024\/09\/al-fakher-crown-bar-8000-pro.webp\" alt=\"AL Fakher Crown Bar Pro 8000 de trag\u0103ri \u021bigar\u0103 electronic\u0103 de unic\u0103 folosin\u021b\u0103 - Pi\u0219cot de ghea\u021b\u0103\" width=\"1000\" height=\"1000\" title=\"\" srcset=\"https:\/\/alfakherwelt.de\/wp-content\/uploads\/2024\/09\/al-fakher-crown-bar-8000-pro.webp 1000w, https:\/\/alfakherwelt.de\/wp-content\/uploads\/2024\/09\/al-fakher-crown-bar-8000-pro-300x300.webp 300w, https:\/\/alfakherwelt.de\/wp-content\/uploads\/2024\/09\/al-fakher-crown-bar-8000-pro-150x150.webp 150w, https:\/\/alfakherwelt.de\/wp-content\/uploads\/2024\/09\/al-fakher-crown-bar-8000-pro-768x768.webp 768w, https:\/\/alfakherwelt.de\/wp-content\/uploads\/2024\/09\/al-fakher-crown-bar-8000-pro-600x600.webp 600w, https:\/\/alfakherwelt.de\/wp-content\/uploads\/2024\/09\/al-fakher-crown-bar-8000-pro-100x100.webp 100w\" sizes=\"auto, (max-width: 1000px) 100vw, 1000px\" \/>De ce ar trebui s\u0103-l <a href=\"https:\/\/alfakherwelt.de\/ro\/categorie-de-produse\/al-fakher-crown-numerar-la-8000\/\">AL Fakher Crown Bar Pro 8000 de trag\u0103ri<\/a> Ar trebui s\u0103 alegi vape:<\/h3>\n<ul>\n<li><strong>Dezvoltare remarcabil\u0103 a gustului<\/strong>: Datorit\u0103 bobinei inovatoare Mesh, fiecare vapoare devine o experien\u021b\u0103 aromat\u0103 de o intensitate de neegalat.<\/li>\n<li><strong>Utilizator-friendly<\/strong>: F\u0103r\u0103 set\u0103ri complicate, f\u0103r\u0103 reumplere - doar despacheta\u021bi \u0219i bucura\u021bi-v\u0103.<\/li>\n<li><strong>Putere maxim\u0103<\/strong>: Cu p\u00e2n\u0103 la 8000 de trageri, acest dispozitiv ofer\u0103 o durat\u0103 de via\u021b\u0103 excep\u021bional de lung\u0103 \u00eenainte de a fi necesar s\u0103 fie aruncat.<\/li>\n<li><strong>Perfect pentru deplas\u0103ri<\/strong>Datorit\u0103 dimensiunilor sale compacte \u0219i manipul\u0103rii u\u0219oare, vape-ul este ideal pentru cei care sunt adesea \u00een deplasare \u0219i nu vor s\u0103 renun\u021be la experien\u021ba de vaporizare.<\/li>\n<\/ul>\n<h3>Aromele - Explozie de gust cu Peach Ice<\/h3>\n<h4>R\u0103citoare - \u00cencheiere perfect\u0103 pentru zilele calde de var\u0103<\/h4>\n<p>Pe l\u00e2ng\u0103 dulcea\u021ba piersicii, ofer\u0103 <strong>Peach Ice<\/strong>-Aromeaz\u0103 cu o not\u0103 subtil\u0103 de ghea\u021b\u0103, care asigur\u0103 o prospe\u021bime suplimentar\u0103. Aceast\u0103 r\u0103coare \u00eenghe\u021bat\u0103 accentueaz\u0103 aroma de piersic\u0103 \u0219i confer\u0103 \u00eentregului gust o nou\u0103 dimensiune. Mai ales \u00een zilele calde, aceast\u0103 arom\u0103 este \u00eenso\u021bitorul perfect, deoarece nu numai c\u0103 \u00eemprosp\u0103teaz\u0103, ci \u0219i face experien\u021ba de vaporizare pl\u0103cut de r\u0103coritoare.<\/p>\n<p>Combina\u021bia de dulcea\u021b\u0103 fructat\u0103 \u0219i prospe\u021bime \u00eenghe\u021bat\u0103 face ca gustul s\u0103 nu devin\u0103 niciodat\u0103 plictisitor \u0219i s\u0103 ofere \u00eentotdeauna o experien\u021b\u0103 nou\u0103.<\/p>\n<h3>Cump\u0103ra\u021bi AL Fakher Crown Bar Pro 8000 de trageri <a href=\"https:\/\/alfakherwelt.de\/ro\/\">alfakherwelt.de<\/a><\/h3>\n<p>Dori\u021bi s\u0103 <a href=\"https:\/\/alfakherwelt.de\/ro\/categorie-de-produse\/al-fakher-crown-numerar-la-8000\/\"><strong>AL Fakher Crown Bar Pro 800<\/strong>0 trenuri<\/a> E<strong>inweg Vape<\/strong> cu aroma intens\u0103 <strong>Peach Ice<\/strong> sau v\u0103 bucura\u021bi de unul dintre celelalte arome disponibile? Vizita\u021bi <a href=\"https:\/\/alfakherwelt.de\/ro\/\"><strong>alfakherwelt.de<\/strong><\/a>cea mai mare platform\u0103 online pentru v\u00e2nzarea de \u021big\u0103ri electronice de unic\u0103 folosin\u021b\u0103 din Germania. La noi g\u0103si\u021bi cele mai bune produse la pre\u021buri de ne\u00eenvins \u0219i beneficia\u021bi de un serviciu clien\u021bi excelent.<\/p>\n<p>Utiliza\u021bi acum oportunitatea \u0219i experimenta\u021bi vaporizarea la un nivel complet nou cu ajutorul <strong>AL Fakher Crown Bar Pro 8000 Puffs vape de unic\u0103 folosin\u021b\u0103<\/strong>.<\/p>\n<h3>Rezumat<\/h3>\n<p>Der <strong>AL Fakher Crown Bar Pro 8000 Puffs vape de unic\u0103 folosin\u021b\u0103<\/strong> Ofer\u0103 totul ceea ce v\u0103 a\u0219tepta\u021bi de la un vape modern: o capacitate mare de lichid electronic, putere mare, gust intens \u0219i o manipulare u\u0219oar\u0103. Cu <strong>Peach Ice<\/strong> \u0219i altor arome unice, acest dispozitiv ofer\u0103 o experien\u021b\u0103 de vaporizare de neegalat. Acum cump\u0103ra\u021bi de la <a href=\"https:\/\/alfakherwelt.de\/ro\/\"><strong>alfakherwelt.de<\/strong><\/a> \u0219i s\u0103 se bucure de cele mai bune lucruri din lumea vape-ului!<\/p>","protected":false},"excerpt":{"rendered":"<p>**AL Fakher Crown Bar Pro 8000** este o \u021bigar\u0103 electronic\u0103 de unic\u0103 folosin\u021b\u0103 puternic\u0103 cu o bobin\u0103 Mesh, care ofer\u0103 un gust intens \u0219i p\u00e2n\u0103 la 8000 de puf\u0103turi, un rezervor de 18 ml de lichid electronic, o func\u021bie de \u00eenc\u0103rcare rapid\u0103 de tip C \u0219i un gust de ment\u0103 r\u0103coritor pentru o experien\u021b\u0103 de vaporizare lung\u0103 \u0219i satisf\u0103c\u0103toare.<\/p>","protected":false},"featured_media":378,"comment_status":"open","ping_status":"closed","template":"","meta":[],"product_brand":[],"product_cat":[20],"product_tag":[],"class_list":{"0":"post-376","1":"product","2":"type-product","3":"status-publish","4":"has-post-thumbnail","6":"product_cat-al-fakher-crown-bar-pro-8000","8":"first","9":"outofstock","10":"sale","11":"shipping-taxable","12":"purchasable","13":"product-type-simple"},"jetpack_sharing_enabled":true,"_links":{"self":[{"href":"https:\/\/alfakherwelt.de\/ro\/wp-json\/wp\/v2\/product\/376","targetHints":{"allow":["GET"]}}],"collection":[{"href":"https:\/\/alfakherwelt.de\/ro\/wp-json\/wp\/v2\/product"}],"about":[{"href":"https:\/\/alfakherwelt.de\/ro\/wp-json\/wp\/v2\/types\/product"}],"replies":[{"embeddable":true,"href":"https:\/\/alfakherwelt.de\/ro\/wp-json\/wp\/v2\/comments?post=376"}],"wp:featuredmedia":[{"embeddable":true,"href":"https:\/\/alfakherwelt.de\/ro\/wp-json\/wp\/v2\/media\/378"}],"wp:attachment":[{"href":"https:\/\/alfakherwelt.de\/ro\/wp-json\/wp\/v2\/media?parent=376"}],"wp:term":[{"taxonomy":"product_brand","embeddable":true,"href":"https:\/\/alfakherwelt.de\/ro\/wp-json\/wp\/v2\/product_brand?post=376"},{"taxonomy":"product_cat","embeddable":true,"href":"https:\/\/alfakherwelt.de\/ro\/wp-json\/wp\/v2\/product_cat?post=376"},{"taxonomy":"product_tag","embeddable":true,"href":"https:\/\/alfakherwelt.de\/ro\/wp-json\/wp\/v2\/product_tag?post=376"}],"curies":[{"name":"wp","href":"https:\/\/api.w.org\/{rel}","templated":true}]}}