{"id":3308,"date":"2025-04-29T05:57:38","date_gmt":"2025-04-29T05:57:38","guid":{"rendered":"https:\/\/alfakherwelt.de\/?post_type=product&#038;p=3308"},"modified":"2025-04-29T05:59:32","modified_gmt":"2025-04-29T05:59:32","slug":"request-failed-with-status-code-732","status":"publish","type":"product","link":"https:\/\/alfakherwelt.de\/ro\/produs\/request-failed-with-status-code-732\/","title":{"rendered":"Bar\u0103 de platin\u0103 15000 de trageri E-\u021bigar\u0103 de unic\u0103 folosin\u021b\u0103 5% Nicotin\u0103 \u2013 Grape Lychee Grapefruit"},"content":{"rendered":"<div style=\"width: 1020px;\" class=\"wp-video\"><video class=\"wp-video-shortcode\" id=\"video-3308-1\" width=\"1020\" height=\"1813\" preload=\"metadata\" controls=\"controls\"><source type=\"video\/mp4\" src=\"https:\/\/alfakherwelt.de\/wp-content\/uploads\/2025\/04\/PB20K_VIDEO.mp4?_=1\" \/><a href=\"https:\/\/alfakherwelt.de\/wp-content\/uploads\/2025\/04\/PB20K_VIDEO.mp4\">https:\/\/alfakherwelt.de\/wp-content\/uploads\/2025\/04\/PB20K_VIDEO.mp4<\/a><\/video><\/div>\n<h2 data-start=\"0\" data-end=\"100\"><strong data-start=\"0\" data-end=\"100\"><a href=\"https:\/\/alfakherwelt.de\/ro\/categorie-de-produse\/request-failed-with-status-code-748\/\">Platinum Bar 15000 de trageri<\/a> O singur\u0103 folosin\u021b\u0103 e-\u021bigar\u0103: Alegerea dvs. definitiv\u0103 pentru o experien\u021b\u0103 de vapoare de lung\u0103 durat\u0103<\/strong><\/h2>\n<p class=\"\" data-start=\"102\" data-end=\"613\">\u00cen lumea \u021big\u0103rilor electronice de unic\u0103 folosin\u021b\u0103 s-a stabilit <strong data-start=\"151\" data-end=\"197\">Bar\u0103 de platin\u0103 15000 de trageri \u021bigar\u0103 electronic\u0103 de unic\u0103 folosin\u021b\u0103<\/strong> ca una dintre cele mai bune op\u021biuni pe care utilizatorii din Germania le pot cump\u0103ra ast\u0103zi. Acest produs combin\u0103 cele mai recente tehnologii \u0219i inova\u021bii de design pentru a v\u0103 oferi o experien\u021b\u0103 de vaporizare de neegalat. Cu o capacitate impresionant\u0103 de <strong data-start=\"459\" data-end=\"475\">15.000 de trenuri<\/strong> Pute\u021bi bucura de abur pentru o perioad\u0103 lung\u0103 de timp, f\u0103r\u0103 s\u0103 v\u0103 face\u021bi griji cu privire la realiment\u0103ri sau \u00eenc\u0103rc\u0103ri constante.<\/p>\n<p class=\"\" data-start=\"615\" data-end=\"1092\">Datorit\u0103 celor avansate <strong data-start=\"642\" data-end=\"663\">1,2 Ohm re\u021bea de bobine<\/strong> asigur\u0103 o vaporizare uniform\u0103 \u0219i intensiv\u0103. <strong data-start=\"740\" data-end=\"756\">18 ml E-Saft<\/strong> \u0219i cel <strong data-start=\"765\" data-end=\"781\">550 mAh baterie<\/strong> ofer\u0103 suficient\u0103 putere pentru a v\u0103 garanta o experien\u021b\u0103 uniform\u0103 de aburi. <strong data-start=\"869\" data-end=\"892\">Tip C priz\u0103 de \u00eenc\u0103rcare<\/strong> asigur\u0103 c\u0103 bateria poate fi \u00eenc\u0103rcat\u0103 rapid din nou, \u00een timp ce elegantul <strong data-start=\"980\" data-end=\"995\">Afi\u0219aj LED<\/strong> v\u0103 permite s\u0103 vede\u021bi starea de \u00eenc\u0103rcare \u0219i alte informa\u021bii importante dintr-o privire.<\/p>\n<p class=\"\" data-start=\"1094\" data-end=\"1525\">Fie c\u0103 sunte\u021bi un vaporizator experimentat sau un \u00eencep\u0103tor, Platinum Bar este u\u0219or de utilizat \u0219i ofer\u0103 performan\u021be ridicate constant. \u00cen Germania, magazinul nostru online ofer\u0103 <strong data-start=\"1285\" data-end=\"1304\">alfakherwelt.de<\/strong>v\u0103 oferim cea mai mare selec\u021bie de <strong data-start=\"1334\" data-end=\"1357\">E-\u021bigarete de unic\u0103 folosin\u021b\u0103<\/strong> \u2013 inclusiv Platinum Bar 15000 de trageri. Bucura\u021bi-v\u0103 de u\u0219urin\u021ba \u00een utilizare \u0219i de varietatea de arome care se potrivesc gustului dumneavoastr\u0103 personal.<\/p>\n<hr class=\"\" data-start=\"1527\" data-end=\"1530\" \/>\n<h3><strong data-start=\"1536\" data-end=\"1613\">Specifica\u021bii tehnice ale <a href=\"https:\/\/alfakherwelt.de\/ro\/categorie-de-produse\/request-failed-with-status-code-748\/\">Platinum Bar 15000 de trageri<\/a> E-\u021bigaret\u0103 de unic\u0103 folosin\u021b\u0103<\/strong><\/h3>\n<ul data-start=\"1615\" data-end=\"2234\">\n<li class=\"\" data-start=\"1615\" data-end=\"1677\">\n<p class=\"\" data-start=\"1617\" data-end=\"1677\"><strong data-start=\"1617\" data-end=\"1631\">Capacitate:<\/strong> 18 ml de E-lichid pentru o experien\u021b\u0103 de vapoare de lung\u0103 durat\u0103.<\/p>\n<\/li>\n<li class=\"\" data-start=\"1678\" data-end=\"1771\">\n<p class=\"\" data-start=\"1680\" data-end=\"1771\"><strong data-start=\"1680\" data-end=\"1689\">Trenuri:<\/strong> P\u00e2n\u0103 la 15.000 de pufuri, ideal pentru utilizare pe termen lung f\u0103r\u0103 realiment\u0103ri frecvente.<\/p>\n<\/li>\n<li class=\"\" data-start=\"1772\" data-end=\"1859\">\n<p class=\"\" data-start=\"1774\" data-end=\"1859\"><strong data-start=\"1774\" data-end=\"1783\">Baterie:<\/strong> \u00cencorporat <strong data-start=\"1796\" data-end=\"1812\">550 mAh baterie<\/strong>care asigur\u0103 \u00een mod fiabil o utilizare \u00eendelungat\u0103.<\/p>\n<\/li>\n<li class=\"\" data-start=\"1860\" data-end=\"1941\">\n<p class=\"\" data-start=\"1862\" data-end=\"1941\"><strong data-start=\"1862\" data-end=\"1880\">Conector de \u00eenc\u0103rcare:<\/strong> <strong data-start=\"1881\" data-end=\"1904\">Tip C priz\u0103 de \u00eenc\u0103rcare<\/strong> pentru \u00eenc\u0103rcare rapid\u0103 \u0219i u\u0219oar\u0103.<\/p>\n<\/li>\n<li class=\"\" data-start=\"1942\" data-end=\"2040\">\n<p class=\"\" data-start=\"1944\" data-end=\"2040\"><strong data-start=\"1944\" data-end=\"1957\">Putere:<\/strong> <strong data-start=\"1958\" data-end=\"1986\">5% (50 mg) con\u0163inut de nicotin\u0103<\/strong>pentru o experien\u021b\u0103 de vapoare intens\u0103 \u0219i satisf\u0103c\u0103toare.<\/p>\n<\/li>\n<li class=\"\" data-start=\"2041\" data-end=\"2144\">\n<p class=\"\" data-start=\"2043\" data-end=\"2144\"><strong data-start=\"2043\" data-end=\"2054\">Design<\/strong> Sub\u021bire, u\u0219or \u0219i u\u0219or de utilizat. Compact \u0219i portabil pentru utilizare zilnic\u0103.<\/p>\n<\/li>\n<li class=\"\" data-start=\"2145\" data-end=\"2234\">\n<p class=\"\" data-start=\"2147\" data-end=\"2234\"><strong data-start=\"2147\" data-end=\"2163\">Afi\u0219aj LED:<\/strong> Afiseaz\u0103 starea bateriei \u0219i alte informa\u021bii importante \u00een timp real.<\/p>\n<\/li>\n<\/ul>\n<hr class=\"\" data-start=\"2236\" data-end=\"2239\" \/>\n<h3 class=\"\" data-start=\"2241\" data-end=\"2320\"><strong data-start=\"2245\" data-end=\"2320\">De ce ar trebui s\u0103 alege\u021bi tija de e-\u021bigar\u0103 de unic\u0103 folosin\u021b\u0103 Platinum Bar 15000 de trageri<\/strong><\/h3>\n<p class=\"\" data-start=\"2322\" data-end=\"2885\">Bara de platin\u0103 15000 de trageri E-\u021bigar\u0103 de unic\u0103 folosin\u021b\u0103 a fost dezvoltat\u0103 pentru a v\u0103 oferi o experien\u021b\u0103 <strong data-start=\"2401\" data-end=\"2435\">experien\u021b\u0103 ne\u00eentrerupt\u0103 cu vaporul<\/strong> pentru a oferi. Combina\u021bia dintre tehnologia avansat\u0103 \u0219i designul atent asigur\u0103 c\u0103 ve\u021bi ob\u021bine \u00eentotdeauna cele mai bune performan\u021be posibile. Cu o capacitate de <strong data-start=\"2609\" data-end=\"2625\">18 ml E-Saft<\/strong> \u0219i unul <strong data-start=\"2636\" data-end=\"2656\">500 mAh baterie<\/strong> pute\u021bi bucura de mai mult de 15.000 de trageri, f\u0103r\u0103 s\u0103 v\u0103 face\u021bi griji cu privire la reaprovizionare sau probleme de \u00eenc\u0103rcare. Der <strong data-start=\"2774\" data-end=\"2797\">Tip C priz\u0103 de \u00eenc\u0103rcare<\/strong> De asemenea, asigur\u0103 o \u00eenc\u0103rcare rapid\u0103 \u0219i u\u0219oar\u0103 atunci c\u00e2nd bateria se epuizeaz\u0103.<\/p>\n<p class=\"\" data-start=\"2887\" data-end=\"3171\">Das <strong data-start=\"2891\" data-end=\"2906\">Afi\u0219aj LED<\/strong> Ofer\u0103 facilit\u0103\u021bi suplimentare, afi\u0219\u00e2nd \u00een mod clar starea bateriei \u0219i alte informa\u021bii importante, astfel \u00eenc\u00e2t s\u0103 \u0219ti\u021bi c\u00e2nd este timpul s\u0103 o re\u00eenc\u0103rca\u021bi. Designul elegant \u0219i suplu face ca Platinum Bar s\u0103 fie un accesoriu stilat pentru fiecare vaporizator.<\/p>\n<h4 class=\"\" data-start=\"3173\" data-end=\"3207\"><strong data-start=\"3178\" data-end=\"3207\">Avantaje dintr-o privire:<\/strong><\/h4>\n<ul data-start=\"3208\" data-end=\"3510\">\n<li class=\"\" data-start=\"3208\" data-end=\"3266\">\n<p class=\"\" data-start=\"3210\" data-end=\"3266\"><strong data-start=\"3210\" data-end=\"3237\">Utilizare prelungit\u0103<\/strong> cu p\u00e2n\u0103 la <strong data-start=\"3249\" data-end=\"3265\">15.000 de trenuri<\/strong>.<\/p>\n<\/li>\n<li class=\"\" data-start=\"3267\" data-end=\"3329\">\n<p class=\"\" data-start=\"3269\" data-end=\"3329\"><strong data-start=\"3269\" data-end=\"3297\">Experien\u021b\u0103 intensiv\u0103 cu aburi<\/strong> datorit\u0103 <strong data-start=\"3307\" data-end=\"3328\">1,2 Ohm re\u021bea de bobine<\/strong>.<\/p>\n<\/li>\n<li class=\"\" data-start=\"3330\" data-end=\"3387\">\n<p class=\"\" data-start=\"3332\" data-end=\"3387\"><strong data-start=\"3332\" data-end=\"3356\">Design ergonomic<\/strong> pentru o manipulare pl\u0103cut\u0103.<\/p>\n<\/li>\n<li class=\"\" data-start=\"3388\" data-end=\"3441\">\n<p class=\"\" data-start=\"3390\" data-end=\"3441\"><strong data-start=\"3390\" data-end=\"3412\">\u00cenc\u0103rcare rapid\u0103<\/strong> cu <strong data-start=\"3421\" data-end=\"3440\">Conector de tip C<\/strong>.<\/p>\n<\/li>\n<li class=\"\" data-start=\"3442\" data-end=\"3510\">\n<p class=\"\" data-start=\"3444\" data-end=\"3510\"><strong data-start=\"3444\" data-end=\"3481\">Diferite arome<\/strong>care asigur\u0103 varietate.<\/p>\n<\/li>\n<\/ul>\n<hr class=\"\" data-start=\"3512\" data-end=\"3515\" \/>\n<h3 class=\"\" data-start=\"3517\" data-end=\"3607\"><strong data-start=\"3521\" data-end=\"3607\">Bar\u0103 de platin\u0103 15000 de trageri \u021bigar\u0103 electronic\u0103 de unic\u0103 folosin\u021b\u0103: Diferitele arome<\/strong><\/h3>\n<p class=\"\" data-start=\"3609\" data-end=\"4136\"><strong data-start=\"4921\" data-end=\"4952\">Struguri Lychee Grapefruit:<\/strong><\/p>\n<p class=\"\" data-start=\"4953\" data-end=\"5323\">Aceast\u0103 amestecare ofer\u0103 o combina\u021bie incitant\u0103 de struguri dulci, lychee tropical \u0219i prospe\u021bimea acri\u0219oar\u0103 a grapefruitului. Gustul este unic \u0219i complex, cu un echilibru \u00eentre dulcea\u021b\u0103, prospe\u021bime \u0219i o lovitur\u0103 u\u0219oar\u0103, fructat\u0103. Acest amestec complex este perfect potrivit pentru cei care caut\u0103 un gust deosebit, dar echilibrat.<\/p>\n<hr class=\"\" data-start=\"6102\" data-end=\"6105\" \/>\n<h3 class=\"\" data-start=\"6107\" data-end=\"6207\"><strong data-start=\"6111\" data-end=\"6207\">De ce ar trebui s\u0103<a href=\"https:\/\/alfakherwelt.de\/ro\/categorie-de-produse\/request-failed-with-status-code-748\/\"> Platinum Bar 15000<\/a> Cump\u0103r\u0103 \u021big\u0103ri electronice de unic\u0103 folosin\u021b\u0103 la <a href=\"https:\/\/alfakherwelt.de\/ro\/\">alfakherwelt.de<\/a> Cump\u0103ra?<\/strong><\/h3>\n<p class=\"\" data-start=\"6209\" data-end=\"6580\">La <strong data-start=\"6213\" data-end=\"6232\">alfakherwelt.de<\/strong> g\u0103si\u021bi nu numai o selec\u021bie imens\u0103 de <strong data-start=\"6278\" data-end=\"6301\">E-\u021bigarete de unic\u0103 folosin\u021b\u0103<\/strong> \u0219i <strong data-start=\"6306\" data-end=\"6323\">Vape-uri cu nicotin\u0103<\/strong>ci \u0219i o gam\u0103 larg\u0103 de <strong data-start=\"6362\" data-end=\"6386\">Aromele<\/strong>, care v\u0103 ofer\u0103 o experien\u021b\u0103 de vapoare de necomparat. Suntem cel mai mare <strong data-start=\"6462\" data-end=\"6519\">V\u00e2nz\u0103tori online de \u021bigarete electronice de unic\u0103 folosin\u021b\u0103 \u00een Germania<\/strong> \u0219i v\u0103 oferim cele mai bune produse la pre\u021buri atractive.<\/p>\n<p class=\"\" data-start=\"6582\" data-end=\"7083\">Bara noastr\u0103 de platin\u0103 cu 15000 de trageri, \u021bigara electronic\u0103 de unic\u0103 folosin\u021b\u0103, este deosebit de popular\u0103, deoarece este cunoscut\u0103 pentru <strong data-start=\"6671\" data-end=\"6735\">Durabilitate, capacitate de performan\u021b\u0103 \u0219i u\u0219urin\u021b\u0103 \u00een utilizare<\/strong> Este cunoscut. \u00cen plus, v\u0103 oferim livrare rapid\u0103 \u0219i servicii excelente pentru clien\u021bi, pentru a ne asigura c\u0103 experien\u021ba dvs. de vapoare se desf\u0103\u0219oar\u0103 f\u0103r\u0103 probleme. Dac\u0103 sunte\u021bi \u00een c\u0103utarea unui produs de \u00eenalt\u0103 calitate <strong data-start=\"6940\" data-end=\"6962\">E-\u021bigaret\u0103 de unic\u0103 folosin\u021b\u0103<\/strong> sunt cele care v\u0103 sunt transmise prin <strong data-start=\"6984\" data-end=\"6999\">15.000 trenuri<\/strong> Dac\u0103 dep\u0103\u0219i\u021bi cu fidelitate serviciile oferite, atunci Platinum Bar este exact ceea ce trebuie pentru tine.<\/p>\n<p class=\"\" data-start=\"7085\" data-end=\"7242\">Vizitati-ne pe <strong data-start=\"7106\" data-end=\"7125\">alfakherwelt.de<\/strong> \u0219i descoperi\u021bi-le pe cele <strong data-start=\"7148\" data-end=\"7171\">selec\u021bie divers\u0103 \n sau \n varietate de selec\u021bii \n sau \n selec\u021bii multiple \n sau \n alegere multipl\u0103 \n sau \n op\u021biuni multiple<\/strong> un <strong data-start=\"7175\" data-end=\"7191\">Vape-uri de unic\u0103 folosin\u021b\u0103<\/strong>sunt perfect adaptate nevoilor dvs.<\/p>","protected":false},"excerpt":{"rendered":"<div class=\"flex-shrink-0 flex flex-col relative items-end\">\n<div class=\"pt-0\">\n<div class=\"gizmo-shadow-stroke flex h-8 w-8 items-center justify-center overflow-hidden rounded-full\">\n<div class=\"h-full w-full\">\n<div class=\"flex-shrink-0 flex flex-col relative items-end\">\n<div class=\"pt-0\">\n<div class=\"gizmo-shadow-stroke flex h-8 w-8 items-center justify-center overflow-hidden rounded-full\">\n<div class=\"h-full w-full\">\n<div class=\"gizmo-shadow-stroke overflow-hidden rounded-full\">\n<div class=\"flex-1 overflow-hidden\">\n<div class=\"h-full\">\n<div class=\"react-scroll-to-bottom--css-nphjn-79elbk h-full\">\n<div class=\"react-scroll-to-bottom--css-nphjn-1n7m0yu\">\n<div class=\"flex flex-col text-sm md:pb-9\">\n<article class=\"w-full scroll-mb-[var(--thread-trailing-height,150px)] text-token-text-primary focus-visible:outline-2 focus-visible:outline-offset-[-4px]\" dir=\"auto\" data-testid=\"conversation-turn-5\" data-scroll-anchor=\"true\">\n<div class=\"m-auto text-base py-[18px] px-3 md:px-4 w-full md:px-5 lg:px-4 xl:px-5\">\n<div class=\"mx-auto flex flex-1 gap-4 text-base md:gap-5 lg:gap-6 md:max-w-3xl lg:max-w-[40rem] xl:max-w-[48rem]\">\n<div class=\"group\/conversation-turn relative flex w-full min-w-0 flex-col agent-turn\">\n<div class=\"flex-col gap-1 md:gap-3\">\n<div class=\"flex max-w-full flex-col flex-grow\">\n<div class=\"min-h-8 text-message flex w-full flex-col items-end gap-2 whitespace-normal break-words [.text-message+&amp;]:mt-5\" dir=\"auto\" data-message-author-role=\"assistant\" data-message-id=\"1982dcee-f0f5-4cfa-a269-fdbaed43d922\" data-message-model-slug=\"gpt-4o\">\n<div class=\"flex w-full flex-col gap-1 empty:hidden first:pt-[3px]\">\n<div class=\"markdown prose w-full break-words dark:prose-invert light\">\n<div class=\"flex-1 overflow-hidden\">\n<div class=\"h-full\">\n<div class=\"react-scroll-to-bottom--css-xrsce-79elbk h-full\">\n<div class=\"react-scroll-to-bottom--css-xrsce-1n7m0yu\">\n<div class=\"flex flex-col text-sm md:pb-9\">\n<article class=\"w-full scroll-mb-[var(--thread-trailing-height,150px)] text-token-text-primary focus-visible:outline-2 focus-visible:outline-offset-[-4px]\" dir=\"auto\" data-testid=\"conversation-turn-5\" data-scroll-anchor=\"true\">\n<div class=\"m-auto text-base py-[18px] px-3 md:px-4 w-full md:px-5 lg:px-4 xl:px-5\">\n<div class=\"mx-auto flex flex-1 gap-4 text-base md:gap-5 lg:gap-6 md:max-w-3xl lg:max-w-[40rem] xl:max-w-[48rem]\">\n<div class=\"group\/conversation-turn relative flex w-full min-w-0 flex-col agent-turn\">\n<div class=\"flex-col gap-1 md:gap-3\">\n<div class=\"flex max-w-full flex-col flex-grow\">\n<div class=\"min-h-8 text-message flex w-full flex-col items-end gap-2 whitespace-normal break-words [.text-message+&amp;]:mt-5\" dir=\"auto\" data-message-author-role=\"assistant\" data-message-id=\"1a0c8d71-a6be-4cc9-b460-deb3e7ecbf47\" data-message-model-slug=\"gpt-4o\">\n<div class=\"flex w-full flex-col gap-1 empty:hidden first:pt-[3px]\">\n<div class=\"markdown prose w-full break-words dark:prose-invert light\">\n<article class=\"text-token-text-primary w-full\" dir=\"auto\" data-testid=\"conversation-turn-4\" data-scroll-anchor=\"true\">\n<div class=\"text-base my-auto mx-auto py-5 [--thread-content-margin:--spacing(4)] @[37rem]:[--thread-content-margin:--spacing(6)] @[70rem]:[--thread-content-margin:--spacing(12)] px-(--thread-content-margin)\">\n<div class=\"[--thread-content-max-width:32rem] @[34rem]:[--thread-content-max-width:40rem] @[64rem]:[--thread-content-max-width:48rem] mx-auto flex max-w-(--thread-content-max-width) flex-1 text-base gap-4 md:gap-5 lg:gap-6 group\/turn-messages focus-visible:outline-hidden\" tabindex=\"-1\">\n<div class=\"group\/conversation-turn relative flex w-full min-w-0 flex-col agent-turn\">\n<div class=\"relative flex-col gap-1 md:gap-3\">\n<div class=\"flex max-w-full flex-col grow\">\n<div class=\"min-h-8 text-message relative flex w-full flex-col items-end gap-2 text-start break-words whitespace-normal [.text-message+&amp;]:mt-5\" dir=\"auto\" data-message-author-role=\"assistant\" data-message-id=\"6bdebcae-458a-4ab4-a78d-e2cf101c175f\" data-message-model-slug=\"gpt-4o\">\n<div class=\"flex w-full flex-col gap-1 empty:hidden first:pt-[3px]\">\n<div class=\"markdown prose dark:prose-invert w-full break-words light\">\n<article class=\"text-token-text-primary w-full\" dir=\"auto\" data-testid=\"conversation-turn-4\" data-scroll-anchor=\"true\">\n<div class=\"text-base my-auto mx-auto py-5 [--thread-content-margin:--spacing(4)] @[37rem]:[--thread-content-margin:--spacing(6)] @[70rem]:[--thread-content-margin:--spacing(12)] px-(--thread-content-margin)\">\n<div class=\"[--thread-content-max-width:32rem] @[34rem]:[--thread-content-max-width:40rem] @[64rem]:[--thread-content-max-width:48rem] mx-auto flex max-w-(--thread-content-max-width) flex-1 text-base gap-4 md:gap-5 lg:gap-6 group\/turn-messages focus-visible:outline-hidden\" tabindex=\"-1\">\n<div class=\"group\/conversation-turn relative flex w-full min-w-0 flex-col agent-turn\">\n<div class=\"relative flex-col gap-1 md:gap-3\">\n<div class=\"flex max-w-full flex-col grow\">\n<div class=\"min-h-8 text-message relative flex w-full flex-col items-end gap-2 text-start break-words whitespace-normal [.text-message+&amp;]:mt-5\" dir=\"auto\" data-message-author-role=\"assistant\" data-message-id=\"fcb706bf-44bc-43e5-b0a9-773476c8d564\" data-message-model-slug=\"gpt-4o\">\n<div class=\"flex w-full flex-col gap-1 empty:hidden first:pt-[3px]\">\n<div class=\"markdown prose dark:prose-invert w-full break-words light\">\n<p class=\"\" data-start=\"0\" data-end=\"393\">Die <strong data-start=\"4\" data-end=\"50\">Bar\u0103 de platin\u0103 15000 de trageri \u021bigar\u0103 electronic\u0103 de unic\u0103 folosin\u021b\u0103<\/strong> ofer\u0103 cu lor <strong data-start=\"68\" data-end=\"84\">18 ml E-Saft<\/strong>unul <strong data-start=\"92\" data-end=\"131\">bobin\u0103 de re\u021bea 1,2 ohmi avansat\u0103<\/strong>unui <strong data-start=\"139\" data-end=\"155\">550 mAh baterie<\/strong> \u0219i unul <strong data-start=\"166\" data-end=\"189\">Tip C priz\u0103 de \u00eenc\u0103rcare<\/strong> p\u00e2n\u0103 la <strong data-start=\"197\" data-end=\"213\">15.000 de trenuri<\/strong> O experien\u021b\u0103 intens\u0103 de vapoare \u00een diferite arome r\u0103coritoare \u0219i este alegerea ideal\u0103 pentru to\u021bi cei care caut\u0103 o experien\u021b\u0103 de vapoare de lung\u0103 durat\u0103 \u0219i u\u0219or de utilizat.<\/p>\n<\/div>\n<\/div>\n<\/div>\n<\/div>\n<\/div>\n<\/div>\n<\/div>\n<\/div>\n<\/article>\n<\/div>\n<\/div>\n<\/div>\n<\/div>\n<\/div>\n<\/div>\n<\/div>\n<\/div>\n<\/article>\n<\/div>\n<\/div>\n<\/div>\n<\/div>\n<\/div>\n<\/div>\n<\/div>\n<\/div>\n<\/article>\n<\/div>\n<\/div>\n<\/div>\n<\/div>\n<\/div>\n<\/div>\n<\/div>\n<\/div>\n<\/div>\n<div class=\"pr-2 lg:pr-0\"><\/div>\n<div class=\"mt-3 w-full empty:hidden\">\n<div class=\"text-center\"><\/div>\n<\/div>\n<\/div>\n<div class=\"absolute\">\n<div class=\"flex items-center justify-center\"><\/div>\n<\/div>\n<\/div>\n<\/div>\n<\/div>\n<\/article>\n<\/div>\n<\/div>\n<\/div>\n<\/div>\n<\/div>\n<div class=\"md:pt-0 dark:border-white\/20 md:border-transparent md:dark:border-transparent w-full\">\n<div>\n<div class=\"m-auto text-base px-3 md:px-4 w-full md:px-5 lg:px-4 xl:px-5\">\n<div class=\"mx-auto flex flex-1 gap-4 text-base md:gap-5 lg:gap-6 md:max-w-3xl lg:max-w-[40rem] xl:max-w-[48rem]\">\n<div class=\"flex justify-center\"><\/div>\n<\/div>\n<\/div>\n<\/div>\n<\/div>\n<\/div>\n<\/div>\n<\/div>\n<\/div>\n<\/div>\n<\/div>\n<\/div>\n<\/div>\n<\/div>","protected":false},"featured_media":3304,"comment_status":"open","ping_status":"closed","template":"","meta":[],"product_brand":[],"product_cat":[127],"product_tag":[],"class_list":{"0":"post-3308","1":"product","2":"type-product","3":"status-publish","4":"has-post-thumbnail","6":"product_cat-platinum-bar-15000","8":"first","9":"instock","10":"sale","11":"shipping-taxable","12":"purchasable","13":"product-type-simple"},"jetpack_sharing_enabled":true,"_links":{"self":[{"href":"https:\/\/alfakherwelt.de\/ro\/wp-json\/wp\/v2\/product\/3308","targetHints":{"allow":["GET"]}}],"collection":[{"href":"https:\/\/alfakherwelt.de\/ro\/wp-json\/wp\/v2\/product"}],"about":[{"href":"https:\/\/alfakherwelt.de\/ro\/wp-json\/wp\/v2\/types\/product"}],"replies":[{"embeddable":true,"href":"https:\/\/alfakherwelt.de\/ro\/wp-json\/wp\/v2\/comments?post=3308"}],"wp:featuredmedia":[{"embeddable":true,"href":"https:\/\/alfakherwelt.de\/ro\/wp-json\/wp\/v2\/media\/3304"}],"wp:attachment":[{"href":"https:\/\/alfakherwelt.de\/ro\/wp-json\/wp\/v2\/media?parent=3308"}],"wp:term":[{"taxonomy":"product_brand","embeddable":true,"href":"https:\/\/alfakherwelt.de\/ro\/wp-json\/wp\/v2\/product_brand?post=3308"},{"taxonomy":"product_cat","embeddable":true,"href":"https:\/\/alfakherwelt.de\/ro\/wp-json\/wp\/v2\/product_cat?post=3308"},{"taxonomy":"product_tag","embeddable":true,"href":"https:\/\/alfakherwelt.de\/ro\/wp-json\/wp\/v2\/product_tag?post=3308"}],"curies":[{"name":"wp","href":"https:\/\/api.w.org\/{rel}","templated":true}]}}