{"id":3217,"date":"2025-04-22T05:47:54","date_gmt":"2025-04-22T05:47:54","guid":{"rendered":"https:\/\/alfakherwelt.de\/?post_type=product&#038;p=3217"},"modified":"2025-12-12T02:16:52","modified_gmt":"2025-12-12T02:16:52","slug":"request-failed-with-status-code-698","status":"publish","type":"product","link":"https:\/\/alfakherwelt.de\/ro\/produs\/request-failed-with-status-code-698\/","title":{"rendered":"SMPO TRON35000 Z\u00fcge Shisha Einweg E Zigarette \u2013 Cherry Cola \n\nbecomes \n\nSMPO TRON35000 puffs Shisha disposable E-cigarette \u2013 Cherry Cola"},"content":{"rendered":"<div style=\"width: 1020px;\" class=\"wp-video\"><video class=\"wp-video-shortcode\" id=\"video-3217-1\" width=\"1020\" height=\"574\" preload=\"metadata\" controls=\"controls\"><source type=\"video\/mp4\" src=\"https:\/\/alfakherwelt.de\/wp-content\/uploads\/2025\/04\/Smpo-TRON35000-Shisha-.mp4?_=1\" \/><a href=\"https:\/\/alfakherwelt.de\/wp-content\/uploads\/2025\/04\/Smpo-TRON35000-Shisha-.mp4\">https:\/\/alfakherwelt.de\/wp-content\/uploads\/2025\/04\/Smpo-TRON35000-Shisha-.mp4<\/a><\/video><\/div>\n<h2 data-start=\"40\" data-end=\"121\"><span class=\"relative -mx-px my-[-0.2rem] rounded px-px py-[0.2rem] transition-colors duration-100 ease-in-out\"><strong data-start=\"0\" data-end=\"91\" data-is-last-node=\"\" data-is-only-node=\"\"><a href=\"https:\/\/alfakherwelt.de\/ro\/categorie-de-produse\/request-failed-with-status-code-709\/\">Smpo TRON35000 trenuri<\/a> Shisha de unic\u0103 folosin\u021b\u0103 E-Zigarette \u2013 Viitorul vape-ului \u00een Germania<\/strong><\/span>Nu a fost furnizat niciun text \u00een limba german\u0103 pentru a fi tradus \u00een limba rom\u00e2n\u0103. V\u0103 rog furniza\u021bi textul care urmeaz\u0103 a fi tradus.<\/h2>\n<hr class=\"\" data-start=\"123\" data-end=\"126\" \/>\n<h3 data-start=\"128\" data-end=\"150\">Descrierea produsului<\/h3>\n<p class=\"\" data-start=\"152\" data-end=\"309\"><span class=\"relative -mx-px my-[-0.2rem] rounded px-px py-[0.2rem] transition-colors duration-100 ease-in-out\">Die <strong data-start=\"4\" data-end=\"53\">Smpo TRON35000 Z\u00fcge Shisha Einweg E-Zigarette \n\n tradus \u00een limba rom\u00e2n\u0103 : \nSmpo TRON35000 puffs Shisha E-\u021bigar\u0103 de unic\u0103 folosin\u021b\u0103<\/strong> Stabile\u0219te noi standarde \u00een domeniul vapei.<\/span> <span class=\"relative -mx-px my-[-0.2rem] rounded px-px py-[0.2rem] transition-colors duration-100 ease-in-out\">Cu tehnologia sa inovatoare \u0219i designul elegant, ofer\u0103 o experien\u021b\u0103 de vaporizare de neegalat.<\/span> <span class=\"relative -mx-px my-[-0.2rem] rounded px-px py-[0.2rem] transition-colors duration-100 ease-in-out\">Combina\u021bia dintre bateria puternic\u0103, tehnologia avansat\u0103 a bobinei \u0219i varietatea de arome o face alegerea ideal\u0103 pentru vapori preten\u021bio\u0219i din Germania.<\/span>Nu a fost furnizat niciun text \u00een limba german\u0103 pentru a fi tradus \u00een limba rom\u00e2n\u0103. V\u0103 rog furniza\u021bi textul care urmeaz\u0103 a fi tradus.<\/p>\n<hr class=\"\" data-start=\"311\" data-end=\"314\" \/>\n<h3 data-start=\"316\" data-end=\"334\">Caracteristici produs<\/h3>\n<ul data-start=\"336\" data-end=\"1019\">\n<li class=\"\" data-start=\"336\" data-end=\"448\">\n<p class=\"\" data-start=\"338\" data-end=\"448\"><strong data-start=\"338\" data-end=\"365\">Sistem de bobine triple mesh<\/strong>: <span class=\"relative -mx-px my-[-0.2rem] rounded px-px py-[0.2rem] transition-colors duration-100 ease-in-out\">Trei bobine integrate de 1,2 ohmi asigur\u0103 o distribu\u021bie uniform\u0103 a c\u0103ldurii \u0219i un gust intens la fiecare tragere.<\/span>Nu a fost furnizat niciun text \u00een limba german\u0103 pentru a fi tradus \u00een limba rom\u00e2n\u0103. V\u0103 rog furniza\u021bi textul care urmeaz\u0103 a fi tradus.<\/p>\n<\/li>\n<li class=\"\" data-start=\"450\" data-end=\"560\">\n<p class=\"\" data-start=\"452\" data-end=\"560\"><strong data-start=\"452\" data-end=\"475\">Performan\u021b\u0103 de lung\u0103 durat\u0103<\/strong>: <span class=\"relative -mx-px my-[-0.2rem] rounded px-px py-[0.2rem] transition-colors duration-100 ease-in-out\">Cu p\u00e2n\u0103 la 35.000 de trageri, Smpo TRON35000 ofer\u0103 o durat\u0103 de via\u021b\u0103 excep\u021bional\u0103, ideal\u0103 pentru utilizarea zilnic\u0103.<\/span>Nu a fost furnizat niciun text \u00een limba german\u0103 pentru a fi tradus \u00een limba rom\u00e2n\u0103. V\u0103 rog furniza\u021bi textul care urmeaz\u0103 a fi tradus.<\/p>\n<\/li>\n<li class=\"\" data-start=\"562\" data-end=\"676\">\n<p class=\"\" data-start=\"564\" data-end=\"676\"><strong data-start=\"564\" data-end=\"589\">Baterie puternic\u0103<\/strong>: <span class=\"relative -mx-px my-[-0.2rem] rounded px-px py-[0.2rem] transition-colors duration-100 ease-in-out\">Bateria integrat\u0103 de 1100 mAh asigur\u0103 o alimentare constant\u0103 cu energie \u0219i poate fi \u00eenc\u0103rcat\u0103 rapid prin conexiunea de tip C.<\/span>Nu a fost furnizat niciun text \u00een limba german\u0103 pentru a fi tradus \u00een limba rom\u00e2n\u0103. V\u0103 rog furniza\u021bi textul care urmeaz\u0103 a fi tradus.<\/p>\n<\/li>\n<li class=\"\" data-start=\"678\" data-end=\"796\">\n<p class=\"\" data-start=\"680\" data-end=\"796\"><strong data-start=\"680\" data-end=\"709\">Afi\u0219aj LED inteligent<\/strong>: <span class=\"relative -mx-px my-[-0.2rem] rounded px-px py-[0.2rem] transition-colors duration-100 ease-in-out\">Ecranul informeaz\u0103 despre starea curent\u0103 a bateriei \u0219i cantitatea de lichid r\u0103mas\u0103, astfel \u00eenc\u00e2t s\u0103 ave\u021bi \u00eentotdeauna o imagine de ansamblu.<\/span>Nu a fost furnizat niciun text \u00een limba german\u0103 pentru a fi tradus \u00een limba rom\u00e2n\u0103. V\u0103 rog furniza\u021bi textul care urmeaz\u0103 a fi tradus.<\/p>\n<\/li>\n<li class=\"\" data-start=\"798\" data-end=\"911\">\n<p class=\"\" data-start=\"800\" data-end=\"911\"><strong data-start=\"800\" data-end=\"824\">Design ergonomic<\/strong>: <span class=\"relative -mx-px my-[-0.2rem] rounded px-px py-[0.2rem] transition-colors duration-100 ease-in-out\">Cu dimensiunile compacte de 38,2 x 126 mm, \u021bigara electronic\u0103 se potrive\u0219te confortabil \u00een m\u00e2n\u0103 \u0219i este u\u0219or de transportat.<\/span>Nu a fost furnizat niciun text \u00een limba german\u0103 pentru a fi tradus \u00een limba rom\u00e2n\u0103. V\u0103 rog furniza\u021bi textul care urmeaz\u0103 a fi tradus.<\/p>\n<\/li>\n<li class=\"\" data-start=\"913\" data-end=\"1019\">\n<p class=\"\" data-start=\"915\" data-end=\"1019\"><strong data-start=\"915\" data-end=\"932\">Con\u021binut de nicotin\u0103<\/strong>: <span class=\"relative -mx-px my-[-0.2rem] rounded px-px py-[0.2rem] transition-colors duration-100 ease-in-out\">Con\u021bine 0,5 % (5 mg) nicotin\u0103, ideal pentru o experien\u021b\u0103 de vaporizare echilibrat\u0103.<\/span><\/p>\n<\/li>\n<\/ul>\n<h2 data-start=\"40\" data-end=\"121\"><img loading=\"lazy\" decoding=\"async\" class=\"alignnone wp-image-3216 size-full\" src=\"https:\/\/alfakherwelt.de\/wp-content\/uploads\/2025\/04\/Smpo-TRON35000-Shisha-2.webp\" alt=\"SMPO TRON35000 Z\u00fcge Shisha Einweg E Zigarette - Cherry Cola becomes SMPO TRON35000 puffs Shisha disposable E Cigarette - Cherry Cola\" width=\"1280\" height=\"1798\" title=\"\" srcset=\"https:\/\/alfakherwelt.de\/wp-content\/uploads\/2025\/04\/Smpo-TRON35000-Shisha-2.webp 1280w, https:\/\/alfakherwelt.de\/wp-content\/uploads\/2025\/04\/Smpo-TRON35000-Shisha-2-214x300.webp 214w, https:\/\/alfakherwelt.de\/wp-content\/uploads\/2025\/04\/Smpo-TRON35000-Shisha-2-729x1024.webp 729w, https:\/\/alfakherwelt.de\/wp-content\/uploads\/2025\/04\/Smpo-TRON35000-Shisha-2-768x1079.webp 768w, https:\/\/alfakherwelt.de\/wp-content\/uploads\/2025\/04\/Smpo-TRON35000-Shisha-2-1093x1536.webp 1093w, https:\/\/alfakherwelt.de\/wp-content\/uploads\/2025\/04\/Smpo-TRON35000-Shisha-2-9x12.webp 9w, https:\/\/alfakherwelt.de\/wp-content\/uploads\/2025\/04\/Smpo-TRON35000-Shisha-2-600x843.webp 600w\" sizes=\"auto, (max-width: 1280px) 100vw, 1280px\" \/><\/h2>\n<hr class=\"\" data-start=\"1021\" data-end=\"1024\" \/>\n<h3 data-start=\"1026\" data-end=\"1049\">Aromele<\/h3>\n<p>Nu a fost furnizat niciun text \u00een limba german\u0103 pentru a fi tradus \u00een limba rom\u00e2n\u0103. V\u0103 rog furniza\u021bi textul care urmeaz\u0103 a fi tradus.<strong data-start=\"1489\" data-end=\"1504\">Cherry Cola<\/strong>: <span class=\"relative -mx-px my-[-0.2rem] rounded px-px py-[0.2rem] transition-colors duration-100 ease-in-out\">Gustul clasic al Cola, cu o not\u0103 de cire\u0219 dulce, care te face s\u0103-\u021bi aminte\u0219ti de momentele nostalgice.<\/span>Nu a fost furnizat niciun text \u00een limba german\u0103 pentru a fi tradus \u00een limba rom\u00e2n\u0103. V\u0103 rog furniza\u021bi textul care urmeaz\u0103 a fi tradus.<\/p>\n<hr class=\"\" data-start=\"1593\" data-end=\"1596\" \/>\n<h3 data-start=\"1598\" data-end=\"1634\">De ce la <a href=\"https:\/\/alfakherwelt.de\/ro\/\">alfakherwelt.de<\/a> Cump\u0103ra?<\/h3>\n<p class=\"\" data-start=\"1636\" data-end=\"1721\"><span class=\"relative -mx-px my-[-0.2rem] rounded px-px py-[0.2rem] transition-colors duration-100 ease-in-out\">Ca platform\u0103 online lider \u00een Germania pentru \u021big\u0103ri electronice de unic\u0103 folosin\u021b\u0103, oferim:<\/span>Nu a fost furnizat niciun text \u00een limba german\u0103 pentru a fi tradus \u00een limba rom\u00e2n\u0103. V\u0103 rog furniza\u021bi textul care urmeaz\u0103 a fi tradus.<\/p>\n<ul data-start=\"1723\" data-end=\"2059\">\n<li class=\"\" data-start=\"1723\" data-end=\"1833\">\n<p class=\"\" data-start=\"1725\" data-end=\"1833\"><strong data-start=\"1725\" data-end=\"1746\">Selec\u021bie exclusiv\u0103<\/strong>: <span class=\"relative -mx-px my-[-0.2rem] rounded px-px py-[0.2rem] transition-colors duration-100 ease-in-out\">Numai la noi g\u0103si\u021bi cele mai recente modele \u0219i arome ale Smpo TRON35000.<\/span>Nu a fost furnizat niciun text \u00een limba german\u0103 pentru a fi tradus \u00een limba rom\u00e2n\u0103. V\u0103 rog furniza\u021bi textul care urmeaz\u0103 a fi tradus.<\/p>\n<\/li>\n<li class=\"\" data-start=\"1835\" data-end=\"1945\">\n<p class=\"\" data-start=\"1837\" data-end=\"1945\"><strong data-start=\"1837\" data-end=\"1858\">Livrare rapid\u0103<\/strong>: <span class=\"relative -mx-px my-[-0.2rem] rounded px-px py-[0.2rem] transition-colors duration-100 ease-in-out\">Direct din depozitul nostru german, rapid \u0219i \u00een mod credibil la dumneavoastr\u0103 acas\u0103.<\/span>Nu a fost furnizat niciun text \u00een limba german\u0103 pentru a fi tradus \u00een limba rom\u00e2n\u0103. V\u0103 rog furniza\u021bi textul care urmeaz\u0103 a fi tradus.<\/p>\n<\/li>\n<li class=\"\" data-start=\"1947\" data-end=\"2059\">\n<p class=\"\" data-start=\"1949\" data-end=\"2059\"><strong data-start=\"1949\" data-end=\"1972\">Satisfac\u021bia clien\u021bilor<\/strong>: <span class=\"relative -mx-px my-[-0.2rem] rounded px-px py-[0.2rem] transition-colors duration-100 ease-in-out\">Echipa noastr\u0103 dedicat\u0103 st\u0103 la dispozi\u021bia dumneavoastr\u0103 \u00een orice moment pentru \u00eentreb\u0103ri \u0219i preocup\u0103ri.<\/span>Nu a fost furnizat niciun text \u00een limba german\u0103 pentru a fi tradus \u00een limba rom\u00e2n\u0103. V\u0103 rog furniza\u021bi textul care urmeaz\u0103 a fi tradus.<\/p>\n<\/li>\n<\/ul>\n<hr class=\"\" data-start=\"2061\" data-end=\"2064\" \/>\n<h3 data-start=\"2066\" data-end=\"2099\">\u00centreb\u0103ri frecvente (FAQ)<\/h3>\n<p class=\"\" data-start=\"2101\" data-end=\"2235\"><strong data-start=\"2101\" data-end=\"2147\">Ist die <a href=\"https:\/\/alfakherwelt.de\/ro\/categorie-de-produse\/request-failed-with-status-code-709\/\">Smpo TRON35000<\/a> Re\u00eenc\u0103rcabil?<\/strong><br data-start=\"2147\" data-end=\"2150\" \/><span class=\"relative -mx-px my-[-0.2rem] rounded px-px py-[0.2rem] transition-colors duration-100 ease-in-out\">A: Da, are o baterie integrat\u0103 de 1100 mAh care poate fi \u00eenc\u0103rcat\u0103 printr-o conexiune de tip C.<\/span>Nu a fost furnizat niciun text \u00een limba german\u0103 pentru a fi tradus \u00een limba rom\u00e2n\u0103. V\u0103 rog furniza\u021bi textul care urmeaz\u0103 a fi tradus.<\/p>\n<p class=\"\" data-start=\"2237\" data-end=\"2370\"><strong data-start=\"2237\" data-end=\"2282\">R: \u00centre 300 \u0219i 500 de pufuri.<\/strong><br data-start=\"2282\" data-end=\"2285\" \/><span class=\"relative -mx-px my-[-0.2rem] rounded px-px py-[0.2rem] transition-colors duration-100 ease-in-out\">A: It allows up to 35,000 trains, depending on individual usage.<\/span>Nu a fost furnizat niciun text \u00een limba german\u0103 pentru a fi tradus \u00een limba rom\u00e2n\u0103. V\u0103 rog furniza\u021bi textul care urmeaz\u0103 a fi tradus.<\/p>\n<p class=\"\" data-start=\"2372\" data-end=\"2502\"><strong data-start=\"2372\" data-end=\"2414\">R: Care este puterea de nicotin\u0103 a dispozitivului?<\/strong><br data-start=\"2414\" data-end=\"2417\" \/><span class=\"relative -mx-px my-[-0.2rem] rounded px-px py-[0.2rem] transition-colors duration-100 ease-in-out\">A: Smpo TRON35000 con\u021bine 0,5 % (5 mg) nicotin\u0103.<\/span>Nu a fost furnizat niciun text \u00een limba german\u0103 pentru a fi tradus \u00een limba rom\u00e2n\u0103. V\u0103 rog furniza\u021bi textul care urmeaz\u0103 a fi tradus.<\/p>\n<p class=\"\" data-start=\"2504\" data-end=\"2641\"><strong data-start=\"2504\" data-end=\"2553\">R: Da, exist\u0103 diferite arome.<\/strong><br data-start=\"2553\" data-end=\"2556\" \/><span class=\"relative -mx-px my-[-0.2rem] rounded px-px py-[0.2rem] transition-colors duration-100 ease-in-out\">Da, exist\u0103 mai multe arome disponibile, inclusiv Double Apple, Mango Freeze, Grape Ice, Blue Razz Lemonade \u0219i Cherry Cola.<\/span>Nu a fost furnizat niciun text \u00een limba german\u0103 pentru a fi tradus \u00een limba rom\u00e2n\u0103. V\u0103 rog furniza\u021bi textul care urmeaz\u0103 a fi tradus.<\/p>\n<p class=\"\" data-start=\"2643\" data-end=\"2776\"><strong data-start=\"2643\" data-end=\"2688\">Smpo TRON35000<\/strong><br data-start=\"2688\" data-end=\"2691\" \/><span class=\"relative -mx-px my-[-0.2rem] rounded px-px py-[0.2rem] transition-colors duration-100 ease-in-out\">A: Exclusiv pe site-ul nostru <a href=\"https:\/\/alfakherwelt.de\/ro\/\" target=\"_new\" rel=\"noopener noreferrer\" data-start=\"32\" data-end=\"74\">alfakherwelt.de<\/a>.<\/span>Nu a fost furnizat niciun text \u00een limba german\u0103 pentru a fi tradus \u00een limba rom\u00e2n\u0103. V\u0103 rog furniza\u021bi textul care urmeaz\u0103 a fi tradus.<\/p>\n<hr class=\"\" data-start=\"2778\" data-end=\"2781\" \/>\n<p class=\"\" data-start=\"2783\" data-end=\"2868\"><span class=\"relative -mx-px my-[-0.2rem] rounded px-px py-[0.2rem] transition-colors duration-100 ease-in-out\">Descoperi\u021bi lumea vapingului din nou cu Smpo TRON35000 de trageri Shisha E-\u021bigar\u0103 de unic\u0103 folosin\u021b\u0103 - acum disponibil\u0103 pe <a href=\"https:\/\/alfakherwelt.de\/ro\/\" target=\"_new\" rel=\"noopener noreferrer\" data-start=\"117\" data-end=\"159\">alfakherwelt.de<\/a>.<\/span><\/p>","protected":false},"excerpt":{"rendered":"<div class=\"flex-shrink-0 flex flex-col relative items-end\">\n<div class=\"pt-0\">\n<div class=\"gizmo-shadow-stroke flex h-8 w-8 items-center justify-center overflow-hidden rounded-full\">\n<div class=\"h-full w-full\">\n<div class=\"flex-shrink-0 flex flex-col relative items-end\">\n<div class=\"pt-0\">\n<div class=\"gizmo-shadow-stroke flex h-8 w-8 items-center justify-center overflow-hidden rounded-full\">\n<div class=\"h-full w-full\">\n<div class=\"gizmo-shadow-stroke overflow-hidden rounded-full\">\n<div class=\"flex-1 overflow-hidden\">\n<div class=\"h-full\">\n<div class=\"react-scroll-to-bottom--css-nphjn-79elbk h-full\">\n<div class=\"react-scroll-to-bottom--css-nphjn-1n7m0yu\">\n<div class=\"flex flex-col text-sm md:pb-9\">\n<article class=\"w-full scroll-mb-[var(--thread-trailing-height,150px)] text-token-text-primary focus-visible:outline-2 focus-visible:outline-offset-[-4px]\" dir=\"auto\" data-testid=\"conversation-turn-5\" data-scroll-anchor=\"true\">\n<div class=\"m-auto text-base py-[18px] px-3 md:px-4 w-full md:px-5 lg:px-4 xl:px-5\">\n<div class=\"mx-auto flex flex-1 gap-4 text-base md:gap-5 lg:gap-6 md:max-w-3xl lg:max-w-[40rem] xl:max-w-[48rem]\">\n<div class=\"group\/conversation-turn relative flex w-full min-w-0 flex-col agent-turn\">\n<div class=\"flex-col gap-1 md:gap-3\">\n<div class=\"flex max-w-full flex-col flex-grow\">\n<div class=\"min-h-8 text-message flex w-full flex-col items-end gap-2 whitespace-normal break-words [.text-message+&amp;]:mt-5\" dir=\"auto\" data-message-author-role=\"assistant\" data-message-id=\"1982dcee-f0f5-4cfa-a269-fdbaed43d922\" data-message-model-slug=\"gpt-4o\">\n<div class=\"flex w-full flex-col gap-1 empty:hidden first:pt-[3px]\">\n<div class=\"markdown prose w-full break-words dark:prose-invert light\">\n<div class=\"flex-1 overflow-hidden\">\n<div class=\"h-full\">\n<div class=\"react-scroll-to-bottom--css-xrsce-79elbk h-full\">\n<div class=\"react-scroll-to-bottom--css-xrsce-1n7m0yu\">\n<div class=\"flex flex-col text-sm md:pb-9\">\n<article class=\"w-full scroll-mb-[var(--thread-trailing-height,150px)] text-token-text-primary focus-visible:outline-2 focus-visible:outline-offset-[-4px]\" dir=\"auto\" data-testid=\"conversation-turn-5\" data-scroll-anchor=\"true\">\n<div class=\"m-auto text-base py-[18px] px-3 md:px-4 w-full md:px-5 lg:px-4 xl:px-5\">\n<div class=\"mx-auto flex flex-1 gap-4 text-base md:gap-5 lg:gap-6 md:max-w-3xl lg:max-w-[40rem] xl:max-w-[48rem]\">\n<div class=\"group\/conversation-turn relative flex w-full min-w-0 flex-col agent-turn\">\n<div class=\"flex-col gap-1 md:gap-3\">\n<div class=\"flex max-w-full flex-col flex-grow\">\n<div class=\"min-h-8 text-message flex w-full flex-col items-end gap-2 whitespace-normal break-words [.text-message+&amp;]:mt-5\" dir=\"auto\" data-message-author-role=\"assistant\" data-message-id=\"1a0c8d71-a6be-4cc9-b460-deb3e7ecbf47\" data-message-model-slug=\"gpt-4o\">\n<div class=\"flex w-full flex-col gap-1 empty:hidden first:pt-[3px]\">\n<div class=\"markdown prose w-full break-words dark:prose-invert light\">\n<div class=\"flex-1 overflow-hidden\">\n<div class=\"h-full\">\n<div class=\"react-scroll-to-bottom--css-gqbzc-79elbk h-full\">\n<div class=\"react-scroll-to-bottom--css-gqbzc-1n7m0yu\">\n<div class=\"flex flex-col text-sm md:pb-9\">\n<article class=\"w-full scroll-mb-[var(--thread-trailing-height,150px)] text-token-text-primary focus-visible:outline-2 focus-visible:outline-offset-[-4px]\" dir=\"auto\" data-testid=\"conversation-turn-5\" data-scroll-anchor=\"true\">\n<div class=\"m-auto text-base py-[18px] px-3 md:px-4 w-full md:px-5 lg:px-4 xl:px-5\">\n<div class=\"mx-auto flex flex-1 gap-4 text-base md:gap-5 lg:gap-6 md:max-w-3xl lg:max-w-[40rem] xl:max-w-[48rem]\">\n<div class=\"group\/conversation-turn relative flex w-full min-w-0 flex-col agent-turn\">\n<div class=\"flex-col gap-1 md:gap-3\">\n<div class=\"flex max-w-full flex-col flex-grow\">\n<div class=\"min-h-8 text-message flex w-full flex-col items-end gap-2 whitespace-normal break-words [.text-message+&amp;]:mt-5\" dir=\"auto\" data-message-author-role=\"assistant\" data-message-id=\"ca066132-0777-4603-995e-a689971b3380\" data-message-model-slug=\"gpt-4o\">\n<div class=\"flex w-full flex-col gap-1 empty:hidden first:pt-[3px]\">\n<div class=\"markdown prose w-full break-words dark:prose-invert light\">\n<div class=\"flex-1 overflow-hidden @container\/thread\">\n<div class=\"h-full\">\n<div class=\"react-scroll-to-bottom--css-dsgnl-79elbk h-full\">\n<div class=\"react-scroll-to-bottom--css-dsgnl-1n7m0yu\">\n<div class=\"flex flex-col text-sm md:pb-9\">\n<article class=\"w-full scroll-mb-[var(--thread-trailing-height,150px)] text-token-text-primary focus-visible:outline-2 focus-visible:outline-offset-[-4px]\" dir=\"auto\" data-testid=\"conversation-turn-5\" data-scroll-anchor=\"true\">\n<div class=\"m-auto text-base py-[18px] px-3 md:px-4 w-full md:px-5 lg:px-4 xl:px-5\">\n<div class=\"mx-auto flex flex-1 gap-4 text-base md:gap-5 lg:gap-6 md:max-w-3xl lg:max-w-[40rem] xl:max-w-[48rem]\">\n<div class=\"group\/conversation-turn relative flex w-full min-w-0 flex-col agent-turn\">\n<div class=\"flex-col gap-1 md:gap-3\">\n<div class=\"flex max-w-full flex-col flex-grow\">\n<div class=\"min-h-8 text-message flex w-full flex-col items-end gap-2 whitespace-normal break-words text-start [.text-message+&amp;]:mt-5\" dir=\"auto\" data-message-author-role=\"assistant\" data-message-id=\"aba12680-34ae-4259-a80a-08c1a24e8228\" data-message-model-slug=\"gpt-4o\">\n<div class=\"flex w-full flex-col gap-1 empty:hidden first:pt-[3px]\">\n<div class=\"markdown prose w-full break-words dark:prose-invert light\">\n<p>Die <strong>Smpo TRON35000 trenuri<\/strong> Shisha de unic\u0103 folosin\u021b\u0103 E-Zigarette combin\u0103 designul modern, varietatea intensiv\u0103 de arome \u0219i performan\u021ba impresionant\u0103 de p\u00e2n\u0103 la 35.000 de pufuri pentru o experien\u021b\u0103 de vaporizare excep\u021bional\u0103 \u00een Germania.<\/p>\n<\/div>\n<\/div>\n<\/div>\n<\/div>\n<\/div>\n<\/div>\n<\/div>\n<\/div>\n<\/article>\n<\/div>\n<\/div>\n<\/div>\n<\/div>\n<\/div>\n<\/div>\n<\/div>\n<\/div>\n<\/div>\n<\/div>\n<\/div>\n<\/div>\n<\/div>\n<\/article>\n<\/div>\n<\/div>\n<\/div>\n<\/div>\n<\/div>\n<\/div>\n<\/div>\n<\/div>\n<\/div>\n<\/div>\n<\/div>\n<\/div>\n<\/div>\n<\/article>\n<\/div>\n<\/div>\n<\/div>\n<\/div>\n<\/div>\n<\/div>\n<\/div>\n<\/div>\n<\/div>\n<div class=\"pr-2 lg:pr-0\"><\/div>\n<div class=\"mt-3 w-full empty:hidden\">\n<div class=\"text-center\"><\/div>\n<\/div>\n<\/div>\n<div class=\"absolute\">\n<div class=\"flex items-center justify-center\"><\/div>\n<\/div>\n<\/div>\n<\/div>\n<\/div>\n<\/article>\n<\/div>\n<\/div>\n<\/div>\n<\/div>\n<\/div>\n<div class=\"md:pt-0 dark:border-white\/20 md:border-transparent md:dark:border-transparent w-full\">\n<div>\n<div class=\"m-auto text-base px-3 md:px-4 w-full md:px-5 lg:px-4 xl:px-5\">\n<div class=\"mx-auto flex flex-1 gap-4 text-base md:gap-5 lg:gap-6 md:max-w-3xl lg:max-w-[40rem] xl:max-w-[48rem]\">\n<div class=\"flex justify-center\"><\/div>\n<\/div>\n<\/div>\n<\/div>\n<\/div>\n<\/div>\n<\/div>\n<\/div>\n<\/div>\n<\/div>\n<\/div>\n<\/div>\n<\/div>\n<\/div>","protected":false},"featured_media":3207,"comment_status":"open","ping_status":"closed","template":"","meta":[],"product_brand":[],"product_cat":[124],"product_tag":[],"class_list":{"0":"post-3217","1":"product","2":"type-product","3":"status-publish","4":"has-post-thumbnail","6":"product_cat-smpo-tron-35000","8":"first","9":"instock","10":"sale","11":"shipping-taxable","12":"purchasable","13":"product-type-simple"},"jetpack_sharing_enabled":true,"_links":{"self":[{"href":"https:\/\/alfakherwelt.de\/ro\/wp-json\/wp\/v2\/product\/3217","targetHints":{"allow":["GET"]}}],"collection":[{"href":"https:\/\/alfakherwelt.de\/ro\/wp-json\/wp\/v2\/product"}],"about":[{"href":"https:\/\/alfakherwelt.de\/ro\/wp-json\/wp\/v2\/types\/product"}],"replies":[{"embeddable":true,"href":"https:\/\/alfakherwelt.de\/ro\/wp-json\/wp\/v2\/comments?post=3217"}],"wp:featuredmedia":[{"embeddable":true,"href":"https:\/\/alfakherwelt.de\/ro\/wp-json\/wp\/v2\/media\/3207"}],"wp:attachment":[{"href":"https:\/\/alfakherwelt.de\/ro\/wp-json\/wp\/v2\/media?parent=3217"}],"wp:term":[{"taxonomy":"product_brand","embeddable":true,"href":"https:\/\/alfakherwelt.de\/ro\/wp-json\/wp\/v2\/product_brand?post=3217"},{"taxonomy":"product_cat","embeddable":true,"href":"https:\/\/alfakherwelt.de\/ro\/wp-json\/wp\/v2\/product_cat?post=3217"},{"taxonomy":"product_tag","embeddable":true,"href":"https:\/\/alfakherwelt.de\/ro\/wp-json\/wp\/v2\/product_tag?post=3217"}],"curies":[{"name":"wp","href":"https:\/\/api.w.org\/{rel}","templated":true}]}}