{"id":3202,"date":"2025-04-21T07:45:19","date_gmt":"2025-04-21T07:45:19","guid":{"rendered":"https:\/\/alfakherwelt.de\/?post_type=product&#038;p=3202"},"modified":"2025-04-21T07:48:23","modified_gmt":"2025-04-21T07:48:23","slug":"request-failed-with-status-code-693","status":"publish","type":"product","link":"https:\/\/alfakherwelt.de\/ro\/produs\/request-failed-with-status-code-693\/","title":{"rendered":"AI Fakher Crown Bar Hypermax 15000 de trageri \u021bigaret\u0103 electronic\u0103 de unic\u0103 folosin\u021b\u0103 - Pi\u0219cot de ghea\u021b\u0103"},"content":{"rendered":"<div style=\"width: 848px;\" class=\"wp-video\"><video class=\"wp-video-shortcode\" id=\"video-3202-1\" width=\"848\" height=\"480\" preload=\"metadata\" controls=\"controls\"><source type=\"video\/mp4\" src=\"https:\/\/alfakherwelt.de\/wp-content\/uploads\/2025\/04\/AF-15K-HYPERMAX-.mp4?_=1\" \/><a href=\"https:\/\/alfakherwelt.de\/wp-content\/uploads\/2025\/04\/AF-15K-HYPERMAX-.mp4\">https:\/\/alfakherwelt.de\/wp-content\/uploads\/2025\/04\/AF-15K-HYPERMAX-.mp4<\/a><\/video><\/div>\n<h2 data-start=\"0\" data-end=\"110\"><strong data-start=\"0\" data-end=\"110\"><a href=\"https:\/\/alfakherwelt.de\/ro\/categorie-de-produse\/request-failed-with-status-code-662\/\">AI Fakher Crown Bar Hypermax 15000<\/a> Trenuri de unic\u0103 folosin\u021b\u0103 E-Zigar\u0103: Alegerea perfect\u0103 pentru o experien\u021b\u0103 de vaporizare de neuitat<\/strong><\/h2>\n<h3 data-start=\"112\" data-end=\"136\"><strong data-start=\"112\" data-end=\"136\">Descrierea produsului:<\/strong><\/h3>\n<p class=\"\" data-start=\"138\" data-end=\"721\">Die <strong data-start=\"142\" data-end=\"204\">AI Fakher Crown Bar Hypermax 15000 de trageri \u021bigaret\u0103 electronic\u0103 de unic\u0103 folosin\u021b\u0103<\/strong> v\u0103 ofer\u0103 o experien\u021b\u0103 de vaporizare de neegalat, cu o autonomie excep\u021bional\u0103 \u0219i o varietate de arome delicioase. Pre\u00eenc\u0103rcat cu 15 ml de lichid electronic \u0219i echipat cu o baterie puternic\u0103, care poate ajunge p\u00e2n\u0103 la <strong data-start=\"430\" data-end=\"445\">15.000 trenuri<\/strong> Permi\u021b\u00e2nd acest lucru, aceast\u0103 \u021bigar\u0103 electronic\u0103 de unic\u0103 folosin\u021b\u0103 este o alegere excelent\u0103 pentru cei care caut\u0103 o experien\u021b\u0103 de vaporizare at\u00e2t de lung\u0103 durat\u0103, c\u00e2t \u0219i practic\u0103. Este solu\u021bia ideal\u0103 pentru consumul rapid, f\u0103r\u0103 efortul de a re\u00eenc\u0103rca sau de a regla complicate.<\/p>\n<p class=\"\" data-start=\"723\" data-end=\"1280\">Indiferent dac\u0103 sunte\u021bi un vaporizator experimentat sau abia \u00eencepe\u021bi, <strong data-start=\"793\" data-end=\"820\">AI Fakher Crown Bar 15K \n(Translation not required for this text) \nAI Fakher Crown Bar 15K<\/strong> va dep\u0103\u0219i a\u0219tept\u0103rile. Datorit\u0103 <strong data-start=\"865\" data-end=\"919\">experien\u021b\u0103 premium de vapoare DTL (Direct to Lung)<\/strong> \u0219i cel <strong data-start=\"928\" data-end=\"948\">2% Nikotinst\u00e4rke \n Nu se traduce, se las\u0103 ca atare: 2% Nikotinst\u00e4rke<\/strong> Bucura\u021bi-v\u0103 de un gust intens \u0219i de aportul de nicotin\u0103 dorit, perfect adaptate nevoilor vaporilor moderni. \u00cen plus, a fost <strong data-start=\"1110\" data-end=\"1132\">Crown Bar Hypermax<\/strong> conceput astfel \u00eenc\u00e2t s\u0103 pute\u021bi bucura oric\u00e2nd de o experien\u021b\u0103 u\u0219oar\u0103 \u0219i pl\u0103cut\u0103 - de la prima p\u00e2n\u0103 la ultima nori de abur.<\/p>\n<p class=\"\" data-start=\"1282\" data-end=\"1715\">Un alt punct forte al acestui produs este designul atractiv, care vine cu o <strong data-start=\"1364\" data-end=\"1396\">suprafa\u021b\u0103 de piele confortabil\u0103<\/strong> este echipat cu elemente care asigur\u0103 o prindere confortabil\u0103 \u0219i, \u00een acela\u0219i timp, sporesc durabilitatea dispozitivului. Pentru a cre\u0219te \u0219i mai mult confortul, acesta este <strong data-start=\"1552\" data-end=\"1584\">AI Fakher Crown Bar Hypermax<\/strong> cu unul <strong data-start=\"1595\" data-end=\"1619\">Tip-C priz\u0103 de \u00eenc\u0103rcare<\/strong> astfel \u00eenc\u00e2t s\u0103 pute\u021bi \u00eenc\u0103rca dispozitivul rapid \u0219i convenabil (cablul de \u00eenc\u0103rcare nu este inclus).<\/p>\n<p class=\"\" data-start=\"1717\" data-end=\"2238\">Pe l\u00e2ng\u0103 durata lung\u0103 de via\u021b\u0103 \u0219i manipularea confortabil\u0103, ofer\u0103 <strong data-start=\"1789\" data-end=\"1816\">AI Fakher Crown Bar 15K \n(Translation not required for this text) \nAI Fakher Crown Bar 15K<\/strong> \u0219i una <strong data-start=\"1827\" data-end=\"1844\">afi\u0219are clar\u0103<\/strong>care v\u0103 arat\u0103 \u00een orice moment nivelul de lichid \u0219i starea bateriei, astfel \u00eenc\u00e2t sunte\u021bi \u00eentotdeauna preg\u0103tit. Dac\u0103 sunte\u021bi \u00een c\u0103utarea unui vape de unic\u0103 folosin\u021b\u0103 de \u00eencredere \u0219i puternic, atunci aceast\u0103 \u021bigar\u0103 electronic\u0103 este alegerea perfect\u0103. Ea ofer\u0103 nu numai performan\u021be remarcabile, ci \u0219i o varietate de arome autentice care fac vaporizarea o adev\u0103rat\u0103 pl\u0103cere.<\/p>\n<p class=\"\" data-start=\"2240\" data-end=\"2519\">Dac\u0103 dori\u021bi s\u0103 <strong data-start=\"2253\" data-end=\"2306\">AI Fakher Crown Bar 15000 de trageri \u021bigar\u0103 electronic\u0103 de unic\u0103 folosin\u021b\u0103<\/strong> dori\u021bi s\u0103 cump\u0103ra\u021bi, atunci vizita\u021bi <strong data-start=\"2341\" data-end=\"2360\">alfakherwelt.de<\/strong>Cea mai mare platform\u0103 pentru \u021big\u0103ri electronice de unic\u0103 folosin\u021b\u0103 din Germania. Aici g\u0103si\u021bi cea mai complet\u0103 selec\u021bie pentru a v\u0103 ridica pl\u0103cerea de a vapora la urm\u0103torul nivel.<\/p>\n<hr class=\"\" data-start=\"2521\" data-end=\"2524\" \/>\n<h3 data-start=\"2526\" data-end=\"2602\"><strong data-start=\"2526\" data-end=\"2602\">Caracteristici ale <a href=\"https:\/\/alfakherwelt.de\/ro\/categorie-de-produse\/request-failed-with-status-code-662\/\">AI Fakher Crown Bar Hypermax 15000<\/a> Tigarete electronice de unic\u0103 folosin\u021b\u0103:<\/strong><\/h3>\n<ul data-start=\"2604\" data-end=\"3176\">\n<li class=\"\" data-start=\"2604\" data-end=\"2660\">\n<p class=\"\" data-start=\"2606\" data-end=\"2660\"><strong data-start=\"2606\" data-end=\"2628\">Capacitatea E-Lichidului<\/strong>: 22 ml pentru o utilizare mai lung\u0103<\/p>\n<\/li>\n<li class=\"\" data-start=\"2661\" data-end=\"2716\">\n<p class=\"\" data-start=\"2663\" data-end=\"2716\"><strong data-start=\"2663\" data-end=\"2684\">Capacitatea bateriei<\/strong>: 600 mAh pentru p\u00e2n\u0103 la 15.000 de trageri<\/p>\n<\/li>\n<li class=\"\" data-start=\"2717\" data-end=\"2822\">\n<p class=\"\" data-start=\"2719\" data-end=\"2822\"><strong data-start=\"2719\" data-end=\"2762\">Afi\u0219aj pentru lichid \u0219i indicator de baterie<\/strong>: S\u0103 \u0219tii \u00eentotdeauna c\u00e2nd trebuie s\u0103 re\u00eenc\u0103rci sau s\u0103 completezi<\/p>\n<\/li>\n<li class=\"\" data-start=\"2823\" data-end=\"2891\">\n<p class=\"\" data-start=\"2825\" data-end=\"2891\"><strong data-start=\"2825\" data-end=\"2857\">DTL (Direct to Lung) vaporizare<\/strong>Pentru o experien\u021b\u0103 intensiv\u0103 de aburi<\/p>\n<\/li>\n<li class=\"\" data-start=\"2892\" data-end=\"2961\">\n<p class=\"\" data-start=\"2894\" data-end=\"2961\"><strong data-start=\"2894\" data-end=\"2925\">Suprafa\u021b\u0103 de piele confortabil\u0103<\/strong>Pentru o prindere ferm\u0103 \u0219i pl\u0103cut\u0103<\/p>\n<\/li>\n<li class=\"\" data-start=\"2962\" data-end=\"3026\">\n<p class=\"\" data-start=\"2964\" data-end=\"3026\"><strong data-start=\"2964\" data-end=\"2982\">Puterea nicotinei<\/strong>: 2% (20 mg\/ml) Nicotin\u0103 pentru doza ideal\u0103<\/p>\n<\/li>\n<li class=\"\" data-start=\"3027\" data-end=\"3097\">\n<p class=\"\" data-start=\"3029\" data-end=\"3097\"><strong data-start=\"3029\" data-end=\"3045\">\u00cenc\u0103rcare tip C<\/strong>\u00cenc\u0103rcare rapid\u0103, f\u0103r\u0103 agita\u021bia cablurilor USB-C<\/p>\n<\/li>\n<li class=\"\" data-start=\"3098\" data-end=\"3176\">\n<p class=\"\" data-start=\"3100\" data-end=\"3176\"><strong data-start=\"3100\" data-end=\"3114\">Ambalare<\/strong>: 1 x AI Fakher Crown Bar 15000 de\u0219euri E-Zigarette per pachet<\/p>\n<\/li>\n<\/ul>\n<hr class=\"\" data-start=\"3178\" data-end=\"3181\" \/>\n<h3 data-start=\"3183\" data-end=\"3268\"><strong data-start=\"3183\" data-end=\"3268\">Cele mai bune arome ale AI Fakher Crown Bar Hypermax 15000 de trageri E-\u021bigaret\u0103 de unic\u0103 folosin\u021b\u0103:<\/strong><\/h3>\n<p class=\"\" data-start=\"3698\" data-end=\"4160\">Der <strong>Peach Ice<\/strong> Gustul combin\u0103 suculen\u021ba dulce a piersicilor coapte cu o not\u0103 r\u0103coritoare de mentol. Fiecare vapoare ofer\u0103 un echilibru armonios \u00eentre arom\u0103 fructat\u0103 \u0219i prospe\u021bime \u00eenghe\u021bat\u0103 - perfect pentru to\u021bi cei care caut\u0103 o experien\u021b\u0103 de vapoare lin\u0103, dar revigorant\u0103. Ideal pentru zilele calde sau ori de c\u00e2te ori dori\u021bi s\u0103 savura\u021bi un moment r\u0103coritor \u0219i fructat.<\/p>\n<p data-start=\"5062\" data-end=\"5513\"><img loading=\"lazy\" decoding=\"async\" class=\"alignnone wp-image-3093 size-full\" src=\"https:\/\/alfakherwelt.de\/wp-content\/uploads\/2025\/04\/AF-15K-HYPERMAX-2.webp\" alt=\"AI Fakher Crown Bar Hypermax 15000 de trageri \u021bigaret\u0103 electronic\u0103 de unic\u0103 folosin\u021b\u0103 - Cherry Fiesta\" width=\"1058\" height=\"726\" title=\"\" srcset=\"https:\/\/alfakherwelt.de\/wp-content\/uploads\/2025\/04\/AF-15K-HYPERMAX-2.webp 1058w, https:\/\/alfakherwelt.de\/wp-content\/uploads\/2025\/04\/AF-15K-HYPERMAX-2-300x206.webp 300w, https:\/\/alfakherwelt.de\/wp-content\/uploads\/2025\/04\/AF-15K-HYPERMAX-2-1024x703.webp 1024w, https:\/\/alfakherwelt.de\/wp-content\/uploads\/2025\/04\/AF-15K-HYPERMAX-2-768x527.webp 768w, https:\/\/alfakherwelt.de\/wp-content\/uploads\/2025\/04\/AF-15K-HYPERMAX-2-18x12.webp 18w, https:\/\/alfakherwelt.de\/wp-content\/uploads\/2025\/04\/AF-15K-HYPERMAX-2-600x412.webp 600w\" sizes=\"auto, (max-width: 1058px) 100vw, 1058px\" \/><\/p>\n<hr class=\"\" data-start=\"5515\" data-end=\"5518\" \/>\n<h3 data-start=\"5520\" data-end=\"5603\"><strong data-start=\"5520\" data-end=\"5603\">De ce ar trebui s\u0103<a href=\"https:\/\/alfakherwelt.de\/ro\/categorie-de-produse\/request-failed-with-status-code-662\/\"> AI Fakher Crown Bar 15000 de trageri<\/a> Cump\u0103ra\u021bi o \u021bigar\u0103 electronic\u0103 de unic\u0103 folosin\u021b\u0103?<\/strong><\/h3>\n<ul data-start=\"5605\" data-end=\"6563\">\n<li class=\"\" data-start=\"5605\" data-end=\"5769\">\n<p class=\"\" data-start=\"5607\" data-end=\"5769\"><strong data-start=\"5607\" data-end=\"5631\">Utilizare pe termen lung<\/strong>: Cu o capacitate de 15 ml de lichid electronic \u0219i p\u00e2n\u0103 la 15.000 de pufuri, nu trebuie s\u0103 v\u0103 face\u021bi griji c\u0103 dispozitivul se epuizeaz\u0103 prea repede.<\/p>\n<\/li>\n<li class=\"\" data-start=\"5770\" data-end=\"5990\">\n<p class=\"\" data-start=\"5772\" data-end=\"5990\"><strong data-start=\"5772\" data-end=\"5794\">Arome versatile<\/strong>O gam\u0103 larg\u0103 de arome, perfect adaptate gustului individual. Indiferent dac\u0103 prefera\u021bi arome fructate, r\u0103coritoare sau clasice de tutun, exist\u0103 ceva pentru toat\u0103 lumea.<\/p>\n<\/li>\n<li class=\"\" data-start=\"5991\" data-end=\"6128\">\n<p class=\"\" data-start=\"5993\" data-end=\"6128\"><strong data-start=\"5993\" data-end=\"6015\">Manipulare u\u0219oar\u0103<\/strong>U\u0219or de utilizat \u0219i perfect pentru deplas\u0103ri. Nu necesit\u0103 re\u00eenc\u0103rcare sau alimentare p\u00e2n\u0103 c\u00e2nd dispozitivul nu mai func\u021bioneaz\u0103.<\/p>\n<\/li>\n<li class=\"\" data-start=\"6129\" data-end=\"6369\">\n<p class=\"\" data-start=\"6131\" data-end=\"6369\"><strong data-start=\"6131\" data-end=\"6158\">Produc\u021bie de \u00eenalt\u0103 calitate<\/strong>: Die <strong data-start=\"6164\" data-end=\"6187\">AI Fakher Crown Bar<\/strong> Este un produs de top, cu o procesare de \u00eenalt\u0103 calitate \u0219i un design elegant. M\u00e2nerul confortabil din piele asigur\u0103 o utilizare comod\u0103, chiar \u0219i \u00een timpul sesiunilor lungi de abur.<\/p>\n<\/li>\n<li class=\"\" data-start=\"6370\" data-end=\"6563\">\n<p class=\"\" data-start=\"6372\" data-end=\"6563\"><strong data-start=\"6372\" data-end=\"6405\">Disponibil pe alfakherwelt.de<\/strong>: Cump\u0103ra\u021bi comod de pe cea mai mare platform\u0103 online pentru \u021big\u0103ri electronice de unic\u0103 folosin\u021b\u0103 din Germania. Aici g\u0103si\u021bi cea mai bun\u0103 selec\u021bie \u0219i cele mai actuale oferte.<\/p>\n<\/li>\n<\/ul>\n<hr class=\"\" data-start=\"6565\" data-end=\"6568\" \/>\n<p class=\"\" data-start=\"6570\" data-end=\"6840\">Vizita\u021bi <a href=\"https:\/\/alfakherwelt.de\/ro\/\"><strong data-start=\"6583\" data-end=\"6602\">alfakherwelt.de<\/strong> <\/a>pentru cele mai bune oferte \u0219i o selec\u021bie larg\u0103 de <strong data-start=\"6660\" data-end=\"6683\">E-\u021bigarete de unic\u0103 folosin\u021b\u0103<\/strong>! Ob\u021bine\u021bi-v\u0103 <strong data-start=\"6705\" data-end=\"6767\">AI Fakher Crown Bar Hypermax 15000 de trageri \u021bigaret\u0103 electronic\u0103 de unic\u0103 folosin\u021b\u0103<\/strong> \u00cenc\u0103 de azi \u0219i experimenta\u021bi experien\u021ba suprem\u0103 cu aburi \u00een Germania.<\/p>","protected":false},"excerpt":{"rendered":"<article class=\"text-token-text-primary w-full\" dir=\"auto\" data-testid=\"conversation-turn-4\" data-scroll-anchor=\"true\">\n<div class=\"text-base my-auto mx-auto py-5 [--thread-content-margin:--spacing(4)] @[37rem]:[--thread-content-margin:--spacing(6)] @[70rem]:[--thread-content-margin:--spacing(12)] px-(--thread-content-margin)\">\n<div class=\"[--thread-content-max-width:32rem] @[34rem]:[--thread-content-max-width:40rem] @[64rem]:[--thread-content-max-width:48rem] mx-auto flex max-w-(--thread-content-max-width) flex-1 text-base gap-4 md:gap-5 lg:gap-6 group\/turn-messages focus-visible:outline-hidden\" tabindex=\"-1\">\n<div class=\"group\/conversation-turn relative flex w-full min-w-0 flex-col agent-turn\">\n<div class=\"relative flex-col gap-1 md:gap-3\">\n<div class=\"flex max-w-full flex-col grow\">\n<div class=\"min-h-8 text-message relative flex w-full flex-col items-end gap-2 text-start break-words whitespace-normal [.text-message+&amp;]:mt-5\" dir=\"auto\" data-message-author-role=\"assistant\" data-message-id=\"cb22cdcf-c656-42d2-9545-aa8204c5b952\" data-message-model-slug=\"gpt-4o\">\n<div class=\"flex w-full flex-col gap-1 empty:hidden first:pt-[3px]\">\n<div class=\"markdown prose dark:prose-invert w-full break-words light\">\n<p class=\"\" data-start=\"0\" data-end=\"318\">Die <strong data-start=\"4\" data-end=\"66\">AI Fakher Crown Bar Hypermax 15000 de trageri \u021bigaret\u0103 electronic\u0103 de unic\u0103 folosin\u021b\u0103<\/strong> Ofer\u0103 cu 15 ml de lichid electronic preumplut \u0219i o baterie puternic\u0103 de 600mAh p\u00e2n\u0103 la 15.000 de pufuri, manipulare confortabil\u0103, o gam\u0103 larg\u0103 de arome autentice \u0219i o aplicare u\u0219oar\u0103 pentru o experien\u021b\u0103 de vaporizare de lung\u0103 durat\u0103 \u0219i r\u0103coritoare.<\/p>\n<\/div>\n<\/div>\n<\/div>\n<\/div>\n<div class=\"flex justify-start\">\n<div class=\"touch:-me-2 touch:-ms-3.5 -ms-2.5 -me-1 flex items-center p-1 select-none -mt-1 duration-[1.5s] focus-within:transition-none hover:transition-none pointer-events-none [mask-image:linear-gradient(to_right,black_33%,transparent_66%)] [mask-position:100%_0%] [mask-size:300%_100%] motion-safe:transition-[mask-position] group-hover\/turn-messages:pointer-events-auto group-hover\/turn-messages:[mask-position:0_0] group-focus-within\/turn-messages:pointer-events-auto group-focus-within\/turn-messages:[mask-position:0_0] has-data-[state=open]:pointer-events-auto has-data-[state=open]:[mask-position:0_0]\"><\/div>\n<\/div>\n<div class=\"mt-3 w-full empty:hidden\">\n<div class=\"text-center\"><\/div>\n<\/div>\n<\/div>\n<div class=\"absolute\">\n<div class=\"flex items-center justify-center\"><\/div>\n<\/div>\n<\/div>\n<\/div>\n<\/div>\n<\/article>\n<div class=\"pointer-events-none h-px w-px\" aria-hidden=\"true\" data-edge=\"true\"><\/div>","protected":false},"featured_media":3148,"comment_status":"open","ping_status":"closed","template":"","meta":[],"product_brand":[],"product_cat":[122],"product_tag":[],"class_list":{"0":"post-3202","1":"product","2":"type-product","3":"status-publish","4":"has-post-thumbnail","6":"product_cat-al-fakher-crown-bar-hypermax-15000","8":"first","9":"instock","10":"sale","11":"shipping-taxable","12":"purchasable","13":"product-type-simple"},"jetpack_sharing_enabled":true,"_links":{"self":[{"href":"https:\/\/alfakherwelt.de\/ro\/wp-json\/wp\/v2\/product\/3202","targetHints":{"allow":["GET"]}}],"collection":[{"href":"https:\/\/alfakherwelt.de\/ro\/wp-json\/wp\/v2\/product"}],"about":[{"href":"https:\/\/alfakherwelt.de\/ro\/wp-json\/wp\/v2\/types\/product"}],"replies":[{"embeddable":true,"href":"https:\/\/alfakherwelt.de\/ro\/wp-json\/wp\/v2\/comments?post=3202"}],"wp:featuredmedia":[{"embeddable":true,"href":"https:\/\/alfakherwelt.de\/ro\/wp-json\/wp\/v2\/media\/3148"}],"wp:attachment":[{"href":"https:\/\/alfakherwelt.de\/ro\/wp-json\/wp\/v2\/media?parent=3202"}],"wp:term":[{"taxonomy":"product_brand","embeddable":true,"href":"https:\/\/alfakherwelt.de\/ro\/wp-json\/wp\/v2\/product_brand?post=3202"},{"taxonomy":"product_cat","embeddable":true,"href":"https:\/\/alfakherwelt.de\/ro\/wp-json\/wp\/v2\/product_cat?post=3202"},{"taxonomy":"product_tag","embeddable":true,"href":"https:\/\/alfakherwelt.de\/ro\/wp-json\/wp\/v2\/product_tag?post=3202"}],"curies":[{"name":"wp","href":"https:\/\/api.w.org\/{rel}","templated":true}]}}