{"id":3145,"date":"2025-04-17T01:23:41","date_gmt":"2025-04-17T01:23:41","guid":{"rendered":"https:\/\/alfakherwelt.de\/?post_type=product&#038;p=3145"},"modified":"2025-04-17T01:24:52","modified_gmt":"2025-04-17T01:24:52","slug":"request-failed-with-status-code-674","status":"publish","type":"product","link":"https:\/\/alfakherwelt.de\/ro\/produs\/request-failed-with-status-code-674\/","title":{"rendered":"AI Fakher Crown Bar Hypermax 15000 de trageri \u021bigaret\u0103 electronic\u0103 de unic\u0103 folosin\u021b\u0103 - Cherry Fizz"},"content":{"rendered":"<div style=\"width: 848px;\" class=\"wp-video\"><video class=\"wp-video-shortcode\" id=\"video-3145-1\" width=\"848\" height=\"480\" preload=\"metadata\" controls=\"controls\"><source type=\"video\/mp4\" src=\"https:\/\/alfakherwelt.de\/wp-content\/uploads\/2025\/04\/AF-15K-HYPERMAX-.mp4?_=1\" \/><a href=\"https:\/\/alfakherwelt.de\/wp-content\/uploads\/2025\/04\/AF-15K-HYPERMAX-.mp4\">https:\/\/alfakherwelt.de\/wp-content\/uploads\/2025\/04\/AF-15K-HYPERMAX-.mp4<\/a><\/video><\/div>\n<article class=\"text-token-text-primary w-full\" dir=\"auto\" data-testid=\"conversation-turn-2\" data-scroll-anchor=\"true\">\n<div class=\"text-base my-auto mx-auto py-5 [--thread-content-margin:--spacing(4)] @[37rem]:[--thread-content-margin:--spacing(6)] @[70rem]:[--thread-content-margin:--spacing(12)] px-(--thread-content-margin)\">\n<div class=\"[--thread-content-max-width:32rem] @[34rem]:[--thread-content-max-width:40rem] @[64rem]:[--thread-content-max-width:48rem] mx-auto flex max-w-(--thread-content-max-width) flex-1 text-base gap-4 md:gap-5 lg:gap-6 group\/turn-messages focus-visible:outline-hidden\" tabindex=\"-1\">\n<div class=\"group\/conversation-turn relative flex w-full min-w-0 flex-col agent-turn\">\n<div class=\"relative flex-col gap-1 md:gap-3\">\n<div class=\"flex max-w-full flex-col grow\">\n<div class=\"min-h-8 text-message relative flex w-full flex-col items-end gap-2 text-start break-words whitespace-normal [.text-message+&amp;]:mt-5\" dir=\"auto\" data-message-author-role=\"assistant\" data-message-id=\"0d9d33d9-127c-476e-b035-47f96630634e\" data-message-model-slug=\"gpt-4o\">\n<div class=\"flex w-full flex-col gap-1 empty:hidden first:pt-[3px]\">\n<div class=\"markdown prose dark:prose-invert w-full break-words light\">\n<h2 class=\"\" data-start=\"0\" data-end=\"61\"><a href=\"https:\/\/alfakherwelt.de\/ro\/categorie-de-produse\/request-failed-with-status-code-662\/\">AI Fakher Crown Bar Hypermax 15000<\/a> Z\u00fcge de unic\u0103 folosin\u021b\u0103 E-Zigarette \n\nbeci  \u2192  \u021bigar\u0103 electronic\u0103 de unic\u0103 folosin\u021b\u0103<\/h2>\n<h3 class=\"\" data-start=\"63\" data-end=\"112\">Experien\u021b\u0103 de \u00eenalt\u0103 calitate pentru vape pentru cei mai preten\u021bio\u0219i<\/h3>\n<p class=\"\" data-start=\"114\" data-end=\"619\">Die <strong data-start=\"118\" data-end=\"180\">AI Fakher Crown Bar Hypermax 15000 de trageri \u021bigaret\u0103 electronic\u0103 de unic\u0103 folosin\u021b\u0103<\/strong> Stabileaz\u0103 noi standarde \u00een domeniul vape-ului. Cu o capacitate impresionant\u0103 de 22 ml de e-lichid preumplut \u0219i o baterie de lung\u0103 durat\u0103 de 600 mAh, acest dispozitiv ofer\u0103 p\u00e2n\u0103 la 15.000 de pufuri - ideal pentru to\u021bi cei care caut\u0103 o experien\u021b\u0103 de vaporizare intens\u0103 \u0219i de lung\u0103 durat\u0103. Combina\u021bia de design modern, materiale de \u00eenalt\u0103 calitate \u0219i tehnologie inovatoare face ca Crown Bar Hypermax s\u0103 fie un companion indispensabil pentru deplas\u0103ri.<\/p>\n<h3 class=\"\" data-start=\"621\" data-end=\"653\">Caracteristici produs \u00een general<\/h3>\n<ul data-start=\"655\" data-end=\"1563\">\n<li class=\"\" data-start=\"655\" data-end=\"773\">\n<p class=\"\" data-start=\"657\" data-end=\"773\"><strong data-start=\"657\" data-end=\"690\">Capacitate generoas\u0103 de e-lichid<\/strong>: <span class=\"relative -mx-px my-[-0.2rem] rounded px-px py-[0.2rem] transition-colors duration-100 ease-in-out\">Cu 22 ml de lichid electronic preumplut, v\u0103 bucura\u021bi de o experien\u021b\u0103 de vaporizare de lung\u0103 durat\u0103 f\u0103r\u0103 s\u0103 fie nevoie de reumplere frecvent\u0103.<\/span>Nu a fost furnizat niciun text \u00een limba german\u0103 pentru a fi tradus \u00een limba rom\u00e2n\u0103. V\u0103 rog furniza\u021bi textul care urmeaz\u0103 a fi tradus.<\/p>\n<\/li>\n<li class=\"\" data-start=\"775\" data-end=\"883\">\n<p class=\"\" data-start=\"777\" data-end=\"883\"><strong data-start=\"777\" data-end=\"800\">Baterie de lung\u0103 durat\u0103<\/strong>: <span class=\"relative -mx-px my-[-0.2rem] rounded px-px py-[0.2rem] transition-colors duration-100 ease-in-out\">Bateria integrat\u0103 de 600 mAh asigur\u0103 o performan\u021b\u0103 constant\u0103 \u0219i permite p\u00e2n\u0103 la 15.000 de trageri.<\/span>Nu a fost furnizat niciun text \u00een limba german\u0103 pentru a fi tradus \u00een limba rom\u00e2n\u0103. V\u0103 rog furniza\u021bi textul care urmeaz\u0103 a fi tradus.<\/p>\n<\/li>\n<li class=\"\" data-start=\"885\" data-end=\"989\">\n<p class=\"\" data-start=\"887\" data-end=\"989\"><strong data-start=\"887\" data-end=\"906\">Afichage precis\u0103<\/strong>: <span class=\"relative -mx-px my-[-0.2rem] rounded px-px py-[0.2rem] transition-colors duration-100 ease-in-out\">Datorit\u0103 afi\u0219ajului integrat, p\u0103stra\u021bi \u00eentotdeauna o imagine de ansamblu asupra nivelului de lichid \u0219i a st\u0103rii bateriei.<\/span>Nu a fost furnizat niciun text \u00een limba german\u0103 pentru a fi tradus \u00een limba rom\u00e2n\u0103. V\u0103 rog furniza\u021bi textul care urmeaz\u0103 a fi tradus.<\/p>\n<\/li>\n<li class=\"\" data-start=\"991\" data-end=\"1099\">\n<p class=\"\" data-start=\"993\" data-end=\"1099\"><strong data-start=\"993\" data-end=\"1016\">Design confortabil<\/strong>: <span class=\"relative -mx-px my-[-0.2rem] rounded px-px py-[0.2rem] transition-colors duration-100 ease-in-out\">Suprafa\u021ba ergonomic\u0103 din piele ofer\u0103 o senza\u021bie pl\u0103cut\u0103 \u00een m\u00e2n\u0103 \u0219i confer\u0103 dispozitivului un aspect elegant.<\/span>Nu a fost furnizat niciun text \u00een limba german\u0103 pentru a fi tradus \u00een limba rom\u00e2n\u0103. V\u0103 rog furniza\u021bi textul care urmeaz\u0103 a fi tradus.<\/p>\n<\/li>\n<li class=\"\" data-start=\"1101\" data-end=\"1210\">\n<p class=\"\" data-start=\"1103\" data-end=\"1210\"><strong data-start=\"1103\" data-end=\"1127\">Puternic\u0103 concentra\u021bie de nicotin\u0103<\/strong>: <span class=\"relative -mx-px my-[-0.2rem] rounded px-px py-[0.2rem] transition-colors duration-100 ease-in-out\">Cu 2\u202f% (20\u202fmg\/ml) nicotin\u0103, \u021bigara electronic\u0103 ofer\u0103 o experien\u021b\u0103 de gust intens\u0103.<\/span>Nu a fost furnizat niciun text \u00een limba german\u0103 pentru a fi tradus \u00een limba rom\u00e2n\u0103. V\u0103 rog furniza\u021bi textul care urmeaz\u0103 a fi tradus.<\/p>\n<\/li>\n<li class=\"\" data-start=\"1212\" data-end=\"1322\">\n<p class=\"\" data-start=\"1214\" data-end=\"1322\"><strong data-start=\"1214\" data-end=\"1235\">\u00cenc\u0103rcare practic\u0103<\/strong>: <span class=\"relative -mx-px my-[-0.2rem] rounded px-px py-[0.2rem] transition-colors duration-100 ease-in-out\">Echipat cu o priz\u0103 de \u00eenc\u0103rcare de tip C (cablul nu este inclus) pentru \u00eenc\u0103rcare rapid\u0103 \u0219i convenabil\u0103.<\/span>Nu a fost furnizat niciun text \u00een limba german\u0103 pentru a fi tradus \u00een limba rom\u00e2n\u0103. V\u0103 rog furniza\u021bi textul care urmeaz\u0103 a fi tradus.<\/p>\n<\/li>\n<li class=\"\" data-start=\"1324\" data-end=\"1450\">\n<p class=\"\" data-start=\"1326\" data-end=\"1450\"><strong data-start=\"1326\" data-end=\"1363\">Direkt-zur-Lunge-Zugtechnik r\u0103m\u00e2ne nemodificat deoarece este un termen tehnic \u0219i traducerea lui \u00een rom\u00e2n\u0103 este similar\u0103: tehnic\u0103 de trac\u021biune direct\u0103 c\u0103tre pl\u0103m\u00e2ni (DTL)<\/strong>: <span class=\"relative -mx-px my-[-0.2rem] rounded px-px py-[0.2rem] transition-colors duration-100 ease-in-out\">Pentru o experien\u021b\u0103 intensiv\u0103 de vaporizare, care se apropie de tradi\u021bionala pl\u0103cere a shisha-ului.<\/span>Nu a fost furnizat niciun text \u00een limba german\u0103 pentru a fi tradus \u00een limba rom\u00e2n\u0103. V\u0103 rog furniza\u021bi textul care urmeaz\u0103 a fi tradus.<\/p>\n<\/li>\n<li class=\"\" data-start=\"1452\" data-end=\"1563\">\n<p class=\"\" data-start=\"1454\" data-end=\"1563\"><strong data-start=\"1454\" data-end=\"1476\">Utilizator-friendly<\/strong>: <span class=\"relative -mx-px my-[-0.2rem] rounded px-px py-[0.2rem] transition-colors duration-100 ease-in-out\">Activare prin tragere - nicio ap\u0103sare de buton necesar\u0103.<\/span>Nu a fost furnizat niciun text \u00een limba german\u0103 pentru a fi tradus \u00een limba rom\u00e2n\u0103. V\u0103 rog furniza\u021bi textul care urmeaz\u0103 a fi tradus.<\/p>\n<\/li>\n<\/ul>\n<h3 class=\"\" data-start=\"1565\" data-end=\"1599\">Experien\u021be gustative \u00een detaliu<\/h3>\n<p class=\"\" data-start=\"1719\" data-end=\"1822\"><strong data-start=\"1719\" data-end=\"1735\">Cherry Fizz<\/strong>: <span class=\"relative -mx-px my-[-0.2rem] rounded px-px py-[0.2rem] transition-colors duration-100 ease-in-out\">Gustul proasp\u0103t al cire\u0219elor coapte, combinat cu o not\u0103 de efervescen\u021b\u0103, asigur\u0103 o experien\u021b\u0103 de vaporizare revigorant\u0103.<\/span>Nu a fost furnizat niciun text \u00een limba german\u0103 pentru a fi tradus \u00een limba rom\u00e2n\u0103. V\u0103 rog furniza\u021bi textul care urmeaz\u0103 a fi tradus.<\/p>\n<h3 class=\"\" data-start=\"2046\" data-end=\"2083\">De ce la <a href=\"https:\/\/alfakherwelt.de\/ro\/\">alfakherwelt.de<\/a> Cump\u0103ra?<\/h3>\n<p class=\"\" data-start=\"2085\" data-end=\"2493\">Ca cel mai mare comerciant online de \u021bigarete electronice de unic\u0103 folosin\u021b\u0103 din Germania, oferim <strong data-start=\"2158\" data-end=\"2177\">alfakherwelt.de<\/strong> o gam\u0103 larg\u0103 de produse de \u00eenalt\u0103 calitate la pre\u021buri atractive. Profita\u021bi de expedierea noastr\u0103 rapid\u0103, de serviciul clien\u021bi excelent \u0219i de ofertele exclusive. Descoperi\u021bi diversitatea <strong data-start=\"2378\" data-end=\"2440\">AI Fakher Crown Bar Hypermax 15000 de trageri \u021bigaret\u0103 electronic\u0103 de unic\u0103 folosin\u021b\u0103<\/strong> \u0219i experimenta\u021bi o experien\u021b\u0103 de aburi de neegalat.<\/p>\n<p class=\"\" data-start=\"2495\" data-end=\"2613\">Vizita\u021bi site-ul nostru <a class=\"\" href=\"https:\/\/alfakherwelt.de\/ro\/\" target=\"_new\" rel=\"noopener\" data-start=\"2523\" data-end=\"2565\">alfakherwelt.de<\/a> \u0219i g\u0103si\u021bi noua dvs. \u021bigar\u0103 electronic\u0103 preferat\u0103!<\/p>\n<h2 data-start=\"0\" data-end=\"135\"><img loading=\"lazy\" decoding=\"async\" class=\"alignnone wp-image-3093 size-full\" style=\"color: #555555; font-size: 14.4px;\" src=\"https:\/\/alfakherwelt.de\/wp-content\/uploads\/2025\/04\/AF-15K-HYPERMAX-2.webp\" alt=\"AI Fakher Crown Bar Hypermax 15000 de trageri \u021bigaret\u0103 electronic\u0103 de unic\u0103 folosin\u021b\u0103 - Cherry Fizz\" width=\"1058\" height=\"726\" title=\"\" srcset=\"https:\/\/alfakherwelt.de\/wp-content\/uploads\/2025\/04\/AF-15K-HYPERMAX-2.webp 1058w, https:\/\/alfakherwelt.de\/wp-content\/uploads\/2025\/04\/AF-15K-HYPERMAX-2-300x206.webp 300w, https:\/\/alfakherwelt.de\/wp-content\/uploads\/2025\/04\/AF-15K-HYPERMAX-2-1024x703.webp 1024w, https:\/\/alfakherwelt.de\/wp-content\/uploads\/2025\/04\/AF-15K-HYPERMAX-2-768x527.webp 768w, https:\/\/alfakherwelt.de\/wp-content\/uploads\/2025\/04\/AF-15K-HYPERMAX-2-18x12.webp 18w, https:\/\/alfakherwelt.de\/wp-content\/uploads\/2025\/04\/AF-15K-HYPERMAX-2-600x412.webp 600w\" sizes=\"auto, (max-width: 1058px) 100vw, 1058px\" \/><\/h2>\n<\/div>\n<\/div>\n<\/div>\n<\/div>\n<\/div>\n<\/div>\n<\/div>\n<\/div>\n<\/article>","protected":false},"excerpt":{"rendered":"<article class=\"text-token-text-primary w-full\" dir=\"auto\" data-testid=\"conversation-turn-4\" data-scroll-anchor=\"true\">\n<div class=\"text-base my-auto mx-auto py-5 [--thread-content-margin:--spacing(4)] @[37rem]:[--thread-content-margin:--spacing(6)] @[70rem]:[--thread-content-margin:--spacing(12)] px-(--thread-content-margin)\">\n<div class=\"[--thread-content-max-width:32rem] @[34rem]:[--thread-content-max-width:40rem] @[64rem]:[--thread-content-max-width:48rem] mx-auto flex max-w-(--thread-content-max-width) flex-1 text-base gap-4 md:gap-5 lg:gap-6 group\/turn-messages focus-visible:outline-hidden\" tabindex=\"-1\">\n<div class=\"group\/conversation-turn relative flex w-full min-w-0 flex-col agent-turn\">\n<div class=\"relative flex-col gap-1 md:gap-3\">\n<div class=\"flex max-w-full flex-col grow\">\n<div class=\"min-h-8 text-message relative flex w-full flex-col items-end gap-2 text-start break-words whitespace-normal [.text-message+&amp;]:mt-5\" dir=\"auto\" data-message-author-role=\"assistant\" data-message-id=\"cb22cdcf-c656-42d2-9545-aa8204c5b952\" data-message-model-slug=\"gpt-4o\">\n<div class=\"flex w-full flex-col gap-1 empty:hidden first:pt-[3px]\">\n<div class=\"markdown prose dark:prose-invert w-full break-words light\">\n<p class=\"\" data-start=\"0\" data-end=\"318\">Die <strong data-start=\"4\" data-end=\"66\">AI Fakher Crown Bar Hypermax 15000 de trageri \u021bigaret\u0103 electronic\u0103 de unic\u0103 folosin\u021b\u0103<\/strong> Ofer\u0103 22 ml de lichid electronic, baterie de 600 mAh, arome intense \u0219i p\u00e2n\u0103 la 15.000 de pufuri, o experien\u021b\u0103 de vaporizare de \u00eenalt\u0103 calitate \u0219i de lung\u0103 durat\u0103 pentru cunosc\u0103tori.<\/p>\n<\/div>\n<\/div>\n<\/div>\n<\/div>\n<div class=\"flex justify-start\">\n<div class=\"touch:-me-2 touch:-ms-3.5 -ms-2.5 -me-1 flex items-center p-1 select-none -mt-1 duration-[1.5s] focus-within:transition-none hover:transition-none pointer-events-none [mask-image:linear-gradient(to_right,black_33%,transparent_66%)] [mask-position:100%_0%] [mask-size:300%_100%] motion-safe:transition-[mask-position] group-hover\/turn-messages:pointer-events-auto group-hover\/turn-messages:[mask-position:0_0] group-focus-within\/turn-messages:pointer-events-auto group-focus-within\/turn-messages:[mask-position:0_0] has-data-[state=open]:pointer-events-auto has-data-[state=open]:[mask-position:0_0]\"><\/div>\n<\/div>\n<div class=\"mt-3 w-full empty:hidden\">\n<div class=\"text-center\"><\/div>\n<\/div>\n<\/div>\n<div class=\"absolute\">\n<div class=\"flex items-center justify-center\"><\/div>\n<\/div>\n<\/div>\n<\/div>\n<\/div>\n<\/article>\n<div class=\"pointer-events-none h-px w-px\" aria-hidden=\"true\" data-edge=\"true\"><\/div>","protected":false},"featured_media":3111,"comment_status":"open","ping_status":"closed","template":"","meta":[],"product_brand":[],"product_cat":[122],"product_tag":[],"class_list":{"0":"post-3145","1":"product","2":"type-product","3":"status-publish","4":"has-post-thumbnail","6":"product_cat-al-fakher-crown-bar-hypermax-15000","8":"first","9":"instock","10":"sale","11":"shipping-taxable","12":"purchasable","13":"product-type-simple"},"jetpack_sharing_enabled":true,"_links":{"self":[{"href":"https:\/\/alfakherwelt.de\/ro\/wp-json\/wp\/v2\/product\/3145","targetHints":{"allow":["GET"]}}],"collection":[{"href":"https:\/\/alfakherwelt.de\/ro\/wp-json\/wp\/v2\/product"}],"about":[{"href":"https:\/\/alfakherwelt.de\/ro\/wp-json\/wp\/v2\/types\/product"}],"replies":[{"embeddable":true,"href":"https:\/\/alfakherwelt.de\/ro\/wp-json\/wp\/v2\/comments?post=3145"}],"wp:featuredmedia":[{"embeddable":true,"href":"https:\/\/alfakherwelt.de\/ro\/wp-json\/wp\/v2\/media\/3111"}],"wp:attachment":[{"href":"https:\/\/alfakherwelt.de\/ro\/wp-json\/wp\/v2\/media?parent=3145"}],"wp:term":[{"taxonomy":"product_brand","embeddable":true,"href":"https:\/\/alfakherwelt.de\/ro\/wp-json\/wp\/v2\/product_brand?post=3145"},{"taxonomy":"product_cat","embeddable":true,"href":"https:\/\/alfakherwelt.de\/ro\/wp-json\/wp\/v2\/product_cat?post=3145"},{"taxonomy":"product_tag","embeddable":true,"href":"https:\/\/alfakherwelt.de\/ro\/wp-json\/wp\/v2\/product_tag?post=3145"}],"curies":[{"name":"wp","href":"https:\/\/api.w.org\/{rel}","templated":true}]}}