{"id":3104,"date":"2025-04-15T04:42:45","date_gmt":"2025-04-15T04:42:45","guid":{"rendered":"https:\/\/alfakherwelt.de\/?post_type=product&#038;p=3104"},"modified":"2025-04-15T04:46:22","modified_gmt":"2025-04-15T04:46:22","slug":"request-failed-with-status-code-663","status":"publish","type":"product","link":"https:\/\/alfakherwelt.de\/ro\/produs\/request-failed-with-status-code-663\/","title":{"rendered":"AI Fakher Crown Bar Hypermax 15000 de trageri \u021bigar\u0103 electronic\u0103 de unic\u0103 folosin\u021b\u0103 \u2013 Menta de coac\u0103ze negre"},"content":{"rendered":"<div style=\"width: 848px;\" class=\"wp-video\"><video class=\"wp-video-shortcode\" id=\"video-3104-1\" width=\"848\" height=\"480\" preload=\"metadata\" controls=\"controls\"><source type=\"video\/mp4\" src=\"https:\/\/alfakherwelt.de\/wp-content\/uploads\/2025\/04\/AF-15K-HYPERMAX-.mp4?_=1\" \/><a href=\"https:\/\/alfakherwelt.de\/wp-content\/uploads\/2025\/04\/AF-15K-HYPERMAX-.mp4\">https:\/\/alfakherwelt.de\/wp-content\/uploads\/2025\/04\/AF-15K-HYPERMAX-.mp4<\/a><\/video><\/div>\n<article class=\"text-token-text-primary w-full\" dir=\"auto\" data-testid=\"conversation-turn-2\" data-scroll-anchor=\"true\">\n<div class=\"text-base my-auto mx-auto py-5 [--thread-content-margin:--spacing(4)] @[37rem]:[--thread-content-margin:--spacing(6)] @[70rem]:[--thread-content-margin:--spacing(12)] px-(--thread-content-margin)\">\n<div class=\"[--thread-content-max-width:32rem] @[34rem]:[--thread-content-max-width:40rem] @[64rem]:[--thread-content-max-width:48rem] mx-auto flex max-w-(--thread-content-max-width) flex-1 text-base gap-4 md:gap-5 lg:gap-6 group\/turn-messages focus-visible:outline-hidden\" tabindex=\"-1\">\n<div class=\"group\/conversation-turn relative flex w-full min-w-0 flex-col agent-turn\">\n<div class=\"relative flex-col gap-1 md:gap-3\">\n<div class=\"flex max-w-full flex-col grow\">\n<div class=\"min-h-8 text-message relative flex w-full flex-col items-end gap-2 text-start break-words whitespace-normal [.text-message+&amp;]:mt-5\" dir=\"auto\" data-message-author-role=\"assistant\" data-message-id=\"0d9d33d9-127c-476e-b035-47f96630634e\" data-message-model-slug=\"gpt-4o\">\n<div class=\"flex w-full flex-col gap-1 empty:hidden first:pt-[3px]\">\n<div class=\"markdown prose dark:prose-invert w-full break-words light\">\n<h2 data-start=\"0\" data-end=\"135\"><strong data-start=\"0\" data-end=\"135\"><a href=\"https:\/\/alfakherwelt.de\/ro\/categorie-de-produse\/request-failed-with-status-code-662\/\">AI Fakher Crown Bar Hypermax 15000<\/a> Trenuri de unic\u0103 folosin\u021b\u0103 E-Zigar\u0103 - Alegerea dvs. cea mai bun\u0103 pentru o experien\u021b\u0103 \u00eendelungat\u0103 \u0219i un gust autentic<\/strong><\/h2>\n<h3 class=\"\" data-start=\"137\" data-end=\"160\">Descrierea produsului<\/h3>\n<p class=\"\" data-start=\"162\" data-end=\"667\">Die <strong data-start=\"166\" data-end=\"228\">AI Fakher Crown Bar Hypermax 15000 de trageri \u021bigaret\u0103 electronic\u0103 de unic\u0103 folosin\u021b\u0103<\/strong> Este alegerea perfect\u0103 pentru vapori preten\u021bio\u0219i care caut\u0103 o experien\u021b\u0103 de vape de \u00eenalt\u0103 calitate, practic\u0103 \u0219i cu un gust intens. Umplut\u0103 \u00een avans cu 15 ml de lichid de \u00eenalt\u0103 calitate, aceast\u0103 \u021bigar\u0103 electronic\u0103 de unic\u0103 folosin\u021b\u0103 ofer\u0103 p\u00e2n\u0103 la 15.000 de pufuri - acest lucru v\u0103 ofer\u0103 suficient timp pentru a v\u0103 bucura de aburul intens \u0219i proasp\u0103t, f\u0103r\u0103 s\u0103 v\u0103 face\u021bi griji cu privire la reumplere sau \u00eenlocuirea constant\u0103 a cartu\u0219elor.<\/p>\n<p class=\"\" data-start=\"669\" data-end=\"934\">Datorit\u0103 mecanismului prietenos cu utilizatorul, activat prin tragere, utilizarea este extrem de confortabil\u0103. De \u00eendat\u0103 ce trage\u021bi de piesa bucal\u0103, aburul este eliberat imediat. F\u0103r\u0103 buton, f\u0103r\u0103 a\u0219teptare \u2013 doar relaxare pur\u0103 \u0219i pl\u0103cere de la prima p\u00e2n\u0103 la ultima inhalare.<\/p>\n<p class=\"\" data-start=\"936\" data-end=\"1396\">Die <strong data-start=\"940\" data-end=\"978\">AI Fakher Crown Bar Hypermax 15000<\/strong> Convinge \u00eens\u0103 nu numai prin durata lung\u0103 de via\u021b\u0103 \u0219i manipularea simpl\u0103, ci \u0219i prin diversitatea de gust incredibil de savuroas\u0103. Aromele sunt ajustate astfel \u00eenc\u00e2t s\u0103 imite experien\u021ba autentic\u0103 a unei shisha tradi\u021bionale \u0219i ofer\u0103 vapului o selec\u021bie larg\u0103 de arome - de la fructat la r\u0103coritor, cu o not\u0103 de ment\u0103 sau chiar \u0219i un gust clasic de tutun.<\/p>\n<p class=\"\" data-start=\"1398\" data-end=\"1762\">Cu o <strong data-start=\"1408\" data-end=\"1443\">Puterea nicotinei de 2% (20 mg\/ml)<\/strong> ofer\u0103 <strong data-start=\"1456\" data-end=\"1479\">AI Fakher Crown Bar<\/strong> o sa\u021bietate satisf\u0103c\u0103toare, potrivit\u0103 at\u00e2t pentru \u00eencep\u0103tori, c\u00e2t \u0219i pentru vapori experimenta\u021bi. <strong data-start=\"1586\" data-end=\"1622\">Baterie re\u00eenc\u0103rcabil\u0103 de tip C cu conexiune USB-C<\/strong> asigur\u0103 o durat\u0103 de via\u021b\u0103 lung\u0103 a dispozitivului, \u0219i anume <strong data-start=\"1676\" data-end=\"1709\">design confortabil cu m\u00e2nere din piele<\/strong> Face ca\u021binerea e-cigaretelor deosebit de pl\u0103cut\u0103.<\/p>\n<p class=\"\" data-start=\"1764\" data-end=\"1856\"><strong data-start=\"1764\" data-end=\"1856\">De ce ar trebui s\u0103 cump\u0103ra\u021bi vape-ul de unic\u0103 folosin\u021b\u0103 AI Fakher Crown Bar Hypermax 15000 de trageri?<\/strong><\/p>\n<ul data-start=\"1857\" data-end=\"2629\">\n<li class=\"\" data-start=\"1857\" data-end=\"1946\">\n<p class=\"\" data-start=\"1859\" data-end=\"1946\">P\u00e2n\u0103 la 15.000 de pufuri per dispozitiv - durat\u0103 de via\u021b\u0103 lung\u0103 pentru ore de pl\u0103cere.<\/p>\n<\/li>\n<li class=\"\" data-start=\"1947\" data-end=\"2026\">\n<p class=\"\" data-start=\"1949\" data-end=\"2026\">Pre\u00eenc\u0103rcat cu 15ml de lichid electronic de \u00eenalt\u0103 calitate, astfel \u00eenc\u00e2t s\u0103 pute\u021bi \u00eencepe imediat.<\/p>\n<\/li>\n<li class=\"\" data-start=\"2027\" data-end=\"2103\">\n<p class=\"\" data-start=\"2029\" data-end=\"2103\">Design robust cu m\u00e2ner practic din piele, ideal pentru utilizare mobil\u0103.<\/p>\n<\/li>\n<li class=\"\" data-start=\"2104\" data-end=\"2220\">\n<p class=\"\" data-start=\"2106\" data-end=\"2220\"><strong data-start=\"2106\" data-end=\"2136\">Puterea de nicotin\u0103 20 mg\/ml<\/strong> - perfect pentru to\u021bi cei care doresc o experien\u021b\u0103 intensiv\u0103, dar echilibrat\u0103 a nicotinei.<\/p>\n<\/li>\n<li class=\"\" data-start=\"2221\" data-end=\"2315\">\n<p class=\"\" data-start=\"2223\" data-end=\"2315\"><strong data-start=\"2223\" data-end=\"2248\">Sistem activat prin tragere<\/strong> pentru o utilizare u\u0219oar\u0103 f\u0103r\u0103 butoane sau set\u0103ri complexe.<\/p>\n<\/li>\n<li class=\"\" data-start=\"2316\" data-end=\"2417\">\n<p class=\"\" data-start=\"2318\" data-end=\"2417\"><strong data-start=\"2318\" data-end=\"2341\">Ideal pentru deplas\u0103ri<\/strong> - U\u0219or \u0219i compact pentru a fi pus \u00een buzunar, perfect pentru deplas\u0103ri sau c\u0103l\u0103torii.<\/p>\n<\/li>\n<li class=\"\" data-start=\"2418\" data-end=\"2629\">\n<p class=\"\" data-start=\"2420\" data-end=\"2629\">Pe <strong data-start=\"2424\" data-end=\"2443\">alfakherwelt.de<\/strong> Pute\u021bi cump\u0103ra AI Fakher Crown Bar 15000 de trageri \u0219i pute\u021bi beneficia de o experien\u021b\u0103 de cump\u0103rare exclusiv\u0103. Noi suntem cea mai mare platform\u0103 de v\u00e2nz\u0103ri pentru \u021big\u0103ri electronice de unic\u0103 folosin\u021b\u0103 din Germania!<\/p>\n<\/li>\n<\/ul>\n<hr class=\"\" data-start=\"2631\" data-end=\"2634\" \/>\n<h3 class=\"\" data-start=\"2636\" data-end=\"2716\">Caracteristici ale <strong data-start=\"2653\" data-end=\"2715\"><a href=\"https:\/\/alfakherwelt.de\/ro\/categorie-de-produse\/request-failed-with-status-code-662\/\">AI Fakher Crown Bar Hypermax 15000<\/a> Trenuri de unic\u0103 folosin\u021b\u0103 E-Zigarette<\/strong>:<\/h3>\n<ul data-start=\"2717\" data-end=\"3332\">\n<li class=\"\" data-start=\"2717\" data-end=\"2773\">\n<p class=\"\" data-start=\"2719\" data-end=\"2773\"><strong data-start=\"2719\" data-end=\"2741\">Capacitatea E-Liquid<\/strong>: 15 ml (pentru p\u00e2n\u0103 la 15.000 de trageri)<\/p>\n<\/li>\n<li class=\"\" data-start=\"2774\" data-end=\"2838\">\n<p class=\"\" data-start=\"2776\" data-end=\"2838\"><strong data-start=\"2776\" data-end=\"2797\">Capacitatea bateriei<\/strong>: 600 mAh pentru o utilizare de lung\u0103 durat\u0103<\/p>\n<\/li>\n<li class=\"\" data-start=\"2839\" data-end=\"2910\">\n<p class=\"\" data-start=\"2841\" data-end=\"2910\"><strong data-start=\"2841\" data-end=\"2852\">Afi\u0219aj<\/strong>: Afi\u0219aj pentru starea bateriei \u0219i nivelul lichidului<\/p>\n<\/li>\n<li class=\"\" data-start=\"2911\" data-end=\"2982\">\n<p class=\"\" data-start=\"2913\" data-end=\"2982\"><strong data-start=\"2913\" data-end=\"2937\">Design ergonomic<\/strong> cu m\u00e2ner de piele pentru o utilizare confortabil\u0103<\/p>\n<\/li>\n<li class=\"\" data-start=\"2983\" data-end=\"3058\">\n<p class=\"\" data-start=\"2985\" data-end=\"3058\"><strong data-start=\"2985\" data-end=\"3002\">Puterea nicotinei<\/strong>: 2% (20 mg\/ml) Nicotin\u0103 pentru o experien\u021b\u0103 intensiv\u0103 de vaporizare<\/p>\n<\/li>\n<li class=\"\" data-start=\"3059\" data-end=\"3127\">\n<p class=\"\" data-start=\"3061\" data-end=\"3127\"><strong data-start=\"3061\" data-end=\"3077\">Activat prin tragere<\/strong>: Nicio cheie necesar\u0103 - doar trage\u021bi \u0219i bucura\u021bi-v\u0103<\/p>\n<\/li>\n<li class=\"\" data-start=\"3128\" data-end=\"3198\">\n<p class=\"\" data-start=\"3130\" data-end=\"3198\"><strong data-start=\"3130\" data-end=\"3140\">\u00cenc\u0103rc\u0103tur\u0103<\/strong>: Conector Type-C (cablul nu este inclus \u00een pachet)<\/p>\n<\/li>\n<li class=\"\" data-start=\"3199\" data-end=\"3259\">\n<p class=\"\" data-start=\"3201\" data-end=\"3259\"><strong data-start=\"3201\" data-end=\"3234\">Experien\u021b\u0103 perfect\u0103 de vaporizare DTL<\/strong> pentru gustul complet<\/p>\n<\/li>\n<li class=\"\" data-start=\"3260\" data-end=\"3332\">\n<p class=\"\" data-start=\"3262\" data-end=\"3332\"><strong data-start=\"3262\" data-end=\"3281\">Re\u00eenc\u0103rcabil<\/strong> - pentru o pl\u0103cere de durat\u0103, mai ecologic\u0103<img loading=\"lazy\" decoding=\"async\" class=\"alignnone wp-image-3093 size-full\" src=\"https:\/\/alfakherwelt.de\/wp-content\/uploads\/2025\/04\/AF-15K-HYPERMAX-2.webp\" alt=\"AI Fakher Crown Bar Hypermax 15000 de trageri \u021bigar\u0103 electronic\u0103 de unic\u0103 folosin\u021b\u0103 - Menta de coac\u0103ze negre\" width=\"1058\" height=\"726\" title=\"\" srcset=\"https:\/\/alfakherwelt.de\/wp-content\/uploads\/2025\/04\/AF-15K-HYPERMAX-2.webp 1058w, https:\/\/alfakherwelt.de\/wp-content\/uploads\/2025\/04\/AF-15K-HYPERMAX-2-300x206.webp 300w, https:\/\/alfakherwelt.de\/wp-content\/uploads\/2025\/04\/AF-15K-HYPERMAX-2-1024x703.webp 1024w, https:\/\/alfakherwelt.de\/wp-content\/uploads\/2025\/04\/AF-15K-HYPERMAX-2-768x527.webp 768w, https:\/\/alfakherwelt.de\/wp-content\/uploads\/2025\/04\/AF-15K-HYPERMAX-2-18x12.webp 18w, https:\/\/alfakherwelt.de\/wp-content\/uploads\/2025\/04\/AF-15K-HYPERMAX-2-600x412.webp 600w\" sizes=\"auto, (max-width: 1058px) 100vw, 1058px\" \/><\/p>\n<\/li>\n<\/ul>\n<hr class=\"\" data-start=\"3334\" data-end=\"3337\" \/>\n<h3 class=\"\" data-start=\"3339\" data-end=\"3430\">Geschmacksrichtungen der \n\nVariet\u0103\u021bi de gust <strong data-start=\"3368\" data-end=\"3430\"><a href=\"https:\/\/alfakherwelt.de\/ro\/categorie-de-produse\/request-failed-with-status-code-662\/\">AI Fakher Crown Bar Hypermax 15000<\/a> Trenuri de unic\u0103 folosin\u021b\u0103 E-Zigarette<\/strong><\/h3>\n<p class=\"\" data-start=\"3432\" data-end=\"3635\">Die <strong data-start=\"3436\" data-end=\"3468\">AI Fakher Crown Bar Hypermax<\/strong> Ofer\u0103 o varietate de arome delicioase care fac experien\u021ba de vaporizare una deosebit\u0103. Iat\u0103 o prezentare detaliat\u0103 a gusturilor oferite:<\/p>\n<p class=\"\" data-start=\"3640\" data-end=\"4050\"><strong data-start=\"3640\" data-end=\"3672\">coac\u0103z negru ment\u0103<\/strong> Aceast\u0103 amestecare r\u0103coritoare de coac\u0103ze negre \u0219i ment\u0103 rece asigur\u0103 un gust unic, dulce \u0219i \u00een acela\u0219i timp r\u0103coritor. Gustul de coac\u0103ze negre, fructat \u0219i u\u0219or acru, este completat perfect de menta proasp\u0103t\u0103, ceea ce duce la o experien\u021b\u0103 de vaporizare echilibrat\u0103 \u0219i de lung\u0103 durat\u0103. Ideal pentru vapori care prefer\u0103 o not\u0103 dulce, dar r\u0103coritoare.<\/p>\n<hr class=\"\" data-start=\"5488\" data-end=\"5491\" \/>\n<h3 class=\"\" data-start=\"5493\" data-end=\"5567\">\u00centreb\u0103ri frecvente despre <strong data-start=\"5505\" data-end=\"5567\">AI Fakher Crown Bar Hypermax 15000 de trageri \u021bigaret\u0103 electronic\u0103 de unic\u0103 folosin\u021b\u0103<\/strong><\/h3>\n<p class=\"\" data-start=\"5569\" data-end=\"5864\"><strong data-start=\"5569\" data-end=\"5654\">1. C\u00e2t dureaz\u0103 AI Fakher Crown Bar Hypermax 15000 de trageri E-\u021bigar\u0103 de unic\u0103 folosin\u021b\u0103?<\/strong> Mit einer Kapazit\u00e4t von 15 ml E-Liquid bietet die <strong data-start=\"5708\" data-end=\"5740\">AI Fakher Crown Bar Hypermax<\/strong> p\u00e2n\u0103 la 15.000 de pufuri. Acest lucru este de obicei suficient pentru c\u00e2teva zile p\u00e2n\u0103 la s\u0103pt\u0103m\u00e2ni, \u00een func\u021bie de c\u00e2t de des utiliza\u021bi e-\u021bigara.<\/p>\n<p class=\"\" data-start=\"5866\" data-end=\"6118\"><strong data-start=\"5866\" data-end=\"5961\">2. Care este puterea nicotinei \u00een AI Fakher Crown Bar Hypermax 15000 de puffs E-\u021bigar\u0103 de unic\u0103 folosin\u021b\u0103?<\/strong> Die <strong data-start=\"5969\" data-end=\"6001\">AI Fakher Crown Bar Hypermax<\/strong> con\u021bine o putere de nicotin\u0103 de 2% (20 mg\/ml), ceea ce ofer\u0103 o experien\u021b\u0103 intens\u0103, dar pl\u0103cut echilibrat\u0103 de nicotin\u0103.<\/p>\n<p class=\"\" data-start=\"6120\" data-end=\"6351\"><strong data-start=\"6120\" data-end=\"6190\">3. Poate fi re\u00eenc\u0103rcat\u0103 AI Fakher Crown Bar Hypermax?<\/strong> Da, e-cigara este echipat\u0103 cu o conexiune de tip C, astfel \u00eenc\u00e2t pute\u021bi \u00eenc\u0103rca dispozitivul atunci c\u00e2nd este necesar (cablul de \u00eenc\u0103rcare nu este inclus).<\/p>\n<p class=\"\" data-start=\"6353\" data-end=\"6600\"><strong data-start=\"6353\" data-end=\"6444\">4. Pot cump\u0103ra AI Fakher Crown Bar Hypermax 15000 de trageri de pe alfakherwelt.de?<\/strong> Da, pe site-ul nostru <strong data-start=\"6472\" data-end=\"6491\">alfakherwelt.de<\/strong> Pute\u021bi cump\u0103ra AI Fakher Crown Bar Hypermax 15000 de trageri \u0219i beneficia\u021bi de o livrare rapid\u0103.<\/p>\n<p class=\"\" data-start=\"6602\" data-end=\"6894\"><strong data-start=\"6602\" data-end=\"6698\">Este AI Fakher Crown Bar Hypermax 15000 de vape cu un singur folos potrivit pentru \u00eencep\u0103tori?<\/strong> Absolut! Die <strong data-start=\"6715\" data-end=\"6747\">AI Fakher Crown Bar Hypermax<\/strong> Este ideal pentru \u00eencep\u0103tori datorit\u0103 sistemului s\u0103u simplu activat prin tragere. Nu trebuie s\u0103 ap\u0103sa\u021bi niciun buton, ci pute\u021bi \u00eencepe imediat.<\/p>\n<hr class=\"\" data-start=\"6896\" data-end=\"6899\" \/>\n<p class=\"\" data-start=\"6901\" data-end=\"7182\">Profita\u021bi de avantajul \u0219i cump\u0103ra\u021bi-v\u0103 <strong data-start=\"6944\" data-end=\"7006\">AI Fakher Crown Bar Hypermax 15000 de trageri \u021bigaret\u0103 electronic\u0103 de unic\u0103 folosin\u021b\u0103<\/strong> pe<a href=\"https:\/\/alfakherwelt.de\/ro\/\"> <strong data-start=\"7011\" data-end=\"7030\">alfakherwelt.de<\/strong><\/a>cea mai mare platform\u0103 pentru \u021big\u0103ri electronice de unic\u0103 folosin\u021b\u0103 din Germania. Bucura\u021bi-v\u0103 de experien\u021be de vaporizare lungi \u0219i delicioase - convenabile \u0219i disponibile oric\u00e2nd!<\/p>\n<\/div>\n<\/div>\n<\/div>\n<\/div>\n<\/div>\n<\/div>\n<\/div>\n<\/div>\n<\/article>","protected":false},"excerpt":{"rendered":"<article class=\"text-token-text-primary w-full\" dir=\"auto\" data-testid=\"conversation-turn-4\" data-scroll-anchor=\"true\">\n<div class=\"text-base my-auto mx-auto py-5 [--thread-content-margin:--spacing(4)] @[37rem]:[--thread-content-margin:--spacing(6)] @[70rem]:[--thread-content-margin:--spacing(12)] px-(--thread-content-margin)\">\n<div class=\"[--thread-content-max-width:32rem] @[34rem]:[--thread-content-max-width:40rem] @[64rem]:[--thread-content-max-width:48rem] mx-auto flex max-w-(--thread-content-max-width) flex-1 text-base gap-4 md:gap-5 lg:gap-6 group\/turn-messages focus-visible:outline-hidden\" tabindex=\"-1\">\n<div class=\"group\/conversation-turn relative flex w-full min-w-0 flex-col agent-turn\">\n<div class=\"relative flex-col gap-1 md:gap-3\">\n<div class=\"flex max-w-full flex-col grow\">\n<div class=\"min-h-8 text-message relative flex w-full flex-col items-end gap-2 text-start break-words whitespace-normal [.text-message+&amp;]:mt-5\" dir=\"auto\" data-message-author-role=\"assistant\" data-message-id=\"cb22cdcf-c656-42d2-9545-aa8204c5b952\" data-message-model-slug=\"gpt-4o\">\n<div class=\"flex w-full flex-col gap-1 empty:hidden first:pt-[3px]\">\n<div class=\"markdown prose dark:prose-invert w-full break-words light\">\n<p class=\"\" data-start=\"0\" data-end=\"318\">Die <strong data-start=\"4\" data-end=\"66\">AI Fakher Crown Bar Hypermax 15000 de trageri \u021bigaret\u0103 electronic\u0103 de unic\u0103 folosin\u021b\u0103<\/strong> Ofer\u0103 cu 15ml de lichid electronic \u0219i o putere de nicotin\u0103 de 20 mg\/ml p\u00e2n\u0103 la 15.000 de pufuri de savurare intens\u0103, \u00eenso\u021bit\u0103 de arome autentice precum strugure ment\u0103, afine \u0219i dou\u0103 mere, \u0219i convinge prin func\u021bionarea activat\u0103 de puf, manipularea comod\u0103 \u0219i durabilitatea \u00eendelungat\u0103.<\/p>\n<\/div>\n<\/div>\n<\/div>\n<\/div>\n<div class=\"flex justify-start\">\n<div class=\"touch:-me-2 touch:-ms-3.5 -ms-2.5 -me-1 flex items-center p-1 select-none -mt-1 duration-[1.5s] focus-within:transition-none hover:transition-none pointer-events-none [mask-image:linear-gradient(to_right,black_33%,transparent_66%)] [mask-position:100%_0%] [mask-size:300%_100%] motion-safe:transition-[mask-position] group-hover\/turn-messages:pointer-events-auto group-hover\/turn-messages:[mask-position:0_0] group-focus-within\/turn-messages:pointer-events-auto group-focus-within\/turn-messages:[mask-position:0_0] has-data-[state=open]:pointer-events-auto has-data-[state=open]:[mask-position:0_0]\"><\/div>\n<\/div>\n<div class=\"mt-3 w-full empty:hidden\">\n<div class=\"text-center\"><\/div>\n<\/div>\n<\/div>\n<div class=\"absolute\">\n<div class=\"flex items-center justify-center\"><\/div>\n<\/div>\n<\/div>\n<\/div>\n<\/div>\n<\/article>\n<div class=\"pointer-events-none h-px w-px\" aria-hidden=\"true\" data-edge=\"true\"><\/div>","protected":false},"featured_media":3105,"comment_status":"open","ping_status":"closed","template":"","meta":[],"product_brand":[],"product_cat":[122],"product_tag":[],"class_list":{"0":"post-3104","1":"product","2":"type-product","3":"status-publish","4":"has-post-thumbnail","6":"product_cat-al-fakher-crown-bar-hypermax-15000","8":"first","9":"instock","10":"sale","11":"shipping-taxable","12":"purchasable","13":"product-type-simple"},"jetpack_sharing_enabled":true,"_links":{"self":[{"href":"https:\/\/alfakherwelt.de\/ro\/wp-json\/wp\/v2\/product\/3104","targetHints":{"allow":["GET"]}}],"collection":[{"href":"https:\/\/alfakherwelt.de\/ro\/wp-json\/wp\/v2\/product"}],"about":[{"href":"https:\/\/alfakherwelt.de\/ro\/wp-json\/wp\/v2\/types\/product"}],"replies":[{"embeddable":true,"href":"https:\/\/alfakherwelt.de\/ro\/wp-json\/wp\/v2\/comments?post=3104"}],"wp:featuredmedia":[{"embeddable":true,"href":"https:\/\/alfakherwelt.de\/ro\/wp-json\/wp\/v2\/media\/3105"}],"wp:attachment":[{"href":"https:\/\/alfakherwelt.de\/ro\/wp-json\/wp\/v2\/media?parent=3104"}],"wp:term":[{"taxonomy":"product_brand","embeddable":true,"href":"https:\/\/alfakherwelt.de\/ro\/wp-json\/wp\/v2\/product_brand?post=3104"},{"taxonomy":"product_cat","embeddable":true,"href":"https:\/\/alfakherwelt.de\/ro\/wp-json\/wp\/v2\/product_cat?post=3104"},{"taxonomy":"product_tag","embeddable":true,"href":"https:\/\/alfakherwelt.de\/ro\/wp-json\/wp\/v2\/product_tag?post=3104"}],"curies":[{"name":"wp","href":"https:\/\/api.w.org\/{rel}","templated":true}]}}