{"id":3045,"date":"2025-04-11T02:21:19","date_gmt":"2025-04-11T02:21:19","guid":{"rendered":"https:\/\/alfakherwelt.de\/?post_type=product&#038;p=3045"},"modified":"2025-09-06T00:50:26","modified_gmt":"2025-09-06T00:50:26","slug":"request-failed-with-status-code-643","status":"publish","type":"product","link":"https:\/\/alfakherwelt.de\/ro\/produs\/request-failed-with-status-code-643\/","title":{"rendered":"Fumot RandM Tornado 7000 de trag\u0103ri \u021bigar\u0103 electronic\u0103 de unic\u0103 folosin\u021b\u0103 \u2013 BLACKCURRANT ICE"},"content":{"rendered":"<div style=\"width: 1020px;\" class=\"wp-video\"><video class=\"wp-video-shortcode\" id=\"video-3045-1\" width=\"1020\" height=\"574\" preload=\"metadata\" controls=\"controls\"><source type=\"video\/mp4\" src=\"https:\/\/alfakherwelt.de\/wp-content\/uploads\/2025\/04\/Fumot-RandM-Tornado-7000.mp4?_=1\" \/><a href=\"https:\/\/alfakherwelt.de\/wp-content\/uploads\/2025\/04\/Fumot-RandM-Tornado-7000.mp4\">https:\/\/alfakherwelt.de\/wp-content\/uploads\/2025\/04\/Fumot-RandM-Tornado-7000.mp4<\/a><\/video><\/div>\n<h2><strong data-start=\"3\" data-end=\"85\">Fumot<a href=\"https:\/\/alfakherwelt.de\/ro\/categorie-de-produse\/request-failed-with-status-code-648\/\"> RandM Tornado 7000<\/a> Trenuri de unic\u0103 folosin\u021b\u0103 E-Zigar\u0103 - Pentru cunosc\u0103tori preten\u021bio\u0219i<\/strong><\/h2>\n<p class=\"\" data-start=\"87\" data-end=\"660\">Bun venit \u00eentr-o nou\u0103 er\u0103 a vaporiz\u0103rii! Cu ajutorul <strong data-start=\"137\" data-end=\"189\">Fumot RandM Tornado 7000 de trag\u0103ri \u021bigar\u0103 electronic\u0103 de unic\u0103 folosin\u021b\u0103<\/strong> Experimenta\u021bi o experien\u021b\u0103 de vape superioar\u0103, at\u00e2t din punct de vedere al gustului, c\u00e2t \u0219i al tehnologiei - personalizat\u0103, elegant\u0103 \u0219i intens\u0103. Ca furnizor principal pe <strong data-start=\"326\" data-end=\"345\">alfakherwelt.de<\/strong>, cel mai mare magazin online de e-\u021bigarete de unic\u0103 folosin\u021b\u0103 din Germania, v\u0103 prezent\u0103m un dispozitiv care une\u0219te perfect designul, performan\u021ba \u0219i varietatea. Descoperi\u021bi ce \u00eenseamn\u0103 cu adev\u0103rat vaporizarea modern\u0103 \u2013 <strong data-start=\"552\" data-end=\"567\">cu nicotin\u0103<\/strong>cu o performan\u021b\u0103 puternic\u0103 \u0219i o varietate de arome care nu las\u0103 loc pentru dorin\u021be.<\/p>\n<hr class=\"\" data-start=\"662\" data-end=\"665\" \/>\n<h3 data-start=\"667\" data-end=\"724\"><strong data-start=\"670\" data-end=\"724\">Descrierea produsului \u2013 Modern, puternic \u0219i stilat<\/strong><\/h3>\n<p class=\"\" data-start=\"726\" data-end=\"1069\">Fumot RandM Tornado impresioneaz\u0103 printr-un design de art\u0103 stradal\u0103 stilat, care atrage imediat aten\u021bia. Dar adev\u0103ratul s\u0103u poten\u021bial se afl\u0103 \u00een tehnologia inovatoare: un rezervor generos de 14 ml, bateria integrat\u0103 de 1000 mAh \u0219i p\u00e2n\u0103 la <strong data-start=\"957\" data-end=\"970\">7000 trenuri<\/strong> face\u021bi acestea <strong data-start=\"984\" data-end=\"1006\">E-Zigarette de unic\u0103 folosin\u021b\u0103<\/strong> pentru un adev\u0103rat alerg\u0103tor de anduran\u021b\u0103 - ideal pentru via\u021ba de zi cu zi \u0219i pentru deplas\u0103ri.<\/p>\n<p class=\"\" data-start=\"1071\" data-end=\"1467\">Mul\u021bumesc <strong data-start=\"1076\" data-end=\"1101\">Tehnologie Mesh Coil<\/strong> Bucura\u021bi-v\u0103 de un gust intens la fiecare aspirare, \u00een timp ce piesa bucal\u0103 moale din silicon alimentar asigur\u0103 confort maxim. <strong data-start=\"1244\" data-end=\"1263\">Iluminare RGB<\/strong> rundeteaz\u0103 experien\u021ba optic\u0103 \u00een culori vii \u2013 pentru to\u021bi cei care iubesc s\u0103 vapeze cu stil. Cel individual <strong data-start=\"1362\" data-end=\"1386\">flux de aer reglabil<\/strong> v\u0103 permite, de asemenea, s\u0103 regla\u021bi rezisten\u021ba la trac\u021biune exact dup\u0103 dorin\u021ba dvs.<\/p>\n<hr class=\"\" data-start=\"1469\" data-end=\"1472\" \/>\n<h3 data-start=\"1474\" data-end=\"1520\"><strong data-start=\"1477\" data-end=\"1520\">Punctele forte \u0219i func\u021biile la o privire<\/strong><\/h3>\n<ul data-start=\"1522\" data-end=\"2355\">\n<li class=\"\" data-start=\"1522\" data-end=\"1609\">\n<p class=\"\" data-start=\"1524\" data-end=\"1609\">\u2705 <strong data-start=\"1526\" data-end=\"1551\">Volum mare de lichid:<\/strong> 14 ml de lichid electronic preumplut - nu necesit\u0103 reumplere<\/p>\n<\/li>\n<li class=\"\" data-start=\"1610\" data-end=\"1687\">\n<p class=\"\" data-start=\"1612\" data-end=\"1687\">\u2705 <strong data-start=\"1614\" data-end=\"1629\">Reichweite: \n Portata:<\/strong> P\u00e2n\u0103 la 7000 de trenuri pe dispozitiv - durabil \u0219i puternic<\/p>\n<\/li>\n<li class=\"\" data-start=\"1688\" data-end=\"1786\">\n<p class=\"\" data-start=\"1690\" data-end=\"1786\">\u2705 <strong data-start=\"1692\" data-end=\"1712\">Op\u021biuni de nicotin\u0103:<\/strong> Op\u021bional cu 0%, 2%, 3% sau 5% nicotin\u0103 - pentru nevoi individuale<\/p>\n<\/li>\n<li class=\"\" data-start=\"1787\" data-end=\"1861\">\n<p class=\"\" data-start=\"1789\" data-end=\"1861\">\u2705 <strong data-start=\"1791\" data-end=\"1805\">Mesh Coil<\/strong> Asigur\u0103 un gust intens \u0219i nori de vapori densi<\/p>\n<\/li>\n<li class=\"\" data-start=\"1862\" data-end=\"1941\">\n<p class=\"\" data-start=\"1864\" data-end=\"1941\">\u2705 <strong data-start=\"1866\" data-end=\"1893\">Baterie re\u00eenc\u0103rcabil\u0103<\/strong> Baterie integrat\u0103 de 1000 mAh \u2013 compatibil\u0103 cu USB-C<\/p>\n<\/li>\n<li class=\"\" data-start=\"1942\" data-end=\"2016\">\n<p class=\"\" data-start=\"1944\" data-end=\"2016\">\u2705 <strong data-start=\"1946\" data-end=\"1971\">Reglarea fluxului de aer:<\/strong> Reglarea fin\u0103 a rezisten\u021bei la trac\u021biune posibil\u0103<\/p>\n<\/li>\n<li class=\"\" data-start=\"2017\" data-end=\"2095\">\n<p class=\"\" data-start=\"2019\" data-end=\"2095\">\u2705 <strong data-start=\"2021\" data-end=\"2041\">Efect de lumin\u0103 RGB:<\/strong> \u0218ase culori pentru o experien\u021b\u0103 vizual\u0103 pl\u0103cut\u0103<\/p>\n<\/li>\n<li class=\"\" data-start=\"2096\" data-end=\"2181\">\n<p class=\"\" data-start=\"2098\" data-end=\"2181\">\u2705 <strong data-start=\"2100\" data-end=\"2122\">Prietenos cu afi\u0219ajul:<\/strong> 10 buc\u0103\u021bi \u00een cutia de afi\u0219are - ideal pentru rev\u00e2nzare<\/p>\n<\/li>\n<li class=\"\" data-start=\"2182\" data-end=\"2274\">\n<p class=\"\" data-start=\"2184\" data-end=\"2274\">\u2705 <strong data-start=\"2186\" data-end=\"2209\">Arome versatile:<\/strong> 20 de arome disponibile, 5 dintre ele sunt descrise \u00een detaliu mai jos<\/p>\n<\/li>\n<li class=\"\" data-start=\"2275\" data-end=\"2355\">\n<p class=\"\" data-start=\"2277\" data-end=\"2355\">\u2705 <strong data-start=\"2279\" data-end=\"2304\">Manipulare pl\u0103cut\u0103:<\/strong> Piesa bucal\u0103 cauciucat\u0103 pentru o experien\u021b\u0103 de tragere confortabil\u0103<\/p>\n<\/li>\n<\/ul>\n<hr class=\"\" data-start=\"2357\" data-end=\"2360\" \/>\n<h3 data-start=\"2362\" data-end=\"2416\"><strong data-start=\"2365\" data-end=\"2416\">De ce ar trebui s\u0103 le <a href=\"https:\/\/alfakherwelt.de\/ro\/categorie-de-produse\/request-failed-with-status-code-648\/\">RandM Tornado 7000<\/a> ar trebui s\u0103 aleag\u0103<\/strong><\/h3>\n<p class=\"\" data-start=\"2418\" data-end=\"2761\">Aceast\u0103 \u021bigar\u0103 electronic\u0103 de unic\u0103 folosin\u021b\u0103 combin\u0103 ce e mai bun din tehnologie, gust \u0219i design - \u0219i se adreseaz\u0103 at\u00e2t vaperilor experimenta\u021bi, c\u00e2t \u0219i \u00eencep\u0103torilor. Reutilizarea datorit\u0103 func\u021biei de \u00eenc\u0103rcare economise\u0219te bani \u0219i protejeaz\u0103 resursele. \u00cen acela\u0219i timp, con\u021binutul ridicat al rezervorului ofer\u0103 flexibilitate maxim\u0103 - ideal pentru c\u0103l\u0103torii, evenimente sau ca \u00eenso\u021bitor zilnic.<\/p>\n<p class=\"\" data-start=\"2763\" data-end=\"3006\">Amestecul dintre performan\u021ba ridicat\u0103 \u0219i utilizarea u\u0219oar\u0103 face ca Fumot RandM Tornado 7000 s\u0103 fie unul dintre cele mai bune <strong data-start=\"2872\" data-end=\"2918\">Cele mai cump\u0103rate vape-uri de unic\u0103 folosin\u021b\u0103 \u00een Germania<\/strong> - \u0219i, desigur, disponibil exclusiv la <strong data-start=\"2959\" data-end=\"3005\"><a class=\"\" href=\"https:\/\/alfakherwelt.de\/ro\/\" target=\"_new\" rel=\"noopener\" data-start=\"2961\" data-end=\"3003\">alfakherwelt.de<\/a><\/strong>.<\/p>\n<hr class=\"\" data-start=\"3008\" data-end=\"3011\" \/>\n<h3 data-start=\"3013\" data-end=\"3065\"><strong data-start=\"3016\" data-end=\"3065\">Experimenta\u021bi gustul - Arome \u00een detaliu<\/strong><\/h3>\n<p class=\"\" data-start=\"3067\" data-end=\"3321\"><strong data-start=\"3067\" data-end=\"3090\">\u00a0Blackcurrant Ice<\/strong><br data-start=\"3090\" data-end=\"3093\" \/>Un gust puternic \u0219i fructat de coac\u0103ze negre mature se \u00eent\u00e2lne\u0219te cu o not\u0103 de mentol proasp\u0103t. Rezultatul: un echilibru perfect \u00eentre dulce \u0219i \u00eenghe\u021bat - ca un mocktail de fructe de p\u0103dure rece \u00een zilele calde de var\u0103.<\/p>\n<hr class=\"\" data-start=\"4153\" data-end=\"4156\" \/>\n<h3 data-start=\"4158\" data-end=\"4195\"><strong data-start=\"4161\" data-end=\"4195\">\u00centreb\u0103ri frecvente \u2013 FAQs<\/strong><\/h3>\n<p class=\"\" data-start=\"4197\" data-end=\"4329\"><strong data-start=\"4197\" data-end=\"4253\">Ist die Fumot RandM Tornado 7000 wiederaufladbar?<\/strong><br data-start=\"4253\" data-end=\"4256\" \/>Da. Bateria integrat\u0103 de 1000 mAh poate fi re\u00eenc\u0103rcat\u0103 cu u\u0219urin\u021b\u0103 prin USB-C.<\/p>\n<p class=\"\" data-start=\"4331\" data-end=\"4418\"><strong data-start=\"4331\" data-end=\"4363\">C\u00e2t dureaz\u0103 un dispozitiv?<\/strong><br data-start=\"4363\" data-end=\"4366\" \/>P\u00e2n\u0103 la 7000 de trageri, \u00een func\u021bie de comportamentul individual de tragere.<\/p>\n<p class=\"\" data-start=\"4420\" data-end=\"4539\"><strong data-start=\"4420\" data-end=\"4467\">Da, exist\u0103 diferite puncte forte de nicotin\u0103?<\/strong><br data-start=\"4467\" data-end=\"4470\" \/>Da, disponibil \u00een 0%, 2%, 3% \u0219i 5% \u2013 \u00een func\u021bie de preferin\u021b\u0103 \u0219i experien\u021b\u0103.<\/p>\n<p class=\"\" data-start=\"4541\" data-end=\"4676\"><strong data-start=\"4541\" data-end=\"4589\">Ist diese E-Zigarette anf\u00e4ngerfreundlich?<\/strong><br data-start=\"4589\" data-end=\"4592\" \/>Absolut. Nici umplerea, nici schimbarea bobinei, doar despacheta\u021bi, \u00eenc\u0103rca\u021bi \u0219i bucura\u021bi-v\u0103.<\/p>\n<p class=\"\" data-start=\"4678\" data-end=\"4842\"><strong data-start=\"4678\" data-end=\"4728\">Wo kann ich die Fumot RandM Tornado kaufen?<\/strong><br data-start=\"4728\" data-end=\"4731\" \/>Doar pe <strong data-start=\"4739\" data-end=\"4785\"><a class=\"\" href=\"https:\/\/alfakherwelt.de\/ro\/\" target=\"_new\" rel=\"noopener\" data-start=\"4741\" data-end=\"4783\">alfakherwelt.de<\/a><\/strong> \u2013 Expertul dvs. pentru \u021big\u0103ri electronice de unic\u0103 folosin\u021b\u0103 \u00een Germania.<\/p>\n<hr class=\"\" data-start=\"4844\" data-end=\"4847\" \/>\n<h3 data-start=\"4849\" data-end=\"4909\"><strong data-start=\"4852\" data-end=\"4909\">Acum cump\u0103ra\u021bi \u0219i vapora\u021bi - exclusiv pe alfakherwelt.de<\/strong><\/h3>\n<p class=\"\" data-start=\"4911\" data-end=\"5329\">Dac\u0103 sunte\u021bi \u00een c\u0103utarea calit\u0103\u021bii, diversit\u0103\u021bii \u0219i unei experien\u021be de vaporizare stilizate, este <strong data-start=\"5007\" data-end=\"5054\">Fumot RandM Tornado 7000 \u021bigar\u0103 electronic\u0103 de unic\u0103 folosin\u021b\u0103<\/strong> Prima alegere a dvs. Comanda\u021bi acum comod pe <strong data-start=\"5103\" data-end=\"5149\"><a class=\"\" href=\"https:\/\/alfakherwelt.de\/ro\/\" target=\"_new\" rel=\"noopener\" data-start=\"5105\" data-end=\"5147\">alfakherwelt.de<\/a><\/strong> \u2013 Nr. 1 pentru <strong data-start=\"5168\" data-end=\"5202\">e-\u021bigar\u0103 de unic\u0103 folosin\u021b\u0103 cu nicotin\u0103<\/strong> \u00een <strong data-start=\"5206\" data-end=\"5221\">Deutschland<\/strong>Aici g\u0103si\u021bi \u00eentreaga gam\u0103 de produse, cele mai bune pre\u021buri \u0219i livrare rapid\u0103 direct la domiciliul dumneavoastr\u0103.<\/p>","protected":false},"excerpt":{"rendered":"<div class=\"flex-shrink-0 flex flex-col relative items-end\">\n<div class=\"pt-0\">\n<div class=\"gizmo-shadow-stroke flex h-8 w-8 items-center justify-center overflow-hidden rounded-full\">\n<div class=\"h-full w-full\">\n<div class=\"flex-shrink-0 flex flex-col relative items-end\">\n<div class=\"pt-0\">\n<div class=\"gizmo-shadow-stroke flex h-8 w-8 items-center justify-center overflow-hidden rounded-full\">\n<div class=\"h-full w-full\">\n<div class=\"gizmo-shadow-stroke overflow-hidden rounded-full\">\n<div class=\"flex-1 overflow-hidden\">\n<div class=\"h-full\">\n<div class=\"react-scroll-to-bottom--css-nphjn-79elbk h-full\">\n<div class=\"react-scroll-to-bottom--css-nphjn-1n7m0yu\">\n<div class=\"flex flex-col text-sm md:pb-9\">\n<article class=\"w-full scroll-mb-[var(--thread-trailing-height,150px)] text-token-text-primary focus-visible:outline-2 focus-visible:outline-offset-[-4px]\" dir=\"auto\" data-testid=\"conversation-turn-5\" data-scroll-anchor=\"true\">\n<div class=\"m-auto text-base py-[18px] px-3 md:px-4 w-full md:px-5 lg:px-4 xl:px-5\">\n<div class=\"mx-auto flex flex-1 gap-4 text-base md:gap-5 lg:gap-6 md:max-w-3xl lg:max-w-[40rem] xl:max-w-[48rem]\">\n<div class=\"group\/conversation-turn relative flex w-full min-w-0 flex-col agent-turn\">\n<div class=\"flex-col gap-1 md:gap-3\">\n<div class=\"flex max-w-full flex-col flex-grow\">\n<div class=\"min-h-8 text-message flex w-full flex-col items-end gap-2 whitespace-normal break-words [.text-message+&amp;]:mt-5\" dir=\"auto\" data-message-author-role=\"assistant\" data-message-id=\"1982dcee-f0f5-4cfa-a269-fdbaed43d922\" data-message-model-slug=\"gpt-4o\">\n<div class=\"flex w-full flex-col gap-1 empty:hidden first:pt-[3px]\">\n<div class=\"markdown prose w-full break-words dark:prose-invert light\">\n<div class=\"flex-1 overflow-hidden\">\n<div class=\"h-full\">\n<div class=\"react-scroll-to-bottom--css-xrsce-79elbk h-full\">\n<div class=\"react-scroll-to-bottom--css-xrsce-1n7m0yu\">\n<div class=\"flex flex-col text-sm md:pb-9\">\n<article class=\"w-full scroll-mb-[var(--thread-trailing-height,150px)] text-token-text-primary focus-visible:outline-2 focus-visible:outline-offset-[-4px]\" dir=\"auto\" data-testid=\"conversation-turn-5\" data-scroll-anchor=\"true\">\n<div class=\"m-auto text-base py-[18px] px-3 md:px-4 w-full md:px-5 lg:px-4 xl:px-5\">\n<div class=\"mx-auto flex flex-1 gap-4 text-base md:gap-5 lg:gap-6 md:max-w-3xl lg:max-w-[40rem] xl:max-w-[48rem]\">\n<div class=\"group\/conversation-turn relative flex w-full min-w-0 flex-col agent-turn\">\n<div class=\"flex-col gap-1 md:gap-3\">\n<div class=\"flex max-w-full flex-col flex-grow\">\n<div class=\"min-h-8 text-message flex w-full flex-col items-end gap-2 whitespace-normal break-words [.text-message+&amp;]:mt-5\" dir=\"auto\" data-message-author-role=\"assistant\" data-message-id=\"1a0c8d71-a6be-4cc9-b460-deb3e7ecbf47\" data-message-model-slug=\"gpt-4o\">\n<div class=\"flex w-full flex-col gap-1 empty:hidden first:pt-[3px]\">\n<div class=\"markdown prose w-full break-words dark:prose-invert light\">\n<div class=\"flex-1 overflow-hidden\">\n<div class=\"h-full\">\n<div class=\"react-scroll-to-bottom--css-gqbzc-79elbk h-full\">\n<div class=\"react-scroll-to-bottom--css-gqbzc-1n7m0yu\">\n<div class=\"flex flex-col text-sm md:pb-9\">\n<article class=\"w-full scroll-mb-[var(--thread-trailing-height,150px)] text-token-text-primary focus-visible:outline-2 focus-visible:outline-offset-[-4px]\" dir=\"auto\" data-testid=\"conversation-turn-5\" data-scroll-anchor=\"true\">\n<div class=\"m-auto text-base py-[18px] px-3 md:px-4 w-full md:px-5 lg:px-4 xl:px-5\">\n<div class=\"mx-auto flex flex-1 gap-4 text-base md:gap-5 lg:gap-6 md:max-w-3xl lg:max-w-[40rem] xl:max-w-[48rem]\">\n<div class=\"group\/conversation-turn relative flex w-full min-w-0 flex-col agent-turn\">\n<div class=\"flex-col gap-1 md:gap-3\">\n<div class=\"flex max-w-full flex-col flex-grow\">\n<div class=\"min-h-8 text-message flex w-full flex-col items-end gap-2 whitespace-normal break-words [.text-message+&amp;]:mt-5\" dir=\"auto\" data-message-author-role=\"assistant\" data-message-id=\"ca066132-0777-4603-995e-a689971b3380\" data-message-model-slug=\"gpt-4o\">\n<div class=\"flex w-full flex-col gap-1 empty:hidden first:pt-[3px]\">\n<div class=\"markdown prose w-full break-words dark:prose-invert light\">\n<div class=\"flex-1 overflow-hidden @container\/thread\">\n<div class=\"h-full\">\n<div class=\"react-scroll-to-bottom--css-gpzqy-79elbk h-full\">\n<div class=\"react-scroll-to-bottom--css-gpzqy-1n7m0yu\">\n<div class=\"flex flex-col text-sm md:pb-9\">\n<article class=\"w-full scroll-mb-[var(--thread-trailing-height,150px)] text-token-text-primary focus-visible:outline-2 focus-visible:outline-offset-[-4px]\" dir=\"auto\" data-testid=\"conversation-turn-5\" data-scroll-anchor=\"true\">\n<div class=\"m-auto text-base py-[18px] px-3 md:px-4 w-full md:px-5 lg:px-4 xl:px-5\">\n<div class=\"mx-auto flex flex-1 gap-4 text-base md:gap-5 lg:gap-6 md:max-w-3xl lg:max-w-[40rem] xl:max-w-[48rem]\">\n<div class=\"group\/conversation-turn relative flex w-full min-w-0 flex-col agent-turn\">\n<div class=\"flex-col gap-1 md:gap-3\">\n<div class=\"flex max-w-full flex-col flex-grow\">\n<div class=\"min-h-8 text-message flex w-full flex-col items-end gap-2 whitespace-normal break-words text-start [.text-message+&amp;]:mt-5\" dir=\"auto\" data-message-author-role=\"assistant\" data-message-id=\"cc8163e2-8afa-47f6-9377-d3d67a4f118b\" data-message-model-slug=\"gpt-4o\">\n<div class=\"flex w-full flex-col gap-1 empty:hidden first:pt-[3px]\">\n<div class=\"markdown prose w-full break-words dark:prose-invert light\">\n<p>Die <strong data-start=\"4\" data-end=\"56\">Fumot RandM Tornado 7000 de trag\u0103ri \u021bigar\u0103 electronic\u0103 de unic\u0103 folosin\u021b\u0103<\/strong> combin\u0103 design stilat, gust intens, p\u00e2n\u0103 la 7000 de pufuri \u0219i o gam\u0103 larg\u0103 de arome - exclusiv disponibil pe <strong data-start=\"182\" data-end=\"201\">alfakherwelt.de<\/strong>, cel mai mare magazin online de vape-uri de unic\u0103 folosin\u021b\u0103 din Germania.<\/p>\n<\/div>\n<\/div>\n<\/div>\n<\/div>\n<\/div>\n<\/div>\n<\/div>\n<\/div>\n<\/article>\n<\/div>\n<\/div>\n<\/div>\n<\/div>\n<\/div>\n<\/div>\n<\/div>\n<\/div>\n<\/div>\n<\/div>\n<\/div>\n<\/div>\n<\/div>\n<\/article>\n<\/div>\n<\/div>\n<\/div>\n<\/div>\n<\/div>\n<\/div>\n<\/div>\n<\/div>\n<\/div>\n<\/div>\n<\/div>\n<\/div>\n<\/div>\n<\/article>\n<\/div>\n<\/div>\n<\/div>\n<\/div>\n<\/div>\n<\/div>\n<\/div>\n<\/div>\n<\/div>\n<div class=\"pr-2 lg:pr-0\"><\/div>\n<div class=\"mt-3 w-full empty:hidden\">\n<div class=\"text-center\"><\/div>\n<\/div>\n<\/div>\n<div class=\"absolute\">\n<div class=\"flex items-center justify-center\"><\/div>\n<\/div>\n<\/div>\n<\/div>\n<\/div>\n<\/article>\n<\/div>\n<\/div>\n<\/div>\n<\/div>\n<\/div>\n<div class=\"md:pt-0 dark:border-white\/20 md:border-transparent md:dark:border-transparent w-full\">\n<div>\n<div class=\"m-auto text-base px-3 md:px-4 w-full md:px-5 lg:px-4 xl:px-5\">\n<div class=\"mx-auto flex flex-1 gap-4 text-base md:gap-5 lg:gap-6 md:max-w-3xl lg:max-w-[40rem] xl:max-w-[48rem]\">\n<div class=\"flex justify-center\"><\/div>\n<\/div>\n<\/div>\n<\/div>\n<\/div>\n<\/div>\n<\/div>\n<\/div>\n<\/div>\n<\/div>\n<\/div>\n<\/div>\n<\/div>\n<\/div>","protected":false},"featured_media":3046,"comment_status":"open","ping_status":"closed","template":"","meta":[],"product_brand":[],"product_cat":[121],"product_tag":[],"class_list":{"0":"post-3045","1":"product","2":"type-product","3":"status-publish","4":"has-post-thumbnail","6":"product_cat-fumot-tornado-7000","8":"first","9":"instock","10":"sale","11":"shipping-taxable","12":"purchasable","13":"product-type-simple"},"jetpack_sharing_enabled":true,"_links":{"self":[{"href":"https:\/\/alfakherwelt.de\/ro\/wp-json\/wp\/v2\/product\/3045","targetHints":{"allow":["GET"]}}],"collection":[{"href":"https:\/\/alfakherwelt.de\/ro\/wp-json\/wp\/v2\/product"}],"about":[{"href":"https:\/\/alfakherwelt.de\/ro\/wp-json\/wp\/v2\/types\/product"}],"replies":[{"embeddable":true,"href":"https:\/\/alfakherwelt.de\/ro\/wp-json\/wp\/v2\/comments?post=3045"}],"wp:featuredmedia":[{"embeddable":true,"href":"https:\/\/alfakherwelt.de\/ro\/wp-json\/wp\/v2\/media\/3046"}],"wp:attachment":[{"href":"https:\/\/alfakherwelt.de\/ro\/wp-json\/wp\/v2\/media?parent=3045"}],"wp:term":[{"taxonomy":"product_brand","embeddable":true,"href":"https:\/\/alfakherwelt.de\/ro\/wp-json\/wp\/v2\/product_brand?post=3045"},{"taxonomy":"product_cat","embeddable":true,"href":"https:\/\/alfakherwelt.de\/ro\/wp-json\/wp\/v2\/product_cat?post=3045"},{"taxonomy":"product_tag","embeddable":true,"href":"https:\/\/alfakherwelt.de\/ro\/wp-json\/wp\/v2\/product_tag?post=3045"}],"curies":[{"name":"wp","href":"https:\/\/api.w.org\/{rel}","templated":true}]}}