{"id":3022,"date":"2025-04-10T03:03:53","date_gmt":"2025-04-10T03:03:53","guid":{"rendered":"https:\/\/alfakherwelt.de\/?post_type=product&#038;p=3022"},"modified":"2025-05-12T07:48:45","modified_gmt":"2025-05-12T07:48:45","slug":"request-failed-with-status-code-639","status":"publish","type":"product","link":"https:\/\/alfakherwelt.de\/ro\/produs\/request-failed-with-status-code-639\/","title":{"rendered":"Vozol gear 10000 de trageri \u021bigar\u0103 electronic\u0103 de unic\u0103 folosin\u021b\u0103 \u2013 P\u00easic\u0103 mango pepene verde"},"content":{"rendered":"<p><img loading=\"lazy\" decoding=\"async\" class=\"alignnone wp-image-3014 size-full\" src=\"https:\/\/alfakherwelt.de\/wp-content\/uploads\/2025\/04\/vozol-gear-10000-web-scaled.webp\" alt=\"Vozol gear 10000 de trageri \u021bigar\u0103 electronic\u0103 de unic\u0103 folosin\u021b\u0103 - P\u0103r, mango, pepene verde\" width=\"458\" height=\"2560\" title=\"\" srcset=\"https:\/\/alfakherwelt.de\/wp-content\/uploads\/2025\/04\/vozol-gear-10000-web-scaled.webp 458w, https:\/\/alfakherwelt.de\/wp-content\/uploads\/2025\/04\/vozol-gear-10000-web-183x1024.webp 183w, https:\/\/alfakherwelt.de\/wp-content\/uploads\/2025\/04\/vozol-gear-10000-web-768x4295.webp 768w, https:\/\/alfakherwelt.de\/wp-content\/uploads\/2025\/04\/vozol-gear-10000-web-275x1536.webp 275w, https:\/\/alfakherwelt.de\/wp-content\/uploads\/2025\/04\/vozol-gear-10000-web-2x12.webp 2w\" sizes=\"auto, (max-width: 458px) 100vw, 458px\" \/><\/p>\n<h2 data-start=\"0\" data-end=\"88\"><\/h2>\n<h2 data-start=\"0\" data-end=\"88\"><span class=\"relative -mx-px my-[-0.2rem] rounded px-px py-[0.2rem] transition-colors duration-100 ease-in-out\"><strong data-start=\"0\" data-end=\"44\" data-is-last-node=\"\" data-is-only-node=\"\"><a href=\"https:\/\/alfakherwelt.de\/ro\/categorie-de-produse\/request-failed-with-status-code-636\/\">Vozol Gear 10000 de trageri<\/a> E-Zigarette de unic\u0103 folosin\u021b\u0103<\/strong><\/span>Nu a fost furnizat niciun text \u00een limba german\u0103 pentru a fi tradus \u00een limba rom\u00e2n\u0103. V\u0103 rog furniza\u021bi textul care urmeaz\u0103 a fi tradus.<\/h2>\n<h3 data-start=\"90\" data-end=\"112\">Descrierea produsului<\/h3>\n<p class=\"\" data-start=\"114\" data-end=\"271\"><span class=\"relative -mx-px my-[-0.2rem] rounded px-px py-[0.2rem] transition-colors duration-100 ease-in-out\">Die <strong data-start=\"4\" data-end=\"48\">Vozol Gear 10000 de trageri \u021bigar\u0103 electronic\u0103 de unic\u0103 folosin\u021b\u0103<\/strong> Redefine\u0219te experien\u021ba de vaporizare \u0219i combin\u0103 tehnologia de ultim\u0103 or\u0103 cu un design remarcabil.<\/span> <span class=\"relative -mx-px my-[-0.2rem] rounded px-px py-[0.2rem] transition-colors duration-100 ease-in-out\">Acest dispozitiv a fost dezvoltat pentru vapori preten\u021bio\u0219i care apreciaz\u0103 calitatea, durabilitatea \u0219i gustul intens.<\/span> <span class=\"relative -mx-px my-[-0.2rem] rounded px-px py-[0.2rem] transition-colors duration-100 ease-in-out\">Cu o capacitate impresionant\u0103 de p\u00e2n\u0103 la 10.000 de pufuri \u0219i o varietate de arome exquizate, Vozol Gear 10000 ofer\u0103 o experien\u021b\u0103 de vaporizare de neegalat.<\/span>Nu a fost furnizat niciun text \u00een limba german\u0103 pentru a fi tradus \u00een limba rom\u00e2n\u0103. V\u0103 rog furniza\u021bi textul care urmeaz\u0103 a fi tradus.<\/p>\n<h3 data-start=\"273\" data-end=\"284\">Caracteristici<\/h3>\n<ul data-start=\"286\" data-end=\"1237\">\n<li class=\"\" data-start=\"286\" data-end=\"394\">\n<p class=\"\" data-start=\"288\" data-end=\"394\"><strong data-start=\"288\" data-end=\"311\">Capacitate enorm\u0103 de transport feroviar<\/strong>: <span class=\"relative -mx-px my-[-0.2rem] rounded px-px py-[0.2rem] transition-colors duration-100 ease-in-out\">Bucura\u021bi-v\u0103 de p\u00e2n\u0103 la 10.000 de pufuri, ceea ce permite o utilizare de lung\u0103 durat\u0103 f\u0103r\u0103 \u00eenlocuire frecvent\u0103.<\/span>Nu a fost furnizat niciun text \u00een limba german\u0103 pentru a fi tradus \u00een limba rom\u00e2n\u0103. V\u0103 rog furniza\u021bi textul care urmeaz\u0103 a fi tradus.<\/p>\n<\/li>\n<li class=\"\" data-start=\"395\" data-end=\"513\">\n<p class=\"\" data-start=\"397\" data-end=\"513\"><strong data-start=\"397\" data-end=\"430\">Capacitate generoas\u0103 de e-lichid<\/strong>: <span class=\"relative -mx-px my-[-0.2rem] rounded px-px py-[0.2rem] transition-colors duration-100 ease-in-out\">Dispozitivul este echipat cu 16 ml de lichid electronic de \u00eenalt\u0103 calitate, preumplut, care asigur\u0103 sesiuni lungi de vaporizare.<\/span>Nu a fost furnizat niciun text \u00een limba german\u0103 pentru a fi tradus \u00een limba rom\u00e2n\u0103. V\u0103 rog furniza\u021bi textul care urmeaz\u0103 a fi tradus.<\/p>\n<\/li>\n<li class=\"\" data-start=\"514\" data-end=\"634\">\n<p class=\"\" data-start=\"516\" data-end=\"634\"><strong data-start=\"516\" data-end=\"547\">Concentra\u021bie puternic\u0103 de nicotin\u0103<\/strong>: <span class=\"relative -mx-px my-[-0.2rem] rounded px-px py-[0.2rem] transition-colors duration-100 ease-in-out\">Cu un con\u021binut de nicotin\u0103 de 5% (50 mg) ofer\u0103 o experien\u021b\u0103 de vaporizare satisf\u0103c\u0103toare \u0219i intens\u0103.<\/span>Nu a fost furnizat niciun text \u00een limba german\u0103 pentru a fi tradus \u00een limba rom\u00e2n\u0103. V\u0103 rog furniza\u021bi textul care urmeaz\u0103 a fi tradus.<\/p>\n<\/li>\n<li class=\"\" data-start=\"635\" data-end=\"749\">\n<p class=\"\" data-start=\"637\" data-end=\"749\"><strong data-start=\"637\" data-end=\"662\">Baterie de \u00eencredere<\/strong>: <span class=\"relative -mx-px my-[-0.2rem] rounded px-px py-[0.2rem] transition-colors duration-100 ease-in-out\">Echipat cu o baterie de 500 mAh, care poate fi \u00eenc\u0103rcat\u0103 rapid \u0219i eficient printr-o conexiune de tip C.<\/span>Nu a fost furnizat niciun text \u00een limba german\u0103 pentru a fi tradus \u00een limba rom\u00e2n\u0103. V\u0103 rog furniza\u021bi textul care urmeaz\u0103 a fi tradus.<\/p>\n<\/li>\n<li class=\"\" data-start=\"750\" data-end=\"875\">\n<p class=\"\" data-start=\"752\" data-end=\"875\"><strong data-start=\"752\" data-end=\"788\">Tehnologie inovativ\u0103 cu bobin\u0103 de plas\u0103<\/strong>: <span class=\"relative -mx-px my-[-0.2rem] rounded px-px py-[0.2rem] transition-colors duration-100 ease-in-out\">Bobina avansat\u0103 Mesh asigur\u0103 o \u00eenc\u0103lzire uniform\u0103 \u0219i maximizeaz\u0103 gustul la fiecare tragere.<\/span>Nu a fost furnizat niciun text \u00een limba german\u0103 pentru a fi tradus \u00een limba rom\u00e2n\u0103. V\u0103 rog furniza\u021bi textul care urmeaz\u0103 a fi tradus.<\/p>\n<\/li>\n<li class=\"\" data-start=\"876\" data-end=\"998\">\n<p class=\"\" data-start=\"878\" data-end=\"998\"><strong data-start=\"878\" data-end=\"911\">Operare u\u0219or de utilizat<\/strong>: <span class=\"relative -mx-px my-[-0.2rem] rounded px-px py-[0.2rem] transition-colors duration-100 ease-in-out\">Datorit\u0103 activ\u0103rii prin tragere, nu este necesar\u0103 ap\u0103sarea niciunui buton - pur \u0219i simplu inhala\u021bi \u0219i bucura\u021bi-v\u0103.<\/span>Nu a fost furnizat niciun text \u00een limba german\u0103 pentru a fi tradus \u00een limba rom\u00e2n\u0103. V\u0103 rog furniza\u021bi textul care urmeaz\u0103 a fi tradus.<\/p>\n<\/li>\n<li class=\"\" data-start=\"999\" data-end=\"1114\">\n<p class=\"\" data-start=\"1001\" data-end=\"1114\"><strong data-start=\"1001\" data-end=\"1027\">Pies\u0103 bucal\u0103 igienic\u0103<\/strong>: <span class=\"relative -mx-px my-[-0.2rem] rounded px-px py-[0.2rem] transition-colors duration-100 ease-in-out\">Dispozitivul are un mecanism de protec\u021bie pentru piesa bucal\u0103, care o men\u021bine curat\u0103 \u0219i o protejeaz\u0103 de contamin\u0103ri.<\/span>Nu a fost furnizat niciun text \u00een limba german\u0103 pentru a fi tradus \u00een limba rom\u00e2n\u0103. V\u0103 rog furniza\u021bi textul care urmeaz\u0103 a fi tradus.<\/p>\n<\/li>\n<li class=\"\" data-start=\"1115\" data-end=\"1237\">\n<p class=\"\" data-start=\"1117\" data-end=\"1237\"><strong data-start=\"1117\" data-end=\"1150\">Materiale ecologice<\/strong>: <span class=\"relative -mx-px my-[-0.2rem] rounded px-px py-[0.2rem] transition-colors duration-100 ease-in-out\">Fabricat din 65% materiale PCR (reciclate post-consum), contribuie la reducerea amprentei ecologice.<\/span>Nu a fost furnizat niciun text \u00een limba german\u0103 pentru a fi tradus \u00een limba rom\u00e2n\u0103. V\u0103 rog furniza\u021bi textul care urmeaz\u0103 a fi tradus.<\/p>\n<\/li>\n<\/ul>\n<h3 data-start=\"1239\" data-end=\"1301\">De ce s\u0103 alege\u021bi pentru <a href=\"https:\/\/alfakherwelt.de\/ro\/categorie-de-produse\/request-failed-with-status-code-636\/\">Vozol Gear 10000<\/a> ar trebui s\u0103 decid\u0103<\/h3>\n<p class=\"\" data-start=\"1303\" data-end=\"1468\"><span class=\"relative -mx-px my-[-0.2rem] rounded px-px py-[0.2rem] transition-colors duration-100 ease-in-out\">Vozol Gear 10000 de trageri \u021bigar\u0103 electronic\u0103 de unic\u0103 folosin\u021b\u0103 ofer\u0103 o experien\u021b\u0103 de vaporizare de neegalat.<\/span> <span class=\"relative -mx-px my-[-0.2rem] rounded px-px py-[0.2rem] transition-colors duration-100 ease-in-out\">Combina\u021bia dintre capacitatea mare de trac\u021biune, aromele intense \u0219i designul u\u0219or de utilizat o fac alegerea ideal\u0103 pentru vapori care apreciaz\u0103 calitatea \u0219i confortul.<\/span> <span class=\"relative -mx-px my-[-0.2rem] rounded px-px py-[0.2rem] transition-colors duration-100 ease-in-out\">Designul s\u0103u elegant \u0219i portabil v\u0103 permite s\u0103 lua\u021bi dispozitivul oriunde, \u00een timp ce manipularea u\u0219oar\u0103 asigur\u0103 o vaporizare f\u0103r\u0103 probleme.<\/span>Nu a fost furnizat niciun text \u00een limba german\u0103 pentru a fi tradus \u00een limba rom\u00e2n\u0103. V\u0103 rog furniza\u021bi textul care urmeaz\u0103 a fi tradus.<\/p>\n<h3 data-start=\"1470\" data-end=\"1504\">Aromele disponibile<\/h3>\n<p class=\"\" data-start=\"1509\" data-end=\"1622\"><strong data-start=\"1509\" data-end=\"1535\">P\u0103r Mango Pepene verde<\/strong>: <span class=\"relative -mx-px my-[-0.2rem] rounded px-px py-[0.2rem] transition-colors duration-100 ease-in-out\">O amestec exotic de piersici suculente, mango dulce \u0219i pepene de ap\u0103 r\u0103coritor. Fiecare vapoare te transport\u0103 \u00eentr-un paradis tropical, unde notele dulci \u0219i suculente ale fructelor se amestec\u0103 \u00een armonie.<\/span>assistant\n\nThere is no text to translate.<\/p>\n<h3 data-start=\"1965\" data-end=\"1998\">\u00centreb\u0103ri frecvente (FAQ)<\/h3>\n<p class=\"\" data-start=\"2000\" data-end=\"2041\"><strong data-start=\"2000\" data-end=\"2041\">Da, Vozol Gear 10000 este re\u00eenc\u0103rcabil\u0103.<\/strong><\/p>\n<p class=\"\" data-start=\"2043\" data-end=\"2128\"><span class=\"relative -mx-px my-[-0.2rem] rounded px-px py-[0.2rem] transition-colors duration-100 ease-in-out\">Nu, este vorba despre o \u021bigar\u0103 electronic\u0103 de unic\u0103 folosin\u021b\u0103 care nu poate fi re\u00eenc\u0103rcat\u0103. Dup\u0103 atingerea num\u0103rului maxim de pufuri, dispozitivul trebuie s\u0103 fie eliminat corespunz\u0103tor.<\/span>Nu a fost furnizat niciun text \u00een limba german\u0103 pentru a fi tradus \u00een limba rom\u00e2n\u0103. V\u0103 rog furniza\u021bi textul care urmeaz\u0103 a fi tradus.<\/p>\n<p class=\"\" data-start=\"2130\" data-end=\"2162\"><strong data-start=\"2130\" data-end=\"2162\">C\u00e2t dureaz\u0103 bateria?<\/strong><\/p>\n<p class=\"\" data-start=\"2164\" data-end=\"2249\"><span class=\"relative -mx-px my-[-0.2rem] rounded px-px py-[0.2rem] transition-colors duration-100 ease-in-out\">Bateria de 500 mAh este conceput\u0103 pentru a sprijini \u00eentreaga capacitate de e-lichid. Dac\u0103 bateria se epuizeaz\u0103 \u00eenainte de consumul complet al e-lichidului, aceasta poate fi re\u00eenc\u0103rcat\u0103 rapid prin conexiunea de tip C.<\/span><\/p>\n<p class=\"\" data-start=\"2251\" data-end=\"2291\"><strong data-start=\"2251\" data-end=\"2291\">Este dispozitivul potrivit pentru \u00eencep\u0103tori?<\/strong><\/p>\n<p class=\"\" data-start=\"2293\" data-end=\"2378\"><span class=\"relative -mx-px my-[-0.2rem] rounded px-px py-[0.2rem] transition-colors duration-100 ease-in-out\">Da, Vozol Gear 10000 este ideal\u0103 at\u00e2t pentru \u00eencep\u0103tori, c\u00e2t \u0219i pentru vapori experimenta\u021bi, datorit\u0103 activ\u0103rii prin tragere \u0219i designului f\u0103r\u0103 \u00eentre\u021binere.<\/span>Nu a fost furnizat niciun text \u00een limba german\u0103 pentru a fi tradus \u00een limba rom\u00e2n\u0103. V\u0103 rog furniza\u021bi textul care urmeaz\u0103 a fi tradus.<\/p>\n<p class=\"\" data-start=\"2380\" data-end=\"2426\"><strong data-start=\"2380\" data-end=\"2426\">Vozol Gear 10000 kann bei verschiedenen H\u00e4ndlern oder Online-Shops erworben werden, die E-Zigaretten und Zubeh\u00f6r verkaufen. Es ist ratsam, vor dem Kauf Preise und Verf\u00fcgbarkeiten zu vergleichen.<\/strong><\/p>\n<p class=\"\" data-start=\"2428\" data-end=\"2513\"><span class=\"relative -mx-px my-[-0.2rem] rounded px-px py-[0.2rem] transition-colors duration-100 ease-in-out\">Pute\u021bi cump\u0103ra direct Vozol Gear 10000 de puffs de \u021bigar\u0103 electronic\u0103 de unic\u0103 folosin\u021b\u0103 de pe site-ul nostru web <a href=\"https:\/\/alfakherwelt.de\/ro\/\" target=\"_new\" rel=\"noopener noreferrer\" data-start=\"83\" data-end=\"125\">alfakherwelt.de<\/a> dob\u00e2ndi. Suntem cea mai mare platform\u0103 online pentru v\u00e2nzarea de \u021big\u0103ri electronice de unic\u0103 folosin\u021b\u0103 \u00een Germania \u0219i oferim o gam\u0103 larg\u0103 de arome \u0219i produse.<\/span>Nu a fost furnizat niciun text \u00een limba german\u0103 pentru a fi tradus \u00een limba rom\u00e2n\u0103. V\u0103 rog furniza\u021bi textul care urmeaz\u0103 a fi tradus.<\/p>\n<p class=\"\" data-start=\"2515\" data-end=\"2600\"><span class=\"relative -mx-px my-[-0.2rem] rounded px-px py-[0.2rem] transition-colors duration-100 ease-in-out\">Descoperi\u021bi lumea vapingului din nou cu dispozitivul de \u021bigar\u0103 electronic\u0103 de unic\u0103 folosin\u021b\u0103 Vozol Gear 10000 de pufuri \u2013 calitate, gust \u0219i confort combinate \u00eentr-un singur dispozitiv.<\/span><\/p>","protected":false},"excerpt":{"rendered":"<div class=\"flex-shrink-0 flex flex-col relative items-end\">\n<div class=\"pt-0\">\n<div class=\"gizmo-shadow-stroke flex h-8 w-8 items-center justify-center overflow-hidden rounded-full\">\n<div class=\"h-full w-full\">\n<div class=\"flex-shrink-0 flex flex-col relative items-end\">\n<div class=\"pt-0\">\n<div class=\"gizmo-shadow-stroke flex h-8 w-8 items-center justify-center overflow-hidden rounded-full\">\n<div class=\"h-full w-full\">\n<div class=\"gizmo-shadow-stroke overflow-hidden rounded-full\">\n<div class=\"flex-1 overflow-hidden\">\n<div class=\"h-full\">\n<div class=\"react-scroll-to-bottom--css-nphjn-79elbk h-full\">\n<div class=\"react-scroll-to-bottom--css-nphjn-1n7m0yu\">\n<div class=\"flex flex-col text-sm md:pb-9\">\n<article class=\"w-full scroll-mb-[var(--thread-trailing-height,150px)] text-token-text-primary focus-visible:outline-2 focus-visible:outline-offset-[-4px]\" dir=\"auto\" data-testid=\"conversation-turn-5\" data-scroll-anchor=\"true\">\n<div class=\"m-auto text-base py-[18px] px-3 md:px-4 w-full md:px-5 lg:px-4 xl:px-5\">\n<div class=\"mx-auto flex flex-1 gap-4 text-base md:gap-5 lg:gap-6 md:max-w-3xl lg:max-w-[40rem] xl:max-w-[48rem]\">\n<div class=\"group\/conversation-turn relative flex w-full min-w-0 flex-col agent-turn\">\n<div class=\"flex-col gap-1 md:gap-3\">\n<div class=\"flex max-w-full flex-col flex-grow\">\n<div class=\"min-h-8 text-message flex w-full flex-col items-end gap-2 whitespace-normal break-words [.text-message+&amp;]:mt-5\" dir=\"auto\" data-message-author-role=\"assistant\" data-message-id=\"1982dcee-f0f5-4cfa-a269-fdbaed43d922\" data-message-model-slug=\"gpt-4o\">\n<div class=\"flex w-full flex-col gap-1 empty:hidden first:pt-[3px]\">\n<div class=\"markdown prose w-full break-words dark:prose-invert light\">\n<div class=\"flex-1 overflow-hidden\">\n<div class=\"h-full\">\n<div class=\"react-scroll-to-bottom--css-xrsce-79elbk h-full\">\n<div class=\"react-scroll-to-bottom--css-xrsce-1n7m0yu\">\n<div class=\"flex flex-col text-sm md:pb-9\">\n<article class=\"w-full scroll-mb-[var(--thread-trailing-height,150px)] text-token-text-primary focus-visible:outline-2 focus-visible:outline-offset-[-4px]\" dir=\"auto\" data-testid=\"conversation-turn-5\" data-scroll-anchor=\"true\">\n<div class=\"m-auto text-base py-[18px] px-3 md:px-4 w-full md:px-5 lg:px-4 xl:px-5\">\n<div class=\"mx-auto flex flex-1 gap-4 text-base md:gap-5 lg:gap-6 md:max-w-3xl lg:max-w-[40rem] xl:max-w-[48rem]\">\n<div class=\"group\/conversation-turn relative flex w-full min-w-0 flex-col agent-turn\">\n<div class=\"flex-col gap-1 md:gap-3\">\n<div class=\"flex max-w-full flex-col flex-grow\">\n<div class=\"min-h-8 text-message flex w-full flex-col items-end gap-2 whitespace-normal break-words [.text-message+&amp;]:mt-5\" dir=\"auto\" data-message-author-role=\"assistant\" data-message-id=\"1a0c8d71-a6be-4cc9-b460-deb3e7ecbf47\" data-message-model-slug=\"gpt-4o\">\n<div class=\"flex w-full flex-col gap-1 empty:hidden first:pt-[3px]\">\n<div class=\"markdown prose w-full break-words dark:prose-invert light\">\n<div class=\"flex-1 overflow-hidden\">\n<div class=\"h-full\">\n<div class=\"react-scroll-to-bottom--css-gqbzc-79elbk h-full\">\n<div class=\"react-scroll-to-bottom--css-gqbzc-1n7m0yu\">\n<div class=\"flex flex-col text-sm md:pb-9\">\n<article class=\"w-full scroll-mb-[var(--thread-trailing-height,150px)] text-token-text-primary focus-visible:outline-2 focus-visible:outline-offset-[-4px]\" dir=\"auto\" data-testid=\"conversation-turn-5\" data-scroll-anchor=\"true\">\n<div class=\"m-auto text-base py-[18px] px-3 md:px-4 w-full md:px-5 lg:px-4 xl:px-5\">\n<div class=\"mx-auto flex flex-1 gap-4 text-base md:gap-5 lg:gap-6 md:max-w-3xl lg:max-w-[40rem] xl:max-w-[48rem]\">\n<div class=\"group\/conversation-turn relative flex w-full min-w-0 flex-col agent-turn\">\n<div class=\"flex-col gap-1 md:gap-3\">\n<div class=\"flex max-w-full flex-col flex-grow\">\n<div class=\"min-h-8 text-message flex w-full flex-col items-end gap-2 whitespace-normal break-words [.text-message+&amp;]:mt-5\" dir=\"auto\" data-message-author-role=\"assistant\" data-message-id=\"ca066132-0777-4603-995e-a689971b3380\" data-message-model-slug=\"gpt-4o\">\n<div class=\"flex w-full flex-col gap-1 empty:hidden first:pt-[3px]\">\n<div class=\"markdown prose w-full break-words dark:prose-invert light\">\n<div class=\"flex-1 overflow-hidden @container\/thread\">\n<div class=\"h-full\">\n<div class=\"react-scroll-to-bottom--css-rkqgb-79elbk h-full\">\n<div class=\"react-scroll-to-bottom--css-rkqgb-1n7m0yu\">\n<div class=\"flex flex-col text-sm md:pb-9\">\n<article class=\"w-full scroll-mb-[var(--thread-trailing-height,150px)] text-token-text-primary focus-visible:outline-2 focus-visible:outline-offset-[-4px]\" dir=\"auto\" data-testid=\"conversation-turn-9\" data-scroll-anchor=\"true\">\n<div class=\"m-auto text-base py-[18px] px-3 md:px-4 w-full md:px-5 lg:px-4 xl:px-5\">\n<div class=\"mx-auto flex flex-1 gap-4 text-base md:gap-5 lg:gap-6 md:max-w-3xl lg:max-w-[40rem] xl:max-w-[48rem]\">\n<div class=\"group\/conversation-turn relative flex w-full min-w-0 flex-col agent-turn\">\n<div class=\"flex-col gap-1 md:gap-3\">\n<div class=\"flex max-w-full flex-col flex-grow\">\n<div class=\"min-h-8 text-message flex w-full flex-col items-end gap-2 whitespace-normal break-words text-start [.text-message+&amp;]:mt-5\" dir=\"auto\" data-message-author-role=\"assistant\" data-message-id=\"87137e43-9a3e-4479-90ac-22c23781ee39\" data-message-model-slug=\"gpt-4o\">\n<div class=\"flex w-full flex-col gap-1 empty:hidden first:pt-[3px]\">\n<div class=\"markdown prose w-full break-words dark:prose-invert light\">\n<div class=\"flex-1 overflow-hidden @container\/thread\">\n<div class=\"h-full\">\n<div class=\"react-scroll-to-bottom--css-cgxka-79elbk h-full\">\n<div class=\"react-scroll-to-bottom--css-cgxka-1n7m0yu\">\n<div class=\"flex flex-col text-sm md:pb-9\">\n<article class=\"w-full scroll-mb-[var(--thread-trailing-height,150px)] text-token-text-primary focus-visible:outline-2 focus-visible:outline-offset-[-4px]\" dir=\"auto\" data-testid=\"conversation-turn-5\" data-scroll-anchor=\"true\">\n<div class=\"m-auto text-base py-[18px] px-3 md:px-4 w-full md:px-5 lg:px-4 xl:px-5\">\n<div class=\"mx-auto flex flex-1 gap-4 text-base md:gap-5 lg:gap-6 md:max-w-3xl lg:max-w-[40rem] xl:max-w-[48rem]\">\n<div class=\"group\/conversation-turn relative flex w-full min-w-0 flex-col agent-turn\">\n<div class=\"flex-col gap-1 md:gap-3\">\n<div class=\"flex max-w-full flex-col flex-grow\">\n<div class=\"min-h-8 text-message flex w-full flex-col items-end gap-2 whitespace-normal break-words text-start [.text-message+&amp;]:mt-5\" dir=\"auto\" data-message-author-role=\"assistant\" data-message-id=\"e1e13d20-b396-4dc4-abdf-40facc05c4de\" data-message-model-slug=\"gpt-4o\">\n<div class=\"flex w-full flex-col gap-1 empty:hidden first:pt-[3px]\">\n<div class=\"markdown prose w-full break-words dark:prose-invert light\">\n<article class=\"w-full text-token-text-primary focus-visible:outline-2 focus-visible:outline-offset-[-4px]\" dir=\"auto\" data-testid=\"conversation-turn-5\" data-scroll-anchor=\"true\">\n<div class=\"m-auto text-base py-[18px] px-6\">\n<div class=\"mx-auto flex flex-1 text-base gap-4 md:gap-5 lg:gap-6 md:max-w-3xl lg:max-w-[40rem] xl:max-w-[48rem]\">\n<div class=\"group\/conversation-turn relative flex w-full min-w-0 flex-col agent-turn @xs\/thread:px-0 @sm\/thread:px-1.5 @md\/thread:px-4\">\n<div class=\"flex-col gap-1 md:gap-3\">\n<div class=\"flex max-w-full flex-col flex-grow\">\n<div class=\"min-h-8 text-message relative flex w-full flex-col items-end gap-2 whitespace-normal break-words text-start [.text-message+&amp;]:mt-5\" dir=\"auto\" data-message-author-role=\"assistant\" data-message-id=\"51763e35-51b7-4975-b502-ef0fa0dda04b\" data-message-model-slug=\"gpt-4o\">\n<div class=\"flex w-full flex-col gap-1 empty:hidden first:pt-[3px]\">\n<div class=\"markdown prose w-full break-words dark:prose-invert light\">\n<article class=\"w-full text-token-text-primary focus-visible:outline-2 focus-visible:outline-offset-[-4px]\" dir=\"auto\" data-testid=\"conversation-turn-5\" data-scroll-anchor=\"true\">\n<div class=\"m-auto text-base py-[18px] px-6\">\n<div class=\"mx-auto flex flex-1 text-base gap-4 md:gap-5 lg:gap-6 md:max-w-3xl lg:max-w-[40rem] xl:max-w-[48rem]\">\n<div class=\"group\/conversation-turn relative flex w-full min-w-0 flex-col agent-turn @xs\/thread:px-0 @sm\/thread:px-1.5 @md\/thread:px-4\">\n<div class=\"flex-col gap-1 md:gap-3\">\n<div class=\"flex max-w-full flex-col flex-grow\">\n<div class=\"min-h-8 text-message relative flex w-full flex-col items-end gap-2 whitespace-normal break-words text-start [.text-message+&amp;]:mt-5\" dir=\"auto\" data-message-author-role=\"assistant\" data-message-id=\"4c754a9a-1709-446b-b871-9b2c9925ba9e\" data-message-model-slug=\"gpt-4o\">\n<div class=\"flex w-full flex-col gap-1 empty:hidden first:pt-[3px]\">\n<div class=\"markdown prose w-full break-words dark:prose-invert light\">\n<p data-start=\"0\" data-end=\"341\" data-is-last-node=\"\" data-is-only-node=\"\">Die<strong> Vozol Gear 10000 de trageri<\/strong> Dispozitivul de vape de unic\u0103 folosin\u021b\u0103 este un dispozitiv puternic \u0219i u\u0219or de utilizat, cu 16 ml de lichid, 5% nicotin\u0103, p\u00e2n\u0103 la 10.000 de pufuri \u0219i arome intensive \u0219i fructate tropicale - disponibil exclusiv pe alfakherwelt.de.<\/p>\n<\/div>\n<\/div>\n<\/div>\n<\/div>\n<\/div>\n<\/div>\n<\/div>\n<\/div>\n<\/article>\n<\/div>\n<\/div>\n<\/div>\n<\/div>\n<\/div>\n<\/div>\n<\/div>\n<\/div>\n<\/article>\n<\/div>\n<\/div>\n<\/div>\n<\/div>\n<\/div>\n<\/div>\n<\/div>\n<\/div>\n<\/article>\n<\/div>\n<\/div>\n<\/div>\n<\/div>\n<\/div>\n<\/div>\n<\/div>\n<\/div>\n<\/div>\n<\/div>\n<\/div>\n<\/div>\n<\/div>\n<\/article>\n<\/div>\n<\/div>\n<\/div>\n<\/div>\n<\/div>\n<\/div>\n<\/div>\n<\/div>\n<\/div>\n<\/div>\n<\/div>\n<\/div>\n<\/div>\n<\/article>\n<\/div>\n<\/div>\n<\/div>\n<\/div>\n<\/div>\n<\/div>\n<\/div>\n<\/div>\n<\/div>\n<\/div>\n<\/div>\n<\/div>\n<\/div>\n<\/article>\n<\/div>\n<\/div>\n<\/div>\n<\/div>\n<\/div>\n<\/div>\n<\/div>\n<\/div>\n<\/div>\n<\/div>\n<\/div>\n<\/div>\n<\/div>\n<\/article>\n<\/div>\n<\/div>\n<\/div>\n<\/div>\n<\/div>\n<\/div>\n<\/div>\n<\/div>\n<\/div>\n<\/div>\n<\/div>\n<\/div>\n<\/div>\n<\/div>","protected":false},"featured_media":3023,"comment_status":"open","ping_status":"closed","template":"","meta":[],"product_brand":[],"product_cat":[120],"product_tag":[],"class_list":{"0":"post-3022","1":"product","2":"type-product","3":"status-publish","4":"has-post-thumbnail","6":"product_cat-vozol-gear-10000","8":"first","9":"outofstock","10":"sale","11":"shipping-taxable","12":"purchasable","13":"product-type-simple"},"jetpack_sharing_enabled":true,"_links":{"self":[{"href":"https:\/\/alfakherwelt.de\/ro\/wp-json\/wp\/v2\/product\/3022","targetHints":{"allow":["GET"]}}],"collection":[{"href":"https:\/\/alfakherwelt.de\/ro\/wp-json\/wp\/v2\/product"}],"about":[{"href":"https:\/\/alfakherwelt.de\/ro\/wp-json\/wp\/v2\/types\/product"}],"replies":[{"embeddable":true,"href":"https:\/\/alfakherwelt.de\/ro\/wp-json\/wp\/v2\/comments?post=3022"}],"wp:featuredmedia":[{"embeddable":true,"href":"https:\/\/alfakherwelt.de\/ro\/wp-json\/wp\/v2\/media\/3023"}],"wp:attachment":[{"href":"https:\/\/alfakherwelt.de\/ro\/wp-json\/wp\/v2\/media?parent=3022"}],"wp:term":[{"taxonomy":"product_brand","embeddable":true,"href":"https:\/\/alfakherwelt.de\/ro\/wp-json\/wp\/v2\/product_brand?post=3022"},{"taxonomy":"product_cat","embeddable":true,"href":"https:\/\/alfakherwelt.de\/ro\/wp-json\/wp\/v2\/product_cat?post=3022"},{"taxonomy":"product_tag","embeddable":true,"href":"https:\/\/alfakherwelt.de\/ro\/wp-json\/wp\/v2\/product_tag?post=3022"}],"curies":[{"name":"wp","href":"https:\/\/api.w.org\/{rel}","templated":true}]}}