{"id":298,"date":"2024-09-04T07:44:43","date_gmt":"2024-09-04T07:44:43","guid":{"rendered":"https:\/\/alfakherwelt.de\/?post_type=product&#038;p=298"},"modified":"2025-09-06T00:35:27","modified_gmt":"2025-09-06T00:35:27","slug":"al-fakher-crown-bar-la-8000-pufuri-de-tigara-electronica-de-unica-folosinta-gheata-de-coacaze-negre","status":"publish","type":"product","link":"https:\/\/alfakherwelt.de\/ro\/produs\/al-fakher-crown-bar-la-8000-pufuri-de-tigara-electronica-de-unica-folosinta-gheata-de-coacaze-negre\/","title":{"rendered":"AL Fakher Crown Bar Pro 8000 de trag\u0103ri E-\u021bigaret\u0103 de unic\u0103 folosin\u021b\u0103 \u2013 Blackcurrant Ice"},"content":{"rendered":"<div style=\"width: 1020px;\" class=\"wp-video\"><video class=\"wp-video-shortcode\" id=\"video-298-1\" width=\"1020\" height=\"574\" preload=\"metadata\" controls=\"controls\"><source type=\"video\/mp4\" src=\"https:\/\/alfakherwelt.de\/wp-content\/uploads\/2024\/09\/Al-Fakher-Crown-Bar-Big-Cloud-8000-PRO2\uff0c\u53bb\u4eba\u50cf.mp4?_=1\" \/><a href=\"https:\/\/alfakherwelt.de\/wp-content\/uploads\/2024\/09\/Al-Fakher-Crown-Bar-Big-Cloud-8000-PRO2,elimin\u0103-chip.mp4\">https:\/\/alfakherwelt.de\/wp-content\/uploads\/2024\/09\/Al-Fakher-Crown-Bar-Big-Cloud-8000-PRO2,elimin\u0103-chip.mp4<\/a><\/video><\/div>\n<h2><strong><a href=\"https:\/\/alfakherwelt.de\/ro\/\">AL Fakher<\/a> Crown Bar Pro 8000 de trageri <a href=\"https:\/\/alfakherwelt.de\/ro\/\">E-\u021bigaret\u0103 de unic\u0103 folosin\u021b\u0103<\/a><\/strong><\/h2>\n<p>Descoperi\u021bi experien\u021ba suprem\u0103 de vaporizare cu <strong>AL Fakher Crown Bar Pro 8000 de puffs vape de unic\u0103 folosin\u021b\u0103<\/strong> \u2013 o e-\u021bigar\u0103 conceput\u0103 special pentru vapori preten\u021bio\u0219i. Acest dispozitiv combin\u0103 gust de \u00eenalt\u0103 calitate, tehnologie de ultim\u0103 or\u0103 \u0219i u\u0219urin\u021b\u0103 \u00een utilizare pentru o experien\u021b\u0103 de vaporizare excep\u021bional\u0103. Datorit\u0103 bobinei puternice din plas\u0103 \u0219i unei capacit\u0103\u021bi impresionante de 18 ml de lichid electronic, v\u0103 pute\u021bi bucura de o vaporizare intens\u0103 \u0219i de lung\u0103 durat\u0103. Ideal\u0103 pentru deplas\u0103ri, Crown Bar Pro ofer\u0103 un design elegant \u0219i compact, cu o func\u021bie de \u00eenc\u0103rcare rapid\u0103 prin USB-C, care asigur\u0103 confortul. Cu un con\u021binut de nicotin\u0103 de 5 mg (0,5%), aceast\u0103 e-\u021bigar\u0103 de unic\u0103 folosin\u021b\u0103 ofer\u0103 o inhalare direct\u0103 satisf\u0103c\u0103toare \u00een pl\u0103m\u00e2ni \u0219i p\u00e2n\u0103 la 8000 de puf\u0103turi.<\/p>\n<hr \/>\n<h2><strong>De ce <a href=\"https:\/\/alfakherwelt.de\/ro\/categorie-de-produse\/al-fakher-crown-numerar-la-8000\/\">AL Fakher Crown Bar Pro<\/a><\/strong><a href=\"https:\/\/alfakherwelt.de\/ro\/categorie-de-produse\/al-fakher-crown-numerar-la-8000\/\"><strong>8000 trenuri <\/strong><\/a><strong>Prima lor alegere s\u0103 fie<\/strong><\/h2>\n<ol>\n<li><strong>Gust incomparabil<\/strong>Datorit\u0103 bobinei inovatoare Mesh, experimenta\u021bi cu fiecare tragere arome intense \u0219i clare. Aceast\u0103 tehnologie maximizeaz\u0103 vaporizarea lichidului electronic \u0219i ofer\u0103 astfel o experien\u021b\u0103 de gust excep\u021bional\u0103.<\/li>\n<li><strong>Capacitate enorm\u0103<\/strong>: Cu 18 ml de lichid electronic preumplut, ave\u021bi suficiente rezerve pentru o utilizare \u00eendelungat\u0103. Nicio nevoie de realimentare - pur \u0219i simplu \u00eencepe\u021bi s\u0103 vapora\u021bi!<\/li>\n<li><strong>P\u00e2n\u0103 la 8000 de trenuri<\/strong>: Bucura\u021bi-v\u0103 de p\u00e2n\u0103 la 8000 de pufuri cu un singur dispozitiv. Perfect pentru utilizatorii frecven\u021bi care se bazeaz\u0103 pe un vape de unic\u0103 folosin\u021b\u0103 de \u00eencredere.<\/li>\n<li><strong>\u00cenc\u0103rcare rapid\u0103 prin Tip C<\/strong>: Nu mai a\u0219tepta\u021bi perioade lungi de \u00eenc\u0103rcare! Datorit\u0103 conectorului de \u00eenc\u0103rcare de tip C, Crown Bar Pro este din nou gata de utilizare \u00een cel mai scurt timp posibil.<\/li>\n<li><strong>Inhalare pulmonar\u0103 direct\u0103<\/strong>Acest model este conceput pentru o experien\u021b\u0103 intensiv\u0103 \u0219i direct\u0103 de inhalare \u00een pl\u0103m\u00e2ni \u0219i este potrivit \u00een special pentru vapoarele experimentate.<\/li>\n<li><strong>Design practic<\/strong>Cu o dimensiune de 19 x 109 mm, Crown Bar Pro este compact\u0103 \u0219i portabil\u0103. Lua\u021bi-o oriunde \u0219i bucura\u021bi-v\u0103 de experien\u021ba dvs. de vaping oric\u00e2nd.<\/li>\n<li><strong>Putere constant\u0103<\/strong>: Bateria de 600 mAh asigur\u0103 o tensiune constant\u0103 de 3,7 V, ceea ce permite o experien\u021b\u0103 de vaporizare uniform\u0103.<\/li>\n<li><strong>Rezistent<\/strong>: AL Fakher Crown Bar Pro func\u021bioneaz\u0103 optim la temperaturi de la -10 \u00b0C la +40 \u00b0C, ceea ce o face potrivit\u0103 \u0219i pentru condi\u021bii extreme.<\/li>\n<\/ol>\n<hr \/>\n<h2><strong>Diversitatea de arome care entuziasmeaz\u0103: Blackcurrant Ice<\/strong><\/h2>\n<p><strong>Blackcurrant Ice<\/strong> Ofer\u0103 un echilibru perfect \u00eentre note dulci \u0219i proaspete. Prima inhalare dezv\u0103luie dulcea\u021ba bogat\u0103 \u0219i profunzimea coac\u0103zei negre, urmat\u0103 de o adiere pl\u0103cut\u0103 de r\u0103coare a mentolei, care v\u0103 \u00eemprosp\u0103teaz\u0103 sim\u021burile. Aceast\u0103 compozi\u021bie de arom\u0103 este ideal\u0103 pentru vapori care prefer\u0103 arome fructate, dar nu excesiv de dulci. Elementele de r\u0103cire adaug\u0103 o prospe\u021bime deosebit\u0103 gustului, f\u0103c\u00e2ndu-l perfect pentru orice moment al zilei.<\/p>\n<p>Aciditatea natural\u0103 a coac\u0103zei negre asigur\u0103 c\u0103 gustul r\u0103m\u00e2ne viu, f\u0103r\u0103 a p\u0103rea prea puternic sau artificial. Aceast\u0103 combina\u021bie r\u0103coritoare \u0219i fructat\u0103 este ideal\u0103 \u00een special \u00een zilele calde de var\u0103, dar reprezint\u0103 \u0219i o alternativ\u0103 r\u0103coritoare \u00een timpul iernii. De fiecare dat\u0103 c\u00e2nd vei vapora aceast\u0103 varietate, vei avea senza\u021bia c\u0103 m\u0103n\u00e2nci o coac\u0103z\u0103 neagr\u0103 \u00eenghe\u021bat\u0103.<\/p>\n<p>intensitatea gustului r\u0103m\u00e2ne constant\u0103 de la prima p\u00e2n\u0103 la ultima \u021bigar\u0103, ceea ce denume\u0219te <a href=\"https:\/\/alfakherwelt.de\/ro\/categorie-de-produse\/al-fakher-crown-numerar-la-8000\/\"><strong>AL Fakher Crown Bar Pro<\/strong><\/a> unei dintre cele mai bune op\u021biuni c\u00e2nd vine vorba de vape-uri de unic\u0103 folosin\u021b\u0103. L\u0103sa\u021bi-v\u0103 surprin\u0219i de calitate \u0219i de experien\u021ba de gust distinctiv\u0103.<\/p>\n<hr \/>\n<h2><strong>Specifica\u021bii tehnice \u00een general<\/strong><\/h2>\n<ul>\n<li><strong>M\u0103rimea<\/strong>: 19 x 109 mm<\/li>\n<li><strong>Capacitate<\/strong>: 18 ml lichid electronic<\/li>\n<li><strong>Capacitatea bateriei<\/strong>: 600 mAh<\/li>\n<li><strong>Rezisten\u021ba bobinei<\/strong>: 1,2 Ohm<\/li>\n<li><strong>Tensiune de ie\u0219ire<\/strong>: 3,7 V<\/li>\n<li><strong>Con\u021binut de nicotin\u0103<\/strong>: 5 mg\/0,5 ml<\/li>\n<li><strong>Trenuri<\/strong>: P\u00e2n\u0103 la 8000 de trenuri<\/li>\n<li><strong>Priza de \u00eenc\u0103rcare<\/strong>: Func\u021bie de \u00eenc\u0103rcare rapid\u0103 de tip C<\/li>\n<li><strong>Temperatur\u0103 de func\u021bionare<\/strong>: -10 \u00b0C p\u00e2n\u0103 la +40 \u00b0C<\/li>\n<\/ul>\n<hr \/>\n<h2><strong><img loading=\"lazy\" decoding=\"async\" class=\"alignnone wp-image-392 size-full\" src=\"https:\/\/alfakherwelt.de\/wp-content\/uploads\/2024\/09\/al-fakher-crown-bar-8000-pro.webp\" alt=\"AL Fakher Crown Bar Pro 8000 de trag\u0103ri \u021bigar\u0103 electronic\u0103 de unic\u0103 folosin\u021b\u0103 - Blackcurrant Ice\" width=\"1000\" height=\"1000\" title=\"\" srcset=\"https:\/\/alfakherwelt.de\/wp-content\/uploads\/2024\/09\/al-fakher-crown-bar-8000-pro.webp 1000w, https:\/\/alfakherwelt.de\/wp-content\/uploads\/2024\/09\/al-fakher-crown-bar-8000-pro-300x300.webp 300w, https:\/\/alfakherwelt.de\/wp-content\/uploads\/2024\/09\/al-fakher-crown-bar-8000-pro-150x150.webp 150w, https:\/\/alfakherwelt.de\/wp-content\/uploads\/2024\/09\/al-fakher-crown-bar-8000-pro-768x768.webp 768w, https:\/\/alfakherwelt.de\/wp-content\/uploads\/2024\/09\/al-fakher-crown-bar-8000-pro-600x600.webp 600w, https:\/\/alfakherwelt.de\/wp-content\/uploads\/2024\/09\/al-fakher-crown-bar-8000-pro-100x100.webp 100w\" sizes=\"auto, (max-width: 1000px) 100vw, 1000px\" \/><\/strong><\/h2>\n<h2><strong>De ce ar trebui s\u0103 cump\u0103ra\u021bi de la alfakherwelt.de<\/strong><\/h2>\n<p>Noi la <a href=\"https:\/\/alfakherwelt.de\/ro\/\"><strong>alfakherwelt.de<\/strong><\/a> sunt m\u00e2ndri s\u0103 fie cel mai mare magazin online de \u021big\u0103ri electronice de unic\u0103 folosin\u021b\u0103 din Germania. Cu o ofert\u0103 larg\u0103 de arome \u0219i m\u0103rci, oferim clien\u021bilor no\u0219tri o selec\u021bie de neegalat. Cump\u0103ra\u021bi-v\u0103 <strong><a href=\"https:\/\/alfakherwelt.de\/ro\/categorie-de-produse\/al-fakher-crown-numerar-la-8000\/\">AL Fakher Crown Bar Pro 8000<\/a> Trenuri<\/strong> direct la noi \u0219i profita\u021bi de timpii de livrare rapide, de serviciul clien\u021bi excelent \u0219i de garan\u021bia c\u0103 ve\u021bi primi \u00eentotdeauna cea mai recent\u0103 versiune a vape-urilor de unic\u0103 folosin\u021b\u0103.<\/p>\n<p>V\u0103 garant\u0103m cea mai \u00eenalt\u0103 calitate \u0219i suntem la dispozi\u021bia dvs. \u00een orice moment pentru a r\u0103spunde la \u00eentreb\u0103ri. Experien\u021ba dvs. perfect\u0103 de vaporizare este la doar un clic distan\u021b\u0103. Vizita\u021bi-ne ast\u0103zi pe <a href=\"https:\/\/alfakherwelt.de\/ro\/\"><strong>alfakherwelt.de<\/strong><\/a> \u0219i descoper\u0103 pl\u0103cerea suprem\u0103 de vaporizare!<\/p>\n<hr \/>\n<p>Acum pe <a href=\"https:\/\/alfakherwelt.de\/ro\/\"><strong>alfakherwelt.de<\/strong><\/a> Disponibil - experimenta\u021bi diferen\u021ba \u0219i bucura\u021bi-v\u0103 de vaping la cel mai \u00eenalt nivel.<\/p>","protected":false},"excerpt":{"rendered":"<div class=\"flex-shrink-0 flex flex-col relative items-end\">\n<div class=\"pt-0\">\n<div class=\"gizmo-shadow-stroke flex h-8 w-8 items-center justify-center overflow-hidden rounded-full\">\n<div class=\"h-full w-full\">\n<p>Der <strong>AL Fakher Crown Bar Pro 8000 de puffs vape de unic\u0103 folosin\u021b\u0103<\/strong> ofer\u0103 nu numai o capacitate enorm\u0103 de trac\u021biune \u0219i o experien\u021b\u0103 intensiv\u0103 a gustului, ci \u0219i confortul unui dispozitiv portabil u\u0219or de \u00eenc\u0103rcat. Cu arome precum <strong>Blackcurrant Ice<\/strong> Experimenta\u021bi pura bucurie de vaporizare. Datorit\u0103 tehnologiei moderne, prelucr\u0103rii de \u00eenalt\u0103 calitate \u0219i func\u021biilor u\u0219or de utilizat, acest vape de unic\u0103 folosin\u021b\u0103 este ideal pentru vapori experimenta\u021bi care nu vor s\u0103 sacrifice calitatea atunci c\u00e2nd sunt \u00een deplasare.<\/p>\n<\/div>\n<\/div>\n<\/div>\n<\/div>","protected":false},"featured_media":299,"comment_status":"open","ping_status":"closed","template":"","meta":[],"product_brand":[],"product_cat":[20],"product_tag":[],"class_list":{"0":"post-298","1":"product","2":"type-product","3":"status-publish","4":"has-post-thumbnail","6":"product_cat-al-fakher-crown-bar-pro-8000","8":"first","9":"outofstock","10":"sale","11":"shipping-taxable","12":"purchasable","13":"product-type-simple"},"jetpack_sharing_enabled":true,"_links":{"self":[{"href":"https:\/\/alfakherwelt.de\/ro\/wp-json\/wp\/v2\/product\/298","targetHints":{"allow":["GET"]}}],"collection":[{"href":"https:\/\/alfakherwelt.de\/ro\/wp-json\/wp\/v2\/product"}],"about":[{"href":"https:\/\/alfakherwelt.de\/ro\/wp-json\/wp\/v2\/types\/product"}],"replies":[{"embeddable":true,"href":"https:\/\/alfakherwelt.de\/ro\/wp-json\/wp\/v2\/comments?post=298"}],"wp:featuredmedia":[{"embeddable":true,"href":"https:\/\/alfakherwelt.de\/ro\/wp-json\/wp\/v2\/media\/299"}],"wp:attachment":[{"href":"https:\/\/alfakherwelt.de\/ro\/wp-json\/wp\/v2\/media?parent=298"}],"wp:term":[{"taxonomy":"product_brand","embeddable":true,"href":"https:\/\/alfakherwelt.de\/ro\/wp-json\/wp\/v2\/product_brand?post=298"},{"taxonomy":"product_cat","embeddable":true,"href":"https:\/\/alfakherwelt.de\/ro\/wp-json\/wp\/v2\/product_cat?post=298"},{"taxonomy":"product_tag","embeddable":true,"href":"https:\/\/alfakherwelt.de\/ro\/wp-json\/wp\/v2\/product_tag?post=298"}],"curies":[{"name":"wp","href":"https:\/\/api.w.org\/{rel}","templated":true}]}}