{"id":2953,"date":"2025-04-09T02:02:52","date_gmt":"2025-04-09T02:02:52","guid":{"rendered":"https:\/\/alfakherwelt.de\/?post_type=product&#038;p=2953"},"modified":"2025-06-03T07:02:40","modified_gmt":"2025-06-03T07:02:40","slug":"request-failed-with-status-code-608","status":"publish","type":"product","link":"https:\/\/alfakherwelt.de\/ro\/produs\/request-failed-with-status-code-608\/","title":{"rendered":"Arymi Hookalit 40000 de \u021bigarete electronice de unic\u0103 folosin\u021b\u0103 - Blackcurrant ice"},"content":{"rendered":"<div style=\"width: 1020px;\" class=\"wp-video\"><video class=\"wp-video-shortcode\" id=\"video-2953-1\" width=\"1020\" height=\"574\" preload=\"metadata\" controls=\"controls\"><source type=\"video\/mp4\" src=\"https:\/\/alfakherwelt.de\/wp-content\/uploads\/2025\/01\/olit-95cbf118df2e173e3d559b72158922b9.mp4?_=1\" \/><a href=\"https:\/\/alfakherwelt.de\/wp-content\/uploads\/2025\/01\/olit-95cbf118df2e173e3d559b72158922b9.mp4\">https:\/\/alfakherwelt.de\/wp-content\/uploads\/2025\/01\/olit-95cbf118df2e173e3d559b72158922b9.mp4<\/a><\/video><\/div>\n<h2><strong><a href=\"https:\/\/alfakherwelt.de\/ro\/categorie-de-produse\/request-failed-with-status-code-557\/\">Arymi Hookalit 40000 trenuri<\/a> Dispozitiv E-Zigaret\u0103: Experien\u021ba Ultimativ\u0103 de Vaping \u00een Germania<\/strong><\/h2>\n<p>Die <strong>Arymi Hookalit 40000 \u021bigarete electronice de unic\u0103 folosin\u021b\u0103<\/strong> este cea mai recent\u0103 inova\u021bie \u00een domeniul <strong>E-Zigarete de unic\u0103 folosin\u021b\u0103<\/strong> \u0219i ofer\u0103 entuzia\u0219tilor de vaping din <strong>Deutschland<\/strong> o experien\u021b\u0103 de necomparat. Cu o capacitate impresionant\u0103 de <strong>40 ml lichid electronic<\/strong> \u0219i o varietate de func\u021bii, aceast\u0103 vape de unic\u0103 folosin\u021b\u0103 este mai mult dec\u00e2t un dispozitiv practic - este o experien\u021b\u0103 care va entuziasma at\u00e2t \u00eencep\u0103torii, c\u00e2t \u0219i vapatorii experimenta\u021bi. Aceast\u0103 \u021bigar\u0103 electronic\u0103 de unic\u0103 folosin\u021b\u0103 cu <strong>Nikotin\u0103<\/strong> Ofer\u0103 totul ceea ce ai nevoie pentru o experien\u021b\u0103 de vaporizare confortabil\u0103 \u0219i pl\u0103cut\u0103 - de la num\u0103rul mare de pufuri p\u00e2n\u0103 la arome excep\u021bional de autentice.<\/p>\n<h3><strong>Descrierea produsului:<\/strong><\/h3>\n<p>Die <strong>Arymi Hookalit 40000 \u021bigarete electronice de unic\u0103 folosin\u021b\u0103<\/strong> reprezint\u0103 o piatr\u0103 de hotar \u00een lumea vapingului. Acest vape de unic\u0103 folosin\u021b\u0103 este conceput special pentru a oferi o solu\u021bie de lung\u0103 durat\u0103 \u0219i totu\u0219i u\u0219or de utilizat pentru vaperi. Ideal pentru utilizarea zilnic\u0103, ofer\u0103 p\u00e2n\u0103 la <strong>40.000 de trenuri<\/strong> la \n\n(By strict rule - no capital, as it seems to be in the middle of a sentence) <strong>MTL (Gur\u0103 la Pl\u0103m\u00e2n)<\/strong> Dampfen \u0219i p\u00e2n\u0103 la <strong>20.000 de trenuri<\/strong> la \n\n(By strict rule - no capital, as it seems to be in the middle of a sentence) <strong>DL (Direct la Pl\u0103m\u00e2ni)<\/strong> Vapor. Cu ajutorul <strong>un acumulator integrat de 1300mAh<\/strong>Capacitate \u0219i o <strong>Priza de \u00eenc\u0103rcare USB Type-C<\/strong> Asigur\u0103 ore \u00eentregi de pl\u0103cere.<\/p>\n<p>O caracteristic\u0103 remarcabil\u0103 a <strong>Arymi Hookalit 40000<\/strong> este u\u0219urin\u021ba \u00een utilizare. Datorit\u0103 <strong>Draw-Activated<\/strong> Tehnologia permite activarea aburului prin simpla tragere, ceea ce face operarea intuitiv\u0103 pentru to\u021bi utilizatorii. \u00cen plus, fluxul de aer poate fi ajustat dup\u0103 bunul plac, astfel \u00eenc\u00e2t at\u00e2t vapoarele MTL, c\u00e2t \u0219i cele DL s\u0103 se potriveasc\u0103.<\/p>\n<p>Dar dar nu este totul. <strong>0,6-Ohm Lit Mesh Coil<\/strong> asigur\u0103 o aburire uniform\u0103 \u0219i intens\u0103, care face ca fiecare tragere s\u0103 fie o pl\u0103cere. <strong>Arome de Shisha autentice<\/strong> astfel \u00eenc\u00e2t s\u0103 te sim\u021bi ca \u0219i cum ai fi \u00eentr-o lounge tradi\u021bional\u0103 cu shisha. Deosebit de remarcabil este faptul c\u0103 <strong>Blue Razz Lemonade<\/strong>O arom\u0103 care asigur\u0103 o combina\u021bie de gust dulce r\u0103coritor \u0219i u\u0219or acru.<\/p>\n<h3><strong>Caracteristici ale \u021big\u0103rii electronice de unic\u0103 folosin\u021b\u0103 Arymi Hookalit 40000 pufuri<\/strong><\/h3>\n<ul>\n<li><strong>Capacitate mare de lichid electronic<\/strong>: 40 ml \u2013 ideal pentru o experien\u021b\u0103 \u00eendelungat\u0103<\/li>\n<li><strong>Durat\u0103 de via\u021b\u0103 lung\u0103<\/strong>: Aproximativ 40.000 de trenuri (MTL) \u0219i 20.000 de trenuri (DL)<\/li>\n<li><strong>Baterie puternic\u0103<\/strong>: Baterie integrat\u0103 de 1300 mAh pentru utilizare prelungit\u0103 de ore \u00eentregi<\/li>\n<li><strong>U\u0219or de utilizat<\/strong>: Activare prin desen (Activare automat\u0103 la desenare)<\/li>\n<li><strong>Priza de \u00eenc\u0103rcare USB Type-C<\/strong>\u00cenc\u0103rcare u\u0219oar\u0103 a bateriei (cablu de \u00eenc\u0103rcare nu este inclus)<\/li>\n<li><strong>Arome de Shisha autentice<\/strong>: Perfekt pentru vaparea DTL<\/li>\n<li><strong>Puterea nicotinei<\/strong>: 0,5 % (5 mg\/ml) \u2013 pentru o lovitur\u0103 pl\u0103cut\u0103 de nicotin\u0103<\/li>\n<li><strong>Tehnologie cu bobin\u0103 de plas\u0103<\/strong>: 0,6 Ohm Lit Mesh Coil pentru abur intens<\/li>\n<li><strong>Debit de aer reglabil<\/strong>: Personalizabil pentru vape MTL sau DL<\/li>\n<li><strong>V\u00e2rf similar lui Trinkhalm<\/strong>: Design ergonomic pentru o vaporizare confortabil\u0103<\/li>\n<li><strong>Ecran simplu<\/strong>: Afi\u0219aj digital u\u0219or de \u00een\u021beles<\/li>\n<\/ul>\n<h3><strong>Arome - Experien\u021ba gustativ\u0103 - Blackcurrant Ice<\/strong><\/h3>\n<p>Experimenta\u021bi gustul intens, fructat al coac\u0103zelor negre mature, combinat cu o prospe\u021bime rece \u0219i \u00eenghe\u021bat\u0103.  Gustul \u201cBlackcurrant Ice\u201d ofer\u0103 un echilibru perfect \u00eentre dulce \u0219i r\u0103coritor \u2013 ideal pentru to\u021bi cei care caut\u0103 o lovitur\u0103 revitalizant\u0103 de fructe cu o not\u0103 de mentol. Fiecare puf\u0103tur\u0103 ofer\u0103 o arom\u0103 bogat\u0103, care este at\u00e2t de \u00eenvioreaz\u0103, c\u00e2t \u0219i pl\u0103cut de r\u0103coritoare \u2013 perfect\u0103 pentru consumul zilnic.<\/p>\n<h3><strong>De ce tu pe<a href=\"https:\/\/alfakherwelt.de\/ro\/categorie-de-produse\/request-failed-with-status-code-557\/\"> Arymi Hookalit 40000 trenuri<\/a> Cump\u0103ra\u021bi o \u021bigar\u0103 electronic\u0103 de unic\u0103 folosin\u021b\u0103 ar trebui<\/strong><\/h3>\n<p>Die <strong>Arymi Hookalit 40000 \u021bigarete electronice de unic\u0103 folosin\u021b\u0103<\/strong> Ofer\u0103 nu numai un num\u0103r enorm de trenuri, ci \u0219i o varietate de func\u021bii practice care fac vaporizarea o experien\u021b\u0103 de lux. Iat\u0103 c\u00e2teva motive pentru care ar trebui s\u0103 \u00eencerci acest dispozitiv obligatoriu:<\/p>\n<ol>\n<li><strong>Durabilitate<\/strong>: Cu p\u00e2n\u0103 la 40.000 de pufuri (MTL) \u0219i o capacitate excelent\u0103 a bateriei, te po\u021bi bucura de o vaporizare de lung\u0103 durat\u0103, f\u0103r\u0103 s\u0103 te g\u00e2nde\u0219ti \u00een mod constant la reaprovizionare.<\/li>\n<li><strong>Manipulare u\u0219oar\u0103<\/strong>: Die <strong>Draw-Activated<\/strong> Tehnologia permite utilizarea foarte u\u0219oar\u0103 a \u021big\u0103rii electronice, f\u0103r\u0103 butoane inutile sau set\u0103ri.<\/li>\n<li><strong>Multe arome<\/strong>: Die <strong>Arome de Shisha autentice<\/strong> ofer\u0103 o experien\u021b\u0103 de gust unic\u0103, care te face s\u0103 iei trenul din nou \u0219i din nou.<\/li>\n<li><strong>Debit de aer reglabil<\/strong>: Ai posibilitatea de a regla fluxul de aer \u00een func\u021bie de preferin\u021bele tale, ceea ce face vaporizarea ideal\u0103 at\u00e2t pentru vapori MTL, c\u00e2t \u0219i pentru vapori DL.<\/li>\n<li><strong>Portabil \u0219i practic<\/strong>: Compact, handy and ideal for on the go - the <strong>Arymi Hookalit 40000<\/strong> \u00cencape \u00een orice buzunar \u0219i este gata de utilizare \u00een orice moment.<\/li>\n<li><strong>Concentra\u021bie mare de nicotin\u0103<\/strong>Cu o putere de nicotin\u0103 de 5 mg\/ml ob\u021bii impulsul de nicotin\u0103 dorit, f\u0103r\u0103 ca gustul s\u0103 aib\u0103 de suferit.<\/li>\n<\/ol>\n<h3><strong>\u00centreb\u0103ri frecvente despre <a href=\"https:\/\/alfakherwelt.de\/ro\/categorie-de-produse\/request-failed-with-status-code-557\/\">Arymi Hookalit 40000 trenuri<\/a> E-Zigarette de unic\u0103 folosin\u021b\u0103<\/strong><\/h3>\n<p><strong>1. C\u00e2\u021bi cilindri ofer\u0103 Arymi Hookalit 40000?<\/strong><br \/>\nDie <strong>Arymi Hookalit 40000<\/strong> ofer\u0103 p\u00e2n\u0103 la <strong>40.000 de trenuri<\/strong> La vaparea MTL \u0219i <strong>20.000 de trenuri<\/strong> La vaporizarea DL.<\/p>\n<p><strong>Ce arome sunt disponibile \u00een Arymi Hookalit 40000?<\/strong><br \/>\n\u00cen prezent, aroma este <strong>Blue Razz Lemonade<\/strong> disponibil, care asigur\u0103 o experien\u021b\u0103 de gust fructat\u0103 \u0219i proasp\u0103t\u0103.<\/p>\n<p><strong>3. Este Arymi Hookalit 40000 re\u00eenc\u0103rcabil\u0103?<\/strong><br \/>\nDa, cele <strong>Arymi Hookalit 40000<\/strong> vine cu unul <strong>1300 mAh baterie<\/strong> \u0219i unul <strong>Priza de \u00eenc\u0103rcare USB Type-C<\/strong> pentru \u00eenc\u0103rcare simpl\u0103.<\/p>\n<p><strong>4. Este \u021bigara electronic\u0103 potrivit\u0103 pentru \u00eencep\u0103tori?<\/strong><br \/>\nAbsolut! Die <strong>Arymi Hookalit 40000<\/strong> este datorit\u0103 lor <strong>Draw-Activated<\/strong> Tehnologia \u0219i designul simplu o fac ideal\u0103 \u0219i pentru \u00eencep\u0103tori.<\/p>\n<p><strong>5. Care este puterea de nicotin\u0103 a Arymi Hookalit 40000?<\/strong><br \/>\nPuterea nicotinei este de <strong>5 mg\/ml (0,51%)<\/strong>care ofer\u0103 o senza\u021bie pl\u0103cut\u0103, dar perceptibil\u0103 de nicotin\u0103.<\/p>\n<h3><strong>Cump\u0103r\u0103-\u021bi <a href=\"https:\/\/alfakherwelt.de\/ro\/categorie-de-produse\/request-failed-with-status-code-557\/\">Arymi Hookalit 40000 trenuri<\/a> E-Zigarette de unic\u0103 folosin\u021b\u0103 pe alfakherwelt.de<\/strong><\/h3>\n<p>cea mai bun\u0103 <strong>E-Zigarette de unic\u0103 folosin\u021b\u0103<\/strong> \u00een <strong>Deutschland<\/strong> atunci g\u0103se\u0219ti pe cea <strong>Arymi Hookalit 40000 \u021bigarete electronice de unic\u0103 folosin\u021b\u0103<\/strong> pe <a href=\"https:\/\/alfakherwelt.de\/ro\/\"><strong>alfakherwelt.de<\/strong>,<\/a> cea mai mare platform\u0103 pentru <strong>Vape-uri de unic\u0103 folosin\u021b\u0103<\/strong> \u00cen Germania. Convinge-te singur de longevitate, aromele excelente \u0219i manipularea u\u0219oar\u0103 - comand\u0103 ast\u0103zi!<\/p>","protected":false},"excerpt":{"rendered":"<div class=\"flex-shrink-0 flex flex-col relative items-end\">\n<div class=\"pt-0\">\n<div class=\"gizmo-shadow-stroke flex h-8 w-8 items-center justify-center overflow-hidden rounded-full\">\n<div class=\"h-full w-full\">\n<div class=\"flex-shrink-0 flex flex-col relative items-end\">\n<div class=\"pt-0\">\n<div class=\"gizmo-shadow-stroke flex h-8 w-8 items-center justify-center overflow-hidden rounded-full\">\n<div class=\"h-full w-full\">\n<div class=\"gizmo-shadow-stroke overflow-hidden rounded-full\">\n<div class=\"flex-1 overflow-hidden\">\n<div class=\"h-full\">\n<div class=\"react-scroll-to-bottom--css-nphjn-79elbk h-full\">\n<div class=\"react-scroll-to-bottom--css-nphjn-1n7m0yu\">\n<div class=\"flex flex-col text-sm md:pb-9\">\n<article class=\"w-full scroll-mb-[var(--thread-trailing-height,150px)] text-token-text-primary focus-visible:outline-2 focus-visible:outline-offset-[-4px]\" dir=\"auto\" data-testid=\"conversation-turn-5\" data-scroll-anchor=\"true\">\n<div class=\"m-auto text-base py-[18px] px-3 md:px-4 w-full md:px-5 lg:px-4 xl:px-5\">\n<div class=\"mx-auto flex flex-1 gap-4 text-base md:gap-5 lg:gap-6 md:max-w-3xl lg:max-w-[40rem] xl:max-w-[48rem]\">\n<div class=\"group\/conversation-turn relative flex w-full min-w-0 flex-col agent-turn\">\n<div class=\"flex-col gap-1 md:gap-3\">\n<div class=\"flex max-w-full flex-col flex-grow\">\n<div class=\"min-h-8 text-message flex w-full flex-col items-end gap-2 whitespace-normal break-words [.text-message+&amp;]:mt-5\" dir=\"auto\" data-message-author-role=\"assistant\" data-message-id=\"1982dcee-f0f5-4cfa-a269-fdbaed43d922\" data-message-model-slug=\"gpt-4o\">\n<div class=\"flex w-full flex-col gap-1 empty:hidden first:pt-[3px]\">\n<div class=\"markdown prose w-full break-words dark:prose-invert light\">\n<div class=\"flex-1 overflow-hidden\">\n<div class=\"h-full\">\n<div class=\"react-scroll-to-bottom--css-xrsce-79elbk h-full\">\n<div class=\"react-scroll-to-bottom--css-xrsce-1n7m0yu\">\n<div class=\"flex flex-col text-sm md:pb-9\">\n<article class=\"w-full scroll-mb-[var(--thread-trailing-height,150px)] text-token-text-primary focus-visible:outline-2 focus-visible:outline-offset-[-4px]\" dir=\"auto\" data-testid=\"conversation-turn-5\" data-scroll-anchor=\"true\">\n<div class=\"m-auto text-base py-[18px] px-3 md:px-4 w-full md:px-5 lg:px-4 xl:px-5\">\n<div class=\"mx-auto flex flex-1 gap-4 text-base md:gap-5 lg:gap-6 md:max-w-3xl lg:max-w-[40rem] xl:max-w-[48rem]\">\n<div class=\"group\/conversation-turn relative flex w-full min-w-0 flex-col agent-turn\">\n<div class=\"flex-col gap-1 md:gap-3\">\n<div class=\"flex max-w-full flex-col flex-grow\">\n<div class=\"min-h-8 text-message flex w-full flex-col items-end gap-2 whitespace-normal break-words [.text-message+&amp;]:mt-5\" dir=\"auto\" data-message-author-role=\"assistant\" data-message-id=\"1a0c8d71-a6be-4cc9-b460-deb3e7ecbf47\" data-message-model-slug=\"gpt-4o\">\n<div class=\"flex w-full flex-col gap-1 empty:hidden first:pt-[3px]\">\n<div class=\"markdown prose w-full break-words dark:prose-invert light\">\n<div class=\"flex-1 overflow-hidden\">\n<div class=\"h-full\">\n<div class=\"react-scroll-to-bottom--css-gqbzc-79elbk h-full\">\n<div class=\"react-scroll-to-bottom--css-gqbzc-1n7m0yu\">\n<div class=\"flex flex-col text-sm md:pb-9\">\n<article class=\"w-full scroll-mb-[var(--thread-trailing-height,150px)] text-token-text-primary focus-visible:outline-2 focus-visible:outline-offset-[-4px]\" dir=\"auto\" data-testid=\"conversation-turn-5\" data-scroll-anchor=\"true\">\n<div class=\"m-auto text-base py-[18px] px-3 md:px-4 w-full md:px-5 lg:px-4 xl:px-5\">\n<div class=\"mx-auto flex flex-1 gap-4 text-base md:gap-5 lg:gap-6 md:max-w-3xl lg:max-w-[40rem] xl:max-w-[48rem]\">\n<div class=\"group\/conversation-turn relative flex w-full min-w-0 flex-col agent-turn\">\n<div class=\"flex-col gap-1 md:gap-3\">\n<div class=\"flex max-w-full flex-col flex-grow\">\n<div class=\"min-h-8 text-message flex w-full flex-col items-end gap-2 whitespace-normal break-words [.text-message+&amp;]:mt-5\" dir=\"auto\" data-message-author-role=\"assistant\" data-message-id=\"ca066132-0777-4603-995e-a689971b3380\" data-message-model-slug=\"gpt-4o\">\n<div class=\"flex w-full flex-col gap-1 empty:hidden first:pt-[3px]\">\n<div class=\"markdown prose w-full break-words dark:prose-invert light\">\n<div class=\"flex-1 overflow-hidden @container\/thread\">\n<div class=\"h-full\">\n<div class=\"react-scroll-to-bottom--css-rkqgb-79elbk h-full\">\n<div class=\"react-scroll-to-bottom--css-rkqgb-1n7m0yu\">\n<div class=\"flex flex-col text-sm md:pb-9\">\n<article class=\"w-full scroll-mb-[var(--thread-trailing-height,150px)] text-token-text-primary focus-visible:outline-2 focus-visible:outline-offset-[-4px]\" dir=\"auto\" data-testid=\"conversation-turn-9\" data-scroll-anchor=\"true\">\n<div class=\"m-auto text-base py-[18px] px-3 md:px-4 w-full md:px-5 lg:px-4 xl:px-5\">\n<div class=\"mx-auto flex flex-1 gap-4 text-base md:gap-5 lg:gap-6 md:max-w-3xl lg:max-w-[40rem] xl:max-w-[48rem]\">\n<div class=\"group\/conversation-turn relative flex w-full min-w-0 flex-col agent-turn\">\n<div class=\"flex-col gap-1 md:gap-3\">\n<div class=\"flex max-w-full flex-col flex-grow\">\n<div class=\"min-h-8 text-message flex w-full flex-col items-end gap-2 whitespace-normal break-words text-start [.text-message+&amp;]:mt-5\" dir=\"auto\" data-message-author-role=\"assistant\" data-message-id=\"87137e43-9a3e-4479-90ac-22c23781ee39\" data-message-model-slug=\"gpt-4o\">\n<div class=\"flex w-full flex-col gap-1 empty:hidden first:pt-[3px]\">\n<div class=\"markdown prose w-full break-words dark:prose-invert light\">\n<div class=\"flex-1 overflow-hidden @container\/thread\">\n<div class=\"h-full\">\n<div class=\"react-scroll-to-bottom--css-cgxka-79elbk h-full\">\n<div class=\"react-scroll-to-bottom--css-cgxka-1n7m0yu\">\n<div class=\"flex flex-col text-sm md:pb-9\">\n<article class=\"w-full scroll-mb-[var(--thread-trailing-height,150px)] text-token-text-primary focus-visible:outline-2 focus-visible:outline-offset-[-4px]\" dir=\"auto\" data-testid=\"conversation-turn-5\" data-scroll-anchor=\"true\">\n<div class=\"m-auto text-base py-[18px] px-3 md:px-4 w-full md:px-5 lg:px-4 xl:px-5\">\n<div class=\"mx-auto flex flex-1 gap-4 text-base md:gap-5 lg:gap-6 md:max-w-3xl lg:max-w-[40rem] xl:max-w-[48rem]\">\n<div class=\"group\/conversation-turn relative flex w-full min-w-0 flex-col agent-turn\">\n<div class=\"flex-col gap-1 md:gap-3\">\n<div class=\"flex max-w-full flex-col flex-grow\">\n<div class=\"min-h-8 text-message flex w-full flex-col items-end gap-2 whitespace-normal break-words text-start [.text-message+&amp;]:mt-5\" dir=\"auto\" data-message-author-role=\"assistant\" data-message-id=\"e1e13d20-b396-4dc4-abdf-40facc05c4de\" data-message-model-slug=\"gpt-4o\">\n<div class=\"flex w-full flex-col gap-1 empty:hidden first:pt-[3px]\">\n<div class=\"markdown prose w-full break-words dark:prose-invert light\">\n<p>Die <strong>Arymi Hookalit 40000 \u021bigarete electronice de unic\u0103 folosin\u021b\u0103<\/strong> Ofer\u0103 cu o capacitate generoas\u0103 de lichid electronic de 40 ml, o baterie re\u00eenc\u0103rcabil\u0103 de 1300 mAh \u0219i o selec\u021bie de arome autentice de shisha, o experien\u021b\u0103 de vaporizare de neegalat cu p\u00e2n\u0103 la 40.000 de pufuri \u0219i un flux de aer reglabil pentru utilizare individual\u0103 MTL sau DL.<\/p>\n<\/div>\n<\/div>\n<\/div>\n<\/div>\n<\/div>\n<\/div>\n<\/div>\n<\/div>\n<\/article>\n<\/div>\n<\/div>\n<\/div>\n<\/div>\n<\/div>\n<div class=\"md:pt-0 dark:border-white\/20 md:border-transparent md:dark:border-transparent w-full\">\n<div>\n<div class=\"m-auto text-base px-3 md:px-4 w-full md:px-5 lg:px-4 xl:px-5\">\n<div class=\"mx-auto flex flex-1 gap-4 text-base md:gap-5 lg:gap-6 md:max-w-3xl lg:max-w-[40rem] xl:max-w-[48rem]\">\n<div class=\"flex justify-center\"><\/div>\n<\/div>\n<\/div>\n<\/div>\n<\/div>\n<\/div>\n<\/div>\n<\/div>\n<\/div>\n<div class=\"pr-2 lg:pr-0\"><\/div>\n<\/div>\n<\/div>\n<\/div>\n<\/div>\n<\/article>\n<\/div>\n<\/div>\n<\/div>\n<\/div>\n<\/div>\n<\/div>\n<\/div>\n<\/div>\n<\/div>\n<\/div>\n<\/div>\n<\/div>\n<\/div>\n<\/article>\n<\/div>\n<\/div>\n<\/div>\n<\/div>\n<\/div>\n<\/div>\n<\/div>\n<\/div>\n<\/div>\n<\/div>\n<\/div>\n<\/div>\n<\/div>\n<\/article>\n<\/div>\n<\/div>\n<\/div>\n<\/div>\n<\/div>\n<\/div>\n<\/div>\n<\/div>\n<\/div>\n<div class=\"pr-2 lg:pr-0\"><\/div>\n<div class=\"mt-3 w-full empty:hidden\">\n<div class=\"text-center\"><\/div>\n<\/div>\n<\/div>\n<div class=\"absolute\">\n<div class=\"flex items-center justify-center\"><\/div>\n<\/div>\n<\/div>\n<\/div>\n<\/div>\n<\/article>\n<\/div>\n<\/div>\n<\/div>\n<\/div>\n<\/div>\n<div class=\"md:pt-0 dark:border-white\/20 md:border-transparent md:dark:border-transparent w-full\">\n<div>\n<div class=\"m-auto text-base px-3 md:px-4 w-full md:px-5 lg:px-4 xl:px-5\">\n<div class=\"mx-auto flex flex-1 gap-4 text-base md:gap-5 lg:gap-6 md:max-w-3xl lg:max-w-[40rem] xl:max-w-[48rem]\">\n<div class=\"flex justify-center\"><\/div>\n<\/div>\n<\/div>\n<\/div>\n<\/div>\n<\/div>\n<\/div>\n<\/div>\n<\/div>\n<\/div>\n<\/div>\n<\/div>\n<\/div>\n<\/div>","protected":false},"featured_media":2957,"comment_status":"open","ping_status":"closed","template":"","meta":[],"product_brand":[],"product_cat":[110],"product_tag":[],"class_list":{"0":"post-2953","1":"product","2":"type-product","3":"status-publish","4":"has-post-thumbnail","6":"product_cat-arymi-hookalit-40000","8":"first","9":"instock","10":"sale","11":"shipping-taxable","12":"purchasable","13":"product-type-simple"},"jetpack_sharing_enabled":true,"_links":{"self":[{"href":"https:\/\/alfakherwelt.de\/ro\/wp-json\/wp\/v2\/product\/2953","targetHints":{"allow":["GET"]}}],"collection":[{"href":"https:\/\/alfakherwelt.de\/ro\/wp-json\/wp\/v2\/product"}],"about":[{"href":"https:\/\/alfakherwelt.de\/ro\/wp-json\/wp\/v2\/types\/product"}],"replies":[{"embeddable":true,"href":"https:\/\/alfakherwelt.de\/ro\/wp-json\/wp\/v2\/comments?post=2953"}],"wp:featuredmedia":[{"embeddable":true,"href":"https:\/\/alfakherwelt.de\/ro\/wp-json\/wp\/v2\/media\/2957"}],"wp:attachment":[{"href":"https:\/\/alfakherwelt.de\/ro\/wp-json\/wp\/v2\/media?parent=2953"}],"wp:term":[{"taxonomy":"product_brand","embeddable":true,"href":"https:\/\/alfakherwelt.de\/ro\/wp-json\/wp\/v2\/product_brand?post=2953"},{"taxonomy":"product_cat","embeddable":true,"href":"https:\/\/alfakherwelt.de\/ro\/wp-json\/wp\/v2\/product_cat?post=2953"},{"taxonomy":"product_tag","embeddable":true,"href":"https:\/\/alfakherwelt.de\/ro\/wp-json\/wp\/v2\/product_tag?post=2953"}],"curies":[{"name":"wp","href":"https:\/\/api.w.org\/{rel}","templated":true}]}}