{"id":2733,"date":"2025-03-26T07:12:17","date_gmt":"2025-03-26T07:12:17","guid":{"rendered":"https:\/\/alfakherwelt.de\/?post_type=product&#038;p=2733"},"modified":"2025-12-15T12:57:13","modified_gmt":"2025-12-15T12:57:13","slug":"fumot-randm-digital-box-12000-con-de-unica-folosinta-e-tigara-cherry-cola","status":"publish","type":"product","link":"https:\/\/alfakherwelt.de\/ro\/produs\/fumot-randm-digital-box-12000-con-de-unica-folosinta-e-tigara-cherry-cola\/","title":{"rendered":"Fumot RandM Digital Box 12000 de trageri \u021bigar\u0103 electronic\u0103 de unic\u0103 folosin\u021b\u0103 - Cherry Cola"},"content":{"rendered":"<div style=\"width: 640px;\" class=\"wp-video\"><video class=\"wp-video-shortcode\" id=\"video-2733-1\" width=\"640\" height=\"360\" preload=\"metadata\" controls=\"controls\"><source type=\"video\/mp4\" src=\"https:\/\/alfakherwelt.de\/wp-content\/uploads\/2024\/12\/Fumot-RandM-Digital-Box-120002.mp4?_=1\" \/><a href=\"https:\/\/alfakherwelt.de\/wp-content\/uploads\/2024\/12\/Fumot-RandM-Digital-Box-120002.mp4\">https:\/\/alfakherwelt.de\/wp-content\/uploads\/2024\/12\/Fumot-RandM-Digital-Box-120002.mp4<\/a><\/video><\/div>\n<h2><a href=\"https:\/\/alfakherwelt.de\/ro\/categorie-de-produse\/cutie-digitala-randm-fumot-12000\/\">Fumot RandM Digital Box 12000 Z\u00fcge \n\nbecum RandM Digital Box 12000 traguri r\u0103m\u00e2ne \n(RandM r\u0103m\u00e2ne neschimbat ca \u0219i nume propriu , \u00een rest traduc) \n\nFumot RandM Cutie Digital\u0103 12000 de trageri<\/a> E-zigaret\u0103 de unic\u0103 folosin\u021b\u0103: Viitorul experien\u021bei de vaporizare<\/h2>\n<p>Die <strong>Fumot RandM Digital Box 12000 de trageri \u021bigar\u0103 electronic\u0103 de unic\u0103 folosin\u021b\u0103<\/strong> de Fumot Tech este cea mai nou\u0103 \u0219i avansat\u0103 modalitate de a experimenta vaporizarea. Aceste <strong>E-\u021bigaret\u0103 de unic\u0103 folosin\u021b\u0103<\/strong> nu este doar prin lor <strong>caracteristici tehnice<\/strong> un punct de atrac\u021bie, ci \u0219i prin calitatea aromelor \u0219i func\u021bionarea u\u0219or de utilizat. Cu o capacitate impresionant\u0103 de p\u00e2n\u0103 la <strong>12.000 de trenuri<\/strong>unui <strong>Acumulator re\u00eenc\u0103rcabil<\/strong>unui <strong>afi\u015faj LED modern<\/strong> \u0219i o varietate de <strong>op\u021biuni de gust<\/strong> Este alegerea ideal\u0103 pentru vape-urile care apreciaz\u0103 at\u00e2t performan\u021ba, c\u00e2t \u0219i designul.<\/p>\n<p>Dac\u0103 sunte\u021bi \u00een c\u0103utarea unei <strong>E-\u021bigar\u0103 de unic\u0103 folosin\u021b\u0103 cu nicotin\u0103<\/strong> sunt, care v\u0103 ofer\u0103 o experien\u021b\u0103 extraordinar\u0103 <strong>Experien\u021b\u0103 cu vaporizarea<\/strong> atunci este \u00een Germania ofer\u0103, apoi este a <strong>Fumot RandM Digital Box 12000 Z\u00fcge \n\nbecum RandM Digital Box 12000 traguri r\u0103m\u00e2ne \n(RandM r\u0103m\u00e2ne neschimbat ca \u0219i nume propriu , \u00een rest traduc) \n\nFumot RandM Cutie Digital\u0103 12000 de trageri<\/strong> exact ceea ce trebuie pentru tine. Aceast\u0103 inova\u021bie <strong>E-\u021bigaret\u0103 de unic\u0103 folosin\u021b\u0103<\/strong> va dep\u0103\u0219i nu numai a\u0219tept\u0103rile, ci le va \u0219i \u00eentrece. Citi\u021bi mai departe pentru a afla mai multe despre caracteristicile remarcabile \u0219i aromele delicioase oferite de acest produs. <strong>Vaporizator de unic\u0103 folosin\u021b\u0103<\/strong> a afla care sunt pe <strong>alfakherwelt.de<\/strong> disponibil\u0103 - cea mai mare platform\u0103 pentru <strong>Vape de unic\u0103 folosin\u021b\u0103 \u00een Germania<\/strong>.<\/p>\n<h3>Descrierea produsului<\/h3>\n<p>Die <strong>Fumot RandM Digital Box 12000 de trageri \u021bigar\u0103 electronic\u0103 de unic\u0103 folosin\u021b\u0103<\/strong> nu este doar unul \u00eenc\u0103 <strong>Vaporizator de unic\u0103 folosin\u021b\u0103<\/strong>, ci o adev\u0103rat\u0103 oper\u0103 maestral\u0103 a tehnicii \u0219i designului. Dotat\u0103 cu un <strong>20ml de lichid electronic preumplut<\/strong>care una <strong>durat\u0103 lung\u0103 de utilizare<\/strong> de p\u00e2n\u0103 la <strong>12.000 de trenuri<\/strong> ofer\u0103, nu trebuie s\u0103 v\u0103 face\u021bi griji cu privire la reaprovizionare sau achizi\u021bii constante de \u00eenlocuire. Der <strong>Baterie re\u00eenc\u0103rcabil\u0103 de 550mAh<\/strong> ofer\u0103 o garan\u021bie <strong>durat\u0103 de via\u021b\u0103 lung\u0103<\/strong> \u0219i poate fi accesat comod prin intermediul <strong>Conector de tip C<\/strong> s\u0103 fie \u00eenc\u0103rcate.<\/p>\n<p>Datorit\u0103 <strong>Bobine Mesh<\/strong> este vaporizarea cu aceasta <strong>E-\u021bigar\u0103 cu nicotin\u0103<\/strong> \u00een special pl\u0103cut. Tehnologia Mesh asigur\u0103 o formare uniform\u0103 \u0219i mai intens\u0103 a aburului, care <strong>Gust<\/strong> fiecare trabuc, fiecare tragere, devine o experien\u021b\u0103 de lux. \u00cen plus, asigur\u0103 <strong>Regulator de flux de aer<\/strong> pentru a putea regla aburul \u00een func\u021bie de preferin\u021bele dvs., pentru a v\u0103 bucura de experien\u021ba perfect\u0103 de vaporizare - fie c\u0103 <strong>Abur puternic<\/strong> sau o tragere u\u0219oar\u0103, bl\u00e2nd\u0103.<\/p>\n<p>O alt\u0103 caracteristic\u0103 inovativ\u0103 este aceea c\u0103 <strong>Afi\u0219aj LED<\/strong>care \u00een timp real <strong>Consumul de e-lichid<\/strong> \u0219i pe <strong>Starea bateriei<\/strong> afi\u0219eaz\u0103, astfel \u00eenc\u00e2t s\u0103 \u0219ti\u021bi \u00eentotdeauna c\u00e2t\u0103 energie mai ave\u021bi la dispozi\u021bie. Acest afi\u0219aj nu este doar func\u021bional, ci confer\u0103 dispozitivului \u0219i o not\u0103 futurist\u0103 \u0219i modern\u0103. Iar pentru a face experien\u021ba de vaporizare \u0219i mai interesant\u0103, dispozitivul este echipat cu <strong>Fumot RandM Digital Box 12000<\/strong> peste <strong>6 lumini RGB<\/strong>care se aprind atunci c\u00e2nd se vapeaz\u0103 \u0219i care accentueaz\u0103 suplimentar aspectul dispozitivului \u00een \u00eentuneric.<\/p>\n<p>Die <strong>Fumot RandM Digital Box<\/strong> ofer\u0103 <strong>2 niveluri de nicotin\u0103 (5% sau 2%)<\/strong> \u0219i astfel posibilitatea, \u00een func\u021bie de preferin\u021be, de a alege \u00eentre unul mai puternic sau mai bl\u00e2nd <strong>Experien\u021b\u0103 cu nicotin\u0103<\/strong> a alege. Cu <strong>p\u00e2n\u0103 la 48 de arome diferite<\/strong>printre care <strong>fruoase<\/strong>, <strong>similar\u0103 mentolei<\/strong> \u0219i <strong>dulce<\/strong> Op\u021biuni, g\u0103si\u021bi cu siguran\u021b\u0103 aroma perfect\u0103 pentru experien\u021ba dvs. individual\u0103 de vaporizare.<\/p>\n<h3>Caracteristici ale Fumot RandM Digital Box 12000 de trageri<\/h3>\n<ul>\n<li><strong>20ml capacitate de e-lichid<\/strong>Bucura\u021bi-v\u0103 <strong>12000 trenuri<\/strong>f\u0103r\u0103 a fi nevoie de reaprovizionare.<\/li>\n<li><strong>Baterie re\u00eenc\u0103rcabil\u0103<\/strong>: Der <strong>550mAh baterie<\/strong> asigur\u0103 <strong>durat\u0103 lung\u0103 de utilizare<\/strong> \u0219i poate fi controlat prin intermediul <strong>Conector de tip C<\/strong> \u00cenc\u0103rcare.<\/li>\n<li><strong>Regulator de flux de aer<\/strong>: Controla\u021bi <strong>Cantitatea de abur<\/strong> Dup\u0103 dorin\u021ba dvs.<\/li>\n<li><strong>Bobine Mesh<\/strong>: Face\u021bi-v\u0103 griji pentru unul <strong>vapoare uniform\u0103<\/strong> \u0219i un gust intens.<\/li>\n<li><strong>Afi\u0219aj LED<\/strong>: Arat\u0103 pe <strong>Consumul de e-lichid<\/strong> \u0219i pe <strong>Starea bateriei<\/strong> un an.<\/li>\n<li><strong>6 lumini RGB<\/strong>: Oferi\u021bi experien\u021bei de vaporizare o dimensiune vizual\u0103 rece.<\/li>\n<li><strong>Doua concentra\u021bii de nicotin\u0103 (5% sau 2%)<\/strong>: Ajusta\u021bi puterea nicotinei \u00een func\u021bie de nevoile dvs.<\/li>\n<li><strong>Operare u\u0219oar\u0103<\/strong>: <strong>Activare prin tragere<\/strong> - nicio tast\u0103 sau set\u0103ri complexe necesare.<\/li>\n<\/ul>\n<h3><a href=\"https:\/\/alfakherwelt.de\/ro\/categorie-de-produse\/cutie-digitala-randm-fumot-12000\/\">Fumot RandM Digital Box 12000 Z\u00fcge \n\nbecum RandM Digital Box 12000 traguri r\u0103m\u00e2ne \n(RandM r\u0103m\u00e2ne neschimbat ca \u0219i nume propriu , \u00een rest traduc) \n\nFumot RandM Cutie Digital\u0103 12000 de trageri<\/a> Aromele de \u021big\u0103ri electronice de unic\u0103 folosin\u021b\u0103<\/h3>\n<h3 class=\"\" data-start=\"0\" data-end=\"63\"><strong data-start=\"4\" data-end=\"55\">Cherry Cola - Clasicul cu un impuls fructat<\/strong> \ud83c\udf52\ud83e\udd64\u2728<\/h3>\n<p class=\"\" data-start=\"64\" data-end=\"339\">Experimenta\u021bi gustul inconfundabil al <strong data-start=\"112\" data-end=\"127\">Cherry Cola<\/strong> \u00eentr-o experien\u021b\u0103 unic\u0103 de vaporizare! Aceast\u0103 amestecare combin\u0103 aroma dulce \u0219i picant\u0103 de cola cu intensitatea fructat\u0103 a cire\u0219elor coapte \u2013 un echilibru perfect \u00eentre prospe\u021bimea efervescent\u0103 \u0219i dulcea\u021ba fructat\u0103.<\/p>\n<p><img loading=\"lazy\" decoding=\"async\" class=\"alignnone wp-image-1443 size-full\" src=\"https:\/\/alfakherwelt.de\/wp-content\/uploads\/2024\/12\/3Fumot-RandM-Digital-Box-12000.webp\" alt=\"Fumot RandM Digital Box 12000 de trageri \u021bigar\u0103 electronic\u0103 de unic\u0103 folosin\u021b\u0103 - Cherry Cola\" width=\"800\" height=\"800\" title=\"\" srcset=\"https:\/\/alfakherwelt.de\/wp-content\/uploads\/2024\/12\/3Fumot-RandM-Digital-Box-12000.webp 800w, https:\/\/alfakherwelt.de\/wp-content\/uploads\/2024\/12\/3Fumot-RandM-Digital-Box-12000-300x300.webp 300w, https:\/\/alfakherwelt.de\/wp-content\/uploads\/2024\/12\/3Fumot-RandM-Digital-Box-12000-150x150.webp 150w, https:\/\/alfakherwelt.de\/wp-content\/uploads\/2024\/12\/3Fumot-RandM-Digital-Box-12000-768x768.webp 768w, https:\/\/alfakherwelt.de\/wp-content\/uploads\/2024\/12\/3Fumot-RandM-Digital-Box-12000-12x12.webp 12w, https:\/\/alfakherwelt.de\/wp-content\/uploads\/2024\/12\/3Fumot-RandM-Digital-Box-12000-600x600.webp 600w, https:\/\/alfakherwelt.de\/wp-content\/uploads\/2024\/12\/3Fumot-RandM-Digital-Box-12000-100x100.webp 100w\" sizes=\"auto, (max-width: 800px) 100vw, 800px\" \/><\/p>\n<hr \/>\n<h3>De ce ar trebui s\u0103 <a href=\"https:\/\/alfakherwelt.de\/ro\/categorie-de-produse\/cutie-digitala-randm-fumot-12000\/\">Fumot RandM Digital Box 12000 Z\u00fcge \n\nbecum RandM Digital Box 12000 traguri r\u0103m\u00e2ne \n(RandM r\u0103m\u00e2ne neschimbat ca \u0219i nume propriu , \u00een rest traduc) \n\nFumot RandM Cutie Digital\u0103 12000 de trageri<\/a> Cump\u0103ra\u021bi o \u021bigar\u0103 electronic\u0103 de unic\u0103 folosin\u021b\u0103?<\/h3>\n<p>Exist\u0103 multe motive pentru care <strong>Fumot RandM Digital Box 12000 de trageri \u021bigar\u0103 electronic\u0103 de unic\u0103 folosin\u021b\u0103<\/strong> alegerea perfect\u0103 pentru fiecare vaporizator. Ea nu este doar <strong>tehnic excelent<\/strong>, ci ofer\u0103 \u0219i o <strong>o mare varietate de arome<\/strong> \u0219i una <strong>utilizare u\u0219or de utilizat<\/strong>. The <strong>Baterie re\u00eenc\u0103rcabil\u0103<\/strong> asigur\u0103 o <strong>durat\u0103 de via\u021b\u0103 lung\u0103<\/strong>\u0219i asta <strong>Afi\u0219aj LED<\/strong> ofer\u0103 o simpl\u0103 <strong>Supraveghere<\/strong> st\u0103rii bateriei \u0219i a <strong>Consumul de e-lichid<\/strong>.<\/p>\n<ul>\n<li><strong>Capacitate mare de lichid electronic<\/strong>: Cu <strong>20ml<\/strong> E-lichid \u0219i p\u00e2n\u0103 la <strong>12.000 de trenuri<\/strong> Nu trebuie s\u0103 v\u0103 face\u021bi griji cu privire la reaprovizionare.<\/li>\n<li><strong>Durabil \u0219i eficient din punct de vedere al costurilor<\/strong>: Die <strong>Baterie re\u00eenc\u0103rcabil\u0103<\/strong> \u0219i durata lung\u0103 de utilizare fac ca <strong>Fumot RandM Digital Box 12000<\/strong> extrem de <strong>economice<\/strong> Alegere.<\/li>\n<li><strong>Gusturi r\u0103coritoare<\/strong>: De la <strong>Peach Ice<\/strong> p\u00e2n\u0103 la <strong>multe alte arome<\/strong> - Exist\u0103 alegerea potrivit\u0103 pentru fiecare gust.<\/li>\n<li><strong>U\u0219urin\u021b\u0103 \u00een utilizare<\/strong>: F\u0103r\u0103 taste, trece\u021bi direct <strong>Trage activat\u0103<\/strong>.<\/li>\n<\/ul>\n<p>Kaufen Sie jetzt die <strong>Fumot RandM Digital Box 12000 de trageri \u021bigar\u0103 electronic\u0103 de unic\u0103 folosin\u021b\u0103<\/strong> pe <strong>alfakherwelt.de<\/strong>celor mai mari <strong>Platform\u0103 online pentru vape-uri de unic\u0103 folosin\u021b\u0103 \u00een Germania<\/strong>\u0219i experimenta\u021bi asta <strong>cea mai bun\u0103 experien\u021b\u0103 de vaporizare<\/strong>!<\/p>\n<h3>Concluzie<\/h3>\n<p>Die <strong>Fumot RandM Digital Box 12000 de trageri \u021bigar\u0103 electronic\u0103 de unic\u0103 folosin\u021b\u0103<\/strong> stabile\u0219te noi standarde pentru vaporizare \u0219i este echipat\u0103 cu func\u021biile sale avansate, precum \u0219i cu designul s\u0103u <strong>Gustul r\u0103coritor<\/strong> \u0219i cel <strong>performan\u021b\u0103 de lung\u0103 durat\u0103<\/strong> una dintre cele mai bune <strong>E-\u021bigarete de unic\u0103 folosin\u021b\u0103<\/strong> pe pia\u021b\u0103. Ia-\u021bi \u81ea\u5df1\u7684 - Translation is not required for \"eigen\" as it seems part of a phrase or name, however Romanian translation is: pe pia\u021b\u0103. Ia-\u021bi <strong>Fumot Digital Box<\/strong> \u0219i bucura\u021bi-v\u0103 de un <strong>experien\u021b\u0103 de vaporizare luxoas\u0103<\/strong> pe <a href=\"https:\/\/alfakherwelt.de\/ro\/\"><strong>alfakherwelt.de<\/strong><\/a>!<\/p>","protected":false},"excerpt":{"rendered":"<div class=\"flex-shrink-0 flex flex-col relative items-end\">\n<div class=\"pt-0\">\n<div class=\"gizmo-shadow-stroke flex h-8 w-8 items-center justify-center overflow-hidden rounded-full\">\n<div class=\"h-full w-full\">\n<div class=\"flex-shrink-0 flex flex-col relative items-end\">\n<div class=\"pt-0\">\n<div class=\"gizmo-shadow-stroke flex h-8 w-8 items-center justify-center overflow-hidden rounded-full\">\n<div class=\"h-full w-full\">\n<div class=\"gizmo-shadow-stroke overflow-hidden rounded-full\">\n<div class=\"flex-1 overflow-hidden\">\n<div class=\"h-full\">\n<div class=\"react-scroll-to-bottom--css-nphjn-79elbk h-full\">\n<div class=\"react-scroll-to-bottom--css-nphjn-1n7m0yu\">\n<div class=\"flex flex-col text-sm md:pb-9\">\n<article class=\"w-full scroll-mb-[var(--thread-trailing-height,150px)] text-token-text-primary focus-visible:outline-2 focus-visible:outline-offset-[-4px]\" dir=\"auto\" data-testid=\"conversation-turn-5\" data-scroll-anchor=\"true\">\n<div class=\"m-auto text-base py-[18px] px-3 md:px-4 w-full md:px-5 lg:px-4 xl:px-5\">\n<div class=\"mx-auto flex flex-1 gap-4 text-base md:gap-5 lg:gap-6 md:max-w-3xl lg:max-w-[40rem] xl:max-w-[48rem]\">\n<div class=\"group\/conversation-turn relative flex w-full min-w-0 flex-col agent-turn\">\n<div class=\"flex-col gap-1 md:gap-3\">\n<div class=\"flex max-w-full flex-col flex-grow\">\n<div class=\"min-h-8 text-message flex w-full flex-col items-end gap-2 whitespace-normal break-words [.text-message+&amp;]:mt-5\" dir=\"auto\" data-message-author-role=\"assistant\" data-message-id=\"1982dcee-f0f5-4cfa-a269-fdbaed43d922\" data-message-model-slug=\"gpt-4o\">\n<div class=\"flex w-full flex-col gap-1 empty:hidden first:pt-[3px]\">\n<div class=\"markdown prose w-full break-words dark:prose-invert light\">\n<div class=\"flex-1 overflow-hidden\">\n<div class=\"h-full\">\n<div class=\"react-scroll-to-bottom--css-xrsce-79elbk h-full\">\n<div class=\"react-scroll-to-bottom--css-xrsce-1n7m0yu\">\n<div class=\"flex flex-col text-sm md:pb-9\">\n<article class=\"w-full scroll-mb-[var(--thread-trailing-height,150px)] text-token-text-primary focus-visible:outline-2 focus-visible:outline-offset-[-4px]\" dir=\"auto\" data-testid=\"conversation-turn-5\" data-scroll-anchor=\"true\">\n<div class=\"m-auto text-base py-[18px] px-3 md:px-4 w-full md:px-5 lg:px-4 xl:px-5\">\n<div class=\"mx-auto flex flex-1 gap-4 text-base md:gap-5 lg:gap-6 md:max-w-3xl lg:max-w-[40rem] xl:max-w-[48rem]\">\n<div class=\"group\/conversation-turn relative flex w-full min-w-0 flex-col agent-turn\">\n<div class=\"flex-col gap-1 md:gap-3\">\n<div class=\"flex max-w-full flex-col flex-grow\">\n<div class=\"min-h-8 text-message flex w-full flex-col items-end gap-2 whitespace-normal break-words [.text-message+&amp;]:mt-5\" dir=\"auto\" data-message-author-role=\"assistant\" data-message-id=\"1a0c8d71-a6be-4cc9-b460-deb3e7ecbf47\" data-message-model-slug=\"gpt-4o\">\n<div class=\"flex w-full flex-col gap-1 empty:hidden first:pt-[3px]\">\n<div class=\"markdown prose w-full break-words dark:prose-invert light\">\n<div class=\"flex-1 overflow-hidden\">\n<div class=\"h-full\">\n<div class=\"react-scroll-to-bottom--css-gqbzc-79elbk h-full\">\n<div class=\"react-scroll-to-bottom--css-gqbzc-1n7m0yu\">\n<div class=\"flex flex-col text-sm md:pb-9\">\n<article class=\"w-full scroll-mb-[var(--thread-trailing-height,150px)] text-token-text-primary focus-visible:outline-2 focus-visible:outline-offset-[-4px]\" dir=\"auto\" data-testid=\"conversation-turn-5\" data-scroll-anchor=\"true\">\n<div class=\"m-auto text-base py-[18px] px-3 md:px-4 w-full md:px-5 lg:px-4 xl:px-5\">\n<div class=\"mx-auto flex flex-1 gap-4 text-base md:gap-5 lg:gap-6 md:max-w-3xl lg:max-w-[40rem] xl:max-w-[48rem]\">\n<div class=\"group\/conversation-turn relative flex w-full min-w-0 flex-col agent-turn\">\n<div class=\"flex-col gap-1 md:gap-3\">\n<div class=\"flex max-w-full flex-col flex-grow\">\n<div class=\"min-h-8 text-message flex w-full flex-col items-end gap-2 whitespace-normal break-words [.text-message+&amp;]:mt-5\" dir=\"auto\" data-message-author-role=\"assistant\" data-message-id=\"ca066132-0777-4603-995e-a689971b3380\" data-message-model-slug=\"gpt-4o\">\n<div class=\"flex w-full flex-col gap-1 empty:hidden first:pt-[3px]\">\n<div class=\"markdown prose w-full break-words dark:prose-invert light\">\n<p>Die <strong>Fumot RandM Digital Box 12000 de trageri \u021bigar\u0103 electronic\u0103 de unic\u0103 folosin\u021b\u0103<\/strong> ofer\u0103 cu lor <strong>20ml E-Liquid<\/strong>unul <strong>Baterie re\u00eenc\u0103rcabil\u0103 de 550mAh<\/strong>, <strong>p\u00e2n\u0103 la 12000 de trageri<\/strong>unui <strong>Afi\u0219aj LED<\/strong>, <strong>6 lumini RGB<\/strong>, <strong>Bobine Mesh<\/strong> \u0219i posibilitatea de a schimba \u00eentre <strong>5% sau 2% nicotin\u0103<\/strong> alege\u021bi o experien\u021b\u0103 de vaporizare remarcabil\u0103 \u0219i individual\u0103.<\/p>\n<\/div>\n<\/div>\n<\/div>\n<\/div>\n<\/div>\n<\/div>\n<\/div>\n<\/div>\n<\/article>\n<\/div>\n<\/div>\n<\/div>\n<\/div>\n<\/div>\n<\/div>\n<\/div>\n<\/div>\n<\/div>\n<\/div>\n<\/div>\n<\/div>\n<\/div>\n<\/article>\n<\/div>\n<\/div>\n<\/div>\n<\/div>\n<\/div>\n<\/div>\n<\/div>\n<\/div>\n<\/div>\n<div class=\"pr-2 lg:pr-0\"><\/div>\n<div class=\"mt-3 w-full empty:hidden\">\n<div class=\"text-center\"><\/div>\n<\/div>\n<\/div>\n<div class=\"absolute\">\n<div class=\"flex items-center justify-center\"><\/div>\n<\/div>\n<\/div>\n<\/div>\n<\/div>\n<\/article>\n<\/div>\n<\/div>\n<\/div>\n<\/div>\n<\/div>\n<div class=\"md:pt-0 dark:border-white\/20 md:border-transparent md:dark:border-transparent w-full\">\n<div>\n<div class=\"m-auto text-base px-3 md:px-4 w-full md:px-5 lg:px-4 xl:px-5\">\n<div class=\"mx-auto flex flex-1 gap-4 text-base md:gap-5 lg:gap-6 md:max-w-3xl lg:max-w-[40rem] xl:max-w-[48rem]\">\n<div class=\"flex justify-center\"><\/div>\n<\/div>\n<\/div>\n<\/div>\n<\/div>\n<\/div>\n<\/div>\n<\/div>\n<\/div>\n<\/div>\n<\/div>\n<\/div>\n<\/div>\n<\/div>","protected":false},"featured_media":2738,"comment_status":"open","ping_status":"closed","template":"","meta":[],"product_brand":[],"product_cat":[57],"product_tag":[],"class_list":{"0":"post-2733","1":"product","2":"type-product","3":"status-publish","4":"has-post-thumbnail","6":"product_cat-randm-fumot-digital-box-12000","8":"first","9":"instock","10":"sale","11":"shipping-taxable","12":"purchasable","13":"product-type-simple"},"jetpack_sharing_enabled":true,"_links":{"self":[{"href":"https:\/\/alfakherwelt.de\/ro\/wp-json\/wp\/v2\/product\/2733","targetHints":{"allow":["GET"]}}],"collection":[{"href":"https:\/\/alfakherwelt.de\/ro\/wp-json\/wp\/v2\/product"}],"about":[{"href":"https:\/\/alfakherwelt.de\/ro\/wp-json\/wp\/v2\/types\/product"}],"replies":[{"embeddable":true,"href":"https:\/\/alfakherwelt.de\/ro\/wp-json\/wp\/v2\/comments?post=2733"}],"wp:featuredmedia":[{"embeddable":true,"href":"https:\/\/alfakherwelt.de\/ro\/wp-json\/wp\/v2\/media\/2738"}],"wp:attachment":[{"href":"https:\/\/alfakherwelt.de\/ro\/wp-json\/wp\/v2\/media?parent=2733"}],"wp:term":[{"taxonomy":"product_brand","embeddable":true,"href":"https:\/\/alfakherwelt.de\/ro\/wp-json\/wp\/v2\/product_brand?post=2733"},{"taxonomy":"product_cat","embeddable":true,"href":"https:\/\/alfakherwelt.de\/ro\/wp-json\/wp\/v2\/product_cat?post=2733"},{"taxonomy":"product_tag","embeddable":true,"href":"https:\/\/alfakherwelt.de\/ro\/wp-json\/wp\/v2\/product_tag?post=2733"}],"curies":[{"name":"wp","href":"https:\/\/api.w.org\/{rel}","templated":true}]}}