{"id":2235,"date":"2025-02-06T10:36:46","date_gmt":"2025-02-06T10:36:46","guid":{"rendered":"https:\/\/alfakherwelt.de\/?post_type=product&#038;p=2235"},"modified":"2025-06-03T07:03:07","modified_gmt":"2025-06-03T07:03:07","slug":"al-fakher-crown-bar-8000-pufuri-tigara-electronica-de-unica-folosinta-fructul-pasiunii-dulce-33","status":"publish","type":"product","link":"https:\/\/alfakherwelt.de\/ro\/produs\/al-fakher-crown-bar-8000-pufuri-tigara-electronica-de-unica-folosinta-fructul-pasiunii-dulce-33\/","title":{"rendered":"Arymi Hookalit 40000 de \u021bigarete electronice de unic\u0103 folosin\u021b\u0103 - Lemon Mint"},"content":{"rendered":"<div style=\"width: 1020px;\" class=\"wp-video\"><video class=\"wp-video-shortcode\" id=\"video-2235-1\" width=\"1020\" height=\"574\" preload=\"metadata\" controls=\"controls\"><source type=\"video\/mp4\" src=\"https:\/\/alfakherwelt.de\/wp-content\/uploads\/2025\/01\/arymi-hookalit-40000-\u89c6\u9891.mp4?_=1\" \/><a href=\"https:\/\/alfakherwelt.de\/wp-content\/uploads\/2025\/01\/arymi-hookalit-40000-vid\u00e9o.mp4\">https:\/\/alfakherwelt.de\/wp-content\/uploads\/2025\/01\/arymi-hookalit-40000-vid\u00e9o.mp4<\/a><\/video><\/div>\n<h2><a href=\"https:\/\/alfakherwelt.de\/ro\/categorie-de-produse\/request-failed-with-status-code-557\/\">Arymi Hookalit 40000 trenuri<\/a> E-\u021bigar\u0103 de unic\u0103 folosin\u021b\u0103: Amestec perfect de tehnologie \u0219i arom\u0103<\/h2>\n<p>Die <strong>Arymi Hookalit 40000 \u021bigarete electronice de unic\u0103 folosin\u021b\u0103<\/strong> Este mai mult dec\u00e2t un dispozitiv obi\u0219nuit de vaporizare. Ea combin\u0103 tehnologia avansat\u0103, o capacitate imens\u0103 de lichid \u0219i o experien\u021b\u0103 de gust de neconfundat. Pentru vapatorii care vor cel mai bun, aceast\u0103 \u021bigar\u0103 electronic\u0103 de unic\u0103 folosin\u021b\u0103 este alegerea ideal\u0103. Cu o capacitate enorm\u0103, func\u021bii u\u0219or de utilizat \u0219i un gust autentic de shisha, Arymi Hookalit se diferen\u021biaz\u0103 de alte produse de pe pia\u021b\u0103.<\/p>\n<p><strong>De ce ar trebui s\u0103 alege\u021bi \u021bigara electronic\u0103 de unic\u0103 folosin\u021b\u0103 Arymi Hookalit 40000 puffs?<\/strong><\/p>\n<p>Die <strong>Arymi Hookalit<\/strong> ofer\u0103 amestecul perfect de performan\u021b\u0103 excep\u021bional\u0103 \u0219i gust distinctiv. Cu o capacitate imens\u0103 de 40 ml \u0219i o baterie integrat\u0103, re\u00eenc\u0103rcabil\u0103 de 1300mAh, aceast\u0103 \u021bigar\u0103 electronic\u0103 de unic\u0103 folosin\u021b\u0103 va dep\u0103\u0219i a\u0219tept\u0103rile dumneavoastr\u0103. Bucura\u021bi-v\u0103 de p\u00e2n\u0103 la <strong>40.000 de trenuri<\/strong> la MTL (Mouth-To-Lung) sau p\u00e2n\u0103 la <strong>20.000 de trenuri<\/strong> La DL (Direct-Lung). Ea ofer\u0103 o putere de nicotin\u0103 de 0,5% (5 mg\/ml) \u0219i permite o produc\u021bie de vapori de \u00eenalt\u0103 calitate.<\/p>\n<h3>Caracteristici complete ale produsului<a href=\"https:\/\/alfakherwelt.de\/ro\/categorie-de-produse\/request-failed-with-status-code-557\/\"> Arymi Hookalit 40000 trenuri<\/a> E-\u021bigaret\u0103 de unic\u0103 folosin\u021b\u0103<\/h3>\n<h4>1. <strong>Capacitate gigantic\u0103 de e-lichid de 40 ml<\/strong><\/h4>\n<p>Cu o capacitate generoas\u0103 de 40 ml, pute\u021bi bucura de o perioad\u0103 de vaporizare excep\u021bional de lung\u0103. Aceast\u0103 cantitate este suficient\u0103 pentru multiple trageri \u0219i v\u0103 permite s\u0103 utiliza\u021bi \u021bigara electronic\u0103 de unic\u0103 folosin\u021b\u0103 pentru o perioad\u0103 lung\u0103 de timp f\u0103r\u0103 s\u0103 fie nevoie de realimentare sau \u00eenlocuire.<\/p>\n<h4>2. <strong>Baterie re\u00eenc\u0103rcabil\u0103 integrat\u0103 de 1300mAh<\/strong><\/h4>\n<p>Bateria puternic\u0103 v\u0103 permite s\u0103 experimenta\u021bi p\u00e2n\u0103 la 40.000 de trageri la MTL f\u0103r\u0103 s\u0103 v\u0103 face\u021bi griji cu privire la nivelul de \u00eenc\u0103rcare. Bateria poate fi \u00eenc\u0103rcat\u0103 prin conexiunea USB de tip C \u0219i asigur\u0103 o durat\u0103 de via\u021b\u0103 lung\u0103 \u0219i o performan\u021b\u0103 constant\u0103.<\/p>\n<h4>3. <strong>Puterea de nicotin\u0103 de 5mg\/ml (0,5%)<\/strong><\/h4>\n<p>Die <strong>5mg\/ml concentra\u021bie de nicotin\u0103<\/strong> ofer\u0103 o experien\u021b\u0103 pl\u0103cut\u0103 de vaporizare, potrivit\u0103 at\u00e2t pentru vaperii experimenta\u021bi, c\u00e2t \u0219i pentru \u00eencep\u0103tori. Aceast\u0103 putere asigur\u0103 o absorb\u021bie echilibrat\u0103 \u0219i satisf\u0103c\u0103toare de nicotin\u0103 la fiecare puf.<\/p>\n<h4>4. <strong>Bobin\u0103 Mesh de \u00eenalt\u0103 calitate (0,6 Ohm) pentru un gust intens<\/strong><\/h4>\n<p>Cu ajutorul <strong>0,6 Ohm Mesh-Coil<\/strong> experimenta\u021bi o vaporizare intens\u0103 \u0219i uniform\u0103. Aceast\u0103 bobin\u0103 asigur\u0103 un gust \u00eembun\u0103t\u0103\u021bit \u0219i o produc\u021bie mai mare de vapori, \u00een special la <strong>Direct-Lung (DL)<\/strong> \u0219i <strong>Mouth-To-Lung (MTL)<\/strong>Tehnici.<\/p>\n<h4>5. <strong>Controlul debitului de aer reglabil<\/strong><\/h4>\n<p>Datorit\u0103 <strong>controlul debitului de aer reglabil<\/strong> Pute\u021bi personaliza experien\u021ba de vaporizare \u00een func\u021bie de preferin\u021bele dvs. Fie pentru o trac\u021biune u\u0219oar\u0103 \u00een stil MTL sau pentru o produc\u021bie de vapori mai puternic\u0103 \u00een stil DL - Arymi Hookalit v\u0103 ofer\u0103 control complet.<\/p>\n<h4>6. <strong>V\u00e2rf de picurare asem\u0103n\u0103tor unui pai pentru un confort sporit<\/strong><\/h4>\n<p>Das <strong>v\u00e2rf de picurare asem\u0103n\u0103tor paiului<\/strong> Asigur\u0103 o experien\u021b\u0103 de tragere confortabil\u0103 \u0219i o arom\u0103 \u00eembun\u0103t\u0103\u021bit\u0103.  Ofer\u0103 o form\u0103 ergonomic\u0103, care face tragerea mai natural\u0103 \u0219i mai pl\u0103cut\u0103.<\/p>\n<h4>7. <strong>Afi\u0219aj digital pentru utilizare u\u0219oar\u0103<\/strong><\/h4>\n<p>Simpla <strong>afi\u0219aj digital<\/strong> face operarea <strong>Arymi Hookalit 40000<\/strong> \u00eei \u0219i mai u\u0219or de utilizat. Afi\u0219eaz\u0103 dintr-o privire c\u00e2t de mult\u0103 lichiditate este \u00eenc\u0103 disponibil\u0103 \u0219i c\u00e2nd dispozitivul trebuie re\u00eenc\u0103rcat.<\/p>\n<h4>8. <strong>Tragere activat\u0103 prin vapoare<\/strong><\/h4>\n<p>Datorit\u0103 <strong>tehnologie activat\u0103 de tren<\/strong> Trebuie doar s\u0103 trage\u021bi de e-\u021bigar\u0103 pentru a activa vaporul. Nu este nevoie de un comutator, ceea ce cre\u0219te \u0219i mai mult confortul \u0219i u\u0219urin\u021ba \u00een utilizare.<\/p>\n<h4>9. <strong>Aromuri autentice de shisha<\/strong><\/h4>\n<p>Arymi Hookalit ofer\u0103 arome autentice de shisha, care sunt deosebit de potrivite pentru vaporizarea direct \u00een pl\u0103m\u00e2ni. Gustul este clar \u0219i plin, ceea ce asigur\u0103 o experien\u021b\u0103 de vaporizare excep\u021bional\u0103.<\/p>\n<h4>10. <strong>\u00cenc\u0103rcare USB Type-C (cablul nu este inclus)<\/strong><\/h4>\n<p>Die <strong>\u00cenc\u0103rcare USB Tip-C<\/strong> v\u0103 permite s\u0103 \u00eenc\u0103rca\u021bi rapid \u0219i eficient \u021bigara electronic\u0103.  \u00cenc\u0103rc\u0103torul nu este inclus \u00een pachet, dar conectorul standard USB de tip C este disponibil la nivel mondial.<\/p>\n<h2><img loading=\"lazy\" decoding=\"async\" class=\"alignnone wp-image-2120 size-full\" style=\"color: #555555; font-size: 14.4px;\" src=\"https:\/\/alfakherwelt.de\/wp-content\/uploads\/2025\/01\/arymi-hookalit-40000-.webp\" alt=\"Arymi Hookalit 40000 \u021bigarete electronice de unic\u0103 folosin\u021b\u0103 - L\u0103m\u00e2ie Ment\u0103\" width=\"2000\" height=\"2000\" title=\"\" srcset=\"https:\/\/alfakherwelt.de\/wp-content\/uploads\/2025\/01\/arymi-hookalit-40000-.webp 2000w, https:\/\/alfakherwelt.de\/wp-content\/uploads\/2025\/01\/arymi-hookalit-40000--300x300.webp 300w, https:\/\/alfakherwelt.de\/wp-content\/uploads\/2025\/01\/arymi-hookalit-40000--1024x1024.webp 1024w, https:\/\/alfakherwelt.de\/wp-content\/uploads\/2025\/01\/arymi-hookalit-40000--150x150.webp 150w, https:\/\/alfakherwelt.de\/wp-content\/uploads\/2025\/01\/arymi-hookalit-40000--768x768.webp 768w, https:\/\/alfakherwelt.de\/wp-content\/uploads\/2025\/01\/arymi-hookalit-40000--1536x1536.webp 1536w, https:\/\/alfakherwelt.de\/wp-content\/uploads\/2025\/01\/arymi-hookalit-40000--12x12.webp 12w, https:\/\/alfakherwelt.de\/wp-content\/uploads\/2025\/01\/arymi-hookalit-40000--600x600.webp 600w, https:\/\/alfakherwelt.de\/wp-content\/uploads\/2025\/01\/arymi-hookalit-40000--100x100.webp 100w\" sizes=\"auto, (max-width: 2000px) 100vw, 2000px\" \/><\/h2>\n<h3><strong>Aromele der <a href=\"https:\/\/alfakherwelt.de\/ro\/categorie-de-produse\/request-failed-with-status-code-557\/\">Arymi Hookalit 40000 trenuri<\/a> E-\u021bigaret\u0103 de unic\u0103 folosin\u021b\u0103<\/strong><\/h3>\n<p>Die <strong>Arymi Hookalit 40000 \u021bigarete electronice de unic\u0103 folosin\u021b\u0103<\/strong> nu numai pentru performan\u021ba lor, ci \u0219i pentru lor <strong>unice \u0219i delicioase arome<\/strong>Mai ales <strong>L\u0103m\u00e2ie Ment\u0103<\/strong>-Variante asigur\u0103 o experien\u021b\u0103 de gust inconfundabil\u0103, care este at\u00e2t proasp\u0103t\u0103, c\u00e2t \u0219i r\u0103coritoare.<\/p>\n<h4><strong>Lemon Mint - R\u0103coritor \u0219i Citric<\/strong><\/h4>\n<p>Gustul de <strong>L\u0103m\u00e2ie Ment\u0103<\/strong> combin\u0103 prospe\u021bimea \u0219i aciditatea l\u0103m\u00e2ii cu o not\u0103 de mentol r\u0103coritoare. Aceast\u0103 arom\u0103 este ideal\u0103 pentru cei care caut\u0103 o senza\u021bie de prospe\u021bime vibrant\u0103 \u0219i revigorant\u0103. L\u0103m\u00e2ia adaug\u0103 un impuls acid care treze\u0219te papilele gustative, \u00een timp ce gustul de ment\u0103 completeaz\u0103 experien\u021ba cu o prospe\u021bime pl\u0103cut\u0103 \u0219i o finish r\u0103coritoare.<\/p>\n<p>Imagina\u021bi-v\u0103 c\u0103 sorbi\u021bi o b\u0103utur\u0103 r\u0103coritoare de l\u0103m\u00e2ie \u0219i ment\u0103 \u00eentr-o zi fierbinte de var\u0103. Exact a\u0219a se simte <strong>L\u0103m\u00e2ie Ment\u0103<\/strong> Gustul Arymi Hookalit - r\u0103coritor, revigorant \u0219i pur \u0219i simplu perfect pentru pauze.<\/p>\n<p>Gustul nu este cople\u0219itor \u0219i r\u0103m\u00e2ne pe tot parcursul pl\u0103cut \u0219i nu artificial. Ofer\u0103 un echilibru ideal \u00eentre prospe\u021bime \u0219i dulcea\u021b\u0103, ceea ce \u00eel face favorit pentru mul\u021bi vapori. Indiferent dac\u0103 abia \u00eencepe\u021bi sau sunte\u021bi un vapori experimentat - aceast\u0103 arom\u0103 este ideal\u0103 pentru \u00eentreaga zi.<\/p>\n<h3><strong>De ce ar trebui s\u0103 cump\u0103ra\u021bi \u021bigara electronic\u0103 de unic\u0103 folosin\u021b\u0103 Arymi Hookalit 40000 puffs?<\/strong><\/h3>\n<ul>\n<li><strong>Timp de abur prelungit:<\/strong> Cu o capacitate de 40 ml \u0219i o baterie care \u021bine p\u00e2n\u0103 la 40.000 de trageri, nu trebuie s\u0103 v\u0103 face\u021bi griji cu privire la reaprovizionare sau \u00eenc\u0103rcare frecvent\u0103.<\/li>\n<li><strong>Experien\u021b\u0103 de abur \u0219i arom\u0103 de prim\u0103 clas\u0103:<\/strong> Der <strong>0,6 Ohm Mesh-Coil<\/strong> \u0219i \nea <strong>controlul debitului de aer reglabil<\/strong> asigur\u0103 o experien\u021b\u0103 de croazier\u0103 de neuitat.<\/li>\n<li><strong>Utilizare versatil\u0103:<\/strong> Die <strong>controlul debitului de aer reglabil<\/strong> v\u0103 permite s\u0103 ajusta\u021bi vaporizarea exact dup\u0103 dorin\u021bele dvs. - fie MTL sau DL.<\/li>\n<li><strong>Autentic\u0103 arom\u0103 de shisha:<\/strong> Gusta\u021bi autenticul <strong>L\u0103m\u00e2ie Ment\u0103<\/strong>un gust care nu v\u0103 va dezam\u0103gi.<\/li>\n<li><strong>Utilizator-friendly \u0219i confortabil:<\/strong> Cu ajutorul <strong>afi\u015faj digital<\/strong> \u0219i cel <strong>tehnologie activat\u0103 de tren<\/strong> Pute\u021bi utiliza dispozitivul foarte u\u0219or.<\/li>\n<\/ul>\n<p>Cump\u0103ra\u021bi-le pe <strong>Arymi Hookalit 40000 \u021bigarete electronice de unic\u0103 folosin\u021b\u0103<\/strong> direct pe <strong>alfakherwelt.de<\/strong>cel mai mare platform\u0103 online pentru <strong>Vape de unic\u0103 folosin\u021b\u0103 \u00een Germania<\/strong>La noi ve\u021bi g\u0103si o selec\u021bie imens\u0103 de \u021big\u0103ri electronice de unic\u0103 folosin\u021b\u0103 care vor dep\u0103\u0219i a\u0219tept\u0103rile dumneavoastr\u0103.<\/p>\n<hr \/>\n<h3><strong>\u00centreb\u0103ri frecvente despre <a href=\"https:\/\/alfakherwelt.de\/ro\/categorie-de-produse\/request-failed-with-status-code-557\/\">Arymi Hookalit 40000 trenuri<\/a> E-\u021bigaret\u0103 de unic\u0103 folosin\u021b\u0103<\/strong><\/h3>\n<h4>1. <strong>Cu c\u00e2te puffs se poate bucura de  Arymi Hookalit 40000  \u021bigara electronic\u0103 de unic\u0103 folosin\u021b\u0103?<\/strong><\/h4>\n<p>Pute\u021bi lucra cu Arymi Hookalit aproximativ <strong>40.000 de trenuri<\/strong> \u00een <strong>Stil MTL<\/strong> (Mouth-To-Lung) sau \n Direct-To-Lung <strong>20.000 de trenuri<\/strong> \u00een <strong>Stil DL<\/strong> (Direct-Lung) se bucur\u0103.<\/p>\n<h4>2. <strong>Este Arymi Hookalit 40000 o \u021bigaret\u0103 electronic\u0103 de unic\u0103 folosin\u021b\u0103 cu nicotin\u0103?<\/strong><\/h4>\n<p>Da, Arymi Hookalit con\u021bine <strong>0,5% Nicotin\u0103<\/strong> (5 mg\/ml), care asigur\u0103 o absorb\u021bie a nicotinei lin\u0103 \u0219i satisf\u0103c\u0103toare.<\/p>\n<h4>3. <strong>Cum \u00eenc\u0103rc dispozitivul de \u021bigar\u0103 electronic\u0103 de unic\u0103 folosin\u021b\u0103 Arymi Hookalit 40000?<\/strong><\/h4>\n<p>Die <strong>Arymi Hookalit<\/strong> dispune de un <strong>USB Tip-C<\/strong> Conector pentru \u00eenc\u0103rcare. Cu toate acestea, cablul de \u00eenc\u0103rcare nu este inclus.<\/p>\n<h4>4. <strong>Nu, Arymi Hookalit 40000 nu poate fi reumplut\u0103.<\/strong><\/h4>\n<p>Nu, Arymi Hookalit este o <strong>E-Zigarette de unic\u0103 folosin\u021b\u0103<\/strong>care nu poate fi reumplut\u0103. Este conceput\u0103 pentru utilizare pe termen lung, p\u00e2n\u0103 c\u00e2nd lichidul electronic \u0219i bateria sunt epuizate.<\/p>\n<h4>5. <strong>Wie reinige ich meine Arymi Hookalit 40000 Einweg E Zigarette?\n\n kann nicht \u00fcbersetzt werden, da es ein spezielles Produkt ist, ich \u00fcbersetze nur den Satz:\nCur\u0103\u021barea unui dispozitiv de acest tip nu este recomandat\u0103 deoarece este destinat pentru o singur\u0103 utilizare. Pentru a cur\u0103\u021ba exteriorul, pute\u021bi utiliza o c\u00e2rp\u0103 moale \u0219i uscat\u0103. Evita\u021bi s\u0103 introduce\u021bi orice obiect \u00een dispozitiv pentru a cur\u0103\u021ba interiorul, deoarece acest lucru poate d\u0103una dispozitivului \u0219i poate afecta func\u021bionarea acestuia. Dac\u0103 dori\u021bi s\u0103 cur\u0103\u021ba\u021bi gura de aerisire, pute\u021bi utiliza o perie moale pentru a \u00eendep\u0103rta praful \u0219i murd\u0103ria.<\/strong><\/h4>\n<p>Fiind vorba despre o <strong>E-Zigarette de unic\u0103 folosin\u021b\u0103<\/strong> Nu necesit\u0103 cur\u0103\u021bare.  Odat\u0103 ce lichidul electronic este epuizat sau bateria este desc\u0103rcat\u0103, dispozitivul trebuie s\u0103 fie eliminat.<\/p>\n<hr \/>\n<h4>Cump\u0103ra\u021bi ast\u0103zi \u60a8\u7684 <strong>Arymi Hookalit 40000 \u021bigarete electronice de unic\u0103 folosin\u021b\u0103<\/strong> pe <a href=\"https:\/\/alfakherwelt.de\/ro\/\"><strong>alfakherwelt.de<\/strong><\/a> \u0219i experimenta\u021bi experien\u021ba suprem\u0103 de vapoare.<\/h4>","protected":false},"excerpt":{"rendered":"<div class=\"flex-shrink-0 flex flex-col relative items-end\">\n<div class=\"pt-0\">\n<div class=\"gizmo-shadow-stroke flex h-8 w-8 items-center justify-center overflow-hidden rounded-full\">\n<div class=\"h-full w-full\">\n<div class=\"flex-shrink-0 flex flex-col relative items-end\">\n<div class=\"pt-0\">\n<div class=\"gizmo-shadow-stroke flex h-8 w-8 items-center justify-center overflow-hidden rounded-full\">\n<div class=\"h-full w-full\">\n<div class=\"gizmo-shadow-stroke overflow-hidden rounded-full\">\n<div class=\"flex-1 overflow-hidden\">\n<div class=\"h-full\">\n<div class=\"react-scroll-to-bottom--css-nphjn-79elbk h-full\">\n<div class=\"react-scroll-to-bottom--css-nphjn-1n7m0yu\">\n<div class=\"flex flex-col text-sm md:pb-9\">\n<article class=\"w-full scroll-mb-[var(--thread-trailing-height,150px)] text-token-text-primary focus-visible:outline-2 focus-visible:outline-offset-[-4px]\" dir=\"auto\" data-testid=\"conversation-turn-5\" data-scroll-anchor=\"true\">\n<div class=\"m-auto text-base py-[18px] px-3 md:px-4 w-full md:px-5 lg:px-4 xl:px-5\">\n<div class=\"mx-auto flex flex-1 gap-4 text-base md:gap-5 lg:gap-6 md:max-w-3xl lg:max-w-[40rem] xl:max-w-[48rem]\">\n<div class=\"group\/conversation-turn relative flex w-full min-w-0 flex-col agent-turn\">\n<div class=\"flex-col gap-1 md:gap-3\">\n<div class=\"flex max-w-full flex-col flex-grow\">\n<div class=\"min-h-8 text-message flex w-full flex-col items-end gap-2 whitespace-normal break-words [.text-message+&amp;]:mt-5\" dir=\"auto\" data-message-author-role=\"assistant\" data-message-id=\"1982dcee-f0f5-4cfa-a269-fdbaed43d922\" data-message-model-slug=\"gpt-4o\">\n<div class=\"flex w-full flex-col gap-1 empty:hidden first:pt-[3px]\">\n<div class=\"markdown prose w-full break-words dark:prose-invert light\">\n<div class=\"flex-1 overflow-hidden\">\n<div class=\"h-full\">\n<div class=\"react-scroll-to-bottom--css-xrsce-79elbk h-full\">\n<div class=\"react-scroll-to-bottom--css-xrsce-1n7m0yu\">\n<div class=\"flex flex-col text-sm md:pb-9\">\n<article class=\"w-full scroll-mb-[var(--thread-trailing-height,150px)] text-token-text-primary focus-visible:outline-2 focus-visible:outline-offset-[-4px]\" dir=\"auto\" data-testid=\"conversation-turn-5\" data-scroll-anchor=\"true\">\n<div class=\"m-auto text-base py-[18px] px-3 md:px-4 w-full md:px-5 lg:px-4 xl:px-5\">\n<div class=\"mx-auto flex flex-1 gap-4 text-base md:gap-5 lg:gap-6 md:max-w-3xl lg:max-w-[40rem] xl:max-w-[48rem]\">\n<div class=\"group\/conversation-turn relative flex w-full min-w-0 flex-col agent-turn\">\n<div class=\"flex-col gap-1 md:gap-3\">\n<div class=\"flex max-w-full flex-col flex-grow\">\n<div class=\"min-h-8 text-message flex w-full flex-col items-end gap-2 whitespace-normal break-words [.text-message+&amp;]:mt-5\" dir=\"auto\" data-message-author-role=\"assistant\" data-message-id=\"1a0c8d71-a6be-4cc9-b460-deb3e7ecbf47\" data-message-model-slug=\"gpt-4o\">\n<div class=\"flex w-full flex-col gap-1 empty:hidden first:pt-[3px]\">\n<div class=\"markdown prose w-full break-words dark:prose-invert light\">\n<div class=\"flex-1 overflow-hidden\">\n<div class=\"h-full\">\n<div class=\"react-scroll-to-bottom--css-gqbzc-79elbk h-full\">\n<div class=\"react-scroll-to-bottom--css-gqbzc-1n7m0yu\">\n<div class=\"flex flex-col text-sm md:pb-9\">\n<article class=\"w-full scroll-mb-[var(--thread-trailing-height,150px)] text-token-text-primary focus-visible:outline-2 focus-visible:outline-offset-[-4px]\" dir=\"auto\" data-testid=\"conversation-turn-5\" data-scroll-anchor=\"true\">\n<div class=\"m-auto text-base py-[18px] px-3 md:px-4 w-full md:px-5 lg:px-4 xl:px-5\">\n<div class=\"mx-auto flex flex-1 gap-4 text-base md:gap-5 lg:gap-6 md:max-w-3xl lg:max-w-[40rem] xl:max-w-[48rem]\">\n<div class=\"group\/conversation-turn relative flex w-full min-w-0 flex-col agent-turn\">\n<div class=\"flex-col gap-1 md:gap-3\">\n<div class=\"flex max-w-full flex-col flex-grow\">\n<div class=\"min-h-8 text-message flex w-full flex-col items-end gap-2 whitespace-normal break-words [.text-message+&amp;]:mt-5\" dir=\"auto\" data-message-author-role=\"assistant\" data-message-id=\"ca066132-0777-4603-995e-a689971b3380\" data-message-model-slug=\"gpt-4o\">\n<div class=\"flex w-full flex-col gap-1 empty:hidden first:pt-[3px]\">\n<div class=\"markdown prose w-full break-words dark:prose-invert light\">\n<div class=\"flex-1 overflow-hidden @container\/thread\">\n<div class=\"h-full\">\n<div class=\"react-scroll-to-bottom--css-rkqgb-79elbk h-full\">\n<div class=\"react-scroll-to-bottom--css-rkqgb-1n7m0yu\">\n<div class=\"flex flex-col text-sm md:pb-9\">\n<article class=\"w-full scroll-mb-[var(--thread-trailing-height,150px)] text-token-text-primary focus-visible:outline-2 focus-visible:outline-offset-[-4px]\" dir=\"auto\" data-testid=\"conversation-turn-9\" data-scroll-anchor=\"true\">\n<div class=\"m-auto text-base py-[18px] px-3 md:px-4 w-full md:px-5 lg:px-4 xl:px-5\">\n<div class=\"mx-auto flex flex-1 gap-4 text-base md:gap-5 lg:gap-6 md:max-w-3xl lg:max-w-[40rem] xl:max-w-[48rem]\">\n<div class=\"group\/conversation-turn relative flex w-full min-w-0 flex-col agent-turn\">\n<div class=\"flex-col gap-1 md:gap-3\">\n<div class=\"flex max-w-full flex-col flex-grow\">\n<div class=\"min-h-8 text-message flex w-full flex-col items-end gap-2 whitespace-normal break-words text-start [.text-message+&amp;]:mt-5\" dir=\"auto\" data-message-author-role=\"assistant\" data-message-id=\"87137e43-9a3e-4479-90ac-22c23781ee39\" data-message-model-slug=\"gpt-4o\">\n<div class=\"flex w-full flex-col gap-1 empty:hidden first:pt-[3px]\">\n<div class=\"markdown prose w-full break-words dark:prose-invert light\">\n<div class=\"flex-1 overflow-hidden @container\/thread\">\n<div class=\"h-full\">\n<div class=\"react-scroll-to-bottom--css-cgxka-79elbk h-full\">\n<div class=\"react-scroll-to-bottom--css-cgxka-1n7m0yu\">\n<div class=\"flex flex-col text-sm md:pb-9\">\n<article class=\"w-full scroll-mb-[var(--thread-trailing-height,150px)] text-token-text-primary focus-visible:outline-2 focus-visible:outline-offset-[-4px]\" dir=\"auto\" data-testid=\"conversation-turn-5\" data-scroll-anchor=\"true\">\n<div class=\"m-auto text-base py-[18px] px-3 md:px-4 w-full md:px-5 lg:px-4 xl:px-5\">\n<div class=\"mx-auto flex flex-1 gap-4 text-base md:gap-5 lg:gap-6 md:max-w-3xl lg:max-w-[40rem] xl:max-w-[48rem]\">\n<div class=\"group\/conversation-turn relative flex w-full min-w-0 flex-col agent-turn\">\n<div class=\"flex-col gap-1 md:gap-3\">\n<div class=\"flex max-w-full flex-col flex-grow\">\n<div class=\"min-h-8 text-message flex w-full flex-col items-end gap-2 whitespace-normal break-words text-start [.text-message+&amp;]:mt-5\" dir=\"auto\" data-message-author-role=\"assistant\" data-message-id=\"e1e13d20-b396-4dc4-abdf-40facc05c4de\" data-message-model-slug=\"gpt-4o\">\n<div class=\"flex w-full flex-col gap-1 empty:hidden first:pt-[3px]\">\n<div class=\"markdown prose w-full break-words dark:prose-invert light\">\n<p>Die <strong>Arymi Hookalit 40000 \u021bigarete electronice de unic\u0103 folosin\u021b\u0103<\/strong> Ofer\u0103, cu capacitatea sa impresionant\u0103 de 40 ml de lichid electronic, o baterie de lung\u0103 durat\u0103 de 1300 mAh \u0219i arome autentice de shisha, o experien\u021b\u0103 de vaporizare de prim\u0103 clas\u0103 cu p\u00e2n\u0103 la 40.000 de pufuri, flux de aer reglabil \u0219i o func\u021bie practic\u0103 activat\u0103 prin puf.<\/p>\n<\/div>\n<\/div>\n<\/div>\n<\/div>\n<\/div>\n<\/div>\n<\/div>\n<\/div>\n<\/article>\n<\/div>\n<\/div>\n<\/div>\n<\/div>\n<\/div>\n<div class=\"md:pt-0 dark:border-white\/20 md:border-transparent md:dark:border-transparent w-full\">\n<div>\n<div class=\"m-auto text-base px-3 md:px-4 w-full md:px-5 lg:px-4 xl:px-5\">\n<div class=\"mx-auto flex flex-1 gap-4 text-base md:gap-5 lg:gap-6 md:max-w-3xl lg:max-w-[40rem] xl:max-w-[48rem]\">\n<div class=\"flex justify-center\"><\/div>\n<\/div>\n<\/div>\n<\/div>\n<\/div>\n<\/div>\n<\/div>\n<\/div>\n<\/div>\n<div class=\"pr-2 lg:pr-0\"><\/div>\n<\/div>\n<\/div>\n<\/div>\n<\/div>\n<\/article>\n<\/div>\n<\/div>\n<\/div>\n<\/div>\n<\/div>\n<\/div>\n<\/div>\n<\/div>\n<\/div>\n<\/div>\n<\/div>\n<\/div>\n<\/div>\n<\/article>\n<\/div>\n<\/div>\n<\/div>\n<\/div>\n<\/div>\n<\/div>\n<\/div>\n<\/div>\n<\/div>\n<\/div>\n<\/div>\n<\/div>\n<\/div>\n<\/article>\n<\/div>\n<\/div>\n<\/div>\n<\/div>\n<\/div>\n<\/div>\n<\/div>\n<\/div>\n<\/div>\n<div class=\"pr-2 lg:pr-0\"><\/div>\n<div class=\"mt-3 w-full empty:hidden\">\n<div class=\"text-center\"><\/div>\n<\/div>\n<\/div>\n<div class=\"absolute\">\n<div class=\"flex items-center justify-center\"><\/div>\n<\/div>\n<\/div>\n<\/div>\n<\/div>\n<\/article>\n<\/div>\n<\/div>\n<\/div>\n<\/div>\n<\/div>\n<div class=\"md:pt-0 dark:border-white\/20 md:border-transparent md:dark:border-transparent w-full\">\n<div>\n<div class=\"m-auto text-base px-3 md:px-4 w-full md:px-5 lg:px-4 xl:px-5\">\n<div class=\"mx-auto flex flex-1 gap-4 text-base md:gap-5 lg:gap-6 md:max-w-3xl lg:max-w-[40rem] xl:max-w-[48rem]\">\n<div class=\"flex justify-center\"><\/div>\n<\/div>\n<\/div>\n<\/div>\n<\/div>\n<\/div>\n<\/div>\n<\/div>\n<\/div>\n<\/div>\n<\/div>\n<\/div>\n<\/div>\n<\/div>","protected":false},"featured_media":2238,"comment_status":"open","ping_status":"closed","template":"","meta":[],"product_brand":[],"product_cat":[110],"product_tag":[],"class_list":{"0":"post-2235","1":"product","2":"type-product","3":"status-publish","4":"has-post-thumbnail","6":"product_cat-arymi-hookalit-40000","8":"first","9":"instock","10":"sale","11":"shipping-taxable","12":"purchasable","13":"product-type-simple"},"jetpack_sharing_enabled":true,"_links":{"self":[{"href":"https:\/\/alfakherwelt.de\/ro\/wp-json\/wp\/v2\/product\/2235","targetHints":{"allow":["GET"]}}],"collection":[{"href":"https:\/\/alfakherwelt.de\/ro\/wp-json\/wp\/v2\/product"}],"about":[{"href":"https:\/\/alfakherwelt.de\/ro\/wp-json\/wp\/v2\/types\/product"}],"replies":[{"embeddable":true,"href":"https:\/\/alfakherwelt.de\/ro\/wp-json\/wp\/v2\/comments?post=2235"}],"wp:featuredmedia":[{"embeddable":true,"href":"https:\/\/alfakherwelt.de\/ro\/wp-json\/wp\/v2\/media\/2238"}],"wp:attachment":[{"href":"https:\/\/alfakherwelt.de\/ro\/wp-json\/wp\/v2\/media?parent=2235"}],"wp:term":[{"taxonomy":"product_brand","embeddable":true,"href":"https:\/\/alfakherwelt.de\/ro\/wp-json\/wp\/v2\/product_brand?post=2235"},{"taxonomy":"product_cat","embeddable":true,"href":"https:\/\/alfakherwelt.de\/ro\/wp-json\/wp\/v2\/product_cat?post=2235"},{"taxonomy":"product_tag","embeddable":true,"href":"https:\/\/alfakherwelt.de\/ro\/wp-json\/wp\/v2\/product_tag?post=2235"}],"curies":[{"name":"wp","href":"https:\/\/api.w.org\/{rel}","templated":true}]}}