{"id":2061,"date":"2025-01-21T02:12:17","date_gmt":"2025-01-21T02:12:17","guid":{"rendered":"https:\/\/alfakherwelt.de\/?post_type=product&#038;p=2061"},"modified":"2025-05-12T07:49:42","modified_gmt":"2025-05-12T07:49:42","slug":"al-fakher-crown-bar-8000-pufuri-tigara-electronica-de-unica-folosinta-fructul-pasiunii-dulce-226","status":"publish","type":"product","link":"https:\/\/alfakherwelt.de\/ro\/produs\/al-fakher-crown-bar-8000-pufuri-tigara-electronica-de-unica-folosinta-fructul-pasiunii-dulce-226\/","title":{"rendered":"Vozol Vista 20000 de trageri \u021bigar\u0103 electronic\u0103 de unic\u0103 folosin\u021b\u0103 \u2013 Blue Razz Ice"},"content":{"rendered":"<p><img loading=\"lazy\" decoding=\"async\" class=\"alignnone wp-image-2063 size-full\" src=\"https:\/\/alfakherwelt.de\/wp-content\/uploads\/2025\/01\/vozol-vista-20000-2-scaled.webp\" alt=\"Vozol Vista 20000 de trageri \u021bigar\u0103 electronic\u0103 de unic\u0103 folosin\u021b\u0103 - Blue Razz Ice\" width=\"2560\" height=\"1440\" title=\"\" srcset=\"https:\/\/alfakherwelt.de\/wp-content\/uploads\/2025\/01\/vozol-vista-20000-2-scaled.webp 2560w, https:\/\/alfakherwelt.de\/wp-content\/uploads\/2025\/01\/vozol-vista-20000-2-300x169.webp 300w, https:\/\/alfakherwelt.de\/wp-content\/uploads\/2025\/01\/vozol-vista-20000-2-1024x576.webp 1024w, https:\/\/alfakherwelt.de\/wp-content\/uploads\/2025\/01\/vozol-vista-20000-2-768x432.webp 768w, https:\/\/alfakherwelt.de\/wp-content\/uploads\/2025\/01\/vozol-vista-20000-2-1536x864.webp 1536w, https:\/\/alfakherwelt.de\/wp-content\/uploads\/2025\/01\/vozol-vista-20000-2-2048x1152.webp 2048w, https:\/\/alfakherwelt.de\/wp-content\/uploads\/2025\/01\/vozol-vista-20000-2-18x10.webp 18w, https:\/\/alfakherwelt.de\/wp-content\/uploads\/2025\/01\/vozol-vista-20000-2-600x338.webp 600w\" sizes=\"auto, (max-width: 2560px) 100vw, 2560px\" \/><\/p>\n<h2><a href=\"https:\/\/alfakherwelt.de\/ro\/categorie-de-produse\/request-failed-with-status-code-505\/\">VOZOL Vista 20000 de trageri<\/a> E-Zigareta de unic\u0103 folosin\u021b\u0103: Experien\u021ba suprem\u0103 de vape \u00een Germania<\/h2>\n<p>Die <strong>VOZOL Vista 20000 de trageri \u021bigar\u0103 electronic\u0103 de unic\u0103 folosin\u021b\u0103<\/strong> este \u00eenso\u021bitorul ideal pentru to\u021bi vaperii din Germania care sunt \u00een c\u0103utarea unei experien\u021be premium de vaporizare. Cu un num\u0103r impresionant de p\u00e2n\u0103 la 20.000 de pufuri, acest dispozitiv de vaporizare de unic\u0103 folosin\u021b\u0103 ofer\u0103 nu numai o durat\u0103 lung\u0103 de utilizare, ci \u0219i o experien\u021b\u0103 de gust excep\u021bional\u0103. Cu o putere puternic\u0103 de nicotin\u0103 de 5% (50mg\/ml) \u0219i un con\u021binut generos de 24ml de lichid electronic, este <strong>VOZOL Vista<\/strong> Perfect pentru cei care caut\u0103 un aport puternic \u0219i de lung\u0103 durat\u0103 de nicotin\u0103. \u00cen combina\u021bie cu tehnologia inovatoare Dual-Mesh-Coil \u0219i cu un afi\u0219aj LCD care arat\u0103 starea curent\u0103 de \u00eenc\u0103rcare, vapingul devine o experien\u021b\u0103 pl\u0103cut\u0103 \u0219i f\u0103r\u0103 probleme.<\/p>\n<h3><strong>Descrierea produsului:<\/strong><\/h3>\n<p>Die <strong>VOZOL Vista 20000 de trageri \u021bigar\u0103 electronic\u0103 de unic\u0103 folosin\u021b\u0103<\/strong> a fost dezvoltat pentru a oferi o experien\u021b\u0103 remarcabil\u0103 at\u00e2t \u00eencep\u0103torilor, c\u00e2t \u0219i vapatorilor experimenta\u021bi. Este perfect pentru cei care caut\u0103 o \u021bigar\u0103 electronic\u0103 de unic\u0103 folosin\u021b\u0103 de \u00eenalt\u0103 calitate, u\u0219or de utilizat \u0219i durabil\u0103. Cu un <strong>650mAh baterie<\/strong> \u0219i posibilitatea de a <strong>utilizare re\u00eenc\u0103rcabil\u0103<\/strong>este conceput\u0103 pentru a oferi o performan\u021b\u0103 fiabil\u0103 chiar \u0219i \u00een cazul utiliz\u0103rii intensive. \u00cen plus, ofer\u0103 o experien\u021b\u0103 de gustare proasp\u0103t\u0103 \u0219i r\u0103coritoare cu popularul <strong>Ghea\u021b\u0103 de struguri<\/strong>Arom\u0103 - o combina\u021bie perfect\u0103 de struguri dulci \u0219i ghea\u021b\u0103 r\u0103coritoare.<\/p>\n<p>Die <strong>VOZOL Vista 20000<\/strong> se distinge nu numai prin longevitatea sa, ci \u0219i prin u\u0219urin\u021ba excep\u021bional\u0103 \u00een utilizare. <strong>Ecran LCD<\/strong> afi\u015feaz\u0103 starea de \u00eenc\u0103rcare a \u021big\u0103rii electronice, astfel \u00eenc\u00e2t s\u0103 \u0219tii \u00eentotdeauna exact c\u00e2nd este timpul s\u0103 o re\u00eencarci. Aceast\u0103 func\u021bie practic\u0103 asigur\u0103 c\u0103 dispozitivul este \u00eentotdeauna gata de utilizare. <strong>Dual-Mesh-Coil<\/strong> Asigur\u0103 o aburire uniform\u0103 \u0219i un gust intens la fiecare puf.<\/p>\n<p>Pentru cele mai bune rezultate \u0219i experien\u021ba suprem\u0103 de vaporizare, v\u0103 recomand\u0103m s\u0103 utiliza\u021bi <strong>VOZOL Vista<\/strong> direct pe site-ul nostru <strong>alfakherwelt.de<\/strong> zu cump\u0103ra, cea mai mare platform\u0103 online de v\u00e2nz\u0103ri de \u021big\u0103ri electronice de unic\u0103 folosin\u021b\u0103 din Germania.<\/p>\n<hr \/>\n<h3><strong>Caracteristici produs<a href=\"https:\/\/alfakherwelt.de\/ro\/categorie-de-produse\/request-failed-with-status-code-505\/\"> VOZOL Vista 20000 de trageri<\/a> E-Zigarette de unic\u0103 folosin\u021b\u0103<\/strong><\/h3>\n<ul>\n<li><strong>Marc\u0103:<\/strong> Vozol<\/li>\n<li><strong>Gust:<\/strong> Grape Ice (Traube mit Eis)\n\n becomes \n\nStruguri cu ghea\u021b\u0103<\/li>\n<li><strong>Puterea nicotinei:<\/strong> 50mg\/ml (5% Nicotin\u0103)<\/li>\n<li><strong>Num\u0103rul de trenuri:<\/strong> P\u00e2n\u0103 la 20.000 de trenuri<\/li>\n<li><strong>Baterie:<\/strong> 650mAh, re\u00eenc\u0103rcabil<\/li>\n<li><strong>Capacitatea E-Liquid:<\/strong> 24ml<\/li>\n<li><strong>Tehnologie:<\/strong> Dual Mesh Coil pentru abur uniform<\/li>\n<li><strong>Afi\u0219aj LCD:<\/strong> Arat\u0103 starea de \u00eenc\u0103rcare a dispozitivului<\/li>\n<li><strong>Compatibilitate:<\/strong> Potrivit pentru \u00eencep\u0103tori \u0219i vapori experimenta\u021bi<\/li>\n<li><strong>Ambalare:<\/strong> Vaporizator de unic\u0103 folosin\u021b\u0103<\/li>\n<\/ul>\n<hr \/>\n<h3><strong>Experien\u021b\u0103 de gust: Grape Ice - O oper\u0103 maestral\u0103 r\u0103coritoare<\/strong><\/h3>\n<p>Die <strong>Ghea\u021b\u0103 de struguri<\/strong>Aroma de \n\n (or)  gustul de <strong>VOZOL Vista 20000 de trageri \u021bigar\u0103 electronic\u0103 de unic\u0103 folosin\u021b\u0103<\/strong> Este o adev\u0103rat\u0103 oper\u0103 maestral\u0103 care trimite sim\u021burile \u00eentr-o c\u0103l\u0103torie. Gustul de struguri suculen\u021bi \u0219i dulci este combinat perfect cu o arom\u0103 r\u0103coritoare de ghea\u021b\u0103, duc\u00e2nd la o experien\u021b\u0103 de r\u0103cire pe care nu o vei uita prea cur\u00e2nd. <strong>Ghea\u021b\u0103 de struguri<\/strong> Este ideal pentru cei care prefer\u0103 un gust echilibrat \u00eentre fructat \u0219i r\u0103coritor, f\u0103r\u0103 ca unul dintre cele dou\u0103 arome s\u0103 devin\u0103 predominant.<\/p>\n<p>Die <strong>strug\u0103 dulce<\/strong> d\u0103 aburului o textur\u0103 pl\u0103cut\u0103, aproape suculent\u0103, care se r\u0103sp\u00e2nde\u0219te u\u0219or pe limb\u0103 atunci c\u00e2nd este inhalat. Aceast\u0103 arom\u0103 fructat\u0103 este completat\u0103 de <strong>efect de ghea\u021b\u0103 r\u0103cit\u0103<\/strong> echilibrat, care asigur\u0103 o prospe\u021bime suplimentar\u0103 \u0219i \u00eenv\u0103luie palatul. Con\u021binutul de E-Liquid de 24ml asigur\u0103 c\u0103 gustul dureaz\u0103 p\u00e2n\u0103 la <strong>20.000 de trenuri<\/strong> r\u0103m\u00e2ne constant intens\u0103, f\u0103r\u0103 s\u0103 se piard\u0103 prospe\u021bimea sau intensitatea.<\/p>\n<p>Die <strong>VOZOL Vista 20000<\/strong> ofer\u0103 o experien\u021b\u0103 de vaporizare care este o adev\u0103rat\u0103 pl\u0103cere at\u00e2t \u00een lunile calde de var\u0103, c\u00e2t \u0219i \u00een cele mai reci. Prin combinarea gustului de struguri fructat \u0219i a efectului de r\u0103cire al ghe\u021bii, aceast\u0103 arom\u0103 este ideal\u0103 pentru utilizare zilnic\u0103. Indiferent dac\u0103 e\u0219ti un vaper experimentat sau un \u00eencep\u0103tor, <strong>Ghea\u021b\u0103 de struguri<\/strong> te va entuziasma din nou \u0219i din nou \u0219i te va r\u0103cori pl\u0103cut.<\/p>\n<hr \/>\n<h3><strong>De ce tu pe <a href=\"https:\/\/alfakherwelt.de\/ro\/categorie-de-produse\/request-failed-with-status-code-505\/\">VOZOL Vista 20000 de trageri<\/a> Cump\u0103ra\u021bi o \u021bigar\u0103 electronic\u0103 de unic\u0103 folosin\u021b\u0103 ar trebui:<\/strong><\/h3>\n<ol>\n<li><strong>Durat\u0103 lung\u0103 de valabilitate:<\/strong> Cu p\u00e2n\u0103 la 20.000 de pufuri, VOZOL Vista dureaz\u0103 mai mult dec\u00e2t multe alte vape-uri de unic\u0103 folosin\u021b\u0103, oferind astfel o valoare excelent\u0103 pentru bani.<\/li>\n<li><strong>Consum puternic de nicotin\u0103:<\/strong> Cu 50mg\/ml nicotin\u0103 (5%) aceast\u0103 \u021bigar\u0103 electronic\u0103 asigur\u0103 o absorb\u021bie rapid\u0103 \u0219i satisf\u0103c\u0103toare de nicotin\u0103, ideal\u0103 pentru cei care se convertesc sau pentru vapori experimenta\u021bi.<\/li>\n<li><strong>Gust variat:<\/strong> Die <strong>Ghea\u021b\u0103 de struguri<\/strong>O arom\u0103 care ofer\u0103 un amestec r\u0103coritor de struguri dulci \u0219i senza\u021bie de prospe\u021bime \u00eenghe\u021bat\u0103, care te entuziasmeaz\u0103 la fiecare \u00eenghi\u021bitur\u0103.<\/li>\n<li><strong>Tehnologie inovativ\u0103:<\/strong> Die <strong>Tehnologie cu bobin\u0103 dubl\u0103<\/strong> Asigur\u0103 aburi uniformi \u0219i un gust intens. Astfel, pl\u0103cerea r\u0103m\u00e2ne constant\u0103 p\u00e2n\u0103 la ultima \u021bigar\u0103.<\/li>\n<li><strong>Baterie re\u00eenc\u0103rcabil\u0103<\/strong> Der <strong>650mAh baterie<\/strong> Asigur\u0103 o durat\u0103 de via\u021b\u0103 lung\u0103 \u0219i \u00eel pute\u021bi re\u00eenc\u0103rca cu u\u0219urin\u021b\u0103 atunci c\u00e2nd bateria se epuizeaz\u0103. Acest lucru face ca VOZOL Vista s\u0103 fie un produs mai prietenos cu mediul \u00een compara\u021bie cu multe alte vape-uri de unic\u0103 folosin\u021b\u0103.<\/li>\n<li><strong>Afi\u0219aj LCD:<\/strong> Afi\u0219ajul LCD \u00eencorporat \u00ee\u021bi arat\u0103 starea curent\u0103 de \u00eenc\u0103rcare, astfel \u00eenc\u00e2t s\u0103 \u0219tii \u00een orice moment c\u00e2nd este timpul pentru un \u00eenc\u0103rc\u0103tor.<\/li>\n<li><strong>U\u0219or de utilizat:<\/strong> Nu este nevoie de o configurare complicat\u0103 - pur \u0219i simplu conecta\u021bi \u0219i \u00eencepe\u021bi s\u0103 vapora\u021bi. Perfect pentru \u00eencep\u0103tori sau pentru cei care doresc o experien\u021b\u0103 de vaporizare simpl\u0103.<\/li>\n<\/ol>\n<hr \/>\n<h3><strong>\u00centreb\u0103ri frecvente (FAQ):<\/strong><\/h3>\n<h4><strong>Este VOZOL Vista 20000 de trag\u0103ri \u021bigar\u0103 electronic\u0103 de unic\u0103 folosin\u021b\u0103 cu nicotin\u0103?<\/strong><\/h4>\n<p>Da, cele <strong>VOZOL Vista<\/strong> con\u021bine 50mg\/ml nicotin\u0103, ceea ce corespunde unei concentra\u021bii de nicotin\u0103 de 5%. Aceast\u0103 concentra\u021bie mare de nicotin\u0103 face dispozitivul ideal pentru vapori care doresc o asimilare puternic\u0103 de nicotin\u0103.<\/p>\n<h4><strong>C\u00e2te pufuri ofer\u0103 \u021bigara electronic\u0103 de unic\u0103 folosin\u021b\u0103 VOZOL Vista 20000?<\/strong><\/h4>\n<p>Dispozitivul ofer\u0103 p\u00e2n\u0103 la <strong>20.000 de trenuri<\/strong>, \u00een func\u021bie de c\u00e2t de intens utilizat este. Acest lucru asigur\u0103 o durat\u0103 de via\u021b\u0103 lung\u0103 \u0219i il face un produs excelent pentru cei care vapoteaz\u0103 foarte mult.<\/p>\n<h4><strong>Ce arome sunt disponibile?<\/strong><\/h4>\n<p>Die <strong>VOZOL Vista 20000<\/strong> este disponibil \u00een diferite arome, inclusiv popularul <strong>Ghea\u021b\u0103 de struguri<\/strong>Gust. Alte arome cum ar fi <strong>Blue Razz Ice<\/strong> Sunt de asemenea disponibile.<\/p>\n<h4><strong>Da, VOZOL Vista poate fi re\u00eenc\u0103rcat\u0103.<\/strong><\/h4>\n<p>Da, cele <strong>VOZOL Vista<\/strong> este cu unul <strong>Baterie re\u00eenc\u0103rcabil\u0103 de 650mAh<\/strong> Echipat cu o baterie care ofer\u0103 o durat\u0103 de via\u021b\u0103 mai lung\u0103, f\u0103r\u0103 s\u0103 fie nevoie s\u0103 arunci e-cigara.<\/p>\n<h4><strong>Unde pot cump\u0103ra \u021bigara electronic\u0103 de unic\u0103 folosin\u021b\u0103 VOZOL Vista 20000 de trageri?<\/strong><\/h4>\n<p>Po\u021bi s\u0103 faci <strong>VOZOL Vista 20000 de trageri \u021bigar\u0103 electronic\u0103 de unic\u0103 folosin\u021b\u0103<\/strong> direct pe site-ul nostru <strong>alfakherwelt.de<\/strong> cel mai mare magazin online de v\u00e2nzare de \u021big\u0103ri electronice de unic\u0103 folosin\u021b\u0103 din Germania.<\/p>\n<hr \/>\n<h3><strong>Concluzie:<\/strong><\/h3>\n<p>Die <strong>VOZOL Vista 20000 de trageri \u021bigar\u0103 electronic\u0103 de unic\u0103 folosin\u021b\u0103<\/strong> ofer\u0103 nu numai o durabilitate excep\u021bional\u0103, ci \u0219i o experien\u021b\u0103 de gust intens\u0103 \u0219i r\u0103coritoare. Cu <strong>Ghea\u021b\u0103 de struguri<\/strong>Gustul care combin\u0103 o strugur\u0103 dulce cu un efect de r\u0103cire asem\u0103n\u0103tor ghea\u021bei face ca fiecare vapoare s\u0103 fie o pl\u0103cere. Bateria re\u00eenc\u0103rcabil\u0103, tehnologia inovatoare cu bobin\u0103 dual\u0103 Mesh \u0219i afi\u0219ajul LCD fac vaparea mai u\u0219oar\u0103 \u0219i mai pl\u0103cut\u0103. Ia-\u021bi<a href=\"https:\/\/alfakherwelt.de\/ro\/categorie-de-produse\/request-failed-with-status-code-505\/\"> <strong>VOZOL Vista<\/strong> <\/a>ast\u0103zi \u00eenc\u0103 pe <a href=\"https:\/\/alfakherwelt.de\/ro\/\"><strong>alfakherwelt.de<\/strong><\/a> \u0219i experimenteaz\u0103 cea mai bun\u0103 experien\u021b\u0103 de vape \u00een Germania!<\/p>","protected":false},"excerpt":{"rendered":"<div class=\"flex-shrink-0 flex flex-col relative items-end\">\n<div class=\"pt-0\">\n<div class=\"gizmo-shadow-stroke flex h-8 w-8 items-center justify-center overflow-hidden rounded-full\">\n<div class=\"h-full w-full\">\n<div class=\"flex-shrink-0 flex flex-col relative items-end\">\n<div class=\"pt-0\">\n<div class=\"gizmo-shadow-stroke flex h-8 w-8 items-center justify-center overflow-hidden rounded-full\">\n<div class=\"h-full w-full\">\n<div class=\"gizmo-shadow-stroke overflow-hidden rounded-full\">\n<div class=\"flex-1 overflow-hidden\">\n<div class=\"h-full\">\n<div class=\"react-scroll-to-bottom--css-nphjn-79elbk h-full\">\n<div class=\"react-scroll-to-bottom--css-nphjn-1n7m0yu\">\n<div class=\"flex flex-col text-sm md:pb-9\">\n<article class=\"w-full scroll-mb-[var(--thread-trailing-height,150px)] text-token-text-primary focus-visible:outline-2 focus-visible:outline-offset-[-4px]\" dir=\"auto\" data-testid=\"conversation-turn-5\" data-scroll-anchor=\"true\">\n<div class=\"m-auto text-base py-[18px] px-3 md:px-4 w-full md:px-5 lg:px-4 xl:px-5\">\n<div class=\"mx-auto flex flex-1 gap-4 text-base md:gap-5 lg:gap-6 md:max-w-3xl lg:max-w-[40rem] xl:max-w-[48rem]\">\n<div class=\"group\/conversation-turn relative flex w-full min-w-0 flex-col agent-turn\">\n<div class=\"flex-col gap-1 md:gap-3\">\n<div class=\"flex max-w-full flex-col flex-grow\">\n<div class=\"min-h-8 text-message flex w-full flex-col items-end gap-2 whitespace-normal break-words [.text-message+&amp;]:mt-5\" dir=\"auto\" data-message-author-role=\"assistant\" data-message-id=\"1982dcee-f0f5-4cfa-a269-fdbaed43d922\" data-message-model-slug=\"gpt-4o\">\n<div class=\"flex w-full flex-col gap-1 empty:hidden first:pt-[3px]\">\n<div class=\"markdown prose w-full break-words dark:prose-invert light\">\n<div class=\"flex-1 overflow-hidden\">\n<div class=\"h-full\">\n<div class=\"react-scroll-to-bottom--css-xrsce-79elbk h-full\">\n<div class=\"react-scroll-to-bottom--css-xrsce-1n7m0yu\">\n<div class=\"flex flex-col text-sm md:pb-9\">\n<article class=\"w-full scroll-mb-[var(--thread-trailing-height,150px)] text-token-text-primary focus-visible:outline-2 focus-visible:outline-offset-[-4px]\" dir=\"auto\" data-testid=\"conversation-turn-5\" data-scroll-anchor=\"true\">\n<div class=\"m-auto text-base py-[18px] px-3 md:px-4 w-full md:px-5 lg:px-4 xl:px-5\">\n<div class=\"mx-auto flex flex-1 gap-4 text-base md:gap-5 lg:gap-6 md:max-w-3xl lg:max-w-[40rem] xl:max-w-[48rem]\">\n<div class=\"group\/conversation-turn relative flex w-full min-w-0 flex-col agent-turn\">\n<div class=\"flex-col gap-1 md:gap-3\">\n<div class=\"flex max-w-full flex-col flex-grow\">\n<div class=\"min-h-8 text-message flex w-full flex-col items-end gap-2 whitespace-normal break-words [.text-message+&amp;]:mt-5\" dir=\"auto\" data-message-author-role=\"assistant\" data-message-id=\"1a0c8d71-a6be-4cc9-b460-deb3e7ecbf47\" data-message-model-slug=\"gpt-4o\">\n<div class=\"flex w-full flex-col gap-1 empty:hidden first:pt-[3px]\">\n<div class=\"markdown prose w-full break-words dark:prose-invert light\">\n<div class=\"flex-1 overflow-hidden\">\n<div class=\"h-full\">\n<div class=\"react-scroll-to-bottom--css-gqbzc-79elbk h-full\">\n<div class=\"react-scroll-to-bottom--css-gqbzc-1n7m0yu\">\n<div class=\"flex flex-col text-sm md:pb-9\">\n<article class=\"w-full scroll-mb-[var(--thread-trailing-height,150px)] text-token-text-primary focus-visible:outline-2 focus-visible:outline-offset-[-4px]\" dir=\"auto\" data-testid=\"conversation-turn-5\" data-scroll-anchor=\"true\">\n<div class=\"m-auto text-base py-[18px] px-3 md:px-4 w-full md:px-5 lg:px-4 xl:px-5\">\n<div class=\"mx-auto flex flex-1 gap-4 text-base md:gap-5 lg:gap-6 md:max-w-3xl lg:max-w-[40rem] xl:max-w-[48rem]\">\n<div class=\"group\/conversation-turn relative flex w-full min-w-0 flex-col agent-turn\">\n<div class=\"flex-col gap-1 md:gap-3\">\n<div class=\"flex max-w-full flex-col flex-grow\">\n<div class=\"min-h-8 text-message flex w-full flex-col items-end gap-2 whitespace-normal break-words [.text-message+&amp;]:mt-5\" dir=\"auto\" data-message-author-role=\"assistant\" data-message-id=\"ca066132-0777-4603-995e-a689971b3380\" data-message-model-slug=\"gpt-4o\">\n<div class=\"flex w-full flex-col gap-1 empty:hidden first:pt-[3px]\">\n<div class=\"markdown prose w-full break-words dark:prose-invert light\">\n<div class=\"flex-1 overflow-hidden @container\/thread\">\n<div class=\"h-full\">\n<div class=\"react-scroll-to-bottom--css-rkqgb-79elbk h-full\">\n<div class=\"react-scroll-to-bottom--css-rkqgb-1n7m0yu\">\n<div class=\"flex flex-col text-sm md:pb-9\">\n<article class=\"w-full scroll-mb-[var(--thread-trailing-height,150px)] text-token-text-primary focus-visible:outline-2 focus-visible:outline-offset-[-4px]\" dir=\"auto\" data-testid=\"conversation-turn-9\" data-scroll-anchor=\"true\">\n<div class=\"m-auto text-base py-[18px] px-3 md:px-4 w-full md:px-5 lg:px-4 xl:px-5\">\n<div class=\"mx-auto flex flex-1 gap-4 text-base md:gap-5 lg:gap-6 md:max-w-3xl lg:max-w-[40rem] xl:max-w-[48rem]\">\n<div class=\"group\/conversation-turn relative flex w-full min-w-0 flex-col agent-turn\">\n<div class=\"flex-col gap-1 md:gap-3\">\n<div class=\"flex max-w-full flex-col flex-grow\">\n<div class=\"min-h-8 text-message flex w-full flex-col items-end gap-2 whitespace-normal break-words text-start [.text-message+&amp;]:mt-5\" dir=\"auto\" data-message-author-role=\"assistant\" data-message-id=\"87137e43-9a3e-4479-90ac-22c23781ee39\" data-message-model-slug=\"gpt-4o\">\n<div class=\"flex w-full flex-col gap-1 empty:hidden first:pt-[3px]\">\n<div class=\"markdown prose w-full break-words dark:prose-invert light\">\n<div class=\"flex-1 overflow-hidden @container\/thread\">\n<div class=\"h-full\">\n<div class=\"react-scroll-to-bottom--css-cgxka-79elbk h-full\">\n<div class=\"react-scroll-to-bottom--css-cgxka-1n7m0yu\">\n<div class=\"flex flex-col text-sm md:pb-9\">\n<article class=\"w-full scroll-mb-[var(--thread-trailing-height,150px)] text-token-text-primary focus-visible:outline-2 focus-visible:outline-offset-[-4px]\" dir=\"auto\" data-testid=\"conversation-turn-5\" data-scroll-anchor=\"true\">\n<div class=\"m-auto text-base py-[18px] px-3 md:px-4 w-full md:px-5 lg:px-4 xl:px-5\">\n<div class=\"mx-auto flex flex-1 gap-4 text-base md:gap-5 lg:gap-6 md:max-w-3xl lg:max-w-[40rem] xl:max-w-[48rem]\">\n<div class=\"group\/conversation-turn relative flex w-full min-w-0 flex-col agent-turn\">\n<div class=\"flex-col gap-1 md:gap-3\">\n<div class=\"flex max-w-full flex-col flex-grow\">\n<div class=\"min-h-8 text-message flex w-full flex-col items-end gap-2 whitespace-normal break-words text-start [.text-message+&amp;]:mt-5\" dir=\"auto\" data-message-author-role=\"assistant\" data-message-id=\"e1e13d20-b396-4dc4-abdf-40facc05c4de\" data-message-model-slug=\"gpt-4o\">\n<div class=\"flex w-full flex-col gap-1 empty:hidden first:pt-[3px]\">\n<div class=\"markdown prose w-full break-words dark:prose-invert light\">\n<p>Die <strong>VOZOL Vista 20000 de trageri \u021bigar\u0103 electronic\u0103 de unic\u0103 folosin\u021b\u0103<\/strong> ofer\u0103 cu puterea sa de nicotin\u0103 5%, o baterie re\u00eenc\u0103rcabil\u0103 de 650mAh, 24ml de lichid electronic \u0219i senza\u021bia r\u0103coritoare <strong>Ghea\u021b\u0103 de struguri<\/strong>P\u00e2n\u0103 la 20.000 de pufuri, ideal pentru \u00eencep\u0103tori \u0219i vapori experimenta\u021bi care caut\u0103 o experien\u021b\u0103 de vaping de lung\u0103 durat\u0103 \u0219i intensiv\u0103.<\/p>\n<\/div>\n<\/div>\n<\/div>\n<\/div>\n<\/div>\n<\/div>\n<\/div>\n<\/div>\n<\/article>\n<\/div>\n<\/div>\n<\/div>\n<\/div>\n<\/div>\n<div class=\"md:pt-0 dark:border-white\/20 md:border-transparent md:dark:border-transparent w-full\">\n<div>\n<div class=\"m-auto text-base px-3 md:px-4 w-full md:px-5 lg:px-4 xl:px-5\">\n<div class=\"mx-auto flex flex-1 gap-4 text-base md:gap-5 lg:gap-6 md:max-w-3xl lg:max-w-[40rem] xl:max-w-[48rem]\">\n<div class=\"flex justify-center\"><\/div>\n<\/div>\n<\/div>\n<\/div>\n<\/div>\n<\/div>\n<\/div>\n<\/div>\n<\/div>\n<div class=\"pr-2 lg:pr-0\"><\/div>\n<\/div>\n<\/div>\n<\/div>\n<\/div>\n<\/article>\n<\/div>\n<\/div>\n<\/div>\n<\/div>\n<\/div>\n<\/div>\n<\/div>\n<\/div>\n<\/div>\n<\/div>\n<\/div>\n<\/div>\n<\/div>\n<\/article>\n<\/div>\n<\/div>\n<\/div>\n<\/div>\n<\/div>\n<\/div>\n<\/div>\n<\/div>\n<\/div>\n<\/div>\n<\/div>\n<\/div>\n<\/div>\n<\/article>\n<\/div>\n<\/div>\n<\/div>\n<\/div>\n<\/div>\n<\/div>\n<\/div>\n<\/div>\n<\/div>\n<div class=\"pr-2 lg:pr-0\"><\/div>\n<div class=\"mt-3 w-full empty:hidden\">\n<div class=\"text-center\"><\/div>\n<\/div>\n<\/div>\n<div class=\"absolute\">\n<div class=\"flex items-center justify-center\"><\/div>\n<\/div>\n<\/div>\n<\/div>\n<\/div>\n<\/article>\n<\/div>\n<\/div>\n<\/div>\n<\/div>\n<\/div>\n<div class=\"md:pt-0 dark:border-white\/20 md:border-transparent md:dark:border-transparent w-full\">\n<div>\n<div class=\"m-auto text-base px-3 md:px-4 w-full md:px-5 lg:px-4 xl:px-5\">\n<div class=\"mx-auto flex flex-1 gap-4 text-base md:gap-5 lg:gap-6 md:max-w-3xl lg:max-w-[40rem] xl:max-w-[48rem]\">\n<div class=\"flex justify-center\"><\/div>\n<\/div>\n<\/div>\n<\/div>\n<\/div>\n<\/div>\n<\/div>\n<\/div>\n<\/div>\n<\/div>\n<\/div>\n<\/div>\n<\/div>\n<\/div>","protected":false},"featured_media":2066,"comment_status":"open","ping_status":"closed","template":"","meta":[],"product_brand":[],"product_cat":[109],"product_tag":[],"class_list":{"0":"post-2061","1":"product","2":"type-product","3":"status-publish","4":"has-post-thumbnail","6":"product_cat-vozol-vista-20000","8":"first","9":"outofstock","10":"sale","11":"shipping-taxable","12":"purchasable","13":"product-type-simple"},"jetpack_sharing_enabled":true,"_links":{"self":[{"href":"https:\/\/alfakherwelt.de\/ro\/wp-json\/wp\/v2\/product\/2061","targetHints":{"allow":["GET"]}}],"collection":[{"href":"https:\/\/alfakherwelt.de\/ro\/wp-json\/wp\/v2\/product"}],"about":[{"href":"https:\/\/alfakherwelt.de\/ro\/wp-json\/wp\/v2\/types\/product"}],"replies":[{"embeddable":true,"href":"https:\/\/alfakherwelt.de\/ro\/wp-json\/wp\/v2\/comments?post=2061"}],"wp:featuredmedia":[{"embeddable":true,"href":"https:\/\/alfakherwelt.de\/ro\/wp-json\/wp\/v2\/media\/2066"}],"wp:attachment":[{"href":"https:\/\/alfakherwelt.de\/ro\/wp-json\/wp\/v2\/media?parent=2061"}],"wp:term":[{"taxonomy":"product_brand","embeddable":true,"href":"https:\/\/alfakherwelt.de\/ro\/wp-json\/wp\/v2\/product_brand?post=2061"},{"taxonomy":"product_cat","embeddable":true,"href":"https:\/\/alfakherwelt.de\/ro\/wp-json\/wp\/v2\/product_cat?post=2061"},{"taxonomy":"product_tag","embeddable":true,"href":"https:\/\/alfakherwelt.de\/ro\/wp-json\/wp\/v2\/product_tag?post=2061"}],"curies":[{"name":"wp","href":"https:\/\/api.w.org\/{rel}","templated":true}]}}