{"id":1263,"date":"2024-11-22T06:25:54","date_gmt":"2024-11-22T06:25:54","guid":{"rendered":"https:\/\/alfakherwelt.de\/?post_type=product&#038;p=1263"},"modified":"2025-09-06T00:41:24","modified_gmt":"2025-09-06T00:41:24","slug":"al-fakher-crown-bar-8000-pufuri-tigara-electronica-de-unica-folosinta-fructul-pasiunii-dulce-17","status":"publish","type":"product","link":"https:\/\/alfakherwelt.de\/ro\/produs\/al-fakher-crown-bar-8000-pufuri-tigara-electronica-de-unica-folosinta-fructul-pasiunii-dulce-17\/","title":{"rendered":"Airmez Matrix 25000 de trageri \u021bigar\u0103 electronic\u0103 de unic\u0103 folosin\u021b\u0103 \u2013 Desert Bloom Delight"},"content":{"rendered":"<h2><\/h2>\n<div style=\"width: 1020px;\" class=\"wp-video\"><video class=\"wp-video-shortcode\" id=\"video-1263-1\" width=\"1020\" height=\"1020\" preload=\"metadata\" controls=\"controls\"><source type=\"video\/mp4\" src=\"https:\/\/alfakherwelt.de\/wp-content\/uploads\/2024\/11\/Airmez-Matrix-25000-3.mp4?_=1\" \/><a href=\"https:\/\/alfakherwelt.de\/wp-content\/uploads\/2024\/11\/Airmez-Matrix-25000-3.mp4\">https:\/\/alfakherwelt.de\/wp-content\/uploads\/2024\/11\/Airmez-Matrix-25000-3.mp4<\/a><\/video><\/div>\n<h2><a href=\"https:\/\/alfakherwelt.de\/ro\/categorie-de-produse\/airmez-matrix-25000\/\">Airmez Matrix 25000<\/a> - Alegerea suprem\u0103 pentru \u021big\u0103ri electronice de unic\u0103 folosin\u021b\u0103 \u00een Germania<\/h2>\n<h4><strong>Descrierea detaliat\u0103 a produsului<\/strong><\/h4>\n<p>Airmez Matrix 25000 revolu\u021bioneaz\u0103 experien\u021ba de vape cu dispozitive de unic\u0103 folosin\u021b\u0103. Cu tehnologie de ultim\u0103 genera\u021bie \u0219i un design de \u00eenalt\u0103 calitate, acest dispozitiv ofer\u0103 o combina\u021bie f\u0103r\u0103 precedent de putere, u\u0219urin\u021b\u0103 \u00een utilizare \u0219i stil. Echipat cu un <strong>2,1 inch ecran tactil<\/strong>, dou\u0103 moduri de foc \u0219i un flux de aer reglabil, Matrix 25K se adapteaz\u0103 perfect la nevoile dumneavoastr\u0103 individuale. Acest vape de unic\u0103 folosin\u021b\u0103 permite o experien\u021b\u0103 impresionant\u0103 <strong>p\u00e2n\u0103 la 25.000 de trenuri<\/strong> \u00een modul normal \u0219i 15.000 de pufuri \u00een modul Boost - ideal pentru utilizare \u00eendelungat\u0103 \u0219i experien\u021be intense de arom\u0103.<\/p>\n<p>Puternicul <strong>Nucleu de \u00eenc\u0103lzire cu bobin\u0103 dubl\u0103 de plas\u0103<\/strong> asigur\u0103 o distribu\u021bie uniform\u0103 a c\u0103ldurii, care aduce aromele eJuicelor dvs. la poten\u021bialul lor maxim. Afi\u0219ajele integrate pentru starea bateriei \u0219i a lichidului electronic fac utilizarea \u0219i mai confortabil\u0103. Cu <strong>\u00cenc\u0103rcare USB-C<\/strong> Matricea 25000 este rapid\u0103 \u0219i u\u0219or de utilizat din nou, \u00een timp ce fluxul de aer reglabil asigur\u0103 o experien\u021b\u0103 personalizat\u0103.<\/p>\n<h4><strong>Caracteristici principale<\/strong><\/h4>\n<ul>\n<li><strong>Num\u0103r maxim de trenuri:<\/strong> 25.000 (modul normal) | 15.000 (modul boost)<\/li>\n<li><strong>Nikotingehalt: \n Cont\u021binut de nicotin\u0103:<\/strong> 5 % (50 mg)<\/li>\n<li><strong>Afi\u0219aj cu ecran tactil:<\/strong> 2,1 inci cu operare intuitiv\u0103<\/li>\n<li><strong>Controlul fluxului de aer:<\/strong> Pentru rezisten\u021b\u0103 optim\u0103 la trac\u021biune<\/li>\n<li><strong>Element de \u00eenc\u0103lzire:<\/strong> Bobine cu dubl\u0103 plas\u0103 pentru un gust intens<\/li>\n<li><strong>Conector de \u00eenc\u0103rcare:<\/strong> USB-Tip-C<\/li>\n<li><strong>Indicatori:<\/strong> Afi\u0219aj stare baterie \u0219i lichid electronic<\/li>\n<li><strong>Moduri de incendiu:<\/strong> Normal \u0219i Boost<\/li>\n<li><strong>Func\u021bie de divertisment:<\/strong> Pentru divertisment suplimentar<\/li>\n<\/ul>\n<h4><strong>Lumea gustului Airmez Matrix 25000<\/strong><\/h4>\n<p><strong>Desert Bloom Delight<\/strong>Aceast\u0103 arom\u0103 unic\u0103 combin\u0103 dulcea\u021ba fructelor de de\u0219ert cu o not\u0103 de flori \u0219i o prospe\u021bime subtil\u0103. La inhalare, se dezvolt\u0103 o arom\u0103 bogat\u0103, asem\u0103n\u0103toare mierii, \u00een timp ce expira\u021bia las\u0103 \u00een urm\u0103 o urm\u0103 bl\u00e2nd\u0103, floral\u0103. Perfect pentru cei care caut\u0103 o experien\u021b\u0103 de vaporizare exotic\u0103 \u0219i \u00een acela\u0219i timp lini\u0219titoare.<\/p>\n<p>Cu Airmez Matrix 25000 pute\u021bi experimenta lumea aromelor ca niciodat\u0103 \u00eenainte. Combina\u021bia de \u00eenalt\u0103 calitate a lichidului de vape asigur\u0103 c\u0103 fiecare puf este o experien\u021b\u0103 de neegalat. Indiferent dac\u0103 este dulce, fructat sau r\u0103coritor - Matrix 25000 aduce diversitatea direct la tine.<\/p>\n<p><img loading=\"lazy\" decoding=\"async\" class=\"alignnone wp-image-1247 size-full\" src=\"https:\/\/alfakherwelt.de\/wp-content\/uploads\/2024\/11\/Airmez-Matrix-25000.webp\" alt=\"Airmez Matrix 25000 de trageri \u021bigar\u0103 electronic\u0103 de unic\u0103 folosin\u021b\u0103 - Desert Bloom Delight\" width=\"1016\" height=\"1452\" title=\"\" srcset=\"https:\/\/alfakherwelt.de\/wp-content\/uploads\/2024\/11\/Airmez-Matrix-25000.webp 1016w, https:\/\/alfakherwelt.de\/wp-content\/uploads\/2024\/11\/Airmez-Matrix-25000-210x300.webp 210w, https:\/\/alfakherwelt.de\/wp-content\/uploads\/2024\/11\/Airmez-Matrix-25000-717x1024.webp 717w, https:\/\/alfakherwelt.de\/wp-content\/uploads\/2024\/11\/Airmez-Matrix-25000-768x1098.webp 768w, https:\/\/alfakherwelt.de\/wp-content\/uploads\/2024\/11\/Airmez-Matrix-25000-8x12.webp 8w, https:\/\/alfakherwelt.de\/wp-content\/uploads\/2024\/11\/Airmez-Matrix-25000-600x857.webp 600w\" sizes=\"auto, (max-width: 1016px) 100vw, 1016px\" \/><\/p>\n<h4><strong>De ce <a href=\"https:\/\/alfakherwelt.de\/ro\/categorie-de-produse\/airmez-matrix-25000\/\">Airmez Matrix 25000<\/a> Cump\u0103ra?<\/strong><\/h4>\n<ul>\n<li><strong>Durat\u0103 de via\u021b\u0103 lung\u0103:<\/strong> P\u00e2n\u0103 la 25.000 de trageri garanteaz\u0103 o perioad\u0103 de utilizare de c\u00e2teva luni.<\/li>\n<li><strong>Prelucrare de \u00eenalt\u0103 calitate:<\/strong> Design robust, elegant, cu tehnologie de ultim\u0103 genera\u021bie.<\/li>\n<li><strong>Utilizator-friendly<\/strong> Afi\u0219aj intuitiv cu ecran tactil pentru operare u\u0219oar\u0103.<\/li>\n<li><strong>Arome unice:<\/strong> Gust intensiv datorit\u0103 bobinelor Dual-Mesh.<\/li>\n<li><strong>Cump\u0103rare comod\u0103:<\/strong> Vizitati-ne pe <a href=\"https:\/\/alfakherwelt.de\/ro\/\"><strong>alfakherwelt.de<\/strong><\/a>, cea mai mare platform\u0103 pentru vape-uri de unic\u0103 folosin\u021b\u0103 din Germania.<\/li>\n<\/ul>\n<h4><strong>Integrarea \u00een stilul t\u0103u de via\u021b\u0103<\/strong><\/h4>\n<p>\u00cen c\u0103l\u0103torie, la munc\u0103 sau \u00een timpul liber - Airmez Matrix 25000 este companionul dvs. de \u00eencredere. Datorit\u0103 designului s\u0103u compact \u0219i tehnologiei avansate, este ideal\u0103 at\u00e2t pentru cei care vaporeaz\u0103 mult, c\u00e2t \u0219i pentru \u00eencep\u0103tori. Posibilitatea de a alege \u00eentre modul normal \u0219i modul boost v\u0103 ofer\u0103 libertatea de a ajusta vaporizarea \u00een func\u021bie de starea dvs. \u0219i de nevoile dvs.<\/p>\n<hr \/>\n<p><strong>Experimenta\u021bi cel mai bun lucru despre <a href=\"https:\/\/alfakherwelt.de\/ro\/\">Vape-uri de unic\u0103 folosin\u021b\u0103<\/a> Comanda\u021bi acum Airmez Matrix 25000 pe <a href=\"https:\/\/alfakherwelt.de\/ro\/\">alfakherwelt.de<\/a> \u0219i l\u0103sa\u021bi-v\u0103 convin\u0219i de calitate!<\/strong><\/p>","protected":false},"excerpt":{"rendered":"<div class=\"flex-shrink-0 flex flex-col relative items-end\">\n<div class=\"pt-0\">\n<div class=\"gizmo-shadow-stroke flex h-8 w-8 items-center justify-center overflow-hidden rounded-full\">\n<div class=\"h-full w-full\">\n<div class=\"flex-shrink-0 flex flex-col relative items-end\">\n<div class=\"pt-0\">\n<div class=\"gizmo-shadow-stroke flex h-8 w-8 items-center justify-center overflow-hidden rounded-full\">\n<div class=\"h-full w-full\">\n<div class=\"gizmo-shadow-stroke overflow-hidden rounded-full\">\n<div class=\"flex-1 overflow-hidden\">\n<div class=\"h-full\">\n<div class=\"react-scroll-to-bottom--css-nphjn-79elbk h-full\">\n<div class=\"react-scroll-to-bottom--css-nphjn-1n7m0yu\">\n<div class=\"flex flex-col text-sm md:pb-9\">\n<article class=\"w-full scroll-mb-[var(--thread-trailing-height,150px)] text-token-text-primary focus-visible:outline-2 focus-visible:outline-offset-[-4px]\" dir=\"auto\" data-testid=\"conversation-turn-5\" data-scroll-anchor=\"true\">\n<div class=\"m-auto text-base py-[18px] px-3 md:px-4 w-full md:px-5 lg:px-4 xl:px-5\">\n<div class=\"mx-auto flex flex-1 gap-4 text-base md:gap-5 lg:gap-6 md:max-w-3xl lg:max-w-[40rem] xl:max-w-[48rem]\">\n<div class=\"group\/conversation-turn relative flex w-full min-w-0 flex-col agent-turn\">\n<div class=\"flex-col gap-1 md:gap-3\">\n<div class=\"flex max-w-full flex-col flex-grow\">\n<div class=\"min-h-8 text-message flex w-full flex-col items-end gap-2 whitespace-normal break-words [.text-message+&amp;]:mt-5\" dir=\"auto\" data-message-author-role=\"assistant\" data-message-id=\"1982dcee-f0f5-4cfa-a269-fdbaed43d922\" data-message-model-slug=\"gpt-4o\">\n<div class=\"flex w-full flex-col gap-1 empty:hidden first:pt-[3px]\">\n<div class=\"markdown prose w-full break-words dark:prose-invert light\">\n<p>Die<strong> Airmez Matrix 25000<\/strong> este o \u021bigar\u0103 electronic\u0103 de unic\u0103 folosin\u021b\u0103 revolu\u021bionar\u0103 cu 25.000 de pufuri, bobine duble cu plas\u0103, flux de aer reglabil, ecran tactil de 2,1 inci \u0219i arome intense, care ofer\u0103 o experien\u021b\u0103 de vaporizare de neegalat.<\/p>\n<\/div>\n<\/div>\n<\/div>\n<\/div>\n<div class=\"pr-2 lg:pr-0\"><\/div>\n<div class=\"mt-3 w-full empty:hidden\">\n<div class=\"text-center\"><\/div>\n<\/div>\n<\/div>\n<div class=\"absolute\">\n<div class=\"flex items-center justify-center\"><\/div>\n<\/div>\n<\/div>\n<\/div>\n<\/div>\n<\/article>\n<\/div>\n<\/div>\n<\/div>\n<\/div>\n<\/div>\n<div class=\"md:pt-0 dark:border-white\/20 md:border-transparent md:dark:border-transparent w-full\">\n<div>\n<div class=\"m-auto text-base px-3 md:px-4 w-full md:px-5 lg:px-4 xl:px-5\">\n<div class=\"mx-auto flex flex-1 gap-4 text-base md:gap-5 lg:gap-6 md:max-w-3xl lg:max-w-[40rem] xl:max-w-[48rem]\">\n<div class=\"flex justify-center\"><\/div>\n<\/div>\n<\/div>\n<\/div>\n<\/div>\n<\/div>\n<\/div>\n<\/div>\n<\/div>\n<\/div>\n<\/div>\n<\/div>\n<\/div>\n<\/div>","protected":false},"featured_media":1255,"comment_status":"open","ping_status":"closed","template":"","meta":[],"product_brand":[],"product_cat":[53],"product_tag":[],"class_list":{"0":"post-1263","1":"product","2":"type-product","3":"status-publish","4":"has-post-thumbnail","6":"product_cat-airmez-matrix-25000","8":"first","9":"instock","10":"sale","11":"shipping-taxable","12":"purchasable","13":"product-type-simple"},"jetpack_sharing_enabled":true,"_links":{"self":[{"href":"https:\/\/alfakherwelt.de\/ro\/wp-json\/wp\/v2\/product\/1263","targetHints":{"allow":["GET"]}}],"collection":[{"href":"https:\/\/alfakherwelt.de\/ro\/wp-json\/wp\/v2\/product"}],"about":[{"href":"https:\/\/alfakherwelt.de\/ro\/wp-json\/wp\/v2\/types\/product"}],"replies":[{"embeddable":true,"href":"https:\/\/alfakherwelt.de\/ro\/wp-json\/wp\/v2\/comments?post=1263"}],"wp:featuredmedia":[{"embeddable":true,"href":"https:\/\/alfakherwelt.de\/ro\/wp-json\/wp\/v2\/media\/1255"}],"wp:attachment":[{"href":"https:\/\/alfakherwelt.de\/ro\/wp-json\/wp\/v2\/media?parent=1263"}],"wp:term":[{"taxonomy":"product_brand","embeddable":true,"href":"https:\/\/alfakherwelt.de\/ro\/wp-json\/wp\/v2\/product_brand?post=1263"},{"taxonomy":"product_cat","embeddable":true,"href":"https:\/\/alfakherwelt.de\/ro\/wp-json\/wp\/v2\/product_cat?post=1263"},{"taxonomy":"product_tag","embeddable":true,"href":"https:\/\/alfakherwelt.de\/ro\/wp-json\/wp\/v2\/product_tag?post=1263"}],"curies":[{"name":"wp","href":"https:\/\/api.w.org\/{rel}","templated":true}]}}