{"id":1252,"date":"2024-11-22T02:49:09","date_gmt":"2024-11-22T02:49:09","guid":{"rendered":"https:\/\/alfakherwelt.de\/?post_type=product&#038;p=1252"},"modified":"2025-09-06T00:41:40","modified_gmt":"2025-09-06T00:41:40","slug":"al-fakher-crown-bar-8000-pufuri-tigara-electronica-de-unica-folosinta-fructul-pasiunii-dulce-16","status":"publish","type":"product","link":"https:\/\/alfakherwelt.de\/ro\/produs\/al-fakher-crown-bar-8000-pufuri-tigara-electronica-de-unica-folosinta-fructul-pasiunii-dulce-16\/","title":{"rendered":"Airmez Matrix 25000 Z\u00fcge Einweg E Zigarette \u2013 Cherry Volcano \nse traduce \u00een \nAirmez Matrix 25000 de trageri \u021bigar\u0103 electronic\u0103 de unic\u0103 folosin\u021b\u0103 \u2013 Cherry Volcano"},"content":{"rendered":"<h2><\/h2>\n<div style=\"width: 1020px;\" class=\"wp-video\"><video class=\"wp-video-shortcode\" id=\"video-1252-1\" width=\"1020\" height=\"1020\" preload=\"metadata\" controls=\"controls\"><source type=\"video\/mp4\" src=\"https:\/\/alfakherwelt.de\/wp-content\/uploads\/2024\/11\/Airmez-Matrix-25000-3.mp4?_=1\" \/><a href=\"https:\/\/alfakherwelt.de\/wp-content\/uploads\/2024\/11\/Airmez-Matrix-25000-3.mp4\">https:\/\/alfakherwelt.de\/wp-content\/uploads\/2024\/11\/Airmez-Matrix-25000-3.mp4<\/a><\/video><\/div>\n<h2><\/h2>\n<h2><a href=\"https:\/\/alfakherwelt.de\/ro\/categorie-de-produse\/airmez-matrix-25000\/\">Airmez Matrix 25000<\/a> Disposable Vape: Inova\u021bie Premium pentru Experien\u021ba Ta de Vaping<\/h2>\n<p>Die <strong>Airmez Matrix 25000<\/strong> este \u00eentruchiparea calit\u0103\u021bii, designului \u0219i tehnologiei moderne \u00een domeniul \u021big\u0103rilor electronice de unic\u0103 folosin\u021b\u0103. Perfect\u0103 at\u00e2t pentru vapori experimenta\u021bi, c\u00e2t \u0219i pentru \u00eencep\u0103tori, acest model inovator ofer\u0103 o combina\u021bie de gust excep\u021bional, manipulare comod\u0103 \u0219i func\u021bii moderne. Cump\u0103ra\u021bi \u021bigara electronic\u0103 de unic\u0103 folosin\u021b\u0103 Airmez Matrix 25K \u00een exclusivitate pe site-ul nostru web <strong>alfakherwelt.de<\/strong>, principalul dvs. furnizor de vape-uri de unic\u0103 folosin\u021b\u0103 din Germania.<\/p>\n<hr \/>\n<h2><strong>Descrierea produsului<\/strong><\/h2>\n<p>Die <strong>Airmez Matrix 25000 de unic\u0103 folosin\u021b\u0103 e-\u021bigar\u0103<\/strong> Stabileaz\u0103 noi standarde pentru o experien\u021b\u0103 intensiv\u0103 \u0219i de neegalat de vaporizare. Cu p\u00e2n\u0103 la 25.000 de trageri \u0219i o varietate de func\u021bii avansate, acest dispozitiv redefine\u0219te vaporizarea. Tehnologia inovatoare, combinat\u0103 cu un ecran tactil modern, face ca Airmez Matrix 25K s\u0103 fie un companion indispensabil pentru to\u021bi cei care apreciaz\u0103 calitatea \u0219i u\u0219urin\u021ba \u00een utilizare.<\/p>\n<p>Caracteristici cheie, cum ar fi bobinele duble de plas\u0103, asigur\u0103 o \u00eenc\u0103lzire uniform\u0103 \u0219i maximizeaz\u0103 dezvoltarea aromei. Cu dou\u0103 moduri diferite - modul normal \u0219i modul boost - acest dispozitiv se adapteaz\u0103 la preferin\u021bele dumneavoastr\u0103 individuale.<\/p>\n<hr \/>\n<h2><strong>Caracteristici principale<\/strong><\/h2>\n<ul>\n<li><strong>Putere maxim\u0103:<\/strong> P\u00e2n\u0103 la <strong>25.000 trenuri<\/strong> \u00een modul normal \u0219i <strong>15.000 trenuri<\/strong> \u00een modul Boost.<\/li>\n<li><strong>Bobine cu plas\u0103 dual\u0103:<\/strong> Asigur\u0103 un gust intens \u0219i o generare uniform\u0103 de abur.<\/li>\n<li><strong>Afi\u0219aj cu ecran tactil:<\/strong> Afi\u0219aj 2,1 inci pentru a afi\u0219a nivelul bateriei \u0219i nivelul de lichid electronic.<\/li>\n<li><strong>Manipulare u\u0219oar\u0103:<\/strong> Tragere activat\u0103 - nu este nevoie de buton.<\/li>\n<li><strong>Debit de aer reglabil:<\/strong> Adaptare individual\u0103 pentru o experien\u021b\u0103 optim\u0103 de vaporizare.<\/li>\n<li><strong>Priza de \u00eenc\u0103rcare USB-C:<\/strong> \u00cenc\u0103rcare rapid\u0103 \u0219i eficient\u0103.<\/li>\n<li><strong>Nivelul de nicotin\u0103:<\/strong> 5 % (50 mg) \u2013 pentru o senza\u021bie satisf\u0103c\u0103toare de nicotin\u0103.<\/li>\n<\/ul>\n<hr \/>\n<h2><strong>De ce <a href=\"https:\/\/alfakherwelt.de\/ro\/categorie-de-produse\/airmez-matrix-25000\/\">Airmez Matrix 25000<\/a> alege\u021bi?<\/strong><\/h2>\n<ol>\n<li><strong>Tehnologie avansat\u0103:<\/strong> Ecranul tactil face operarea intuitiv\u0103 \u0219i inovatoare.<\/li>\n<li><strong>Durabilitate de neegalat:<\/strong> Cu p\u00e2n\u0103 la 25.000 de trageri, acest model dureaz\u0103 semnificativ mai mult dec\u00e2t majoritatea dispozitivelor de unic\u0103 folosin\u021b\u0103.<\/li>\n<li><strong>Gust intens:<\/strong> Datorit\u0103 bobinelor duble de plas\u0103, experimenta\u021bi fiecare arom\u0103 \u00een toat\u0103 intensitatea sa.<\/li>\n<li><strong>Utilizator-friendly<\/strong> Ideal pentru deplas\u0103ri - f\u0103r\u0103 necesitatea de a re\u00eenc\u0103rca sau de a face ajust\u0103ri complicate.<\/li>\n<li><strong>Design stilizat:<\/strong> Elegant, compact \u0219i u\u0219or de transportat.<\/li>\n<\/ol>\n<p><img loading=\"lazy\" decoding=\"async\" class=\"alignnone wp-image-1247 size-full\" src=\"https:\/\/alfakherwelt.de\/wp-content\/uploads\/2024\/11\/Airmez-Matrix-25000.webp\" alt=\"Airmez Matrix 25000 de trageri E-\u021bigaret\u0103 de unic\u0103 folosin\u021b\u0103 - Cherry Volcano\" width=\"1016\" height=\"1452\" title=\"\" srcset=\"https:\/\/alfakherwelt.de\/wp-content\/uploads\/2024\/11\/Airmez-Matrix-25000.webp 1016w, https:\/\/alfakherwelt.de\/wp-content\/uploads\/2024\/11\/Airmez-Matrix-25000-210x300.webp 210w, https:\/\/alfakherwelt.de\/wp-content\/uploads\/2024\/11\/Airmez-Matrix-25000-717x1024.webp 717w, https:\/\/alfakherwelt.de\/wp-content\/uploads\/2024\/11\/Airmez-Matrix-25000-768x1098.webp 768w, https:\/\/alfakherwelt.de\/wp-content\/uploads\/2024\/11\/Airmez-Matrix-25000-8x12.webp 8w, https:\/\/alfakherwelt.de\/wp-content\/uploads\/2024\/11\/Airmez-Matrix-25000-600x857.webp 600w\" sizes=\"auto, (max-width: 1016px) 100vw, 1016px\" \/><\/p>\n<h2><strong>Aromele<\/strong><\/h2>\n<h3><strong>Cherry Volcano<\/strong><\/h3>\n<p>Experimenta\u021bi combina\u021bia exploziv\u0103 de cire\u0219e suculente cu o not\u0103 de prospe\u021bime vulcanic\u0103. Gustul intens de fructe este amplificat prin \u00eenc\u0103lzirea precis\u0103 a bobinelor duble de plas\u0103 \u0219i ofer\u0103 o experien\u021b\u0103 de vaporizare lin\u0103, dar incitant\u0103. Perfect pentru iubitorii de arome dulci \u0219i proaspete.<\/p>\n<hr \/>\n<h2><strong>Arome \u00een detaliu<\/strong><\/h2>\n<p>Die <strong>Airmez Matrix 25000<\/strong> Se remarc\u0103 prin aromele sale excep\u021bionale. Fiecare variant\u0103 este dezvoltat\u0103 cu grij\u0103 pentru a v\u0103 oferi experien\u021ba de arom\u0103 suprem\u0103. Aroma Cherry Volcano combin\u0103 dulcea\u021ba natural\u0103 a cire\u0219elor proaspete cu un finis subtil \u0219i r\u0103coritor. Fiecare inhalare v\u0103 transport\u0103 \u00eentr-o c\u0103l\u0103torie printr-o combina\u021bie armonioas\u0103 de dulcea\u021b\u0103 \u0219i prospe\u021bime, care este perfect accentuat\u0103 de tehnologia inovatoare a dispozitivului. Aceast\u0103 arom\u0103 \u00ee\u0219i p\u0103streaz\u0103 intensitatea p\u00e2n\u0103 la ultima \u021bigar\u0103.<\/p>\n<hr \/>\n<h2><strong>Cump\u0103r\u0103 acum<\/strong><\/h2>\n<p>Experimenta\u021bi revolu\u021bia vape-ului cu <strong>Airmez Matrix 25000<\/strong>Exclusiv disponibil pe <a href=\"https:\/\/alfakherwelt.de\/ro\/\"><strong>alfakherwelt.de<\/strong><\/a>, cel mai mare furnizor online de \u021big\u0103ri electronice de unic\u0103 folosin\u021b\u0103 din Germania. Nu rata\u021bi ocazia de a experimenta combina\u021bia perfect\u0103 de stil, tehnologie \u0219i gust.<\/p>\n<hr \/>\n<h3>Sfaturi pentru strategia dvs. de cuvinte cheie:<\/h3>\n<ul>\n<li><strong>E-zigaret\u0103 de unic\u0103 folosin\u021b\u0103 Germania<\/strong><\/li>\n<li><strong>Cump\u0103ra vape cu nicotin\u0103<\/strong><\/li>\n<li><strong>Airmez Matrix 25000 de trageri<\/strong><\/li>\n<li><strong>Vaporizator de unic\u0103 folosin\u021b\u0103 premium<\/strong><\/li>\n<\/ul>\n<p>L\u0103sa\u021bi-m\u0103 s\u0103 \u0219tiu dac\u0103 ave\u021bi nevoie de o list\u0103 detaliat\u0103 de cuvinte cheie pentru strategia dvs. de marketing digital!<\/p>","protected":false},"excerpt":{"rendered":"<div class=\"flex-shrink-0 flex flex-col relative items-end\">\n<div class=\"pt-0\">\n<div class=\"gizmo-shadow-stroke flex h-8 w-8 items-center justify-center overflow-hidden rounded-full\">\n<div class=\"h-full w-full\">\n<div class=\"flex-shrink-0 flex flex-col relative items-end\">\n<div class=\"pt-0\">\n<div class=\"gizmo-shadow-stroke flex h-8 w-8 items-center justify-center overflow-hidden rounded-full\">\n<div class=\"h-full w-full\">\n<div class=\"gizmo-shadow-stroke overflow-hidden rounded-full\">\n<div class=\"flex-1 overflow-hidden\">\n<div class=\"h-full\">\n<div class=\"react-scroll-to-bottom--css-nphjn-79elbk h-full\">\n<div class=\"react-scroll-to-bottom--css-nphjn-1n7m0yu\">\n<div class=\"flex flex-col text-sm md:pb-9\">\n<article class=\"w-full scroll-mb-[var(--thread-trailing-height,150px)] text-token-text-primary focus-visible:outline-2 focus-visible:outline-offset-[-4px]\" dir=\"auto\" data-testid=\"conversation-turn-5\" data-scroll-anchor=\"true\">\n<div class=\"m-auto text-base py-[18px] px-3 md:px-4 w-full md:px-5 lg:px-4 xl:px-5\">\n<div class=\"mx-auto flex flex-1 gap-4 text-base md:gap-5 lg:gap-6 md:max-w-3xl lg:max-w-[40rem] xl:max-w-[48rem]\">\n<div class=\"group\/conversation-turn relative flex w-full min-w-0 flex-col agent-turn\">\n<div class=\"flex-col gap-1 md:gap-3\">\n<div class=\"flex max-w-full flex-col flex-grow\">\n<div class=\"min-h-8 text-message flex w-full flex-col items-end gap-2 whitespace-normal break-words [.text-message+&amp;]:mt-5\" dir=\"auto\" data-message-author-role=\"assistant\" data-message-id=\"1982dcee-f0f5-4cfa-a269-fdbaed43d922\" data-message-model-slug=\"gpt-4o\">\n<div class=\"flex w-full flex-col gap-1 empty:hidden first:pt-[3px]\">\n<div class=\"markdown prose w-full break-words dark:prose-invert light\">\n<p>Die<strong> Airmez Matrix 25000<\/strong> O \u021bigar\u0103 electronic\u0103 de unic\u0103 folosin\u021b\u0103 combin\u0103 tehnologia de ultim\u0103 or\u0103, cum ar fi bobinele duble cu plas\u0103, un ecran tactil de 2,1 inci \u0219i un flux de aer reglabil cu p\u00e2n\u0103 la 25.000 de pufuri, pentru a oferi o experien\u021b\u0103 de vaporizare intens\u0103 \u0219i u\u0219or de utilizat, f\u0103r\u0103 egal.<\/p>\n<\/div>\n<\/div>\n<\/div>\n<\/div>\n<div class=\"pr-2 lg:pr-0\"><\/div>\n<div class=\"mt-3 w-full empty:hidden\">\n<div class=\"text-center\"><\/div>\n<\/div>\n<\/div>\n<div class=\"absolute\">\n<div class=\"flex items-center justify-center\"><\/div>\n<\/div>\n<\/div>\n<\/div>\n<\/div>\n<\/article>\n<\/div>\n<\/div>\n<\/div>\n<\/div>\n<\/div>\n<div class=\"md:pt-0 dark:border-white\/20 md:border-transparent md:dark:border-transparent w-full\">\n<div>\n<div class=\"m-auto text-base px-3 md:px-4 w-full md:px-5 lg:px-4 xl:px-5\">\n<div class=\"mx-auto flex flex-1 gap-4 text-base md:gap-5 lg:gap-6 md:max-w-3xl lg:max-w-[40rem] xl:max-w-[48rem]\">\n<div class=\"flex justify-center\"><\/div>\n<\/div>\n<\/div>\n<\/div>\n<\/div>\n<\/div>\n<\/div>\n<\/div>\n<\/div>\n<\/div>\n<\/div>\n<\/div>\n<\/div>\n<\/div>","protected":false},"featured_media":1254,"comment_status":"open","ping_status":"closed","template":"","meta":[],"product_brand":[],"product_cat":[53],"product_tag":[],"class_list":{"0":"post-1252","1":"product","2":"type-product","3":"status-publish","4":"has-post-thumbnail","6":"product_cat-airmez-matrix-25000","8":"first","9":"instock","10":"sale","11":"shipping-taxable","12":"purchasable","13":"product-type-simple"},"jetpack_sharing_enabled":true,"_links":{"self":[{"href":"https:\/\/alfakherwelt.de\/ro\/wp-json\/wp\/v2\/product\/1252","targetHints":{"allow":["GET"]}}],"collection":[{"href":"https:\/\/alfakherwelt.de\/ro\/wp-json\/wp\/v2\/product"}],"about":[{"href":"https:\/\/alfakherwelt.de\/ro\/wp-json\/wp\/v2\/types\/product"}],"replies":[{"embeddable":true,"href":"https:\/\/alfakherwelt.de\/ro\/wp-json\/wp\/v2\/comments?post=1252"}],"wp:featuredmedia":[{"embeddable":true,"href":"https:\/\/alfakherwelt.de\/ro\/wp-json\/wp\/v2\/media\/1254"}],"wp:attachment":[{"href":"https:\/\/alfakherwelt.de\/ro\/wp-json\/wp\/v2\/media?parent=1252"}],"wp:term":[{"taxonomy":"product_brand","embeddable":true,"href":"https:\/\/alfakherwelt.de\/ro\/wp-json\/wp\/v2\/product_brand?post=1252"},{"taxonomy":"product_cat","embeddable":true,"href":"https:\/\/alfakherwelt.de\/ro\/wp-json\/wp\/v2\/product_cat?post=1252"},{"taxonomy":"product_tag","embeddable":true,"href":"https:\/\/alfakherwelt.de\/ro\/wp-json\/wp\/v2\/product_tag?post=1252"}],"curies":[{"name":"wp","href":"https:\/\/api.w.org\/{rel}","templated":true}]}}