{"id":856,"date":"2024-10-28T12:47:30","date_gmt":"2024-10-28T12:47:30","guid":{"rendered":"https:\/\/alfakherwelt.de\/?post_type=product&#038;p=856"},"modified":"2025-06-29T07:25:49","modified_gmt":"2025-06-29T07:25:49","slug":"ai-fakher-coroa-bar-15000-baforadas-cigarro-eletronico-descartavel-limao-hortela","status":"publish","type":"product","link":"https:\/\/alfakherwelt.de\/pt\/produto\/ai-fakher-coroa-bar-15000-baforadas-cigarro-eletronico-descartavel-limao-hortela\/","title":{"rendered":"Coroa AI Fakher 15000 tragadas Cigarro eletr\u00f4nico descart\u00e1vel - Lim\u00e3o Hortel\u00e3"},"content":{"rendered":"<h2>Cigarrinha eletr\u00f4nica descart\u00e1vel <a href=\"https:\/\/alfakherwelt.de\/pt\/\">Al Fakher<\/a> Crown Bar 15000 PRO \u2013 A Experi\u00eancia de Vaping Definitiva<\/h2>\n<p>Descubra o mundo do vapor sem esfor\u00e7o com o <strong>Al Fakher Crown Bar 15000 PRO Cigarra Eletr\u00f4nica Descart\u00e1vel<\/strong> \u2013 o indispens\u00e1vel para todos os entusiastas de vape na Alemanha! Com impressionantes <strong>15.000 trens<\/strong>com um poderoso <strong>Bateria USB-C de 600mAh<\/strong> e 22ml de l\u00edquido eletr\u00f4nico de primeira classe, este dispositivo oferece uma experi\u00eancia de vaporiza\u00e7\u00e3o que o entusiasmar\u00e1. Seja em viagens ou em casa, com este cigarro eletr\u00f4nico descart\u00e1vel voc\u00ea est\u00e1 perfeitamente equipado para desfrutar do sabor puro e do manuseio pr\u00e1tico.<\/p>\n<h3>Por que os <a href=\"https:\/\/alfakherwelt.de\/pt\/categoria-de-produto\/barra-de-coroa-ai-fakher-15000\/\">Al Fakher Crown Bar 15000 PRO<\/a>?<\/h3>\n<p>Esta e-cigarra destaca-se pela sua imensa <strong>Capacidade<\/strong> e os detalhes inovadores da concorr\u00eancia. Aqui n\u00e3o est\u00e1 apenas o <strong>Design \u00fanico<\/strong>mas tamb\u00e9m o desempenho \u00e9 excelente. A Al Fakher Crown Bar foi projetada para momentos de prazer prolongado e \u00e9 ideal para todos que procuram uma experi\u00eancia de vaporiza\u00e7\u00e3o sem concess\u00f5es.<\/p>\n<p><strong>Agora na maior loja online de cigarros eletr\u00f4nicos descart\u00e1veis da Alemanha<\/strong> \u2013 <strong>alfakherwelt.de<\/strong> dispon\u00edvel.<\/p>\n<hr \/>\n<h3>Hauptmerkmale der <a href=\"https:\/\/alfakherwelt.de\/pt\/categoria-de-produto\/barra-de-coroa-ai-fakher-15000\/\">Al Fakher Crown Bar 15000 PRO<\/a><\/h3>\n<ul>\n<li><strong>N\u00famero de Puffs<\/strong>: Sobre <strong>15.000 trens<\/strong> \u2013 uma capacidade consider\u00e1vel para desfrutar de vapor durante semanas.<\/li>\n<li><strong>Capacidade de E-L\u00edquido<\/strong>Cont\u00e9m <strong>22ml<\/strong> E-l\u00edquido de alta qualidade para um sabor intenso e duradouro.<\/li>\n<li><strong>Capacidade da bateria<\/strong>: O <strong>600mAh Bateria recarreg\u00e1vel USB-C<\/strong> garante que o dispositivo dure at\u00e9 o \u00faltimo l\u00edquido.<\/li>\n<li><strong>Teor de nicotina<\/strong>Com um teor de nicotina de <strong>5% (50mg)<\/strong> oferece um chute cheio, ideal para iniciantes e vaporizadores experientes.<\/li>\n<li><strong>Visor LED<\/strong>: Um ecr\u00e3 integrado mostra <strong>Estado da bateria e n\u00edvel de l\u00edquido<\/strong> \u2013 perfeito para se manter informado a qualquer momento.<\/li>\n<li><strong>Elegante design com logotipo<\/strong>: O dispositivo orgulhosamente ostenta o logotipo do Al Fakher e torna-se um t\u00f3pico de conversa entre os f\u00e3s de vape.<\/li>\n<\/ul>\n<hr \/>\n<h2>Experimente o Sabor Incompar\u00e1vel - Al Fakher Variedade de Aromas<\/h2>\n<p>Al Fakher \u00e9 conhecido por sua sele\u00e7\u00e3o exquisita de sabores, que, inspirada na cultura do shisha, foi transferida para a linha de produtos de vape descart\u00e1veis. Os sabores deste cigarro eletr\u00f4nico oferecem uma experi\u00eancia arom\u00e1tica aut\u00eantica e rica, que deixa vontade de mais.<\/p>\n<h3>Experi\u00eancias intensas de sabor - Um prazer para todos os sentidos<\/h3>\n<p>A <a href=\"https:\/\/alfakherwelt.de\/pt\/categoria-de-produto\/barra-de-coroa-ai-fakher-15000\/\"><strong>Al Fakher Crown Bar 15000 PRO<\/strong><\/a> oferece uma cole\u00e7\u00e3o de sabores deliciosos que apostam em aromas cuidadosamente selecionados para garantir a m\u00e1xima qualidade. Aqui est\u00e1 uma vis\u00e3o geral dos sabores intensos e emocionais:<\/p>\n<ol>\n<li><strong>Limonete de Hortel\u00e3<\/strong> \u2013 Esta mistura revigorante de aroma de lim\u00e3o suculento e um toque de hortel\u00e3 fresca oferece uma experi\u00eancia de vaporiza\u00e7\u00e3o refrescante e revigorante. As notas c\u00edtricas s\u00e3o vibrantes e cheias, enquanto a hortel\u00e3 suavemente refresca o paladar.<\/li>\n<li><strong>Berry Blast<\/strong> \u2013 Uma mistura doce de frutas silvestres maduras, que lembra um dia de ver\u00e3o quente. Cada inala\u00e7\u00e3o revela aromas de amoras, framboesas e mirtilos - perfeito para todos que amam o sabor frutado.<\/li>\n<li><strong>Creme de Baunilha<\/strong> \u2013 Para os amantes de sabores cremosos e suaves, a creme de baunilha \u00e9 um verdadeiro deleite para o paladar. A baunilha aveludada \u00e9 complementada por notas cremosas e proporciona uma experi\u00eancia suave e doce.<\/li>\n<li><strong>Mango Delight<\/strong> \u2013 As notas tropicais de manga trazem uma sensa\u00e7\u00e3o ex\u00f3tica e proporcionam nuances de sabor doce e intenso, que s\u00e3o ao mesmo tempo intensas e satisfat\u00f3rias.<\/li>\n<li><strong>Cool Mint<\/strong> \u2013 Um aroma cl\u00e1ssico de hortel\u00e3, que oferece uma tragada fresca e refrescante ap\u00f3s a outra. Ideal para todos que amam o sabor fresco e leve.<\/li>\n<\/ol>\n<p>&nbsp;<\/p>\n<p><img loading=\"lazy\" decoding=\"async\" class=\"alignnone wp-image-824 size-full\" src=\"https:\/\/alfakherwelt.de\/wp-content\/uploads\/2024\/10\/1AI-Fakher-Crown-Bar-15000.webp\" alt=\"Coroa AI Fakher 15000 tragadas Cigarro eletr\u00f4nico descart\u00e1vel - Lim\u00e3o Hortel\u00e3\" width=\"1080\" height=\"1440\" title=\"\" srcset=\"https:\/\/alfakherwelt.de\/wp-content\/uploads\/2024\/10\/1AI-Fakher-Crown-Bar-15000.webp 1080w, https:\/\/alfakherwelt.de\/wp-content\/uploads\/2024\/10\/1AI-Fakher-Crown-Bar-15000-225x300.webp 225w, https:\/\/alfakherwelt.de\/wp-content\/uploads\/2024\/10\/1AI-Fakher-Crown-Bar-15000-768x1024.webp 768w, https:\/\/alfakherwelt.de\/wp-content\/uploads\/2024\/10\/1AI-Fakher-Crown-Bar-15000-600x800.webp 600w\" sizes=\"auto, (max-width: 1080px) 100vw, 1080px\" \/><\/p>\n<hr \/>\n<h3>Por que voc\u00ea deve comprar o Al Fakher Crown Bar 15000 PRO conosco<\/h3>\n<p>Ao comprar o seu cigarro eletr\u00f3nico descart\u00e1vel, \u00e9 decisivo optar por um produto que una tanto a qualidade como a facilidade de uso. A <strong>Al Fakher Crown Bar 15000 PRO<\/strong> oferece exatamente isso:<\/p>\n<ul>\n<li><strong>Longevidade<\/strong>Com uma alta capacidade de carga e uma bateria potente, este dispositivo foi concebido para proporcionar uma experi\u00eancia prolongada - ideal para uso em movimento e durante v\u00e1rios dias.<\/li>\n<li><strong>Manuseio pr\u00e1tico<\/strong>F\u00e1cil de usar e recarreg\u00e1vel, o dispositivo economiza o inc\u00f4modo reabastecimento e troca de cartuchos.<\/li>\n<li><strong>Sabor aut\u00eantico<\/strong>: Desfrute da experi\u00eancia de Al Fakher, conhecida por seus sabores intensos e proporcionar o prazer perfeito do vapor.<\/li>\n<li><strong>Simples e M\u00f3vel<\/strong>: Sem configura\u00e7\u00e3o complicada ou necessidade de limpeza - apenas carregue e aproveite.<\/li>\n<li><strong>Design discreto<\/strong>: Com sua forma compacta e elegante, o dispositivo pode ser facilmente guardado em qualquer bolso.<\/li>\n<\/ul>\n<p>Compre seu Al Fakher Crown Bar 15000 PRO hoje mesmo e experimente o puro sabor em sua melhor forma \u2013 exclusivamente em <a href=\"https:\/\/alfakherwelt.de\/pt\/\"><strong>alfakherwelt.de<\/strong>.<\/a><\/p>\n<p><img loading=\"lazy\" decoding=\"async\" class=\"alignnone wp-image-855 size-full\" src=\"https:\/\/alfakherwelt.de\/wp-content\/uploads\/2024\/10\/2AI-Fakher-Crown-Bar-15000-1.webp\" alt=\"Coroa AI Fakher 15000 tragadas Cigarro eletr\u00f4nico descart\u00e1vel - Lim\u00e3o Hortel\u00e3\" width=\"1920\" height=\"1080\" title=\"\" srcset=\"https:\/\/alfakherwelt.de\/wp-content\/uploads\/2024\/10\/2AI-Fakher-Crown-Bar-15000-1.webp 1920w, https:\/\/alfakherwelt.de\/wp-content\/uploads\/2024\/10\/2AI-Fakher-Crown-Bar-15000-1-300x169.webp 300w, https:\/\/alfakherwelt.de\/wp-content\/uploads\/2024\/10\/2AI-Fakher-Crown-Bar-15000-1-1024x576.webp 1024w, https:\/\/alfakherwelt.de\/wp-content\/uploads\/2024\/10\/2AI-Fakher-Crown-Bar-15000-1-768x432.webp 768w, https:\/\/alfakherwelt.de\/wp-content\/uploads\/2024\/10\/2AI-Fakher-Crown-Bar-15000-1-1536x864.webp 1536w, https:\/\/alfakherwelt.de\/wp-content\/uploads\/2024\/10\/2AI-Fakher-Crown-Bar-15000-1-600x338.webp 600w\" sizes=\"auto, (max-width: 1920px) 100vw, 1920px\" \/><\/p>","protected":false},"excerpt":{"rendered":"<p>A<strong> Al Fakher Crown Bar 15000 PRO<\/strong> A cigarreta eletr\u00f4nica descart\u00e1vel oferece 15.000 tragadas, uma bateria USB-C de 600mAh e sabores intensos para uma experi\u00eancia de vaporiza\u00e7\u00e3o duradoura e saborosa que voc\u00ea pode aproveitar em <strong>alfakherwelt.de<\/strong> descobrir podem.<\/p>","protected":false},"featured_media":857,"comment_status":"open","ping_status":"closed","template":"","meta":[],"product_brand":[],"product_cat":[25],"product_tag":[],"class_list":{"0":"post-856","1":"product","2":"type-product","3":"status-publish","4":"has-post-thumbnail","6":"product_cat-ai-fakher-crown-bar-15000","8":"first","9":"outofstock","10":"sale","11":"shipping-taxable","12":"purchasable","13":"product-type-simple"},"jetpack_sharing_enabled":true,"_links":{"self":[{"href":"https:\/\/alfakherwelt.de\/pt\/wp-json\/wp\/v2\/product\/856","targetHints":{"allow":["GET"]}}],"collection":[{"href":"https:\/\/alfakherwelt.de\/pt\/wp-json\/wp\/v2\/product"}],"about":[{"href":"https:\/\/alfakherwelt.de\/pt\/wp-json\/wp\/v2\/types\/product"}],"replies":[{"embeddable":true,"href":"https:\/\/alfakherwelt.de\/pt\/wp-json\/wp\/v2\/comments?post=856"}],"wp:featuredmedia":[{"embeddable":true,"href":"https:\/\/alfakherwelt.de\/pt\/wp-json\/wp\/v2\/media\/857"}],"wp:attachment":[{"href":"https:\/\/alfakherwelt.de\/pt\/wp-json\/wp\/v2\/media?parent=856"}],"wp:term":[{"taxonomy":"product_brand","embeddable":true,"href":"https:\/\/alfakherwelt.de\/pt\/wp-json\/wp\/v2\/product_brand?post=856"},{"taxonomy":"product_cat","embeddable":true,"href":"https:\/\/alfakherwelt.de\/pt\/wp-json\/wp\/v2\/product_cat?post=856"},{"taxonomy":"product_tag","embeddable":true,"href":"https:\/\/alfakherwelt.de\/pt\/wp-json\/wp\/v2\/product_tag?post=856"}],"curies":[{"name":"wp","href":"https:\/\/api.w.org\/{rel}","templated":true}]}}