{"id":853,"date":"2024-10-28T07:48:58","date_gmt":"2024-10-28T07:48:58","guid":{"rendered":"https:\/\/alfakherwelt.de\/?post_type=product&#038;p=853"},"modified":"2025-03-22T08:55:10","modified_gmt":"2025-03-22T08:55:10","slug":"ai-fakher-coroa-bar-15000-baforadas-descartaveis-e-cigarro-chiclete-hortela","status":"publish","type":"product","link":"https:\/\/alfakherwelt.de\/pt\/produto\/ai-fakher-coroa-bar-15000-baforadas-descartaveis-e-cigarro-chiclete-hortela\/","title":{"rendered":"Coroa AI Fakher 15000 tragadas Cigarro eletr\u00f4nico descart\u00e1vel - Goma de hortel\u00e3"},"content":{"rendered":"<h2><a href=\"https:\/\/alfakherwelt.de\/pt\/\">Al Fakher<\/a> Crown Bar 15000 PRO: Cigarra Eletr\u00f4nica Descart\u00e1vel com Variedade Intensa de Aromas e Maior Pot\u00eancia<\/h2>\n<p>A <strong>Al Fakher Crown Bar 15000 PRO<\/strong> Oferece um prazer de vapor incompar\u00e1vel e \u00e9 feito para todos aqueles que valorizam qualidade, aroma e durabilidade. Este dispositivo inovador de vape oferece uma bateria recarreg\u00e1vel USB-C potente de 600mAh, uma capacidade impressionante de 22ml de l\u00edquido eletr\u00f4nico e at\u00e9 15.000 tragadas. Com este novo design, Al Fakher eleva o vape a um novo n\u00edvel - especialmente para todos aqueles que na Alemanha est\u00e3o procurando por um cigarro eletr\u00f4nico descart\u00e1vel confi\u00e1vel e potente.<\/p>\n<h3>Caracter\u00edsticas \u00fanicas da <a href=\"https:\/\/alfakherwelt.de\/pt\/categoria-de-produto\/barra-de-coroa-ai-fakher-15000\/\">Al Fakher Crown Bar 15000 PRO<\/a><\/h3>\n<ul>\n<li><strong>Imponentes caracter\u00edsticas:<\/strong> Desfrute at\u00e9 15.000 tragadas - ideal para um prazer de vapor prolongado.<\/li>\n<li><strong>Dura\u00e7\u00e3o da bateria:<\/strong> A bateria de 600mAh garante que o dispositivo dure at\u00e9 que todo o l\u00edquido eletr\u00f4nico seja consumido - pr\u00e1tico e confi\u00e1vel.<\/li>\n<li><strong>Capacidade de E-L\u00edquido de 22ml:<\/strong> Desfrute de uma grande quantidade de l\u00edquido, sem a necessidade de reabastecer constantemente.<\/li>\n<li><strong>Conte\u00fado de nicotina de 5% (50mg):<\/strong> Perfeitamente adaptado \u00e0s necessidades de muitos vapers.<\/li>\n<li><strong>Design moderno:<\/strong> Com um visor LED para o n\u00edvel da bateria e o n\u00edvel de l\u00edquido, voc\u00ea permanece sempre informado.<\/li>\n<li><strong>Manuseio f\u00e1cil e recarregabilidade:<\/strong> A conex\u00e3o USB tipo C ( cabo n\u00e3o inclu\u00eddo ) permite carregar f\u00e1cil e rapidamente.<\/li>\n<\/ul>\n<p>Visite nosso site <a href=\"https:\/\/alfakherwelt.de\/pt\/\" target=\"_new\" rel=\"noopener\">alfakherwelt.de<\/a> e descubra nossa ampla oferta de cigarros eletr\u00f4nicos descart\u00e1veis.<\/p>\n<hr \/>\n<h2>Um ein detaillierter Einblick in die Geschmackswelt der zu geben, ben\u00f6tige ich mehr Informationen oder den Rest des Textes. Bitte fahren Sie fort. <a href=\"https:\/\/alfakherwelt.de\/pt\/categoria-de-produto\/barra-de-coroa-ai-fakher-15000\/\">Al Fakher Crown Bar 15000 PRO<\/a><\/h2>\n<p>Al Fakher transferiu sua expertise na \u00e1rea tradicional de Shisha para o mercado de vape de forma perfeita. Com uma variedade impressionante de aromas aut\u00eanticos e intensos, cada experi\u00eancia de vaporiza\u00e7\u00e3o torna-se um momento de verdadeiro prazer.<\/p>\n<h3>Experi\u00eancia de sabor: Gum Mint<\/h3>\n<p><strong>Gum Mint<\/strong> \u00e9 uma mistura refrescante que combina hortel\u00e3 fresca com um toque de goma de mascar doce. Em cada tragada, voc\u00ea experimenta a frescura revigorante da hortel\u00e3, complementada pela do\u00e7ura de um sabor familiar de goma de mascar. \u00c9 uma escolha perfeita para quem gosta de um toque de frescor com um aroma doce e familiar. A combina\u00e7\u00e3o de sabores oferece um aroma duradouro que voc\u00ea vai querer desfrutar repetidamente.<\/p>\n<p><img loading=\"lazy\" decoding=\"async\" class=\"alignnone wp-image-824 size-full\" src=\"https:\/\/alfakherwelt.de\/wp-content\/uploads\/2024\/10\/1AI-Fakher-Crown-Bar-15000.webp\" alt=\"Coroa AI Fakher 15000 tragadas Cigarro eletr\u00f4nico descart\u00e1vel - Goma de hortel\u00e3 \" width=\"1080\" height=\"1440\" title=\"\" srcset=\"https:\/\/alfakherwelt.de\/wp-content\/uploads\/2024\/10\/1AI-Fakher-Crown-Bar-15000.webp 1080w, https:\/\/alfakherwelt.de\/wp-content\/uploads\/2024\/10\/1AI-Fakher-Crown-Bar-15000-225x300.webp 225w, https:\/\/alfakherwelt.de\/wp-content\/uploads\/2024\/10\/1AI-Fakher-Crown-Bar-15000-768x1024.webp 768w, https:\/\/alfakherwelt.de\/wp-content\/uploads\/2024\/10\/1AI-Fakher-Crown-Bar-15000-600x800.webp 600w\" sizes=\"auto, (max-width: 1080px) 100vw, 1080px\" \/><\/p>\n<hr \/>\n<h2>Por que a <a href=\"https:\/\/alfakherwelt.de\/pt\/categoria-de-produto\/barra-de-coroa-ai-fakher-15000\/\">Al Fakher Crown Bar 15000 PRO<\/a> A melhor escolha para vaporizadores \u00e9<\/h2>\n<ol>\n<li><strong>Qualidade e confiabilidade:<\/strong> A alta qualidade de processamento da Al Fakher garante um dispositivo duradouro que n\u00e3o o deixar\u00e1 na m\u00e3o.<\/li>\n<li><strong>Experi\u00eancia intensiva de vapor:<\/strong> Com at\u00e9 15.000 tragadas, voc\u00ea experimenta um prazer de vapor cont\u00ednuo e intenso.<\/li>\n<li><strong>Carregamento simples:<\/strong> O conector de carga USB-C permite um carregamento f\u00e1cil e r\u00e1pido.<\/li>\n<li><strong>Alto teor de nicotina:<\/strong> O teor de nicotina de 5%ge fala especialmente em vapers experientes que procuram uma experi\u00eancia mais intensa.<\/li>\n<li><strong>Diversidade arom\u00e1tica:<\/strong> Gra\u00e7as \u00e0 ampla sele\u00e7\u00e3o de sabores, h\u00e1 algo para todos os gostos.<\/li>\n<\/ol>\n<p>&nbsp;<\/p>\n<p>A <strong>Al Fakher Crown Bar 15000 PRO<\/strong> \u00e9 mais do que apenas um cigarro eletr\u00f4nico descart\u00e1vel - \u00e9 uma declara\u00e7\u00e3o em termos de qualidade e desempenho. Seja voc\u00ea um vapeador experiente ou um iniciante, este dispositivo oferece tudo o que voc\u00ea precisa para levar seu prazer de vaporiza\u00e7\u00e3o ao pr\u00f3ximo n\u00edvel. Visite-nos em <a href=\"https:\/\/alfakherwelt.de\/pt\/\" target=\"_new\" rel=\"noopener\">alfakherwelt.de<\/a> e proteja seu dispositivo ainda hoje!<\/p>\n<p><img loading=\"lazy\" decoding=\"async\" class=\"alignnone size-full wp-image-855\" src=\"https:\/\/alfakherwelt.de\/wp-content\/uploads\/2024\/10\/2AI-Fakher-Crown-Bar-15000-1.webp\" alt=\"Coroa AI Fakher 15000 tragadas Cigarro eletr\u00f4nico descart\u00e1vel - Goma de hortel\u00e3 \" width=\"1920\" height=\"1080\" title=\"\" srcset=\"https:\/\/alfakherwelt.de\/wp-content\/uploads\/2024\/10\/2AI-Fakher-Crown-Bar-15000-1.webp 1920w, https:\/\/alfakherwelt.de\/wp-content\/uploads\/2024\/10\/2AI-Fakher-Crown-Bar-15000-1-300x169.webp 300w, https:\/\/alfakherwelt.de\/wp-content\/uploads\/2024\/10\/2AI-Fakher-Crown-Bar-15000-1-1024x576.webp 1024w, https:\/\/alfakherwelt.de\/wp-content\/uploads\/2024\/10\/2AI-Fakher-Crown-Bar-15000-1-768x432.webp 768w, https:\/\/alfakherwelt.de\/wp-content\/uploads\/2024\/10\/2AI-Fakher-Crown-Bar-15000-1-1536x864.webp 1536w, https:\/\/alfakherwelt.de\/wp-content\/uploads\/2024\/10\/2AI-Fakher-Crown-Bar-15000-1-600x338.webp 600w\" sizes=\"auto, (max-width: 1920px) 100vw, 1920px\" \/><\/p>","protected":false},"excerpt":{"rendered":"<p>A <strong>Al Fakher Crown Bar 15000 PRO<\/strong> \u00e9 um cigarro eletr\u00f4nico descart\u00e1vel de alta pot\u00eancia com 15.000 tragadas, 22ml de e-l\u00edquido, 5% de teor de nicotina e uma bateria recarreg\u00e1vel de 600mAh USB-C, que proporciona uma experi\u00eancia de vaporiza\u00e7\u00e3o intensa e duradoura.<\/p>","protected":false},"featured_media":854,"comment_status":"open","ping_status":"closed","template":"","meta":[],"product_brand":[],"product_cat":[25],"product_tag":[],"class_list":{"0":"post-853","1":"product","2":"type-product","3":"status-publish","4":"has-post-thumbnail","6":"product_cat-ai-fakher-crown-bar-15000","8":"first","9":"outofstock","10":"sale","11":"shipping-taxable","12":"purchasable","13":"product-type-simple"},"jetpack_sharing_enabled":true,"_links":{"self":[{"href":"https:\/\/alfakherwelt.de\/pt\/wp-json\/wp\/v2\/product\/853","targetHints":{"allow":["GET"]}}],"collection":[{"href":"https:\/\/alfakherwelt.de\/pt\/wp-json\/wp\/v2\/product"}],"about":[{"href":"https:\/\/alfakherwelt.de\/pt\/wp-json\/wp\/v2\/types\/product"}],"replies":[{"embeddable":true,"href":"https:\/\/alfakherwelt.de\/pt\/wp-json\/wp\/v2\/comments?post=853"}],"wp:featuredmedia":[{"embeddable":true,"href":"https:\/\/alfakherwelt.de\/pt\/wp-json\/wp\/v2\/media\/854"}],"wp:attachment":[{"href":"https:\/\/alfakherwelt.de\/pt\/wp-json\/wp\/v2\/media?parent=853"}],"wp:term":[{"taxonomy":"product_brand","embeddable":true,"href":"https:\/\/alfakherwelt.de\/pt\/wp-json\/wp\/v2\/product_brand?post=853"},{"taxonomy":"product_cat","embeddable":true,"href":"https:\/\/alfakherwelt.de\/pt\/wp-json\/wp\/v2\/product_cat?post=853"},{"taxonomy":"product_tag","embeddable":true,"href":"https:\/\/alfakherwelt.de\/pt\/wp-json\/wp\/v2\/product_tag?post=853"}],"curies":[{"name":"wp","href":"https:\/\/api.w.org\/{rel}","templated":true}]}}