{"id":848,"date":"2024-10-28T02:18:36","date_gmt":"2024-10-28T02:18:36","guid":{"rendered":"https:\/\/alfakherwelt.de\/?post_type=product&#038;p=848"},"modified":"2025-06-29T07:26:36","modified_gmt":"2025-06-29T07:26:36","slug":"ai-fakher-coroa-bar-15000-baforadas-descartavel-e-cigarro-cereja-fiesta","status":"publish","type":"product","link":"https:\/\/alfakherwelt.de\/pt\/produto\/ai-fakher-coroa-bar-15000-baforadas-descartavel-e-cigarro-cereja-fiesta\/","title":{"rendered":"AI Fakher Crown Bar 15000 tragadas Cigarro eletr\u00f4nico descart\u00e1vel \u2013 Festa de Cereja"},"content":{"rendered":"<h2><img loading=\"lazy\" decoding=\"async\" class=\"alignnone wp-image-846 size-full\" src=\"https:\/\/alfakherwelt.de\/wp-content\/uploads\/2024\/10\/6AI-Fakher-Crown-Bar-15000.webp\" alt=\"AI Fakher Crown Bar 15000 tragadas Cigarro eletr\u00f4nico descart\u00e1vel - Festa de Cereja\" width=\"1946\" height=\"1946\" title=\"\" srcset=\"https:\/\/alfakherwelt.de\/wp-content\/uploads\/2024\/10\/6AI-Fakher-Crown-Bar-15000.webp 1946w, https:\/\/alfakherwelt.de\/wp-content\/uploads\/2024\/10\/6AI-Fakher-Crown-Bar-15000-300x300.webp 300w, https:\/\/alfakherwelt.de\/wp-content\/uploads\/2024\/10\/6AI-Fakher-Crown-Bar-15000-1024x1024.webp 1024w, https:\/\/alfakherwelt.de\/wp-content\/uploads\/2024\/10\/6AI-Fakher-Crown-Bar-15000-150x150.webp 150w, https:\/\/alfakherwelt.de\/wp-content\/uploads\/2024\/10\/6AI-Fakher-Crown-Bar-15000-768x768.webp 768w, https:\/\/alfakherwelt.de\/wp-content\/uploads\/2024\/10\/6AI-Fakher-Crown-Bar-15000-1536x1536.webp 1536w, https:\/\/alfakherwelt.de\/wp-content\/uploads\/2024\/10\/6AI-Fakher-Crown-Bar-15000-600x600.webp 600w, https:\/\/alfakherwelt.de\/wp-content\/uploads\/2024\/10\/6AI-Fakher-Crown-Bar-15000-100x100.webp 100w\" sizes=\"auto, (max-width: 1946px) 100vw, 1946px\" \/><\/h2>\n<h2><strong><a href=\"https:\/\/alfakherwelt.de\/pt\/\">Al Fakher<\/a> Crown Bar 15000 PRO Descart\u00e1vel Vape - Cigarro eletr\u00f4nico descart\u00e1vel com 15.000 tragadas para uma experi\u00eancia de vaporiza\u00e7\u00e3o inesquec\u00edvel<\/strong><\/h2>\n<h3><strong>Vis\u00e3o geral do produto<\/strong><\/h3>\n<p>O Al Fakher Crown Bar 15000 PRO cigarro eletr\u00f4nico descart\u00e1vel \u00e9 a mais recente inova\u00e7\u00e3o para vapers exigentes que desejam confiar em qualidade, sabor e durabilidade. Com uma capacidade impressionante de 22 ml de e-l\u00edquido, uma vida \u00fatil da bateria que garante uso cont\u00ednuo e incr\u00edveis 15.000 tragadas, este cigarro eletr\u00f4nico ser\u00e1 seu companheiro por v\u00e1rios dias. Equipado com uma bateria recarreg\u00e1vel de 600 mAh USB-C ( cabo n\u00e3o inclu\u00eddo ), o dispositivo combina excepcional prazer de vapor com a vantagem pr\u00e1tica da durabilidade. Gra\u00e7as a um avan\u00e7ado display LED, voc\u00ea sempre ter\u00e1 uma vis\u00e3o geral do n\u00edvel da bateria e da quantidade de e-l\u00edquido - ideal para uso em movimento.<\/p>\n<h3><strong>Destaques do produto<\/strong><\/h3>\n<ul>\n<li><strong>15.000 trens de capacidade<\/strong>A Al Fakher Crown Bar 15000 fornece, com cada tragada, um sabor uniforme e arom\u00e1tico e garante uma utiliza\u00e7\u00e3o prolongada sem reabastecimentos.<\/li>\n<li><strong>Capacidade de 22 ml de E-L\u00edquido<\/strong>Preenchido com l\u00edquido eletr\u00f4nico rico, este dispositivo permite uma experi\u00eancia de sabor intensa, adequada para amantes de todos os sabores.<\/li>\n<li><strong>Bateria recarreg\u00e1vel de 600 mAh USB-C<\/strong>: A bateria deste dispositivo proporciona um prazer duradouro at\u00e9 \u00e0 \u00faltima gota de E-L\u00edquido. Pode ser recarregada convenientemente com um cabo USB-C, ideal para uso em movimento.<\/li>\n<li><strong>5%<\/strong>: Com um conte\u00fado de nicotina de 50 mg, este dispositivo oferece uma satisfa\u00e7\u00e3o agrad\u00e1vel para ex-fumantes e experientes vapeadores.<\/li>\n<li><strong>Design moderno com display LED<\/strong>: O visor LED \u00fanico permite uma verifica\u00e7\u00e3o f\u00e1cil do status da bateria e do n\u00edvel de E-Liquid.<\/li>\n<\/ul>\n<h3><strong>Por que <a href=\"https:\/\/alfakherwelt.de\/pt\/categoria-de-produto\/barra-de-coroa-ai-fakher-15000\/\">Al Fakher Crown Bar 15000<\/a> escolher?<\/strong><\/h3>\n<ol>\n<li><strong>L longevidade \u00fanica<\/strong>: Com 15.000 tragadas, o Al Fakher Crown Bar 15000 oferece uma das maiores capacidades de puf no mercado, o que reduz a necessidade de recargas ou compras adicionais.<\/li>\n<li><strong>Prazer imediato<\/strong>: Gra\u00e7as \u00e0 capacidade pr\u00e9-preenchida de E-Liquid e \u00e0 bateria recarreg\u00e1vel, a entrada \u00e9 imediata - basta carregar a bateria e desfrutar.<\/li>\n<li><strong>Qualidade premium e aromas aut\u00eanticos<\/strong>: Al Fakher \u00e9 conhecido por seus e-l\u00edquidos de alta qualidade e oferece o mesmo sabor intenso em cada tragada.<\/li>\n<li><strong>Mobilidade m\u00e1xima<\/strong>: A fun\u00e7\u00e3o recarreg\u00e1vel torna o dispositivo um companheiro ideal para uso em movimento, sem comprometer a qualidade do vapor.<\/li>\n<li><strong>Aplica\u00e7\u00e3o simples<\/strong>: N\u00e3o h\u00e1 configura\u00e7\u00e3o ou limpeza complicada - apenas carregue e vaporize.<\/li>\n<\/ol>\n<h3><strong>Exclusiva variedade de aromas<\/strong><\/h3>\n<p>A Al Fakher criou uma ampla gama de sabores no mundo dos cigarros eletr\u00f4nicos descart\u00e1veis, oferecendo algo para todos os gostos. Os aromas s\u00e3o cuidadosamente desenvolvidos para fornecer o sabor aut\u00eantico conhecido pela cultura tradicional do tabaco, combinado com uma abordagem moderna para a experi\u00eancia de vaporiza\u00e7\u00e3o.<\/p>\n<h4><strong>Cherry Fiesta<\/strong><\/h4>\n<p>Um aroma excepcionalmente intenso de cereja, que encanta com uma do\u00e7ura frutal. A Cherry Fiesta traz o sabor de cerejas maduras \u00e0 vida e oferece uma experi\u00eancia que \u00e9 ao mesmo tempo suave e intensa. A cada tragada, desdobra-se uma profunda do\u00e7ura natural, que lembra cerejas frescas e suculentas. Este sabor \u00e9 ideal para aqueles que apreciam um sabor de fruta cl\u00e1ssico e, no entanto, intenso, que nunca parece agressivo.<\/p>\n<h3><strong>A escolha perfeita para um sabor intenso<\/strong><\/h3>\n<p>O Al Fakher Crown Bar 15000, um cigarro eletr\u00f4nico descart\u00e1vel, oferece um equil\u00edbrio \u00fanico entre pot\u00eancia, sabor e mobilidade. Cada tragada \u00e9 uma experi\u00eancia por si s\u00f3 que entusiasma os vapers e os faz querer voltar. Experimente este cigarro eletr\u00f4nico descart\u00e1vel dur\u00e1vel e f\u00e1cil de usar <a href=\"https:\/\/alfakherwelt.de\/pt\/\"><strong>alfakherwelt.de<\/strong><\/a> e descubra por que \u00e9 a primeira escolha entre os vapers na Alemanha.<\/p>\n<p><strong>Agora encomende em alfakherwelt.de<\/strong><\/p>","protected":false},"excerpt":{"rendered":"<p>O Al Fakher Crown Bar 15000 PRO cigarro eletr\u00f4nico descart\u00e1vel oferece 15.000 tragadas, 22 ml de e-l\u00edquido, uma bateria recarreg\u00e1vel de 600 mAh com USB-C e um pr\u00e1tico visor LED para uma experi\u00eancia de vaporiza\u00e7\u00e3o prolongada e intensa.<\/p>","protected":false},"featured_media":849,"comment_status":"open","ping_status":"closed","template":"","meta":[],"product_brand":[],"product_cat":[25],"product_tag":[],"class_list":{"0":"post-848","1":"product","2":"type-product","3":"status-publish","4":"has-post-thumbnail","6":"product_cat-ai-fakher-crown-bar-15000","8":"first","9":"outofstock","10":"sale","11":"shipping-taxable","12":"purchasable","13":"product-type-simple"},"jetpack_sharing_enabled":true,"_links":{"self":[{"href":"https:\/\/alfakherwelt.de\/pt\/wp-json\/wp\/v2\/product\/848","targetHints":{"allow":["GET"]}}],"collection":[{"href":"https:\/\/alfakherwelt.de\/pt\/wp-json\/wp\/v2\/product"}],"about":[{"href":"https:\/\/alfakherwelt.de\/pt\/wp-json\/wp\/v2\/types\/product"}],"replies":[{"embeddable":true,"href":"https:\/\/alfakherwelt.de\/pt\/wp-json\/wp\/v2\/comments?post=848"}],"wp:featuredmedia":[{"embeddable":true,"href":"https:\/\/alfakherwelt.de\/pt\/wp-json\/wp\/v2\/media\/849"}],"wp:attachment":[{"href":"https:\/\/alfakherwelt.de\/pt\/wp-json\/wp\/v2\/media?parent=848"}],"wp:term":[{"taxonomy":"product_brand","embeddable":true,"href":"https:\/\/alfakherwelt.de\/pt\/wp-json\/wp\/v2\/product_brand?post=848"},{"taxonomy":"product_cat","embeddable":true,"href":"https:\/\/alfakherwelt.de\/pt\/wp-json\/wp\/v2\/product_cat?post=848"},{"taxonomy":"product_tag","embeddable":true,"href":"https:\/\/alfakherwelt.de\/pt\/wp-json\/wp\/v2\/product_tag?post=848"}],"curies":[{"name":"wp","href":"https:\/\/api.w.org\/{rel}","templated":true}]}}