{"id":844,"date":"2024-10-28T02:13:46","date_gmt":"2024-10-28T02:13:46","guid":{"rendered":"https:\/\/alfakherwelt.de\/?post_type=product&#038;p=844"},"modified":"2025-03-31T12:00:29","modified_gmt":"2025-03-31T12:00:29","slug":"ai-fakher-coroa-bar-15000-baforadas-cigarro-eletronico-descartavel-limonada-razz-azul","status":"publish","type":"product","link":"https:\/\/alfakherwelt.de\/pt\/produto\/ai-fakher-coroa-bar-15000-baforadas-cigarro-eletronico-descartavel-limonada-razz-azul\/","title":{"rendered":"AI Fakher Crown Bar 15000 Z\u00fcge Einweg E Zigarette \u2013 Blue Razz Lemonade \nAI Fakher Crown Bar 15000 trag\u00e1veis cigarros eletr\u00f3nicos descart\u00e1veis \u2013 Blue Razz Limonada"},"content":{"rendered":"<h2><img loading=\"lazy\" decoding=\"async\" class=\"alignnone size-full wp-image-846\" src=\"https:\/\/alfakherwelt.de\/wp-content\/uploads\/2024\/10\/6AI-Fakher-Crown-Bar-15000.webp\" alt=\"Coroa AI Fakher 15000 tragadas Cigarro eletr\u00f4nico descart\u00e1vel - Blue Razz Limonada\" width=\"1946\" height=\"1946\" title=\"\" srcset=\"https:\/\/alfakherwelt.de\/wp-content\/uploads\/2024\/10\/6AI-Fakher-Crown-Bar-15000.webp 1946w, https:\/\/alfakherwelt.de\/wp-content\/uploads\/2024\/10\/6AI-Fakher-Crown-Bar-15000-300x300.webp 300w, https:\/\/alfakherwelt.de\/wp-content\/uploads\/2024\/10\/6AI-Fakher-Crown-Bar-15000-1024x1024.webp 1024w, https:\/\/alfakherwelt.de\/wp-content\/uploads\/2024\/10\/6AI-Fakher-Crown-Bar-15000-150x150.webp 150w, https:\/\/alfakherwelt.de\/wp-content\/uploads\/2024\/10\/6AI-Fakher-Crown-Bar-15000-768x768.webp 768w, https:\/\/alfakherwelt.de\/wp-content\/uploads\/2024\/10\/6AI-Fakher-Crown-Bar-15000-1536x1536.webp 1536w, https:\/\/alfakherwelt.de\/wp-content\/uploads\/2024\/10\/6AI-Fakher-Crown-Bar-15000-600x600.webp 600w, https:\/\/alfakherwelt.de\/wp-content\/uploads\/2024\/10\/6AI-Fakher-Crown-Bar-15000-100x100.webp 100w\" sizes=\"auto, (max-width: 1946px) 100vw, 1946px\" \/><\/h2>\n<h2><strong>Al Fakher Crown Bar 15000 PRO Descart\u00e1vel Vape <\/strong><strong>Einzigartige Vape-Erfahrung f\u00fcr den deutschen Markt<\/strong><\/h2>\n<h3>Descri\u00e7\u00e3o do produto<\/h3>\n<p>A <strong><a href=\"https:\/\/alfakherwelt.de\/pt\/categoria-de-produto\/barra-de-coroa-ai-fakher-15000\/\">Al Fakher Crown Bar 15000 PRO<\/a> <a href=\"https:\/\/alfakherwelt.de\/pt\/\">Cigarrinha eletr\u00f4nica descart\u00e1vel<\/a><\/strong> Estabelece novos padr\u00f5es no mundo dos vapes descart\u00e1veis e oferece uma combina\u00e7\u00e3o poderosa de capacidade de bateria dur\u00e1vel, um display de \u00faltima gera\u00e7\u00e3o e experi\u00eancias de sabor intensas. Com sua capacidade de 22 ml de e-l\u00edquido e um teor de nicotina de 5% (50 mg), a Crown Bar \u00e9 direcionada a apreciadores que buscam uma experi\u00eancia de vaporiza\u00e7\u00e3o prolongada e intensa. Alimentada por uma bateria recarreg\u00e1vel USB-C de 600 mAh e equipada com um display LED inovador que mostra o n\u00edvel de e-l\u00edquido e a carga da bateria em tempo real, ela \u00e9 uma classe \u00e0 parte.<\/p>\n<p>O <strong>Crown Bar 15000<\/strong> N\u00e3o \u00e9 apenas a vers\u00e3o mais recente da popular s\u00e9rie Al Fakher, mas oferece um n\u00famero impressionante de 15.000 tragadas, garantindo dias de vaporiza\u00e7\u00e3o. O design com o logotipo caracter\u00edstico impresso torna a Crown Bar 15000 PRO n\u00e3o apenas visualmente atraente, mas tamb\u00e9m um t\u00f3pico de conversa. O alto n\u00famero de tragadas e a produ\u00e7\u00e3o de nuvens poderosas tornam a Al Fakher Crown Bar a escolha ideal para todos aqueles que desejam aproveitar ao m\u00e1ximo sua experi\u00eancia de vaporiza\u00e7\u00e3o.<\/p>\n<blockquote><p>Compre as <strong>Al Fakher Crown Bar 15000 PRO<\/strong> agora ligado <a href=\"https:\/\/alfakherwelt.de\/pt\/\" target=\"_new\" rel=\"noopener\">alfakherwelt.de<\/a> e experimente a maior sele\u00e7\u00e3o de Vapes descart\u00e1veis na Alemanha.<\/p><\/blockquote>\n<hr \/>\n<h3>Caracter\u00edsticas do produto<\/h3>\n<ul>\n<li><strong>Capacidade do E-L\u00edquido<\/strong>: 22 ml \u2013 Generosamente cheio para garantir uma experi\u00eancia de vaporiza\u00e7\u00e3o duradoura sem necessidade de reabastecimento frequente.<\/li>\n<li><strong>Teor de nicotina<\/strong>: 5 % (50 mg) \u2013 Pronounced nicotine kick for a satisfying feeling with every puff.<\/li>\n<li><strong>Capacidade da bateria<\/strong>: 600 mAh recarreg\u00e1vel via USB-C ( cabo n\u00e3o inclu\u00eddo ) - Para um desempenho cont\u00ednuo, para que voc\u00ea possa vaporizar a qualquer momento.<\/li>\n<li><strong>N\u00famero de trem<\/strong>: Mais de 15.000 viagens - Um n\u00famero de buffer extremamente alto, que garante um uso mais prolongado e \u00e9 econ\u00f4mico e pr\u00e1tico.<\/li>\n<li><strong>Exibi\u00e7\u00e3o de LED<\/strong>: Informa sobre o n\u00edvel de enchimento e a vida \u00fatil da bateria - para um controle f\u00e1cil das suas sess\u00f5es de vape.<\/li>\n<li><strong>Design confort\u00e1vel<\/strong>Compacto e port\u00e1til com um visual \u00fanico - Perfeito para viagem.<\/li>\n<\/ul>\n<hr \/>\n<h3>Por que <a href=\"https:\/\/alfakherwelt.de\/pt\/categoria-de-produto\/barra-de-coroa-ai-fakher-15000\/\">Al Fakher Crown Bar 15000 PRO<\/a> Comprar?<\/h3>\n<ul>\n<li><strong>Durabilidade superior<\/strong>: Com 15.000 tragadas, o Al Fakher Crown Bar \u00e9 um corredor de longa dist\u00e2ncia entre os vapes descart\u00e1veis e oferece um equil\u00edbrio perfeito entre sabor e desempenho.<\/li>\n<li><strong>Pr\u00e1tico e amig\u00e1vel ao usu\u00e1rio<\/strong>: O sistema de carregamento USB-C permite um carregamento r\u00e1pido e f\u00e1cil - ideal para vapers que est\u00e3o em movimento e preferem solu\u00e7\u00f5es descomplicadas.<\/li>\n<li><strong>Ampla sele\u00e7\u00e3o de sabores<\/strong>Devido \u00e0 longa experi\u00eancia da Al Fakhir na ind\u00fastria do tabaco de shisha, os sabores s\u00e3o aut\u00eanticos e de alta qualidade.<\/li>\n<li><strong>Controle visual<\/strong>: O visor LED permite uma f\u00e1cil monitoriza\u00e7\u00e3o do n\u00edvel de l\u00edquido e da bateria, tornando a vaporiza\u00e7\u00e3o ainda mais conveniente.<\/li>\n<\/ul>\n<hr \/>\n<h3>Descri\u00e7\u00e3o detalhada dos sabores<\/h3>\n<p><strong>Sabor: Blue Razz Lemonade<\/strong><br \/>\nExperimente a mistura perfeita de sabor doce e \u00e1cido, onde a frescura frutada do mirtilo encontra o toque refrescante do limonada. A variante Blue Razz Lemonade traz um equil\u00edbrio harmonioso entre notas doces e refrescantes e \u00e9 especialmente adequada para vapers que preferem do\u00e7ura frutada com um toque de acidez. Esta dire\u00e7\u00e3o de sabor \u00e9 ideal para um momento de prazer refrescante e d\u00e1 a cada tragada uma nota inconfund\u00edvel.<\/p>\n<p><strong>Outras sabores em <a href=\"https:\/\/alfakherwelt.de\/pt\/\">Al Fakher<\/a> Vapes<\/strong><br \/>\nAl Fakher \u00e9 conhecido por suas sutilezas de sabor e sele\u00e7\u00e3o cuidadosa de ingredientes de alta qualidade. Desde aromas frutados cl\u00e1ssicos at\u00e9 misturas criativas que trazem o melhor da cultura do narguil\u00e9 para o mundo dos vaporizadores descart\u00e1veis, a Al Fakher oferece uma variedade de sabores que certamente entusiasmar\u00e1 todo amante de vaporizadores. Cada sabor se destaca por uma nota aut\u00eantica e intensa, proporcionando uma experi\u00eancia de vaporiza\u00e7\u00e3o que se conecta \u00e0 tradi\u00e7\u00e3o e qualidade da cultura do narguil\u00e9.<\/p>\n<hr \/>\n<h3>Conclus\u00e3o<\/h3>\n<p>A <a href=\"https:\/\/alfakherwelt.de\/pt\/categoria-de-produto\/barra-de-coroa-ai-fakher-15000\/\"><strong>Al Fakher Crown Bar 15000 PRO<\/strong><\/a> Cigarro eletr\u00f3nico descart\u00e1vel \u00e9 mais do que apenas um vape - \u00e9 um produto de prazer que conquista com inova\u00e7\u00e3o, desempenho e sabor. Desde a sua potente dura\u00e7\u00e3o da bateria at\u00e9 \u00e0 ampla capacidade de l\u00edquido eletr\u00f3nico e at\u00e9 ao visor LED intuitivo, a Crown Bar foi projetada para proporcionar uma experi\u00eancia de vaporiza\u00e7\u00e3o perfeita e satisfat\u00f3ria. Gra\u00e7as ao elevado n\u00famero de tragadas e \u00e0s sabores de alta qualidade, a Al Fakher Crown Bar traz as melhores caracter\u00edsticas do mundo do narguil\u00e9 para uma solu\u00e7\u00e3o compacta e descart\u00e1vel.<\/p>\n<p>Visite <a href=\"https:\/\/alfakherwelt.de\/pt\/\" target=\"_new\" rel=\"noopener\">alfakherwelt.de<\/a>, a plataforma l\u00edder da Alemanha para vaporizadores descart\u00e1veis, e descubra o Al Fakher Crown Bar 15000 PRO e muitos outros vaporizadores descart\u00e1veis premium.<\/p>","protected":false},"excerpt":{"rendered":"<p>A <strong>Al Fakher Crown Bar 15000 PRO Cigarra Eletr\u00f4nica Descart\u00e1vel<\/strong> Oferece uma experi\u00eancia de vapor intensa com 15.000 tragadas, um visor LED pr\u00e1tico e uma rica sele\u00e7\u00e3o de sabores aut\u00eanticos, ideal para amantes de vape que valorizam qualidade e durabilidade.<\/p>","protected":false},"featured_media":845,"comment_status":"open","ping_status":"closed","template":"","meta":[],"product_brand":[],"product_cat":[25],"product_tag":[],"class_list":{"0":"post-844","1":"product","2":"type-product","3":"status-publish","4":"has-post-thumbnail","6":"product_cat-ai-fakher-crown-bar-15000","8":"first","9":"outofstock","10":"sale","11":"shipping-taxable","12":"purchasable","13":"product-type-simple"},"jetpack_sharing_enabled":true,"_links":{"self":[{"href":"https:\/\/alfakherwelt.de\/pt\/wp-json\/wp\/v2\/product\/844","targetHints":{"allow":["GET"]}}],"collection":[{"href":"https:\/\/alfakherwelt.de\/pt\/wp-json\/wp\/v2\/product"}],"about":[{"href":"https:\/\/alfakherwelt.de\/pt\/wp-json\/wp\/v2\/types\/product"}],"replies":[{"embeddable":true,"href":"https:\/\/alfakherwelt.de\/pt\/wp-json\/wp\/v2\/comments?post=844"}],"wp:featuredmedia":[{"embeddable":true,"href":"https:\/\/alfakherwelt.de\/pt\/wp-json\/wp\/v2\/media\/845"}],"wp:attachment":[{"href":"https:\/\/alfakherwelt.de\/pt\/wp-json\/wp\/v2\/media?parent=844"}],"wp:term":[{"taxonomy":"product_brand","embeddable":true,"href":"https:\/\/alfakherwelt.de\/pt\/wp-json\/wp\/v2\/product_brand?post=844"},{"taxonomy":"product_cat","embeddable":true,"href":"https:\/\/alfakherwelt.de\/pt\/wp-json\/wp\/v2\/product_cat?post=844"},{"taxonomy":"product_tag","embeddable":true,"href":"https:\/\/alfakherwelt.de\/pt\/wp-json\/wp\/v2\/product_tag?post=844"}],"curies":[{"name":"wp","href":"https:\/\/api.w.org\/{rel}","templated":true}]}}