{"id":822,"date":"2024-10-25T08:22:11","date_gmt":"2024-10-25T08:22:11","guid":{"rendered":"https:\/\/alfakherwelt.de\/?post_type=product&#038;p=822"},"modified":"2025-06-29T07:26:54","modified_gmt":"2025-06-29T07:26:54","slug":"ai-fakher-coroa-bar-15000-baforadas-cigarro-eletronico-descartavel-gelo-de-groselha-preta","status":"publish","type":"product","link":"https:\/\/alfakherwelt.de\/pt\/produto\/ai-fakher-coroa-bar-15000-baforadas-cigarro-eletronico-descartavel-gelo-de-groselha-preta\/","title":{"rendered":"AI Fakher Crown Bar 15000 tragadas Cigarro eletr\u00f4nico descart\u00e1vel \u2013 Black Currant Ice"},"content":{"rendered":"<h2><img loading=\"lazy\" decoding=\"async\" class=\"alignnone size-full wp-image-824\" src=\"https:\/\/alfakherwelt.de\/wp-content\/uploads\/2024\/10\/1AI-Fakher-Crown-Bar-15000.webp\" alt=\"Coroa AI Fakher 15000 tragadas Cigarro eletr\u00f4nico descart\u00e1vel - Black Currant Ice \" width=\"1080\" height=\"1440\" title=\"\" srcset=\"https:\/\/alfakherwelt.de\/wp-content\/uploads\/2024\/10\/1AI-Fakher-Crown-Bar-15000.webp 1080w, https:\/\/alfakherwelt.de\/wp-content\/uploads\/2024\/10\/1AI-Fakher-Crown-Bar-15000-225x300.webp 225w, https:\/\/alfakherwelt.de\/wp-content\/uploads\/2024\/10\/1AI-Fakher-Crown-Bar-15000-768x1024.webp 768w, https:\/\/alfakherwelt.de\/wp-content\/uploads\/2024\/10\/1AI-Fakher-Crown-Bar-15000-600x800.webp 600w\" sizes=\"auto, (max-width: 1080px) 100vw, 1080px\" \/><\/h2>\n<h2><strong><a href=\"https:\/\/alfakherwelt.de\/pt\/\">Al Fakher<\/a> Crown Bar 15000 Puffs Cigarrinho Descart\u00e1vel \u2013 Pot\u00eancia e Sabor M\u00e1ximos<\/strong><\/h2>\n<p>Bem-vindo ao mundo do vapor avan\u00e7ado! O Al Fakher Crown Bar 15000 Puffs cigarro eletr\u00f4nico descart\u00e1vel oferece uma combina\u00e7\u00e3o impressionante de desempenho e prazer. Com seu design inovador, um n\u00famero enorme de tragadas e uma variedade de sabores deliciosos, ele representa uma experi\u00eancia premium no campo dos cigarros eletr\u00f4nicos descart\u00e1veis. Ideal para todos que procuram uma experi\u00eancia de vaporiza\u00e7\u00e3o intensa e duradoura - este cigarro eletr\u00f4nico est\u00e1 dispon\u00edvel na Alemanha em <strong>alfakherwelt.de<\/strong>dispon\u00edvel no maior comerciante online de vaporizadores descart\u00e1veis.<\/p>\n<h3><strong>Design \u00fanico e sofistica\u00e7\u00e3o t\u00e9cnica<\/strong><\/h3>\n<p>A Al Fakher Crown Bar 15000 Puffs descart\u00e1vel e-zigarro foi desenvolvida com um design cuidadoso e materiais de alta qualidade. Com uma capacidade de 22ml e uma bateria recarreg\u00e1vel USB-C de 600mAh, ela \u00e9 projetada para uso prolongado e oferece at\u00e9 <strong>15.000 trens<\/strong>. A sua forma elegante e amig\u00e1vel permite um transporte confort\u00e1vel e um manuseio f\u00e1cil - perfeito para uso em movimento ou relaxamento em casa.<\/p>\n<p>Outro destaque \u00e9 o visor LED, que o mant\u00e9m sempre informado sobre o n\u00edvel de l\u00edquido eletr\u00f4nico e a vida \u00fatil da bateria, para que voc\u00ea possa desfrutar do seu vapor com controle total.<\/p>\n<h4><strong>Detalhes t\u00e9cnicos:<\/strong><\/h4>\n<ul>\n<li><strong>Capacidade<\/strong>: 22ml<\/li>\n<li><strong>Teor de nicotina<\/strong>: 5% (50mg)<\/li>\n<li><strong>Capacidade da bateria<\/strong>: Recarreg\u00e1vel 600mAh USB Tipo-C ( cabo n\u00e3o inclu\u00eddo )<\/li>\n<li><strong>N\u00famero de trem<\/strong>: Mais de 15.000 trens<\/li>\n<\/ul>\n<h3><strong>Caracter\u00edsticas <a href=\"https:\/\/alfakherwelt.de\/pt\/categoria-de-produto\/barra-de-coroa-ai-fakher-15000\/\">Al Fakher Crown Bar 15000 Puffs<\/a><\/strong><\/h3>\n<ul>\n<li><strong>Impressive n\u00famero de Puffs<\/strong>: Com at\u00e9 15.000 tragadas, este cigarro eletr\u00f4nico descart\u00e1vel se destaca da concorr\u00eancia e oferece uma experi\u00eancia de vaporiza\u00e7\u00e3o duradoura.<\/li>\n<li><strong>Bateria recarreg\u00e1vel<\/strong>: Gra\u00e7as a uma bateria recarreg\u00e1vel potente, a bateria dura enquanto o e-l\u00edquido dura, para que voc\u00ea n\u00e3o precise desistir de nenhuma tragada.<\/li>\n<li><strong>Grande capacidade de E-L\u00edquido<\/strong>: A capacidade de 22ml garante um prazer prolongado sem necessidade de reabastecimento constante.<\/li>\n<li><strong>Visor LED para indica\u00e7\u00f5es de status<\/strong>: Moderno e informativo - mostra tanto o n\u00edvel de E-Liquid quanto o n\u00edvel de bateria, para que voc\u00ea nunca fique sem energia de repente.<\/li>\n<li><strong>Alto teor de nicotina<\/strong>Com 5% de nicotina, este dispositivo proporciona um chute forte e satisfat\u00f3rio, ideal para vapers experientes ou para aqueles que est\u00e3o mudando.<\/li>\n<li><strong>Variadas op\u00e7\u00f5es de sabor<\/strong>: Al Fakher transferiu sua experi\u00eancia do mundo do narguil\u00e9 para o vape e oferece uma ampla sele\u00e7\u00e3o de sabores intensos e aut\u00eanticos.<\/li>\n<\/ul>\n<h3><strong>Sabores: Uma experi\u00eancia para os sentidos<\/strong><\/h3>\n<p>A Al Fakher Crown Bar \u00e9 mais do que apenas um cigarro eletr\u00f4nico - \u00e9 uma viagem de sabores. Com uma rica variedade de sabores, incluindo cl\u00e1ssicos como <strong>Black Currant Ice -&gt; Sorvete de Groselha Preta<\/strong>hebt sich Al Fakher von anderen Marken ab. Das Unternehmen nutzt seine langj\u00e4hrige Erfahrung in der Herstellung hochwertiger Shisha-Tabake, um authentische Aromen f\u00fcr Dampfer bereitzustellen.\n\n \nhebt sich Al Fakher von anderen Marken ab. Das Unternehmen nutzt seine langj\u00e4hrige Erfahrung in der Herstellung hochwertiger Shisha-Tabake, um authentische Aromen f\u00fcr Dampfer bereitzustellen. \n\n \nAl Fakher destaca-se de outras marcas. A empresa utiliza sua longa experi\u00eancia na fabrica\u00e7\u00e3o de tabacos de Shisha de alta qualidade para fornecer sabores aut\u00eanticos para vapers.<\/p>\n<h4><strong>Black Currant Ice - Intenso e refrescante<\/strong><\/h4>\n<p><strong>Black Currant Ice -&gt; Sorvete de Groselha Preta<\/strong> \u00e9 a mistura perfeita de groselha preta intensa e um toque de frescor. Esta sabor combina do\u00e7ura frutada com uma nota ligeiramente amarga, que lembra um dia de ver\u00e3o, complementada por um toque fresco e gelado que torna cada tragada uma experi\u00eancia. O sabor se desenvolve intensamente na boca e proporciona uma sensa\u00e7\u00e3o satisfat\u00f3ria que dura muito tempo.<\/p>\n<p>Devido \u00e0 alta qualidade dos aromas utilizados, o sabor permanece constante e oferece uma experi\u00eancia de aroma intensa e inalterada, mesmo ap\u00f3s muitas tragadas. Para os f\u00e3s de aromas frutados e frescos, Black Currant Ice \u00e9 uma escolha excelente, que pamonha o paladar de uma forma especial.<\/p>\n<h3><strong>Por que voc\u00ea a <a href=\"https:\/\/alfakherwelt.de\/pt\/categoria-de-produto\/barra-de-coroa-ai-fakher-15000\/\">Al Fakher Crown Bar 15000 Puffs<\/a> Es gibt mehrere Faktoren, die bei der Auswahl einer Einweg-E-Zigarette ber\u00fccksichtigt werden sollten. Hier sind einige wichtige Punkte:\n\n1. **Nikotingehalt**: \u00dcberlegen Sie, ob Sie eine E-Zigarette mit Nikotin oder ohne Nikotin bevorzugen. Nikotinhaltige E-Zigaretten k\u00f6nnen helfen, das Verlangen nach herk\u00f6mmlichen Zigaretten zu reduzieren.\n\n2. **Geschmack**: Es gibt eine Vielzahl von Geschmacksrichtungen, von klassischen Tabak- und Mentholgeschmacksrichtungen bis hin zu Frucht- und S\u00fc\u00dfigkeiten-Geschmacksrichtungen. W\u00e4hlen Sie eine, die Ihren Vorlieben entspricht.\n\n3. **Ger\u00e4tetyp**: Einweg-E-Zigaretten gibt es in verschiedenen Formen und Gr\u00f6\u00dfen. Einige sind kleiner und diskreter, w\u00e4hrend andere gr\u00f6\u00dfer und leistungsf\u00e4higer sind.\n\n4. **Marke und Qualit\u00e4t**: Recherchieren Sie verschiedene Marken und lesen Sie Bewertungen, um sicherzustellen, dass Sie ein qualitativ hochwertiges Produkt erhalten.\n\n5. **Preis**: Vergleichen Sie Preise verschiedener Einweg-E-Zigaretten, um das beste Angebot f\u00fcr Ihr Budget zu finden.\n\n6. **Inhaltsstoffe und Sicherheit**: Informieren Sie sich \u00fcber die Inhaltsstoffe und Sicherheitsmerkmale der E-Zigarette. Einige Produkte k\u00f6nnen sch\u00e4dliche Chemikalien enthalten, daher ist es wichtig, auf die Zusammensetzung zu achten.\n\n7. **Umweltfreundlichkeit**: Einige Einweg-E-Zigaretten sind umweltfreundlicher als andere. Wenn Ihnen Nachhaltigkeit wichtig ist, suchen Sie nach Produkten, die aus recycelbaren Materialien bestehen oder eine geringere Umweltbelastung haben.\n\n8. **Regulierung und Gesetze**: Informieren Sie sich \u00fcber die lokalen Gesetze und Vorschriften bez\u00fcglich E-Zigaretten in Ihrem Gebiet. Einige L\u00e4nder haben strenge Regeln f\u00fcr den Verkauf und die Nutzung von E-Zigaretten.\n\nLetztendlich h\u00e4ngt die Wahl der richtigen Einweg-E-Zigarette von Ihren individuellen Bed\u00fcrfnissen und Vorlieben ab.<\/strong><\/h3>\n<ol>\n<li><strong>Longevidade e versatilidade<\/strong>: Com mais de 15.000 disparos e uma grande capacidade de l\u00edquido, este dispositivo \u00e9 ideal para vaporizadores de longo prazo e para todos que n\u00e3o querem fazer concess\u00f5es.<\/li>\n<li><strong>Simplicidade e conforto<\/strong>: Sem reabastecimento\u7169agoso ou configura\u00e7\u00f5es complicadas. Simplesmente vaporize quando e onde quiser.<\/li>\n<li><strong>Bateria potente<\/strong>: A bateria recarreg\u00e1vel de 600mAh garante que o uso n\u00e3o seja interrompido por baterias descarregadas.<\/li>\n<li><strong>Diversidade e intensidade de sabores<\/strong>Gra\u00e7as \u00e0 experi\u00eancia da Al Fakher na \u00e1rea do tabaco de shisha, voc\u00ea pode esperar uma experi\u00eancia de sabor que atenda aos altos padr\u00f5es da empresa.<\/li>\n<\/ol>\n<h3><strong>Bestelen Sie jetzt Ihre Al Fakher Crown Bar 15000 Puffs bei <a href=\"https:\/\/alfakherwelt.de\/pt\/\">alfakherwelt.de<\/a>!<\/strong><\/h3>\n<p>Descubra o potencial total do Al Fakher Crown Bar 15000 Puffs Cigarro Eletr\u00f4nico Descart\u00e1vel e experimente a perfei\u00e7\u00e3o do vapor. Bei <a href=\"https:\/\/alfakherwelt.de\/pt\/\"><strong>alfakherwelt.de<\/strong><\/a>, o maior fornecedor online de vaporizadores descart\u00e1veis da Alemanha, oferece uma experi\u00eancia de compra de primeira classe e a maior sele\u00e7\u00e3o de produtos Al Fakher. N\u00e3o perca a chance de experimentar um produto que estabelece padr\u00f5es em termos de fun\u00e7\u00e3o e sabor.<\/p>","protected":false},"excerpt":{"rendered":"<p>O Al Fakher Crown Bar 15000 Puffs cigarro eletr\u00f4nico descart\u00e1vel oferece 15.000 tragadas, sabores intensos e uma bateria recarreg\u00e1vel de 600mAh para uma experi\u00eancia de vaporiza\u00e7\u00e3o duradoura e de alta qualidade para usu\u00e1rios exigentes.<\/p>","protected":false},"featured_media":823,"comment_status":"open","ping_status":"closed","template":"","meta":[],"product_brand":[],"product_cat":[25],"product_tag":[],"class_list":{"0":"post-822","1":"product","2":"type-product","3":"status-publish","4":"has-post-thumbnail","6":"product_cat-ai-fakher-crown-bar-15000","8":"first","9":"outofstock","10":"sale","11":"shipping-taxable","12":"purchasable","13":"product-type-simple"},"jetpack_sharing_enabled":true,"_links":{"self":[{"href":"https:\/\/alfakherwelt.de\/pt\/wp-json\/wp\/v2\/product\/822","targetHints":{"allow":["GET"]}}],"collection":[{"href":"https:\/\/alfakherwelt.de\/pt\/wp-json\/wp\/v2\/product"}],"about":[{"href":"https:\/\/alfakherwelt.de\/pt\/wp-json\/wp\/v2\/types\/product"}],"replies":[{"embeddable":true,"href":"https:\/\/alfakherwelt.de\/pt\/wp-json\/wp\/v2\/comments?post=822"}],"wp:featuredmedia":[{"embeddable":true,"href":"https:\/\/alfakherwelt.de\/pt\/wp-json\/wp\/v2\/media\/823"}],"wp:attachment":[{"href":"https:\/\/alfakherwelt.de\/pt\/wp-json\/wp\/v2\/media?parent=822"}],"wp:term":[{"taxonomy":"product_brand","embeddable":true,"href":"https:\/\/alfakherwelt.de\/pt\/wp-json\/wp\/v2\/product_brand?post=822"},{"taxonomy":"product_cat","embeddable":true,"href":"https:\/\/alfakherwelt.de\/pt\/wp-json\/wp\/v2\/product_cat?post=822"},{"taxonomy":"product_tag","embeddable":true,"href":"https:\/\/alfakherwelt.de\/pt\/wp-json\/wp\/v2\/product_tag?post=822"}],"curies":[{"name":"wp","href":"https:\/\/api.w.org\/{rel}","templated":true}]}}