{"id":494,"date":"2024-09-20T09:26:57","date_gmt":"2024-09-20T09:26:57","guid":{"rendered":"https:\/\/alfakherwelt.de\/?post_type=product&#038;p=494"},"modified":"2024-12-09T01:09:07","modified_gmt":"2024-12-09T01:09:07","slug":"al-fakher-crown-bar-8000-baforadas-cigarro-eletronico-descartavel-maracuja-doce-28","status":"publish","type":"product","link":"https:\/\/alfakherwelt.de\/pt\/produto\/al-fakher-crown-bar-8000-baforadas-cigarro-eletronico-descartavel-maracuja-doce-28\/","title":{"rendered":"AL Fakher Crown Bar 8000 Z\u00fcge Einweg E Zigarette \u2013 Doce Maracuj\u00e1"},"content":{"rendered":"<div style=\"width: 360px;\" class=\"wp-video\"><video class=\"wp-video-shortcode\" id=\"video-494-1\" width=\"360\" height=\"640\" preload=\"metadata\" controls=\"controls\"><source type=\"video\/mp4\" src=\"https:\/\/alfakherwelt.de\/wp-content\/uploads\/2024\/09\/AL-Fakher-Vape-Berry-Mint.mp4?_=1\" \/><a href=\"https:\/\/alfakherwelt.de\/wp-content\/uploads\/2024\/09\/AL-Fakher-Vape-Berry-Mint.mp4\">https:\/\/alfakherwelt.de\/wp-content\/uploads\/2024\/09\/AL-Fakher-Vape-Berry-Mint.mp4<\/a><\/video><\/div>\n<h2><\/h2>\n<h2><strong><a href=\"https:\/\/alfakherwelt.de\/pt\/\">AL Fakher<\/a> Crown Bar 8000 Z\u00fcge: E-Zigarette de uso \u00fanico da classe premium<\/strong><\/h2>\n<p>Erleben Sie mit der -&gt; Experimente com a <a href=\"https:\/\/alfakherwelt.de\/pt\/categoria-de-produto\/barra-de-coroa-al-fakher-8000\/\"><strong>AL Fakher Crown Bar 8000 Z\u00fcge \n\nbecomes \n\nAL Fakher Crown Bar 8000 puffs<\/strong><\/a> uma experi\u00eancia \u00fanica de vaporiza\u00e7\u00e3o que se destaca por sabores extraordin\u00e1rios e um design elegante. Este vape descart\u00e1vel combina a rica tradi\u00e7\u00e3o de shisha com a tecnologia mais avan\u00e7ada para oferecer uma experi\u00eancia de nicotina conveniente e intensa que dura at\u00e9 <strong>8000 trens<\/strong> permite - ideal para todos que procuram o conforto de um dispositivo descart\u00e1vel sem comprometer a qualidade e o sabor.<\/p>\n<h3><strong>Design e portabilidade<\/strong><\/h3>\n<p>O <a href=\"https:\/\/alfakherwelt.de\/pt\/categoria-de-produto\/barra-de-coroa-al-fakher-8000\/\"><strong>AL Fakher Crown Bar 8000 Z\u00fcge \n\nbecomes \n\nAL Fakher Crown Bar 8000 puffs<\/strong><\/a>\u00a0Convence n\u00e3o apenas pela sua funcionalidade, mas tamb\u00e9m por um design especialmente elegante. A superf\u00edcie colorida e gravada confere a este vape um estilo inconfund\u00edvel que salta imediatamente \u00e0 vista. Gra\u00e7as ao design fino e compacto, o dispositivo \u00e9 f\u00e1cil de transportar, perfeito para uso m\u00f3vel. Seja na bolsa ou na m\u00e3o, este dispositivo leve proporciona um manuseio agrad\u00e1vel, enquanto a ponta alongada do gotejador repousa suavemente nos l\u00e1bios, garantindo um uso confort\u00e1vel e higi\u00eanico.<\/p>\n<h3><strong>Destaques t\u00e9cnicos<\/strong><\/h3>\n<ul>\n<li><strong>Capacidade:<\/strong> Preenchido com 18 ml de e-l\u00edquido de sal de nicotina, este dispositivo dura at\u00e9 <strong>8000 trens<\/strong>, o que o torna um dos vapes descart\u00e1veis mais dur\u00e1veis do mercado.<\/li>\n<li><strong>Nikotinst\u00e4rke:<\/strong> Cont\u00e9m <strong>5 % (50 mg) Nicotina<\/strong>, ideal para usu\u00e1rios que preferem uma experi\u00eancia de nicotina intensa.<\/li>\n<li><strong>Recarreg\u00e1vel:<\/strong> Equipado com um poderoso <strong>600mAh<\/strong>-Bateria que se carrega facilmente via <strong>Conector tipo C<\/strong> que pode ser carregado (o cabo n\u00e3o est\u00e1 inclu\u00eddo).<\/li>\n<li><strong>Ativa\u00e7\u00e3o do trem:<\/strong> Nenhum bot\u00e3o, nenhum estresse - o dispositivo \u00e9 ativado simplesmente puxando.<\/li>\n<li><strong>Desenho robusto:<\/strong> Fabricado com materiais dur\u00e1veis, resiste a quedas acidentais e permanece funcional por muito tempo.<\/li>\n<\/ul>\n<h3><strong>Por que voc\u00ea a <a href=\"https:\/\/alfakherwelt.de\/pt\/categoria-de-produto\/barra-de-coroa-al-fakher-8000\/\">AL Fakher Crown Bar 8000 Z\u00fcge \n\nbecomes \n\nAL Fakher Crown Bar 8000 puffs<\/a>\u00a0devem escolher<\/strong><\/h3>\n<ul>\n<li><strong>M\u00e1xima comodidade:<\/strong> Nenhum reabastecimento, nenhum carregamento de e-l\u00edquidos - simplesmente use e aproveite at\u00e9 o \u00faltimo trago.<\/li>\n<li><strong>Variedades de sabores:<\/strong> mesma se s\u00e3o notas frutadas ou misturas de tabaco robustas - h\u00e1 algo para todos os gostos. Isso torna a <strong>Crown Bar 8000<\/strong> uma escolha de primeira classe para todos que querem descobrir novos sabores regularmente.<\/li>\n<li><strong>Longa experi\u00eancia de vapor:<\/strong> Com uma capacidade de bateria para <strong>8000 trens<\/strong> E com uma caixa robusta, a experi\u00eancia de vapor permanece constantemente de alta qualidade at\u00e9 que o dispositivo seja completamente consumido.<\/li>\n<li><strong>Design elegante:<\/strong> Um vape que n\u00e3o apenas tecnicamente, mas tamb\u00e9m opticamente convence - o acess\u00f3rio perfeito para o vaporizador moderno.<\/li>\n<\/ul>\n<h3><strong>Descri\u00e7\u00e3o detalhada dos sabores<\/strong><\/h3>\n<p>A <strong>AL Fakher Crown Bar 8000 Z\u00fcge \n\nbecomes \n\nAL Fakher Crown Bar 8000 puffs<\/strong> oferece uma sele\u00e7\u00e3o not\u00e1vel de sabores que tornam cada sess\u00e3o de vaporiza\u00e7\u00e3o uma experi\u00eancia especial. Um destaque entre os sabores dispon\u00edveis \u00e9 o ex\u00f3tico <strong>Doce Maracuj\u00e1<\/strong>:<\/p>\n<h4><strong>Doce Maracuj\u00e1<\/strong> \u2013 Uma viagem tropical para os seus sentidos<\/h4>\n<p><strong>Doce Maracuj\u00e1<\/strong> \u00e9 mais do que apenas um sabor - \u00e9 uma viagem para os campos tropicais, onde a frescura ex\u00f3tica do maracuj\u00e1 se funde com uma do\u00e7ura leve. Esta sabor captura a ess\u00eancia pura do maracuj\u00e1, com o primeiro puff proporcionando uma entrada intensa e frutada no paladar, que se torna mais sutil e matizada a cada puff subsequente. O aroma doce \u00e9 ao mesmo tempo revigorante e suave, tornando o vape satisfat\u00f3rio e agradavelmente leve.<\/p>\n<p>A frescura natural deste aroma frutado desdobra-se imediatamente ap\u00f3s a primeira tragada e permanece de forma sustent\u00e1vel, sem parecer artificial ou exagerada. O leve toque de acidez, combinado com a do\u00e7ura do maracuj\u00e1, oferece uma experi\u00eancia de sabor perfeitamente equilibrada, adequada para qualquer hora do dia. Para os vapeadores que amam a frescura dos tr\u00f3picos, esta \u00e9 a escolha ideal. Cada inala\u00e7\u00e3o traz os lados soalegres do clima tropical at\u00e9 voc\u00ea - intenso, doce e ainda assim refrescante.<\/p>\n<p>Este sabor \u00e9 caracterizado por uma nuvem de vapor lisa e rica, que repousa suavemente na garganta e libera suavemente a nicotina. A combina\u00e7\u00e3o perfeita de acidez e do\u00e7ura faz com que a fruta da paix\u00e3o seja a estrela de cada sess\u00e3o de vaporiza\u00e7\u00e3o. Voc\u00ea ter\u00e1 a sensa\u00e7\u00e3o de morder em uma polpa de fruta real, t\u00e3o aut\u00eantico e vivo \u00e9 este aroma.<\/p>\n<h3><strong>Nossa recomenda\u00e7\u00e3o<\/strong><\/h3>\n<p>Se voc\u00ea est\u00e1 procurando por um vape descart\u00e1vel de alta qualidade que seja ao mesmo tempo estiloso e potente, ent\u00e3o \u00e9 o <strong>AL Fakher Crown Bar 8000 Z\u00fcge \n\nbecomes \n\nAL Fakher Crown Bar 8000 puffs<\/strong> exatamente o que \u00e9 certo para voc\u00ea. Gra\u00e7as \u00e0 sua constru\u00e7\u00e3o dur\u00e1vel e \u00e0 grande variedade de sabores, cada sess\u00e3o de vaporiza\u00e7\u00e3o se torna um prazer especial. Descubra esta experi\u00eancia \u00fanica de vaporiza\u00e7\u00e3o em <strong><a href=\"https:\/\/alfakherwelt.de\/pt\/\" target=\"_new\" rel=\"noopener\">alfakherwelt.de<\/a><\/strong>, o maior fornecedor de Vapes descart\u00e1veis na Alemanha. Mergulhe no mundo do vapor premium com o AL Fakher Crown Bar e experimente at\u00e9 <strong>8000 trens<\/strong> puro prazer.<\/p>\n<h3><strong>Detalhes t\u00e9cnicos \u00e0 primeira vista<\/strong><\/h3>\n<ul>\n<li><strong>L\u00edquido:<\/strong> 18 ml de e-l\u00edquido de sal de nicotina pr\u00e9-preenchido<\/li>\n<li><strong>Nikotinst\u00e4rke:<\/strong> 5 % Nicotina (50 mg)<\/li>\n<li><strong>Trens:<\/strong> At\u00e9 8000 trens por dispositivo<\/li>\n<li><strong>Bateria:<\/strong> 600mAh, recarreg\u00e1vel via conector Tipo-C<\/li>\n<li><strong>Ativa\u00e7\u00e3o do trem:<\/strong> Nenhum clique necess\u00e1rio, ativado por arrasto<\/li>\n<\/ul>\n<p>&nbsp;<\/p>\n<h2><img loading=\"lazy\" decoding=\"async\" class=\"alignnone wp-image-293 size-full\" src=\"https:\/\/alfakherwelt.de\/wp-content\/uploads\/2024\/09\/Strawberry_Punch_8000.webp\" alt=\"AL Fakher Crown Bar 8000 Z\u00fcge Einweg E Zigarette - Doce Maracuj\u00e1\" width=\"990\" height=\"990\" title=\"\" srcset=\"https:\/\/alfakherwelt.de\/wp-content\/uploads\/2024\/09\/Strawberry_Punch_8000.webp 990w, https:\/\/alfakherwelt.de\/wp-content\/uploads\/2024\/09\/Strawberry_Punch_8000-300x300.webp 300w, https:\/\/alfakherwelt.de\/wp-content\/uploads\/2024\/09\/Strawberry_Punch_8000-150x150.webp 150w, https:\/\/alfakherwelt.de\/wp-content\/uploads\/2024\/09\/Strawberry_Punch_8000-768x768.webp 768w, https:\/\/alfakherwelt.de\/wp-content\/uploads\/2024\/09\/Strawberry_Punch_8000-600x600.webp 600w, https:\/\/alfakherwelt.de\/wp-content\/uploads\/2024\/09\/Strawberry_Punch_8000-100x100.webp 100w\" sizes=\"auto, (max-width: 990px) 100vw, 990px\" \/><\/h2>\n<p>A <strong>AL Fakher Crown Bar 8000 Z\u00fcge \n\nbecomes \n\nAL Fakher Crown Bar 8000 puffs<\/strong> oferece n\u00e3o apenas uma ampla gama de sabores e uma excepcional facilidade de uso, mas tamb\u00e9m \u00e9 a escolha perfeita para vapers exigentes que valorizam qualidade e estilo. Visite <strong><a href=\"https:\/\/alfakherwelt.de\/pt\/\" target=\"_new\" rel=\"noopener\">alfakherwelt.de<\/a><\/strong> e reserve o seu aroma favorito.<\/p>","protected":false},"excerpt":{"rendered":"<div class=\"flex-shrink-0 flex flex-col relative items-end\">\n<div class=\"pt-0\">\n<div class=\"gizmo-shadow-stroke flex h-8 w-8 items-center justify-center overflow-hidden rounded-full\">\n<div class=\"h-full w-full\">O AL Fakher Crown Bar 8000 Z\u00fcge \u00e9 um cigarro eletr\u00f4nico descart\u00e1vel estiloso e potente, que oferece uma experi\u00eancia de vaporiza\u00e7\u00e3o de primeira classe com seu design elegante, f\u00e1cil manuseio e uma variedade de aromas intensos.<\/div>\n<\/div>\n<\/div>\n<\/div>","protected":false},"featured_media":496,"comment_status":"open","ping_status":"closed","template":"","meta":[],"product_brand":[],"product_cat":[15],"product_tag":[],"class_list":{"0":"post-494","1":"product","2":"type-product","3":"status-publish","4":"has-post-thumbnail","6":"product_cat-al-fakher-crown-bar-8000","8":"first","9":"outofstock","10":"sale","11":"shipping-taxable","12":"purchasable","13":"product-type-simple"},"jetpack_sharing_enabled":true,"_links":{"self":[{"href":"https:\/\/alfakherwelt.de\/pt\/wp-json\/wp\/v2\/product\/494","targetHints":{"allow":["GET"]}}],"collection":[{"href":"https:\/\/alfakherwelt.de\/pt\/wp-json\/wp\/v2\/product"}],"about":[{"href":"https:\/\/alfakherwelt.de\/pt\/wp-json\/wp\/v2\/types\/product"}],"replies":[{"embeddable":true,"href":"https:\/\/alfakherwelt.de\/pt\/wp-json\/wp\/v2\/comments?post=494"}],"wp:featuredmedia":[{"embeddable":true,"href":"https:\/\/alfakherwelt.de\/pt\/wp-json\/wp\/v2\/media\/496"}],"wp:attachment":[{"href":"https:\/\/alfakherwelt.de\/pt\/wp-json\/wp\/v2\/media?parent=494"}],"wp:term":[{"taxonomy":"product_brand","embeddable":true,"href":"https:\/\/alfakherwelt.de\/pt\/wp-json\/wp\/v2\/product_brand?post=494"},{"taxonomy":"product_cat","embeddable":true,"href":"https:\/\/alfakherwelt.de\/pt\/wp-json\/wp\/v2\/product_cat?post=494"},{"taxonomy":"product_tag","embeddable":true,"href":"https:\/\/alfakherwelt.de\/pt\/wp-json\/wp\/v2\/product_tag?post=494"}],"curies":[{"name":"wp","href":"https:\/\/api.w.org\/{rel}","templated":true}]}}