{"id":489,"date":"2024-09-19T01:23:47","date_gmt":"2024-09-19T01:23:47","guid":{"rendered":"https:\/\/alfakherwelt.de\/?post_type=product&#038;p=489"},"modified":"2025-06-04T06:04:14","modified_gmt":"2025-06-04T06:04:14","slug":"ai-fakher-coroa-bar-12000-baforadas-descartavel-e-cigarro-ponche-de-morango","status":"publish","type":"product","link":"https:\/\/alfakherwelt.de\/pt\/produto\/ai-fakher-coroa-bar-12000-baforadas-descartavel-e-cigarro-ponche-de-morango\/","title":{"rendered":"Coroa AI Fakher 12000 tragadas Hookah Sound E-cigarro descart\u00e1vel - Strawberry Punch"},"content":{"rendered":"<h2><a href=\"https:\/\/alfakherwelt.de\/pt\/\">Al Fakher<\/a> Crown Bar 12000 PRO: O Vape Descart\u00e1vel Definitivo para a Alemanha<\/h2>\n<p>Descri\u00e7\u00e3o do produto<\/p>\n<p>O <a href=\"https:\/\/alfakherwelt.de\/pt\/categoria-de-produto\/barra-de-coroa-ai-fakher-12000\/\"><strong>Al Fakher Crown Bar 12000 PRO<\/strong><\/a> \u00e9 mais do que apenas um vape descart\u00e1vel; \u00e9 uma obra-prima que combina os benef\u00edcios da tecnologia de vaporiza\u00e7\u00e3o mais avan\u00e7ada com a sensa\u00e7\u00e3o aut\u00eantica de um narguil\u00e9. Com uma capacidade impressionante de <strong>12.000 trens<\/strong> oferece uma vida \u00fatil excepcionalmente longa que atende \u00e0s necessidades dos vapers mais exigentes. Seu <strong>bateria de alta performance<\/strong> garante que cada trecho, do primeiro ao \u00faltimo, permane\u00e7a igualmente intenso e agrad\u00e1vel.<\/p>\n<p>A melhorada <strong>0,6 Ohm de bobina de rede<\/strong> O Crown Bar fornece <strong>Aromas ricos e densos<\/strong>que tornam cada momento de vaporiza\u00e7\u00e3o inesquec\u00edvel. O design elegante do dispositivo, combinado com um <strong>boca confort\u00e1vel<\/strong>, garante uma experi\u00eancia de vaporiza\u00e7\u00e3o suave. Juntos, esses recursos tornam o Al Fakher Crown Bar 12000 PRO uma das melhores op\u00e7\u00f5es do mercado para quem procura uma solu\u00e7\u00e3o de alta qualidade e conveniente.<\/p>\n<p>Hauptmerkmale des <a href=\"https:\/\/alfakherwelt.de\/pt\/categoria-de-produto\/barra-de-coroa-ai-fakher-12000\/\">Al Fakher Crown Bar 12000 PRO<\/a><\/p>\n<ul>\n<li><strong>12.000 trens por dispositivo<\/strong>: Com esta capacidade excepcional, o Al Fakher Crown Bar supera a maioria dos vapes descart\u00e1veis e \u00e9 ideal para uso di\u00e1rio.<\/li>\n<li><strong>Tecnologia de bobina de malha<\/strong>: A <strong>0,6 Ohm de resist\u00eancia de malha<\/strong> produz um espesso de vapor incompar\u00e1vel e uma experi\u00eancia de sabor inigual\u00e1vel.<\/li>\n<li><strong>Tela digital<\/strong>: Um ecr\u00e3 digital pr\u00e1tico mostra o n\u00edvel da bateria e o n\u00edvel de \u00f3leo, para que voc\u00ea esteja sempre informado.<\/li>\n<li><strong>Design elegante e leve<\/strong>O estilo de constru\u00e7\u00e3o elegante torna o dispositivo n\u00e3o apenas atraente, mas tamb\u00e9m f\u00e1cil de manusear.<\/li>\n<li><strong>Ondas sonoras integradas de narguil\u00e9<\/strong>: Desfrute da sensa\u00e7\u00e3o aut\u00eantica de fumar com as ondas sonoras \u00fanicas do narguil\u00e9, proporcionando uma experi\u00eancia imersiva.<\/li>\n<li><strong>Sistema de carregamento r\u00e1pido Type-C<\/strong>: Com o <strong>Conector de carga tipo C<\/strong> Voc\u00ea \u00e9 capaz de carregar seu dispositivo rapidamente, ideal para uso em movimento.<\/li>\n<li><strong>Vape direto para os pulm\u00f5es (DTL)<\/strong>: Esta tecnologia permite que voc\u00ea aproveite o sabor completo do e-l\u00edquido.<\/li>\n<\/ul>\n<p>Descri\u00e7\u00e3o do sabor: Strawberry Punch<\/p>\n<p>O <strong>Strawberry Punch<\/strong> O sabor do Al Fakher Crown Bar 12000 PRO \u00e9 uma verdadeira experi\u00eancia para os sentidos. A cada tragada, ele se desdobra em uma <strong>mistura harmoniosa de morangos frescos<\/strong> e uma do\u00e7ura subtil que atinge imediatamente as papilas gustativas.<\/p>\n<p>Intensidade dos aromas<\/p>\n<p>Der Geschmack beginnt mit einer \nO sabor come\u00e7a com uma <strong>nota intensa de morango<\/strong>que lembra frutas maduras ao sol, direto do campo. <strong>doce e suculentas morangos<\/strong> proporcionam uma entrada refrescante, seguida de um <strong>um toque sutil de frutas c\u00edtricas<\/strong>, que d\u00e1 ao\u9ad4\u9a57 geral um frescor vibrante. Esta combina\u00e7\u00e3o cria um sabor equilibrado, que \u00e9 ao mesmo tempo intenso e subtil.<\/p>\n<p>a sensa\u00e7\u00e3o na boca<\/p>\n<p>Quando se inala, sente-se o <strong>E-Liquid<\/strong> suave e cremoso, enquanto as densas nuvens de vapor acariciam o paladar. Cada tragada deixa um <strong>sabor residual \nou: \nsabor persistente \nou ainda: \nretrogosto<\/strong>que enfatiza a do\u00e7ura frutada do morango e desperta o desejo por mais.<\/p>\n<p>Combina\u00e7\u00e3o perfeita<\/p>\n<p>equil\u00edbrio entre a <strong>Do\u00e7ura das morangos<\/strong> e o sabor fresco de c\u00edtrico \u00e9 magistral. Este sabor n\u00e3o \u00e9 apenas ideal para os amantes de l\u00edquidos de frutas, mas tamb\u00e9m para aqueles que procuram uma experi\u00eancia de vaporiza\u00e7\u00e3o emocionante e vibrante. A <strong>Complexidade dos aromas<\/strong> torna o Strawberry Punch uma escolha perfeita para qualquer ocasi\u00e3o, seja uma noite relaxante ou um encontro social com amigos.<\/p>\n<p>&nbsp;<\/p>\n<h2><strong><img loading=\"lazy\" decoding=\"async\" class=\"alignnone wp-image-453 size-full\" src=\"https:\/\/alfakherwelt.de\/wp-content\/uploads\/2024\/09\/AI-Fakher-Crown-Bar-12000\uff081\uff09.webp\" alt=\"AI Fakher Crown Bar 12000 Z\u00fcge Einweg E Zigarette - Morango Punch\" width=\"600\" height=\"600\" title=\"\" srcset=\"https:\/\/alfakherwelt.de\/wp-content\/uploads\/2024\/09\/AI-Fakher-Crown-Bar-12000\uff081\uff09.webp 600w, https:\/\/alfakherwelt.de\/wp-content\/uploads\/2024\/09\/AI-Fakher-Crown-Bar-12000\uff081\uff09-300x300.webp 300w, https:\/\/alfakherwelt.de\/wp-content\/uploads\/2024\/09\/AI-Fakher-Crown-Bar-12000\uff081\uff09-150x150.webp 150w, https:\/\/alfakherwelt.de\/wp-content\/uploads\/2024\/09\/AI-Fakher-Crown-Bar-12000\uff081\uff09-100x100.webp 100w\" sizes=\"auto, (max-width: 600px) 100vw, 600px\" \/><\/strong><\/h2>\n<h3>Conclus\u00e3o<\/h3>\n<p>O Al Fakher Crown Bar 12000 PRO \u00e9 a escolha perfeita para todos que procuram um vape descart\u00e1vel confi\u00e1vel e saboroso. Com sua longa vida \u00fatil, tecnologia avan\u00e7ada e sabor delicioso de <strong>Strawberry Punch<\/strong> Este dispositivo se destaca dos demais.<\/p>\n<p>Visite nosso site <a href=\"https:\/\/alfakherwelt.de\/pt\/\" target=\"_new\" rel=\"noopener\">alfakherwelt.de<\/a> e descubra os benef\u00edcios que o Al Fakher Crown Bar 12000 PRO oferece. Somos a maior plataforma de vendas online para <strong>Vapes Descart\u00e1veis na Alemanha<\/strong>N\u00e3o hesite e compre agora para revolucionar sua experi\u00eancia de vaporiza\u00e7\u00e3o!<\/p>\n<h2>Compre agora e experimente o melhor vape que a Alemanha tem a oferecer!<\/h2>","protected":false},"excerpt":{"rendered":"<div class=\"flex-shrink-0 flex flex-col relative items-end\">\n<div class=\"pt-0\">\n<div class=\"gizmo-shadow-stroke flex h-8 w-8 items-center justify-center overflow-hidden rounded-full\">\n<div class=\"h-full w-full\">O Al Fakher Crown Bar 12000 PRO \u00e9 um vape descart\u00e1vel de alta qualidade, que com uma capacidade de 12.000 tragadas, tecnologia avan\u00e7ada de bobina de malha e o delicioso sabor de Strawberry Punch oferece uma experi\u00eancia de vaporiza\u00e7\u00e3o incompar\u00e1vel na Alemanha.<\/div>\n<\/div>\n<\/div>\n<\/div>","protected":false},"featured_media":492,"comment_status":"open","ping_status":"closed","template":"","meta":[],"product_brand":[],"product_cat":[21],"product_tag":[],"class_list":{"0":"post-489","1":"product","2":"type-product","3":"status-publish","4":"has-post-thumbnail","6":"product_cat-ai-fakher-crown-bar-12000","8":"first","9":"outofstock","10":"sale","11":"shipping-taxable","12":"purchasable","13":"product-type-simple"},"jetpack_sharing_enabled":true,"_links":{"self":[{"href":"https:\/\/alfakherwelt.de\/pt\/wp-json\/wp\/v2\/product\/489","targetHints":{"allow":["GET"]}}],"collection":[{"href":"https:\/\/alfakherwelt.de\/pt\/wp-json\/wp\/v2\/product"}],"about":[{"href":"https:\/\/alfakherwelt.de\/pt\/wp-json\/wp\/v2\/types\/product"}],"replies":[{"embeddable":true,"href":"https:\/\/alfakherwelt.de\/pt\/wp-json\/wp\/v2\/comments?post=489"}],"wp:featuredmedia":[{"embeddable":true,"href":"https:\/\/alfakherwelt.de\/pt\/wp-json\/wp\/v2\/media\/492"}],"wp:attachment":[{"href":"https:\/\/alfakherwelt.de\/pt\/wp-json\/wp\/v2\/media?parent=489"}],"wp:term":[{"taxonomy":"product_brand","embeddable":true,"href":"https:\/\/alfakherwelt.de\/pt\/wp-json\/wp\/v2\/product_brand?post=489"},{"taxonomy":"product_cat","embeddable":true,"href":"https:\/\/alfakherwelt.de\/pt\/wp-json\/wp\/v2\/product_cat?post=489"},{"taxonomy":"product_tag","embeddable":true,"href":"https:\/\/alfakherwelt.de\/pt\/wp-json\/wp\/v2\/product_tag?post=489"}],"curies":[{"name":"wp","href":"https:\/\/api.w.org\/{rel}","templated":true}]}}