{"id":482,"date":"2024-09-18T02:17:47","date_gmt":"2024-09-18T02:17:47","guid":{"rendered":"https:\/\/alfakherwelt.de\/?post_type=product&#038;p=482"},"modified":"2024-12-27T06:16:25","modified_gmt":"2024-12-27T06:16:25","slug":"ai-fakher-coroa-bar-12-000-baforadas-descartaveis-e-cigarro-manga-gelo","status":"publish","type":"product","link":"https:\/\/alfakherwelt.de\/pt\/produto\/ai-fakher-coroa-bar-12-000-baforadas-descartaveis-e-cigarro-manga-gelo\/","title":{"rendered":"Coroa AI Fakher 12000 tragadas Hookah Sound  E-cigarro descart\u00e1vel - Manga Gelo"},"content":{"rendered":"<div>\n<h2><a href=\"https:\/\/alfakherwelt.de\/pt\/\">Al Fakher<\/a> Crown Bar 12000 PRO Vape Descart\u00e1vel: A Escolha Perfeita para Entusiastas de Vaping<\/h2>\n<p>Se voc\u00ea est\u00e1 procurando por um vape descart\u00e1vel potente e dur\u00e1vel que combine estilo e funcionalidade, \u00e9 o <strong>Al Fakher Crown Bar 12000 PRO<\/strong> a escolha certa. Com impressionantes 12.000 tragadas, uma bateria recarreg\u00e1vel e a mais recente tecnologia de bobina Mesh, este dispositivo proporciona uma experi\u00eancia de vaporiza\u00e7\u00e3o premium que supera o comum.<\/p>\n<h3>Descri\u00e7\u00e3o do produto<\/h3>\n<p>O <strong>Al Fakher Crown Bar 12000 PRO<\/strong> \u00c9 mais do que apenas um vape descart\u00e1vel comum. Ele combina design moderno, tecnologia avan\u00e7ada e opera\u00e7\u00e3o f\u00e1cil de usar para oferecer a cada vaper uma experi\u00eancia de vaporiza\u00e7\u00e3o inesquec\u00edvel. O vape \u00e9 fino, leve e oferece uma sensa\u00e7\u00e3o agrad\u00e1vel na m\u00e3o gra\u00e7as ao seu formato ergon\u00f4mico. Cada for\u00e7a de tra\u00e7\u00e3o garante sabores uniformes e intensos, o que o torna a escolha ideal para todos que desejam obter o m\u00e1ximo de sua sess\u00e3o de vaporiza\u00e7\u00e3o.<\/p>\n<p>O inovador <strong>Sistema de bobina de malha<\/strong> com 0,6 Ohm garante nuvens de vapor densas e saborosas e uma produ\u00e7\u00e3o de vapor suave. Gra\u00e7as ao <strong>Tecnologia de vaporiza\u00e7\u00e3o DTL (Direct-to-Lung)<\/strong> Os usu\u00e1rios experimentam um sabor mais intenso, elevando o vaping a um novo n\u00edvel. Seja voc\u00ea um vaper regular ou um usu\u00e1rio ocasional, este pod descart\u00e1vel \u00e9 projetado para durabilidade e sabor incompar\u00e1vel.<\/p>\n<h3>Hauptmerkmale des <a href=\"https:\/\/alfakherwelt.de\/pt\/categoria-de-produto\/barra-de-coroa-ai-fakher-12000\/\">Al Fakher Crown Bar 12000 PRO<\/a><\/h3>\n<ul>\n<li><strong>At\u00e9 12.000 trens por dispositivo<\/strong>O Al Fakher Crown Bar oferece uma das maiores capacidades de recarga no mercado, garantindo assim um vape prolongado sem a necessidade de comprar mais frequentemente.<\/li>\n<li><strong>Bobina de malha (0,6 Ohm)<\/strong>: A bobina de malha avan\u00e7ada garante nuvens de vapor intensas e densas e uma experi\u00eancia de sabor inesquec\u00edvel.<\/li>\n<li><strong>Bateria recarreg\u00e1vel<\/strong>: A porta de carregamento USB-C permite carregamento r\u00e1pido, para que o dispositivo esteja sempre pronto para uso.<\/li>\n<li><strong>Display digital<\/strong>: Mantenha o controle do status da bateria e do n\u00edvel de l\u00edquido eletr\u00f4nico com um visor claro e de f\u00e1cil leitura.<\/li>\n<li><strong>Design elegante e leve<\/strong>Com seu design moderno e elegante, o Al Fakher Crown Bar n\u00e3o \u00e9 apenas funcional, mas tamb\u00e9m estiloso.<\/li>\n<li><strong>Hookah-Sound-Waves<\/strong>: As ondas sonoras integradas do narguil\u00e9 ampliam a sensa\u00e7\u00e3o de uma experi\u00eancia aut\u00eantica de Shisha.<\/li>\n<\/ul>\n<h3>Por que voc\u00ea o <a href=\"https:\/\/alfakherwelt.de\/pt\/categoria-de-produto\/barra-de-coroa-ai-fakher-12000\/\">Al Fakher Crown Bar 12000 PRO<\/a> deveriam comprar<\/h3>\n<p>O Al Fakher Crown Bar 12000 PRO foi desenvolvido para vapers que buscam o melhor em termos de durabilidade, sabor e facilidade de uso. Com seus 12.000 puffs, este dispositivo oferece uma das maiores capacidades do mercado e \u00e9 ideal para f\u00e3s de vape que procuram um vape duradouro e descomplicado. Gra\u00e7as \u00e0 bateria recarreg\u00e1vel e ao sistema de carregamento r\u00e1pido USB-C, voc\u00ea pode ter certeza de que seu dispositivo est\u00e1 sempre pronto para uso quando voc\u00ea precisar.<\/p>\n<p>Este produto n\u00e3o oferece apenas um desempenho excepcional, mas tamb\u00e9m uma experi\u00eancia \u00fanica semelhante ao narguil\u00e9, que \u00e9 aprimorada pelas ondas sonoras do Hookah. Para vapers que amam a experi\u00eancia do narguil\u00e9, o Al Fakher Crown Bar 12000 PRO \u00e9 a escolha perfeita.<\/p>\n<h3>Dados t\u00e9cnicos<\/h3>\n<ul>\n<li><strong>Trens<\/strong>: At\u00e9 12.000 trens<\/li>\n<li><strong>Teor de nicotina<\/strong>: 0,5% (5 mg)<\/li>\n<li><strong>Bobina<\/strong>: 0,6 Ohm Mesh Coil<\/li>\n<li><strong>Carregar<\/strong>: Conector USB tipo C<\/li>\n<li><strong>Recarreg\u00e1vel<\/strong>: Sim<\/li>\n<li><strong>Tela digital<\/strong>: Sim<\/li>\n<li><strong>Manuten\u00e7\u00e3o livre<\/strong>: Sim<\/li>\n<li><strong>Design<\/strong>Leve e compacto<\/li>\n<\/ul>\n<h3>Descri\u00e7\u00e3o detalhada do sabor<\/h3>\n<p>Um \u00fanico recurso do <a href=\"https:\/\/alfakherwelt.de\/pt\/categoria-de-produto\/barra-de-coroa-ai-fakher-12000\/\"><strong>Al Fakher Crown Bar 12000 PRO<\/strong><\/a> s\u00e3o seus aromas excepcionais. Destaca-se especialmente o sabor popular <strong>Mango Ice<\/strong>O sabor do Mango Ice \u00e9 perfeitamente equilibrado para oferecer tanto do\u00e7ura frutada quanto frescura gelada, tornando cada tragada uma experi\u00eancia prazerosa.<\/p>\n<p><strong>Mango Ice<\/strong> Captura o sabor de mangos maduros e suculentos e complementa-o com um toque gelado e refrescante de mentol. O sabor frutado de manga \u00e9 intenso, sem ser opressor, e a nota gelada proporciona uma frescura agrad\u00e1vel que revigora o paladar. Cada tragada oferece uma mistura harmoniosa de do\u00e7ura tropical e frescura fria, tornando a experi\u00eancia de vaporiza\u00e7\u00e3o incrivelmente refrescante.<\/p>\n<p>Este sabor \u00e9 ideal para uso di\u00e1rio, pois \u00e9 adequado tanto para vapers experientes quanto para iniciantes. Especialmente em dias quentes, o Mango Ice oferece um refresco bem-vindo, que \u00e9 tanto frutado quanto refrescante, e eleva a experi\u00eancia de vaporiza\u00e7\u00e3o a um novo n\u00edvel.<\/p>\n<p>&nbsp;<\/p>\n<p>&nbsp;<\/p>\n<\/div>\n<h2><strong><img loading=\"lazy\" decoding=\"async\" class=\"alignnone wp-image-453 size-full\" src=\"https:\/\/alfakherwelt.de\/wp-content\/uploads\/2024\/09\/AI-Fakher-Crown-Bar-12000\uff081\uff09.webp\" alt=\"AI Fakher Crown Bar 12000 Z\u00fcge Einweg E Zigarette - Mango Ice AI Fakher Crown Bar 12000 trag\u00e1veis Cigarros Eletr\u00f4nicos Descart\u00e1veis - Sabor Manga Gelo\" width=\"600\" height=\"600\" title=\"\" srcset=\"https:\/\/alfakherwelt.de\/wp-content\/uploads\/2024\/09\/AI-Fakher-Crown-Bar-12000\uff081\uff09.webp 600w, https:\/\/alfakherwelt.de\/wp-content\/uploads\/2024\/09\/AI-Fakher-Crown-Bar-12000\uff081\uff09-300x300.webp 300w, https:\/\/alfakherwelt.de\/wp-content\/uploads\/2024\/09\/AI-Fakher-Crown-Bar-12000\uff081\uff09-150x150.webp 150w, https:\/\/alfakherwelt.de\/wp-content\/uploads\/2024\/09\/AI-Fakher-Crown-Bar-12000\uff081\uff09-100x100.webp 100w\" sizes=\"auto, (max-width: 600px) 100vw, 600px\" \/><\/strong><\/h2>\n<h3>Conclus\u00e3o<\/h3>\n<p>O <strong>Al Fakher Crown Bar 12000 PRO<\/strong> \u00e9 o vape descart\u00e1vel definitivo para os f\u00e3s de vaporiza\u00e7\u00e3o que procuram uma experi\u00eancia de vaporiza\u00e7\u00e3o duradoura e saborosa. Com seus 12.000 puffs, bateria recarreg\u00e1vel e tecnologia avan\u00e7ada de bobina de malha, este dispositivo oferece tudo o que voc\u00ea pode desejar de um vape descart\u00e1vel premium. Ordene o Al Fakher Crown Bar 12000 PRO hoje mesmo em <a href=\"https:\/\/alfakherwelt.de\/pt\/\"><strong>alfakherwelt.de<\/strong><\/a>, a maior plataforma online da Alemanha para cigarros eletr\u00f3nicos descart\u00e1veis, e experimente o vaping no mais alto n\u00edvel.<\/p>","protected":false},"excerpt":{"rendered":"<div class=\"flex-shrink-0 flex flex-col relative items-end\">\n<div class=\"pt-0\">\n<div class=\"gizmo-shadow-stroke flex h-8 w-8 items-center justify-center overflow-hidden rounded-full\">\n<div class=\"h-full w-full\">O Al Fakher Crown Bar 12000 PRO \u00e9 um vape descart\u00e1vel recarreg\u00e1vel com at\u00e9 12.000 tragadas, tecnologia avan\u00e7ada de bobina de malha, display digital e uma variedade de sabores intensos, proporcionando uma experi\u00eancia de vaporiza\u00e7\u00e3o excepcional e duradoura.<\/div>\n<\/div>\n<\/div>\n<\/div>","protected":false},"featured_media":485,"comment_status":"open","ping_status":"closed","template":"","meta":[],"product_brand":[],"product_cat":[21],"product_tag":[],"class_list":{"0":"post-482","1":"product","2":"type-product","3":"status-publish","4":"has-post-thumbnail","6":"product_cat-ai-fakher-crown-bar-12000","8":"first","9":"outofstock","10":"sale","11":"shipping-taxable","12":"purchasable","13":"product-type-simple"},"jetpack_sharing_enabled":true,"_links":{"self":[{"href":"https:\/\/alfakherwelt.de\/pt\/wp-json\/wp\/v2\/product\/482","targetHints":{"allow":["GET"]}}],"collection":[{"href":"https:\/\/alfakherwelt.de\/pt\/wp-json\/wp\/v2\/product"}],"about":[{"href":"https:\/\/alfakherwelt.de\/pt\/wp-json\/wp\/v2\/types\/product"}],"replies":[{"embeddable":true,"href":"https:\/\/alfakherwelt.de\/pt\/wp-json\/wp\/v2\/comments?post=482"}],"wp:featuredmedia":[{"embeddable":true,"href":"https:\/\/alfakherwelt.de\/pt\/wp-json\/wp\/v2\/media\/485"}],"wp:attachment":[{"href":"https:\/\/alfakherwelt.de\/pt\/wp-json\/wp\/v2\/media?parent=482"}],"wp:term":[{"taxonomy":"product_brand","embeddable":true,"href":"https:\/\/alfakherwelt.de\/pt\/wp-json\/wp\/v2\/product_brand?post=482"},{"taxonomy":"product_cat","embeddable":true,"href":"https:\/\/alfakherwelt.de\/pt\/wp-json\/wp\/v2\/product_cat?post=482"},{"taxonomy":"product_tag","embeddable":true,"href":"https:\/\/alfakherwelt.de\/pt\/wp-json\/wp\/v2\/product_tag?post=482"}],"curies":[{"name":"wp","href":"https:\/\/api.w.org\/{rel}","templated":true}]}}