{"id":481,"date":"2024-09-18T02:17:45","date_gmt":"2024-09-18T02:17:45","guid":{"rendered":"https:\/\/alfakherwelt.de\/?post_type=product&#038;p=481"},"modified":"2026-03-06T07:09:23","modified_gmt":"2026-03-06T07:09:23","slug":"ai-fakher-coroa-bar-12000-baforadas-descartaveis-e-cigarro-amor-magico","status":"publish","type":"product","link":"https:\/\/alfakherwelt.de\/pt\/produto\/ai-fakher-coroa-bar-12000-baforadas-descartaveis-e-cigarro-amor-magico\/","title":{"rendered":"AI Fakher Crown Bar 12000 Z\u00fcge Hookah Sound  Einweg E Zigarette \u2013 Magic Love\n\n becomes \n\nAI Fakher Crown Bar 12000 tragadas Hookah Sound  Descart\u00e1vel E Cigarro \u2013 Magic Love"},"content":{"rendered":"<h2><strong><img loading=\"lazy\" decoding=\"async\" class=\"alignnone wp-image-450 size-full\" src=\"https:\/\/alfakherwelt.de\/wp-content\/uploads\/2024\/09\/AI-Fakher-Crown-Bar-12000\uff082\uff09.webp\" alt=\"AI Fakher Crown Bar 12000 Z\u00fcge Einweg E Zigarette - Magic Love AI Fakher Crown Bar 12000 trag\u00e1veis Cigarros Eletr\u00f4nicos Descart\u00e1veis - Magic Love\" width=\"1837\" height=\"2522\" title=\"\" srcset=\"https:\/\/alfakherwelt.de\/wp-content\/uploads\/2024\/09\/AI-Fakher-Crown-Bar-12000\uff082\uff09.webp 1837w, https:\/\/alfakherwelt.de\/wp-content\/uploads\/2024\/09\/AI-Fakher-Crown-Bar-12000\uff082\uff09-219x300.webp 219w, https:\/\/alfakherwelt.de\/wp-content\/uploads\/2024\/09\/AI-Fakher-Crown-Bar-12000\uff082\uff09-746x1024.webp 746w, https:\/\/alfakherwelt.de\/wp-content\/uploads\/2024\/09\/AI-Fakher-Crown-Bar-12000\uff082\uff09-768x1054.webp 768w, https:\/\/alfakherwelt.de\/wp-content\/uploads\/2024\/09\/AI-Fakher-Crown-Bar-12000\uff082\uff09-1119x1536.webp 1119w, https:\/\/alfakherwelt.de\/wp-content\/uploads\/2024\/09\/AI-Fakher-Crown-Bar-12000\uff082\uff09-1492x2048.webp 1492w, https:\/\/alfakherwelt.de\/wp-content\/uploads\/2024\/09\/AI-Fakher-Crown-Bar-12000\uff082\uff09-600x824.webp 600w\" sizes=\"auto, (max-width: 1837px) 100vw, 1837px\" \/><\/strong><\/h2>\n<h2><a href=\"https:\/\/alfakherwelt.de\/pt\/\">Al Fakher<\/a> Crown Bar 12000 PRO \u2013 Vape descart\u00e1vel com nicotina | O favorito na Alemanha<\/h2>\n<p><strong>Descubra o Al Fakher Crown Bar 12000 PRO<\/strong> \u2013 a escolha definitiva para vapers que procuram uma experi\u00eancia f\u00e1cil e poderosa. Este dispositivo avan\u00e7ado de vape descart\u00e1vel oferece n\u00e3o apenas um design excepcional, mas combina as tecnologias do mundo dos cigarros eletr\u00f3nicos com a sensa\u00e7\u00e3o familiar de um narguil\u00e9.<\/p>\n<h3>Descri\u00e7\u00e3o do produto:<\/h3>\n<p>O <strong><a href=\"https:\/\/alfakherwelt.de\/pt\/categoria-de-produto\/barra-de-coroa-ai-fakher-12000\/\">Al Fakher Crown Bar 12000 PRO<\/a> Vape descart\u00e1vel<\/strong> \u00e9 um produto inovador que permite at\u00e9 12.000 tragadas - ideal para um prazer duradouro sem compromissos. Com uma <strong>0,6 Ohm de resist\u00eancia de malha<\/strong> garante nuvens de vapor intensas e densas e uma experi\u00eancia de vaporiza\u00e7\u00e3o arom\u00e1tica rica que ir\u00e1 estimular os seus sentidos.<\/p>\n<p>Um outro destaque \u00e9 o constru\u00eddo em <strong>tela digital<\/strong>, que exibe o indicador de bateria e o n\u00edvel de \u00f3leo. Dessa forma, voc\u00ea sempre ter\u00e1 uma vis\u00e3o geral e poder\u00e1 garantir que seu dispositivo esteja sempre pronto para uso. Com o <strong>Fun\u00e7\u00e3o de carregamento r\u00e1pido tipo C<\/strong> seu vape est\u00e1 totalmente carregado em um curto per\u00edodo de tempo, o que \u00e9 especialmente conveniente quando voc\u00ea est\u00e1 fora de casa.<\/p>\n<p><strong>Ondas sonoras integradas de narguil\u00e9<\/strong> simulam a experi\u00eancia auditiva familiar do fumo de Shisha, o que torna o prazer ainda mais aut\u00eantico. O design elegante e fino torna o <strong>Al Fakher Crown Bar 12000 PRO<\/strong> a um verdadeiro chamariz - ideal para vapers estilosos que valorizam n\u00e3o apenas o desempenho, mas tamb\u00e9m a est\u00e9tica.<\/p>\n<h3>Propriedades especiais:<\/h3>\n<ul>\n<li><strong>12.000 movimentos por dispositivo<\/strong> - Um dos vapes descart\u00e1veis mais dur\u00e1veis do mercado<\/li>\n<li><strong>Bobina de malha<\/strong> (0,6 Ohm) para aroma intenso e nuvens de vapor densas<\/li>\n<li><strong>Recarreg\u00e1vel<\/strong> via carregamento r\u00e1pido USB Type-C<\/li>\n<li><strong>Tela digital<\/strong> para controlar a bateria e o n\u00edvel de \u00f3leo<\/li>\n<li><strong>Desenho leve e elegante<\/strong> - cabe perfeitamente em qualquer bolso<\/li>\n<li><strong>Ondas sonoras de cachimbo de \u00e1gua<\/strong> para um aut\u00eantico sentimento de Shisha<\/li>\n<li><strong>Vaporiza\u00e7\u00e3o direta para os pulm\u00f5es (DTL)<\/strong> para um sabor mais intenso<\/li>\n<\/ul>\n<h3>Por que voc\u00ea <a href=\"https:\/\/alfakherwelt.de\/pt\/categoria-de-produto\/barra-de-coroa-ai-fakher-12000\/\">Al Fakher Crown Bar 12000 PRO<\/a> deverias comprar:<\/h3>\n<p>A <strong>Al Fakher Crown Bar 12000 PRO<\/strong> \u00e9 a escolha perfeita para todos aqueles que valorizam o conforto de um vape descart\u00e1vel e, ao mesmo tempo, n\u00e3o querem desistir de uma experi\u00eancia intensa e aut\u00eantica. Com um alto n\u00famero de tragadas e tecnologia recarreg\u00e1vel, ela garante que voc\u00ea tenha um longo prazer com seu vape. Seu design ergon\u00f4mico a torna n\u00e3o apenas um companheiro pr\u00e1tico, mas tamb\u00e9m um verdadeiro chamariz.<\/p>\n<hr \/>\n<h2>Uma viagem pelos aromas da <a href=\"https:\/\/alfakherwelt.de\/pt\/categoria-de-produto\/barra-de-coroa-ai-fakher-12000\/\">Al Fakher Crown Bar 12000 PRO<\/a><\/h2>\n<p><strong>Magic Love<\/strong>, a estrela entre os sabores, traz uma mistura fascinante que o encantar\u00e1. Mas o que exatamente est\u00e1 por tr\u00e1s disso, e como suas papilas gustativas experimentam essas nuances de forma intensa? Vamos mergulhar profundamente no mundo dos aromas:<\/p>\n<h3>Magic Love \u2013 A fus\u00e3o sedutora<\/h3>\n<p>Esta sabor \u00e9 uma combina\u00e7\u00e3o magistral de notas doces e frutadas que explodem imediatamente na l\u00edngua. O primeiro gole de <strong>Magic Love<\/strong> Leve um salada de frutas suculenta com um toque de frutas tropicais e bagas, que perfeitamente harmonizam entre si. A mistura equilibrada de <strong>doce morango, suculenta abacaxi<\/strong> e um leve toque de <strong>Exotismo<\/strong> torna este sabor \u00fanico. \u00c9 como se voc\u00ea mordesse um parfait de frutas rec\u00e9m-misturado em um dia de ver\u00e3o quente - refrescante e incrivelmente satisfat\u00f3rio.<\/p>\n<p>notas frutadas seguem uma do\u00e7ura subtil, que atrav\u00e9s <strong>macia, cremosa<\/strong> Os acentos s\u00e3o arredondados. Isto d\u00e1 \u00e0 composi\u00e7\u00e3o de sabores profundidade e proporciona uma experi\u00eancia duradoura e saborosa que se espalha suavemente na boca. Esta <strong>doce e frutal<\/strong> Harmonia leva os seus sentidos gustativos numa viagem que dificilmente esquecer\u00e1.<\/p>\n<p>A <strong>Equil\u00edbrio dos aromas<\/strong> \u00e9 perfeitamente equilibrado - nenhuma nota sobrep\u00f5e a outra, para que voc\u00ea possa aproveitar todos os detalhes. Esta mistura harmoniosa faz <strong>Magic Love<\/strong> para um dos sabores mais populares para todos que amam tanto frescor quanto do\u00e7ura.<\/p>\n<hr \/>\n<h3>Detalhes T\u00e9cnicos:<\/h3>\n<ul>\n<li><strong>Teor de nicotina:<\/strong> 0,5 % (5 mg)<\/li>\n<li><strong>Bobina:<\/strong> 0,6 Ohm Mesh Coil para nuvens de vapor densas<\/li>\n<li><strong>Carregar:<\/strong> Conector USB Type-C<\/li>\n<li><strong>Trens:<\/strong> At\u00e9 12.000 por dispositivo<\/li>\n<li><strong>Tela:<\/strong> Tela digital para controle de bateria e n\u00edvel de \u00f3leo<\/li>\n<li><strong>Desenho:<\/strong> Dispositivo descart\u00e1vel recarreg\u00e1vel com design leve e elegante<\/li>\n<\/ul>\n<hr \/>\n<h2>Seu vape descart\u00e1vel da Al Fakher <a href=\"https:\/\/alfakherwelt.de\/pt\/\"><strong>alfakherwelt.de<\/strong><\/a> Compre!<\/h2>\n<p>Se voc\u00ea est\u00e1 procurando por um <strong>Einweg-Vape in Deutschland<\/strong> que n\u00e3o s\u00f3 o convence em termos de design, mas tamb\u00e9m em termos de desempenho, ent\u00e3o \u00e9 a <strong>Al Fakher Crown Bar 12000 PRO<\/strong> a escolha ideal. Em <strong>alfakherwelt.de<\/strong>, da maior plataforma online para vaporizadores descart\u00e1veis na Alemanha, voc\u00ea encontra este produto de ponta.<\/p>\n<p>Se voc\u00ea \u00e9 um iniciante ou um vaper experiente, a <strong>Al Fakher Crown Bar 12000 PRO<\/strong> oferece o equil\u00edbrio perfeito entre inova\u00e7\u00e3o, sabor e conforto. Visite-nos hoje mesmo e experimente a melhor experi\u00eancia de vaporiza\u00e7\u00e3o que existe atualmente.<\/p>\n<hr \/>\n<h3>Conclus\u00e3o:<\/h3>\n<p>O <strong><a href=\"https:\/\/alfakherwelt.de\/pt\/categoria-de-produto\/barra-de-coroa-ai-fakher-12000\/\">Al Fakher Crown Bar 12000 PRO<\/a> Vape descart\u00e1vel<\/strong> \u00c9 uma classe por si s\u00f3. Com at\u00e9 12.000 tragadas, uma bateria recarreg\u00e1vel e um design elegante, este dispositivo atende a todos os desejos que os vapers possam ter. A combina\u00e7\u00e3o de tecnologias modernas e experi\u00eancia tradicional de narguil\u00e9 torna este produto indispens\u00e1vel para vapers na Alemanha.<\/p>\n<p>Especialmente as <strong>Sabor Magic Love<\/strong> lev\u00e1-lo a um mundo de aromas doces e ex\u00f3ticos que o entusiasmar\u00e1. Fa\u00e7a seu pedido hoje mesmo em <a href=\"https:\/\/alfakherwelt.de\/pt\/\"><strong>alfakherwelt.de<\/strong><\/a> e mergulhe em um novo mundo de vaporiza\u00e7\u00e3o.<\/p>","protected":false},"excerpt":{"rendered":"<div class=\"flex-shrink-0 flex flex-col relative items-end\">\n<div class=\"pt-0\">\n<div class=\"gizmo-shadow-stroke flex h-8 w-8 items-center justify-center overflow-hidden rounded-full\">\n<div class=\"h-full w-full\">O Al Fakher Crown Bar 12000 PRO cigarro eletr\u00f4nico descart\u00e1vel combina tecnologia avan\u00e7ada com um design elegante e oferece at\u00e9 12.000 tragadas, sabor intenso gra\u00e7as \u00e0 bobina Mesh de 0,6 Ohm, uma bateria recarreg\u00e1vel e uma tela digital para experimentar o vaping no mais alto n\u00edvel.<\/div>\n<\/div>\n<\/div>\n<\/div>","protected":false},"featured_media":484,"comment_status":"open","ping_status":"closed","template":"","meta":[],"product_brand":[],"product_cat":[21],"product_tag":[],"class_list":{"0":"post-481","1":"product","2":"type-product","3":"status-publish","4":"has-post-thumbnail","6":"product_cat-ai-fakher-crown-bar-12000","8":"first","9":"outofstock","10":"sale","11":"shipping-taxable","12":"purchasable","13":"product-type-simple"},"jetpack_sharing_enabled":true,"_links":{"self":[{"href":"https:\/\/alfakherwelt.de\/pt\/wp-json\/wp\/v2\/product\/481","targetHints":{"allow":["GET"]}}],"collection":[{"href":"https:\/\/alfakherwelt.de\/pt\/wp-json\/wp\/v2\/product"}],"about":[{"href":"https:\/\/alfakherwelt.de\/pt\/wp-json\/wp\/v2\/types\/product"}],"replies":[{"embeddable":true,"href":"https:\/\/alfakherwelt.de\/pt\/wp-json\/wp\/v2\/comments?post=481"}],"wp:featuredmedia":[{"embeddable":true,"href":"https:\/\/alfakherwelt.de\/pt\/wp-json\/wp\/v2\/media\/484"}],"wp:attachment":[{"href":"https:\/\/alfakherwelt.de\/pt\/wp-json\/wp\/v2\/media?parent=481"}],"wp:term":[{"taxonomy":"product_brand","embeddable":true,"href":"https:\/\/alfakherwelt.de\/pt\/wp-json\/wp\/v2\/product_brand?post=481"},{"taxonomy":"product_cat","embeddable":true,"href":"https:\/\/alfakherwelt.de\/pt\/wp-json\/wp\/v2\/product_cat?post=481"},{"taxonomy":"product_tag","embeddable":true,"href":"https:\/\/alfakherwelt.de\/pt\/wp-json\/wp\/v2\/product_tag?post=481"}],"curies":[{"name":"wp","href":"https:\/\/api.w.org\/{rel}","templated":true}]}}