{"id":476,"date":"2024-09-18T01:55:52","date_gmt":"2024-09-18T01:55:52","guid":{"rendered":"https:\/\/alfakherwelt.de\/?post_type=product&#038;p=476"},"modified":"2025-10-15T08:21:48","modified_gmt":"2025-10-15T08:21:48","slug":"ai-fakher-coroa-bar-12000-baforadas-cigarro-eletronico-descartavel-sonho-lucido","status":"publish","type":"product","link":"https:\/\/alfakherwelt.de\/pt\/produto\/ai-fakher-coroa-bar-12000-baforadas-cigarro-eletronico-descartavel-sonho-lucido\/","title":{"rendered":"AI Fakher Crown Bar 12000 Z\u00fcge Hookah Sound  Einweg E Zigarette \u2013 Lucid Dream\n\n becomes \n\nAI Fakher Crown Bar 12000 tragadas Hookah Sound  E-cigarro descart\u00e1vel \u2013 Lucid Dream"},"content":{"rendered":"<div>\n<h2><a href=\"https:\/\/alfakherwelt.de\/pt\/\">AL Fakher<\/a> Crown Bar 12000 PRO Cigarro Eletr\u00f4nico Descart\u00e1vel - A Escolha Perfeita para Connoisseurs<\/h2>\n<p>O <strong>Al Fakher Crown Bar 12000 PRO<\/strong> Um produto de vape descart\u00e1vel combina a tecnologia de vape mais avan\u00e7ada com o prazer de um narguil\u00e9. Como o produto l\u00edder no mercado alem\u00e3o, este dispositivo oferece uma capacidade de tiragem imensa de <strong>12.000 trens<\/strong>, o que o torna um dos produtos descart\u00e1veis mais dur\u00e1veis. Gra\u00e7as \u00e0 bateria recarreg\u00e1vel e \u00e0 <strong>0,6 Ohm de resist\u00eancia de malha<\/strong> oferece uma experi\u00eancia de sabor constantemente intensa, tornando cada tragada uma del\u00edcia. Com um design fino e leve e uma tela digital amig\u00e1vel que mostra o n\u00edvel da bateria e a quantidade restante de l\u00edquido eletr\u00f4nico, este \u00e9 o dispositivo ideal tanto para vapers experientes quanto para iniciantes.<\/p>\n<h3>Importante caracter\u00edsticas do <a href=\"https:\/\/alfakherwelt.de\/pt\/categoria-de-produto\/barra-de-coroa-ai-fakher-12000\/\">Al Fakher Crown Bar 12000 PRO<\/a><\/h3>\n<ul>\n<li><strong>Langlebigkeit mit 12.000 Z\u00fcgen<\/strong> O <strong>Crown Bar 12000 PRO<\/strong> oferece uma dura\u00e7\u00e3o de uso excepcional de at\u00e9 <strong>12.000 trens<\/strong>muito acima da m\u00e9dia dos vapes descart\u00e1veis dispon\u00edveis no mercado.<\/li>\n<li><strong>Bateria recarreg\u00e1vel com conector Tipo-C:<\/strong> O <strong>Tipo-C<\/strong>- O conector de carga permite um carregamento r\u00e1pido, ideal para vapers que est\u00e3o frequentemente em movimento.<\/li>\n<li><strong>0,6 ohm de resist\u00eancia de malha para sabor intenso:<\/strong> Esta tecnologia especial de bobina garante um desenvolvimento denso de vapor e uma forte liberta\u00e7\u00e3o de aromas em cada tragada.<\/li>\n<li><strong>Tela digital:<\/strong> Mostra a carga atual da bateria e o n\u00edvel de \u00f3leo, o que aumenta a facilidade de uso e a efici\u00eancia.<\/li>\n<li><strong>Vaping direto para os pulm\u00f5es (DTL):<\/strong> Este modelo \u00e9 projetado para vaporiza\u00e7\u00e3o DTL e proporciona um sabor mais intenso e nuvens de vapor maiores.<\/li>\n<li><strong>Design elegante:<\/strong> Leve e f\u00e1cil de manusear com um design elegante, que \u00e9 funcional e estiloso.<\/li>\n<li><strong>Integrierte aromas de narguil\u00e9:<\/strong> Este dispositivo simula o som calmante de um narguil\u00e9, tornando a experi\u00eancia de vaporiza\u00e7\u00e3o ainda mais aut\u00eantica.<\/li>\n<\/ul>\n<h3>Detalhes t\u00e9cnicos<\/h3>\n<ul>\n<li><strong>Capacidade de trem:<\/strong> At\u00e9 12.000 trens<\/li>\n<li><strong>Teor de nicotina:<\/strong> 0,5 % (5 mg)<\/li>\n<li><strong>Tecnologia de bobina:<\/strong> Bobina de malha para liberta\u00e7\u00e3o \u00f3ptima de aromas<\/li>\n<li><strong>Carregamento:<\/strong> Conector USB tipo C<\/li>\n<li><strong>Manuten\u00e7\u00e3o livre:<\/strong> Kein Nachf\u00fcllen oder Wechseln von Komponenten erforderlich<\/li>\n<li><strong>Desenho:<\/strong> Leve e port\u00e1til<\/li>\n<\/ul>\n<h3>Por que o <a href=\"https:\/\/alfakherwelt.de\/pt\/categoria-de-produto\/barra-de-coroa-ai-fakher-12000\/\">Al Fakher Crown Bar 12000 PRO<\/a> escolher?<\/h3>\n<p>O <strong>Al Fakher Crown Bar 12000 PRO<\/strong> representa qualidade, durabilidade e sabor incompar\u00e1vel. Seu <strong>12.000 trens<\/strong> e a possibilidade de recarregar o dispositivo fazem dele a primeira escolha para vapers na Alemanha. A combina\u00e7\u00e3o de <strong>0,6 Ohm de resist\u00eancia de malha<\/strong> e <strong>DTL Vaping<\/strong> proporciona uma experi\u00eancia de sabor intensa que ir\u00e1 convencer tanto os iniciantes como os vapers experientes. Gra\u00e7as ao seu design elegante e moderno, ele tamb\u00e9m \u00e9 um verdadeiro chamariz, e o <strong>integrierten Wasserpfeifenkl\u00e4nge \n\nbecomes \n\nsons integrados de cachimbo de \u00e1gua<\/strong> elevam a experi\u00eancia de vaporiza\u00e7\u00e3o a um novo n\u00edvel.<\/p>\n<p><strong>Agora <a href=\"https:\/\/alfakherwelt.de\/pt\/\" target=\"_new\" rel=\"noopener\">alfakherwelt.de<\/a> comprar<\/strong> e aproveite ao m\u00e1ximo sua experi\u00eancia de vaporiza\u00e7\u00e3o!<\/p>\n<hr \/>\n<h2>Aromas- do <a href=\"https:\/\/alfakherwelt.de\/pt\/categoria-de-produto\/barra-de-coroa-ai-fakher-12000\/\">Al Fakher Crown Bar 12000 PRO<\/a><\/h2>\n<h3>Sonho L\u00facido: Uma Viagem dos Sentidos<\/h3>\n<p>O <strong>Sonho L\u00facido<\/strong> Aroma, das im <strong>Al Fakher Crown Bar 12000 PRO<\/strong> dispon\u00edvel, promete uma experi\u00eancia de sabor inesquec\u00edvel. A cada tragada, desdobra-se um sabor rico, doce e ao mesmo tempo refrescante, que envolve os seus sentidos. O equil\u00edbrio entre a frutividade e a cremosidade torna este aroma um favorito entre os vapers.<\/p>\n<p><strong>Perfil de sabor de Lucid Dream<\/strong>:<\/p>\n<ul>\n<li><strong>Nota base frutada:<\/strong> Em cada tragada, desdobra-se inicialmente uma mistura de frutas suculentas que lembra frutas ex\u00f3ticas.<\/li>\n<li><strong>Parte cremosa no meio:<\/strong> A transi\u00e7\u00e3o para um sabor cremoso, quase leitoso, oferece uma harmonia reconfortante.<\/li>\n<li><strong>Suave despedida:<\/strong> Um toque leve de frescura completa a experi\u00eancia e deixa um acabamento agrad\u00e1vel e suave.<\/li>\n<\/ul>\n<h3><span style=\"color: #555555; font-size: 14.4px;\"> Atrav\u00e9s da <\/span><strong style=\"color: #555555; font-size: 14.4px;\">0,6 Ohm de resist\u00eancia de malha<\/strong><span style=\"color: #555555; font-size: 14.4px;\"> dos <\/span><strong style=\"color: #555555; font-size: 14.4px;\">Al Fakher Crown Bar 12000 PRO<\/strong><span style=\"color: #555555; font-size: 14.4px;\"> cada sabor fica ainda mais intenso e o vape DTL proporciona grandes nuvens de vapor satisfat\u00f3rias, tornando cada sabor uma experi\u00eancia.<\/span><\/h3>\n<hr \/>\n<h3>Por que escolher Al Fakher World?<\/h3>\n<p><a href=\"https:\/\/alfakherwelt.de\/pt\/\"><strong>alfakherwelt.de<\/strong><\/a> \u00e9 a maior loja online de cigarros eletr\u00f4nicos descart\u00e1veis na Alemanha. Oferecemos uma ampla sele\u00e7\u00e3o de <strong>Vapes descart\u00e1veis<\/strong> de alta qualidade, incluindo o popular <strong>Al Fakher Crown Bar 12000 PRO<\/strong>Aqui voc\u00ea se beneficia de tempos de entrega r\u00e1pidos, servi\u00e7o ao cliente excelente e uma variedade que n\u00e3o deixa nenhum desejo em aberto. Nossos produtos s\u00e3o testados e certificados, para que voc\u00ea possa confiar em uma experi\u00eancia de vaporiza\u00e7\u00e3o segura e agrad\u00e1vel. Visite nosso site hoje mesmo e descubra a ampla oferta de sabores e vaporizadores de alta qualidade.<\/p>\n<hr \/>\n<p>&nbsp;<\/p>\n<\/div>\n<h2><strong><img loading=\"lazy\" decoding=\"async\" class=\"alignnone wp-image-453 size-full\" src=\"https:\/\/alfakherwelt.de\/wp-content\/uploads\/2024\/09\/AI-Fakher-Crown-Bar-12000\uff081\uff09.webp\" alt=\"AI Fakher Crown Bar 12000 Z\u00fcge Einweg E Zigarette - Lucid Dream AI Fakher Crown Bar 12000 trag\u00e1veis Cigarros Eletr\u00f4nicos Descart\u00e1veis - Sonho L\u00facido\" width=\"600\" height=\"600\" title=\"\" srcset=\"https:\/\/alfakherwelt.de\/wp-content\/uploads\/2024\/09\/AI-Fakher-Crown-Bar-12000\uff081\uff09.webp 600w, https:\/\/alfakherwelt.de\/wp-content\/uploads\/2024\/09\/AI-Fakher-Crown-Bar-12000\uff081\uff09-300x300.webp 300w, https:\/\/alfakherwelt.de\/wp-content\/uploads\/2024\/09\/AI-Fakher-Crown-Bar-12000\uff081\uff09-150x150.webp 150w, https:\/\/alfakherwelt.de\/wp-content\/uploads\/2024\/09\/AI-Fakher-Crown-Bar-12000\uff081\uff09-100x100.webp 100w\" sizes=\"auto, (max-width: 600px) 100vw, 600px\" \/><\/strong><\/h2>\n<h2>Conclus\u00e3o: Qualidade encontra sabor<\/h2>\n<p>O <strong>Al Fakher Crown Bar 12000 PRO<\/strong> Um herausragende Qualit\u00e4t, Leistung und Genuss zu bieten. Com uma impressionante capacidade de tragadas de <strong>12.000 trens<\/strong> e uma variedade de aromas intensos, desenvolvidos especificamente para proporcionar uma experi\u00eancia de sabor duradoura e satisfat\u00f3ria, este produto \u00e9 a escolha ideal para qualquer vaper que queira aproveitar ao m\u00e1ximo sua experi\u00eancia de vaporiza\u00e7\u00e3o. A combina\u00e7\u00e3o de tecnologia de ponta e um design elegante torna o <strong>Crown Bar 12000 PRO<\/strong> a um companheiro indispens\u00e1vel para todos aqueles que um <a href=\"https:\/\/alfakherwelt.de\/pt\/\"><strong>Cigarrinha eletr\u00f4nica descart\u00e1vel<\/strong><\/a> procurar no mais alto n\u00edvel.<\/p>\n<p>Agora diretamente em <a href=\"https:\/\/alfakherwelt.de\/pt\/\"><strong>alfakherwelt.de<\/strong><\/a> desfrutar do incompar\u00e1vel prazer de encomendar e <strong>Al Fakher Crown Bar 12000 PRO<\/strong> Vem!<\/p>","protected":false},"excerpt":{"rendered":"<div class=\"flex-shrink-0 flex flex-col relative items-end\">\n<div class=\"pt-0\">\n<div class=\"gizmo-shadow-stroke flex h-8 w-8 items-center justify-center overflow-hidden rounded-full\">\n<div class=\"h-full w-full\">O **Al Fakher Crown Bar 12000 PRO** \u00e9 um vape descart\u00e1vel recarreg\u00e1vel com capacidade de 12.000 tragadas, uma bobina de malha de 0,6 ohm para sabor intenso, design elegante, som de narguil\u00e9 integrado e display digital, dispon\u00edvel em **alfakherwelt.de**.<\/div>\n<\/div>\n<\/div>\n<\/div>","protected":false},"featured_media":479,"comment_status":"open","ping_status":"closed","template":"","meta":[],"product_brand":[],"product_cat":[21],"product_tag":[],"class_list":{"0":"post-476","1":"product","2":"type-product","3":"status-publish","4":"has-post-thumbnail","6":"product_cat-ai-fakher-crown-bar-12000","8":"first","9":"outofstock","10":"sale","11":"shipping-taxable","12":"purchasable","13":"product-type-simple"},"jetpack_sharing_enabled":true,"_links":{"self":[{"href":"https:\/\/alfakherwelt.de\/pt\/wp-json\/wp\/v2\/product\/476","targetHints":{"allow":["GET"]}}],"collection":[{"href":"https:\/\/alfakherwelt.de\/pt\/wp-json\/wp\/v2\/product"}],"about":[{"href":"https:\/\/alfakherwelt.de\/pt\/wp-json\/wp\/v2\/types\/product"}],"replies":[{"embeddable":true,"href":"https:\/\/alfakherwelt.de\/pt\/wp-json\/wp\/v2\/comments?post=476"}],"wp:featuredmedia":[{"embeddable":true,"href":"https:\/\/alfakherwelt.de\/pt\/wp-json\/wp\/v2\/media\/479"}],"wp:attachment":[{"href":"https:\/\/alfakherwelt.de\/pt\/wp-json\/wp\/v2\/media?parent=476"}],"wp:term":[{"taxonomy":"product_brand","embeddable":true,"href":"https:\/\/alfakherwelt.de\/pt\/wp-json\/wp\/v2\/product_brand?post=476"},{"taxonomy":"product_cat","embeddable":true,"href":"https:\/\/alfakherwelt.de\/pt\/wp-json\/wp\/v2\/product_cat?post=476"},{"taxonomy":"product_tag","embeddable":true,"href":"https:\/\/alfakherwelt.de\/pt\/wp-json\/wp\/v2\/product_tag?post=476"}],"curies":[{"name":"wp","href":"https:\/\/api.w.org\/{rel}","templated":true}]}}