{"id":475,"date":"2024-09-18T01:55:50","date_gmt":"2024-09-18T01:55:50","guid":{"rendered":"https:\/\/alfakherwelt.de\/?post_type=product&#038;p=475"},"modified":"2026-04-03T01:20:27","modified_gmt":"2026-04-03T01:20:27","slug":"ai-fakher-coroa-bar-12000-baforadas-cigarro-eletronico-descartavel-limao-hortela","status":"publish","type":"product","link":"https:\/\/alfakherwelt.de\/pt\/produto\/ai-fakher-coroa-bar-12000-baforadas-cigarro-eletronico-descartavel-limao-hortela\/","title":{"rendered":"Coroa AI Fakher Bar 12000 tragadas Som Hookah Cigarrinho eletr\u00f4nico descart\u00e1vel - Lim\u00e3o Hortel\u00e3"},"content":{"rendered":"<h2><strong><a href=\"https:\/\/alfakherwelt.de\/pt\/\"><img loading=\"lazy\" decoding=\"async\" class=\"alignnone wp-image-456 size-full\" src=\"https:\/\/alfakherwelt.de\/wp-content\/uploads\/2024\/09\/AI-Fakher-Crown-Bar-12000.webp\" alt=\"Coroa AI Fakher 12000 tragadas Cigarro eletr\u00f4nico descart\u00e1vel - Lim\u00e3o Hortel\u00e3\" width=\"1080\" height=\"1080\" title=\"\" srcset=\"https:\/\/alfakherwelt.de\/wp-content\/uploads\/2024\/09\/AI-Fakher-Crown-Bar-12000.webp 1080w, https:\/\/alfakherwelt.de\/wp-content\/uploads\/2024\/09\/AI-Fakher-Crown-Bar-12000-300x300.webp 300w, https:\/\/alfakherwelt.de\/wp-content\/uploads\/2024\/09\/AI-Fakher-Crown-Bar-12000-1024x1024.webp 1024w, https:\/\/alfakherwelt.de\/wp-content\/uploads\/2024\/09\/AI-Fakher-Crown-Bar-12000-150x150.webp 150w, https:\/\/alfakherwelt.de\/wp-content\/uploads\/2024\/09\/AI-Fakher-Crown-Bar-12000-768x768.webp 768w, https:\/\/alfakherwelt.de\/wp-content\/uploads\/2024\/09\/AI-Fakher-Crown-Bar-12000-600x600.webp 600w, https:\/\/alfakherwelt.de\/wp-content\/uploads\/2024\/09\/AI-Fakher-Crown-Bar-12000-100x100.webp 100w\" sizes=\"auto, (max-width: 1080px) 100vw, 1080px\" \/><\/a><\/strong><strong><a href=\"https:\/\/alfakherwelt.de\/pt\/\">Al Fakher<\/a> Crown Bar 12000 PRO \u2013 O Futuro da <a href=\"https:\/\/alfakherwelt.de\/pt\/\">Cigarros eletr\u00f4nicos descart\u00e1veis<\/a><\/strong><\/h2>\n<h2><\/h2>\n<h3><strong>Descri\u00e7\u00e3o do produto<\/strong><\/h3>\n<p>O <a href=\"https:\/\/alfakherwelt.de\/pt\/categoria-de-produto\/barra-de-coroa-ai-fakher-12000\/\"><strong>Al Fakher Crown Bar 12000 PRO<\/strong><\/a> eleva o vaping a um n\u00edvel completamente novo. Este dispositivo descart\u00e1vel de primeira classe combina tecnologia de ponta com a experi\u00eancia caracter\u00edstica de um narguil\u00e9. Com uma capacidade impressionante de <strong>12.000 trens<\/strong> Por dispositivo, este vape \u00e9 um verdadeiro l\u00edder de mercado. Seja voc\u00ea um vapeador regular ou algu\u00e9m que procura um vape dur\u00e1vel e confi\u00e1vel, o Crown Bar 12000 PRO n\u00e3o ir\u00e1 decepcion\u00e1-lo.<\/p>\n<p>Gra\u00e7as \u00e0s inovadoras <strong>0,6 Ohm Mesh Coil Tecnologia<\/strong> Experimente intensas, nuvens de vapor saborosas e densas que tornam cada tragada um prazer. Al\u00e9m disso, o dispositivo \u00e9 equipado com um <strong>display digital<\/strong> equipado, que mostra tanto a vida \u00fatil da bateria quanto o n\u00edvel do l\u00edquido, para que voc\u00ea sempre tenha uma vis\u00e3o geral. O <strong>desenho leve e elegante<\/strong> Oferece n\u00e3o apenas uma apar\u00eancia atraente, mas tamb\u00e9m um manuseio confort\u00e1vel, perfeito para viagem.<\/p>\n<p>Com o <strong>Conector de carregamento r\u00e1pido tipo C<\/strong> Certifique-se de que o seu vape est\u00e1 sempre pronto para uso. O <strong>Estilo de vaporiza\u00e7\u00e3o Direct-to-Lung (DTL)<\/strong> garante uma experi\u00eancia de sabor intensa que satisfaz at\u00e9 mesmo os vapers mais exigentes.<\/p>\n<hr \/>\n<h3><strong>Caracter\u00edsticas especiais<\/strong><\/h3>\n<ul>\n<li><strong>12.000 trens por dispositivo<\/strong>: Um dos dispositivos descart\u00e1veis mais dur\u00e1veis do mercado, oferecendo muitas mais tragadas do que a maioria dos vapes convencionais.<\/li>\n<li><strong>Bateria recarreg\u00e1vel<\/strong>A possibilidade de carregar o dispositivo rapidamente via USB-Type-C garante uma vida \u00fatil prolongada.<\/li>\n<li><strong>0,6 Ohm Mesh Coil Tecnologia<\/strong>: Garante nuvens de vapor densas e saborosas e uma experi\u00eancia de vaporiza\u00e7\u00e3o incompar\u00e1vel.<\/li>\n<li><strong>Display digital<\/strong>: Permite que voc\u00ea mantenha o n\u00edvel da bateria e o n\u00edvel de combust\u00edvel sob controle a qualquer momento.<\/li>\n<li><strong>Desenho leve e elegante<\/strong>Elegante e simples de manusear, perfeito para o dia a dia e em movimento.<\/li>\n<li><strong>Hookah Sound Waves \n -&gt; Hookah Sound Waves<\/strong>: Um sistema integrado que imita a experi\u00eancia do narguil\u00e9, proporcionando uma atmosfera \u00fanica.<\/li>\n<li><strong>DTL-Vaping<\/strong>: Proporciona uma experi\u00eancia de sabor mais intensa e um desenvolvimento mais forte do aroma.<\/li>\n<\/ul>\n<hr \/>\n<h3><strong>Flavors - Uma experi\u00eancia gastron\u00f4mica de primeira classe<\/strong><\/h3>\n<p>O <a href=\"https:\/\/alfakherwelt.de\/pt\/categoria-de-produto\/barra-de-coroa-ai-fakher-12000\/\"><strong>Al Fakher Crown Bar 12000 PRO<\/strong><\/a> oferece uma ampla gama de sabores intensos que despertam os seus sentidos e transformam cada tragada em um momento especial. O sabor <strong>Limonete de Hortel\u00e3<\/strong> \u00e9 um verdadeiro destaque. O sabor refrescante de lim\u00e3o combinado com a frescura de hortel\u00e3 cria um aroma perfeitamente equilibrado, que \u00e9 ao mesmo tempo doce e revigorante. Cada tragada o aproxima do ver\u00e3o, com um toque de frescura que alegra as suas papilas gustativas.<\/p>\n<p>A <strong>Lim\u00e3o<\/strong> proporciona um sabor refrescante e ligeiramente doce, que \u00e9 fresco e revigorante, enquanto a <strong>hortel\u00e3<\/strong> que proporciona um frescor subtil que arredonda o sabor. Este aroma \u00e9 perfeito para todos aqueles que apreciam tanto a frescura quanto uma do\u00e7ura discreta.<\/p>\n<p>&nbsp;<\/p>\n<hr \/>\n<h2><strong><a href=\"https:\/\/alfakherwelt.de\/pt\/categoria-de-produto\/barra-de-coroa-ai-fakher-12000\/\">Al Fakher Crown Bar 12000 PRO<\/a> O futuro dos cigarros eletr\u00f4nicos descart\u00e1veis<\/strong><\/h2>\n<h3><strong>Descri\u00e7\u00e3o do produto<\/strong><\/h3>\n<p>O <strong>Al Fakher Crown Bar 12000 PRO<\/strong> eleva o vaping a um n\u00edvel completamente novo. Este dispositivo descart\u00e1vel de primeira classe combina tecnologia de ponta com a experi\u00eancia caracter\u00edstica de um narguil\u00e9. Com uma capacidade impressionante de <strong>12.000 trens<\/strong> Por dispositivo, este vape \u00e9 um verdadeiro l\u00edder de mercado. Seja voc\u00ea um vapeador regular ou algu\u00e9m que procura um vape dur\u00e1vel e confi\u00e1vel, o Crown Bar 12000 PRO n\u00e3o ir\u00e1 decepcion\u00e1-lo.<\/p>\n<p>Gra\u00e7as \u00e0s inovadoras <strong>0,6 Ohm Mesh Coil Tecnologia<\/strong> Experimente intensas, nuvens de vapor saborosas e densas que tornam cada tragada um prazer. Al\u00e9m disso, o dispositivo \u00e9 equipado com um <strong>display digital<\/strong> equipado, que mostra tanto a vida \u00fatil da bateria quanto o n\u00edvel do l\u00edquido, para que voc\u00ea sempre tenha uma vis\u00e3o geral. O <strong>desenho leve e elegante<\/strong> Oferece n\u00e3o apenas uma apar\u00eancia atraente, mas tamb\u00e9m um manuseio confort\u00e1vel, perfeito para viagem.<\/p>\n<p>Com o <strong>Conector de carregamento r\u00e1pido tipo C<\/strong> Certifique-se de que o seu vape est\u00e1 sempre pronto para uso. O <strong>Estilo de vaporiza\u00e7\u00e3o Direct-to-Lung (DTL)<\/strong> garante uma experi\u00eancia de sabor intensa que satisfaz at\u00e9 mesmo os vapers mais exigentes.<\/p>\n<hr \/>\n<h3><strong>Caracter\u00edsticas especiais<\/strong><\/h3>\n<ul>\n<li><strong>12.000 trens por dispositivo<\/strong>: Um dos dispositivos descart\u00e1veis mais dur\u00e1veis do mercado, oferecendo muitas mais tragadas do que a maioria dos vapes convencionais.<\/li>\n<li><strong>Bateria recarreg\u00e1vel<\/strong>A possibilidade de carregar o dispositivo rapidamente via USB-Type-C garante uma vida \u00fatil prolongada.<\/li>\n<li><strong>0,6 Ohm Mesh Coil Tecnologia<\/strong>: Garante nuvens de vapor densas e saborosas e uma experi\u00eancia de vaporiza\u00e7\u00e3o incompar\u00e1vel.<\/li>\n<li><strong>Display digital<\/strong>: Permite que voc\u00ea mantenha o n\u00edvel da bateria e o n\u00edvel de combust\u00edvel sob controle a qualquer momento.<\/li>\n<li><strong>Desenho leve e elegante<\/strong>Elegante e simples de manusear, perfeito para o dia a dia e em movimento.<\/li>\n<li><strong>Hookah Sound Waves \n -&gt; Hookah Sound Waves<\/strong>: Um sistema integrado que imita a experi\u00eancia do narguil\u00e9, proporcionando uma atmosfera \u00fanica.<\/li>\n<li><strong>DTL-Vaping<\/strong>: Proporciona uma experi\u00eancia de sabor mais intensa e um desenvolvimento mais forte do aroma.<\/li>\n<\/ul>\n<hr \/>\n<h3><strong>Flavors - Uma experi\u00eancia gastron\u00f4mica de primeira classe<\/strong><\/h3>\n<p>O <strong>Al Fakher Crown Bar 12000 PRO<\/strong> oferece uma ampla gama de sabores intensos que despertam os seus sentidos e transformam cada tragada em um momento especial. O sabor <strong>Limonete de Hortel\u00e3<\/strong> \u00e9 um verdadeiro destaque. O sabor refrescante de lim\u00e3o combinado com a frescura de hortel\u00e3 cria um aroma perfeitamente equilibrado, que \u00e9 ao mesmo tempo doce e revigorante. Cada tragada o aproxima do ver\u00e3o, com um toque de frescura que alegra as suas papilas gustativas.<\/p>\n<p>A <strong>Lim\u00e3o<\/strong> proporciona um sabor refrescante e ligeiramente doce, que \u00e9 fresco e revigorante, enquanto a <strong>hortel\u00e3<\/strong> que proporciona um frescor subtil que arredonda o sabor. Este aroma \u00e9 perfeito para todos aqueles que apreciam tanto a frescura quanto uma do\u00e7ura discreta.<\/p>\n<p>Outras combina\u00e7\u00f5es de sabores variam de frutadas a refrescantes notas de mentol e garantem que cada vapeador encontre o aroma certo. Se voc\u00ea prefere notas c\u00edtricas ou procura uma combina\u00e7\u00e3o de doce e \u00e1cido, o Al Fakher Crown Bar 12000 PRO n\u00e3o decepciona.<\/p>\n<hr \/>\n<h3><strong>Por que voc\u00ea o <a href=\"https:\/\/alfakherwelt.de\/pt\/categoria-de-produto\/barra-de-coroa-ai-fakher-12000\/\">Al Fakher Crown Bar 12000 PRO<\/a> deveriam comprar<\/strong><\/h3>\n<p>O <strong>Al Fakher Crown Bar 12000 PRO<\/strong> \u00e9 a escolha ideal para vapers que procuram um dispositivo descart\u00e1vel duradouro, elegante e potente. Aqui est\u00e3o os motivos pelos quais este vape \u00e9 o produto perfeito para voc\u00ea:<\/p>\n<ul>\n<li><strong>Duradouro<\/strong>: Com at\u00e9 12.000 tragadas, este dispositivo supera muitos outros dispositivos descart\u00e1veis em termos de vida \u00fatil.<\/li>\n<li><strong>F\u00e1cil de usar<\/strong>: N\u00e3o h\u00e1 necessidade de reabastecimento complicado ou limpeza - o Crown Bar 12000 PRO \u00e9 livre de manuten\u00e7\u00e3o e pronto para uso imediato.<\/li>\n<li><strong>Intensamente saboroso<\/strong>: Gra\u00e7as \u00e0 tecnologia Mesh Coil, voc\u00ea desfruta de nuvens de vapor densas e saborosas em cada tragada.<\/li>\n<li><strong>Elegante design<\/strong>: O design fino e moderno cabe em qualquer bolso e \u00e9 ideal para uso em movimento.<\/li>\n<li><strong>Confiabilidade<\/strong>Com um ecr\u00e3 integrado e uma porta de carregamento Type-C, voc\u00ea est\u00e1 sempre informado e o dispositivo est\u00e1 sempre pronto para uso.<\/li>\n<\/ul>\n<hr \/>\n<h3><strong>Compre agora em <a href=\"https:\/\/alfakherwelt.de\/pt\/\">Alfakherwelt.de<\/a><\/strong><\/h3>\n<p>Seu pedido <strong>Al Fakher Crown Bar 12000 PRO<\/strong> agora em <strong>Alfakherwelt.de<\/strong>, a plataforma online l\u00edder em cigarros eletr\u00f4nicos descart\u00e1veis na Alemanha. Oferecemos uma ampla sele\u00e7\u00e3o de vapes de primeira qualidade com nicotina e garantimos uma experi\u00eancia de vaporiza\u00e7\u00e3o excepcional. Aproveite a oportunidade e experimente a melhor qualidade que o mercado tem a oferecer.<\/p>\n<hr \/>\n<h3><strong>Detalhes t\u00e9cnicos \u00e0 primeira vista<\/strong><\/h3>\n<ul>\n<li><strong>Trens<\/strong>: At\u00e9 12.000<\/li>\n<li><strong>Nicotina<\/strong>: 0,5% (5mg)<\/li>\n<li><strong>Bobina<\/strong>: Bobina de malha<\/li>\n<li><strong>Carregar<\/strong>: Conector USB tipo C<\/li>\n<li><strong>Recarreg\u00e1vel<\/strong>: Sim<\/li>\n<li><strong>Tela<\/strong>: Digital<\/li>\n<li><strong>Design<\/strong>Leve, sem manuten\u00e7\u00e3o necess\u00e1ria<\/li>\n<\/ul>\n<p>&nbsp;<\/p>","protected":false},"excerpt":{"rendered":"<div class=\"flex-shrink-0 flex flex-col relative items-end\">\n<div class=\"pt-0\">\n<div class=\"gizmo-shadow-stroke flex h-8 w-8 items-center justify-center overflow-hidden rounded-full\">\n<div class=\"h-full w-full\">O Al Fakher Crown Bar 12000 PRO \u00e9 um vape descart\u00e1vel recarreg\u00e1vel com 12.000 tragadas, que fornece sabores intensos gra\u00e7as \u00e0 sua tecnologia de bobina de malha, possui um design elegante e tem um display digital e uma porta de carregamento tipo C, para garantir uma experi\u00eancia de vaporiza\u00e7\u00e3o de primeira classe e confort\u00e1vel.<\/div>\n<\/div>\n<\/div>\n<\/div>","protected":false},"featured_media":478,"comment_status":"open","ping_status":"closed","template":"","meta":[],"product_brand":[],"product_cat":[21],"product_tag":[],"class_list":{"0":"post-475","1":"product","2":"type-product","3":"status-publish","4":"has-post-thumbnail","6":"product_cat-ai-fakher-crown-bar-12000","8":"first","9":"instock","10":"sale","11":"shipping-taxable","12":"purchasable","13":"product-type-simple"},"jetpack_sharing_enabled":true,"_links":{"self":[{"href":"https:\/\/alfakherwelt.de\/pt\/wp-json\/wp\/v2\/product\/475","targetHints":{"allow":["GET"]}}],"collection":[{"href":"https:\/\/alfakherwelt.de\/pt\/wp-json\/wp\/v2\/product"}],"about":[{"href":"https:\/\/alfakherwelt.de\/pt\/wp-json\/wp\/v2\/types\/product"}],"replies":[{"embeddable":true,"href":"https:\/\/alfakherwelt.de\/pt\/wp-json\/wp\/v2\/comments?post=475"}],"wp:featuredmedia":[{"embeddable":true,"href":"https:\/\/alfakherwelt.de\/pt\/wp-json\/wp\/v2\/media\/478"}],"wp:attachment":[{"href":"https:\/\/alfakherwelt.de\/pt\/wp-json\/wp\/v2\/media?parent=475"}],"wp:term":[{"taxonomy":"product_brand","embeddable":true,"href":"https:\/\/alfakherwelt.de\/pt\/wp-json\/wp\/v2\/product_brand?post=475"},{"taxonomy":"product_cat","embeddable":true,"href":"https:\/\/alfakherwelt.de\/pt\/wp-json\/wp\/v2\/product_cat?post=475"},{"taxonomy":"product_tag","embeddable":true,"href":"https:\/\/alfakherwelt.de\/pt\/wp-json\/wp\/v2\/product_tag?post=475"}],"curies":[{"name":"wp","href":"https:\/\/api.w.org\/{rel}","templated":true}]}}