{"id":461,"date":"2024-09-13T08:08:25","date_gmt":"2024-09-13T08:08:25","guid":{"rendered":"https:\/\/alfakherwelt.de\/?post_type=product&#038;p=461"},"modified":"2025-03-31T11:58:13","modified_gmt":"2025-03-31T11:58:13","slug":"ai-fakher-coroa-bar-12000-baforadas-cigarro-eletronico-descartavel-limonada-razz-azul","status":"publish","type":"product","link":"https:\/\/alfakherwelt.de\/pt\/produto\/ai-fakher-coroa-bar-12000-baforadas-cigarro-eletronico-descartavel-limonada-razz-azul\/","title":{"rendered":"Coroa AI Fakher Bar 12000 tragadas Hookah Sound  E-cigarro descart\u00e1vel \u2013 Blue Razz Limonada"},"content":{"rendered":"<h2><a href=\"https:\/\/alfakherwelt.de\/pt\/\">Al Fakher<\/a> Crown Bar 12000 PRO \u2013 Premium Vape Descart\u00e1vel para Prazer na Alemanha<\/h2>\n<p>O <a href=\"https:\/\/alfakherwelt.de\/pt\/categoria-de-produto\/barra-de-coroa-ai-fakher-12000\/\"><strong>Al Fakher Crown Bar 12000 PRO<\/strong><\/a>\u00a0\u00e9 a escolha ideal para vapers que valorizam sabor, desempenho e estilo. Este dispositivo inovador combina as melhores propriedades de um cigarro eletr\u00f4nico moderno com o prazer de um narguil\u00e9 tradicional. Com impressionante <strong>12.000 trens por dispositivo<\/strong> Oferece uma experi\u00eancia de vaporiza\u00e7\u00e3o duradoura e intensa com este vaporizador recarreg\u00e1vel de uso \u00fanico.<\/p>\n<h3>Elegante Design &amp; Alta Performance<\/h3>\n<p>O design leve e fino torna o <a href=\"https:\/\/alfakherwelt.de\/pt\/categoria-de-produto\/barra-de-coroa-ai-fakher-12000\/\"><strong>Al Fakher Crown Bar 12000 PRO<\/strong><\/a> N\u00e3o apenas visualmente atraente, mas tamb\u00e9m extremamente amig\u00e1vel ao usu\u00e1rio. A forma ergon\u00f4mica da pe\u00e7a bucal garante tragadas agrad\u00e1veis, que permanecem consistentes ao longo de toda a experi\u00eancia de vape. A <strong>0,6 Ohm de bobina de rede<\/strong> entrega nuvens densas e aromas intensos, proporcionando o m\u00e1ximo prazer a cada tragada. \u00c9 especialmente pr\u00e1tico o integrado <strong>tela digital<\/strong>, que mostra tanto o status da bateria quanto o n\u00edvel do l\u00edquido eletr\u00f4nico, para que voc\u00ea sempre tenha uma vis\u00e3o geral.<\/p>\n<h3>Fun\u00e7\u00f5es \u00e0 primeira vista:<\/h3>\n<ul>\n<li><strong>12.000 trens por dispositivo<\/strong>: O dispositivo de vape descart\u00e1vel mais dur\u00e1vel do mercado - perfeito para uso a longo prazo.<\/li>\n<li><strong>Bateria recarreg\u00e1vel<\/strong>: Gra\u00e7as a <strong>USB tipo C conector<\/strong> ser\u00e1 carregado de forma r\u00e1pida e descomplicada.<\/li>\n<li><strong>0,6 Ohm de resist\u00eancia de malha<\/strong>Para m\u00e1ximo desenvolvimento do sabor e nuvens de vapor densas e luxuosas.<\/li>\n<li><strong>Display digital<\/strong>: Vis\u00e3o geral do n\u00edvel da bateria e do l\u00edquido - sempre bem informado.<\/li>\n<li><strong>DTL (Vaporiza\u00e7\u00e3o Direta para os Pulm\u00f5es)<\/strong>: Uma experi\u00eancia de vapor poderosa que permite tragadas profundas e cheias.<\/li>\n<li><strong>Ondas sonoras de cachimbo de \u00e1gua<\/strong>: Som aut\u00eantico de Shisha para uma experi\u00eancia de vaporiza\u00e7\u00e3o imersiva.<\/li>\n<\/ul>\n<p>Com esta tecnologia avan\u00e7ada, o Al Fakher Crown Bar 12000 oferece n\u00e3o apenas um desempenho de primeira classe, mas tamb\u00e9m uma experi\u00eancia de usu\u00e1rio fascinante, que \u00e9 dif\u00edcil de igualar.<\/p>\n<hr \/>\n<h2>Experi\u00eancia de sabor de primeira classe: Blue Razz Lemonade<\/h2>\n<p>Um dos destaques do <a href=\"https:\/\/alfakherwelt.de\/pt\/categoria-de-produto\/barra-de-coroa-ai-fakher-12000\/\"><strong>Al Fakher Crown Bar 12000 PRO<\/strong><\/a> \u00e9 sem d\u00favida a <strong>Blue Razz Lemonade<\/strong>Sabor. Esta combina\u00e7\u00e3o de mirtilos doces e suculentos com um toque refrescante de limonada oferece uma experi\u00eancia gustativa \u00fanica que leva o paladar em uma viagem entre frescura e frutividade.<\/p>\n<h3>O sabor de Blue Razz Lemonade em detalhes:<\/h3>\n<p>A <strong>Nota de mirtilo<\/strong> \u00e9 o centro deste perfil de sabor. \u00c9 intensa, doce e ao mesmo tempo ligeiramente herb\u00e1cea - exatamente como frutas vermelhas rec\u00e9m colhidas. O sabor se desenvolve imediatamente em cada tragada e permanece por muito tempo na boca, sem ser invasivo. A sutil <strong>\u00e1cido da limonada<\/strong> D\u00e1 ao sabor uma complexidade refrescante e garante um equil\u00edbrio perfeito. Esta combina\u00e7\u00e3o doce e \u00e1cida n\u00e3o \u00e9 apenas refrescante, mas tamb\u00e9m absolutamente irresist\u00edvel.<\/p>\n<p>O sabor residual \u00e9 agrad\u00e1vel e deixa uma sensa\u00e7\u00e3o de frescor que lembra os dias quentes de ver\u00e3o - perfeito para vapers que querem desfrutar de um toque de ver\u00e3o o ano todo. O <strong>Blue Razz Lemonade<\/strong>O sabor \u00e9 ideal para todos que preferem notas frutadas intensas, mas n\u00e3o querem desistir de uma frescura equilibrada.<\/p>\n<hr \/>\n<h2>Por que o <a href=\"https:\/\/alfakherwelt.de\/pt\/categoria-de-produto\/barra-de-coroa-ai-fakher-12000\/\">Al Fakher Crown Bar 12000 PRO<\/a> escolher?<\/h2>\n<p>Se voc\u00ea estiver procurando por uma <strong>Cigarrinha eletr\u00f4nica descart\u00e1vel com nicotina<\/strong> procurar, que n\u00e3o faz concess\u00f5es em termos de desempenho e sabor, \u00e9 o <strong>Al Fakher Crown Bar 12000 PRO<\/strong> A escolha perfeita. Aqui est\u00e3o algumas raz\u00f5es pelas quais este dispositivo deve ser o seu pr\u00f3ximo vape:<\/p>\n<ul>\n<li><strong>Maior longevidade<\/strong>: Com 12.000 tragadas, este dispositivo supera a maioria dos vapes descart\u00e1veis convencionais.<\/li>\n<li><strong>Sabor premium<\/strong>: O sabor Blue Razz Lemonade \u00e9 apenas uma das muitas op\u00e7\u00f5es deliciosas que proporcionam uma experi\u00eancia de vaporiza\u00e7\u00e3o intensa e inesquec\u00edvel.<\/li>\n<li><strong>Carregamento r\u00e1pido<\/strong>: Gra\u00e7as \u00e0 moderna porta USB-C, o seu dispositivo estar\u00e1 pronto para uso em muito pouco tempo.<\/li>\n<li><strong>M\u00e1xima usabilidade<\/strong>: O ecr\u00e3 digital proporciona transpar\u00eancia e facilidade de opera\u00e7\u00e3o.<\/li>\n<li><strong>Wasserpfeifen-Feeling \n\n \nShisha Feeling<\/strong>As ondas sonoras subtis do Shisha criam a sensa\u00e7\u00e3o aut\u00eantica de Shisha que muitos vapers apreciam.<\/li>\n<\/ul>\n<hr \/>\n<h2>Dados t\u00e9cnicos:<\/h2>\n<ul>\n<li><strong>Trens<\/strong>: At\u00e9 12.000<\/li>\n<li><strong>Nicotina<\/strong>: 0,5 % (5 mg)<\/li>\n<li><strong>Bobina<\/strong>: Bobina de malha para produ\u00e7\u00e3o de vapor denso<\/li>\n<li><strong>Carregamento<\/strong>: Conector USB tipo C<\/li>\n<li><strong>Recarreg\u00e1vel<\/strong>: Sim<\/li>\n<li><strong>Tela<\/strong>: Digital, para exibir o n\u00edvel da bateria e do l\u00edquido<\/li>\n<li><strong>Manuten\u00e7\u00e3o<\/strong>: Manuten\u00e7\u00e3o livre<\/li>\n<\/ul>\n<hr \/>\n<p>&nbsp;<\/p>\n<h2><strong><img loading=\"lazy\" decoding=\"async\" class=\"alignnone wp-image-453 size-full\" src=\"https:\/\/alfakherwelt.de\/wp-content\/uploads\/2024\/09\/AI-Fakher-Crown-Bar-12000\uff081\uff09.webp\" alt=\"Coroa AI Fakher 12000 tragadas Cigarro eletr\u00f4nico descart\u00e1vel - Blue Razz Limonada\" width=\"600\" height=\"600\" title=\"\" srcset=\"https:\/\/alfakherwelt.de\/wp-content\/uploads\/2024\/09\/AI-Fakher-Crown-Bar-12000\uff081\uff09.webp 600w, https:\/\/alfakherwelt.de\/wp-content\/uploads\/2024\/09\/AI-Fakher-Crown-Bar-12000\uff081\uff09-300x300.webp 300w, https:\/\/alfakherwelt.de\/wp-content\/uploads\/2024\/09\/AI-Fakher-Crown-Bar-12000\uff081\uff09-150x150.webp 150w, https:\/\/alfakherwelt.de\/wp-content\/uploads\/2024\/09\/AI-Fakher-Crown-Bar-12000\uff081\uff09-100x100.webp 100w\" sizes=\"auto, (max-width: 600px) 100vw, 600px\" \/><\/strong><\/h2>\n<h2>Bestellen Sie noch heute auf Alfakherwelt.de<\/h2>\n<p>Em <a href=\"https:\/\/alfakherwelt.de\/pt\/\"><strong>Alfakherwelt.de<\/strong><\/a>, o principal loja online de vaporizadores descart\u00e1veis na Alemanha, voc\u00ea pode <strong>Al Fakher Crown Bar 12000 PRO<\/strong> Compre diretamente e descubra a ampla sele\u00e7\u00e3o de produtos de alta qualidade. Nossa entrega r\u00e1pida e servi\u00e7o de primeira classe garantem que voc\u00ea possa aproveitar sua experi\u00eancia de vaporiza\u00e7\u00e3o o mais r\u00e1pido poss\u00edvel. N\u00e3o perca a chance de se tornar parte da exclusiva comunidade de vaporiza\u00e7\u00e3o - <strong><a href=\"https:\/\/alfakherwelt.de\/pt\/\">Cigarro eletr\u00f4nico descart\u00e1vel<\/a> Comprar facilitado!<\/strong><\/p>","protected":false},"excerpt":{"rendered":"<div class=\"flex-shrink-0 flex flex-col relative items-end\">\n<div class=\"pt-0\">\n<div class=\"gizmo-shadow-stroke flex h-8 w-8 items-center justify-center overflow-hidden rounded-full\">\n<div class=\"h-full w-full\">O <strong>Al Fakher Crown Bar 12000 PRO<\/strong> \u00e9 um vape descart\u00e1vel recarreg\u00e1vel com 12.000 tragadas, bobina de malha de \u00faltima gera\u00e7\u00e3o, display digital, carregamento r\u00e1pido USB-C e aromas intensos Blue Razz Lemonade, que est\u00e1 em <strong>Alfakherwelt.de<\/strong>, o principal online shop da Alemanha para Vapes, est\u00e1 dispon\u00edvel.<\/div>\n<\/div>\n<\/div>\n<\/div>","protected":false},"featured_media":463,"comment_status":"open","ping_status":"closed","template":"","meta":[],"product_brand":[],"product_cat":[21],"product_tag":[],"class_list":{"0":"post-461","1":"product","2":"type-product","3":"status-publish","4":"has-post-thumbnail","6":"product_cat-ai-fakher-crown-bar-12000","8":"first","9":"outofstock","10":"sale","11":"shipping-taxable","12":"purchasable","13":"product-type-simple"},"jetpack_sharing_enabled":true,"_links":{"self":[{"href":"https:\/\/alfakherwelt.de\/pt\/wp-json\/wp\/v2\/product\/461","targetHints":{"allow":["GET"]}}],"collection":[{"href":"https:\/\/alfakherwelt.de\/pt\/wp-json\/wp\/v2\/product"}],"about":[{"href":"https:\/\/alfakherwelt.de\/pt\/wp-json\/wp\/v2\/types\/product"}],"replies":[{"embeddable":true,"href":"https:\/\/alfakherwelt.de\/pt\/wp-json\/wp\/v2\/comments?post=461"}],"wp:featuredmedia":[{"embeddable":true,"href":"https:\/\/alfakherwelt.de\/pt\/wp-json\/wp\/v2\/media\/463"}],"wp:attachment":[{"href":"https:\/\/alfakherwelt.de\/pt\/wp-json\/wp\/v2\/media?parent=461"}],"wp:term":[{"taxonomy":"product_brand","embeddable":true,"href":"https:\/\/alfakherwelt.de\/pt\/wp-json\/wp\/v2\/product_brand?post=461"},{"taxonomy":"product_cat","embeddable":true,"href":"https:\/\/alfakherwelt.de\/pt\/wp-json\/wp\/v2\/product_cat?post=461"},{"taxonomy":"product_tag","embeddable":true,"href":"https:\/\/alfakherwelt.de\/pt\/wp-json\/wp\/v2\/product_tag?post=461"}],"curies":[{"name":"wp","href":"https:\/\/api.w.org\/{rel}","templated":true}]}}