{"id":459,"date":"2024-09-13T08:08:25","date_gmt":"2024-09-13T08:08:25","guid":{"rendered":"https:\/\/alfakherwelt.de\/?post_type=product&#038;p=459"},"modified":"2025-07-03T03:05:31","modified_gmt":"2025-07-03T03:05:31","slug":"ai-fakher-coroa-bar-12000-baforadas-descartavel-e-cigarro-cereja-fiesta","status":"publish","type":"product","link":"https:\/\/alfakherwelt.de\/pt\/produto\/ai-fakher-coroa-bar-12000-baforadas-descartavel-e-cigarro-cereja-fiesta\/","title":{"rendered":"AI Fakher Crown Bar 12000 Z\u00fcge Hookah Sound  Einweg E Zigarette \u2013 Cherry Fiesta \nAI Fakher Crown Bar 12000 tragadas Hookah Sound  E-cigarro descart\u00e1vel \u2013 Festa de Cereja"},"content":{"rendered":"<h2><strong><img loading=\"lazy\" decoding=\"async\" class=\"alignnone wp-image-450 size-full\" src=\"https:\/\/alfakherwelt.de\/wp-content\/uploads\/2024\/09\/AI-Fakher-Crown-Bar-12000\uff082\uff09.webp\" alt=\"AI Fakher Crown Bar 12000 Z\u00fcge Einweg E Zigarette - Cherry Fiesta se torna AI Fakher Crown Bar 12000 tragadas Cigarro eletr\u00f4nico descart\u00e1vel - Cherry Fiesta\" width=\"1837\" height=\"2522\" title=\"\" srcset=\"https:\/\/alfakherwelt.de\/wp-content\/uploads\/2024\/09\/AI-Fakher-Crown-Bar-12000\uff082\uff09.webp 1837w, https:\/\/alfakherwelt.de\/wp-content\/uploads\/2024\/09\/AI-Fakher-Crown-Bar-12000\uff082\uff09-219x300.webp 219w, https:\/\/alfakherwelt.de\/wp-content\/uploads\/2024\/09\/AI-Fakher-Crown-Bar-12000\uff082\uff09-746x1024.webp 746w, https:\/\/alfakherwelt.de\/wp-content\/uploads\/2024\/09\/AI-Fakher-Crown-Bar-12000\uff082\uff09-768x1054.webp 768w, https:\/\/alfakherwelt.de\/wp-content\/uploads\/2024\/09\/AI-Fakher-Crown-Bar-12000\uff082\uff09-1119x1536.webp 1119w, https:\/\/alfakherwelt.de\/wp-content\/uploads\/2024\/09\/AI-Fakher-Crown-Bar-12000\uff082\uff09-1492x2048.webp 1492w, https:\/\/alfakherwelt.de\/wp-content\/uploads\/2024\/09\/AI-Fakher-Crown-Bar-12000\uff082\uff09-600x824.webp 600w\" sizes=\"auto, (max-width: 1837px) 100vw, 1837px\" \/><\/strong><\/h2>\n<h2><a href=\"https:\/\/alfakherwelt.de\/pt\/\">Al Fakher<\/a> Crown Bar 12000 Vape Descart\u00e1vel - A solu\u00e7\u00e3o perfeita para experi\u00eancias de vaporiza\u00e7\u00e3o intensas e duradouras<\/h2>\n<p>A <strong>Al Fakher Crown Bar 12000 PRO<\/strong> \u00e9 um cigarro eletr\u00f4nico descart\u00e1vel revolucion\u00e1rio, desenvolvido especialmente para vapers que buscam uma experi\u00eancia excepcional e duradoura. Este vape descart\u00e1vel inovador combina tecnologia de ponta com um design elegante, proporcionando uma grande quantidade de vapor saboroso em cada tragada. Com at\u00e9 <strong>12.000 trens<\/strong> E com uma bateria recarreg\u00e1vel, este dispositivo \u00e9 ideal para vapers que est\u00e3o em movimento e n\u00e3o querem fazer concess\u00f5es em termos de desempenho.<\/p>\n<h3>Caracter\u00edsticas <a href=\"https:\/\/alfakherwelt.de\/pt\/categoria-de-produto\/barra-de-coroa-ai-fakher-12000\/\">Al Fakher Crown Bar 12000 PRO<\/a><\/h3>\n<ul>\n<li><strong>12.000 trens<\/strong>Este dispositivo \u00e9 um dos mais dur\u00e1veis do mercado e fornece consistentemente resultados impressionantes.<\/li>\n<li><strong>Tecnologia de Bobina de Malha<\/strong>: Gra\u00e7as \u00e0 avan\u00e7ada bobina de malha de 0,6 ohm, voc\u00ea experimenta nuvens de vapor intensas e densas para m\u00e1ximo prazer.<\/li>\n<li><strong>Tela digital<\/strong>: Mostra o status da bateria e o n\u00edvel de \u00f3leo para que voc\u00ea sempre tenha uma vis\u00e3o geral.<\/li>\n<li><strong>Design elegante e ergon\u00f4mico<\/strong>O gabinete fino e leve fica confortavelmente na m\u00e3o e torna cada sess\u00e3o de vapor um prazer.<\/li>\n<li><strong>Carregamento r\u00e1pido tipo C<\/strong>Gra\u00e7as ao moderno conector Type-C, o seu dispositivo \u00e9 carregado rapidamente e pronto para uso, perfeito para uso m\u00f3vel.<\/li>\n<li><strong>DTL Vaping<\/strong>: Puxada direta para os pulm\u00f5es para uma experi\u00eancia de vaporiza\u00e7\u00e3o intensa e saborosa.<\/li>\n<li><strong>Integrierte Wasserpfeifen-Soundwaves \n\nbecomes \n\nIntegrated hookah sound waves<\/strong>: Os sons de um narguil\u00e9 tradicional real\u00e7am a sensa\u00e7\u00e3o de fumar de forma aut\u00eantica.<\/li>\n<\/ul>\n<h3>Por que a <a href=\"https:\/\/alfakherwelt.de\/pt\/categoria-de-produto\/barra-de-coroa-ai-fakher-12000\/\">Al Fakher Crown Bar 12000 PRO <\/a>escolher?<\/h3>\n<p>A <strong>Al Fakher Crown Bar 12000 PRO<\/strong> \u00e9 a escolha perfeita para vapers que procuram uma experi\u00eancia de vaporiza\u00e7\u00e3o confi\u00e1vel, duradoura e intensa. Ela combina tecnologia de alta qualidade, design moderno e desempenho impressionante. Com at\u00e9 12.000 tragadas por dispositivo e a possibilidade de recarreg\u00e1-lo, este dispositivo de vaporiza\u00e7\u00e3o oferece uma rela\u00e7\u00e3o custo-benef\u00edcio inigual\u00e1vel. Seja voc\u00ea um iniciante ou um vaper experiente, o Al Fakher Crown Bar 12000 exceder\u00e1 todas as suas expectativas.<\/p>\n<h3>Experi\u00eancia de sabor: Cherry Fiesta e mais<\/h3>\n<p>experi\u00eancia de sabor \u00e9 um componente essencial de cada sess\u00e3o de vape, e a <strong>Al Fakher Crown Bar 12000<\/strong> n\u00e3o decepciona aqui tamb\u00e9m. Muito popular \u00e9 o sabor <strong>Cherry Fiesta<\/strong>que oferece uma explos\u00e3o de aromas doces e frutados em cada tragada. As notas intensas de cereja s\u00e3o agradavelmente doces e ligeiramente \u00e1cidas, tornando a experi\u00eancia de vaporiza\u00e7\u00e3o \u00fanica.<\/p>\n<p>Gra\u00e7as \u00e0 avan\u00e7ada bobina de malha, os aromas s\u00e3o reproduzidos de forma especialmente clara e intensa. Cada tragada libera toda a diversidade de sabores e deixa um retrogosto agrad\u00e1vel e duradouro. Este cigarro eletr\u00f4nico \u00e9 ideal para todos que amam sabores frutados e buscam algo especial em sua rotina de vaporiza\u00e7\u00e3o.<\/p>\n<p><img loading=\"lazy\" decoding=\"async\" class=\"alignleft wp-image-453 size-medium\" src=\"https:\/\/alfakherwelt.de\/wp-content\/uploads\/2024\/09\/AI-Fakher-Crown-Bar-12000\uff081\uff09-300x300.webp\" alt=\"AI Fakher Crown Bar 12000 Z\u00fcge Einweg E Zigarette - Cherry Fiesta se torna AI Fakher Crown Bar 12000 tragadas Cigarro eletr\u00f4nico descart\u00e1vel - Cherry Fiesta\" width=\"300\" height=\"300\" title=\"\" srcset=\"https:\/\/alfakherwelt.de\/wp-content\/uploads\/2024\/09\/AI-Fakher-Crown-Bar-12000\uff081\uff09-300x300.webp 300w, https:\/\/alfakherwelt.de\/wp-content\/uploads\/2024\/09\/AI-Fakher-Crown-Bar-12000\uff081\uff09-150x150.webp 150w, https:\/\/alfakherwelt.de\/wp-content\/uploads\/2024\/09\/AI-Fakher-Crown-Bar-12000\uff081\uff09-100x100.webp 100w, https:\/\/alfakherwelt.de\/wp-content\/uploads\/2024\/09\/AI-Fakher-Crown-Bar-12000\uff081\uff09.webp 600w\" sizes=\"auto, (max-width: 300px) 100vw, 300px\" \/><\/p>\n<h3><\/h3>\n<h3>Detalhes t\u00e9cnicos \u00e0 primeira vista<\/h3>\n<ul>\n<li><strong>Capacidade de Puff<\/strong>: At\u00e9 12.000 trens<\/li>\n<li><strong>Teor de nicotina<\/strong>: 0,5% (5 mg)<\/li>\n<li><strong>Bobina<\/strong>: Bobina Mesh 0,6 Ohm<\/li>\n<li><strong>Carregamento<\/strong>: USB Tipo-C<\/li>\n<li><strong>Recarreg\u00e1vel<\/strong>: Sim<\/li>\n<li><strong>Tela digital<\/strong>: Sim<\/li>\n<li><strong>Design<\/strong>Leve, ergon\u00f4mico, sem manuten\u00e7\u00e3o<\/li>\n<\/ul>\n<p>&nbsp;<\/p>\n<p>&nbsp;<\/p>\n<h3><a href=\"https:\/\/alfakherwelt.de\/pt\/categoria-de-produto\/barra-de-coroa-ai-fakher-12000\/\">Al Fakher Crown Bar 12000 PRO<\/a> \u2013 O companheiro perfeito para viagem<\/h3>\n<p>Seja em viagens, no trabalho ou em casa, as <strong>Al Fakher Crown Bar 12000<\/strong> Adapta-se perfeitamente ao seu estilo de vida. Com uma capacidade de puff extremamente longa e a possibilidade de recarregar o dispositivo facilmente atrav\u00e9s da porta USB-C, oferece-lhe uma experi\u00eancia de vaporiza\u00e7\u00e3o de primeira classe a qualquer hora e em qualquer lugar. Al\u00e9m disso, o design leve e compacto garante que voc\u00ea possa levar o dispositivo facilmente e us\u00e1-lo de forma discreta.<\/p>\n<p>Para vapers em <strong>Alemanha<\/strong>que est\u00e3o procurando por um vape descart\u00e1vel de alta qualidade e durabilidade, a Al Fakher Crown Bar 12000 \u00e9 a melhor escolha. Compre este produto premium em <a href=\"https:\/\/alfakherwelt.de\/pt\/\"><strong>alfakherwelt.de<\/strong><\/a>, a maior plataforma para cigarros eletr\u00f4nicos descart\u00e1veis na Alemanha. Aqui voc\u00ea encontra n\u00e3o apenas os melhores pre\u00e7os, mas tamb\u00e9m uma ampla sele\u00e7\u00e3o de sabores e dispositivos de vaporiza\u00e7\u00e3o especialmente adaptados \u00e0s suas necessidades.<\/p>\n<p>Visite <a href=\"https:\/\/alfakherwelt.de\/pt\/\"><strong>alfakherwelt.de<\/strong><\/a> e descubra o mundo do vapor em um novo n\u00edvel. Experimente nuvens densas, sabor intenso e uma longa vida \u00fatil com o <strong>Al Fakher Crown Bar 12000 PRO<\/strong>.<\/p>","protected":false},"excerpt":{"rendered":"<div class=\"flex-shrink-0 flex flex-col relative items-end\">\n<div class=\"pt-0\">\n<div class=\"gizmo-shadow-stroke flex h-8 w-8 items-center justify-center overflow-hidden rounded-full\">\n<div class=\"h-full w-full\">O Al Fakher Crown Bar 12000 PRO vape descart\u00e1vel oferece uma experi\u00eancia de vaporiza\u00e7\u00e3o intensa com at\u00e9 12.000 tragadas, tecnologia de bobina de malha para nuvens de vapor densas, uma bateria recarreg\u00e1vel, design elegante e um display digital - ideal para amantes de vaporiza\u00e7\u00e3o que valorizam qualidade e longevidade.<\/div>\n<\/div>\n<\/div>\n<\/div>","protected":false},"featured_media":464,"comment_status":"open","ping_status":"closed","template":"","meta":[],"product_brand":[],"product_cat":[21],"product_tag":[],"class_list":{"0":"post-459","1":"product","2":"type-product","3":"status-publish","4":"has-post-thumbnail","6":"product_cat-ai-fakher-crown-bar-12000","8":"first","9":"outofstock","10":"sale","11":"shipping-taxable","12":"purchasable","13":"product-type-simple"},"jetpack_sharing_enabled":true,"_links":{"self":[{"href":"https:\/\/alfakherwelt.de\/pt\/wp-json\/wp\/v2\/product\/459","targetHints":{"allow":["GET"]}}],"collection":[{"href":"https:\/\/alfakherwelt.de\/pt\/wp-json\/wp\/v2\/product"}],"about":[{"href":"https:\/\/alfakherwelt.de\/pt\/wp-json\/wp\/v2\/types\/product"}],"replies":[{"embeddable":true,"href":"https:\/\/alfakherwelt.de\/pt\/wp-json\/wp\/v2\/comments?post=459"}],"wp:featuredmedia":[{"embeddable":true,"href":"https:\/\/alfakherwelt.de\/pt\/wp-json\/wp\/v2\/media\/464"}],"wp:attachment":[{"href":"https:\/\/alfakherwelt.de\/pt\/wp-json\/wp\/v2\/media?parent=459"}],"wp:term":[{"taxonomy":"product_brand","embeddable":true,"href":"https:\/\/alfakherwelt.de\/pt\/wp-json\/wp\/v2\/product_brand?post=459"},{"taxonomy":"product_cat","embeddable":true,"href":"https:\/\/alfakherwelt.de\/pt\/wp-json\/wp\/v2\/product_cat?post=459"},{"taxonomy":"product_tag","embeddable":true,"href":"https:\/\/alfakherwelt.de\/pt\/wp-json\/wp\/v2\/product_tag?post=459"}],"curies":[{"name":"wp","href":"https:\/\/api.w.org\/{rel}","templated":true}]}}