{"id":455,"date":"2024-09-12T06:52:04","date_gmt":"2024-09-12T06:52:04","guid":{"rendered":"https:\/\/alfakherwelt.de\/?post_type=product&#038;p=455"},"modified":"2024-12-27T06:18:21","modified_gmt":"2024-12-27T06:18:21","slug":"ai-fakher-coroa-bar-12000-baforadas-descartaveis-e-cigarro-groselha-gelo","status":"publish","type":"product","link":"https:\/\/alfakherwelt.de\/pt\/produto\/ai-fakher-coroa-bar-12000-baforadas-descartaveis-e-cigarro-groselha-gelo\/","title":{"rendered":"Coroa AI Fakher Bar 12000 tragadas Som Hookah Cigarrinho eletr\u00f4nico descart\u00e1vel - Blackcurrant Gelo"},"content":{"rendered":"<h2><strong><a href=\"https:\/\/alfakherwelt.de\/pt\/\"><img loading=\"lazy\" decoding=\"async\" class=\"alignnone wp-image-456 size-full\" src=\"https:\/\/alfakherwelt.de\/wp-content\/uploads\/2024\/09\/AI-Fakher-Crown-Bar-12000.webp\" alt=\"Coroa AI Fakher 12000 tragadas Cigarro eletr\u00f4nico descart\u00e1vel - Blackcurrant Gelo\" width=\"1080\" height=\"1080\" title=\"\" srcset=\"https:\/\/alfakherwelt.de\/wp-content\/uploads\/2024\/09\/AI-Fakher-Crown-Bar-12000.webp 1080w, https:\/\/alfakherwelt.de\/wp-content\/uploads\/2024\/09\/AI-Fakher-Crown-Bar-12000-300x300.webp 300w, https:\/\/alfakherwelt.de\/wp-content\/uploads\/2024\/09\/AI-Fakher-Crown-Bar-12000-1024x1024.webp 1024w, https:\/\/alfakherwelt.de\/wp-content\/uploads\/2024\/09\/AI-Fakher-Crown-Bar-12000-150x150.webp 150w, https:\/\/alfakherwelt.de\/wp-content\/uploads\/2024\/09\/AI-Fakher-Crown-Bar-12000-768x768.webp 768w, https:\/\/alfakherwelt.de\/wp-content\/uploads\/2024\/09\/AI-Fakher-Crown-Bar-12000-600x600.webp 600w, https:\/\/alfakherwelt.de\/wp-content\/uploads\/2024\/09\/AI-Fakher-Crown-Bar-12000-100x100.webp 100w\" sizes=\"auto, (max-width: 1080px) 100vw, 1080px\" \/><\/a><\/strong><\/h2>\n<h2><a href=\"https:\/\/alfakherwelt.de\/pt\/\">Al Fakher<\/a> Crown Bar 12000 PRO Cigarro Eletr\u00f4nico Descart\u00e1vel \u2013 Prazer no mais alto n\u00edvel<\/h2>\n<h3>Descri\u00e7\u00e3o do produto<\/h3>\n<p>A <strong>Al Fakher Crown Bar 12000 PRO<\/strong> Um dispositivo de cigarro eletr\u00f4nico descart\u00e1vel que combina a tecnologia de vape mais avan\u00e7ada com uma sensa\u00e7\u00e3o que lembra fumar um narguil\u00e9 tradicional. Este dispositivo avan\u00e7ado oferece uma capacidade impressionante de <strong>at\u00e9 12.000 trens<\/strong> \u2013 muito mais do que a necessidade di\u00e1ria de um vaper m\u00e9dio.<\/p>\n<p>Com uma bateria recarreg\u00e1vel potente, a Crown Bar 12000 PRO garante tragadas intensas constantes at\u00e9 que o tanque esteja completamente vazio. A integrada <strong>0,6 Ohm de resist\u00eancia de malha<\/strong> garante uma experi\u00eancia de vapor excepcional com nuvens densas e saborosas. Outro destaque \u00e9 o <strong>tela digital<\/strong>, que te mostra o n\u00edvel da bateria e o n\u00edvel de l\u00edquido - uma caracter\u00edstica bem pensada que te d\u00e1 controle total sobre a tua experi\u00eancia de vaporiza\u00e7\u00e3o.<\/p>\n<p>Gra\u00e7as a eles <strong>designs leves e elegantes<\/strong> A e-cigarrilha descart\u00e1vel cabe confortavelmente na m\u00e3o e cabe em qualquer bolso, para que voc\u00ea possa us\u00e1-la facilmente em movimento. A Crown Bar 12000 PRO \u00e9 o dispositivo perfeito para vapers que valorizam qualidade e conveni\u00eancia.<\/p>\n<h3>Por que voc\u00ea a <a href=\"https:\/\/alfakherwelt.de\/pt\/categoria-de-produto\/barra-de-coroa-ai-fakher-12000\/\">Al Fakher Crown Bar 12000 PRO<\/a> deverias comprar<\/h3>\n<ol>\n<li><strong>Capacidade de puff invenc\u00edvel:<\/strong> Com 12.000 tragadas, o Crown Bar \u00e9 um dos vapes descart\u00e1veis mais dur\u00e1veis do mercado.<\/li>\n<li><strong>Intensa evolu\u00e7\u00e3o do sabor:<\/strong> Gra\u00e7as \u00e0 bobina Mesh, voc\u00ea experimenta um sabor intenso em cada tragada.<\/li>\n<li><strong>Pr\u00e1tico e simples:<\/strong> Isento de manuten\u00e7\u00e3o, recarreg\u00e1vel e equipado com carregamento r\u00e1pido USB tipo C.<\/li>\n<li><strong>Design confort\u00e1vel:<\/strong> A pe\u00e7a bucal ergon\u00f4mica e a tecnologia de som integrada de cachimbo de \u00e1gua proporcionam uma experi\u00eancia \u00fanica de vaporiza\u00e7\u00e3o.<\/li>\n<li><strong>Tela digital:<\/strong> Monitore sempre o n\u00edvel da bateria e o n\u00edvel do l\u00edquido.<\/li>\n<\/ol>\n<h3>Detalhes t\u00e9cnicos<\/h3>\n<ul>\n<li><strong>Trens:<\/strong> At\u00e9 12.000<\/li>\n<li><strong>Nicotina<\/strong> 5 mg (0,5 %)<\/li>\n<li><strong>Bobina:<\/strong> 0,6 Ohm Mesh Coil<\/li>\n<li><strong>Carregar:<\/strong> USB Tipo-C<\/li>\n<li><strong>Tela digital<\/strong><\/li>\n<li><strong>Recarreg\u00e1vel e livre de manuten\u00e7\u00e3o<\/strong><\/li>\n<li><strong>Leve e port\u00e1til<\/strong><\/li>\n<\/ul>\n<p>A <a href=\"https:\/\/alfakherwelt.de\/pt\/categoria-de-produto\/barra-de-coroa-ai-fakher-12000\/\"><strong>Al Fakher Crown Bar 12000 PRO<\/strong><\/a> distingue-se de outros dispositivos pela sua combina\u00e7\u00e3o \u00fanica de longa dura\u00e7\u00e3o de uso, desenvolvimento intenso de sabor e facilidade de uso pr\u00e1tico. \u00c9 ideal especialmente para vapers na Alemanha que procuram um cigarro eletr\u00f4nico descart\u00e1vel confi\u00e1vel e duradouro. Agora dispon\u00edvel em <strong>alfakherwelt.de<\/strong>a maior plataforma para vaporizadores descart\u00e1veis na Alemanha.<\/p>\n<hr \/>\n<h3>Blackcurrant Ice - Uma experi\u00eancia gustativa de primeira classe<\/h3>\n<p>O <strong>Blackcurrant Ice \n\n becomes \n\nSorvete de Groselha Preta<\/strong> Sabor do Al Fakher Crown Bar 12000 PRO ir\u00e1 delici\u00e1-lo com seu <strong>uma mistura perfeitamente equilibrada de frescor e frutividade<\/strong> apaixonar. A cada gole, voc\u00ea experimenta a intensidade doce e \u00e1cida de groselhas pretas, seguida por um <strong>um toque refrescante de mentol<\/strong>que refresca o paladar e deixa uma frescura duradoura.<\/p>\n<p>As groselhas pretas oferecem um aroma profundo e rico que se desenvolve plenamente sem ser invasivo. <strong>sabor de fruta natural<\/strong> \u00e9 complementado idealmente pelo mentol, criando um equil\u00edbrio harmonioso entre do\u00e7ura e frescura. A complexidade deste aroma \u00e9 ideal para vapers que <strong>um sabor intenso e refrescante<\/strong> procurar.<\/p>\n<p>Seja qual for o caso, se voc\u00ea \u00e9 um vaper experiente ou est\u00e1 come\u00e7ando agora, <strong>Blackcurrant Ice \n\n becomes \n\nSorvete de Groselha Preta<\/strong> encantar\u00e1 os seus sentidos gustativos. O sabor permanece na l\u00edngua por muito tempo, proporcionando uma experi\u00eancia nova e emocionante a cada tragada. A combina\u00e7\u00e3o de <strong>Fruta e sorvete<\/strong> garante que voc\u00ea ainda possa desfrutar do sabor completo ap\u00f3s muitas tragadas, sem que a intensidade do sabor seja perdida.<\/p>\n<h4>A peculiaridade do Blackcurrant Ice<\/h4>\n<ol>\n<li><strong>Refrescante e frutado:<\/strong> A balan\u00e7a perfeita entre groselhas suculentas e hortel\u00e3 refrescante.<\/li>\n<li><strong>Sabor prolongado:<\/strong> Mesmo com uso prolongado, o aroma permanece invariavelmente intenso.<\/li>\n<li><strong>Perfeito para o ver\u00e3o:<\/strong> Um sabor ideal para dias quentes, que o refresca imediatamente.<\/li>\n<li><strong>Experi\u00eancia de vapor incompar\u00e1vel:<\/strong> A combina\u00e7\u00e3o de frescor e fruta d\u00e1 a cada tragada uma nota inconfund\u00edvel.<\/li>\n<\/ol>\n<p>Voc\u00ea est\u00e1 procurando por um sabor de vape que seja refrescante e ao mesmo tempo frutado? <strong>Blackcurrant Ice \n\n becomes \n\nSorvete de Groselha Preta<\/strong> von Al Fakher \u00e9 exatamente o que voc\u00ea precisa. Este sabor est\u00e1 agora dispon\u00edvel em <a href=\"https:\/\/alfakherwelt.de\/pt\/\"><strong>alfakherwelt.de<\/strong><\/a> dispon\u00edvel - o principal fornecedor de Vapes descart\u00e1veis na Alemanha. Aproveite a oportunidade e descubra um novo mundo de vaporiza\u00e7\u00e3o.<\/p>\n<hr \/>\n<h3>Por que voc\u00ea est\u00e1 <a href=\"https:\/\/alfakherwelt.de\/pt\/\">alfakherwelt.de<\/a> deverias comprar<\/h3>\n<p>Como a maior loja online da Alemanha para <strong>Cigarros eletr\u00f4nicos descart\u00e1veis<\/strong> Oferecemos uma <strong>Sele\u00e7\u00e3o abrangente<\/strong> de alta qualidade Vapes, que oferecem a melhor experi\u00eancia de vaporiza\u00e7\u00e3o poss\u00edvel. Se voc\u00ea \u00e9 um iniciante ou um vaper experiente - em nosso site voc\u00ea sempre encontrar\u00e1 o produto certo. A <strong>Al Fakher Crown Bar 12000 PRO<\/strong> \u00c9 um dos nossos pontos altos e representa qualidade, sabor e facilidade de uso.<\/p>\n<h4>Vantagens de comprar na <a href=\"https:\/\/alfakherwelt.de\/pt\/\">alfakherwelt.de<\/a>:<\/h4>\n<ul>\n<li><strong>Entrega r\u00e1pida:<\/strong> Fa\u00e7a o pedido hoje e receba o seu produto r\u00e1pida e seguramente.<\/li>\n<li><strong>Pagamento seguro:<\/strong> Diferentes m\u00e9todos de pagamento para tornar a sua compra o mais c\u00f3moda poss\u00edvel.<\/li>\n<li><strong>Suporte ao cliente:<\/strong> Nossa equipe amig\u00e1vel est\u00e1 \u00e0 sua disposi\u00e7\u00e3o para responder a quaisquer perguntas e problemas que voc\u00ea possa ter.<\/li>\n<\/ul>\n<hr \/>\n<p>A <strong>Al Fakher Crown Bar 12000 PRO<\/strong> \u00e9 mais do que apenas um vape - \u00e9 a porta de entrada para uma experi\u00eancia de vaporiza\u00e7\u00e3o inesquec\u00edvel. Experimente-a hoje mesmo e aproveite o melhor que o mundo da <a href=\"https:\/\/alfakherwelt.de\/pt\/\"><strong>Cigarros eletr\u00f4nicos descart\u00e1veis<\/strong><\/a> zu oferecer.<\/p>","protected":false},"excerpt":{"rendered":"<div class=\"flex-shrink-0 flex flex-col relative items-end\">\n<div class=\"pt-0\">\n<div class=\"gizmo-shadow-stroke flex h-8 w-8 items-center justify-center overflow-hidden rounded-full\">\n<div class=\"h-full w-full\">O Al Fakher Crown Bar 12000 PRO cigarro eletr\u00f4nico descart\u00e1vel oferece, com at\u00e9 12.000 tragadas, uma bobina de malha de 0,6 ohm para sabores intensos, uma bateria recarreg\u00e1vel e um design elegante, uma experi\u00eancia de vaporiza\u00e7\u00e3o excepcional, dispon\u00edvel em alfakherwelt.de.<\/div>\n<\/div>\n<\/div>\n<\/div>","protected":false},"featured_media":458,"comment_status":"open","ping_status":"closed","template":"","meta":[],"product_brand":[],"product_cat":[21],"product_tag":[],"class_list":{"0":"post-455","1":"product","2":"type-product","3":"status-publish","4":"has-post-thumbnail","6":"product_cat-ai-fakher-crown-bar-12000","8":"first","9":"outofstock","10":"sale","11":"shipping-taxable","12":"purchasable","13":"product-type-simple"},"jetpack_sharing_enabled":true,"_links":{"self":[{"href":"https:\/\/alfakherwelt.de\/pt\/wp-json\/wp\/v2\/product\/455","targetHints":{"allow":["GET"]}}],"collection":[{"href":"https:\/\/alfakherwelt.de\/pt\/wp-json\/wp\/v2\/product"}],"about":[{"href":"https:\/\/alfakherwelt.de\/pt\/wp-json\/wp\/v2\/types\/product"}],"replies":[{"embeddable":true,"href":"https:\/\/alfakherwelt.de\/pt\/wp-json\/wp\/v2\/comments?post=455"}],"wp:featuredmedia":[{"embeddable":true,"href":"https:\/\/alfakherwelt.de\/pt\/wp-json\/wp\/v2\/media\/458"}],"wp:attachment":[{"href":"https:\/\/alfakherwelt.de\/pt\/wp-json\/wp\/v2\/media?parent=455"}],"wp:term":[{"taxonomy":"product_brand","embeddable":true,"href":"https:\/\/alfakherwelt.de\/pt\/wp-json\/wp\/v2\/product_brand?post=455"},{"taxonomy":"product_cat","embeddable":true,"href":"https:\/\/alfakherwelt.de\/pt\/wp-json\/wp\/v2\/product_cat?post=455"},{"taxonomy":"product_tag","embeddable":true,"href":"https:\/\/alfakherwelt.de\/pt\/wp-json\/wp\/v2\/product_tag?post=455"}],"curies":[{"name":"wp","href":"https:\/\/api.w.org\/{rel}","templated":true}]}}