{"id":446,"date":"2024-09-12T01:53:30","date_gmt":"2024-09-12T01:53:30","guid":{"rendered":"https:\/\/alfakherwelt.de\/?post_type=product&#038;p=446"},"modified":"2025-05-12T06:58:11","modified_gmt":"2025-05-12T06:58:11","slug":"al-fakher-crown-bar-big-cloud-8000-por-baforada-cigarro-eletronico-descartavel-duas-macas","status":"publish","type":"product","link":"https:\/\/alfakherwelt.de\/pt\/produto\/al-fakher-crown-bar-big-cloud-8000-por-baforada-cigarro-eletronico-descartavel-duas-macas\/","title":{"rendered":"Al Fakher Crown Bar 8000 Z\u00fcge Pro Dual Mode Einweg E Zigarette \u2013 Two Apple \nAl Fakher Crown Bar 8000 tragadas Pro Modo Dual E Cigarro descart\u00e1vel \u2013 Dois Ma\u00e7\u00e3s"},"content":{"rendered":"<p><img loading=\"lazy\" decoding=\"async\" class=\"alignnone wp-image-407 size-full\" src=\"https:\/\/alfakherwelt.de\/wp-content\/uploads\/2024\/09\/Big-Cloud-8000-PRO1.webp\" alt=\"Al Fakher Crown Bar Big Cloud 8000 PRO trag\u00e1veis E Zigarette - Dois Ma\u00e7\u00e3s\" width=\"2000\" height=\"2000\" title=\"\" srcset=\"https:\/\/alfakherwelt.de\/wp-content\/uploads\/2024\/09\/Big-Cloud-8000-PRO1.webp 2000w, https:\/\/alfakherwelt.de\/wp-content\/uploads\/2024\/09\/Big-Cloud-8000-PRO1-300x300.webp 300w, https:\/\/alfakherwelt.de\/wp-content\/uploads\/2024\/09\/Big-Cloud-8000-PRO1-1024x1024.webp 1024w, https:\/\/alfakherwelt.de\/wp-content\/uploads\/2024\/09\/Big-Cloud-8000-PRO1-150x150.webp 150w, https:\/\/alfakherwelt.de\/wp-content\/uploads\/2024\/09\/Big-Cloud-8000-PRO1-768x768.webp 768w, https:\/\/alfakherwelt.de\/wp-content\/uploads\/2024\/09\/Big-Cloud-8000-PRO1-1536x1536.webp 1536w, https:\/\/alfakherwelt.de\/wp-content\/uploads\/2024\/09\/Big-Cloud-8000-PRO1-600x600.webp 600w, https:\/\/alfakherwelt.de\/wp-content\/uploads\/2024\/09\/Big-Cloud-8000-PRO1-100x100.webp 100w\" sizes=\"auto, (max-width: 2000px) 100vw, 2000px\" \/><\/p>\n<h2><a href=\"https:\/\/alfakherwelt.de\/pt\/\">Al Fakher<\/a> Crown Bar Big Cloud 8000 PRO: Sua Experi\u00eancia de Vape Perfeita na Alemanha<\/h2>\n<p>Experimente o vaping definitivo com o <strong>Al Fakher Crown Bar Big Cloud 8000 PRO<\/strong> \u2013 a escolha ideal para vapers na Alemanha que procuram um dispositivo potente, duradouro e f\u00e1cil de usar. Seja voc\u00ea um iniciante ou um vaper experiente, este vape descart\u00e1vel oferece uma experi\u00eancia excepcional e proporciona nuvens grandes e saborosas em cada tragada. Em nosso site <strong>alfakherwelt.de<\/strong>, a maior plataforma online da Alemanha para cigarros eletr\u00f3nicos descart\u00e1veis, encontra o modelo perfeito para ti.<\/p>\n<h3>O que faz o <a href=\"https:\/\/alfakherwelt.de\/pt\/categoria-de-produto\/al-fakher-coroa-barra-grande-nuvem-8000-pro\/\">Al Fakher Crown Bar Big Cloud 8000 PRO<\/a> \u00fanico<\/h3>\n<p>O <strong>Al Fakher 8000 PRO Kit de Uso \u00danico de Modo Duplo<\/strong> combina conforto e desempenho em um dispositivo compacto. \u00c9 um vaporizador de \u00faltima gera\u00e7\u00e3o que se adapta a todas as prefer\u00eancias de vaporiza\u00e7\u00e3o. Com seu <strong>Funcionalidade de modo duplo<\/strong> pode alternar facilmente entre os estilos populares \"boca para o pulm\u00e3o\" (MTL) e \"direto para o pulm\u00e3o\" (DTL).<\/p>\n<p>O dispositivo j\u00e1 est\u00e1 pr\u00e9-preenchido com <strong>18 ml de E-L\u00edquido de sal de nicotina<\/strong> e oferece <strong>5 mg de sal de nicotina<\/strong> por Puff. O <strong>Bateria potente de 850 mAh<\/strong> at\u00e9 que voc\u00ea consiga <strong>8000 trens<\/strong> desfrutar, o que o torna um dos dispositivos descart\u00e1veis mais dur\u00e1veis do mercado.<\/p>\n<h4>Dados t\u00e9cnicos importantes:<\/h4>\n<ul>\n<li><strong>At\u00e9 8000 trens<\/strong> por dispositivo<\/li>\n<li><strong>5 mg de sal de nicotina<\/strong> para uma experi\u00eancia suave e satisfat\u00f3ria<\/li>\n<li><strong>18 ml de capacidade de E-L\u00edquido<\/strong><\/li>\n<li><strong>850 mAh bateria recarreg\u00e1vel<\/strong> com conector USB-C<\/li>\n<li><strong>Funcionalidade de modo duplo<\/strong>: MTL &amp; DTL<\/li>\n<li><strong>tiro semelhante a narguil\u00e9<\/strong> para uma experi\u00eancia de sabor aut\u00eantica<\/li>\n<li><strong>Exibi\u00e7\u00e3o de LED<\/strong> para status da bateria e n\u00edvel de E-L\u00edquido<\/li>\n<\/ul>\n<h3>Sabores \u00fanicos para cada necessidade<\/h3>\n<p>coisas essenciais do Vaping-Erlebnisses \nou besser gesagt  sind die Verdampferk\u00f6pfe <strong>sabores inconfund\u00edveis<\/strong>que o Al Fakher Crown Bar Big Cloud 8000 PRO oferece. Este cigarro eletr\u00f4nico descart\u00e1vel \u00e9 conhecido por seus sabores intensos, semelhantes ao shisha, que ir\u00e3o deliciar seus sentidos gustativos.<\/p>\n<h4>Two Apple<\/h4>\n<p>O <strong>Duas Ma\u00e7\u00e3s<\/strong>O sabor do Al Fakher Crown Bar 8000 PRO \u00e9 um verdadeiro cl\u00e1ssico que o transporta para o mundo do vape de shisha. Este aroma combina <strong>ma\u00e7\u00e3s vermelhas suculentas<\/strong> com um toque de <strong>ma\u00e7\u00e3s verdes<\/strong>, proporcionando uma experi\u00eancia de sabor perfeitamente equilibrada, doce e \u00e1cida. Mesmo na primeira tragada, \u00e9 poss\u00edvel sentir o sabor puro e frutado, que te remete a noites aconchegantes com um narguil\u00e9 tradicional.<\/p>\n<p>complexidade do sabor est\u00e1 na <strong>equil\u00edbrio harm\u00f4nico<\/strong> dos aromas, que liberam notas leves e profundas com cada tragada. \u00c9 especialmente digno de nota que o sabor <strong>permanece na l\u00edngua por muito tempo<\/strong>sem parecer artificial ou excessivamente doce. Este aroma \u00e9 perfeito para aqueles que procuram uma experi\u00eancia de vaporiza\u00e7\u00e3o aut\u00eantica, mas ao mesmo tempo sofisticada.<\/p>\n<h4>Por que voc\u00ea deve comprar o Al Fakher Crown Bar 8000 PRO?<\/h4>\n<ol>\n<li><strong>Longevidade<\/strong>: Com uma capacidade de at\u00e9 8000 folhas voc\u00ea n\u00e3o precisa se preocupar em comprar constantemente novos dispositivos.<\/li>\n<li><strong>Opera\u00e7\u00e3o simples<\/strong>: Sem necessidade de reabastecer ou recarregar - simplesmente desfrute e recarregue quando necess\u00e1rio.<\/li>\n<li><strong>Op\u00e7\u00f5es de vaporiza\u00e7\u00e3o flex\u00edveis<\/strong>: Gra\u00e7as \u00e0 fun\u00e7\u00e3o de modo duplo, voc\u00ea pode alternar entre MTL e DTL conforme sua prefer\u00eancia.<\/li>\n<li><strong>Bateria potente<\/strong>: A bateria integrada de 850 mAh garante que a sua experi\u00eancia de vaporiza\u00e7\u00e3o nunca seja interrompida.<\/li>\n<li><strong>Aut\u00eantico sentimento de Shisha<\/strong>O Crown Bar 8000 PRO traz a sensa\u00e7\u00e3o inconfund\u00edvel de um narguil\u00e9 real para a sua m\u00e3o.<\/li>\n<\/ol>\n<h3>Grande sele\u00e7\u00e3o na Al Fakher Welt<\/h3>\n<p>Em <strong>alfakherwelt.de<\/strong> oferecemos-te n\u00e3o s\u00f3 o <a href=\"https:\/\/alfakherwelt.de\/pt\/categoria-de-produto\/al-fakher-coroa-barra-grande-nuvem-8000-pro\/\"><strong>Al Fakher Crown Bar Big Cloud 8000 PRO<\/strong><\/a>, mas tamb\u00e9m uma variedade de outros sabores e Vapes descart\u00e1veis para todos os gostos. Com o nosso <strong>Envio r\u00e1pido<\/strong> E com uma ampla gama de produtos, somos a maior plataforma na Alemanha para oferecer os melhores produtos de vaporiza\u00e7\u00e3o para voc\u00ea.<\/p>\n<p><strong>Comprar vape<\/strong> Nunca foi t\u00e3o f\u00e1cil - navegue pela nossa sele\u00e7\u00e3o e descubra os benef\u00edcios dos cigarros eletr\u00f4nicos descart\u00e1veis, como o Al Fakher Crown Bar 8000 PRO, projetados para desempenho, conforto e sabores excepcionais.<\/p>\n<h3>Sabores em Detalhe: Mais do que apenas sabor - Uma experi\u00eancia!<\/h3>\n<p>Os sabores do Al Fakher Crown Bar 8000 PRO v\u00e3o al\u00e9m do simples sabor - eles oferecem uma experi\u00eancia que voc\u00ea n\u00e3o deve perder. Especialmente o <strong>Duas Ma\u00e7\u00e3s<\/strong>O sabor foi cuidadosamente desenvolvido para proporcionar os melhores momentos de shisha diretamente na sua m\u00e3o. A cada tragada, voc\u00ea \u00e9 transportado para o momento em que saboreou pela primeira vez o sabor doce, mas sutil, de ma\u00e7\u00e3 em uma shisha.<\/p>\n<h4>Intensidade e equil\u00edbrio<\/h4>\n<p>A <strong>doce intenso<\/strong> os vermelhos ma\u00e7\u00e3s s\u00e3o perfeitamente atrav\u00e9s da <strong>\u00e1cido fresco<\/strong> dos ma\u00e7\u00e3s verdes equilibradas, o que leva a uma experi\u00eancia de sabor que o entusiasma desde o in\u00edcio. Voc\u00ea sente como o vapor permanece suavemente na sua boca e o envolve com uma <strong>profundidade de sabor<\/strong> surpreendente, que dura muito tempo.  Estes aromas nunca ficam entediantes e oferecem sempre novas nuances para serem descobertas.<\/p>\n<h4>Longa experi\u00eancia gustativa<\/h4>\n<p>Um grande benef\u00edcio adicional do Al Fakher Crown Bar 8000 PRO \u00e9 o <strong>Longevidade<\/strong> do sabor. Ao contr\u00e1rio de muitos outros vapes descart\u00e1veis, nos quais o sabor diminui ap\u00f3s algumas tragadas, o sabor permanece <strong>Duas Ma\u00e7\u00e3s<\/strong>Sabor mantido at\u00e9 a \u00faltima tragada. Isso \u00e9 especialmente importante para vapers que valorizam n\u00e3o apenas a nicotina, mas tamb\u00e9m um aroma intenso e duradouro.<\/p>\n<h4>Experi\u00eancia aut\u00eantica de shisha<\/h4>\n<p>Com sua forte semelhan\u00e7a com um narguil\u00e9 tradicional, ele \u00e9 o <strong>Duas Ma\u00e7\u00e3s<\/strong>Sabor do Al Fakher Crown Bar 8000 PRO, a escolha perfeita para todos que desejam sentir e saborear um narguil\u00e9, sem precisar carregar uma grande e inc\u00f4moda cachimba de \u00e1gua. O <strong>grande emiss\u00e3o de nuvem<\/strong> Este vape contribui ainda mais para a experi\u00eancia aut\u00eantica de narguil\u00e9.<\/p>\n<h3>Conclus\u00e3o: O seu vape perfeito para todas as ocasi\u00f5es<\/h3>\n<p>O <strong>Al Fakher Crown Bar Big Cloud 8000 PRO<\/strong> \u00e9 mais do que apenas um vape descart\u00e1vel - \u00e9 o seu companheiro confi\u00e1vel para uma experi\u00eancia de vaporiza\u00e7\u00e3o de primeira classe. Gra\u00e7as \u00e0 tecnologia inovadora de dupla modalidade e ao sabor aut\u00eantico como <strong>Duas Ma\u00e7\u00e3s<\/strong> oferece uma combina\u00e7\u00e3o incompar\u00e1vel de desempenho e prazer.<\/p>\n<p>Compre agora o seu <strong>Al Fakher Crown Bar Big Cloud 8000 PRO<\/strong> em <a href=\"https:\/\/alfakherwelt.de\/pt\/\"><strong>alfakherwelt.de<\/strong><\/a> e experimente a mistura perfeita de conforto, sabor e experi\u00eancia de Shisha!<\/p>","protected":false},"excerpt":{"rendered":"<div class=\"D5aOJc vJwDU\">\n<p>O Al Fakher Crown Bar Big Cloud 8000 PRO \u00e9 um cigarro eletr\u00f4nico descart\u00e1vel recarreg\u00e1vel com at\u00e9 8000 tragadas, que proporciona atrav\u00e9s de sua fun\u00e7\u00e3o de dois modos (MTL\/DTL), 18 ml de l\u00edquido de nicotina salgada e uma ampla sele\u00e7\u00e3o de sabores e uma experi\u00eancia de vaporiza\u00e7\u00e3o prolongada.<\/p>\n<div class=\"D5aOJc vJwDU\"><\/div>\n<div class=\"hlJJmd\">\n<div class=\"D5aOJc Hapztf\"><\/div>\n<div class=\"Bmcqed\" dir=\"ltr\">\n<div data-id=\"kvLWu\"><\/div>\n<\/div>\n<\/div>\n<\/div>\n<div class=\"hlJJmd\">\n<div class=\"Bmcqed\" dir=\"ltr\">\n<div data-id=\"kvLWu\">\n<div class=\"hlJJmd\">\n<div class=\"Bmcqed\" dir=\"ltr\">\n<div data-id=\"kvLWu\"><\/div>\n<\/div>\n<\/div>\n<\/div>\n<\/div>\n<\/div>","protected":false},"featured_media":447,"comment_status":"open","ping_status":"closed","template":"","meta":[],"product_brand":[],"product_cat":[22],"product_tag":[],"class_list":{"0":"post-446","1":"product","2":"type-product","3":"status-publish","4":"has-post-thumbnail","6":"product_cat-al-fakher-crown-bar-big-cloud-8000-pro","8":"first","9":"outofstock","10":"sale","11":"shipping-taxable","12":"purchasable","13":"product-type-simple"},"jetpack_sharing_enabled":true,"_links":{"self":[{"href":"https:\/\/alfakherwelt.de\/pt\/wp-json\/wp\/v2\/product\/446","targetHints":{"allow":["GET"]}}],"collection":[{"href":"https:\/\/alfakherwelt.de\/pt\/wp-json\/wp\/v2\/product"}],"about":[{"href":"https:\/\/alfakherwelt.de\/pt\/wp-json\/wp\/v2\/types\/product"}],"replies":[{"embeddable":true,"href":"https:\/\/alfakherwelt.de\/pt\/wp-json\/wp\/v2\/comments?post=446"}],"wp:featuredmedia":[{"embeddable":true,"href":"https:\/\/alfakherwelt.de\/pt\/wp-json\/wp\/v2\/media\/447"}],"wp:attachment":[{"href":"https:\/\/alfakherwelt.de\/pt\/wp-json\/wp\/v2\/media?parent=446"}],"wp:term":[{"taxonomy":"product_brand","embeddable":true,"href":"https:\/\/alfakherwelt.de\/pt\/wp-json\/wp\/v2\/product_brand?post=446"},{"taxonomy":"product_cat","embeddable":true,"href":"https:\/\/alfakherwelt.de\/pt\/wp-json\/wp\/v2\/product_cat?post=446"},{"taxonomy":"product_tag","embeddable":true,"href":"https:\/\/alfakherwelt.de\/pt\/wp-json\/wp\/v2\/product_tag?post=446"}],"curies":[{"name":"wp","href":"https:\/\/api.w.org\/{rel}","templated":true}]}}