{"id":442,"date":"2024-09-12T01:35:14","date_gmt":"2024-09-12T01:35:14","guid":{"rendered":"https:\/\/alfakherwelt.de\/?post_type=product&#038;p=442"},"modified":"2025-05-12T06:58:24","modified_gmt":"2025-05-12T06:58:24","slug":"al-fakher-crown-bar-big-cloud-8000-por-baforada-descartavel-e-cigarro-pessego-gelo","status":"publish","type":"product","link":"https:\/\/alfakherwelt.de\/pt\/produto\/al-fakher-crown-bar-big-cloud-8000-por-baforada-descartavel-e-cigarro-pessego-gelo\/","title":{"rendered":"Al Fakher Crown Bar 8000 Z\u00fcge Pro Dual Mode Einweg E Zigarette \u2013 Peach Ice \nAl Fakher Crown Bar 8000 tragadas Pro Modo Dual E Cigarro descart\u00e1vel - Pe\u00e7a Gelo"},"content":{"rendered":"<p><img loading=\"lazy\" decoding=\"async\" class=\"alignnone wp-image-407 size-full\" src=\"https:\/\/alfakherwelt.de\/wp-content\/uploads\/2024\/09\/Big-Cloud-8000-PRO1.webp\" alt=\"Al Fakher Crown Bar Big Cloud 8000 PRO tragadas Cigarro eletr\u00f4nico descart\u00e1vel - P\u00eassego Gelo\" width=\"2000\" height=\"2000\" title=\"\" srcset=\"https:\/\/alfakherwelt.de\/wp-content\/uploads\/2024\/09\/Big-Cloud-8000-PRO1.webp 2000w, https:\/\/alfakherwelt.de\/wp-content\/uploads\/2024\/09\/Big-Cloud-8000-PRO1-300x300.webp 300w, https:\/\/alfakherwelt.de\/wp-content\/uploads\/2024\/09\/Big-Cloud-8000-PRO1-1024x1024.webp 1024w, https:\/\/alfakherwelt.de\/wp-content\/uploads\/2024\/09\/Big-Cloud-8000-PRO1-150x150.webp 150w, https:\/\/alfakherwelt.de\/wp-content\/uploads\/2024\/09\/Big-Cloud-8000-PRO1-768x768.webp 768w, https:\/\/alfakherwelt.de\/wp-content\/uploads\/2024\/09\/Big-Cloud-8000-PRO1-1536x1536.webp 1536w, https:\/\/alfakherwelt.de\/wp-content\/uploads\/2024\/09\/Big-Cloud-8000-PRO1-600x600.webp 600w, https:\/\/alfakherwelt.de\/wp-content\/uploads\/2024\/09\/Big-Cloud-8000-PRO1-100x100.webp 100w\" sizes=\"auto, (max-width: 2000px) 100vw, 2000px\" \/><\/p>\n<h2><a href=\"https:\/\/alfakherwelt.de\/pt\/\">Al Fakher<\/a> Crown Bar Big Cloud 8000 PRO <a href=\"https:\/\/alfakherwelt.de\/pt\/\">Cigarrinha eletr\u00f4nica descart\u00e1vel<\/a> da pr\u00f3xima gera\u00e7\u00e3o<\/h2>\n<p>O Al Fakher Crown Bar Big Cloud 8000 PRO \u00e9 um cigarro eletr\u00f4nico descart\u00e1vel de \u00faltima gera\u00e7\u00e3o, desenvolvido para m\u00e1xima facilidade de uso e desempenho. Este dispositivo combina funcionalidade com uma vida \u00fatil de bateria poderosa e aromas intensos, tornando-o uma escolha excelente tanto para vapers experientes quanto para iniciantes. Com at\u00e9 8000 tragadas, \u00e9 um dos produtos mais dur\u00e1veis do mercado.<\/p>\n<h3><a href=\"https:\/\/alfakherwelt.de\/pt\/categoria-de-produto\/al-fakher-coroa-barra-grande-nuvem-8000-pro\/\">Al Fakher Crown Bar Big Cloud 8000 PRO <\/a>Design de alta qualidade e experi\u00eancia do usu\u00e1rio<\/h3>\n<p>Esta cigarra eletr\u00f3nica descart\u00e1vel \u00e9 atraente pelo seu design elegante, que n\u00e3o s\u00f3 tem um bom aspeto, mas tamb\u00e9m \u00e9 extremamente pr\u00e1tico. <strong>Funcionalidade de modo duplo<\/strong> permite que os usu\u00e1rios alternem entre vaporiza\u00e7\u00e3o de boca para pulm\u00e3o (MTL) e vaporiza\u00e7\u00e3o direta para pulm\u00e3o (DTL). Isso garante que cada usu\u00e1rio possa desfrutar facilmente de sua experi\u00eancia de vaporiza\u00e7\u00e3o preferida.<\/p>\n<p>O Al Fakher Crown Bar Big Cloud 8000 PRO vem com <strong>5 mg de l\u00edquido de sal de nicotina E-Liquid<\/strong> e oferece a cada tragada um golpe de nicotina agrad\u00e1vel e uniforme. Este dispositivo j\u00e1 cont\u00e9m 18 ml de e-l\u00edquido e oferece, por isso, uma utiliza\u00e7\u00e3o prolongada sem necessidade de reabastecimento frequente.<\/p>\n<h3>Caracter\u00edsticas t\u00e9cnicas em resumo<\/h3>\n<ul>\n<li><strong>At\u00e9 8000 trens por dispositivo<\/strong> Desenvolvido para durar, ideal para usu\u00e1rios frequentes.<\/li>\n<li><strong>5 mg de sal de nicotina<\/strong> \u2013 Oferece uma experi\u00eancia de nicotina suave, mas satisfat\u00f3ria.<\/li>\n<li><strong>18 ml capacidade<\/strong> - Grande volume de l\u00edquido, o que torna desnecess\u00e1rio o reabastecimento.<\/li>\n<li><strong>850 mAh bateria<\/strong> \u2013 Recarreg\u00e1vel atrav\u00e9s da porta Type-C para carregamento r\u00e1pido e eficiente.<\/li>\n<li><strong>Funcionalidade de modo duplo<\/strong> - Alterna entre MTL e DTL de acordo com as prefer\u00eancias.<\/li>\n<li><strong>Tela de LED<\/strong> \u2013 Mostra o n\u00edvel da bateria e o consumo de l\u00edquido para evitar surpresas.<\/li>\n<\/ul>\n<h3><a href=\"https:\/\/alfakherwelt.de\/pt\/categoria-de-produto\/al-fakher-coroa-barra-grande-nuvem-8000-pro\/\">Al Fakher Crown Bar Big Cloud 8000 PRO <\/a>Descri\u00e7\u00e3o detalhada dos aromas<\/h3>\n<p>O Al Fakher Crown Bar Big Cloud 8000 PRO vem em uma variedade de sabores que ir\u00e3o agradar todos os seus sentidos. Um dos sabores mais populares \u00e9 <strong>Peach Ice<\/strong> - uma mistura fascinante de p\u00eassegos suculentos e hortel\u00e3 refrescante.<\/p>\n<h4>P\u00eassego Gelo: Uma Explos\u00e3o de Sabor<\/h4>\n<p>O sabor de <strong>Peach Ice<\/strong> \u00e9 uma combina\u00e7\u00e3o harmoniosa de p\u00eassegos maduros e doces com um toque refrescante de gelo. Esta combina\u00e7\u00e3o proporciona uma experi\u00eancia de vaporiza\u00e7\u00e3o perfeitamente equilibrada, que cont\u00e9m tanto elementos doces como refrescantes. Ao inalar, apreciam-se as notas delicadas e frutadas do p\u00eassego, complementadas por uma do\u00e7ura subtil. A mentol arredonda o sabor e deixa um agrad\u00e1vel e refrescante retogosto, que proporciona refresc\u00e2ncia, mesmo nos dias quentes de ver\u00e3o.<\/p>\n<p>Este aroma \u00e9 especialmente adequado para os amantes de experi\u00eancias de vapor frutadas e refrescantes. <strong>efeito refrescante de mentol<\/strong> causa um agrad\u00e1vel formigamento na garganta, enquanto o sabor suculento de p\u00eassego proporciona uma sensa\u00e7\u00e3o de frescor duradoura.<\/p>\n<h3>Por que <a href=\"https:\/\/alfakherwelt.de\/pt\/categoria-de-produto\/al-fakher-coroa-barra-grande-nuvem-8000-pro\/\">Al Fakher Crown Bar Big Cloud 8000 PRO<\/a>?<\/h3>\n<ol>\n<li><strong>Uso prolongado<\/strong> \u2013 Gra\u00e7as aos seus at\u00e9 8000 puffs, o Al Fakher Crown Bar Big Cloud 8000 PRO \u00e9 um dispositivo duradouro que proporciona uma experi\u00eancia de utiliza\u00e7\u00e3o de primeira classe sem necessidade de reabastecimento frequente.<\/li>\n<li><strong>Bateria recarreg\u00e1vel<\/strong> \u2013 Com uma bateria de 850mAh que pode ser carregada rapidamente atrav\u00e9s de uma porta Type-C, este dispositivo proporciona uma experi\u00eancia de vaporiza\u00e7\u00e3o ininterrupta.<\/li>\n<li><strong>Diversidade de sabores<\/strong> \u2013 Seja frutado, refrescante ou cl\u00e1ssico \u2013 h\u00e1 uma op\u00e7\u00e3o adequada para todos os gostos.<\/li>\n<li><strong>Usabilidade<\/strong> \u2013 Sem necessidade de reabastecimento e configura\u00e7\u00f5es complicadas, este dispositivo \u00e9 extremamente f\u00e1cil de usar. Ideal para iniciantes que desejam vaporizar sem grandes esfor\u00e7os.<\/li>\n<\/ol>\n<h3>Como integrar cigarros eletr\u00f4nicos descart\u00e1veis em seu dia a dia<\/h3>\n<p>Einweg-E-Zigaretten wie der <strong>Al Fakher Crown Bar Big Cloud 8000 PRO<\/strong> s\u00e3o a escolha perfeita para pessoas que procuram uma experi\u00eancia de vaporiza\u00e7\u00e3o descomplicada e satisfat\u00f3ria. Devido ao design compacto, o dispositivo pode ser facilmente guardado em bolsos ou bolsas, para que voc\u00ea possa us\u00e1-lo a qualquer momento e em qualquer lugar.<\/p>\n<p>Especialmente pr\u00e1tica \u00e9 a <strong>Fun\u00e7\u00e3o de modo duplo<\/strong>, que permite mudar o estilo de vapor de acordo com o humor ou ambiente. Seja em um ambiente relaxado, onde voc\u00ea queira puxar o vapor suavemente para os pulm\u00f5es, ou em uma experi\u00eancia mais intensa com grandes nuvens, o Al Fakher Crown Bar Big Cloud 8000 PRO atende a todas as necessidades.<\/p>\n<h3>Compre conosco: O principal fornecedor da Alemanha para <a href=\"https:\/\/alfakherwelt.de\/pt\/\">Cigarros eletr\u00f4nicos descart\u00e1veis<\/a><\/h3>\n<p>Se voc\u00ea est\u00e1 procurando por uma plataforma confi\u00e1vel para comprar seu cigarro eletr\u00f4nico descart\u00e1vel, voc\u00ea est\u00e1 no lugar certo. <strong>Alfakherwelt.de<\/strong> \u00e9 a maior plataforma online para vaporizadores descart\u00e1veis na Alemanha. Oferecemos uma ampla gama de marcas e sabores a pre\u00e7os competitivos. Fa\u00e7a seu pedido hoje mesmo e experimente a experi\u00eancia de vaporiza\u00e7\u00e3o de primeira classe com o Al Fakher Crown Bar Big Cloud 8000 PRO.<\/p>\n<h3>Conclus\u00e3o<\/h3>\n<p>O <strong>Al Fakher Crown Bar Big Cloud 8000 PRO<\/strong> \u00c9 um dispositivo confi\u00e1vel, amig\u00e1vel e poderoso que convence pela sua facilidade de uso e longa durabilidade. A variedade de sabores garante que cada vapeador encontre o seu. Com a op\u00e7\u00e3o de alternar entre MTL e DTL e a possibilidade de recarregar o dispositivo, este \u00e9 um dispositivo completo para todos os vapeadores - seja voc\u00ea um iniciante ou um profissional.<\/p>\n<p>Visite <a href=\"https:\/\/alfakherwelt.de\/pt\/\"><strong>alfakherwelt.de<\/strong><\/a>para encomendar o seu pr\u00f3ximo dispositivo de vapor e desfrutar da experi\u00eancia de vaporiza\u00e7\u00e3o definitiva.<\/p>","protected":false},"excerpt":{"rendered":"<div class=\"D5aOJc vJwDU\">\n<p>O Al Fakher Crown Bar Big Cloud 8000 PRO \u00e9 um cigarro eletr\u00f4nico descart\u00e1vel recarreg\u00e1vel com at\u00e9 8000 tragadas, que proporciona atrav\u00e9s de sua fun\u00e7\u00e3o de dois modos (MTL\/DTL), 18 ml de l\u00edquido de nicotina salgada e uma ampla sele\u00e7\u00e3o de sabores e uma experi\u00eancia de vaporiza\u00e7\u00e3o prolongada.<\/p>\n<div class=\"D5aOJc vJwDU\"><\/div>\n<div class=\"hlJJmd\">\n<div class=\"D5aOJc Hapztf\"><\/div>\n<div class=\"Bmcqed\" dir=\"ltr\">\n<div data-id=\"kvLWu\"><\/div>\n<\/div>\n<\/div>\n<\/div>\n<div class=\"hlJJmd\">\n<div class=\"Bmcqed\" dir=\"ltr\">\n<div data-id=\"kvLWu\">\n<div class=\"hlJJmd\">\n<div class=\"Bmcqed\" dir=\"ltr\">\n<div data-id=\"kvLWu\"><\/div>\n<\/div>\n<\/div>\n<\/div>\n<\/div>\n<\/div>","protected":false},"featured_media":444,"comment_status":"open","ping_status":"closed","template":"","meta":[],"product_brand":[],"product_cat":[22],"product_tag":[],"class_list":{"0":"post-442","1":"product","2":"type-product","3":"status-publish","4":"has-post-thumbnail","6":"product_cat-al-fakher-crown-bar-big-cloud-8000-pro","8":"first","9":"outofstock","10":"sale","11":"shipping-taxable","12":"purchasable","13":"product-type-simple"},"jetpack_sharing_enabled":true,"_links":{"self":[{"href":"https:\/\/alfakherwelt.de\/pt\/wp-json\/wp\/v2\/product\/442","targetHints":{"allow":["GET"]}}],"collection":[{"href":"https:\/\/alfakherwelt.de\/pt\/wp-json\/wp\/v2\/product"}],"about":[{"href":"https:\/\/alfakherwelt.de\/pt\/wp-json\/wp\/v2\/types\/product"}],"replies":[{"embeddable":true,"href":"https:\/\/alfakherwelt.de\/pt\/wp-json\/wp\/v2\/comments?post=442"}],"wp:featuredmedia":[{"embeddable":true,"href":"https:\/\/alfakherwelt.de\/pt\/wp-json\/wp\/v2\/media\/444"}],"wp:attachment":[{"href":"https:\/\/alfakherwelt.de\/pt\/wp-json\/wp\/v2\/media?parent=442"}],"wp:term":[{"taxonomy":"product_brand","embeddable":true,"href":"https:\/\/alfakherwelt.de\/pt\/wp-json\/wp\/v2\/product_brand?post=442"},{"taxonomy":"product_cat","embeddable":true,"href":"https:\/\/alfakherwelt.de\/pt\/wp-json\/wp\/v2\/product_cat?post=442"},{"taxonomy":"product_tag","embeddable":true,"href":"https:\/\/alfakherwelt.de\/pt\/wp-json\/wp\/v2\/product_tag?post=442"}],"curies":[{"name":"wp","href":"https:\/\/api.w.org\/{rel}","templated":true}]}}