{"id":439,"date":"2024-09-11T07:49:45","date_gmt":"2024-09-11T07:49:45","guid":{"rendered":"https:\/\/alfakherwelt.de\/?post_type=product&#038;p=439"},"modified":"2024-11-23T13:23:38","modified_gmt":"2024-11-23T13:23:38","slug":"al-fakher-crown-bar-big-cloud-8000-por-baforada-descartavel-e-cigarro-manga-abacaxi","status":"publish","type":"product","link":"https:\/\/alfakherwelt.de\/pt\/produto\/al-fakher-crown-bar-big-cloud-8000-por-baforada-descartavel-e-cigarro-manga-abacaxi\/","title":{"rendered":"Al Fakher Crown Bar 8000 Z\u00fcge Pro Dual Mode Einweg E Zigarette \u2013 Mango Pineapple \n\nbecomes \n\nAl Fakher Crown Bar 8000 Z\u00fcge Pro Dual Mode Cigarrinho Descart\u00e1vel E - Zigarette \u2013 Manga Abacaxi"},"content":{"rendered":"<p><img loading=\"lazy\" decoding=\"async\" class=\"alignnone wp-image-407 size-full\" src=\"https:\/\/alfakherwelt.de\/wp-content\/uploads\/2024\/09\/Big-Cloud-8000-PRO1.webp\" alt=\"Al Fakher Crown Bar Big Cloud 8000 PRO trag\u00e1veis cigarros eletr\u00f4nicos descart\u00e1veis - Manga Abacaxi\" width=\"2000\" height=\"2000\" title=\"\" srcset=\"https:\/\/alfakherwelt.de\/wp-content\/uploads\/2024\/09\/Big-Cloud-8000-PRO1.webp 2000w, https:\/\/alfakherwelt.de\/wp-content\/uploads\/2024\/09\/Big-Cloud-8000-PRO1-300x300.webp 300w, https:\/\/alfakherwelt.de\/wp-content\/uploads\/2024\/09\/Big-Cloud-8000-PRO1-1024x1024.webp 1024w, https:\/\/alfakherwelt.de\/wp-content\/uploads\/2024\/09\/Big-Cloud-8000-PRO1-150x150.webp 150w, https:\/\/alfakherwelt.de\/wp-content\/uploads\/2024\/09\/Big-Cloud-8000-PRO1-768x768.webp 768w, https:\/\/alfakherwelt.de\/wp-content\/uploads\/2024\/09\/Big-Cloud-8000-PRO1-1536x1536.webp 1536w, https:\/\/alfakherwelt.de\/wp-content\/uploads\/2024\/09\/Big-Cloud-8000-PRO1-600x600.webp 600w, https:\/\/alfakherwelt.de\/wp-content\/uploads\/2024\/09\/Big-Cloud-8000-PRO1-100x100.webp 100w\" sizes=\"auto, (max-width: 2000px) 100vw, 2000px\" \/><\/p>\n<h2><strong><a href=\"https:\/\/alfakherwelt.de\/pt\/\">Al Fakher<\/a> Crown Bar Big Cloud 8000 PRO \u2013 Cigarra Eletr\u00f4nica Descart\u00e1vel para Experi\u00eancias de Vape Inesquec\u00edveis<\/strong><\/h2>\n<p>Descubra as <a href=\"https:\/\/alfakherwelt.de\/pt\/categoria-de-produto\/al-fakher-coroa-barra-grande-nuvem-8000-pro\/\"><strong>Al Fakher Crown Bar Big Cloud 8000 PRO<\/strong><\/a>, um cigarro eletr\u00f4nico descart\u00e1vel de \u00faltima gera\u00e7\u00e3o, que oferece uma experi\u00eancia de vaporiza\u00e7\u00e3o de primeira classe. Seja voc\u00ea um iniciante ou um vapador experiente, este dispositivo \u00e9 perfeito para todos que procuram um vape vers\u00e1til e potente. Fabricado por <strong>Al Fakher<\/strong>, um dos principais nomes no mundo do Shisha, este vape combina sabor excepcional, manuseio pr\u00e1tico e desempenho poderoso.<\/p>\n<p>Com uma capacidade de <strong>8000 trens<\/strong> e uma bateria recarreg\u00e1vel de 850 mAh com <strong>Conector de carga tipo C<\/strong>esse vape proporciona experi\u00eancias de vaporiza\u00e7\u00e3o prolongadas sem interrup\u00e7\u00f5es. O l\u00edquido eletr\u00f4nico de sal de nicotina pr\u00e9-preenchido de 18 ml cont\u00e9m <strong>5 mg de nicotina<\/strong> e oferece a cada uso uma sensa\u00e7\u00e3o suave e ao mesmo tempo forte. Ideal para todos que procuram uma experi\u00eancia aut\u00eantica de Shisha em uma forma compacta.<\/p>\n<hr \/>\n<h3><strong>Tecnol\u00f3gicos em destaque da <a href=\"https:\/\/alfakherwelt.de\/pt\/categoria-de-produto\/al-fakher-coroa-barra-grande-nuvem-8000-pro\/\">Al Fakher Crown Bar Big Cloud 8000 PRO<\/a><\/strong><\/h3>\n<ul>\n<li><strong>At\u00e9 8000 trens<\/strong> - Duradouro e ideal para sess\u00f5es prolongadas de vapor.<\/li>\n<li><strong>Funcionalidade de modo duplo<\/strong> \u2013 Simples altern\u00e2ncia entre \"boca para pulm\u00e3o\" (MTL) e \"direto para pulm\u00e3o\" (DTL) para uma experi\u00eancia de vaporiza\u00e7\u00e3o personalizada.<\/li>\n<li><strong>Bateria recarreg\u00e1vel de 850 mAh<\/strong> \u2013 Com conector de carga Tipo-C para carregamento r\u00e1pido e conveniente.<\/li>\n<li><strong>18 ml de E-L\u00edquido de sal de nicotina<\/strong> \u2013 Pr\u00e9-preenchido e pronto para uso, cont\u00e9m 5 mg de nicotina para o chute perfeito.<\/li>\n<li><strong>Indicador LED<\/strong> \u2013 Mostra o status da bateria e o n\u00edvel do e-l\u00edquido, para que voc\u00ea sempre tenha uma vis\u00e3o geral.<\/li>\n<li><strong>Grandes nuvens arom\u00e1ticas<\/strong> Desenvolvido para um sabor intenso e grandes nuvens de vapor, ideal para f\u00e3s do estilo DTL.<\/li>\n<\/ul>\n<hr \/>\n<h2><strong>Por que a <a href=\"https:\/\/alfakherwelt.de\/pt\/categoria-de-produto\/al-fakher-coroa-barra-grande-nuvem-8000-pro\/\">Al Fakher Crown Bar Big Cloud 8000 PRO<\/a>?<\/strong><\/h2>\n<p>Este dispositivo descart\u00e1vel oferece n\u00e3o apenas um desempenho excepcional, mas tamb\u00e9m uma m\u00e1xima facilidade de uso. Gra\u00e7as \u00e0 fun\u00e7\u00e3o de dois modos, voc\u00ea pode facilmente alternar entre diferentes estilos de vapor, dependendo de como deseja personalizar sua experi\u00eancia. A experi\u00eancia semelhante \u00e0 shisha torna-o uma escolha perfeita para todos aqueles que amam grandes nuvens de vapor com sabor intenso.<\/p>\n<p>Com a <strong>longa dura\u00e7\u00e3o da bateria<\/strong> e o <strong>vorgef\u00fcllten 18 ml Nicotina salgada - E-Liquid<\/strong> Voc\u00ea n\u00e3o precisa se preocupar em recarregar ou reabastecer. O manuseio simples e o design ergon\u00f4mico tornam este dispositivo uma escolha ideal para uso di\u00e1rio ou em movimento.<\/p>\n<hr \/>\n<h2><strong>Os sabores atraentes<\/strong><\/h2>\n<p>A <strong>Al Fakher Crown Bar Big Cloud 8000 PRO<\/strong> tem v\u00e1rios sabores arom\u00e1ticos. Uma das mais populares \u00e9 a <strong>Mango Anan\u00e1s<\/strong>Combina\u00e7\u00e3o. Vamos examinar os sabores mais de perto:<\/p>\n<h3><strong>Mango Abacaxi: Um prazer ex\u00f3tico<\/strong><\/h3>\n<p>Imagine o sabor doce e suculento de uma manga madura - um sabor frutado que envolve seus sentidos a cada tragada. A isso se junta o toque tropical e refrescante de abacaxi fresco, que com sua acidez natural equilibra perfeitamente a do\u00e7ura da manga. Esta combina\u00e7\u00e3o de sabores transporta-o imediatamente para paragens tropicais, onde cada tragada sabe como um gole de um cocktail ex\u00f3tico.<\/p>\n<p>O sabor \u00e9 tanto intenso quanto refrescante, o que torna esta variedade um favorito absoluto para aqueles que procuram algo frutado e inesquec\u00edvel. Com cada nuvem, o aroma se desdobra ainda mais intensamente, levando a uma experi\u00eancia de vaporiza\u00e7\u00e3o incrivelmente satisfat\u00f3ria. Se voc\u00ea est\u00e1 procurando por um <strong>uma experi\u00eancia refrescante e frutada<\/strong> Se voc\u00ea \u00e9 um deles, ent\u00e3o a combina\u00e7\u00e3o de manga e abacaxi \u00e9 exatamente o que voc\u00ea precisa!<\/p>\n<hr \/>\n<h2><strong>Experi\u00eancia \u00fanica de vapor com estilo<\/strong><\/h2>\n<p>Com o <strong>Al Fakher Crown Bar Big Cloud 8000 PRO<\/strong> obtenha n\u00e3o apenas um dispositivo de vaporiza\u00e7\u00e3o de alta qualidade, mas tamb\u00e9m um <strong>acess\u00f3rio elegante<\/strong>que real\u00e7a a sua personalidade. O design elegante e os materiais de alta qualidade tornam este dispositivo num verdadeiro chamariz. Quer esteja em movimento ou em ambientes sociais, a Al Fakher Crown Bar est\u00e1 sempre numa boa figura.<\/p>\n<hr \/>\n<h2><strong>Pe\u00e7a agora em <a href=\"https:\/\/alfakherwelt.de\/pt\/\">alfakherwelt.de<\/a>!<\/strong><\/h2>\n<p>Siga em frente <strong>Al Fakher Crown Bar Big Cloud 8000 PRO<\/strong> e desfrute do ultimate experi\u00eancia de vapor! N\u00f3s na <a href=\"https:\/\/alfakherwelt.de\/pt\/\"><strong>alfakherwelt.de<\/strong><\/a> Estamos orgulhosos em oferecer-lhe os melhores cigarros eletr\u00f3nicos descart\u00e1veis. <strong>Alemanha<\/strong> Oferecemos uma ampla variedade de sabores e dispositivos de alta qualidade. Somos o seu primeiro ponto de contato para vaporizadores com e sem nicotina. Compre conosco agora e experimente qualidade e servi\u00e7o incompar\u00e1veis!<\/p>","protected":false},"excerpt":{"rendered":"<div class=\"D5aOJc vJwDU\">\n<p>O <strong>Al Fakher Crown Bar Big Cloud 8000 PRO<\/strong> \u00e9 um cigarro eletr\u00f4nico descart\u00e1vel vers\u00e1til com fun\u00e7\u00e3o de dois modos, 8000 tragadas, 18 ml de l\u00edquido eletr\u00f4nico e sabores intensos como Lush Ice, que oferecem uma experi\u00eancia de vaporiza\u00e7\u00e3o duradoura e confort\u00e1vel na Alemanha.<\/p>\n<div class=\"D5aOJc vJwDU\"><\/div>\n<div class=\"hlJJmd\">\n<div class=\"D5aOJc Hapztf\"><\/div>\n<div class=\"Bmcqed\" dir=\"ltr\">\n<div data-id=\"kvLWu\"><\/div>\n<\/div>\n<\/div>\n<\/div>\n<div class=\"hlJJmd\">\n<div class=\"Bmcqed\" dir=\"ltr\">\n<div data-id=\"kvLWu\">\n<div class=\"hlJJmd\">\n<div class=\"Bmcqed\" dir=\"ltr\">\n<div data-id=\"kvLWu\"><\/div>\n<\/div>\n<\/div>\n<\/div>\n<\/div>\n<\/div>","protected":false},"featured_media":441,"comment_status":"open","ping_status":"closed","template":"","meta":[],"product_brand":[],"product_cat":[22],"product_tag":[],"class_list":{"0":"post-439","1":"product","2":"type-product","3":"status-publish","4":"has-post-thumbnail","6":"product_cat-al-fakher-crown-bar-big-cloud-8000-pro","8":"first","9":"outofstock","10":"sale","11":"shipping-taxable","12":"purchasable","13":"product-type-simple"},"jetpack_sharing_enabled":true,"_links":{"self":[{"href":"https:\/\/alfakherwelt.de\/pt\/wp-json\/wp\/v2\/product\/439","targetHints":{"allow":["GET"]}}],"collection":[{"href":"https:\/\/alfakherwelt.de\/pt\/wp-json\/wp\/v2\/product"}],"about":[{"href":"https:\/\/alfakherwelt.de\/pt\/wp-json\/wp\/v2\/types\/product"}],"replies":[{"embeddable":true,"href":"https:\/\/alfakherwelt.de\/pt\/wp-json\/wp\/v2\/comments?post=439"}],"wp:featuredmedia":[{"embeddable":true,"href":"https:\/\/alfakherwelt.de\/pt\/wp-json\/wp\/v2\/media\/441"}],"wp:attachment":[{"href":"https:\/\/alfakherwelt.de\/pt\/wp-json\/wp\/v2\/media?parent=439"}],"wp:term":[{"taxonomy":"product_brand","embeddable":true,"href":"https:\/\/alfakherwelt.de\/pt\/wp-json\/wp\/v2\/product_brand?post=439"},{"taxonomy":"product_cat","embeddable":true,"href":"https:\/\/alfakherwelt.de\/pt\/wp-json\/wp\/v2\/product_cat?post=439"},{"taxonomy":"product_tag","embeddable":true,"href":"https:\/\/alfakherwelt.de\/pt\/wp-json\/wp\/v2\/product_tag?post=439"}],"curies":[{"name":"wp","href":"https:\/\/api.w.org\/{rel}","templated":true}]}}