{"id":438,"date":"2024-09-11T07:49:43","date_gmt":"2024-09-11T07:49:43","guid":{"rendered":"https:\/\/alfakherwelt.de\/?post_type=product&#038;p=438"},"modified":"2025-05-12T06:58:30","modified_gmt":"2025-05-12T06:58:30","slug":"al-fakher-crown-bar-big-cloud-8000-por-baforada-descartavel-e-cigarro-manga-gelo","status":"publish","type":"product","link":"https:\/\/alfakherwelt.de\/pt\/produto\/al-fakher-crown-bar-big-cloud-8000-por-baforada-descartavel-e-cigarro-manga-gelo\/","title":{"rendered":"Al Fakher Crown Bar 8000 Z\u00fcge Pro Dual Mode Einweg E Zigarette \u2013 Mango Ice \nAl Fakher Crown Bar 8000 tragadas Pro Modo Dual E Cigarro descart\u00e1vel - Gelo de Manga"},"content":{"rendered":"<h2><a href=\"https:\/\/alfakherwelt.de\/pt\/\">Al Fakher<\/a> Crown Bar Big Cloud 8000 PRO: Premium <a href=\"https:\/\/alfakherwelt.de\/pt\/\">Cigarrinha eletr\u00f4nica descart\u00e1vel<\/a> na Alemanha<\/h2>\n<p>Viva a experi\u00eancia de vaporiza\u00e7\u00e3o definitiva com o <strong>Al Fakher Crown Bar Big Cloud 8000 PRO Modo Duplo<\/strong> Cigarrinho eletr\u00f4nico descart\u00e1vel. Este dispositivo de ponta, desenvolvido tanto para iniciantes quanto para vaporizadores experientes, combina desempenho de primeira classe com facilidade de uso. Com at\u00e9 <strong>8000 trens<\/strong> oferece uma experi\u00eancia duradoura e satisfat\u00f3ria, sem a necessidade de reabastecimento ou recarga - ideal para todos aqueles que valorizam a simplicidade e o alto desempenho. Compre o seu <strong>Cigarrinha eletr\u00f4nica descart\u00e1vel<\/strong> agora ligado <a href=\"https:\/\/alfakherwelt.de\/pt\/\" target=\"_new\" rel=\"noopener\">Alfakherwelt.de<\/a>a maior plataforma de vendas online de cigarros eletr\u00f4nicos descart\u00e1veis em <strong>Alemanha<\/strong>.<\/p>\n<hr \/>\n<h3>Funcionalidade de modo duplo para flexibilidade m\u00e1xima<\/h3>\n<p>O que a <strong>Al Fakher 8000 Pro<\/strong> o que especialmente distingue, \u00e9 a sua <strong>Funcionalidade de modo duplo<\/strong>. Seja como for, se voc\u00ea preferir o suave e saboroso <strong>Mouth-to-Lung (MTL)<\/strong> ou preferir o estilo ou o rico em nuvens <strong>Direto-para-pulm\u00e3o (DTL)<\/strong> Inala\u00e7\u00e3o, este cigarro eletr\u00f4nico oferece ambas as op\u00e7\u00f5es. Troque seamlessly entre os dois modos, dependendo do humor ou das prefer\u00eancias, e desfrute de uma experi\u00eancia de vaporiza\u00e7\u00e3o vers\u00e1til.<\/p>\n<h3>Importante caracter\u00edsticas da <a href=\"https:\/\/alfakherwelt.de\/pt\/categoria-de-produto\/al-fakher-coroa-barra-grande-nuvem-8000-pro\/\">Al Fakher Crown Bar Big Cloud 8000 PRO<\/a><\/h3>\n<ul>\n<li><strong>At\u00e9 8000 trens<\/strong>: Desfrute de uma experi\u00eancia prolongada de vaporiza\u00e7\u00e3o com at\u00e9 8000 tragadas por dispositivo.<\/li>\n<li><strong>Dual-Mode (MTL &amp; DTL)<\/strong>: Escolha entre boca-para-pulm\u00e3o e direto-para-pulm\u00e3o para uma experi\u00eancia de vapor personalizada.<\/li>\n<li><strong>5mg de sal de nicotina<\/strong>: Pr\u00e9-preenchido com 18ml de 5% de sal de nicotina para uma tragada suave e ainda forte.<\/li>\n<li><strong>Bateria recarreg\u00e1vel de 800mAh<\/strong>: Bateria embutida com fun\u00e7\u00e3o de carregamento r\u00e1pido Type-C para uma longa dura\u00e7\u00e3o de opera\u00e7\u00e3o sem interrup\u00e7\u00f5es.<\/li>\n<li><strong>tiro semelhante a narguil\u00e9<\/strong>: Desenvolvido para imitar a experi\u00eancia de fumar Shisha tradicional com nuvens ricas e saborosas.<\/li>\n<li><strong>Visor de informa\u00e7\u00f5es LED<\/strong>: Mantenha-se atualizado sobre o status da bateria e o n\u00edvel de l\u00edquido com uma tela de LED de f\u00e1cil leitura.<\/li>\n<li><strong>Compacto e port\u00e1til<\/strong>: Design fino e leve para vaporizar em movimento.<\/li>\n<\/ul>\n<hr \/>\n<h3>Por que voc\u00ea a <a href=\"https:\/\/alfakherwelt.de\/pt\/categoria-de-produto\/al-fakher-coroa-barra-grande-nuvem-8000-pro\/\">Al Fakher Crown Bar Big Cloud 8000 PRO <\/a>deveriam comprar<\/h3>\n<ol>\n<li><strong>Longa dura\u00e7\u00e3o de uso<\/strong>: Ao contr\u00e1rio de outros cigarros eletr\u00f3nicos descart\u00e1veis, a <strong>Al Fakher 8000 PRO<\/strong> at\u00e9 <strong>8000 trens<\/strong>, o que oferece uma longevidade excepcional.<\/li>\n<li><strong>Sabor premium<\/strong>: Gra\u00e7as aos ingredientes de alta qualidade, voc\u00ea pode esperar um sabor excepcional com cada tragada.<\/li>\n<li><strong>Vaporiza\u00e7\u00e3o vers\u00e1til<\/strong>A possibilidade de alternar entre MTL e DTL vape significa que este dispositivo cobre uma ampla gama de prefer\u00eancias.<\/li>\n<li><strong>Carregamento r\u00e1pido<\/strong>: O recarreg\u00e1vel <strong>800mAh bateria<\/strong> Com conex\u00e3o Type-C, garante carregamentos r\u00e1pidos e f\u00e1ceis e possibilita sess\u00f5es de vapor mais longas.<\/li>\n<li><strong>Experi\u00eancia de Shisha no bolso<\/strong>Perfeito para ex-fumantes de shisha, este cigarro eletr\u00f4nico reproduz as nuvens ricas e densas de uma sess\u00e3o de shisha, sem o inc\u00f4modo.<\/li>\n<\/ol>\n<hr \/>\n<h2>Perfis de sabor detalhados da <a href=\"https:\/\/alfakherwelt.de\/pt\/categoria-de-produto\/al-fakher-coroa-barra-grande-nuvem-8000-pro\/\">Al Fakher Crown Bar Big Cloud 8000 PRO<\/a><\/h2>\n<h3>Mango Ice: Frescura tropical com um toque refrescante<\/h3>\n<p>Um dos sabores mais destacados da <strong>Al Fakher Crown Bar Big Cloud 8000 PRO<\/strong> \u00e9 o refrescante <strong>Mango Ice<\/strong>Esta sabor \u00e9 uma mistura magistral de <strong>doce, suculento manga<\/strong> e um final refrescante de mentol, que cria uma experi\u00eancia de vaporiza\u00e7\u00e3o tropical deliciosa com um toque de frescor gelado.<\/p>\n<h4>Descri\u00e7\u00e3o do sabor:<\/h4>\n<ul>\n<li><strong>Doce manga<\/strong>: A primeira coisa que voc\u00ea em <strong>Mango Ice<\/strong> notar, \u00e9 o sabor forte e vivo de <strong>manga madura<\/strong>que lembra frutas tropicais rec\u00e9m-cortadas. A do\u00e7ura natural \u00e9 perfeitamente equilibrada e oferece um sabor suculento e delicioso, semelhante \u00e0 mordida em uma manga perfeitamente madura.<\/li>\n<li><strong>K\u00fchles Menthol<\/strong>: Enquanto o doce sabor de manga se desenrola no seu paladar, um refrigerante <strong>Sombra de mentol<\/strong> um que proporciona uma respira\u00e7\u00e3o refrescante e equilibra a intensidade frutada. Este acabamento gelado deixa uma sensa\u00e7\u00e3o fresca e limpa, que torna cada tragada especialmente revigorante em dias quentes.<\/li>\n<li><strong>Suave impulso de nicotina<\/strong>: Com <strong>5% Nikotinsalz<\/strong> cuida de <strong>Mango Ice<\/strong> Sabor para um suave golpe, sem arranh\u00f5es na garganta, o que o torna perfeito para aqueles que desejam saborear o sabor completo de manga com um leve, mas satisfat\u00f3rio chute de nicotina.<\/li>\n<\/ul>\n<hr \/>\n<h3>Vaporar como nunca antes<\/h3>\n<p>Independentemente de voc\u00ea ser novo no vaping ou j\u00e1 ter experi\u00eancia, a <strong>Al Fakher Crown Bar Big Cloud 8000 PRO<\/strong> oferece uma experi\u00eancia de vapor de alta qualidade, sem igual. <strong>Fun\u00e7\u00e3o de modo duplo<\/strong> torna o dispositivo adapt\u00e1vel aos seus estilos de vapor individuais, e o <strong>similar ao narguil\u00e9<\/strong> provoca nuvens densas e sabores intensos a cada tragada. Especialmente o <strong>Mango Ice<\/strong> Sabor oferece uma experi\u00eancia de vapor refrescante e deliciosa, perfeita para amantes de aromas frutados com um acabamento fresco.<\/p>\n<hr \/>\n<h3>Por que voc\u00ea deve nos escolher<\/h3>\n<p>Em <strong>Alfakherwelt.de<\/strong> somos orgulhosos de sermos a maior plataforma de vendas online para <a href=\"https:\/\/alfakherwelt.de\/pt\/\"><strong>Cigarros eletr\u00f4nicos descart\u00e1veis<\/strong><\/a> estar na Alemanha. O nosso compromisso com a qualidade garante que cada produto que oferecemos atenda aos mais altos padr\u00f5es de desempenho e satisfa\u00e7\u00e3o. Quando voc\u00ea compra conosco, voc\u00ea recebe n\u00e3o apenas um excelente cigarro eletr\u00f4nico, mas tamb\u00e9m um <strong>experi\u00eancia de vapor de primeira classe<\/strong>que <strong>confort\u00e1vel, confi\u00e1vel e saboroso<\/strong> \u00e9.<\/p>\n<p>Al\u00e9m disso, o que voc\u00ea est\u00e1 esperando? Adquira o seu ainda hoje <strong>Al Fakher Crown Bar Big Cloud 8000 PRO<\/strong> e experimente o melhor em termos de <strong>Cigarros eletr\u00f4nicos descart\u00e1veis<\/strong>Seja voc\u00ea um usu\u00e1rio que procura por um dispositivo de longa dura\u00e7\u00e3o ou uma experi\u00eancia de vape semelhante a um narguil\u00e9 saboroso, este cigarro eletr\u00f4nico descart\u00e1vel oferece tudo o que voc\u00ea precisa.<\/p>\n<hr \/>\n<h3>Compre ainda hoje o seu cigarro eletr\u00f4nico descart\u00e1vel em <a href=\"https:\/\/alfakherwelt.de\/pt\/\">Alfakherwelt.de<\/a>!<\/h3>\n<p>Procurar as melhores op\u00e7\u00f5es para <strong>Comprar vape<\/strong> em <strong>Alemanha<\/strong>Procure por mais nada. Oferecemos a mais fina sele\u00e7\u00e3o de cigarros eletr\u00f4nicos descart\u00e1veis, incluindo os <strong>Al Fakher Crown Bar Big Cloud 8000 PRO<\/strong>. Pe\u00e7a agora e aproveite o envio r\u00e1pido dentro da Alemanha, com acesso exclusivo aos melhores pre\u00e7os e \u00faltimos sabores. N\u00e3o perca a oportunidade, <strong>perfeito vapor<\/strong> Experimente - Compre hoje mesmo <a href=\"https:\/\/alfakherwelt.de\/pt\/\"><strong>Alfakherwelt.de<\/strong><\/a>!<\/p>\n<p>&nbsp;<\/p>\n<h3><img loading=\"lazy\" decoding=\"async\" class=\"alignnone wp-image-411 size-full\" src=\"https:\/\/alfakherwelt.de\/wp-content\/uploads\/2024\/09\/Al-Fakher-Crown-Bar-PRO-8K-Al-Fakher-262869555-2-1.webp\" alt=\"Al Fakher Crown Bar Big Cloud 8000 PRO trag\u00e1veis cigarros eletr\u00f4nicos descart\u00e1veis - Manga Gelo\" width=\"2000\" height=\"2000\" title=\"\" srcset=\"https:\/\/alfakherwelt.de\/wp-content\/uploads\/2024\/09\/Al-Fakher-Crown-Bar-PRO-8K-Al-Fakher-262869555-2-1.webp 2000w, https:\/\/alfakherwelt.de\/wp-content\/uploads\/2024\/09\/Al-Fakher-Crown-Bar-PRO-8K-Al-Fakher-262869555-2-1-300x300.webp 300w, https:\/\/alfakherwelt.de\/wp-content\/uploads\/2024\/09\/Al-Fakher-Crown-Bar-PRO-8K-Al-Fakher-262869555-2-1-1024x1024.webp 1024w, https:\/\/alfakherwelt.de\/wp-content\/uploads\/2024\/09\/Al-Fakher-Crown-Bar-PRO-8K-Al-Fakher-262869555-2-1-150x150.webp 150w, https:\/\/alfakherwelt.de\/wp-content\/uploads\/2024\/09\/Al-Fakher-Crown-Bar-PRO-8K-Al-Fakher-262869555-2-1-768x768.webp 768w, https:\/\/alfakherwelt.de\/wp-content\/uploads\/2024\/09\/Al-Fakher-Crown-Bar-PRO-8K-Al-Fakher-262869555-2-1-1536x1536.webp 1536w, https:\/\/alfakherwelt.de\/wp-content\/uploads\/2024\/09\/Al-Fakher-Crown-Bar-PRO-8K-Al-Fakher-262869555-2-1-600x600.webp 600w, https:\/\/alfakherwelt.de\/wp-content\/uploads\/2024\/09\/Al-Fakher-Crown-Bar-PRO-8K-Al-Fakher-262869555-2-1-100x100.webp 100w\" sizes=\"auto, (max-width: 2000px) 100vw, 2000px\" \/><\/h3>\n<h3>Vantagens de comprar conosco:<\/h3>\n<ul>\n<li><strong>Ampla sele\u00e7\u00e3o de produtos<\/strong>: Oferecemos-lhe os melhores vaporizadores do mercado, como os <strong>Al Fakher Crown Bar Big Cloud 8000 PRO<\/strong>.<\/li>\n<li><strong>Envio r\u00e1pido dentro da Alemanha<\/strong>Sua encomenda chega seguramente e rapidamente.<\/li>\n<li><strong>Atendimento ao Cliente<\/strong>Nossa equipe amig\u00e1vel est\u00e1 \u00e0 sua disposi\u00e7\u00e3o para responder a quaisquer perguntas que voc\u00ea tiver.<\/li>\n<\/ul>\n<hr \/>\n<p>Se voc\u00ea estiver procurando por uma <strong>Cigarrinha eletr\u00f4nica descart\u00e1vel<\/strong> procurar por uma que lhe ofere\u00e7a uma experi\u00eancia de vaporiza\u00e7\u00e3o intensa e prolongada \u00e9 a <strong>Al Fakher Crown Bar Big Cloud 8000 PRO<\/strong> exatamente o que voc\u00ea precisa. Compre hoje mesmo em <a href=\"https:\/\/alfakherwelt.de\/pt\/\"><strong>alfakherwelt.de<\/strong><\/a> e experimente o futuro do vapor.<\/p>","protected":false},"excerpt":{"rendered":"<p>A **Al Fakher Crown Bar Big Cloud 8000 PRO** \u00e9 um cigarro eletr\u00f4nico descart\u00e1vel recarreg\u00e1vel e potente com at\u00e9 8000 tragadas, fun\u00e7\u00e3o de dois modos para MTL e DTL, 5mg de sal de nicotina e um sabor \u00fanico de **Mango Ice**, dispon\u00edvel em **Alfakherwelt.de**, a maior plataforma online da Alemanha para vaporizadores descart\u00e1veis.<\/p>","protected":false},"featured_media":440,"comment_status":"open","ping_status":"closed","template":"","meta":[],"product_brand":[],"product_cat":[22],"product_tag":[],"class_list":{"0":"post-438","1":"product","2":"type-product","3":"status-publish","4":"has-post-thumbnail","6":"product_cat-al-fakher-crown-bar-big-cloud-8000-pro","8":"first","9":"outofstock","10":"sale","11":"shipping-taxable","12":"purchasable","13":"product-type-simple"},"jetpack_sharing_enabled":true,"_links":{"self":[{"href":"https:\/\/alfakherwelt.de\/pt\/wp-json\/wp\/v2\/product\/438","targetHints":{"allow":["GET"]}}],"collection":[{"href":"https:\/\/alfakherwelt.de\/pt\/wp-json\/wp\/v2\/product"}],"about":[{"href":"https:\/\/alfakherwelt.de\/pt\/wp-json\/wp\/v2\/types\/product"}],"replies":[{"embeddable":true,"href":"https:\/\/alfakherwelt.de\/pt\/wp-json\/wp\/v2\/comments?post=438"}],"wp:featuredmedia":[{"embeddable":true,"href":"https:\/\/alfakherwelt.de\/pt\/wp-json\/wp\/v2\/media\/440"}],"wp:attachment":[{"href":"https:\/\/alfakherwelt.de\/pt\/wp-json\/wp\/v2\/media?parent=438"}],"wp:term":[{"taxonomy":"product_brand","embeddable":true,"href":"https:\/\/alfakherwelt.de\/pt\/wp-json\/wp\/v2\/product_brand?post=438"},{"taxonomy":"product_cat","embeddable":true,"href":"https:\/\/alfakherwelt.de\/pt\/wp-json\/wp\/v2\/product_cat?post=438"},{"taxonomy":"product_tag","embeddable":true,"href":"https:\/\/alfakherwelt.de\/pt\/wp-json\/wp\/v2\/product_tag?post=438"}],"curies":[{"name":"wp","href":"https:\/\/api.w.org\/{rel}","templated":true}]}}