{"id":434,"date":"2024-09-11T07:34:58","date_gmt":"2024-09-11T07:34:58","guid":{"rendered":"https:\/\/alfakherwelt.de\/?post_type=product&#038;p=434"},"modified":"2024-11-23T13:23:37","modified_gmt":"2024-11-23T13:23:37","slug":"al-fakher-crown-bar-big-cloud-8000-por-baforada-descartavel-e-cigarro-gelo-exuberante","status":"publish","type":"product","link":"https:\/\/alfakherwelt.de\/pt\/produto\/al-fakher-crown-bar-big-cloud-8000-por-baforada-descartavel-e-cigarro-gelo-exuberante\/","title":{"rendered":"Al Fakher Crown Bar 8000 Z\u00fcge Pro Dual Mode Einweg E Zigarette \u2013 Lush Ice \nAl Fakher Crown Bar 8000 tragadas Pro Modo Dual E Cigarro descart\u00e1vel \u2013 Lush Ice"},"content":{"rendered":"<p><img loading=\"lazy\" decoding=\"async\" class=\"alignnone wp-image-407 size-full\" src=\"https:\/\/alfakherwelt.de\/wp-content\/uploads\/2024\/09\/Big-Cloud-8000-PRO1.webp\" alt=\"Al Fakher Crown Bar Big Cloud 8000 PRO trag\u00e1veis cigarros eletr\u00f4nicos descart\u00e1veis - Sabor Lush Ice\" width=\"2000\" height=\"2000\" title=\"\" srcset=\"https:\/\/alfakherwelt.de\/wp-content\/uploads\/2024\/09\/Big-Cloud-8000-PRO1.webp 2000w, https:\/\/alfakherwelt.de\/wp-content\/uploads\/2024\/09\/Big-Cloud-8000-PRO1-300x300.webp 300w, https:\/\/alfakherwelt.de\/wp-content\/uploads\/2024\/09\/Big-Cloud-8000-PRO1-1024x1024.webp 1024w, https:\/\/alfakherwelt.de\/wp-content\/uploads\/2024\/09\/Big-Cloud-8000-PRO1-150x150.webp 150w, https:\/\/alfakherwelt.de\/wp-content\/uploads\/2024\/09\/Big-Cloud-8000-PRO1-768x768.webp 768w, https:\/\/alfakherwelt.de\/wp-content\/uploads\/2024\/09\/Big-Cloud-8000-PRO1-1536x1536.webp 1536w, https:\/\/alfakherwelt.de\/wp-content\/uploads\/2024\/09\/Big-Cloud-8000-PRO1-600x600.webp 600w, https:\/\/alfakherwelt.de\/wp-content\/uploads\/2024\/09\/Big-Cloud-8000-PRO1-100x100.webp 100w\" sizes=\"auto, (max-width: 2000px) 100vw, 2000px\" \/><\/p>\n<h2><a href=\"https:\/\/alfakherwelt.de\/pt\/\">Al Fakher<\/a> Crown Bar Big Cloud 8000 PRO \u2013 Cigarra Eletr\u00f4nica Descart\u00e1vel para um Prazer de Vapor Incompar\u00e1vel na Alemanha<\/h2>\n<p>A <a href=\"https:\/\/alfakherwelt.de\/pt\/categoria-de-produto\/al-fakher-coroa-barra-grande-nuvem-8000-pro\/\"><strong>Al Fakher Crown Bar Big Cloud 8000 PRO<\/strong><\/a> O cigarro eletr\u00f4nico descart\u00e1vel \u00e9 a experi\u00eancia de vaporiza\u00e7\u00e3o perfeita para apreciadores que buscam a mais alta qualidade e conveni\u00eancia. Como plataforma l\u00edder para vaporizadores descart\u00e1veis na Alemanha, a alfakherwelt.de oferece este produto inovador para vapers que valorizam sabor excepcional e desempenho. Seja voc\u00ea um iniciante ou um vaper experiente, este vape \u00e9 seu companheiro ideal para experimentar nuvens grandes e sabor intenso a qualquer hora e em qualquer lugar.<\/p>\n<h3>Design de alta qualidade e facilidade de uso<\/h3>\n<p>O <a href=\"https:\/\/alfakherwelt.de\/pt\/categoria-de-produto\/al-fakher-coroa-barra-grande-nuvem-8000-pro\/\"><strong>Al Fakher Crown Bar Big Cloud 8000 PRO<\/strong><\/a> O Kit foi desenvolvido para combinar tanto estilo quanto funcionalidade. Com um design elegante e ergon\u00f4mico, ele se ajusta perfeitamente na m\u00e3o e oferece uma opera\u00e7\u00e3o intuitiva. Simplesmente desembale, inale e aproveite - sem a necessidade de reabastecer ou recarregar durante o uso. Gra\u00e7as \u00e0 bateria dur\u00e1vel de 800 mAh e ao e-l\u00edquido pr\u00e9-preenchido de 18 ml, voc\u00ea pode aproveitar at\u00e9 <strong>8000 trens<\/strong> desfrutar antes que o dispositivo precise ser substitu\u00eddo. O <strong>bateria recarreg\u00e1vel<\/strong> Atrav\u00e9s da porta Type-C, garante adicionalmente que a sua sess\u00e3o de vapor nunca termine abruptamente.<\/p>\n<h3>Fun\u00e7\u00e3o de dois modos - Experi\u00eancia de vapor individual<\/h3>\n<p>Um dieses Highlight handelt <strong>Al Fakher 8000 PRO<\/strong> \u00e9 a <strong>Funcionalidade de modo duplo<\/strong>, que permite escolher entre dois estilos de vapor. Voc\u00ea prefere o modo \"boca para pulm\u00e3o\" (MTL) para uma tragada suave ou o modo \"direto para pulm\u00e3o\" (DTL) para nuvens grandes? Voc\u00ea decide! Essa versatilidade oferece a cada vaporizador a experi\u00eancia perfeita, individualmente adaptada \u00e0s suas pr\u00f3prias prefer\u00eancias.<\/p>\n<h3>N\u00e3o \u00e9 necess\u00e1rio traduzir. \n\n(Se forne\u00e7a o texto completo, posso ajudar) <a href=\"https:\/\/alfakherwelt.de\/pt\/categoria-de-produto\/al-fakher-coroa-barra-grande-nuvem-8000-pro\/\">Al Fakher Crown Bar Big Cloud 8000 PRO<\/a><\/h3>\n<ul>\n<li><strong>At\u00e9 8000 trens<\/strong>Longa dura\u00e7\u00e3o do prazer do vapor sem constantes trocas.<\/li>\n<li><strong>Funcionalidade de modo duplo<\/strong>: Escolha entre MTL ou DTL para personaliza\u00e7\u00e3o m\u00e1xima.<\/li>\n<li><strong>18 ml E-L\u00edquido<\/strong>Generosamente pr\u00e9-cheado para sess\u00f5es de vaporiza\u00e7\u00e3o intensivas.<\/li>\n<li><strong>5 % Nikotinsalz<\/strong>: Para um intenso chute de nicotina e tragadas suaves.<\/li>\n<li><strong>800 mAh bateria<\/strong>: Recarreg\u00e1vel e dur\u00e1vel, ideal para uso em movimento.<\/li>\n<li><strong>Exibi\u00e7\u00e3o de informa\u00e7\u00f5es LED<\/strong>: Vis\u00e3o geral pr\u00e1tica do n\u00edvel de carga e do n\u00edvel de l\u00edquido.<\/li>\n<\/ul>\n<h3>Os Sabores: Sabor incompar\u00e1vel que entusiasma<\/h3>\n<p>O <strong>Al Fakher Crown Bar Big Cloud 8000 PRO<\/strong> Kit descart\u00e1vel oferece uma variedade de sabores especialmente desenvolvidos para o paladar exigente. Um sabor particularmente popular \u00e9 <strong>Lush Ice<\/strong> \u2013 Uma mistura refrescante de aroma de mel\u00e3o suculento com um toque de frescura fria.<\/p>\n<p><strong>Lush Ice<\/strong> Encanta os seus sentidos com o equil\u00edbrio perfeitamente ajustado entre do\u00e7ura frutada e frescura refrescante. A cada tragada, voc\u00ea sente a melancia suculenta na sua l\u00edngua, acompanhada por uma nota subtil de menta, que deixa um efeito agradavelmente refrescante no seu paladar. Este sabor \u00e9 ideal para vapers que desejam um vape revigorante e ao mesmo tempo calmante. Perfeito em dias quentes de ver\u00e3o ou quando voc\u00ea simplesmente procura um intervalo fresco e frutado.<\/p>\n<p>A mistura de mel\u00e3o doce e hortel\u00e3 refrescante garante que <strong>Lush Ice<\/strong> \u00e9 considerado um dos favoritos absolutos entre os amantes de frutas. Cada gole traz uma brisa refrescante que envolve suavemente o paladar e deixa uma experi\u00eancia de sabor duradoura.<\/p>\n<p>Cada um destes sabores \u00e9 infundido com 5 % de sal de nicotina, o que n\u00e3o s\u00f3 proporciona um intenso choque de nicotina, mas tamb\u00e9m oferece tragadas particularmente suaves e aveludadas sem irrita\u00e7\u00e3o na garganta.<\/p>\n<h3>Por que voc\u00ea deve o <a href=\"https:\/\/alfakherwelt.de\/pt\/categoria-de-produto\/al-fakher-coroa-barra-grande-nuvem-8000-pro\/\">Al Fakher Crown Bar Big Cloud 8000 PRO<\/a> Comprar?<\/h3>\n<ol>\n<li><strong>Confort\u00e1vel e simples<\/strong>: Sem recarga, sem reabastecimento - simplesmente desembale e vaporize.<\/li>\n<li><strong>Longo prazer de vapor<\/strong>: Com at\u00e9 8000 tragadas, este vape \u00e9 um dos dispositivos descart\u00e1veis mais dur\u00e1veis do mercado.<\/li>\n<li><strong>Aromas de alta qualidade<\/strong>Desfrute de sabores aut\u00eanticos e intensos a cada inala\u00e7\u00e3o.<\/li>\n<li><strong>Versatilidade<\/strong>: Gra\u00e7as \u00e0 fun\u00e7\u00e3o de modo duplo, voc\u00ea pode personalizar o estilo de vapor de acordo com suas prefer\u00eancias.<\/li>\n<li><strong>Design ergon\u00f4mico<\/strong>: Cabe confortavelmente na m\u00e3o e \u00e9 f\u00e1cil de usar.<\/li>\n<\/ol>\n<h3>Compre o Al Fakher Crown Bar Big Cloud 8000 PRO em <a href=\"https:\/\/alfakherwelt.de\/pt\/\">alfakherwelt.de<\/a><\/h3>\n<p>Como principal fornecedor de <strong>E-Zigarettes descart\u00e1veis na Alemanha<\/strong> A alfakherwelt.de oferece uma ampla gama de produtos de vaporiza\u00e7\u00e3o de alta qualidade que voc\u00ea pode encomendar confortavelmente online. O <strong>Al Fakher Crown Bar Big Cloud 8000 PRO<\/strong> \u00c9 o produto ideal para todos que procuram uma experi\u00eancia de vaporiza\u00e7\u00e3o descomplicada, duradoura e com sabor intenso.<\/p>\n<p>Fa\u00e7a seu pedido ainda hoje <strong>Al Fakher Crown Bar Big Cloud 8000 PRO<\/strong> e experimente a combina\u00e7\u00e3o de tecnologia inovadora e sabor incompar\u00e1vel - exclusivamente em <a href=\"https:\/\/alfakherwelt.de\/pt\/\"><strong>alfakherwelt.de<\/strong><\/a>!<\/p>","protected":false},"excerpt":{"rendered":"<div class=\"D5aOJc vJwDU\">\n<p>O <strong>Al Fakher Crown Bar Big Cloud 8000 PRO<\/strong> \u00e9 um cigarro eletr\u00f4nico descart\u00e1vel vers\u00e1til com fun\u00e7\u00e3o de dois modos, 8000 tragadas, 18 ml de l\u00edquido eletr\u00f4nico e sabores intensos como Lush Ice, que oferecem uma experi\u00eancia de vaporiza\u00e7\u00e3o duradoura e confort\u00e1vel na Alemanha.<\/p>\n<div class=\"D5aOJc vJwDU\"><\/div>\n<div class=\"hlJJmd\">\n<div class=\"D5aOJc Hapztf\"><\/div>\n<div class=\"Bmcqed\" dir=\"ltr\">\n<div data-id=\"kvLWu\"><\/div>\n<\/div>\n<\/div>\n<\/div>\n<div class=\"hlJJmd\">\n<div class=\"Bmcqed\" dir=\"ltr\">\n<div data-id=\"kvLWu\">\n<div class=\"hlJJmd\">\n<div class=\"Bmcqed\" dir=\"ltr\">\n<div data-id=\"kvLWu\"><\/div>\n<\/div>\n<\/div>\n<\/div>\n<\/div>\n<\/div>","protected":false},"featured_media":436,"comment_status":"open","ping_status":"closed","template":"","meta":[],"product_brand":[],"product_cat":[22],"product_tag":[],"class_list":{"0":"post-434","1":"product","2":"type-product","3":"status-publish","4":"has-post-thumbnail","6":"product_cat-al-fakher-crown-bar-big-cloud-8000-pro","8":"first","9":"outofstock","10":"sale","11":"shipping-taxable","12":"purchasable","13":"product-type-simple"},"jetpack_sharing_enabled":true,"_links":{"self":[{"href":"https:\/\/alfakherwelt.de\/pt\/wp-json\/wp\/v2\/product\/434","targetHints":{"allow":["GET"]}}],"collection":[{"href":"https:\/\/alfakherwelt.de\/pt\/wp-json\/wp\/v2\/product"}],"about":[{"href":"https:\/\/alfakherwelt.de\/pt\/wp-json\/wp\/v2\/types\/product"}],"replies":[{"embeddable":true,"href":"https:\/\/alfakherwelt.de\/pt\/wp-json\/wp\/v2\/comments?post=434"}],"wp:featuredmedia":[{"embeddable":true,"href":"https:\/\/alfakherwelt.de\/pt\/wp-json\/wp\/v2\/media\/436"}],"wp:attachment":[{"href":"https:\/\/alfakherwelt.de\/pt\/wp-json\/wp\/v2\/media?parent=434"}],"wp:term":[{"taxonomy":"product_brand","embeddable":true,"href":"https:\/\/alfakherwelt.de\/pt\/wp-json\/wp\/v2\/product_brand?post=434"},{"taxonomy":"product_cat","embeddable":true,"href":"https:\/\/alfakherwelt.de\/pt\/wp-json\/wp\/v2\/product_cat?post=434"},{"taxonomy":"product_tag","embeddable":true,"href":"https:\/\/alfakherwelt.de\/pt\/wp-json\/wp\/v2\/product_tag?post=434"}],"curies":[{"name":"wp","href":"https:\/\/api.w.org\/{rel}","templated":true}]}}