{"id":430,"date":"2024-09-11T02:58:33","date_gmt":"2024-09-11T02:58:33","guid":{"rendered":"https:\/\/alfakherwelt.de\/?post_type=product&#038;p=430"},"modified":"2025-05-12T06:58:39","modified_gmt":"2025-05-12T06:58:39","slug":"al-fakher-crown-bar-big-cloud-8000-por-baforada-descartavel-e-cigarro-limao-hortela","status":"publish","type":"product","link":"https:\/\/alfakherwelt.de\/pt\/produto\/al-fakher-crown-bar-big-cloud-8000-por-baforada-descartavel-e-cigarro-limao-hortela\/","title":{"rendered":"Al Fakher Crown Bar 8000 Z\u00fcge Pro Dual Mode Einweg E Zigarette \u2013 Lemon Mint \n\nbecomes \n\nAl Fakher Crown Bar 8000 Zugs Pro Dual Mode Disposable E Cigarette \u2013 Lemon Mint"},"content":{"rendered":"<h2><strong><a href=\"https:\/\/alfakherwelt.de\/pt\/\">Al Fakher<\/a> Crown Bar Big Cloud 8000 PRO \u2013 O vape descart\u00e1vel definitivo para a Alemanha<\/strong><\/h2>\n<p>Se voc\u00ea est\u00e1 procurando por uma experi\u00eancia de vaporiza\u00e7\u00e3o de primeira qualidade, \u00e9 o <strong>Al Fakher Crown Bar Big Cloud 8000 PRO<\/strong> a escolha ideal. Como um dos principais fabricantes de aromas para Shisha, a Al Fakher traz sua expertise para o mundo dos vapes descart\u00e1veis. Com uma capacidade impressionante de 8000 tragadas, funcionalidade avan\u00e7ada de dupla modalidade e uma tragada intensa semelhante \u00e0 Shisha, este vape oferece tudo o que se espera de um dispositivo de \u00faltima gera\u00e7\u00e3o. Compre seu vape descart\u00e1vel em <strong>alfakherwelt.de<\/strong>, a maior plataforma de vendas online de cigarros eletr\u00f4nicos descart\u00e1veis na Alemanha.<\/p>\n<h3><strong>Por que voc\u00ea vai adorar o Al Fakher 8000 PRO<\/strong><\/h3>\n<p>O <a href=\"https:\/\/alfakherwelt.de\/pt\/categoria-de-produto\/al-fakher-coroa-barra-grande-nuvem-8000-pro\/\"><strong>Al Fakher Crown Bar Big Cloud 8000 PRO<\/strong><\/a> Combina funcionalidade e prazer, permitindo que voc\u00ea tenha uma experi\u00eancia de vaporiza\u00e7\u00e3o incompar\u00e1vel. Se voc\u00ea \u00e9 um vaporizador experiente ou um iniciante, este dispositivo oferece a solu\u00e7\u00e3o perfeita sem a necessidade de reabastecimento ou recarga.<\/p>\n<p><strong>Funcionalidade de dois modos:<\/strong> Este dispositivo oferece a possibilidade de alternar entre os estilos de vapor populares \"boca para pulm\u00e3o\" (MTL) e \"direto para pulm\u00e3o\" (DTL). Isso permite que voc\u00ea desfrute de uma experi\u00eancia de vaporiza\u00e7\u00e3o intensa ou mais suave, dependendo da sua prefer\u00eancia.<\/p>\n<h3><strong>Dados t\u00e9cnicos e recursos<\/strong><\/h3>\n<p>O <strong>Al Fakher 8000 PRO<\/strong> convincente por uma s\u00e9rie de fun\u00e7\u00f5es avan\u00e7adas que impressionar\u00e3o tanto os vapers experientes quanto os iniciantes:<\/p>\n<ul>\n<li><strong>At\u00e9 8000 puffs por dispositivo<\/strong> \u2013 Um n\u00famero impressionante de tiros, o que torna o dispositivo um dos mais dur\u00e1veis do mercado.<\/li>\n<li><strong>5 mg de sal de nicotina<\/strong> \u2013 Para um impacto suave, mas satisfat\u00f3rio em cada trecho.<\/li>\n<li><strong>18 ml capacidade<\/strong> Perfeitamente cheio para uma experi\u00eancia de vapor prolongada.<\/li>\n<li><strong>Bateria recarreg\u00e1vel de 800 mAh<\/strong> \u2013 N\u00e3o se preocupe com baterias descarregadas. Com o conector de carregamento tipo C, o carregamento \u00e9 r\u00e1pido e f\u00e1cil.<\/li>\n<li><strong>Tela de informa\u00e7\u00f5es LED<\/strong> \u2013 Sempre em vista: O indicador LED mostra o n\u00edvel de E-Liquid e o estado de carga da bateria.<\/li>\n<li><strong>tiro semelhante a narguil\u00e9<\/strong> \u2013 A experi\u00eancia aut\u00eantica de um narguil\u00e9 tradicional em um vape descart\u00e1vel port\u00e1til.<\/li>\n<li><strong>Design ergon\u00f4mico<\/strong> \u2013 Leve e port\u00e1til, ideal para viagem.<\/li>\n<\/ul>\n<h3><strong>Perfis de sabor detalhados do <a href=\"https:\/\/alfakherwelt.de\/pt\/categoria-de-produto\/al-fakher-coroa-barra-grande-nuvem-8000-pro\/\">Al Fakher Crown Bar Big Cloud 8000 PRO<\/a><\/strong><\/h3>\n<p>Uma das caracter\u00edsticas mais marcantes do <strong>Al Fakher Crown Bar Big Cloud 8000 PRO<\/strong> \u00e9 a incr\u00edvel variedade de sabores. Estes foram desenvolvidos com o maior cuidado para proporcionar uma experi\u00eancia de vaporiza\u00e7\u00e3o incompar\u00e1vel. Aqui est\u00e1 uma descri\u00e7\u00e3o detalhada das experi\u00eancias de sabor que voc\u00ea pode esperar:<\/p>\n<h4><strong>Limonete de Hortel\u00e3<\/strong><\/h4>\n<p>Um cl\u00e1ssico genu\u00edno entre os sabores de shisha. O <strong>Limonete de Hortel\u00e3<\/strong>Aroma no <strong>Al Fakher 8000 PRO<\/strong> Oferece uma mistura refrescante da pic\u00e2ncia c\u00edtrica do lim\u00e3o e da brisa fresca da hortel\u00e3. O sabor de lim\u00e3o tem um frescor natural que lembra os dias quentes de ver\u00e3o. O aroma de hortel\u00e3 proporciona um efeito agrad\u00e1vel e refrescante na garganta, tornando a experi\u00eancia de vaporiza\u00e7\u00e3o revigorante e estimulante.<\/p>\n<p>O trem come\u00e7a com uma onda intensa de frescor c\u00edtrico que imediatamente provoca uma sensa\u00e7\u00e3o de pic\u00e2ncia no paladar. Ao expirar, nota-se a sutil ess\u00eancia de hortel\u00e3, que proporciona um equil\u00edbrio perfeito. Este sabor \u00e9 ideal para todos aqueles que procuram uma pausa revigorante ou que desejam relaxar ap\u00f3s um longo dia. \u00c9 a mistura perfeita de doce e fresco, o que o torna um sabor sempre popular.<\/p>\n<h3><strong>Por que voc\u00ea o <a href=\"https:\/\/alfakherwelt.de\/pt\/categoria-de-produto\/al-fakher-coroa-barra-grande-nuvem-8000-pro\/\">Al Fakher Crown Bar Big Cloud 8000 PRO<\/a> deveriam comprar<\/strong><\/h3>\n<p>Se voc\u00ea est\u00e1 procurando por um vape que ofere\u00e7a tanto funcionalidade quanto sabor no mais alto n\u00edvel, \u00e9 o <strong>Al Fakher Crown Bar Big Cloud 8000 PRO<\/strong> A escolha perfeita. Aqui est\u00e3o algumas raz\u00f5es pelas quais voc\u00ea deve optar por este vape descart\u00e1vel:<\/p>\n<ul>\n<li><strong>Longevidade:<\/strong> Com at\u00e9 8000 tragadas por dispositivo oferece o <strong>Al Fakher 8000 PRO<\/strong> durabilidade excepcional e o torna um dos vapes descart\u00e1veis mais dur\u00e1veis do mercado.<\/li>\n<li><strong>Diversos aromas:<\/strong> Independentemente se voc\u00ea prefere sabores frutados, refrescantes ou amargos, este aparelho oferece uma sele\u00e7\u00e3o que atende a todos os gostos.<\/li>\n<li><strong>Pr\u00e1tico e simples:<\/strong> Sem reabastecimento, sem carregamento - simplesmente desfrute e relaxe. A bateria recarreg\u00e1vel garante que voc\u00ea tenha o dispositivo sempre pronto para uso.<\/li>\n<li><strong>Qualidade premium:<\/strong> Al Fakher \u00e9 conhecido por seus aromas de narguil\u00e9 de alta qualidade, e essa expertise \u00e9 refletida neste vape.<\/li>\n<li><strong>Perfeito para viagem:<\/strong> Gra\u00e7as ao design leve e port\u00e1til, voc\u00ea pode levar sua experi\u00eancia de vaporiza\u00e7\u00e3o para qualquer lugar.<\/li>\n<\/ul>\n<p>&nbsp;<\/p>\n<p>&nbsp;<\/p>\n<h3><img loading=\"lazy\" decoding=\"async\" class=\"alignnone wp-image-411 size-full\" src=\"https:\/\/alfakherwelt.de\/wp-content\/uploads\/2024\/09\/Al-Fakher-Crown-Bar-PRO-8K-Al-Fakher-262869555-2-1.webp\" alt=\"Al Fakher Crown Bar Big Cloud 8000 PRO trag\u00e1veis cigarros eletr\u00f4nicos descart\u00e1veis - Lim\u00e3o Hortel\u00e3\" width=\"2000\" height=\"2000\" title=\"\" srcset=\"https:\/\/alfakherwelt.de\/wp-content\/uploads\/2024\/09\/Al-Fakher-Crown-Bar-PRO-8K-Al-Fakher-262869555-2-1.webp 2000w, https:\/\/alfakherwelt.de\/wp-content\/uploads\/2024\/09\/Al-Fakher-Crown-Bar-PRO-8K-Al-Fakher-262869555-2-1-300x300.webp 300w, https:\/\/alfakherwelt.de\/wp-content\/uploads\/2024\/09\/Al-Fakher-Crown-Bar-PRO-8K-Al-Fakher-262869555-2-1-1024x1024.webp 1024w, https:\/\/alfakherwelt.de\/wp-content\/uploads\/2024\/09\/Al-Fakher-Crown-Bar-PRO-8K-Al-Fakher-262869555-2-1-150x150.webp 150w, https:\/\/alfakherwelt.de\/wp-content\/uploads\/2024\/09\/Al-Fakher-Crown-Bar-PRO-8K-Al-Fakher-262869555-2-1-768x768.webp 768w, https:\/\/alfakherwelt.de\/wp-content\/uploads\/2024\/09\/Al-Fakher-Crown-Bar-PRO-8K-Al-Fakher-262869555-2-1-1536x1536.webp 1536w, https:\/\/alfakherwelt.de\/wp-content\/uploads\/2024\/09\/Al-Fakher-Crown-Bar-PRO-8K-Al-Fakher-262869555-2-1-600x600.webp 600w, https:\/\/alfakherwelt.de\/wp-content\/uploads\/2024\/09\/Al-Fakher-Crown-Bar-PRO-8K-Al-Fakher-262869555-2-1-100x100.webp 100w\" sizes=\"auto, (max-width: 2000px) 100vw, 2000px\" \/><\/h3>\n<h3><strong>Conclus\u00e3o<\/strong><\/h3>\n<p>O <strong>Al Fakher Crown Bar Big Cloud 8000 PRO<\/strong> n\u00e3o \u00e9 apenas um vape descart\u00e1vel, mas uma experi\u00eancia que atrai tanto os amantes de narguil\u00e9 quanto os vapers. Com sua capacidade impressionante, sabores ricos e manuseio f\u00e1cil, n\u00e3o \u00e9 de admirar que esse vape seja t\u00e3o popular entre os f\u00e3s de vaporiza\u00e7\u00e3o na Alemanha. Visite <a href=\"https:\/\/alfakherwelt.de\/pt\/\"><strong>alfakherwelt.de<\/strong><\/a>para o seu <strong>Al Fakher 8000 PRO<\/strong> Ainda hoje para comprar e desfrutar da melhor experi\u00eancia de vaporiza\u00e7\u00e3o.<\/p>","protected":false},"excerpt":{"rendered":"<p>O **Al Fakher Crown Bar Big Cloud 8000 PRO** \u00e9 um vape descart\u00e1vel inovador com at\u00e9 8000 tragadas, fun\u00e7\u00e3o de dois modos para MTL e DTL, 5 mg de sal de nicotina, capacidade de 18 ml de e-l\u00edquido e uma bateria recarreg\u00e1vel de 800 mAh, que proporciona um sabor intenso e uma experi\u00eancia de vaporiza\u00e7\u00e3o semelhante \u00e0 shisha.<\/p>","protected":false},"featured_media":432,"comment_status":"open","ping_status":"closed","template":"","meta":[],"product_brand":[],"product_cat":[22],"product_tag":[],"class_list":{"0":"post-430","1":"product","2":"type-product","3":"status-publish","4":"has-post-thumbnail","6":"product_cat-al-fakher-crown-bar-big-cloud-8000-pro","8":"first","9":"outofstock","10":"sale","11":"shipping-taxable","12":"purchasable","13":"product-type-simple"},"jetpack_sharing_enabled":true,"_links":{"self":[{"href":"https:\/\/alfakherwelt.de\/pt\/wp-json\/wp\/v2\/product\/430","targetHints":{"allow":["GET"]}}],"collection":[{"href":"https:\/\/alfakherwelt.de\/pt\/wp-json\/wp\/v2\/product"}],"about":[{"href":"https:\/\/alfakherwelt.de\/pt\/wp-json\/wp\/v2\/types\/product"}],"replies":[{"embeddable":true,"href":"https:\/\/alfakherwelt.de\/pt\/wp-json\/wp\/v2\/comments?post=430"}],"wp:featuredmedia":[{"embeddable":true,"href":"https:\/\/alfakherwelt.de\/pt\/wp-json\/wp\/v2\/media\/432"}],"wp:attachment":[{"href":"https:\/\/alfakherwelt.de\/pt\/wp-json\/wp\/v2\/media?parent=430"}],"wp:term":[{"taxonomy":"product_brand","embeddable":true,"href":"https:\/\/alfakherwelt.de\/pt\/wp-json\/wp\/v2\/product_brand?post=430"},{"taxonomy":"product_cat","embeddable":true,"href":"https:\/\/alfakherwelt.de\/pt\/wp-json\/wp\/v2\/product_cat?post=430"},{"taxonomy":"product_tag","embeddable":true,"href":"https:\/\/alfakherwelt.de\/pt\/wp-json\/wp\/v2\/product_tag?post=430"}],"curies":[{"name":"wp","href":"https:\/\/api.w.org\/{rel}","templated":true}]}}