{"id":422,"date":"2024-09-10T09:46:45","date_gmt":"2024-09-10T09:46:45","guid":{"rendered":"https:\/\/alfakherwelt.de\/?post_type=product&#038;p=422"},"modified":"2025-05-12T06:58:46","modified_gmt":"2025-05-12T06:58:46","slug":"al-fakher-crown-bar-big-cloud-8000-por-baforada-descartavel-e-cigarro-uva-hortela","status":"publish","type":"product","link":"https:\/\/alfakherwelt.de\/pt\/produto\/al-fakher-crown-bar-big-cloud-8000-por-baforada-descartavel-e-cigarro-uva-hortela\/","title":{"rendered":"Al Fakher Crown Bar 8000 Z\u00fcge Pro Dual Mode Einweg E Zigarette \u2013 Grape Mint \n\nbecomes \n\nAl Fakher Crown Bar 8000 Z\u00fcge Pro Modo Dual Descart\u00e1vel E Cigarro \u2013 Hortel\u00e3 Uva"},"content":{"rendered":"<p><img loading=\"lazy\" decoding=\"async\" class=\"alignnone wp-image-407 size-full\" src=\"https:\/\/alfakherwelt.de\/wp-content\/uploads\/2024\/09\/Big-Cloud-8000-PRO1.webp\" alt=\"Al Fakher Crown Bar Big Cloud 8000 PRO trag\u00e1veis cigarros eletr\u00f4nicos descart\u00e1veis - Uva Menta\" width=\"2000\" height=\"2000\" title=\"\" srcset=\"https:\/\/alfakherwelt.de\/wp-content\/uploads\/2024\/09\/Big-Cloud-8000-PRO1.webp 2000w, https:\/\/alfakherwelt.de\/wp-content\/uploads\/2024\/09\/Big-Cloud-8000-PRO1-300x300.webp 300w, https:\/\/alfakherwelt.de\/wp-content\/uploads\/2024\/09\/Big-Cloud-8000-PRO1-1024x1024.webp 1024w, https:\/\/alfakherwelt.de\/wp-content\/uploads\/2024\/09\/Big-Cloud-8000-PRO1-150x150.webp 150w, https:\/\/alfakherwelt.de\/wp-content\/uploads\/2024\/09\/Big-Cloud-8000-PRO1-768x768.webp 768w, https:\/\/alfakherwelt.de\/wp-content\/uploads\/2024\/09\/Big-Cloud-8000-PRO1-1536x1536.webp 1536w, https:\/\/alfakherwelt.de\/wp-content\/uploads\/2024\/09\/Big-Cloud-8000-PRO1-600x600.webp 600w, https:\/\/alfakherwelt.de\/wp-content\/uploads\/2024\/09\/Big-Cloud-8000-PRO1-100x100.webp 100w\" sizes=\"auto, (max-width: 2000px) 100vw, 2000px\" \/><\/p>\n<h3><\/h3>\n<h2><strong><a href=\"https:\/\/alfakherwelt.de\/pt\/\">Al Fakher<\/a> Crown Bar Big Cloud 8000 PRO Modo Duplo \u2013 <a href=\"https:\/\/alfakherwelt.de\/pt\/\">Cigarrinha eletr\u00f4nica descart\u00e1vel<\/a><\/strong><\/h2>\n<p>O Al Fakher Crown Bar Big Cloud 8000 PRO \u00e9 a escolha perfeita para todos que procuram uma experi\u00eancia de vaporiza\u00e7\u00e3o potente, vers\u00e1til e pr\u00e1tica. Como l\u00edder de mercado no mundo dos cigarros eletr\u00f4nicos descart\u00e1veis, a Al Fakher oferece com este modelo um produto que atende \u00e0s mais altas exig\u00eancias tanto para iniciantes quanto para vapers experientes. O cigarro eletr\u00f4nico n\u00e3o oferece apenas um sabor excelente, mas tamb\u00e9m flexibilidade gra\u00e7as \u00e0 sua fun\u00e7\u00e3o de dois modos, que permite alternar entre \"boca para o pulm\u00e3o\" (MTL) e \"direto para o pulm\u00e3o\" (DTL). Ideal para todos que procuram uma experi\u00eancia de vaporiza\u00e7\u00e3o descomplicada e duradoura - seja no dia a dia ou em viagens.<\/p>\n<h3><strong>Descri\u00e7\u00e3o do produto<\/strong><\/h3>\n<p>O <strong><a href=\"https:\/\/alfakherwelt.de\/pt\/categoria-de-produto\/al-fakher-coroa-barra-grande-nuvem-8000-pro\/\">Al Fakher Crown Bar Big Cloud 8000 PRO<\/a> Modo Dual<\/strong> \u00e9 um dispositivo avan\u00e7ado de vape descart\u00e1vel que oferece uma combina\u00e7\u00e3o perfeita de conforto, desempenho e inova\u00e7\u00e3o. Gra\u00e7as ao seu l\u00edquido eletr\u00f4nico pr\u00e9-preenchido de sal de nicotina 5%, voc\u00ea pode desfrutar de at\u00e9 8000 tragadas, tornando-o um dos dispositivos descart\u00e1veis mais dur\u00e1veis do mercado. Este modelo \u00e9 especialmente projetado para usu\u00e1rios que desejam um alto n\u00famero de tragadas e uma forte dose de nicotina.<\/p>\n<p>Com uma bateria integrada de 800 mAh e uma capacidade de e-l\u00edquido de 18 ml, o Al Fakher Crown Bar fornece uma produ\u00e7\u00e3o de vapor uniforme, ideal tanto para usu\u00e1rios ocasionais quanto para usu\u00e1rios experientes. O dispositivo \u00e9 recarreg\u00e1vel, o que o diferencia de muitos outros vapes descart\u00e1veis e proporciona uma experi\u00eancia de vaporiza\u00e7\u00e3o particularmente duradoura.<\/p>\n<p>A tecnologia de modo dual permite que os usu\u00e1rios alternem entre MTL (tiro suave) e DTL (tiro direto para os pulm\u00f5es). Essa versatilidade torna o dispositivo acess\u00edvel para diferentes prefer\u00eancias. Com o conveniente conector USB-C, o dispositivo pode ser carregado de forma r\u00e1pida e f\u00e1cil, garantindo que voc\u00ea n\u00e3o precise fazer uma pausa no vapor.<\/p>\n<h3><strong>Fun\u00e7\u00f5es e benef\u00edcios<\/strong><\/h3>\n<ul>\n<li><strong>At\u00e9 8000 trens<\/strong>: Long usage time for a consistent vaping experience.<\/li>\n<li><strong>Fun\u00e7\u00e3o de modo duplo<\/strong>: Flexibilidade entre MTL e DTL para diferentes estilos de vapor.<\/li>\n<li><strong>5 mg de sal de nicotina<\/strong>: Forte quantidade de nicotina para uma experi\u00eancia de vaporiza\u00e7\u00e3o intensa.<\/li>\n<li><strong>18 ml capacidade<\/strong>Preenchido com E-Liquid para uso imediato.<\/li>\n<li><strong>800 mAh bateria<\/strong>: Recarreg\u00e1vel e dur\u00e1vel para uma experi\u00eancia de vaporiza\u00e7\u00e3o incompar\u00e1vel.<\/li>\n<li><strong>Exibi\u00e7\u00e3o de informa\u00e7\u00f5es LED<\/strong>: Informa sobre o n\u00edvel de carga da bateria e o n\u00edvel de E-Liquid.<\/li>\n<li><strong>tiro semelhante a narguil\u00e9<\/strong>: \u00danico sentimento de vapor que lembra experi\u00eancias cl\u00e1ssicas de shisha.<\/li>\n<\/ul>\n<h3><strong>Por que voc\u00ea o <a href=\"https:\/\/alfakherwelt.de\/pt\/categoria-de-produto\/al-fakher-coroa-barra-grande-nuvem-8000-pro\/\">Al Fakher Crown Bar Big Cloud 8000 PRO<\/a> deveriam comprar<\/strong><\/h3>\n<p>Se voc\u00ea est\u00e1 procurando por um dispositivo de vaporiza\u00e7\u00e3o descomplicado e de longa dura\u00e7\u00e3o que n\u00e3o precise de recarga ou configura\u00e7\u00f5es complicadas, o Al Fakher Crown Bar Big Cloud 8000 PRO \u00e9 a escolha certa. Sua funcionalidade de dupla modalidade, combinada com um alto n\u00famero de tragadas e uma forte concentra\u00e7\u00e3o de nicotina, proporciona uma experi\u00eancia de vaporiza\u00e7\u00e3o excepcional.<\/p>\n<p>Gra\u00e7as \u00e0 alta capacidade do dispositivo, voc\u00ea pode us\u00e1-lo tanto para uso di\u00e1rio quanto para viagens mais longas, sem se preocupar em precisar recarreg\u00e1-lo. Al\u00e9m disso, o dispositivo \u00e9 recarreg\u00e1vel, permitindo que voc\u00ea aproveite ao m\u00e1ximo a sua compra.<\/p>\n<h3><strong>Sabores<\/strong><\/h3>\n<p>O <strong>Al Fakher Crown Bar Big Cloud 8000 PRO<\/strong> vem em diferentes sabores deliciosos que oferecem uma experi\u00eancia de sabor incompar\u00e1vel para cada vapeador. Muito popular \u00e9 o sabor <strong>hortel\u00e3 de uva<\/strong>.<\/p>\n<h4><strong>Uva Menta - Frutado e Refrescante<\/strong><\/h4>\n<p>O sabor <strong>hortel\u00e3 de uva<\/strong> Oferece uma combina\u00e7\u00e3o inconfund\u00edvel de aromas doces de uva e uma nota refrescante de hortel\u00e3. Este sabor \u00e9 perfeito para vapers que preferem uma mistura equilibrada de frescor e frutividade. Ao inalar, voc\u00ea sente a do\u00e7ura das uvas suculentas, enquanto ao expirar, uma frescura fria de hortel\u00e3 refresca o paladar. \u00c9 uma experi\u00eancia de sabor que lembra dias quentes de ver\u00e3o e bebidas refrescantes e oferece um vapor agrad\u00e1vel, mas n\u00e3o avassalador.<\/p>\n<p>A uva proporciona um doce frutado que permanece na l\u00edngua por muito tempo, enquanto a hortel\u00e3 adiciona um frescor sutil e frio que arredonda perfeitamente o aroma geral. <strong>hortel\u00e3 de uva<\/strong> \u00e9 ideal para todos que preferem sabores intensos e ao mesmo tempo refrescantes.<\/p>\n<h3><strong>Pe\u00e7a agora em <a href=\"https:\/\/alfakherwelt.de\/pt\/\">alfakherwelt.de<\/a><\/strong><\/h3>\n<p>Descubra o mundo do vaping novamente com o Al Fakher Crown Bar Big Cloud 8000 PRO. Visite <a href=\"https:\/\/alfakherwelt.de\/pt\/\"><strong>alfakherwelt.de<\/strong><\/a>, a maior plataforma online da Alemanha para cigarros eletr\u00f3nicos descart\u00e1veis, e fa\u00e7a a sua encomenda hoje mesmo. Beneficie da nossa ampla variedade de sabores e da nossa entrega r\u00e1pida e fi\u00e1vel. Deixe-se impressionar pela qualidade e desempenho deste produto e desfrute de uma experi\u00eancia de vaporiza\u00e7\u00e3o incompar\u00e1vel, sempre que desejar.<\/p>\n<h3><strong>Especifica\u00e7\u00f5es t\u00e9cnicas em resumo<\/strong><\/h3>\n<ul>\n<li><strong>Trens<\/strong>: At\u00e9 8000<\/li>\n<li><strong>For\u00e7a da nicotina<\/strong>: 5 mg de sal de nicotina<\/li>\n<li><strong>Capacidade de E-L\u00edquido<\/strong>: 18 ml<\/li>\n<li><strong>Bateria<\/strong>: 800 mAh (recarreg\u00e1vel)<\/li>\n<li><strong>Estilos a vapor<\/strong>: MTL e DTL<\/li>\n<li><strong>Tela de LED<\/strong>: Visor do n\u00edvel da bateria e do l\u00edquido eletr\u00f3nico<\/li>\n<\/ul>\n<p>Experimente a for\u00e7a e a versatilidade do <a href=\"https:\/\/alfakherwelt.de\/pt\/categoria-de-produto\/al-fakher-coroa-barra-grande-nuvem-8000-pro\/\"><strong>Al Fakher Crown Bar Big Cloud 8000 PRO<\/strong><\/a> e entre na pr\u00f3xima gera\u00e7\u00e3o da vaporiza\u00e7\u00e3o!<\/p>","protected":false},"excerpt":{"rendered":"<p>O <strong>Al Fakher Crown Bar Big Cloud 8000 PRO<\/strong> \u00e9 um dispositivo de vape descart\u00e1vel recarreg\u00e1vel e vers\u00e1til que oferece at\u00e9 8000 tragadas com 5 mg de sal de nicotina, gra\u00e7as \u00e0 sua fun\u00e7\u00e3o de dois modos que alterna entre MTL e DTL, e proporciona sabores deliciosos como Grape Mint para uma experi\u00eancia de vaporiza\u00e7\u00e3o \u00fanica.<\/p>","protected":false},"featured_media":423,"comment_status":"open","ping_status":"closed","template":"","meta":[],"product_brand":[],"product_cat":[22],"product_tag":[],"class_list":{"0":"post-422","1":"product","2":"type-product","3":"status-publish","4":"has-post-thumbnail","6":"product_cat-al-fakher-crown-bar-big-cloud-8000-pro","8":"first","9":"outofstock","10":"sale","11":"shipping-taxable","12":"purchasable","13":"product-type-simple"},"jetpack_sharing_enabled":true,"_links":{"self":[{"href":"https:\/\/alfakherwelt.de\/pt\/wp-json\/wp\/v2\/product\/422","targetHints":{"allow":["GET"]}}],"collection":[{"href":"https:\/\/alfakherwelt.de\/pt\/wp-json\/wp\/v2\/product"}],"about":[{"href":"https:\/\/alfakherwelt.de\/pt\/wp-json\/wp\/v2\/types\/product"}],"replies":[{"embeddable":true,"href":"https:\/\/alfakherwelt.de\/pt\/wp-json\/wp\/v2\/comments?post=422"}],"wp:featuredmedia":[{"embeddable":true,"href":"https:\/\/alfakherwelt.de\/pt\/wp-json\/wp\/v2\/media\/423"}],"wp:attachment":[{"href":"https:\/\/alfakherwelt.de\/pt\/wp-json\/wp\/v2\/media?parent=422"}],"wp:term":[{"taxonomy":"product_brand","embeddable":true,"href":"https:\/\/alfakherwelt.de\/pt\/wp-json\/wp\/v2\/product_brand?post=422"},{"taxonomy":"product_cat","embeddable":true,"href":"https:\/\/alfakherwelt.de\/pt\/wp-json\/wp\/v2\/product_cat?post=422"},{"taxonomy":"product_tag","embeddable":true,"href":"https:\/\/alfakherwelt.de\/pt\/wp-json\/wp\/v2\/product_tag?post=422"}],"curies":[{"name":"wp","href":"https:\/\/api.w.org\/{rel}","templated":true}]}}